{"id":9692,"date":"2017-12-14T08:40:27","date_gmt":"2017-12-14T08:40:27","guid":{"rendered":"http:\/\/divulgaciondinamica.info\/promos\/?page_id=9692"},"modified":"2017-12-18T13:13:23","modified_gmt":"2017-12-18T13:13:23","slug":"curso-de-anorexia-y-bulimia-adolescentes-intervencion-y-prevencion","status":"publish","type":"page","link":"https:\/\/divulgaciondinamica.info\/promos\/curso-de-anorexia-y-bulimia-adolescentes-intervencion-y-prevencion\/","title":{"rendered":"Curso de Anorexia y Bulimia en adolescentes: intervenci\u00f3n y prevenci\u00f3n"},"content":{"rendered":"<p>[vc_row css=\u00bb.vc_custom_1427804811471{margin-top: 25px !important;margin-bottom: 25px !important;}\u00bb][vc_column width=\u00bb2\/3&#8243;][vc_single_image image=\u00bb1573&#8243; img_size=\u00bb661&#215;82&#8243;][\/vc_column][vc_column width=\u00bb1\/3&#8243;][vc_column_text]<\/p>\n<h6 style=\"text-align: right;\"><i class=\"fa fa-whatsapp\"><\/i>\u00a0648 25 89 67<\/h6>\n<p style=\"text-align: right;\"><strong>promotora3@divulgaciondinamica.es<\/strong><\/p>\n<p>[\/vc_column_text][\/vc_column][\/vc_row][vc_row css=\u00bb.vc_custom_1489484355483{margin-top: 25px !important;margin-bottom: 15px !important;}\u00bb][vc_column][vc_custom_heading text=\u00bbCurso Online<br \/>\n\u00bb font_container=\u00bbtag:p|font_size:32|text_align:center|color:%230a7aba|line_height:1.1&#8243; google_fonts=\u00bbfont_family:Lato%3A100%2C100italic%2C300%2C300italic%2Cregular%2Citalic%2C700%2C700italic%2C900%2C900italic|font_style:300%20light%20regular%3A300%3Anormal\u00bb css=\u00bb.vc_custom_1490955635731{margin-bottom: 15px !important;}\u00bb][vc_custom_heading text=\u00bbAnorexia y Bulimia en adolescentes: intervenci\u00f3n y prevenci\u00f3n\u00bb font_container=\u00bbtag:h1|font_size:38|text_align:center|color:%230a7aba|line_height:1.1&#8243; google_fonts=\u00bbfont_family:Lato%3A100%2C100italic%2C300%2C300italic%2Cregular%2Citalic%2C700%2C700italic%2C900%2C900italic|font_style:900%20bold%20regular%3A900%3Anormal\u00bb css=\u00bb.vc_custom_1513153375155{margin-bottom: 15px !important;}\u00bb][\/vc_column][\/vc_row][vc_row][vc_column][vc_column_text]<img loading=\"lazy\" class=\"alignleft wp-image-2596 size-full\" title=\"Recursos Humanos y Gesti\u00f3n de Personas\" src=\"http:\/\/divulgaciondinamica.info\/promos\/wp-content\/uploads\/2017\/12\/curso-anorexia-y-bulimia-adolescentes_01.jpg\" alt=\"Curso de Recursos Humanos y Gesti\u00f3n de Personas Online\" width=\"643\" height=\"434\" \/><a href=\"http:\/\/divulgaciondinamica.es\/secretariainfo\/alumnos\/form\/973\/\" target=\"_blank\"><img loading=\"lazy\" class=\"alignleft wp-image-9693 size-full\" title=\"Solicita informaci\u00f3n del curso de Recursos Humanos y Gesti\u00f3n de Personas\" src=\"http:\/\/divulgaciondinamica.info\/promos\/wp-content\/uploads\/2017\/12\/ANOREXIA_INFO_02.png\" alt=\"\" width=\"417\" height=\"434\" \/><\/a>[\/vc_column_text][\/vc_column][\/vc_row][vc_row css=\u00bb.vc_custom_1427804437681{margin-top: 35px !important;margin-bottom: 35px !important;}\u00bb][vc_column width=\u00bb1\/4&#8243;][vc_single_image image=\u00bb59&#8243; img_size=\u00bb250&#215;195&#8243; alignment=\u00bbcenter\u00bb][\/vc_column][vc_column width=\u00bb1\/4&#8243;][vc_single_image image=\u00bb60&#8243; img_size=\u00bb250&#215;195&#8243; alignment=\u00bbcenter\u00bb][\/vc_column][vc_column width=\u00bb1\/4&#8243;][vc_single_image image=\u00bb61&#8243; img_size=\u00bb250&#215;195&#8243; alignment=\u00bbcenter\u00bb][\/vc_column][vc_column width=\u00bb1\/4&#8243;][vc_single_image image=\u00bb9699&#8243; img_size=\u00bb250&#215;195&#8243; alignment=\u00bbcenter\u00bb][\/vc_column][\/vc_row][vc_row][vc_column][vc_column_text]<br \/>\n[\/vc_column_text][\/vc_column][\/vc_row][vc_row css=\u00bb.vc_custom_1427805189823{margin-top: 35px !important;margin-bottom: 35px !important;}\u00bb][vc_column width=\u00bb1\/2&#8243;][vc_column_text css=\u00bb.vc_custom_1513076605255{margin-bottom: 30px !important;}\u00bb]<\/p>\n<div id=\"stcpDiv\" style=\"text-align: justify;\">\n<h3 style=\"text-align: left;\" align=\"justify\">Presentaci\u00f3n del Curso:<\/h3>\n<p>&nbsp;<\/p>\n<p>Los trastornos de la conducta alimentaria son enfermedades de causa multifactorial originados por la interacci\u00f3n de factores biol\u00f3gicos, psicol\u00f3gicos, familiares y socioculturales que se caracterizan por comportamientos inapropiados para perder peso o evitar la ganancia del mismo.<\/p>\n<p>En los TCA la detecci\u00f3n precoz mejora el pron\u00f3stico y reduce el tiempo de tratamiento sin embargo, la identificaci\u00f3n temprana de los mismos no siempre es f\u00e1cil ya que son trastornos que no se presenta con la misma gravedad en todos los pacientes y sus manifestaciones no se presentan desde el inicio del trastorno. Adem\u00e1s, las preocupaciones referidas al peso y las dietas son preocupaciones muy generalizadas y frecuentes en la sociedad actual.<\/p>\n<p>Desde esta perspectiva, el curso que presentamos de\u00a0Anorexia y Bulimia en adolescentes abarca aquellos conocimientos te\u00f3ricos relacionados con el diagn\u00f3stico diferencial de los TCA as\u00ed como pautas psicoeducativa de aplicaci\u00f3n en el \u00e1mbito familiar y escolar que incidan sobre una temprana detecci\u00f3n en intervenci\u00f3n en casos de TCA.<\/p>\n<p><img loading=\"lazy\" class=\"alignleft size-full wp-image-53\" src=\"http:\/\/divulgaciondinamica.info\/promos\/wp-content\/uploads\/2015\/03\/diploma-digital1.png\" alt=\"diploma-digital\" width=\"479\" height=\"322\" srcset=\"https:\/\/divulgaciondinamica.info\/promos\/wp-content\/uploads\/2015\/03\/diploma-digital1.png 479w, https:\/\/divulgaciondinamica.info\/promos\/wp-content\/uploads\/2015\/03\/diploma-digital1-300x202.png 300w\" sizes=\"(max-width: 479px) 100vw, 479px\" \/><\/p>\n<p style=\"text-align: left;\" align=\"justify\">\n<\/div>\n<p>[\/vc_column_text][\/vc_column][vc_column width=\u00bb1\/2&#8243;][vc_column_text]<\/p>\n<div id=\"stcpDiv\">\n<h3 style=\"text-align: left;\" align=\"justify\">Temario del Curso:<\/h3>\n<p>&nbsp;<\/p>\n<div id=\"stcpDiv\">\n<div id=\"stcpDiv\">\n<div id=\"stcpDiv\">\n<div id=\"stcpDiv\">\n<p><strong>1. TRASTORNOS DE LA CONDUCTA ALIMENTARIA<\/strong><\/p>\n<p>1.1. \u00bfQu\u00e9 son los trastornos de la conducta alimentaria?<br \/>\n1.2. Etiolog\u00eda de los TCA : factores de riesgo<br \/>\n1.3. Detecci\u00f3n de h\u00e1bitos de riesgos y casos de TCA<\/p>\n<p><strong>2. INTERVENCI\u00d3N EN LOS TRASTORNOS DE LA CONDUCTA ALIMENTARIA<\/strong><\/p>\n<p>2.1. Principales se\u00f1ales de alarma: c\u00f3mo saber si es necesario pedir ayuda profesional<br \/>\n2.2. Si sospechamos de un posible TCA \u00bfqu\u00e9 pasos debemos seguir?<br \/>\n2.3. Aceptando el TCA<br \/>\n2.4. Tratamiento en los trastornos de la conducta alimentaria<\/p>\n<p><strong>3.PREVENCI\u00d3N DE LOS TRASTORNOS DE LA CONDUCTA ALIMENTARIA<\/strong><\/p>\n<p>3.1. La prevenci\u00f3n de los trastornos de la conducta alimentaria<br \/>\n3.2. Los programas de prevenci\u00f3n<br \/>\n3.3. A t\u00edtulo de ejemplo: programa de prevenci\u00f3n de trastornos de alimentaci\u00f3n<\/p>\n<\/div>\n<\/div>\n<\/div>\n<\/div>\n<\/div>\n<p>[\/vc_column_text][\/vc_column][\/vc_row][vc_row css=\u00bb.vc_custom_1427806970509{margin-top: 35px !important;margin-bottom: 35px !important;}\u00bb][vc_column][vc_column_text]<\/p>\n<p style=\"text-align: center;\"><a class=\"vc_btn vc_btn_orange vc_btn-orange vc_btn_lg vc_btn-lg vc_btn_rounded\" title=\"\" href=\"http:\/\/divulgaciondinamica.es\/secretariainfo\/alumnos\/form\/973\/\" target=\"_blank\">M\u00c1S INFORMACI\u00d3N<\/a><\/p>\n<p>[\/vc_column_text][\/vc_column][\/vc_row]<\/p>\n","protected":false},"excerpt":{"rendered":"<p>[vc_row css=\u00bb.vc_custom_1427804811471{margin-top: 25px !important;margin-bottom: 25px !important;}\u00bb][vc_column width=\u00bb2\/3&#8243;][vc_single_image image=\u00bb1573&#8243; img_size=\u00bb661&#215;82&#8243;][\/vc_column][vc_column width=\u00bb1\/3&#8243;][vc_column_text] \u00a0648 25 89 67 promotora3@divulgaciondinamica.es [\/vc_column_text][\/vc_column][\/vc_row][vc_row css=\u00bb.vc_custom_1489484355483{margin-top: 25px !important;margin-bottom: 15px !important;}\u00bb][vc_column][vc_custom_heading text=\u00bbCurso Online \u00bb font_container=\u00bbtag:p|font_size:32|text_align:center|color:%230a7aba|line_height:1.1&#8243; google_fonts=\u00bbfont_family:Lato%3A100%2C100italic%2C300%2C300italic%2Cregular%2Citalic%2C700%2C700italic%2C900%2C900italic|font_style:300%20light%20regular%3A300%3Anormal\u00bb css=\u00bb.vc_custom_1490955635731{margin-bottom: 15px !important;}\u00bb][vc_custom_heading text=\u00bbAnorexia y Bulimia en adolescentes: intervenci\u00f3n y prevenci\u00f3n\u00bb font_container=\u00bbtag:h1|font_size:38|text_align:center|color:%230a7aba|line_height:1.1&#8243; google_fonts=\u00bbfont_family:Lato%3A100%2C100italic%2C300%2C300italic%2Cregular%2Citalic%2C700%2C700italic%2C900%2C900italic|font_style:900%20bold%20regular%3A900%3Anormal\u00bb css=\u00bb.vc_custom_1513153375155{margin-bottom:<\/p>\n","protected":false},"author":1,"featured_media":0,"parent":0,"menu_order":0,"comment_status":"closed","ping_status":"closed","template":"","meta":[],"yoast_head":"<!-- This site is optimized with the Yoast SEO plugin v15.7 - https:\/\/yoast.com\/wordpress\/plugins\/seo\/ -->\n<title>Curso de Anorexia y Bulimia en adolescentes: intervenci\u00f3n y prevenci\u00f3n - Divulgaci\u00f3n Din\u00e1mica<\/title>\n<meta name=\"robots\" content=\"index, follow, max-snippet:-1, max-image-preview:large, max-video-preview:-1\" \/>\n<link rel=\"canonical\" href=\"https:\/\/divulgaciondinamica.info\/promos\/curso-de-anorexia-y-bulimia-adolescentes-intervencion-y-prevencion\/\" \/>\n<meta property=\"og:locale\" content=\"es_ES\" \/>\n<meta property=\"og:type\" content=\"article\" \/>\n<meta property=\"og:title\" content=\"Curso Anorexia y Bulimia en adolescentes\" \/>\n<meta property=\"og:description\" content=\"Modalidad 100% online. Duraci\u00f3n 120h.\/ 5 semanas. Diploma Certificado y Acreditado. Contenidos descargables en formato PDF. Inscr\u00edbete AHORA y paga SOLO las Tasas Administrativas (74\u20ac)\" \/>\n<meta property=\"og:url\" content=\"https:\/\/divulgaciondinamica.info\/promos\/curso-de-anorexia-y-bulimia-adolescentes-intervencion-y-prevencion\/\" \/>\n<meta property=\"og:site_name\" content=\"Divulgaci\u00f3n Din\u00e1mica\" \/>\n<meta property=\"article:publisher\" content=\"https:\/\/www.facebook.com\/divulgaciondinamicaformacion\/\" \/>\n<meta property=\"article:modified_time\" content=\"2017-12-18T13:13:23+00:00\" \/>\n<meta property=\"og:image\" content=\"https:\/\/divulgaciondinamica.info\/promos\/wp-content\/uploads\/2017\/12\/CP_Anorexia_Bulimia_adolescentes.png\" \/>\n\t<meta property=\"og:image:width\" content=\"720\" \/>\n\t<meta property=\"og:image:height\" content=\"378\" \/>\n<meta name=\"twitter:card\" content=\"summary_large_image\" \/>\n<meta name=\"twitter:site\" content=\"@divulgaciond\" \/>\n<meta name=\"twitter:label1\" content=\"Tiempo de lectura\">\n\t<meta name=\"twitter:data1\" content=\"3 minutos\">\n<script type=\"application\/ld+json\" class=\"yoast-schema-graph\">{\"@context\":\"https:\/\/schema.org\",\"@graph\":[{\"@type\":\"Organization\",\"@id\":\"https:\/\/divulgaciondinamica.info\/promos\/#organization\",\"name\":\"Divulgaci\\u00f3n Din\\u00e1mica S.L.\",\"url\":\"https:\/\/divulgaciondinamica.info\/promos\/\",\"sameAs\":[\"https:\/\/www.facebook.com\/divulgaciondinamicaformacion\/\",\"https:\/\/www.instagram.com\/divulgaciondinamica\",\"https:\/\/www.linkedin.com\/company-beta\/9490428\/\",\"https:\/\/www.youtube.com\/user\/ddinamica2010\",\"https:\/\/twitter.com\/divulgaciond\"],\"logo\":{\"@type\":\"ImageObject\",\"@id\":\"https:\/\/divulgaciondinamica.info\/promos\/#logo\",\"inLanguage\":\"es\",\"url\":\"https:\/\/divulgaciondinamica.info\/promos\/wp-content\/uploads\/2016\/02\/logo-divulgaciondinamica-ddf.png\",\"width\":400,\"height\":79,\"caption\":\"Divulgaci\\u00f3n Din\\u00e1mica S.L.\"},\"image\":{\"@id\":\"https:\/\/divulgaciondinamica.info\/promos\/#logo\"}},{\"@type\":\"WebSite\",\"@id\":\"https:\/\/divulgaciondinamica.info\/promos\/#website\",\"url\":\"https:\/\/divulgaciondinamica.info\/promos\/\",\"name\":\"Divulgaci\\u00f3n Din\\u00e1mica\",\"description\":\"Formaci\\u00f3n de calidad al alcance de todos\",\"publisher\":{\"@id\":\"https:\/\/divulgaciondinamica.info\/promos\/#organization\"},\"potentialAction\":[{\"@type\":\"SearchAction\",\"target\":\"https:\/\/divulgaciondinamica.info\/promos\/?s={search_term_string}\",\"query-input\":\"required name=search_term_string\"}],\"inLanguage\":\"es\"},{\"@type\":\"ImageObject\",\"@id\":\"https:\/\/divulgaciondinamica.info\/promos\/curso-de-anorexia-y-bulimia-adolescentes-intervencion-y-prevencion\/#primaryimage\",\"inLanguage\":\"es\",\"url\":\"http:\/\/divulgaciondinamica.info\/promos\/wp-content\/uploads\/2017\/12\/curso-anorexia-y-bulimia-adolescentes_01.jpg\"},{\"@type\":\"WebPage\",\"@id\":\"https:\/\/divulgaciondinamica.info\/promos\/curso-de-anorexia-y-bulimia-adolescentes-intervencion-y-prevencion\/#webpage\",\"url\":\"https:\/\/divulgaciondinamica.info\/promos\/curso-de-anorexia-y-bulimia-adolescentes-intervencion-y-prevencion\/\",\"name\":\"Curso de Anorexia y Bulimia en adolescentes: intervenci\\u00f3n y prevenci\\u00f3n - Divulgaci\\u00f3n Din\\u00e1mica\",\"isPartOf\":{\"@id\":\"https:\/\/divulgaciondinamica.info\/promos\/#website\"},\"primaryImageOfPage\":{\"@id\":\"https:\/\/divulgaciondinamica.info\/promos\/curso-de-anorexia-y-bulimia-adolescentes-intervencion-y-prevencion\/#primaryimage\"},\"datePublished\":\"2017-12-14T08:40:27+00:00\",\"dateModified\":\"2017-12-18T13:13:23+00:00\",\"inLanguage\":\"es\",\"potentialAction\":[{\"@type\":\"ReadAction\",\"target\":[\"https:\/\/divulgaciondinamica.info\/promos\/curso-de-anorexia-y-bulimia-adolescentes-intervencion-y-prevencion\/\"]}]}]}<\/script>\n<!-- \/ Yoast SEO plugin. -->","_links":{"self":[{"href":"https:\/\/divulgaciondinamica.info\/promos\/wp-json\/wp\/v2\/pages\/9692"}],"collection":[{"href":"https:\/\/divulgaciondinamica.info\/promos\/wp-json\/wp\/v2\/pages"}],"about":[{"href":"https:\/\/divulgaciondinamica.info\/promos\/wp-json\/wp\/v2\/types\/page"}],"author":[{"embeddable":true,"href":"https:\/\/divulgaciondinamica.info\/promos\/wp-json\/wp\/v2\/users\/1"}],"replies":[{"embeddable":true,"href":"https:\/\/divulgaciondinamica.info\/promos\/wp-json\/wp\/v2\/comments?post=9692"}],"version-history":[{"count":5,"href":"https:\/\/divulgaciondinamica.info\/promos\/wp-json\/wp\/v2\/pages\/9692\/revisions"}],"predecessor-version":[{"id":9774,"href":"https:\/\/divulgaciondinamica.info\/promos\/wp-json\/wp\/v2\/pages\/9692\/revisions\/9774"}],"wp:attachment":[{"href":"https:\/\/divulgaciondinamica.info\/promos\/wp-json\/wp\/v2\/media?parent=9692"}],"curies":[{"name":"wp","href":"https:\/\/api.w.org\/{rel}","templated":true}]}}