{"id":96,"date":"2015-04-08T08:56:30","date_gmt":"2015-04-08T08:56:30","guid":{"rendered":"http:\/\/divulgaciondinamica.info\/promos\/?page_id=96"},"modified":"2015-04-08T11:42:09","modified_gmt":"2015-04-08T11:42:09","slug":"master-en-prevencion-y-atencion-de-conflictos-sociales","status":"publish","type":"page","link":"https:\/\/divulgaciondinamica.info\/promos\/master-en-prevencion-y-atencion-de-conflictos-sociales\/","title":{"rendered":"M\u00e1ster en Prevenci\u00f3n y Atenci\u00f3n de Conflictos Sociales"},"content":{"rendered":"<p>[vc_row css=\u00bb.vc_custom_1427804811471{margin-top: 25px !important;margin-bottom: 25px !important;}\u00bb][vc_column width=\u00bb1\/2&#8243;][vc_single_image image=\u00bb24&#8243; border_color=\u00bbgrey\u00bb img_link_target=\u00bb_self\u00bb img_size=\u00bb266&#215;82&#8243;][\/vc_column][vc_column width=\u00bb1\/2&#8243;][vc_column_text]<\/p>\n<h5 style=\"text-align: right;\"><strong>628 55 24 15<br \/>\n<\/strong><\/h5>\n<p style=\"text-align: right;\"><strong>soporte3@divulgaciondinamica.es<\/strong><\/p>\n<p>[\/vc_column_text][\/vc_column][\/vc_row][vc_row][vc_column width=\u00bb1\/1&#8243;][vc_column_text]<img loading=\"lazy\" class=\"alignleft wp-image-102 size-full\" src=\"http:\/\/divulgaciondinamica.info\/promos\/wp-content\/uploads\/2015\/04\/imagen-prevencion-atencion-conflictos.jpg\" alt=\"\" width=\"643\" height=\"434\" srcset=\"https:\/\/divulgaciondinamica.info\/promos\/wp-content\/uploads\/2015\/04\/imagen-prevencion-atencion-conflictos.jpg 643w, https:\/\/divulgaciondinamica.info\/promos\/wp-content\/uploads\/2015\/04\/imagen-prevencion-atencion-conflictos-300x202.jpg 300w\" sizes=\"(max-width: 643px) 100vw, 643px\" \/><a href=\"http:\/\/www.divulgaciondinamica.es\/secretaria\/alumnos\/form\/80\/\"><img loading=\"lazy\" class=\"alignleft wp-image-103 size-full\" src=\"http:\/\/divulgaciondinamica.info\/promos\/wp-content\/uploads\/2015\/04\/informacion-prevencion-y-atencion-conflictos-sociales.png\" alt=\"\" width=\"417\" height=\"434\" srcset=\"https:\/\/divulgaciondinamica.info\/promos\/wp-content\/uploads\/2015\/04\/informacion-prevencion-y-atencion-conflictos-sociales.png 417w, https:\/\/divulgaciondinamica.info\/promos\/wp-content\/uploads\/2015\/04\/informacion-prevencion-y-atencion-conflictos-sociales-288x300.png 288w\" sizes=\"(max-width: 417px) 100vw, 417px\" \/><\/a>[\/vc_column_text][\/vc_column][\/vc_row][vc_row css=\u00bb.vc_custom_1427804437681{margin-top: 35px !important;margin-bottom: 35px !important;}\u00bb][vc_column width=\u00bb1\/4&#8243;][vc_single_image image=\u00bb35&#8243; alignment=\u00bbcenter\u00bb border_color=\u00bbgrey\u00bb img_link_target=\u00bb_self\u00bb img_size=\u00bb250&#215;195&#8243;][\/vc_column][vc_column width=\u00bb1\/4&#8243;][vc_single_image image=\u00bb36&#8243; alignment=\u00bbcenter\u00bb border_color=\u00bbgrey\u00bb img_link_target=\u00bb_self\u00bb img_size=\u00bb250&#215;195&#8243;][\/vc_column][vc_column width=\u00bb1\/4&#8243;][vc_single_image image=\u00bb37&#8243; alignment=\u00bbcenter\u00bb border_color=\u00bbgrey\u00bb img_link_target=\u00bb_self\u00bb img_size=\u00bb250&#215;195&#8243;][\/vc_column][vc_column width=\u00bb1\/4&#8243;][vc_single_image image=\u00bb98&#8243; alignment=\u00bbcenter\u00bb border_color=\u00bbgrey\u00bb img_link_target=\u00bb_self\u00bb img_size=\u00bb250&#215;195&#8243;][\/vc_column][\/vc_row][vc_row][vc_column width=\u00bb1\/1&#8243;][\/vc_column][\/vc_row][vc_row css=\u00bb.vc_custom_1427805189823{margin-top: 35px !important;margin-bottom: 35px !important;}\u00bb][vc_column width=\u00bb1\/2&#8243;][vc_column_text css=\u00bb.vc_custom_1428483489392{margin-bottom: 30px !important;}\u00bb]<\/p>\n<div id=\"stcpDiv\">\n<h3 style=\"text-align: left;\" align=\"justify\">Presentaci\u00f3n del M\u00e1ster:<\/h3>\n<p>&nbsp;<\/p>\n<p>Resolver y prevenir situaciones conflictivas es clave ya que la actual sociedad, cada vez m\u00e1s diversa a todos los niveles requiere tanto gestionar esta diversidad para la participaci\u00f3n e implicaci\u00f3n de toda la comunidad como el establecimiento de formas de solucionar los conflictos y problemas de convivencia. Las sociedades democr\u00e1ticas han conseguido en estos \u00faltimos a\u00f1os un conjunto de libertades que permiten a sus ciudadanos disfrutar de nuevos \u00e1mbitos de bienestar, pero que, a su vez, generan nuevos desajustes entre las personas que dan lugar a multitud de conflictos. Esta din\u00e1mica social produce que la prevenci\u00f3n y resoluci\u00f3n de conflictos sea actualmente una delas \u00e1reas m\u00e1s demandas para la formaci\u00f3n de los agente sociales que act\u00faan en \u00e1mbitos tan distintos como la empresa, la familia, el barrio, la escuela, &#8230;<\/p>\n<p>Desde un modelo de resoluci\u00f3n de conflictos comunitario, en donde se parte de la necesidad de participaci\u00f3n y dinamizaci\u00f3n social para descubrir las causas y or\u00edgenes de los conflictos para solucionarlos desde la propia comunidad mucho antes de que aparezcan, el temario que presentamos permite a los t\u00e9cnicos de la intervenci\u00f3n social y comunitaria utilizar t\u00e9cnicas y herramientas comunitarias basadas en el di\u00e1logo y en la participaci\u00f3n social cuya derivaci\u00f3n final es la mejora de la convivencia comunitaria.<br \/>\n<img loading=\"lazy\" class=\"alignleft size-full wp-image-53\" src=\"http:\/\/divulgaciondinamica.info\/promos\/wp-content\/uploads\/2015\/03\/diploma-digital1.png\" alt=\"diploma-digital\" width=\"479\" height=\"322\" srcset=\"https:\/\/divulgaciondinamica.info\/promos\/wp-content\/uploads\/2015\/03\/diploma-digital1.png 479w, https:\/\/divulgaciondinamica.info\/promos\/wp-content\/uploads\/2015\/03\/diploma-digital1-300x202.png 300w\" sizes=\"(max-width: 479px) 100vw, 479px\" \/><\/p>\n<p style=\"text-align: left;\" align=\"justify\">\n<\/div>\n<p>[\/vc_column_text][\/vc_column][vc_column width=\u00bb1\/2&#8243;][vc_column_text]<\/p>\n<div id=\"stcpDiv\">\n<h3 style=\"text-align: left;\" align=\"justify\">Temario del M\u00e1ster:<\/h3>\n<p>&nbsp;<\/p>\n<div id=\"stcpDiv\">\n<p><strong>1. PREVENCI\u00d3N DE CONFLICTOS<\/strong><\/p>\n<p>1.1 Concepto y tipolog\u00eda del conflicto<br \/>\n1.2 Estilos de comportamiento ante el conflicto<br \/>\n1.3 Estrategia de la prevenci\u00f3n de conflictos &#8211; Prevenci\u00f3n de conflictos comunitarios<br \/>\n1.4 Programas preventivos de resiliencia<\/p>\n<p><strong>2. RESOLUCI\u00d3N DE CONFLICTOS<\/strong><\/p>\n<p>2.1 Reuniendo los materiales para entender el conflicto<br \/>\n2.2 Analizando el conflicto. Visi\u00f3n hol\u00edstica y espec\u00edfica<br \/>\n2.3 Los m\u00e9todos alternativos de resoluci\u00f3n de disputas<br \/>\n2.4 La mediaci\u00f3n<\/p>\n<p><strong>3. MEDIACI\u00d3N SOCIAL Y COMUNITARIA<\/strong><\/p>\n<p>3.1 Mediaci\u00f3n social y comunitaria<br \/>\n3.2 Mediaci\u00f3n comunitaria como metodolog\u00eda<br \/>\n3.3 An\u00e1lisis de la realidad comunitaria<br \/>\n3.4 Desarrollo y culminaci\u00f3n del proceso de mediaci\u00f3n comunitaria<br \/>\n3.5 Evaluaci\u00f3n de los procesos de mediaci\u00f3n comunitaria<\/p>\n<p><strong>4. METODOLOGIAS Y T\u00c9CNICAS DE PARTICIPACI\u00d3N SOCIAL<\/strong><\/p>\n<p>4.1 T\u00e9cnicas de participaci\u00f3n. Metodolog\u00edas participativas<br \/>\n4.2 Consideraciones importantes para el uso de las t\u00e9cnicas<br \/>\n4.3 T\u00e9cnicas de presentaci\u00f3n. T\u00e9cnicas de dinamizaci\u00f3n<br \/>\n4.4 T\u00e9cnicas de an\u00e1lisis. T\u00e9cnicas de evaluaci\u00f3n<br \/>\n4.5 T\u00e9cnicas orales individuales. T\u00e9cnicas orales colectivas<br \/>\n4.6 Apreciaci\u00f3n Influencia control. Proceso de consulta<br \/>\n4.7 B\u00fasqueda del futuro. Marco L\u00f3gico. Espacio abierto<br \/>\n4.8 Investigaci\u00f3n-Acci\u00f3n participativa<br \/>\n4.9 Evaluaci\u00f3n rural participativa<\/p>\n<p><strong>5. PARTICIPACI\u00d3N CIUDADANA<\/strong><\/p>\n<p>5.1 Tipos de participaci\u00f3n. Niveles de participaci\u00f3n ciudadana<br \/>\n5.2 La escalera de participaci\u00f3n<br \/>\n5.3 Factores modulares de la participaci\u00f3n. Fines de la participaci\u00f3n ciudadana<br \/>\n5.4 Tipolog\u00eda de m\u00e9todos de participaci\u00f3n<br \/>\n5.5 Marco legal del voluntariado. Voluntariado y tercer sector<\/p>\n<p><strong>6. DINAMIZACI\u00d3N COMUNITARIA<\/strong><\/p>\n<p>6.1 Acci\u00f3n comunitaria<br \/>\n6.2 Administraciones e instituciones<br \/>\n6.3 Agentes sociales, profesionales y t\u00e9cnicos<br \/>\n6.4 Planes comunitarios<br \/>\n6.5 Empowerment o potenciaci\u00f3n<br \/>\n6.6 El papel del profesional en potenciaci\u00f3n<br \/>\n6.7 Estrategias de potenciaci\u00f3n<br \/>\n6.8 La investigaci\u00f3n-acci\u00f3n participativa<br \/>\n6.9 Enfoque del marco l\u00f3gico<\/p>\n<p><strong>7. EDUCACI\u00d3N SOCIAL Y DESARROLLO COMUNITARIO<\/strong><\/p>\n<p>7.1 Educaci\u00f3n social y desarrollo comunitario<br \/>\n7.2 La comunidad como territorio de intervenci\u00f3n<br \/>\n7.3 El tercer sector y la educaci\u00f3n social<\/p>\n<p><strong>8. EDUCACI\u00d3N PARA EL DESARROLLO Y COOPERACI\u00d3N<\/strong><\/p>\n<p>8.1 Educaci\u00f3n para el desarrollo<br \/>\n8.2 Dimensi\u00f3n pedag\u00f3gica de la educaci\u00f3n para el desarrollo<br \/>\n8.3 Proyectos de educaci\u00f3n<\/p>\n<p><strong>+ CUADERNO DE CASOS PR\u00c1CTICOS<\/strong><\/p>\n<\/div>\n<\/div>\n<p>[\/vc_column_text][\/vc_column][\/vc_row][vc_row css=\u00bb.vc_custom_1427806970509{margin-top: 35px !important;margin-bottom: 35px !important;}\u00bb][vc_column width=\u00bb1\/1&#8243;][vc_column_text]<\/p>\n<p style=\"text-align: center;\"><a class=\"vc_btn vc_btn_orange vc_btn-orange vc_btn_lg vc_btn-lg vc_btn_rounded\" title=\"\" href=\"http:\/\/www.divulgaciondinamica.es\/secretaria\/alumnos\/form\/80\/\" target=\"_self\">INSCRIPCI\u00d3N<\/a><\/p>\n<p>[\/vc_column_text][\/vc_column][\/vc_row]<\/p>\n","protected":false},"excerpt":{"rendered":"<p>[vc_row css=\u00bb.vc_custom_1427804811471{margin-top: 25px !important;margin-bottom: 25px !important;}\u00bb][vc_column width=\u00bb1\/2&#8243;][vc_single_image image=\u00bb24&#8243; border_color=\u00bbgrey\u00bb img_link_target=\u00bb_self\u00bb img_size=\u00bb266&#215;82&#8243;][\/vc_column][vc_column width=\u00bb1\/2&#8243;][vc_column_text] 628 55 24 15 soporte3@divulgaciondinamica.es [\/vc_column_text][\/vc_column][\/vc_row][vc_row][vc_column width=\u00bb1\/1&#8243;][vc_column_text][\/vc_column_text][\/vc_column][\/vc_row][vc_row css=\u00bb.vc_custom_1427804437681{margin-top: 35px !important;margin-bottom: 35px !important;}\u00bb][vc_column width=\u00bb1\/4&#8243;][vc_single_image image=\u00bb35&#8243; alignment=\u00bbcenter\u00bb border_color=\u00bbgrey\u00bb img_link_target=\u00bb_self\u00bb img_size=\u00bb250&#215;195&#8243;][\/vc_column][vc_column width=\u00bb1\/4&#8243;][vc_single_image image=\u00bb36&#8243; alignment=\u00bbcenter\u00bb border_color=\u00bbgrey\u00bb img_link_target=\u00bb_self\u00bb img_size=\u00bb250&#215;195&#8243;][\/vc_column][vc_column width=\u00bb1\/4&#8243;][vc_single_image image=\u00bb37&#8243; alignment=\u00bbcenter\u00bb border_color=\u00bbgrey\u00bb<\/p>\n","protected":false},"author":1,"featured_media":0,"parent":0,"menu_order":0,"comment_status":"closed","ping_status":"closed","template":"","meta":[],"yoast_head":"<!-- This site is optimized with the Yoast SEO plugin v15.7 - https:\/\/yoast.com\/wordpress\/plugins\/seo\/ -->\n<title>M\u00e1ster en Prevenci\u00f3n y Atenci\u00f3n de Conflictos Sociales - Divulgaci\u00f3n Din\u00e1mica<\/title>\n<meta name=\"robots\" content=\"index, follow, max-snippet:-1, max-image-preview:large, max-video-preview:-1\" \/>\n<link rel=\"canonical\" href=\"https:\/\/divulgaciondinamica.info\/promos\/master-en-prevencion-y-atencion-de-conflictos-sociales\/\" \/>\n<meta property=\"og:locale\" content=\"es_ES\" \/>\n<meta property=\"og:type\" content=\"article\" \/>\n<meta property=\"og:title\" content=\"M\u00e1ster en Prevenci\u00f3n y Atenci\u00f3n de Conflictos Sociales - Divulgaci\u00f3n Din\u00e1mica\" \/>\n<meta property=\"og:description\" content=\"[vc_row css=\u00bb.vc_custom_1427804811471{margin-top: 25px !important;margin-bottom: 25px !important;}\u00bb][vc_column width=\u00bb1\/2&#8243;][vc_single_image image=\u00bb24&#8243; border_color=\u00bbgrey\u00bb img_link_target=\u00bb_self\u00bb img_size=\u00bb266&#215;82&#8243;][\/vc_column][vc_column width=\u00bb1\/2&#8243;][vc_column_text] 628 55 24 15 soporte3@divulgaciondinamica.es [\/vc_column_text][\/vc_column][\/vc_row][vc_row][vc_column width=\u00bb1\/1&#8243;][vc_column_text][\/vc_column_text][\/vc_column][\/vc_row][vc_row css=\u00bb.vc_custom_1427804437681{margin-top: 35px !important;margin-bottom: 35px !important;}\u00bb][vc_column width=\u00bb1\/4&#8243;][vc_single_image image=\u00bb35&#8243; alignment=\u00bbcenter\u00bb border_color=\u00bbgrey\u00bb img_link_target=\u00bb_self\u00bb img_size=\u00bb250&#215;195&#8243;][\/vc_column][vc_column width=\u00bb1\/4&#8243;][vc_single_image image=\u00bb36&#8243; alignment=\u00bbcenter\u00bb border_color=\u00bbgrey\u00bb img_link_target=\u00bb_self\u00bb img_size=\u00bb250&#215;195&#8243;][\/vc_column][vc_column width=\u00bb1\/4&#8243;][vc_single_image image=\u00bb37&#8243; alignment=\u00bbcenter\u00bb border_color=\u00bbgrey\u00bb\" \/>\n<meta property=\"og:url\" content=\"https:\/\/divulgaciondinamica.info\/promos\/master-en-prevencion-y-atencion-de-conflictos-sociales\/\" \/>\n<meta property=\"og:site_name\" content=\"Divulgaci\u00f3n Din\u00e1mica\" \/>\n<meta property=\"article:publisher\" content=\"https:\/\/www.facebook.com\/divulgaciondinamicaformacion\/\" \/>\n<meta property=\"article:modified_time\" content=\"2015-04-08T11:42:09+00:00\" \/>\n<meta property=\"og:image\" content=\"http:\/\/divulgaciondinamica.info\/promos\/wp-content\/uploads\/2015\/04\/imagen-prevencion-atencion-conflictos.jpg\" \/>\n<meta name=\"twitter:card\" content=\"summary_large_image\" \/>\n<meta name=\"twitter:site\" content=\"@divulgaciond\" \/>\n<meta name=\"twitter:label1\" content=\"Tiempo de lectura\">\n\t<meta name=\"twitter:data1\" content=\"4 minutos\">\n<script type=\"application\/ld+json\" class=\"yoast-schema-graph\">{\"@context\":\"https:\/\/schema.org\",\"@graph\":[{\"@type\":\"Organization\",\"@id\":\"https:\/\/divulgaciondinamica.info\/promos\/#organization\",\"name\":\"Divulgaci\\u00f3n Din\\u00e1mica S.L.\",\"url\":\"https:\/\/divulgaciondinamica.info\/promos\/\",\"sameAs\":[\"https:\/\/www.facebook.com\/divulgaciondinamicaformacion\/\",\"https:\/\/www.instagram.com\/divulgaciondinamica\",\"https:\/\/www.linkedin.com\/company-beta\/9490428\/\",\"https:\/\/www.youtube.com\/user\/ddinamica2010\",\"https:\/\/twitter.com\/divulgaciond\"],\"logo\":{\"@type\":\"ImageObject\",\"@id\":\"https:\/\/divulgaciondinamica.info\/promos\/#logo\",\"inLanguage\":\"es\",\"url\":\"https:\/\/divulgaciondinamica.info\/promos\/wp-content\/uploads\/2016\/02\/logo-divulgaciondinamica-ddf.png\",\"width\":400,\"height\":79,\"caption\":\"Divulgaci\\u00f3n Din\\u00e1mica S.L.\"},\"image\":{\"@id\":\"https:\/\/divulgaciondinamica.info\/promos\/#logo\"}},{\"@type\":\"WebSite\",\"@id\":\"https:\/\/divulgaciondinamica.info\/promos\/#website\",\"url\":\"https:\/\/divulgaciondinamica.info\/promos\/\",\"name\":\"Divulgaci\\u00f3n Din\\u00e1mica\",\"description\":\"Formaci\\u00f3n de calidad al alcance de todos\",\"publisher\":{\"@id\":\"https:\/\/divulgaciondinamica.info\/promos\/#organization\"},\"potentialAction\":[{\"@type\":\"SearchAction\",\"target\":\"https:\/\/divulgaciondinamica.info\/promos\/?s={search_term_string}\",\"query-input\":\"required name=search_term_string\"}],\"inLanguage\":\"es\"},{\"@type\":\"ImageObject\",\"@id\":\"https:\/\/divulgaciondinamica.info\/promos\/master-en-prevencion-y-atencion-de-conflictos-sociales\/#primaryimage\",\"inLanguage\":\"es\",\"url\":\"http:\/\/divulgaciondinamica.info\/promos\/wp-content\/uploads\/2015\/04\/imagen-prevencion-atencion-conflictos.jpg\"},{\"@type\":\"WebPage\",\"@id\":\"https:\/\/divulgaciondinamica.info\/promos\/master-en-prevencion-y-atencion-de-conflictos-sociales\/#webpage\",\"url\":\"https:\/\/divulgaciondinamica.info\/promos\/master-en-prevencion-y-atencion-de-conflictos-sociales\/\",\"name\":\"M\\u00e1ster en Prevenci\\u00f3n y Atenci\\u00f3n de Conflictos Sociales - Divulgaci\\u00f3n Din\\u00e1mica\",\"isPartOf\":{\"@id\":\"https:\/\/divulgaciondinamica.info\/promos\/#website\"},\"primaryImageOfPage\":{\"@id\":\"https:\/\/divulgaciondinamica.info\/promos\/master-en-prevencion-y-atencion-de-conflictos-sociales\/#primaryimage\"},\"datePublished\":\"2015-04-08T08:56:30+00:00\",\"dateModified\":\"2015-04-08T11:42:09+00:00\",\"inLanguage\":\"es\",\"potentialAction\":[{\"@type\":\"ReadAction\",\"target\":[\"https:\/\/divulgaciondinamica.info\/promos\/master-en-prevencion-y-atencion-de-conflictos-sociales\/\"]}]}]}<\/script>\n<!-- \/ Yoast SEO plugin. -->","_links":{"self":[{"href":"https:\/\/divulgaciondinamica.info\/promos\/wp-json\/wp\/v2\/pages\/96"}],"collection":[{"href":"https:\/\/divulgaciondinamica.info\/promos\/wp-json\/wp\/v2\/pages"}],"about":[{"href":"https:\/\/divulgaciondinamica.info\/promos\/wp-json\/wp\/v2\/types\/page"}],"author":[{"embeddable":true,"href":"https:\/\/divulgaciondinamica.info\/promos\/wp-json\/wp\/v2\/users\/1"}],"replies":[{"embeddable":true,"href":"https:\/\/divulgaciondinamica.info\/promos\/wp-json\/wp\/v2\/comments?post=96"}],"version-history":[{"count":5,"href":"https:\/\/divulgaciondinamica.info\/promos\/wp-json\/wp\/v2\/pages\/96\/revisions"}],"predecessor-version":[{"id":105,"href":"https:\/\/divulgaciondinamica.info\/promos\/wp-json\/wp\/v2\/pages\/96\/revisions\/105"}],"wp:attachment":[{"href":"https:\/\/divulgaciondinamica.info\/promos\/wp-json\/wp\/v2\/media?parent=96"}],"curies":[{"name":"wp","href":"https:\/\/api.w.org\/{rel}","templated":true}]}}