                                                                                                                                                                                        {"id":9540,"date":"2017-11-24T10:23:16","date_gmt":"2017-11-24T10:23:16","guid":{"rendered":"http:\/\/divulgaciondinamica.info\/promos\/?page_id=9540"},"modified":"2017-12-01T11:32:12","modified_gmt":"2017-12-01T11:32:12","slug":"master-competencias-educativas-la-intervencion-menores_lp","status":"publish","type":"page","link":"https:\/\/divulgaciondinamica.info\/promos\/master-competencias-educativas-la-intervencion-menores_lp\/","title":{"rendered":"M\u00e1ster de Competencias Educativas en la Intervenci\u00f3n con Menores_Lp"},"content":{"rendered":"<p>[vc_row css=\u00bb.vc_custom_1509439241201{padding-top: 18px !important;padding-right: 5px !important;padding-bottom: 0px !important;padding-left: 5px !important;background-color: #fd6861 !important;}\u00bb][vc_column][vc_custom_heading text=\u00bbZ O N A O U T L E T\u00bb font_container=\u00bbtag:p|font_size:19|text_align:center|color:%23ffffff\u00bb google_fonts=\u00bbfont_family:Lato%3A100%2C100italic%2C300%2C300italic%2Cregular%2Citalic%2C700%2C700italic%2C900%2C900italic|font_style:900%20bold%20regular%3A900%3Anormal\u00bb][\/vc_column][\/vc_row][vc_row css=\u00bb.vc_custom_1427804811471{margin-top: 25px !important;margin-bottom: 25px !important;}\u00bb][vc_column width=\u00bb2\/3&#8243;][vc_single_image image=\u00bb1573&#8243; img_size=\u00bb661&#215;82&#8243;][\/vc_column][vc_column width=\u00bb1\/3&#8243;][vc_custom_heading text=\u00bbInf\u00f3rmate: 669 10 42 82 \u00bb font_container=\u00bbtag:p|font_size:16|text_align:right|color:%2315b551&#8243; google_fonts=\u00bbfont_family:Lato%3A100%2C100italic%2C300%2C300italic%2Cregular%2Citalic%2C700%2C700italic%2C900%2C900italic|font_style:700%20bold%20regular%3A700%3Anormal\u00bb][vc_row_inner css=\u00bb.vc_custom_1507894679589{margin-top: -5px !important;}\u00bb][vc_column_inner][vc_column_text]<a class=\"whatsapp_3\" target=\"_blank\" href=\"https:\/\/web.whatsapp.com\/send?l=es&phone=34669104282\"><div class=\"whatsapp_3 whatsapp shortcode right\" style=\"background-color: #25d366\"><span class=\"whatsapp_3\"style=\"background-color: #25d366\"><i class=\"whatsapp_3 whatsapp-icon\" style=\"padding-right:0px!important;\"><\/i> Abrir Whatsapp<\/span><\/div><\/a>[\/vc_column_text][\/vc_column_inner][\/vc_row_inner][vc_custom_heading text=\u00bbpromotora10@divulgaciondinamica.es\u00bb font_container=\u00bbtag:p|font_size:15|text_align:right|color:%237c7c7c\u00bb google_fonts=\u00bbfont_family:Lato%3A100%2C100italic%2C300%2C300italic%2Cregular%2Citalic%2C700%2C700italic%2C900%2C900italic|font_style:700%20bold%20regular%3A700%3Anormal\u00bb link=\u00bburl:mailto%3Apromotora10%40divulgaciondinamica.es||\u00bb css=\u00bb.vc_custom_1508138931082{margin-top: 10px !important;}\u00bb][\/vc_column][\/vc_row][vc_row css=\u00bb.vc_custom_1489484355483{margin-top: 25px !important;margin-bottom: 15px !important;}\u00bb][vc_column][vc_custom_heading text=\u00bbM\u00e1ster Online\u00bb font_container=\u00bbtag:h2|font_size:32|text_align:center|color:%230a7aba|line_height:1.1&#8243; google_fonts=\u00bbfont_family:Lato%3A100%2C100italic%2C300%2C300italic%2Cregular%2Citalic%2C700%2C700italic%2C900%2C900italic|font_style:300%20light%20regular%3A300%3Anormal\u00bb css=\u00bb.vc_custom_1489489889526{margin-bottom: 5px !important;}\u00bb][vc_custom_heading text=\u00bbCompetencias Educativas en la Intervenci\u00f3n con Menores\u00bb font_container=\u00bbtag:h2|font_size:38|text_align:center|color:%230a7aba|line_height:1.1&#8243; google_fonts=\u00bbfont_family:Lato%3A100%2C100italic%2C300%2C300italic%2Cregular%2Citalic%2C700%2C700italic%2C900%2C900italic|font_style:900%20bold%20regular%3A900%3Anormal\u00bb css=\u00bb.vc_custom_1511518922540{margin-bottom: 15px !important;}\u00bb][\/vc_column][\/vc_row][vc_row css=\u00bb.vc_custom_1489484502411{margin-top: 25px !important;margin-right: 0px !important;margin-bottom: 15px !important;}\u00bb][vc_column width=\u00bb1\/4&#8243;][vc_row_inner css=\u00bb.vc_custom_1491235165133{margin-top: 2px !important;margin-right: 2px !important;margin-bottom: 2px !important;margin-left: 2px !important;padding-top: 20px !important;padding-right: 5px !important;padding-bottom: 30px !important;padding-left: 5px !important;background-color: #efefef !important;}\u00bb][vc_column_inner][vc_icon icon_fontawesome=\u00bbfa fa-laptop\u00bb color=\u00bbsky\u00bb size=\u00bblg\u00bb align=\u00bbcenter\u00bb css_animation=\u00bbbottom-to-top\u00bb css=\u00bb.vc_custom_1489423953746{margin-bottom: 10px !important;}\u00bb][vc_custom_heading text=\u00bbModalidad:\u00bb font_container=\u00bbtag:h2|font_size:18|text_align:center|color:%230a7aba|line_height:1.2&#8243; google_fonts=\u00bbfont_family:Lato%3A100%2C100italic%2C300%2C300italic%2Cregular%2Citalic%2C700%2C700italic%2C900%2C900italic|font_style:900%20bold%20regular%3A900%3Anormal\u00bb css=\u00bb.vc_custom_1489423549304{margin-bottom: 5px !important;}\u00bb][vc_custom_heading text=\u00bb100% online\u00bb font_container=\u00bbtag:h2|font_size:16|text_align:center|color:%230a7aba|line_height:1.2&#8243; google_fonts=\u00bbfont_family:Lato%3A100%2C100italic%2C300%2C300italic%2Cregular%2Citalic%2C700%2C700italic%2C900%2C900italic|font_style:400%20regular%3A400%3Anormal\u00bb][\/vc_column_inner][\/vc_row_inner][\/vc_column][vc_column width=\u00bb1\/4&#8243;][vc_row_inner css=\u00bb.vc_custom_1491235159565{margin-top: 2px !important;margin-right: 2px !important;margin-bottom: 2px !important;margin-left: 2px !important;padding-top: 20px !important;padding-right: 5px !important;padding-bottom: 30px !important;padding-left: 5px !important;background-color: #efefef !important;}\u00bb][vc_column_inner][vc_icon icon_fontawesome=\u00bbfa fa-clock-o\u00bb color=\u00bbsky\u00bb size=\u00bblg\u00bb align=\u00bbcenter\u00bb css_animation=\u00bbbottom-to-top\u00bb css=\u00bb.vc_custom_1489424050530{margin-bottom: 10px !important;}\u00bb][vc_custom_heading text=\u00bbDuraci\u00f3n:\u00bb font_container=\u00bbtag:h2|font_size:18|text_align:center|color:%230a7aba|line_height:1.2&#8243; google_fonts=\u00bbfont_family:Lato%3A100%2C100italic%2C300%2C300italic%2Cregular%2Citalic%2C700%2C700italic%2C900%2C900italic|font_style:900%20bold%20regular%3A900%3Anormal\u00bb css=\u00bb.vc_custom_1489423553086{margin-bottom: 5px !important;}\u00bb][vc_custom_heading text=\u00bb400 h. \/ 6 meses\u00bb font_container=\u00bbtag:h2|font_size:16|text_align:center|color:%230a7aba|line_height:1.2&#8243; google_fonts=\u00bbfont_family:Lato%3A100%2C100italic%2C300%2C300italic%2Cregular%2Citalic%2C700%2C700italic%2C900%2C900italic|font_style:400%20regular%3A400%3Anormal\u00bb][\/vc_column_inner][\/vc_row_inner][\/vc_column][vc_column width=\u00bb1\/4&#8243;][vc_row_inner css=\u00bb.vc_custom_1491235154390{margin-top: 2px !important;margin-right: 2px !important;margin-bottom: 2px !important;margin-left: 2px !important;padding-top: 20px !important;padding-right: 5px !important;padding-bottom: 30px !important;padding-left: 5px !important;background-color: #efefef !important;}\u00bb][vc_column_inner][vc_icon icon_fontawesome=\u00bbfa fa-calendar\u00bb color=\u00bbsky\u00bb size=\u00bblg\u00bb align=\u00bbcenter\u00bb css_animation=\u00bbbottom-to-top\u00bb css=\u00bb.vc_custom_1489423962381{margin-bottom: 10px !important;}\u00bb][vc_custom_heading text=\u00bbFecha Inicio:\u00bb font_container=\u00bbtag:h2|font_size:18|text_align:center|color:%230a7aba|line_height:1.2&#8243; google_fonts=\u00bbfont_family:Lato%3A100%2C100italic%2C300%2C300italic%2Cregular%2Citalic%2C700%2C700italic%2C900%2C900italic|font_style:900%20bold%20regular%3A900%3Anormal\u00bb css=\u00bb.vc_custom_1489423557331{margin-bottom: 5px !important;}\u00bb][vc_custom_heading text=\u00bb19 \/ diciembre \/ 2017&#8243; font_container=\u00bbtag:h2|font_size:16|text_align:center|color:%230a7aba|line_height:1.2&#8243; google_fonts=\u00bbfont_family:Lato%3A100%2C100italic%2C300%2C300italic%2Cregular%2Citalic%2C700%2C700italic%2C900%2C900italic|font_style:400%20regular%3A400%3Anormal\u00bb][\/vc_column_inner][\/vc_row_inner][\/vc_column][vc_column width=\u00bb1\/4&#8243;][vc_row_inner css=\u00bb.vc_custom_1508402612270{margin-top: 2px !important;margin-right: 2px !important;margin-bottom: 2px !important;margin-left: 2px !important;padding-top: 20px !important;padding-right: 5px !important;padding-bottom: 30px !important;padding-left: 5px !important;background-color: #efefef !important;}\u00bb][vc_column_inner][vc_icon icon_fontawesome=\u00bbfa fa-graduation-cap\u00bb color=\u00bbsky\u00bb size=\u00bblg\u00bb align=\u00bbcenter\u00bb css_animation=\u00bbbottom-to-top\u00bb css=\u00bb.vc_custom_1489423967355{margin-bottom: 10px !important;}\u00bb][vc_custom_heading text=\u00bbTasas Administrativas:\u00bb font_container=\u00bbtag:h2|font_size:18|text_align:center|color:%230a7aba|line_height:1.2&#8243; google_fonts=\u00bbfont_family:Lato%3A100%2C100italic%2C300%2C300italic%2Cregular%2Citalic%2C700%2C700italic%2C900%2C900italic|font_style:900%20bold%20regular%3A900%3Anormal\u00bb css=\u00bb.vc_custom_1489423561127{margin-bottom: 5px !important;}\u00bb][vc_custom_heading text=\u00bbPaga s\u00f3lo 30\u20ac\u00bb font_container=\u00bbtag:h2|font_size:16|text_align:center|color:%230a7aba|line_height:1.2&#8243; google_fonts=\u00bbfont_family:Lato%3A100%2C100italic%2C300%2C300italic%2Cregular%2Citalic%2C700%2C700italic%2C900%2C900italic|font_style:400%20regular%3A400%3Anormal\u00bb][\/vc_column_inner][\/vc_row_inner][\/vc_column][\/vc_row][vc_row][vc_column][vc_column_text]<img loading=\"lazy\" class=\"alignleft wp-image-9547 size-full\" title=\"Educaci\u00f3n Social para Colectivos en Riesgo de Exclusi\u00f3n\" src=\"http:\/\/divulgaciondinamica.info\/promos\/wp-content\/uploads\/2017\/11\/imagen-competencias-educativas-intervenci\u00f3n-menores.jpg\" alt=\"\" width=\"643\" height=\"434\" srcset=\"https:\/\/divulgaciondinamica.info\/promos\/wp-content\/uploads\/2017\/11\/imagen-competencias-educativas-intervenci\u00f3n-menores.jpg 643w, https:\/\/divulgaciondinamica.info\/promos\/wp-content\/uploads\/2017\/11\/imagen-competencias-educativas-intervenci\u00f3n-menores-300x202.jpg 300w\" sizes=\"(max-width: 643px) 100vw, 643px\" \/><iframe style=\"border: 0px solid grey;\" src=\"http:\/\/www.divulgaciondinamica.es\/secretariainfo\/alumnos\/iframe\/948\/\" width=\"417\" height=\"434\" scrolling=\"auto\"><\/iframe>[\/vc_column_text][\/vc_column][\/vc_row][vc_row css=\u00bb.vc_custom_1427804437681{margin-top: 35px !important;margin-bottom: 35px !important;}\u00bb][vc_column width=\u00bb1\/4&#8243;][vc_single_image image=\u00bb5876&#8243; img_size=\u00bb250&#215;195&#8243; alignment=\u00bbcenter\u00bb][\/vc_column][vc_column width=\u00bb1\/4&#8243;][vc_single_image image=\u00bb5877&#8243; img_size=\u00bb250&#215;195&#8243; alignment=\u00bbcenter\u00bb][\/vc_column][vc_column width=\u00bb1\/4&#8243;][vc_single_image image=\u00bb5878&#8243; img_size=\u00bb250&#215;195&#8243; alignment=\u00bbcenter\u00bb][\/vc_column][vc_column width=\u00bb1\/4&#8243;][vc_single_image image=\u00bb9120&#8243; img_size=\u00bb250&#215;195&#8243; alignment=\u00bbcenter\u00bb][\/vc_column][\/vc_row][vc_row][vc_column][\/vc_column][\/vc_row][vc_row css=\u00bb.vc_custom_1427805189823{margin-top: 35px !important;margin-bottom: 35px !important;}\u00bb][vc_column width=\u00bb1\/2&#8243;][vc_custom_heading text=\u00bbPresentaci\u00f3n del M\u00e1ster:\u00bb font_container=\u00bbtag:h2|font_size:26|text_align:left|color:%230a7aba|line_height:1.2&#8243; google_fonts=\u00bbfont_family:Lato%3A100%2C100italic%2C300%2C300italic%2Cregular%2Citalic%2C700%2C700italic%2C900%2C900italic|font_style:900%20bold%20regular%3A900%3Anormal\u00bb css=\u00bb.vc_custom_1489490101728{margin-bottom: 45px !important;}\u00bb][vc_column_text css=\u00bb.vc_custom_1511518902354{margin-bottom: 30px !important;}\u00bb]<\/p>\n<div id=\"stcpDiv\">\n<p>Desde las intervenciones con menores se enmarcan todas aquellas actuaciones individuales o grupales que tienen como objetivo dotar a los menores de conocimientos, habilidades, valores y normas sociales de comportamiento y convivencia esenciales para su proceso de crecimiento personal y socializaci\u00f3n.<\/p>\n<p>Con la finalidad de desarrollar aquellas habilidades t\u00e9cnicas que permitan crear experiencias socioeducativas y de calidad para menores, la formaci\u00f3n que presentamos \u201cCompetencias educativas en la intervenci\u00f3n con menores\u201d ofrece un marco te\u00f3rico y un desarrollo metodol\u00f3gico en base a diferentes competencias educativas b\u00e1sicas reconocidas como prioritarias en el desarrollo de la intervenci\u00f3n socioeducativa con menores en diferentes \u00e1mbitos y ante diferentes necesidades prioritarias de intervenci\u00f3n.<br \/>\n<img loading=\"lazy\" class=\"alignleft size-full wp-image-53\" src=\"http:\/\/divulgaciondinamica.info\/promos\/wp-content\/uploads\/2015\/03\/diploma-digital1.png\" alt=\"diploma-digital\" width=\"479\" height=\"322\" srcset=\"https:\/\/divulgaciondinamica.info\/promos\/wp-content\/uploads\/2015\/03\/diploma-digital1.png 479w, https:\/\/divulgaciondinamica.info\/promos\/wp-content\/uploads\/2015\/03\/diploma-digital1-300x202.png 300w\" sizes=\"(max-width: 479px) 100vw, 479px\" \/><\/p>\n<p style=\"text-align: left;\" align=\"justify\">\n<\/div>\n<p>[\/vc_column_text][\/vc_column][vc_column width=\u00bb1\/2&#8243;][vc_custom_heading text=\u00bbTemario del M\u00e1ster:\u00bb font_container=\u00bbtag:h2|font_size:26|text_align:left|color:%230a7aba|line_height:1.2&#8243; google_fonts=\u00bbfont_family:Lato%3A100%2C100italic%2C300%2C300italic%2Cregular%2Citalic%2C700%2C700italic%2C900%2C900italic|font_style:900%20bold%20regular%3A900%3Anormal\u00bb css=\u00bb.vc_custom_1489490107926{margin-bottom: 45px !important;}\u00bb][vc_column_text]<strong>1. LA INTERVENCI\u00d3N SOCIOEDUCATIVA<\/strong><\/p>\n<p>1.1 \u00bfQu\u00e9 es la intervenci\u00f3n socioeducativa?<br \/>\n1.2 \u00c1mbitos y colectivos de intervenci\u00f3n<\/p>\n<p><strong>2. PLANIFICACI\u00d3N DE LAS INTERVENCIONES<\/strong><\/p>\n<p>2.1 Niveles de planificaci\u00f3n. Ventajas e inconvenientes de la planificaci\u00f3n pro proyectos.<br \/>\n2.2 M\u00e9todos para la planificaci\u00f3n de proyectos de intervenci\u00f3n<br \/>\n2.3 Propuesta de esquema para el dise\u00f1o de proyectos de intervenci\u00f3n<\/p>\n<p><strong>3. HABILIDADES SOCIALES PARA LA INTERVENCI\u00d3N SOCIOEDUCATIVA<\/strong><\/p>\n<p>3.1 Las habilidades sociales. Componentes<br \/>\n3.2 Programas de entrenamiento de las habilidades sociales<br \/>\n3.3 Algunas habilidades sociales relevantes para la intervenci\u00f3n socioeducativa: habilidades de comunicaci\u00f3n. Asertividad. El feedback. La comunicaci\u00f3n no verbal. La inteligencia emocional.<\/p>\n<p><strong>4. RECURSOS Y T\u00c9CNICAS EDUCATIVAS PARA EL CONTROL DE LA CONDUCTA ANTISOCIAL EN LOS CENTROS DE MENORES<\/strong><\/p>\n<p>4.1 La conducta antisocial en j\u00f3venes y adolescentes<br \/>\n4.2 Intervenci\u00f3n socioeducativa en la atenci\u00f3n residencial<br \/>\n4.3 Problemas de conducta en los centros residenciales. Recursos educativos y de control.<br \/>\n4.4 Situaciones de crisis: t\u00e9cnicas de intervenci\u00f3n<\/p>\n<p><strong>5. INTERVENCI\u00d3N SOCIOEDUCATIVA EN LA FAMILIA<\/strong><\/p>\n<p>5.1 La familia<br \/>\n5.2 Intervenci\u00f3n socioeducativa en el contexto familiar<br \/>\n5.3 Ejemplo de intervenci\u00f3n: Familias de personas con discapacidad<br \/>\n5.4 Los malos tratos y situaciones de riesgo a nivel familiar<\/p>\n<p><strong>6. INTERVENCI\u00d3N EN EL \u00c1MBITO ESCOLAR: EDUCACI\u00d3N INCLUSIVA<\/strong><\/p>\n<p>6.1 Atenci\u00f3n escolar a la diversidad<br \/>\n6.2 Principios b\u00e1sicos de atenci\u00f3n a la diversidad desde el \u00e1mbito escolar<br \/>\n6.3 Necesidades educativas especiales. Necesidades espec\u00edficas de apoyo educativo<br \/>\n6.4 Factores socioeducativos de inadaptaci\u00f3n y exclusi\u00f3n social<br \/>\n6.5 Integraci\u00f3n de las minor\u00edas \u00e9tnicas: hacia una educaci\u00f3n intercultural<br \/>\n6.6 Intervenciones socioeducativas inclusivas: Actividades y programas en el \u00e1mbito escolar<br \/>\n6.7 La exclusi\u00f3n digital: responsabilidad desde el \u00e1mbito escolar<\/p>\n<p><strong>7. METODOLOG\u00cdA DE LA INTERVENCI\u00d3N EN PROCESOS EDUCATIVOS INFANTILES Y JUVENILES EN EL TIEMPO LIBRE<\/strong><\/p>\n<p>7.1 Fundamentos de la educaci\u00f3n en el tiempo libre infantil y juvenil<br \/>\n7.2 Procesos educativos y socializadores en la infancia y Juventud<br \/>\n7.3 Desarrollo psicosocial infantil y juvenil en las propuestas de actividades de tiempo libre<br \/>\n7.4 T\u00e9cnicas de intervenci\u00f3n educativa en funci\u00f3n de la diversidad individual y grupal<br \/>\n7.5 T\u00e9cnicas grupales en el desarrollo de actividades<br \/>\n7.6 Propuesta de actividades de tiempo libre infantil<\/p>\n<p><strong>8. HERRAMIENTAS PARA MEJORAR EL TRABAJO INTELECTUAL INFANTIL<\/strong><\/p>\n<p>8.1 Como ense\u00f1ar a estudiar<br \/>\n8.2 Herramientas para mejorar la capacidad de aprender<br \/>\n8.3 T\u00e9cnicas para minimizar el esfuerzo<br \/>\n8.4 Estrategias motivacionales<br \/>\n8.5 Mejora de las competencias vitales: aplicaci\u00f3n de la psicolog\u00eda positiva a la educaci\u00f3n<\/p>\n<p><strong>+ CUADERNO DE CASOS PR\u00c1CTICOS<\/strong>[\/vc_column_text][\/vc_column][\/vc_row][vc_row css=\u00bb.vc_custom_1489484531438{margin-bottom: 60px !important;padding-top: 15px !important;padding-bottom: 5px !important;background-color: #0a7aba !important;}\u00bb][vc_column][vc_row_inner][vc_column_inner width=\u00bb1\/4&#8243;][vc_column_text]\u00a0[\/vc_column_text][\/vc_column_inner][vc_column_inner width=\u00bb1\/2&#8243;][vc_column_text]<\/p>\n<div style=\"text-align: center;\"><iframe style=\"border: 0px solid grey;\" src=\"http:\/\/www.divulgaciondinamica.es\/secretariainfo\/alumnos\/iframe\/948\/\" width=\"417\" height=\"404\" scrolling=\"auto\" align=\"center\"><\/iframe><\/div>\n<p>[\/vc_column_text][\/vc_column_inner][vc_column_inner width=\u00bb1\/4&#8243;][vc_column_text]\u00a0[\/vc_column_text][\/vc_column_inner][\/vc_row_inner][\/vc_column][\/vc_row][vc_row][vc_column width=\u00bb1\/3&#8243;][\/vc_column][vc_column width=\u00bb1\/3&#8243;][vc_custom_heading text=\u00bbInf\u00f3rmate: 669 10 42 82 \u00bb font_container=\u00bbtag:p|font_size:16|text_align:center|color:%2315b551&#8243; google_fonts=\u00bbfont_family:Lato%3A100%2C100italic%2C300%2C300italic%2Cregular%2Citalic%2C700%2C700italic%2C900%2C900italic|font_style:700%20bold%20regular%3A700%3Anormal\u00bb][vc_row_inner css=\u00bb.vc_custom_1507894965808{margin-top: -5px !important;margin-right: 26% !important;}\u00bb][vc_column_inner][vc_column_text]<\/p>\n<div align=\"center\"><a class=\"whatsapp_3\" target=\"_blank\" href=\"https:\/\/web.whatsapp.com\/send?l=es&phone=34669104282\"><div class=\"whatsapp_3 whatsapp shortcode right\" style=\"background-color: #25d366\"><span class=\"whatsapp_3\"style=\"background-color: #25d366\"><i class=\"whatsapp_3 whatsapp-icon\" style=\"padding-right:0px!important;\"><\/i> Abrir Whatsapp<\/span><\/div><\/a><\/div>\n<p>[\/vc_column_text][\/vc_column_inner][\/vc_row_inner][vc_custom_heading text=\u00bbpromotora10@divulgaciondinamica.es\u00bb font_container=\u00bbtag:p|font_size:15|text_align:center|color:%237c7c7c\u00bb google_fonts=\u00bbfont_family:Lato%3A100%2C100italic%2C300%2C300italic%2Cregular%2Citalic%2C700%2C700italic%2C900%2C900italic|font_style:700%20bold%20regular%3A700%3Anormal\u00bb link=\u00bburl:mailto%3Apromotora10%40divulgaciondinamica.es||\u00bb css=\u00bb.vc_custom_1508138919701{margin-top: 10px !important;}\u00bb][\/vc_column][vc_column width=\u00bb1\/3&#8243;][\/vc_column][\/vc_row]<\/p>\n","protected":false},"excerpt":{"rendered":"<p>[vc_row css=\u00bb.vc_custom_1509439241201{padding-top: 18px !important;padding-right: 5px !important;padding-bottom: 0px !important;padding-left: 5px !important;background-color: #fd6861 !important;}\u00bb][vc_column][vc_custom_heading text=\u00bbZ O N A O U T L E T\u00bb font_container=\u00bbtag:p|font_size:19|text_align:center|color:%23ffffff\u00bb google_fonts=\u00bbfont_family:Lato%3A100%2C100italic%2C300%2C300italic%2Cregular%2Citalic%2C700%2C700italic%2C900%2C900italic|font_style:900%20bold%20regular%3A900%3Anormal\u00bb][\/vc_column][\/vc_row][vc_row css=\u00bb.vc_custom_1427804811471{margin-top: 25px !important;margin-bottom: 25px !important;}\u00bb][vc_column width=\u00bb2\/3&#8243;][vc_single_image image=\u00bb1573&#8243; img_size=\u00bb661&#215;82&#8243;][\/vc_column][vc_column width=\u00bb1\/3&#8243;][vc_custom_heading text=\u00bbInf\u00f3rmate: 669 10 42 82 \u00bb font_container=\u00bbtag:p|font_size:16|text_align:right|color:%2315b551&#8243;<\/p>\n","protected":false},"author":1,"featured_media":0,"parent":0,"menu_order":0,"comment_status":"closed","ping_status":"closed","template":"","meta":[],"yoast_head":"<!-- This site is optimized with the Yoast SEO plugin v15.7 - https:\/\/yoast.com\/wordpress\/plugins\/seo\/ -->\n<title>M\u00e1ster de Competencias Educativas en la Intervenci\u00f3n con Menores_Lp - Divulgaci\u00f3n Din\u00e1mica<\/title>\n<meta name=\"robots\" content=\"index, follow, max-snippet:-1, max-image-preview:large, max-video-preview:-1\" \/>\n<link rel=\"canonical\" href=\"https:\/\/divulgaciondinamica.info\/promos\/master-competencias-educativas-la-intervencion-menores_lp\/\" \/>\n<meta property=\"og:locale\" content=\"es_ES\" \/>\n<meta property=\"og:type\" content=\"article\" \/>\n<meta property=\"og:title\" content=\"M\u00e1ster de Competencias Educativas en la Intervenci\u00f3n con Menores_Lp - Divulgaci\u00f3n Din\u00e1mica\" \/>\n<meta property=\"og:description\" content=\"[vc_row css=\u00bb.vc_custom_1509439241201{padding-top: 18px !important;padding-right: 5px !important;padding-bottom: 0px !important;padding-left: 5px !important;background-color: #fd6861 !important;}\u00bb][vc_column][vc_custom_heading text=\u00bbZ O N A O U T L E T\u00bb font_container=\u00bbtag:p|font_size:19|text_align:center|color:%23ffffff\u00bb google_fonts=\u00bbfont_family:Lato%3A100%2C100italic%2C300%2C300italic%2Cregular%2Citalic%2C700%2C700italic%2C900%2C900italic|font_style:900%20bold%20regular%3A900%3Anormal\u00bb][\/vc_column][\/vc_row][vc_row css=\u00bb.vc_custom_1427804811471{margin-top: 25px !important;margin-bottom: 25px !important;}\u00bb][vc_column width=\u00bb2\/3&#8243;][vc_single_image image=\u00bb1573&#8243; img_size=\u00bb661&#215;82&#8243;][\/vc_column][vc_column width=\u00bb1\/3&#8243;][vc_custom_heading text=\u00bbInf\u00f3rmate: 669 10 42 82 \u00bb font_container=\u00bbtag:p|font_size:16|text_align:right|color:%2315b551&#8243;\" \/>\n<meta property=\"og:url\" content=\"https:\/\/divulgaciondinamica.info\/promos\/master-competencias-educativas-la-intervencion-menores_lp\/\" \/>\n<meta property=\"og:site_name\" content=\"Divulgaci\u00f3n Din\u00e1mica\" \/>\n<meta property=\"article:publisher\" content=\"https:\/\/www.facebook.com\/divulgaciondinamicaformacion\/\" \/>\n<meta property=\"article:modified_time\" content=\"2017-12-01T11:32:12+00:00\" \/>\n<meta property=\"og:image\" content=\"http:\/\/divulgaciondinamica.info\/promos\/wp-content\/uploads\/2017\/11\/imagen-competencias-educativas-intervenci\u00f3n-menores.jpg\" \/>\n<meta name=\"twitter:card\" content=\"summary_large_image\" \/>\n<meta name=\"twitter:site\" content=\"@divulgaciond\" \/>\n<meta name=\"twitter:label1\" content=\"Tiempo de lectura\">\n\t<meta name=\"twitter:data1\" content=\"10 minutos\">\n<script type=\"application\/ld+json\" class=\"yoast-schema-graph\">{\"@context\":\"https:\/\/schema.org\",\"@graph\":[{\"@type\":\"Organization\",\"@id\":\"https:\/\/divulgaciondinamica.info\/promos\/#organization\",\"name\":\"Divulgaci\\u00f3n Din\\u00e1mica S.L.\",\"url\":\"https:\/\/divulgaciondinamica.info\/promos\/\",\"sameAs\":[\"https:\/\/www.facebook.com\/divulgaciondinamicaformacion\/\",\"https:\/\/www.instagram.com\/divulgaciondinamica\",\"https:\/\/www.linkedin.com\/company-beta\/9490428\/\",\"https:\/\/www.youtube.com\/user\/ddinamica2010\",\"https:\/\/twitter.com\/divulgaciond\"],\"logo\":{\"@type\":\"ImageObject\",\"@id\":\"https:\/\/divulgaciondinamica.info\/promos\/#logo\",\"inLanguage\":\"es\",\"url\":\"https:\/\/divulgaciondinamica.info\/promos\/wp-content\/uploads\/2016\/02\/logo-divulgaciondinamica-ddf.png\",\"width\":400,\"height\":79,\"caption\":\"Divulgaci\\u00f3n Din\\u00e1mica S.L.\"},\"image\":{\"@id\":\"https:\/\/divulgaciondinamica.info\/promos\/#logo\"}},{\"@type\":\"WebSite\",\"@id\":\"https:\/\/divulgaciondinamica.info\/promos\/#website\",\"url\":\"https:\/\/divulgaciondinamica.info\/promos\/\",\"name\":\"Divulgaci\\u00f3n Din\\u00e1mica\",\"description\":\"Formaci\\u00f3n de calidad al alcance de todos\",\"publisher\":{\"@id\":\"https:\/\/divulgaciondinamica.info\/promos\/#organization\"},\"potentialAction\":[{\"@type\":\"SearchAction\",\"target\":\"https:\/\/divulgaciondinamica.info\/promos\/?s={search_term_string}\",\"query-input\":\"required name=search_term_string\"}],\"inLanguage\":\"es\"},{\"@type\":\"ImageObject\",\"@id\":\"https:\/\/divulgaciondinamica.info\/promos\/master-competencias-educativas-la-intervencion-menores_lp\/#primaryimage\",\"inLanguage\":\"es\",\"url\":\"http:\/\/divulgaciondinamica.info\/promos\/wp-content\/uploads\/2017\/11\/imagen-competencias-educativas-intervenci\\u00f3n-menores.jpg\"},{\"@type\":\"WebPage\",\"@id\":\"https:\/\/divulgaciondinamica.info\/promos\/master-competencias-educativas-la-intervencion-menores_lp\/#webpage\",\"url\":\"https:\/\/divulgaciondinamica.info\/promos\/master-competencias-educativas-la-intervencion-menores_lp\/\",\"name\":\"M\\u00e1ster de Competencias Educativas en la Intervenci\\u00f3n con Menores_Lp - Divulgaci\\u00f3n Din\\u00e1mica\",\"isPartOf\":{\"@id\":\"https:\/\/divulgaciondinamica.info\/promos\/#website\"},\"primaryImageOfPage\":{\"@id\":\"https:\/\/divulgaciondinamica.info\/promos\/master-competencias-educativas-la-intervencion-menores_lp\/#primaryimage\"},\"datePublished\":\"2017-11-24T10:23:16+00:00\",\"dateModified\":\"2017-12-01T11:32:12+00:00\",\"inLanguage\":\"es\",\"potentialAction\":[{\"@type\":\"ReadAction\",\"target\":[\"https:\/\/divulgaciondinamica.info\/promos\/master-competencias-educativas-la-intervencion-menores_lp\/\"]}]}]}<\/script>\n<!-- \/ Yoast SEO plugin. -->","_links":{"self":[{"href":"https:\/\/divulgaciondinamica.info\/promos\/wp-json\/wp\/v2\/pages\/9540"}],"collection":[{"href":"https:\/\/divulgaciondinamica.info\/promos\/wp-json\/wp\/v2\/pages"}],"about":[{"href":"https:\/\/divulgaciondinamica.info\/promos\/wp-json\/wp\/v2\/types\/page"}],"author":[{"embeddable":true,"href":"https:\/\/divulgaciondinamica.info\/promos\/wp-json\/wp\/v2\/users\/1"}],"replies":[{"embeddable":true,"href":"https:\/\/divulgaciondinamica.info\/promos\/wp-json\/wp\/v2\/comments?post=9540"}],"version-history":[{"count":4,"href":"https:\/\/divulgaciondinamica.info\/promos\/wp-json\/wp\/v2\/pages\/9540\/revisions"}],"predecessor-version":[{"id":9550,"href":"https:\/\/divulgaciondinamica.info\/promos\/wp-json\/wp\/v2\/pages\/9540\/revisions\/9550"}],"wp:attachment":[{"href":"https:\/\/divulgaciondinamica.info\/promos\/wp-json\/wp\/v2\/media?parent=9540"}],"curies":[{"name":"wp","href":"https:\/\/api.w.org\/{rel}","templated":true}]}}