                                                                                                                                                                                        {"id":9533,"date":"2017-11-24T10:03:55","date_gmt":"2017-11-24T10:03:55","guid":{"rendered":"http:\/\/divulgaciondinamica.info\/promos\/?page_id=9533"},"modified":"2017-12-01T11:47:09","modified_gmt":"2017-12-01T11:47:09","slug":"master-cooperacion-voluntariado_lp","status":"publish","type":"page","link":"https:\/\/divulgaciondinamica.info\/promos\/master-cooperacion-voluntariado_lp\/","title":{"rendered":"M\u00e1ster de Cooperaci\u00f3n y Voluntariado_Lp"},"content":{"rendered":"<p>[vc_row css=\u00bb.vc_custom_1509439241201{padding-top: 18px !important;padding-right: 5px !important;padding-bottom: 0px !important;padding-left: 5px !important;background-color: #fd6861 !important;}\u00bb][vc_column][vc_custom_heading text=\u00bbZ O N A O U T L E T\u00bb font_container=\u00bbtag:p|font_size:19|text_align:center|color:%23ffffff\u00bb google_fonts=\u00bbfont_family:Lato%3A100%2C100italic%2C300%2C300italic%2Cregular%2Citalic%2C700%2C700italic%2C900%2C900italic|font_style:900%20bold%20regular%3A900%3Anormal\u00bb][\/vc_column][\/vc_row][vc_row css=\u00bb.vc_custom_1427804811471{margin-top: 25px !important;margin-bottom: 25px !important;}\u00bb][vc_column width=\u00bb2\/3&#8243;][vc_single_image image=\u00bb1573&#8243; img_size=\u00bb661&#215;82&#8243;][\/vc_column][vc_column width=\u00bb1\/3&#8243;][vc_custom_heading text=\u00bbInf\u00f3rmate: 620 77 31 43&#8243; font_container=\u00bbtag:p|font_size:16|text_align:right|color:%2315b551&#8243; google_fonts=\u00bbfont_family:Lato%3A100%2C100italic%2C300%2C300italic%2Cregular%2Citalic%2C700%2C700italic%2C900%2C900italic|font_style:700%20bold%20regular%3A700%3Anormal\u00bb][vc_row_inner css=\u00bb.vc_custom_1507894679589{margin-top: -5px !important;}\u00bb][vc_column_inner][vc_column_text]<a class=\"whatsapp_9\" target=\"_blank\" href=\"https:\/\/web.whatsapp.com\/send?l=es&phone=34620773143 \"><div class=\"whatsapp_9 whatsapp shortcode right\" style=\"background-color: #25d366\"><span class=\"whatsapp_9\"style=\"background-color: #25d366\"><i class=\"whatsapp_9 whatsapp-icon\" style=\"padding-right:0px!important;\"><\/i> Abrir Whatsapp<\/span><\/div><\/a>[\/vc_column_text][\/vc_column_inner][\/vc_row_inner][vc_custom_heading text=\u00bbpromotora1@divulgaciondinamica.es\u00bb font_container=\u00bbtag:p|font_size:15|text_align:right|color:%237c7c7c\u00bb google_fonts=\u00bbfont_family:Lato%3A100%2C100italic%2C300%2C300italic%2Cregular%2Citalic%2C700%2C700italic%2C900%2C900italic|font_style:700%20bold%20regular%3A700%3Anormal\u00bb link=\u00bburl:mailto%3Apromotora1%40divulgaciondinamica.es||\u00bb css=\u00bb.vc_custom_1508140005834{margin-top: 10px !important;}\u00bb][\/vc_column][\/vc_row][vc_row css=\u00bb.vc_custom_1489484355483{margin-top: 25px !important;margin-bottom: 15px !important;}\u00bb][vc_column][vc_custom_heading text=\u00bbM\u00e1ster Online\u00bb font_container=\u00bbtag:h2|font_size:32|text_align:center|color:%230a7aba|line_height:1.1&#8243; google_fonts=\u00bbfont_family:Lato%3A100%2C100italic%2C300%2C300italic%2Cregular%2Citalic%2C700%2C700italic%2C900%2C900italic|font_style:300%20light%20regular%3A300%3Anormal\u00bb css=\u00bb.vc_custom_1489489889526{margin-bottom: 5px !important;}\u00bb][vc_custom_heading text=\u00bbCooperaci\u00f3n y Voluntariado\u00bb font_container=\u00bbtag:h2|font_size:38|text_align:center|color:%230a7aba|line_height:1.1&#8243; google_fonts=\u00bbfont_family:Lato%3A100%2C100italic%2C300%2C300italic%2Cregular%2Citalic%2C700%2C700italic%2C900%2C900italic|font_style:900%20bold%20regular%3A900%3Anormal\u00bb css=\u00bb.vc_custom_1511517584365{margin-bottom: 15px !important;}\u00bb][\/vc_column][\/vc_row][vc_row css=\u00bb.vc_custom_1489484502411{margin-top: 25px !important;margin-right: 0px !important;margin-bottom: 15px !important;}\u00bb][vc_column width=\u00bb1\/4&#8243;][vc_row_inner css=\u00bb.vc_custom_1491235165133{margin-top: 2px !important;margin-right: 2px !important;margin-bottom: 2px !important;margin-left: 2px !important;padding-top: 20px !important;padding-right: 5px !important;padding-bottom: 30px !important;padding-left: 5px !important;background-color: #efefef !important;}\u00bb][vc_column_inner][vc_icon icon_fontawesome=\u00bbfa fa-laptop\u00bb color=\u00bbsky\u00bb size=\u00bblg\u00bb align=\u00bbcenter\u00bb css_animation=\u00bbbottom-to-top\u00bb css=\u00bb.vc_custom_1489423953746{margin-bottom: 10px !important;}\u00bb][vc_custom_heading text=\u00bbModalidad:\u00bb font_container=\u00bbtag:h2|font_size:18|text_align:center|color:%230a7aba|line_height:1.2&#8243; google_fonts=\u00bbfont_family:Lato%3A100%2C100italic%2C300%2C300italic%2Cregular%2Citalic%2C700%2C700italic%2C900%2C900italic|font_style:900%20bold%20regular%3A900%3Anormal\u00bb css=\u00bb.vc_custom_1489423549304{margin-bottom: 5px !important;}\u00bb][vc_custom_heading text=\u00bb100% online\u00bb font_container=\u00bbtag:h2|font_size:16|text_align:center|color:%230a7aba|line_height:1.2&#8243; google_fonts=\u00bbfont_family:Lato%3A100%2C100italic%2C300%2C300italic%2Cregular%2Citalic%2C700%2C700italic%2C900%2C900italic|font_style:400%20regular%3A400%3Anormal\u00bb][\/vc_column_inner][\/vc_row_inner][\/vc_column][vc_column width=\u00bb1\/4&#8243;][vc_row_inner css=\u00bb.vc_custom_1491235159565{margin-top: 2px !important;margin-right: 2px !important;margin-bottom: 2px !important;margin-left: 2px !important;padding-top: 20px !important;padding-right: 5px !important;padding-bottom: 30px !important;padding-left: 5px !important;background-color: #efefef !important;}\u00bb][vc_column_inner][vc_icon icon_fontawesome=\u00bbfa fa-clock-o\u00bb color=\u00bbsky\u00bb size=\u00bblg\u00bb align=\u00bbcenter\u00bb css_animation=\u00bbbottom-to-top\u00bb css=\u00bb.vc_custom_1489424050530{margin-bottom: 10px !important;}\u00bb][vc_custom_heading text=\u00bbDuraci\u00f3n:\u00bb font_container=\u00bbtag:h2|font_size:18|text_align:center|color:%230a7aba|line_height:1.2&#8243; google_fonts=\u00bbfont_family:Lato%3A100%2C100italic%2C300%2C300italic%2Cregular%2Citalic%2C700%2C700italic%2C900%2C900italic|font_style:900%20bold%20regular%3A900%3Anormal\u00bb css=\u00bb.vc_custom_1489423553086{margin-bottom: 5px !important;}\u00bb][vc_custom_heading text=\u00bb400 h. \/ 6 meses\u00bb font_container=\u00bbtag:h2|font_size:16|text_align:center|color:%230a7aba|line_height:1.2&#8243; google_fonts=\u00bbfont_family:Lato%3A100%2C100italic%2C300%2C300italic%2Cregular%2Citalic%2C700%2C700italic%2C900%2C900italic|font_style:400%20regular%3A400%3Anormal\u00bb][\/vc_column_inner][\/vc_row_inner][\/vc_column][vc_column width=\u00bb1\/4&#8243;][vc_row_inner css=\u00bb.vc_custom_1491235154390{margin-top: 2px !important;margin-right: 2px !important;margin-bottom: 2px !important;margin-left: 2px !important;padding-top: 20px !important;padding-right: 5px !important;padding-bottom: 30px !important;padding-left: 5px !important;background-color: #efefef !important;}\u00bb][vc_column_inner][vc_icon icon_fontawesome=\u00bbfa fa-calendar\u00bb color=\u00bbsky\u00bb size=\u00bblg\u00bb align=\u00bbcenter\u00bb css_animation=\u00bbbottom-to-top\u00bb css=\u00bb.vc_custom_1489423962381{margin-bottom: 10px !important;}\u00bb][vc_custom_heading text=\u00bbFecha Inicio:\u00bb font_container=\u00bbtag:h2|font_size:18|text_align:center|color:%230a7aba|line_height:1.2&#8243; google_fonts=\u00bbfont_family:Lato%3A100%2C100italic%2C300%2C300italic%2Cregular%2Citalic%2C700%2C700italic%2C900%2C900italic|font_style:900%20bold%20regular%3A900%3Anormal\u00bb css=\u00bb.vc_custom_1489423557331{margin-bottom: 5px !important;}\u00bb][vc_custom_heading text=\u00bb19 \/ diciembre \/ 2017&#8243; font_container=\u00bbtag:h2|font_size:16|text_align:center|color:%230a7aba|line_height:1.2&#8243; google_fonts=\u00bbfont_family:Lato%3A100%2C100italic%2C300%2C300italic%2Cregular%2Citalic%2C700%2C700italic%2C900%2C900italic|font_style:400%20regular%3A400%3Anormal\u00bb][\/vc_column_inner][\/vc_row_inner][\/vc_column][vc_column width=\u00bb1\/4&#8243;][vc_row_inner css=\u00bb.vc_custom_1508402612270{margin-top: 2px !important;margin-right: 2px !important;margin-bottom: 2px !important;margin-left: 2px !important;padding-top: 20px !important;padding-right: 5px !important;padding-bottom: 30px !important;padding-left: 5px !important;background-color: #efefef !important;}\u00bb][vc_column_inner][vc_icon icon_fontawesome=\u00bbfa fa-graduation-cap\u00bb color=\u00bbsky\u00bb size=\u00bblg\u00bb align=\u00bbcenter\u00bb css_animation=\u00bbbottom-to-top\u00bb css=\u00bb.vc_custom_1489423967355{margin-bottom: 10px !important;}\u00bb][vc_custom_heading text=\u00bbTasas Administrativas:\u00bb font_container=\u00bbtag:h2|font_size:18|text_align:center|color:%230a7aba|line_height:1.2&#8243; google_fonts=\u00bbfont_family:Lato%3A100%2C100italic%2C300%2C300italic%2Cregular%2Citalic%2C700%2C700italic%2C900%2C900italic|font_style:900%20bold%20regular%3A900%3Anormal\u00bb css=\u00bb.vc_custom_1489423561127{margin-bottom: 5px !important;}\u00bb][vc_custom_heading text=\u00bbPaga s\u00f3lo 30\u20ac\u00bb font_container=\u00bbtag:h2|font_size:16|text_align:center|color:%230a7aba|line_height:1.2&#8243; google_fonts=\u00bbfont_family:Lato%3A100%2C100italic%2C300%2C300italic%2Cregular%2Citalic%2C700%2C700italic%2C900%2C900italic|font_style:400%20regular%3A400%3Anormal\u00bb][\/vc_column_inner][\/vc_row_inner][\/vc_column][\/vc_row][vc_row][vc_column][vc_column_text]<img loading=\"lazy\" class=\"alignleft wp-image-5680 size-full\" title=\"Educaci\u00f3n Social para Colectivos en Riesgo de Exclusi\u00f3n\" src=\"http:\/\/divulgaciondinamica.info\/promos\/wp-content\/uploads\/2017\/03\/Centro-T\u00e9cnico-en-Cooperaci\u00f3n-Internacional.jpg\" alt=\"\" width=\"643\" height=\"434\" srcset=\"https:\/\/divulgaciondinamica.info\/promos\/wp-content\/uploads\/2017\/03\/Centro-T\u00e9cnico-en-Cooperaci\u00f3n-Internacional.jpg 643w, https:\/\/divulgaciondinamica.info\/promos\/wp-content\/uploads\/2017\/03\/Centro-T\u00e9cnico-en-Cooperaci\u00f3n-Internacional-300x202.jpg 300w\" sizes=\"(max-width: 643px) 100vw, 643px\" \/><iframe style=\"border: 0px solid grey;\" src=\"http:\/\/divulgaciondinamica.es\/secretariainfo\/alumnos\/iframe\/958\/\" width=\"417\" height=\"434\" scrolling=\"auto\"><\/iframe>[\/vc_column_text][\/vc_column][\/vc_row][vc_row css=\u00bb.vc_custom_1427804437681{margin-top: 35px !important;margin-bottom: 35px !important;}\u00bb][vc_column width=\u00bb1\/4&#8243;][vc_single_image image=\u00bb5876&#8243; img_size=\u00bb250&#215;195&#8243; alignment=\u00bbcenter\u00bb][\/vc_column][vc_column width=\u00bb1\/4&#8243;][vc_single_image image=\u00bb5877&#8243; img_size=\u00bb250&#215;195&#8243; alignment=\u00bbcenter\u00bb][\/vc_column][vc_column width=\u00bb1\/4&#8243;][vc_single_image image=\u00bb5878&#8243; img_size=\u00bb250&#215;195&#8243; alignment=\u00bbcenter\u00bb][\/vc_column][vc_column width=\u00bb1\/4&#8243;][vc_single_image image=\u00bb9120&#8243; img_size=\u00bb250&#215;195&#8243; alignment=\u00bbcenter\u00bb][\/vc_column][\/vc_row][vc_row][vc_column][\/vc_column][\/vc_row][vc_row css=\u00bb.vc_custom_1427805189823{margin-top: 35px !important;margin-bottom: 35px !important;}\u00bb][vc_column width=\u00bb1\/2&#8243;][vc_custom_heading text=\u00bbPresentaci\u00f3n del M\u00e1ster:\u00bb font_container=\u00bbtag:h2|font_size:26|text_align:left|color:%230a7aba|line_height:1.2&#8243; google_fonts=\u00bbfont_family:Lato%3A100%2C100italic%2C300%2C300italic%2Cregular%2Citalic%2C700%2C700italic%2C900%2C900italic|font_style:900%20bold%20regular%3A900%3Anormal\u00bb css=\u00bb.vc_custom_1489490101728{margin-bottom: 45px !important;}\u00bb][vc_column_text css=\u00bb.vc_custom_1511517629694{margin-bottom: 30px !important;}\u00bb]<\/p>\n<div id=\"stcpDiv\">\n<p>La Cooperaci\u00f3n Internacional se entiende como un conjunto de acciones entre pa\u00edses para fomentar el equilibrio econ\u00f3mico y social, de forma sostenible en el tiempo. Supone tratar de equilibrar la balanza del eje Norte-Sur, de pa\u00edses y \u00e1reas geogr\u00e1ficas con niveles diferentes de renta y recursos.\u00a0\u00a0 C\u00f3mo intervenir en estas realidades tanto de forma preventiva como de forma eficaz ante las necesidades detectadas es un reto com\u00fan para consolidar formas de desarrollo que permitan afrontar el futuro desde la convivencia, la cohesi\u00f3n social y el desarrollo social sostenible.<\/p>\n<p>El m\u00e1ster en \u201cCooperaci\u00f3n y Voluntariado\u201d Online que presentamos, permite obtener conocimientos te\u00f3ricos e instrumentales que permitan dar respuesta a los diferentes niveles de actuaci\u00f3n estrat\u00e9gicos y operativos que son llevados a cabo por los profesionales de la cooperaci\u00f3n internacional al desarrollo.<br \/>\n<img loading=\"lazy\" class=\"alignleft size-full wp-image-53\" src=\"http:\/\/divulgaciondinamica.info\/promos\/wp-content\/uploads\/2015\/03\/diploma-digital1.png\" alt=\"diploma-digital\" width=\"479\" height=\"322\" srcset=\"https:\/\/divulgaciondinamica.info\/promos\/wp-content\/uploads\/2015\/03\/diploma-digital1.png 479w, https:\/\/divulgaciondinamica.info\/promos\/wp-content\/uploads\/2015\/03\/diploma-digital1-300x202.png 300w\" sizes=\"(max-width: 479px) 100vw, 479px\" \/><\/p>\n<p style=\"text-align: left;\" align=\"justify\">\n<\/div>\n<p>[\/vc_column_text][\/vc_column][vc_column width=\u00bb1\/2&#8243;][vc_custom_heading text=\u00bbTemario del M\u00e1ster:\u00bb font_container=\u00bbtag:h2|font_size:26|text_align:left|color:%230a7aba|line_height:1.2&#8243; google_fonts=\u00bbfont_family:Lato%3A100%2C100italic%2C300%2C300italic%2Cregular%2Citalic%2C700%2C700italic%2C900%2C900italic|font_style:900%20bold%20regular%3A900%3Anormal\u00bb css=\u00bb.vc_custom_1489490107926{margin-bottom: 45px !important;}\u00bb][vc_column_text]<\/p>\n<div id=\"stcpDiv\"><strong>1. EL PROBLEMA DEL DESARROLLO. LAS DESIGUALDADES NORTE\u2013SUR.<\/strong><\/div>\n<p>1.1 Pa\u00edses desarrollados y subdesarrollados y su relaci\u00f3n con la pobreza.<br \/>\n1.2 El desarrollo humano: paradigma de ampliaci\u00f3n de las capacidades humanas.<br \/>\n1.3 Globalizaci\u00f3n: marco contextual del desarrollo.<br \/>\n1.4 Agenda del desarrollo Post-2015.<\/p>\n<p><strong>2. COOPERACI\u00d3N INTERNACIONAL.<\/strong><\/p>\n<p>2.1 La Cooperaci\u00f3n Internacional para el desarrollo.<br \/>\n2.2 Marco normativo sobre cooperaci\u00f3n.<br \/>\n2.3 Principales \u00d3rganos Internacionales para la Cooperaci\u00f3n al desarrollo.<br \/>\n2.4 La Cooperaci\u00f3n Espa\u00f1ola.<br \/>\n2.5 El papel de las Organizaciones No Gubernamentales (ONG).<\/p>\n<p><strong>3. METODOLOG\u00cdA DE LA COOPERACI\u00d3N INTERNACIONAL AL DESARROLLO: LA GESTI\u00d3N DEL CICLO DE PROYECTO (GPC) Y EL ENFOQUE DEL MARCO L\u00d3GICO (EML).<\/strong><\/p>\n<p>3.1 La gesti\u00f3n del ciclo de proyecto. Las fases de la GPC.<br \/>\n3.2 El enfoque de marco l\u00f3gico. Formulaci\u00f3n de intervenciones.<br \/>\n3.3 Aproximaci\u00f3n a los enfoques participativos<br \/>\n3.4 La integraci\u00f3n de la perspectiva de g\u00e9nero en las intervenciones<\/p>\n<p><strong>4. VALORACI\u00d3N DE\u00a0 IMPACTO DE PROGRAMAS<\/strong><\/p>\n<p>4.1 Introducci\u00f3n: la evaluaci\u00f3n, un instrumento para mejorar<br \/>\n4.2 M\u00e9todos formales de evaluaci\u00f3n<br \/>\n4.3 M\u00e9todos informales de evaluaci\u00f3n<\/p>\n<p><strong>5. ENFOQUE PSICOSOCIAL EN LA COOPERACI\u00d3N<\/strong><\/p>\n<p>5.1 La cooperaci\u00f3n internacional y el enfoque psicosocial<br \/>\n5.2 Aspectos psicosociales en diferentes sectores y campos de actividad<br \/>\n5.3 Riesgos psicosociales del personal de cooperaci\u00f3n<\/p>\n<p><strong>6. COOPERACI\u00d3N Y PROMOCI\u00d3N CULTURAL<\/strong><\/p>\n<p>6.1 Cooperaci\u00f3n cultural al desarrollo<br \/>\n6.2 Promoci\u00f3n cultural exterior<br \/>\n6.3 El voluntariado cultural. Gesti\u00f3n del voluntariado<\/p>\n<p><strong>7. COOPERACI\u00d3N AL DESARROLLO Y CONFLICTOS<\/strong><\/p>\n<p>7.1 Compresi\u00f3n de conflictos<br \/>\n7.2 Herramientas y metodolog\u00edas de sensibilidad al conflicto<br \/>\n7.3 Principios para la cooperaci\u00f3n y la acci\u00f3n humanitaria sensible al conflicto<\/p>\n<p><strong>8. EDUCACI\u00d3N PARA EL DESARROLLO Y COOPERACI\u00d3N INTERNACIONAL<\/strong><\/p>\n<p>8.1 Educaci\u00f3n para el Desarrollo<br \/>\n8.2 Dimensi\u00f3n Pedag\u00f3gica de la educaci\u00f3n para el Desarrollo<br \/>\n8.3 Proyectos de Educaci\u00f3n para el Desarrollo<\/p>\n<p>[\/vc_column_text][\/vc_column][\/vc_row][vc_row css=\u00bb.vc_custom_1489484531438{margin-bottom: 60px !important;padding-top: 15px !important;padding-bottom: 5px !important;background-color: #0a7aba !important;}\u00bb][vc_column][vc_row_inner][vc_column_inner width=\u00bb1\/4&#8243;][vc_column_text]\u00a0[\/vc_column_text][\/vc_column_inner][vc_column_inner width=\u00bb1\/2&#8243;][vc_column_text]<\/p>\n<div style=\"text-align: center;\"><iframe style=\"border: 0px solid grey;\" src=\"http:\/\/divulgaciondinamica.es\/secretariainfo\/alumnos\/iframe\/958\/\" width=\"417\" height=\"404\" scrolling=\"auto\" align=\"center\"><\/iframe><\/div>\n<p>[\/vc_column_text][\/vc_column_inner][vc_column_inner width=\u00bb1\/4&#8243;][vc_column_text]\u00a0[\/vc_column_text][\/vc_column_inner][\/vc_row_inner][\/vc_column][\/vc_row][vc_row][vc_column width=\u00bb1\/3&#8243;][\/vc_column][vc_column width=\u00bb1\/3&#8243;][vc_custom_heading text=\u00bbInf\u00f3rmate: 620 77 31 43&#8243; font_container=\u00bbtag:p|font_size:16|text_align:center|color:%2315b551&#8243; google_fonts=\u00bbfont_family:Lato%3A100%2C100italic%2C300%2C300italic%2Cregular%2Citalic%2C700%2C700italic%2C900%2C900italic|font_style:700%20bold%20regular%3A700%3Anormal\u00bb][vc_row_inner css=\u00bb.vc_custom_1507894965808{margin-top: -5px !important;margin-right: 26% !important;}\u00bb][vc_column_inner][vc_column_text]<\/p>\n<div align=\"center\"><a class=\"whatsapp_9\" target=\"_blank\" href=\"https:\/\/web.whatsapp.com\/send?l=es&phone=34620773143 \"><div class=\"whatsapp_9 whatsapp shortcode right\" style=\"background-color: #25d366\"><span class=\"whatsapp_9\"style=\"background-color: #25d366\"><i class=\"whatsapp_9 whatsapp-icon\" style=\"padding-right:0px!important;\"><\/i> Abrir Whatsapp<\/span><\/div><\/a><\/div>\n<p>[\/vc_column_text][\/vc_column_inner][\/vc_row_inner][vc_custom_heading text=\u00bbpromotora1@divulgaciondinamica.es\u00bb font_container=\u00bbtag:p|font_size:15|text_align:center|color:%237c7c7c\u00bb google_fonts=\u00bbfont_family:Lato%3A100%2C100italic%2C300%2C300italic%2Cregular%2Citalic%2C700%2C700italic%2C900%2C900italic|font_style:700%20bold%20regular%3A700%3Anormal\u00bb link=\u00bburl:mailto%3Apromotora1%40divulgaciondinamica.es||\u00bb css=\u00bb.vc_custom_1508140016397{margin-top: 10px !important;}\u00bb][\/vc_column][vc_column width=\u00bb1\/3&#8243;][\/vc_column][\/vc_row]<\/p>\n","protected":false},"excerpt":{"rendered":"<p>[vc_row css=\u00bb.vc_custom_1509439241201{padding-top: 18px !important;padding-right: 5px !important;padding-bottom: 0px !important;padding-left: 5px !important;background-color: #fd6861 !important;}\u00bb][vc_column][vc_custom_heading text=\u00bbZ O N A O U T L E T\u00bb font_container=\u00bbtag:p|font_size:19|text_align:center|color:%23ffffff\u00bb google_fonts=\u00bbfont_family:Lato%3A100%2C100italic%2C300%2C300italic%2Cregular%2Citalic%2C700%2C700italic%2C900%2C900italic|font_style:900%20bold%20regular%3A900%3Anormal\u00bb][\/vc_column][\/vc_row][vc_row css=\u00bb.vc_custom_1427804811471{margin-top: 25px !important;margin-bottom: 25px !important;}\u00bb][vc_column width=\u00bb2\/3&#8243;][vc_single_image image=\u00bb1573&#8243; img_size=\u00bb661&#215;82&#8243;][\/vc_column][vc_column width=\u00bb1\/3&#8243;][vc_custom_heading text=\u00bbInf\u00f3rmate: 620 77 31 43&#8243; font_container=\u00bbtag:p|font_size:16|text_align:right|color:%2315b551&#8243; google_fonts=\u00bbfont_family:Lato%3A100%2C100italic%2C300%2C300italic%2Cregular%2Citalic%2C700%2C700italic%2C900%2C900italic|font_style:700%20bold%20regular%3A700%3Anormal\u00bb][vc_row_inner<\/p>\n","protected":false},"author":1,"featured_media":0,"parent":0,"menu_order":0,"comment_status":"closed","ping_status":"closed","template":"","meta":[],"yoast_head":"<!-- This site is optimized with the Yoast SEO plugin v15.7 - https:\/\/yoast.com\/wordpress\/plugins\/seo\/ -->\n<title>M\u00e1ster de Cooperaci\u00f3n y Voluntariado_Lp - Divulgaci\u00f3n Din\u00e1mica<\/title>\n<meta name=\"robots\" content=\"index, follow, max-snippet:-1, max-image-preview:large, max-video-preview:-1\" \/>\n<link rel=\"canonical\" href=\"https:\/\/divulgaciondinamica.info\/promos\/master-cooperacion-voluntariado_lp\/\" \/>\n<meta property=\"og:locale\" content=\"es_ES\" \/>\n<meta property=\"og:type\" content=\"article\" \/>\n<meta property=\"og:title\" content=\"M\u00e1ster de Cooperaci\u00f3n y Voluntariado_Lp - Divulgaci\u00f3n Din\u00e1mica\" \/>\n<meta property=\"og:description\" content=\"[vc_row css=\u00bb.vc_custom_1509439241201{padding-top: 18px !important;padding-right: 5px !important;padding-bottom: 0px !important;padding-left: 5px !important;background-color: #fd6861 !important;}\u00bb][vc_column][vc_custom_heading text=\u00bbZ O N A O U T L E T\u00bb font_container=\u00bbtag:p|font_size:19|text_align:center|color:%23ffffff\u00bb google_fonts=\u00bbfont_family:Lato%3A100%2C100italic%2C300%2C300italic%2Cregular%2Citalic%2C700%2C700italic%2C900%2C900italic|font_style:900%20bold%20regular%3A900%3Anormal\u00bb][\/vc_column][\/vc_row][vc_row css=\u00bb.vc_custom_1427804811471{margin-top: 25px !important;margin-bottom: 25px !important;}\u00bb][vc_column width=\u00bb2\/3&#8243;][vc_single_image image=\u00bb1573&#8243; img_size=\u00bb661&#215;82&#8243;][\/vc_column][vc_column width=\u00bb1\/3&#8243;][vc_custom_heading text=\u00bbInf\u00f3rmate: 620 77 31 43&#8243; font_container=\u00bbtag:p|font_size:16|text_align:right|color:%2315b551&#8243; google_fonts=\u00bbfont_family:Lato%3A100%2C100italic%2C300%2C300italic%2Cregular%2Citalic%2C700%2C700italic%2C900%2C900italic|font_style:700%20bold%20regular%3A700%3Anormal\u00bb][vc_row_inner\" \/>\n<meta property=\"og:url\" content=\"https:\/\/divulgaciondinamica.info\/promos\/master-cooperacion-voluntariado_lp\/\" \/>\n<meta property=\"og:site_name\" content=\"Divulgaci\u00f3n Din\u00e1mica\" \/>\n<meta property=\"article:publisher\" content=\"https:\/\/www.facebook.com\/divulgaciondinamicaformacion\/\" \/>\n<meta property=\"article:modified_time\" content=\"2017-12-01T11:47:09+00:00\" \/>\n<meta property=\"og:image\" content=\"http:\/\/divulgaciondinamica.info\/promos\/wp-content\/uploads\/2017\/03\/Centro-T\u00e9cnico-en-Cooperaci\u00f3n-Internacional.jpg\" \/>\n<meta name=\"twitter:card\" content=\"summary_large_image\" \/>\n<meta name=\"twitter:site\" content=\"@divulgaciond\" \/>\n<meta name=\"twitter:label1\" content=\"Tiempo de lectura\">\n\t<meta name=\"twitter:data1\" content=\"10 minutos\">\n<script type=\"application\/ld+json\" class=\"yoast-schema-graph\">{\"@context\":\"https:\/\/schema.org\",\"@graph\":[{\"@type\":\"Organization\",\"@id\":\"https:\/\/divulgaciondinamica.info\/promos\/#organization\",\"name\":\"Divulgaci\\u00f3n Din\\u00e1mica S.L.\",\"url\":\"https:\/\/divulgaciondinamica.info\/promos\/\",\"sameAs\":[\"https:\/\/www.facebook.com\/divulgaciondinamicaformacion\/\",\"https:\/\/www.instagram.com\/divulgaciondinamica\",\"https:\/\/www.linkedin.com\/company-beta\/9490428\/\",\"https:\/\/www.youtube.com\/user\/ddinamica2010\",\"https:\/\/twitter.com\/divulgaciond\"],\"logo\":{\"@type\":\"ImageObject\",\"@id\":\"https:\/\/divulgaciondinamica.info\/promos\/#logo\",\"inLanguage\":\"es\",\"url\":\"https:\/\/divulgaciondinamica.info\/promos\/wp-content\/uploads\/2016\/02\/logo-divulgaciondinamica-ddf.png\",\"width\":400,\"height\":79,\"caption\":\"Divulgaci\\u00f3n Din\\u00e1mica S.L.\"},\"image\":{\"@id\":\"https:\/\/divulgaciondinamica.info\/promos\/#logo\"}},{\"@type\":\"WebSite\",\"@id\":\"https:\/\/divulgaciondinamica.info\/promos\/#website\",\"url\":\"https:\/\/divulgaciondinamica.info\/promos\/\",\"name\":\"Divulgaci\\u00f3n Din\\u00e1mica\",\"description\":\"Formaci\\u00f3n de calidad al alcance de todos\",\"publisher\":{\"@id\":\"https:\/\/divulgaciondinamica.info\/promos\/#organization\"},\"potentialAction\":[{\"@type\":\"SearchAction\",\"target\":\"https:\/\/divulgaciondinamica.info\/promos\/?s={search_term_string}\",\"query-input\":\"required name=search_term_string\"}],\"inLanguage\":\"es\"},{\"@type\":\"ImageObject\",\"@id\":\"https:\/\/divulgaciondinamica.info\/promos\/master-cooperacion-voluntariado_lp\/#primaryimage\",\"inLanguage\":\"es\",\"url\":\"http:\/\/divulgaciondinamica.info\/promos\/wp-content\/uploads\/2017\/03\/Centro-T\\u00e9cnico-en-Cooperaci\\u00f3n-Internacional.jpg\"},{\"@type\":\"WebPage\",\"@id\":\"https:\/\/divulgaciondinamica.info\/promos\/master-cooperacion-voluntariado_lp\/#webpage\",\"url\":\"https:\/\/divulgaciondinamica.info\/promos\/master-cooperacion-voluntariado_lp\/\",\"name\":\"M\\u00e1ster de Cooperaci\\u00f3n y Voluntariado_Lp - Divulgaci\\u00f3n Din\\u00e1mica\",\"isPartOf\":{\"@id\":\"https:\/\/divulgaciondinamica.info\/promos\/#website\"},\"primaryImageOfPage\":{\"@id\":\"https:\/\/divulgaciondinamica.info\/promos\/master-cooperacion-voluntariado_lp\/#primaryimage\"},\"datePublished\":\"2017-11-24T10:03:55+00:00\",\"dateModified\":\"2017-12-01T11:47:09+00:00\",\"inLanguage\":\"es\",\"potentialAction\":[{\"@type\":\"ReadAction\",\"target\":[\"https:\/\/divulgaciondinamica.info\/promos\/master-cooperacion-voluntariado_lp\/\"]}]}]}<\/script>\n<!-- \/ Yoast SEO plugin. -->","_links":{"self":[{"href":"https:\/\/divulgaciondinamica.info\/promos\/wp-json\/wp\/v2\/pages\/9533"}],"collection":[{"href":"https:\/\/divulgaciondinamica.info\/promos\/wp-json\/wp\/v2\/pages"}],"about":[{"href":"https:\/\/divulgaciondinamica.info\/promos\/wp-json\/wp\/v2\/types\/page"}],"author":[{"embeddable":true,"href":"https:\/\/divulgaciondinamica.info\/promos\/wp-json\/wp\/v2\/users\/1"}],"replies":[{"embeddable":true,"href":"https:\/\/divulgaciondinamica.info\/promos\/wp-json\/wp\/v2\/comments?post=9533"}],"version-history":[{"count":3,"href":"https:\/\/divulgaciondinamica.info\/promos\/wp-json\/wp\/v2\/pages\/9533\/revisions"}],"predecessor-version":[{"id":9661,"href":"https:\/\/divulgaciondinamica.info\/promos\/wp-json\/wp\/v2\/pages\/9533\/revisions\/9661"}],"wp:attachment":[{"href":"https:\/\/divulgaciondinamica.info\/promos\/wp-json\/wp\/v2\/media?parent=9533"}],"curies":[{"name":"wp","href":"https:\/\/api.w.org\/{rel}","templated":true}]}}