{"id":933,"date":"2015-09-29T09:24:32","date_gmt":"2015-09-29T09:24:32","guid":{"rendered":"http:\/\/divulgaciondinamica.info\/promos\/?page_id=933"},"modified":"2015-09-30T08:59:25","modified_gmt":"2015-09-30T08:59:25","slug":"curso-juventud-empleo-y-cohesion-social","status":"publish","type":"page","link":"https:\/\/divulgaciondinamica.info\/promos\/curso-juventud-empleo-y-cohesion-social\/","title":{"rendered":"Curso de Juventud, empleo y cohesi\u00f3n social. Estrategias e iniciativas en el \u00e1mbito de la juventud en Europa y Andaluc\u00eda"},"content":{"rendered":"<p>[vc_row full_width=\u00bb\u00bb parallax=\u00bb\u00bb parallax_image=\u00bb\u00bb css=\u00bb.vc_custom_1427804811471{margin-top: 25px !important;margin-bottom: 25px !important;}\u00bb][vc_column width=\u00bb1\/2&#8243;][vc_single_image image=\u00bb24&#8243; alignment=\u00bb\u00bb style=\u00bb\u00bb border_color=\u00bbgrey\u00bb img_link_large=\u00bb\u00bb img_link_target=\u00bb_self\u00bb css_animation=\u00bb\u00bb img_size=\u00bb266&#215;82&#8243;][\/vc_column][vc_column width=\u00bb1\/2&#8243;][vc_column_text]<\/p>\n<p style=\"text-align: right;\">Curso subvencionado por la Consejer\u00eda de la Presidencia<br \/>\nde la Junta de Andaluc\u00eda<\/p>\n<p>[\/vc_column_text][\/vc_column][\/vc_row][vc_row full_width=\u00bb\u00bb parallax=\u00bb\u00bb parallax_image=\u00bb\u00bb][vc_column width=\u00bb1\/1&#8243;][vc_column_text]<\/p>\n<p><img loading=\"lazy\" class=\"alignleft wp-image-940 size-full\" src=\"http:\/\/divulgaciondinamica.info\/promos\/wp-content\/uploads\/2015\/09\/imagen-curso-juventud-empleo-cohesion-social_01.jpg\" alt=\"\" width=\"643\" height=\"434\" srcset=\"https:\/\/divulgaciondinamica.info\/promos\/wp-content\/uploads\/2015\/09\/imagen-curso-juventud-empleo-cohesion-social_01.jpg 643w, https:\/\/divulgaciondinamica.info\/promos\/wp-content\/uploads\/2015\/09\/imagen-curso-juventud-empleo-cohesion-social_01-300x202.jpg 300w\" sizes=\"(max-width: 643px) 100vw, 643px\" \/><a href=\"https:\/\/docs.google.com\/forms\/d\/1u7llTRpAUOp8PHWmURV_3j8bKHsqoQK90jqsmpNPUCM\/viewform\" target=\"_blank\"><img loading=\"lazy\" class=\"alignleft wp-image-950 size-full\" src=\"http:\/\/divulgaciondinamica.info\/promos\/wp-content\/uploads\/2015\/09\/PROMO-Curso-Juventud-Empleo-y-Cohesi\u00f3n-Social_02.png\" alt=\"\" width=\"417\" height=\"434\" srcset=\"https:\/\/divulgaciondinamica.info\/promos\/wp-content\/uploads\/2015\/09\/PROMO-Curso-Juventud-Empleo-y-Cohesi\u00f3n-Social_02.png 417w, https:\/\/divulgaciondinamica.info\/promos\/wp-content\/uploads\/2015\/09\/PROMO-Curso-Juventud-Empleo-y-Cohesi\u00f3n-Social_02-288x300.png 288w\" sizes=\"(max-width: 417px) 100vw, 417px\" \/><\/a><\/p>\n<p>[\/vc_column_text][\/vc_column][\/vc_row][vc_row full_width=\u00bb\u00bb parallax=\u00bb\u00bb parallax_image=\u00bb\u00bb][vc_column width=\u00bb1\/1&#8243;][vc_column_text]<br \/>\n[\/vc_column_text][\/vc_column][\/vc_row][vc_row full_width=\u00bb\u00bb parallax=\u00bb\u00bb parallax_image=\u00bb\u00bb css=\u00bb.vc_custom_1427805189823{margin-top: 35px !important;margin-bottom: 35px !important;}\u00bb][vc_column width=\u00bb1\/2&#8243;][vc_column_text css=\u00bb.vc_custom_1443597945371{margin-bottom: 30px !important;}\u00bb]<\/p>\n<div id=\"stcpDiv\">\n<h3 style=\"text-align: left;\" align=\"justify\"><span style=\"color: #1ecb7b;\">Presentaci\u00f3n del Curso:<\/span><\/h3>\n<p>&nbsp;<\/p>\n<p>Para que se puedan cumplir los objetivos de empleo y crecimiento dentro de la Uni\u00f3n Europea es necesario el desarrollo y la promoci\u00f3n de iniciativas especificas en el \u00e1mbito de la juventud as\u00ed como iniciativas de integraci\u00f3n de cuestiones que afectan a la juventud en otros \u00e1mbitos pol\u00edticos, como empleo o formaci\u00f3n.<\/p>\n<p>Desde la Comisi\u00f3n Europea se defienden estrategias intersectoriales que intensifiquen\u00a0 la cohesi\u00f3n social y la ciudadan\u00eda activa y preparen a los j\u00f3venes de Europa para los desaf\u00edos a los que se enfrentan, especialmente en lo que se refiere a la educaci\u00f3n, el empleo, la creatividad y el esp\u00edritu empresarial, la inclusi\u00f3n social y la salud.<\/p>\n<p>Las actividades a favor de la juventud contribuyen a la instrucci\u00f3n, formaci\u00f3n, movilidad, inserci\u00f3n profesional y social, as\u00ed como al desarrollo de la ciudadan\u00eda activa de los j\u00f3venes en la Uni\u00f3n Europea y las estrategias europeas en esta l\u00ednea respaldan el cumplimiento de todos estos retos.<\/p>\n<\/div>\n<p>[\/vc_column_text][vc_column_text css=\u00bb.vc_custom_1443597965419{margin-bottom: 30px !important;}\u00bb]<\/p>\n<div id=\"stcpDiv\">\n<h3 style=\"text-align: left;\" align=\"justify\"><span style=\"color: #1ecb7b;\">M\u00e9todo de Trabajo:<\/span><\/h3>\n<p>&nbsp;<\/p>\n<p>El curso que se propone se impartir\u00e1 en la modalidad de <strong>teleformaci\u00f3n asistida por tutor<\/strong>.\u00a0 El curso se desarrolla con una metodolog\u00eda a distancia mediante teleformaci\u00f3n que supone el trabajo individual y colaborativo del alumnado con los materiales mediante el asesoramiento del tutor\/a y el uso de las nuevas tecnolog\u00edas de la comunicaci\u00f3n. Para ello Divulgaci\u00f3n Din\u00e1mica cuenta con un Campus Virtual que facilita la interacci\u00f3n permanente entre el alumnado y el equipo pedag\u00f3gico.<\/p>\n<p>\u2022 <strong>Tutor\u00edas<\/strong>: El tutor\/a\u00a0 estar\u00e1 a disposici\u00f3n de los alumnos durante la duraci\u00f3n de todo el curso en horario de 11 a 13:30 h. y de 16 h a 18:00 h para atenci\u00f3n telef\u00f3nica personal. Las consultas se pueden realizar por tel\u00e9fono (en el horario indicado), y fuera de ese horario por email o por el servicio de mensajer\u00eda del Campus.<\/p>\n<p>\u2022 <strong>Pruebas evaluativas:<\/strong> el alumno\/a deber\u00e1 resolver los ex\u00e1menes que propongan desde el equipo docente y que ser\u00e1n evaluados por los tutores.<\/p>\n<p>A la finalizaci\u00f3n del curso aquellos alumno\/as que hayan superado el mismo recibir\u00e1n por correo diploma acreditativo de su participaci\u00f3n en el que figurar\u00e1 la puntuaci\u00f3n obtenida.<\/p>\n<\/div>\n<p>[\/vc_column_text][\/vc_column][vc_column width=\u00bb1\/2&#8243;][vc_column_text]<\/p>\n<div id=\"stcpDiv\">\n<h3 style=\"text-align: left;\" align=\"justify\"><span style=\"color: #1ecb7b;\">Programa de Contenidos:<\/span><\/h3>\n<p>&nbsp;<\/p>\n<div id=\"stcpDiv\">\n<p><strong>1. PANORAMA SOCIAL DE LA JUVENTUD<\/strong><\/p>\n<p>1.1. Los j\u00f3venes en Europa<br \/>\n1.2. Los j\u00f3venes en Espa\u00f1a<br \/>\n1.3. Los j\u00f3venes en Andaluc\u00eda<\/p>\n<p><strong>2. ESTRATEGIAS E INICIATIVAS EN EL \u00c1MBITO EUROPEO<\/strong><\/p>\n<p>2.1. Estrategia de la Uni\u00f3n Europea para la Juventud 2010-2018<br \/>\n2.2. Juventud en Movimiento<br \/>\n2.3. Medidas y programas europeos espec\u00edficas para j\u00f3venes:<br \/>\n2.3.1. Garant\u00edas juveniles<br \/>\n2.3.2. EURES<br \/>\n2.3.3. Erasmus+ 2014-2012<br \/>\n2.3.4. Servicio Voluntariado Europeo<\/p>\n<p><strong>3. ESTRATEGIAS E INICIATIVAS EN EL \u00c1MBITO ESTATAL<\/strong><\/p>\n<p>3.1. Estrategia de emprendimiento y empleo joven 2013-2016<br \/>\n3.2. Plan Nacional de Implantaci\u00f3n de la Garant\u00eda Juvenil en Espa\u00f1a<br \/>\n3.3. Programa Europeo Juventud en Acci\u00f3n<\/p>\n<p><strong>4. ESTRATEGIAS E INICIATIVAS EN ANDALUC\u00cdA<\/strong><\/p>\n<p>4.1. II Plan Integral de Juventud de la Junta de Andaluc\u00eda 2011-2014<br \/>\n4.2. Ley de Juventud de Andaluc\u00eda.<br \/>\n4.3. Recursos institucionales en pol\u00edtica juvenil.<br \/>\n4.3.1. Carnet joven<br \/>\n4.3.2. Informaci\u00f3n Sexual<br \/>\n4.3.3. Turismo juvenil<br \/>\n4.3.4. Programas Europeos<br \/>\n4.3.5. Formaci\u00f3n para J\u00f3venes<br \/>\n4.3.6. Programa Forma Joven<\/p>\n<\/div>\n<\/div>\n<p>[\/vc_column_text][\/vc_column][\/vc_row][vc_row full_width=\u00bb\u00bb parallax=\u00bb\u00bb parallax_image=\u00bb\u00bb css=\u00bb.vc_custom_1427806970509{margin-top: 35px !important;margin-bottom: 35px !important;}\u00bb][vc_column width=\u00bb1\/1&#8243;][vc_column_text]<\/p>\n<p><a href=\"https:\/\/docs.google.com\/forms\/d\/1u7llTRpAUOp8PHWmURV_3j8bKHsqoQK90jqsmpNPUCM\/viewform\" target=\"_blank\"><img loading=\"lazy\" class=\"aligncenter size-full wp-image-936\" src=\"http:\/\/divulgaciondinamica.info\/promos\/wp-content\/uploads\/2015\/09\/btn-inscripcion.png\" alt=\"btn-inscripcion\" width=\"245\" height=\"59\" \/><\/a><\/p>\n<p>[\/vc_column_text][\/vc_column][\/vc_row]<\/p>\n","protected":false},"excerpt":{"rendered":"<p>[vc_row full_width=\u00bb\u00bb parallax=\u00bb\u00bb parallax_image=\u00bb\u00bb css=\u00bb.vc_custom_1427804811471{margin-top: 25px !important;margin-bottom: 25px !important;}\u00bb][vc_column width=\u00bb1\/2&#8243;][vc_single_image image=\u00bb24&#8243; alignment=\u00bb\u00bb style=\u00bb\u00bb border_color=\u00bbgrey\u00bb img_link_large=\u00bb\u00bb img_link_target=\u00bb_self\u00bb css_animation=\u00bb\u00bb img_size=\u00bb266&#215;82&#8243;][\/vc_column][vc_column width=\u00bb1\/2&#8243;][vc_column_text] Curso subvencionado por la Consejer\u00eda de la Presidencia de la Junta de Andaluc\u00eda [\/vc_column_text][\/vc_column][\/vc_row][vc_row full_width=\u00bb\u00bb parallax=\u00bb\u00bb parallax_image=\u00bb\u00bb][vc_column width=\u00bb1\/1&#8243;][vc_column_text] [\/vc_column_text][\/vc_column][\/vc_row][vc_row full_width=\u00bb\u00bb parallax=\u00bb\u00bb<\/p>\n","protected":false},"author":1,"featured_media":0,"parent":0,"menu_order":0,"comment_status":"closed","ping_status":"closed","template":"","meta":[],"yoast_head":"<!-- This site is optimized with the Yoast SEO plugin v15.7 - https:\/\/yoast.com\/wordpress\/plugins\/seo\/ -->\n<title>Curso de Juventud, empleo y cohesi\u00f3n social. Estrategias e iniciativas en el \u00e1mbito de la juventud en Europa y Andaluc\u00eda - Divulgaci\u00f3n Din\u00e1mica<\/title>\n<meta name=\"robots\" content=\"index, follow, max-snippet:-1, max-image-preview:large, max-video-preview:-1\" \/>\n<link rel=\"canonical\" href=\"https:\/\/divulgaciondinamica.info\/promos\/curso-juventud-empleo-y-cohesion-social\/\" \/>\n<meta property=\"og:locale\" content=\"es_ES\" \/>\n<meta property=\"og:type\" content=\"article\" \/>\n<meta property=\"og:title\" content=\"Curso de Juventud, empleo y cohesi\u00f3n social. Estrategias e iniciativas en el \u00e1mbito de la juventud en Europa y Andaluc\u00eda - Divulgaci\u00f3n Din\u00e1mica\" \/>\n<meta property=\"og:description\" content=\"[vc_row full_width=\u00bb\u00bb parallax=\u00bb\u00bb parallax_image=\u00bb\u00bb css=\u00bb.vc_custom_1427804811471{margin-top: 25px !important;margin-bottom: 25px !important;}\u00bb][vc_column width=\u00bb1\/2&#8243;][vc_single_image image=\u00bb24&#8243; alignment=\u00bb\u00bb style=\u00bb\u00bb border_color=\u00bbgrey\u00bb img_link_large=\u00bb\u00bb img_link_target=\u00bb_self\u00bb css_animation=\u00bb\u00bb img_size=\u00bb266&#215;82&#8243;][\/vc_column][vc_column width=\u00bb1\/2&#8243;][vc_column_text] Curso subvencionado por la Consejer\u00eda de la Presidencia de la Junta de Andaluc\u00eda [\/vc_column_text][\/vc_column][\/vc_row][vc_row full_width=\u00bb\u00bb parallax=\u00bb\u00bb parallax_image=\u00bb\u00bb][vc_column width=\u00bb1\/1&#8243;][vc_column_text] [\/vc_column_text][\/vc_column][\/vc_row][vc_row full_width=\u00bb\u00bb parallax=\u00bb\u00bb\" \/>\n<meta property=\"og:url\" content=\"https:\/\/divulgaciondinamica.info\/promos\/curso-juventud-empleo-y-cohesion-social\/\" \/>\n<meta property=\"og:site_name\" content=\"Divulgaci\u00f3n Din\u00e1mica\" \/>\n<meta property=\"article:publisher\" content=\"https:\/\/www.facebook.com\/divulgaciondinamicaformacion\/\" \/>\n<meta property=\"article:modified_time\" content=\"2015-09-30T08:59:25+00:00\" \/>\n<meta property=\"og:image\" content=\"http:\/\/divulgaciondinamica.info\/promos\/wp-content\/uploads\/2015\/09\/imagen-curso-juventud-empleo-cohesion-social_01.jpg\" \/>\n<meta name=\"twitter:card\" content=\"summary_large_image\" \/>\n<meta name=\"twitter:site\" content=\"@divulgaciond\" \/>\n<meta name=\"twitter:label1\" content=\"Tiempo de lectura\">\n\t<meta name=\"twitter:data1\" content=\"4 minutos\">\n<script type=\"application\/ld+json\" class=\"yoast-schema-graph\">{\"@context\":\"https:\/\/schema.org\",\"@graph\":[{\"@type\":\"Organization\",\"@id\":\"https:\/\/divulgaciondinamica.info\/promos\/#organization\",\"name\":\"Divulgaci\\u00f3n Din\\u00e1mica S.L.\",\"url\":\"https:\/\/divulgaciondinamica.info\/promos\/\",\"sameAs\":[\"https:\/\/www.facebook.com\/divulgaciondinamicaformacion\/\",\"https:\/\/www.instagram.com\/divulgaciondinamica\",\"https:\/\/www.linkedin.com\/company-beta\/9490428\/\",\"https:\/\/www.youtube.com\/user\/ddinamica2010\",\"https:\/\/twitter.com\/divulgaciond\"],\"logo\":{\"@type\":\"ImageObject\",\"@id\":\"https:\/\/divulgaciondinamica.info\/promos\/#logo\",\"inLanguage\":\"es\",\"url\":\"https:\/\/divulgaciondinamica.info\/promos\/wp-content\/uploads\/2016\/02\/logo-divulgaciondinamica-ddf.png\",\"width\":400,\"height\":79,\"caption\":\"Divulgaci\\u00f3n Din\\u00e1mica S.L.\"},\"image\":{\"@id\":\"https:\/\/divulgaciondinamica.info\/promos\/#logo\"}},{\"@type\":\"WebSite\",\"@id\":\"https:\/\/divulgaciondinamica.info\/promos\/#website\",\"url\":\"https:\/\/divulgaciondinamica.info\/promos\/\",\"name\":\"Divulgaci\\u00f3n Din\\u00e1mica\",\"description\":\"Formaci\\u00f3n de calidad al alcance de todos\",\"publisher\":{\"@id\":\"https:\/\/divulgaciondinamica.info\/promos\/#organization\"},\"potentialAction\":[{\"@type\":\"SearchAction\",\"target\":\"https:\/\/divulgaciondinamica.info\/promos\/?s={search_term_string}\",\"query-input\":\"required name=search_term_string\"}],\"inLanguage\":\"es\"},{\"@type\":\"ImageObject\",\"@id\":\"https:\/\/divulgaciondinamica.info\/promos\/curso-juventud-empleo-y-cohesion-social\/#primaryimage\",\"inLanguage\":\"es\",\"url\":\"http:\/\/divulgaciondinamica.info\/promos\/wp-content\/uploads\/2015\/09\/imagen-curso-juventud-empleo-cohesion-social_01.jpg\"},{\"@type\":\"WebPage\",\"@id\":\"https:\/\/divulgaciondinamica.info\/promos\/curso-juventud-empleo-y-cohesion-social\/#webpage\",\"url\":\"https:\/\/divulgaciondinamica.info\/promos\/curso-juventud-empleo-y-cohesion-social\/\",\"name\":\"Curso de Juventud, empleo y cohesi\\u00f3n social. Estrategias e iniciativas en el \\u00e1mbito de la juventud en Europa y Andaluc\\u00eda - Divulgaci\\u00f3n Din\\u00e1mica\",\"isPartOf\":{\"@id\":\"https:\/\/divulgaciondinamica.info\/promos\/#website\"},\"primaryImageOfPage\":{\"@id\":\"https:\/\/divulgaciondinamica.info\/promos\/curso-juventud-empleo-y-cohesion-social\/#primaryimage\"},\"datePublished\":\"2015-09-29T09:24:32+00:00\",\"dateModified\":\"2015-09-30T08:59:25+00:00\",\"inLanguage\":\"es\",\"potentialAction\":[{\"@type\":\"ReadAction\",\"target\":[\"https:\/\/divulgaciondinamica.info\/promos\/curso-juventud-empleo-y-cohesion-social\/\"]}]}]}<\/script>\n<!-- \/ Yoast SEO plugin. -->","_links":{"self":[{"href":"https:\/\/divulgaciondinamica.info\/promos\/wp-json\/wp\/v2\/pages\/933"}],"collection":[{"href":"https:\/\/divulgaciondinamica.info\/promos\/wp-json\/wp\/v2\/pages"}],"about":[{"href":"https:\/\/divulgaciondinamica.info\/promos\/wp-json\/wp\/v2\/types\/page"}],"author":[{"embeddable":true,"href":"https:\/\/divulgaciondinamica.info\/promos\/wp-json\/wp\/v2\/users\/1"}],"replies":[{"embeddable":true,"href":"https:\/\/divulgaciondinamica.info\/promos\/wp-json\/wp\/v2\/comments?post=933"}],"version-history":[{"count":5,"href":"https:\/\/divulgaciondinamica.info\/promos\/wp-json\/wp\/v2\/pages\/933\/revisions"}],"predecessor-version":[{"id":951,"href":"https:\/\/divulgaciondinamica.info\/promos\/wp-json\/wp\/v2\/pages\/933\/revisions\/951"}],"wp:attachment":[{"href":"https:\/\/divulgaciondinamica.info\/promos\/wp-json\/wp\/v2\/media?parent=933"}],"curies":[{"name":"wp","href":"https:\/\/api.w.org\/{rel}","templated":true}]}}