{"id":9212,"date":"2017-11-02T16:32:57","date_gmt":"2017-11-02T16:32:57","guid":{"rendered":"http:\/\/divulgaciondinamica.info\/promos\/?page_id=9212"},"modified":"2017-11-03T08:50:57","modified_gmt":"2017-11-03T08:50:57","slug":"secretaria-renovacion-programa-socios-d","status":"publish","type":"page","link":"https:\/\/divulgaciondinamica.info\/promos\/secretaria-renovacion-programa-socios-d\/","title":{"rendered":"Secretar\u00eda de Renovaci\u00f3n Programa Socios d"},"content":{"rendered":"<p>[vc_row css=\u00bb.vc_custom_1427804811471{margin-top: 25px !important;margin-bottom: 25px !important;}\u00bb][vc_column width=\u00bb2\/3&#8243;][vc_single_image image=\u00bb5448&#8243; img_size=\u00bb661&#215;82&#8243;][\/vc_column][vc_column width=\u00bb1\/3&#8243;][vc_column_text]<\/p>\n<h6 style=\"text-align: right;\"><i class=\"fa fa-whatsapp\"><\/i> 618 20 04 80<\/h6>\n<p style=\"text-align: right;\"><strong>orientadora1@divulgaciondinamica.es<\/strong><\/p>\n<p>[\/vc_column_text][\/vc_column][\/vc_row][vc_row css=\u00bb.vc_custom_1464605779315{margin-top: 40px !important;margin-bottom: 20px !important;}\u00bb][vc_column][vc_separator][vc_column_text css=\u00bb.vc_custom_1487855466280{margin-top: 30px !important;margin-bottom: 10px !important;}\u00bb]<\/p>\n<h2 style=\"text-align: center;\"><span style=\"color: #4fd174;\"><strong><span style=\"color: #4fd174;\">SECRETAR\u00cdA VIRTUAL DE INSCRIPCI\u00d3N<\/span><br \/>\n<\/strong><\/span><\/h2>\n<p>[\/vc_column_text][\/vc_column][\/vc_row][vc_row][vc_column][vc_column_text]<\/p>\n<h3 style=\"text-align: center;\"><strong><span style=\"color: #333333;\">Renovaci\u00f3n del Programa de Socios<\/span><\/strong><span style=\"color: #4fd174;\"><strong><br \/>\nCoste: 90\u20ac<\/strong><\/span><\/h3>\n<p>[\/vc_column_text][\/vc_column][\/vc_row][vc_row css=\u00bb.vc_custom_1464605910865{margin-top: 20px !important;margin-bottom: 20px !important;}\u00bb][vc_column][vc_separator][\/vc_column][\/vc_row][vc_row][vc_column][vc_column_text css=\u00bb.vc_custom_1504700550723{margin-top: 10px !important;margin-bottom: 10px !important;}\u00bb]<\/p>\n<h2 style=\"text-align: center;\"><span style=\"color: #4fd174;\"><strong>Formaliza tu pago:<br \/>\n<\/strong><\/span><\/h2>\n<p>[\/vc_column_text][vc_column_text]<\/p>\n<p style=\"text-align: center;\">Elige una forma de pago:<\/p>\n<p style=\"text-align: center;\"><span style=\"color: #db0f0f;\">IMPORTANTE: Para los pagos mediante Transferencia o Ingreso<\/span><br \/>\n<span style=\"color: #db0f0f;\">RECUERDA indicar Nombre y Apellidos en el Concepto y enviar foto \/ escaneo del recibo a: orientadora1@divulgaciondinamica.es<\/span><\/p>\n<p>[\/vc_column_text][\/vc_column][\/vc_row][vc_row css=\u00bb.vc_custom_1464606449729{margin-top: 20px !important;margin-bottom: 20px !important;}\u00bb][vc_column width=\u00bb1\/6&#8243;][vc_column_text]\u00a0[\/vc_column_text][\/vc_column][vc_column width=\u00bb2\/3&#8243;][vc_row_inner][vc_column_inner width=\u00bb1\/3&#8243;][vc_btn title=\u00bbTransferencia\u00bb style=\u00bbflat\u00bb color=\u00bbwarning\u00bb size=\u00bblg\u00bb align=\u00bbcenter\u00bb i_icon_fontawesome=\u00bbfa fa-credit-card\u00bb add_icon=\u00bbtrue\u00bb link=\u00bburl:http%3A%2F%2Fdivulgaciondinamica.info%2Fpromos%2Fwp-content%2Fuploads%2F2017%2F11%2Ftransferencia-bancaria-segura-orientadora1.png||target:%20_blank\u00bb][\/vc_column_inner][vc_column_inner width=\u00bb1\/3&#8243;][vc_btn title=\u00bbPago Online\u00bb style=\u00bbflat\u00bb color=\u00bbsuccess\u00bb size=\u00bblg\u00bb align=\u00bbcenter\u00bb i_icon_fontawesome=\u00bbfa fa-cc-visa\u00bb add_icon=\u00bbtrue\u00bb link=\u00bburl:http%3A%2F%2Fwww.dd.divulgaciondinamica.es%2Fddinscripcion%2Fformulario_pago.php||target:%20_blank\u00bb][\/vc_column_inner][vc_column_inner width=\u00bb1\/3&#8243;][vc_btn title=\u00bbPayPal\u00bb style=\u00bbflat\u00bb color=\u00bbprimary\u00bb size=\u00bblg\u00bb align=\u00bbcenter\u00bb i_icon_fontawesome=\u00bbfa fa-paypal\u00bb add_icon=\u00bbtrue\u00bb link=\u00bburl:https%3A%2F%2Fwww.paypal.com%2Fcgi-bin%2Fwebscr%3Fcmd%3D_s-xclick%26hosted_button_id%3DHCJ8GTN7DU24Q||target:%20_blank\u00bb][\/vc_column_inner][\/vc_row_inner][vc_single_image image=\u00bb2797&#8243; img_size=\u00bb422&#215;48&#8243; alignment=\u00bbcenter\u00bb css=\u00bb.vc_custom_1464607763060{margin-top: 40px !important;margin-bottom: 30px !important;}\u00bb][\/vc_column][vc_column width=\u00bb1\/6&#8243;][vc_column_text]\u00a0[\/vc_column_text][\/vc_column][\/vc_row][vc_row css=\u00bb.vc_custom_1464606916486{margin-top: 30px !important;margin-bottom: 30px !important;}\u00bb][vc_column][vc_separator][\/vc_column][\/vc_row]<\/p>\n","protected":false},"excerpt":{"rendered":"<p>[vc_row css=\u00bb.vc_custom_1427804811471{margin-top: 25px !important;margin-bottom: 25px !important;}\u00bb][vc_column width=\u00bb2\/3&#8243;][vc_single_image image=\u00bb5448&#8243; img_size=\u00bb661&#215;82&#8243;][\/vc_column][vc_column width=\u00bb1\/3&#8243;][vc_column_text] 618 20 04 80 orientadora1@divulgaciondinamica.es [\/vc_column_text][\/vc_column][\/vc_row][vc_row css=\u00bb.vc_custom_1464605779315{margin-top: 40px !important;margin-bottom: 20px !important;}\u00bb][vc_column][vc_separator][vc_column_text css=\u00bb.vc_custom_1487855466280{margin-top: 30px !important;margin-bottom: 10px !important;}\u00bb] SECRETAR\u00cdA VIRTUAL DE INSCRIPCI\u00d3N [\/vc_column_text][\/vc_column][\/vc_row][vc_row][vc_column][vc_column_text] Renovaci\u00f3n del Programa de Socios Coste: 90\u20ac [\/vc_column_text][\/vc_column][\/vc_row][vc_row css=\u00bb.vc_custom_1464605910865{margin-top:<\/p>\n","protected":false},"author":1,"featured_media":0,"parent":0,"menu_order":0,"comment_status":"closed","ping_status":"closed","template":"","meta":[],"yoast_head":"<!-- This site is optimized with the Yoast SEO plugin v15.7 - https:\/\/yoast.com\/wordpress\/plugins\/seo\/ -->\n<title>Secretar\u00eda de Renovaci\u00f3n Programa Socios d - Divulgaci\u00f3n Din\u00e1mica<\/title>\n<meta name=\"robots\" content=\"index, follow, max-snippet:-1, max-image-preview:large, max-video-preview:-1\" \/>\n<link rel=\"canonical\" href=\"https:\/\/divulgaciondinamica.info\/promos\/secretaria-renovacion-programa-socios-d\/\" \/>\n<meta property=\"og:locale\" content=\"es_ES\" \/>\n<meta property=\"og:type\" content=\"article\" \/>\n<meta property=\"og:title\" content=\"Secretar\u00eda de Renovaci\u00f3n Programa Socios d - Divulgaci\u00f3n Din\u00e1mica\" \/>\n<meta property=\"og:description\" content=\"[vc_row css=\u00bb.vc_custom_1427804811471{margin-top: 25px !important;margin-bottom: 25px !important;}\u00bb][vc_column width=\u00bb2\/3&#8243;][vc_single_image image=\u00bb5448&#8243; img_size=\u00bb661&#215;82&#8243;][\/vc_column][vc_column width=\u00bb1\/3&#8243;][vc_column_text] 618 20 04 80 orientadora1@divulgaciondinamica.es [\/vc_column_text][\/vc_column][\/vc_row][vc_row css=\u00bb.vc_custom_1464605779315{margin-top: 40px !important;margin-bottom: 20px !important;}\u00bb][vc_column][vc_separator][vc_column_text css=\u00bb.vc_custom_1487855466280{margin-top: 30px !important;margin-bottom: 10px !important;}\u00bb] SECRETAR\u00cdA VIRTUAL DE INSCRIPCI\u00d3N [\/vc_column_text][\/vc_column][\/vc_row][vc_row][vc_column][vc_column_text] Renovaci\u00f3n del Programa de Socios Coste: 90\u20ac [\/vc_column_text][\/vc_column][\/vc_row][vc_row css=\u00bb.vc_custom_1464605910865{margin-top:\" \/>\n<meta property=\"og:url\" content=\"https:\/\/divulgaciondinamica.info\/promos\/secretaria-renovacion-programa-socios-d\/\" \/>\n<meta property=\"og:site_name\" content=\"Divulgaci\u00f3n Din\u00e1mica\" \/>\n<meta property=\"article:publisher\" content=\"https:\/\/www.facebook.com\/divulgaciondinamicaformacion\/\" \/>\n<meta property=\"article:modified_time\" content=\"2017-11-03T08:50:57+00:00\" \/>\n<meta name=\"twitter:card\" content=\"summary_large_image\" \/>\n<meta name=\"twitter:site\" content=\"@divulgaciond\" \/>\n<meta name=\"twitter:label1\" content=\"Tiempo de lectura\">\n\t<meta name=\"twitter:data1\" content=\"2 minutos\">\n<script type=\"application\/ld+json\" class=\"yoast-schema-graph\">{\"@context\":\"https:\/\/schema.org\",\"@graph\":[{\"@type\":\"Organization\",\"@id\":\"https:\/\/divulgaciondinamica.info\/promos\/#organization\",\"name\":\"Divulgaci\\u00f3n Din\\u00e1mica S.L.\",\"url\":\"https:\/\/divulgaciondinamica.info\/promos\/\",\"sameAs\":[\"https:\/\/www.facebook.com\/divulgaciondinamicaformacion\/\",\"https:\/\/www.instagram.com\/divulgaciondinamica\",\"https:\/\/www.linkedin.com\/company-beta\/9490428\/\",\"https:\/\/www.youtube.com\/user\/ddinamica2010\",\"https:\/\/twitter.com\/divulgaciond\"],\"logo\":{\"@type\":\"ImageObject\",\"@id\":\"https:\/\/divulgaciondinamica.info\/promos\/#logo\",\"inLanguage\":\"es\",\"url\":\"https:\/\/divulgaciondinamica.info\/promos\/wp-content\/uploads\/2016\/02\/logo-divulgaciondinamica-ddf.png\",\"width\":400,\"height\":79,\"caption\":\"Divulgaci\\u00f3n Din\\u00e1mica S.L.\"},\"image\":{\"@id\":\"https:\/\/divulgaciondinamica.info\/promos\/#logo\"}},{\"@type\":\"WebSite\",\"@id\":\"https:\/\/divulgaciondinamica.info\/promos\/#website\",\"url\":\"https:\/\/divulgaciondinamica.info\/promos\/\",\"name\":\"Divulgaci\\u00f3n Din\\u00e1mica\",\"description\":\"Formaci\\u00f3n de calidad al alcance de todos\",\"publisher\":{\"@id\":\"https:\/\/divulgaciondinamica.info\/promos\/#organization\"},\"potentialAction\":[{\"@type\":\"SearchAction\",\"target\":\"https:\/\/divulgaciondinamica.info\/promos\/?s={search_term_string}\",\"query-input\":\"required name=search_term_string\"}],\"inLanguage\":\"es\"},{\"@type\":\"WebPage\",\"@id\":\"https:\/\/divulgaciondinamica.info\/promos\/secretaria-renovacion-programa-socios-d\/#webpage\",\"url\":\"https:\/\/divulgaciondinamica.info\/promos\/secretaria-renovacion-programa-socios-d\/\",\"name\":\"Secretar\\u00eda de Renovaci\\u00f3n Programa Socios d - Divulgaci\\u00f3n Din\\u00e1mica\",\"isPartOf\":{\"@id\":\"https:\/\/divulgaciondinamica.info\/promos\/#website\"},\"datePublished\":\"2017-11-02T16:32:57+00:00\",\"dateModified\":\"2017-11-03T08:50:57+00:00\",\"inLanguage\":\"es\",\"potentialAction\":[{\"@type\":\"ReadAction\",\"target\":[\"https:\/\/divulgaciondinamica.info\/promos\/secretaria-renovacion-programa-socios-d\/\"]}]}]}<\/script>\n<!-- \/ Yoast SEO plugin. -->","_links":{"self":[{"href":"https:\/\/divulgaciondinamica.info\/promos\/wp-json\/wp\/v2\/pages\/9212"}],"collection":[{"href":"https:\/\/divulgaciondinamica.info\/promos\/wp-json\/wp\/v2\/pages"}],"about":[{"href":"https:\/\/divulgaciondinamica.info\/promos\/wp-json\/wp\/v2\/types\/page"}],"author":[{"embeddable":true,"href":"https:\/\/divulgaciondinamica.info\/promos\/wp-json\/wp\/v2\/users\/1"}],"replies":[{"embeddable":true,"href":"https:\/\/divulgaciondinamica.info\/promos\/wp-json\/wp\/v2\/comments?post=9212"}],"version-history":[{"count":4,"href":"https:\/\/divulgaciondinamica.info\/promos\/wp-json\/wp\/v2\/pages\/9212\/revisions"}],"predecessor-version":[{"id":9232,"href":"https:\/\/divulgaciondinamica.info\/promos\/wp-json\/wp\/v2\/pages\/9212\/revisions\/9232"}],"wp:attachment":[{"href":"https:\/\/divulgaciondinamica.info\/promos\/wp-json\/wp\/v2\/media?parent=9212"}],"curies":[{"name":"wp","href":"https:\/\/api.w.org\/{rel}","templated":true}]}}