                                                                                                                                                                                        {"id":9046,"date":"2017-10-26T14:56:17","date_gmt":"2017-10-26T14:56:17","guid":{"rendered":"http:\/\/divulgaciondinamica.info\/promos\/?page_id=9046"},"modified":"2017-12-18T13:18:23","modified_gmt":"2017-12-18T13:18:23","slug":"curso-educador-colectivos-riesgo-exclusion-lp","status":"publish","type":"page","link":"https:\/\/divulgaciondinamica.info\/promos\/curso-educador-colectivos-riesgo-exclusion-lp\/","title":{"rendered":"Curso Educador de Colectivos en Riesgo de Exclusi\u00f3n LP"},"content":{"rendered":"<p>[vc_row css=\u00bb.vc_custom_1509439241201{padding-top: 18px !important;padding-right: 5px !important;padding-bottom: 0px !important;padding-left: 5px !important;background-color: #fd6861 !important;}\u00bb][vc_column][vc_custom_heading text=\u00bbZ O N A O U T L E T\u00bb font_container=\u00bbtag:p|font_size:19|text_align:center|color:%23ffffff\u00bb google_fonts=\u00bbfont_family:Lato%3A100%2C100italic%2C300%2C300italic%2Cregular%2Citalic%2C700%2C700italic%2C900%2C900italic|font_style:900%20bold%20regular%3A900%3Anormal\u00bb][\/vc_column][\/vc_row][vc_row css=\u00bb.vc_custom_1427804811471{margin-top: 25px !important;margin-bottom: 25px !important;}\u00bb][vc_column width=\u00bb2\/3&#8243;][vc_single_image image=\u00bb1573&#8243; img_size=\u00bb661&#215;82&#8243;][\/vc_column][vc_column width=\u00bb1\/3&#8243;][vc_custom_heading text=\u00bbInf\u00f3rmate: 669 10 42 82 \u00bb font_container=\u00bbtag:p|font_size:16|text_align:right|color:%2315b551&#8243; google_fonts=\u00bbfont_family:Lato%3A100%2C100italic%2C300%2C300italic%2Cregular%2Citalic%2C700%2C700italic%2C900%2C900italic|font_style:700%20bold%20regular%3A700%3Anormal\u00bb][vc_row_inner css=\u00bb.vc_custom_1507894679589{margin-top: -5px !important;}\u00bb][vc_column_inner][vc_column_text]<a class=\"whatsapp_3\" target=\"_blank\" href=\"https:\/\/web.whatsapp.com\/send?l=es&phone=34669104282\"><div class=\"whatsapp_3 whatsapp shortcode right\" style=\"background-color: #25d366\"><span class=\"whatsapp_3\"style=\"background-color: #25d366\"><i class=\"whatsapp_3 whatsapp-icon\" style=\"padding-right:0px!important;\"><\/i> Abrir Whatsapp<\/span><\/div><\/a>[\/vc_column_text][\/vc_column_inner][\/vc_row_inner][vc_custom_heading text=\u00bbpromotora10@divulgaciondinamica.es\u00bb font_container=\u00bbtag:p|font_size:15|text_align:right|color:%237c7c7c\u00bb google_fonts=\u00bbfont_family:Lato%3A100%2C100italic%2C300%2C300italic%2Cregular%2Citalic%2C700%2C700italic%2C900%2C900italic|font_style:700%20bold%20regular%3A700%3Anormal\u00bb link=\u00bburl:mailto%3Apromotora10%40divulgaciondinamica.es||\u00bb css=\u00bb.vc_custom_1508138931082{margin-top: 10px !important;}\u00bb][\/vc_column][\/vc_row][vc_row css=\u00bb.vc_custom_1489484355483{margin-top: 25px !important;margin-bottom: 15px !important;}\u00bb][vc_column][vc_custom_heading text=\u00bbCurso Online\u00bb font_container=\u00bbtag:h2|font_size:32|text_align:center|color:%230a7aba|line_height:1.1&#8243; google_fonts=\u00bbfont_family:Lato%3A100%2C100italic%2C300%2C300italic%2Cregular%2Citalic%2C700%2C700italic%2C900%2C900italic|font_style:300%20light%20regular%3A300%3Anormal\u00bb css=\u00bb.vc_custom_1489484473508{margin-bottom: 5px !important;}\u00bb][vc_custom_heading text=\u00bbEducador de Colectivos en Riesgo de Exclusi\u00f3n\u00bb font_container=\u00bbtag:h2|font_size:44|text_align:center|color:%230a7aba|line_height:1.1&#8243; google_fonts=\u00bbfont_family:Lato%3A100%2C100italic%2C300%2C300italic%2Cregular%2Citalic%2C700%2C700italic%2C900%2C900italic|font_style:900%20bold%20regular%3A900%3Anormal\u00bb css=\u00bb.vc_custom_1509029692001{margin-bottom: 15px !important;}\u00bb][\/vc_column][\/vc_row][vc_row css=\u00bb.vc_custom_1489484502411{margin-top: 25px !important;margin-right: 0px !important;margin-bottom: 15px !important;}\u00bb][vc_column width=\u00bb1\/4&#8243;][vc_row_inner css=\u00bb.vc_custom_1489423995390{margin-top: 2px !important;margin-right: 2px !important;margin-bottom: 2px !important;margin-left: 2px !important;padding-top: 10px !important;padding-right: 5px !important;padding-bottom: 20px !important;padding-left: 5px !important;background-color: #efefef !important;}\u00bb][vc_column_inner][vc_icon icon_fontawesome=\u00bbfa fa-laptop\u00bb color=\u00bbsky\u00bb size=\u00bblg\u00bb align=\u00bbcenter\u00bb css_animation=\u00bbbottom-to-top\u00bb css=\u00bb.vc_custom_1489423953746{margin-bottom: 10px !important;}\u00bb][vc_custom_heading text=\u00bbModalidad:\u00bb font_container=\u00bbtag:h2|font_size:18|text_align:center|color:%230a7aba|line_height:1.2&#8243; google_fonts=\u00bbfont_family:Lato%3A100%2C100italic%2C300%2C300italic%2Cregular%2Citalic%2C700%2C700italic%2C900%2C900italic|font_style:900%20bold%20regular%3A900%3Anormal\u00bb css=\u00bb.vc_custom_1489423549304{margin-bottom: 5px !important;}\u00bb][vc_custom_heading text=\u00bb100% online\u00bb font_container=\u00bbtag:h2|font_size:16|text_align:center|color:%230a7aba|line_height:1.2&#8243; google_fonts=\u00bbfont_family:Lato%3A100%2C100italic%2C300%2C300italic%2Cregular%2Citalic%2C700%2C700italic%2C900%2C900italic|font_style:400%20regular%3A400%3Anormal\u00bb][\/vc_column_inner][\/vc_row_inner][\/vc_column][vc_column width=\u00bb1\/4&#8243;][vc_row_inner css=\u00bb.vc_custom_1489424000853{margin-top: 2px !important;margin-right: 2px !important;margin-bottom: 2px !important;margin-left: 2px !important;padding-top: 10px !important;padding-right: 5px !important;padding-bottom: 20px !important;padding-left: 5px !important;background-color: #efefef !important;}\u00bb][vc_column_inner][vc_icon icon_fontawesome=\u00bbfa fa-clock-o\u00bb color=\u00bbsky\u00bb size=\u00bblg\u00bb align=\u00bbcenter\u00bb css_animation=\u00bbbottom-to-top\u00bb css=\u00bb.vc_custom_1489424050530{margin-bottom: 10px !important;}\u00bb][vc_custom_heading text=\u00bbDuraci\u00f3n:\u00bb font_container=\u00bbtag:h2|font_size:18|text_align:center|color:%230a7aba|line_height:1.2&#8243; google_fonts=\u00bbfont_family:Lato%3A100%2C100italic%2C300%2C300italic%2Cregular%2Citalic%2C700%2C700italic%2C900%2C900italic|font_style:900%20bold%20regular%3A900%3Anormal\u00bb css=\u00bb.vc_custom_1489423553086{margin-bottom: 5px !important;}\u00bb][vc_custom_heading text=\u00bb150 h. \/ 2 meses\u00bb font_container=\u00bbtag:h2|font_size:16|text_align:center|color:%230a7aba|line_height:1.2&#8243; google_fonts=\u00bbfont_family:Lato%3A100%2C100italic%2C300%2C300italic%2Cregular%2Citalic%2C700%2C700italic%2C900%2C900italic|font_style:400%20regular%3A400%3Anormal\u00bb][\/vc_column_inner][\/vc_row_inner][\/vc_column][vc_column width=\u00bb1\/4&#8243;][vc_row_inner css=\u00bb.vc_custom_1489424005381{margin-top: 2px !important;margin-right: 2px !important;margin-bottom: 2px !important;margin-left: 2px !important;padding-top: 10px !important;padding-right: 5px !important;padding-bottom: 20px !important;padding-left: 5px !important;background-color: #efefef !important;}\u00bb][vc_column_inner][vc_icon icon_fontawesome=\u00bbfa fa-calendar\u00bb color=\u00bbsky\u00bb size=\u00bblg\u00bb align=\u00bbcenter\u00bb css_animation=\u00bbbottom-to-top\u00bb css=\u00bb.vc_custom_1489423962381{margin-bottom: 10px !important;}\u00bb][vc_custom_heading text=\u00bbFecha Inicio:\u00bb font_container=\u00bbtag:h2|font_size:18|text_align:center|color:%230a7aba|line_height:1.2&#8243; google_fonts=\u00bbfont_family:Lato%3A100%2C100italic%2C300%2C300italic%2Cregular%2Citalic%2C700%2C700italic%2C900%2C900italic|font_style:900%20bold%20regular%3A900%3Anormal\u00bb css=\u00bb.vc_custom_1489423557331{margin-bottom: 5px !important;}\u00bb][vc_custom_heading text=\u00bb10 \/ enero \/ 2018&#8243; font_container=\u00bbtag:h2|font_size:16|text_align:center|color:%230a7aba|line_height:1.2&#8243; google_fonts=\u00bbfont_family:Lato%3A100%2C100italic%2C300%2C300italic%2Cregular%2Citalic%2C700%2C700italic%2C900%2C900italic|font_style:400%20regular%3A400%3Anormal\u00bb][\/vc_column_inner][\/vc_row_inner][\/vc_column][vc_column width=\u00bb1\/4&#8243;][vc_row_inner css=\u00bb.vc_custom_1489424009765{margin-top: 2px !important;margin-right: 2px !important;margin-bottom: 2px !important;margin-left: 2px !important;padding-top: 10px !important;padding-right: 5px !important;padding-bottom: 20px !important;padding-left: 5px !important;background-color: #efefef !important;}\u00bb][vc_column_inner][vc_icon icon_fontawesome=\u00bbfa fa-graduation-cap\u00bb color=\u00bbsky\u00bb size=\u00bblg\u00bb align=\u00bbcenter\u00bb css_animation=\u00bbbottom-to-top\u00bb css=\u00bb.vc_custom_1489423967355{margin-bottom: 10px !important;}\u00bb][vc_custom_heading text=\u00bbTasas Administrativas:\u00bb font_container=\u00bbtag:h2|font_size:18|text_align:center|color:%230a7aba|line_height:1.2&#8243; google_fonts=\u00bbfont_family:Lato%3A100%2C100italic%2C300%2C300italic%2Cregular%2Citalic%2C700%2C700italic%2C900%2C900italic|font_style:900%20bold%20regular%3A900%3Anormal\u00bb css=\u00bb.vc_custom_1489423561127{margin-bottom: 5px !important;}\u00bb][vc_custom_heading text=\u00bbPaga s\u00f3lo 30\u20ac\u00bb font_container=\u00bbtag:h2|font_size:16|text_align:center|color:%230a7aba|line_height:1.2&#8243; google_fonts=\u00bbfont_family:Lato%3A100%2C100italic%2C300%2C300italic%2Cregular%2Citalic%2C700%2C700italic%2C900%2C900italic|font_style:400%20regular%3A400%3Anormal\u00bb][\/vc_column_inner][\/vc_row_inner][\/vc_column][\/vc_row][vc_row][vc_column][vc_column_text]<img loading=\"lazy\" class=\"alignleft wp-image-3036 size-full\" title=\"Coaching Nutricional\" src=\"http:\/\/divulgaciondinamica.info\/promos\/wp-content\/uploads\/2016\/06\/imagen-curso-online-educador-colectivos-riesgo-esclusion-social.jpg\" alt=\"\" width=\"643\" height=\"434\" srcset=\"https:\/\/divulgaciondinamica.info\/promos\/wp-content\/uploads\/2016\/06\/imagen-curso-online-educador-colectivos-riesgo-esclusion-social.jpg 643w, https:\/\/divulgaciondinamica.info\/promos\/wp-content\/uploads\/2016\/06\/imagen-curso-online-educador-colectivos-riesgo-esclusion-social-300x202.jpg 300w\" sizes=\"(max-width: 643px) 100vw, 643px\" \/><iframe style=\"border: 0px solid grey;\" src=\"http:\/\/divulgaciondinamica.es\/secretariainfo\/alumnos\/iframe\/1001\/\" width=\"417\" height=\"434\" scrolling=\"auto\"><\/iframe>[\/vc_column_text][\/vc_column][\/vc_row][vc_row css=\u00bb.vc_custom_1427804437681{margin-top: 35px !important;margin-bottom: 35px !important;}\u00bb][vc_column width=\u00bb1\/4&#8243;][vc_single_image image=\u00bb8168&#8243; img_size=\u00bb250&#215;195&#8243; alignment=\u00bbcenter\u00bb][\/vc_column][vc_column width=\u00bb1\/4&#8243;][vc_single_image image=\u00bb8169&#8243; img_size=\u00bb250&#215;195&#8243; alignment=\u00bbcenter\u00bb][\/vc_column][vc_column width=\u00bb1\/4&#8243;][vc_single_image image=\u00bb8170&#8243; img_size=\u00bb250&#215;195&#8243; alignment=\u00bbcenter\u00bb][\/vc_column][vc_column width=\u00bb1\/4&#8243;][vc_single_image image=\u00bb9120&#8243; img_size=\u00bb250&#215;195&#8243; alignment=\u00bbcenter\u00bb][\/vc_column][\/vc_row][vc_row][vc_column][\/vc_column][\/vc_row][vc_row css=\u00bb.vc_custom_1427805189823{margin-top: 35px !important;margin-bottom: 35px !important;}\u00bb][vc_column width=\u00bb1\/2&#8243;][vc_custom_heading text=\u00bbPresentaci\u00f3n del Curso:\u00bb font_container=\u00bbtag:h2|font_size:26|text_align:left|color:%230a7aba|line_height:1.2&#8243; google_fonts=\u00bbfont_family:Lato%3A100%2C100italic%2C300%2C300italic%2Cregular%2Citalic%2C700%2C700italic%2C900%2C900italic|font_style:900%20bold%20regular%3A900%3Anormal\u00bb css=\u00bb.vc_custom_1489484126165{margin-bottom: 45px !important;}\u00bb][vc_column_text css=\u00bb.vc_custom_1509029604025{margin-bottom: 10px !important;}\u00bb]<\/p>\n<div id=\"stcpDiv\" style=\"text-align: justify;\">\n<p>En las sociedades siempre existen colectivos de personas que por un motivo u otro, sufren riesgo de exclusi\u00f3n social, colectivos que por su condici\u00f3n social son total o parcialmente excluidos de una participaci\u00f3n plena en la sociedad en la que viven lo que les priva de oportunidades, les dificulta el acceso a recursos econ\u00f3micos y sociales y, por lo tanto, les aleja del resto de la sociedad.<\/p>\n<p>A los principales colectivos en riesgo de exclusi\u00f3n social: discapacitados, minor\u00edas, mendigos y vagabundos,\u2026 los cambios sociales y tambi\u00e9n los econ\u00f3micos acaecidos en la presente crisis nos hacen tener muy presentes otras formas de exclusi\u00f3n social de grupos vulnerables, convirti\u00e9ndose la inclusi\u00f3n social en un gran reto para construir y mantener la cohesi\u00f3n social y la recuperaci\u00f3n.<\/p>\n<p>En el Campus de Divulgaci\u00f3n Din\u00e1mica apostamos firmemente por el desarrollo de programas de formaci\u00f3n para profesionales que trabajen en inclusi\u00f3n social y que contribuyan no solo a mejorar la calidad en la atenci\u00f3n y en el servicio a colectivos que est\u00e1n en situaci\u00f3n de exclusi\u00f3n social sino a incorporar medidas sociales y educativas espec\u00edficas como estrategias reductoras de los factores de riesgo para colectivos en riesgo de exclusi\u00f3n.<\/p>\n<p style=\"text-align: left;\"><img loading=\"lazy\" class=\"alignleft size-full wp-image-53\" src=\"http:\/\/divulgaciondinamica.info\/promos\/wp-content\/uploads\/2015\/03\/diploma-digital1.png\" alt=\"diploma-digital\" width=\"479\" height=\"322\" srcset=\"https:\/\/divulgaciondinamica.info\/promos\/wp-content\/uploads\/2015\/03\/diploma-digital1.png 479w, https:\/\/divulgaciondinamica.info\/promos\/wp-content\/uploads\/2015\/03\/diploma-digital1-300x202.png 300w\" sizes=\"(max-width: 479px) 100vw, 479px\" \/><\/p>\n<p style=\"text-align: left;\" align=\"justify\">\n<\/div>\n<p>[\/vc_column_text][\/vc_column][vc_column width=\u00bb1\/2&#8243;][vc_custom_heading text=\u00bbTemario del Curso:\u00bb font_container=\u00bbtag:h2|font_size:26|text_align:left|color:%230a7aba|line_height:1.2&#8243; google_fonts=\u00bbfont_family:Lato%3A100%2C100italic%2C300%2C300italic%2Cregular%2Citalic%2C700%2C700italic%2C900%2C900italic|font_style:900%20bold%20regular%3A900%3Anormal\u00bb css=\u00bb.vc_custom_1489484132616{margin-bottom: 45px !important;}\u00bb][vc_column_text]<strong>1. EDUCACI\u00d3N SOCIAL Y EXCLUSI\u00d3N SOCIAL<\/strong><\/p>\n<p>1.1 Exclusi\u00f3n social<br \/>\n1.2 Socializaci\u00f3n y educaci\u00f3n<br \/>\n1.3 Teor\u00edas explicativas de la exclusi\u00f3n social<br \/>\n1.4 Educaci\u00f3n social especializada<br \/>\n1.5 Intervenci\u00f3n ante los procesos de exclusi\u00f3n<br \/>\n1.6 Algunas actuaciones espec\u00edficas<\/p>\n<p><strong>2. EDUCACI\u00d3N SOCIAL Y TERCERA EDAD<\/strong><\/p>\n<p>2.1 Aspectos psicosociales del envejecimiento<br \/>\n2.2 Educaci\u00f3n social y envejecimiento<br \/>\n2.3 Algunas actuaciones con la tercera edad<\/p>\n<p><strong>3. EDUCACI\u00d3N SOCIAL EN LA FAMILIA<\/strong><\/p>\n<p>3.1 La familia<br \/>\n3.2 Intervenci\u00f3n socioeducativa en el contexto familiar<br \/>\n3.3 Ejemplo de intervenci\u00f3n: Familias de personas con discapacidad<br \/>\n3.4 Los malos tratos y situaciones de riesgo a nivel familiar<\/p>\n<p><strong>4. PERSONAS CON DISCAPACIDAD<\/strong><\/p>\n<p>4.1 Marco conceptual de la discapacidad<br \/>\n4.2 Discapacidad auditiva<br \/>\n4.3 Discapacidad visual<br \/>\n4.4 Discapacidad motriz<br \/>\n4.5 Discapacidad intelectual<br \/>\n4.6 Trastornos generales del desarrollo<br \/>\n4.7 Problemas de salud mental<br \/>\n4.8 Integraci\u00f3n social y discapacitados<\/p>\n<p><strong>5. EL DESEMPLEO COMO AGENTE DE EXCLUSI\u00d3N SOCIAL: INSERCI\u00d3N LABORAL Y OCUPACIONAL<\/strong><\/p>\n<p>5.1 Inserci\u00f3n laboral\/ocupacional e integraci\u00f3n: funciones del trabajo<br \/>\n5.2 El desempleo como agente de exclusi\u00f3n social<br \/>\n5.3 Programas de inserci\u00f3n ocupacional: itinerarios personalizados<br \/>\n5.4 Programas de inserci\u00f3n ocupacional: colectivos<br \/>\n5.5 Programas de inserci\u00f3n ocupacional: acciones en el entorno laboral[\/vc_column_text][\/vc_column][\/vc_row][vc_row css=\u00bb.vc_custom_1489484531438{margin-bottom: 60px !important;padding-top: 15px !important;padding-bottom: 5px !important;background-color: #0a7aba !important;}\u00bb][vc_column][vc_row_inner][vc_column_inner width=\u00bb1\/4&#8243;][vc_column_text]\u00a0[\/vc_column_text][\/vc_column_inner][vc_column_inner width=\u00bb1\/2&#8243;][vc_column_text]<\/p>\n<div style=\"text-align: center;\"><iframe style=\"border: 0px solid grey;\" src=\"http:\/\/divulgaciondinamica.es\/secretariainfo\/alumnos\/iframe\/1001\/\" width=\"417\" height=\"404\" scrolling=\"auto\" align=\"center\"><\/iframe><\/div>\n<p>[\/vc_column_text][\/vc_column_inner][vc_column_inner width=\u00bb1\/4&#8243;][vc_column_text]\u00a0[\/vc_column_text][\/vc_column_inner][\/vc_row_inner][\/vc_column][\/vc_row][vc_row][vc_column width=\u00bb1\/3&#8243;][\/vc_column][vc_column width=\u00bb1\/3&#8243;][vc_custom_heading text=\u00bbInf\u00f3rmate: 669 10 42 82 \u00bb font_container=\u00bbtag:p|font_size:16|text_align:center|color:%2315b551&#8243; google_fonts=\u00bbfont_family:Lato%3A100%2C100italic%2C300%2C300italic%2Cregular%2Citalic%2C700%2C700italic%2C900%2C900italic|font_style:700%20bold%20regular%3A700%3Anormal\u00bb][vc_row_inner css=\u00bb.vc_custom_1507894965808{margin-top: -5px !important;margin-right: 26% !important;}\u00bb][vc_column_inner][vc_column_text]<\/p>\n<div align=\"center\"><a class=\"whatsapp_3\" target=\"_blank\" href=\"https:\/\/web.whatsapp.com\/send?l=es&phone=34669104282\"><div class=\"whatsapp_3 whatsapp shortcode right\" style=\"background-color: #25d366\"><span class=\"whatsapp_3\"style=\"background-color: #25d366\"><i class=\"whatsapp_3 whatsapp-icon\" style=\"padding-right:0px!important;\"><\/i> Abrir Whatsapp<\/span><\/div><\/a><\/div>\n<p>[\/vc_column_text][\/vc_column_inner][\/vc_row_inner][vc_custom_heading text=\u00bbpromotora10@divulgaciondinamica.es\u00bb font_container=\u00bbtag:p|font_size:15|text_align:center|color:%237c7c7c\u00bb google_fonts=\u00bbfont_family:Lato%3A100%2C100italic%2C300%2C300italic%2Cregular%2Citalic%2C700%2C700italic%2C900%2C900italic|font_style:700%20bold%20regular%3A700%3Anormal\u00bb link=\u00bburl:mailto%3Apromotora10%40divulgaciondinamica.es||\u00bb css=\u00bb.vc_custom_1508138919701{margin-top: 10px !important;}\u00bb][\/vc_column][vc_column width=\u00bb1\/3&#8243;][\/vc_column][\/vc_row]<\/p>\n","protected":false},"excerpt":{"rendered":"<p>[vc_row css=\u00bb.vc_custom_1509439241201{padding-top: 18px !important;padding-right: 5px !important;padding-bottom: 0px !important;padding-left: 5px !important;background-color: #fd6861 !important;}\u00bb][vc_column][vc_custom_heading text=\u00bbZ O N A O U T L E T\u00bb font_container=\u00bbtag:p|font_size:19|text_align:center|color:%23ffffff\u00bb google_fonts=\u00bbfont_family:Lato%3A100%2C100italic%2C300%2C300italic%2Cregular%2Citalic%2C700%2C700italic%2C900%2C900italic|font_style:900%20bold%20regular%3A900%3Anormal\u00bb][\/vc_column][\/vc_row][vc_row css=\u00bb.vc_custom_1427804811471{margin-top: 25px !important;margin-bottom: 25px !important;}\u00bb][vc_column width=\u00bb2\/3&#8243;][vc_single_image image=\u00bb1573&#8243; img_size=\u00bb661&#215;82&#8243;][\/vc_column][vc_column width=\u00bb1\/3&#8243;][vc_custom_heading text=\u00bbInf\u00f3rmate: 669 10 42 82 \u00bb font_container=\u00bbtag:p|font_size:16|text_align:right|color:%2315b551&#8243;<\/p>\n","protected":false},"author":1,"featured_media":0,"parent":0,"menu_order":0,"comment_status":"closed","ping_status":"closed","template":"","meta":[],"yoast_head":"<!-- This site is optimized with the Yoast SEO plugin v15.7 - https:\/\/yoast.com\/wordpress\/plugins\/seo\/ -->\n<title>Curso Educador de Colectivos en Riesgo de Exclusi\u00f3n LP - Divulgaci\u00f3n Din\u00e1mica<\/title>\n<meta name=\"robots\" content=\"index, follow, max-snippet:-1, max-image-preview:large, max-video-preview:-1\" \/>\n<link rel=\"canonical\" href=\"https:\/\/divulgaciondinamica.info\/promos\/curso-educador-colectivos-riesgo-exclusion-lp\/\" \/>\n<meta property=\"og:locale\" content=\"es_ES\" \/>\n<meta property=\"og:type\" content=\"article\" \/>\n<meta property=\"og:title\" content=\"Curso Educador de Colectivos en Riesgo de Exclusi\u00f3n LP - Divulgaci\u00f3n Din\u00e1mica\" \/>\n<meta property=\"og:description\" content=\"[vc_row css=\u00bb.vc_custom_1509439241201{padding-top: 18px !important;padding-right: 5px !important;padding-bottom: 0px !important;padding-left: 5px !important;background-color: #fd6861 !important;}\u00bb][vc_column][vc_custom_heading text=\u00bbZ O N A O U T L E T\u00bb font_container=\u00bbtag:p|font_size:19|text_align:center|color:%23ffffff\u00bb google_fonts=\u00bbfont_family:Lato%3A100%2C100italic%2C300%2C300italic%2Cregular%2Citalic%2C700%2C700italic%2C900%2C900italic|font_style:900%20bold%20regular%3A900%3Anormal\u00bb][\/vc_column][\/vc_row][vc_row css=\u00bb.vc_custom_1427804811471{margin-top: 25px !important;margin-bottom: 25px !important;}\u00bb][vc_column width=\u00bb2\/3&#8243;][vc_single_image image=\u00bb1573&#8243; img_size=\u00bb661&#215;82&#8243;][\/vc_column][vc_column width=\u00bb1\/3&#8243;][vc_custom_heading text=\u00bbInf\u00f3rmate: 669 10 42 82 \u00bb font_container=\u00bbtag:p|font_size:16|text_align:right|color:%2315b551&#8243;\" \/>\n<meta property=\"og:url\" content=\"https:\/\/divulgaciondinamica.info\/promos\/curso-educador-colectivos-riesgo-exclusion-lp\/\" \/>\n<meta property=\"og:site_name\" content=\"Divulgaci\u00f3n Din\u00e1mica\" \/>\n<meta property=\"article:publisher\" content=\"https:\/\/www.facebook.com\/divulgaciondinamicaformacion\/\" \/>\n<meta property=\"article:modified_time\" content=\"2017-12-18T13:18:23+00:00\" \/>\n<meta property=\"og:image\" content=\"http:\/\/divulgaciondinamica.info\/promos\/wp-content\/uploads\/2016\/06\/imagen-curso-online-educador-colectivos-riesgo-esclusion-social.jpg\" \/>\n<meta name=\"twitter:card\" content=\"summary_large_image\" \/>\n<meta name=\"twitter:site\" content=\"@divulgaciond\" \/>\n<meta name=\"twitter:label1\" content=\"Tiempo de lectura\">\n\t<meta name=\"twitter:data1\" content=\"9 minutos\">\n<script type=\"application\/ld+json\" class=\"yoast-schema-graph\">{\"@context\":\"https:\/\/schema.org\",\"@graph\":[{\"@type\":\"Organization\",\"@id\":\"https:\/\/divulgaciondinamica.info\/promos\/#organization\",\"name\":\"Divulgaci\\u00f3n Din\\u00e1mica S.L.\",\"url\":\"https:\/\/divulgaciondinamica.info\/promos\/\",\"sameAs\":[\"https:\/\/www.facebook.com\/divulgaciondinamicaformacion\/\",\"https:\/\/www.instagram.com\/divulgaciondinamica\",\"https:\/\/www.linkedin.com\/company-beta\/9490428\/\",\"https:\/\/www.youtube.com\/user\/ddinamica2010\",\"https:\/\/twitter.com\/divulgaciond\"],\"logo\":{\"@type\":\"ImageObject\",\"@id\":\"https:\/\/divulgaciondinamica.info\/promos\/#logo\",\"inLanguage\":\"es\",\"url\":\"https:\/\/divulgaciondinamica.info\/promos\/wp-content\/uploads\/2016\/02\/logo-divulgaciondinamica-ddf.png\",\"width\":400,\"height\":79,\"caption\":\"Divulgaci\\u00f3n Din\\u00e1mica S.L.\"},\"image\":{\"@id\":\"https:\/\/divulgaciondinamica.info\/promos\/#logo\"}},{\"@type\":\"WebSite\",\"@id\":\"https:\/\/divulgaciondinamica.info\/promos\/#website\",\"url\":\"https:\/\/divulgaciondinamica.info\/promos\/\",\"name\":\"Divulgaci\\u00f3n Din\\u00e1mica\",\"description\":\"Formaci\\u00f3n de calidad al alcance de todos\",\"publisher\":{\"@id\":\"https:\/\/divulgaciondinamica.info\/promos\/#organization\"},\"potentialAction\":[{\"@type\":\"SearchAction\",\"target\":\"https:\/\/divulgaciondinamica.info\/promos\/?s={search_term_string}\",\"query-input\":\"required name=search_term_string\"}],\"inLanguage\":\"es\"},{\"@type\":\"ImageObject\",\"@id\":\"https:\/\/divulgaciondinamica.info\/promos\/curso-educador-colectivos-riesgo-exclusion-lp\/#primaryimage\",\"inLanguage\":\"es\",\"url\":\"http:\/\/divulgaciondinamica.info\/promos\/wp-content\/uploads\/2016\/06\/imagen-curso-online-educador-colectivos-riesgo-esclusion-social.jpg\"},{\"@type\":\"WebPage\",\"@id\":\"https:\/\/divulgaciondinamica.info\/promos\/curso-educador-colectivos-riesgo-exclusion-lp\/#webpage\",\"url\":\"https:\/\/divulgaciondinamica.info\/promos\/curso-educador-colectivos-riesgo-exclusion-lp\/\",\"name\":\"Curso Educador de Colectivos en Riesgo de Exclusi\\u00f3n LP - Divulgaci\\u00f3n Din\\u00e1mica\",\"isPartOf\":{\"@id\":\"https:\/\/divulgaciondinamica.info\/promos\/#website\"},\"primaryImageOfPage\":{\"@id\":\"https:\/\/divulgaciondinamica.info\/promos\/curso-educador-colectivos-riesgo-exclusion-lp\/#primaryimage\"},\"datePublished\":\"2017-10-26T14:56:17+00:00\",\"dateModified\":\"2017-12-18T13:18:23+00:00\",\"inLanguage\":\"es\",\"potentialAction\":[{\"@type\":\"ReadAction\",\"target\":[\"https:\/\/divulgaciondinamica.info\/promos\/curso-educador-colectivos-riesgo-exclusion-lp\/\"]}]}]}<\/script>\n<!-- \/ Yoast SEO plugin. -->","_links":{"self":[{"href":"https:\/\/divulgaciondinamica.info\/promos\/wp-json\/wp\/v2\/pages\/9046"}],"collection":[{"href":"https:\/\/divulgaciondinamica.info\/promos\/wp-json\/wp\/v2\/pages"}],"about":[{"href":"https:\/\/divulgaciondinamica.info\/promos\/wp-json\/wp\/v2\/types\/page"}],"author":[{"embeddable":true,"href":"https:\/\/divulgaciondinamica.info\/promos\/wp-json\/wp\/v2\/users\/1"}],"replies":[{"embeddable":true,"href":"https:\/\/divulgaciondinamica.info\/promos\/wp-json\/wp\/v2\/comments?post=9046"}],"version-history":[{"count":5,"href":"https:\/\/divulgaciondinamica.info\/promos\/wp-json\/wp\/v2\/pages\/9046\/revisions"}],"predecessor-version":[{"id":9776,"href":"https:\/\/divulgaciondinamica.info\/promos\/wp-json\/wp\/v2\/pages\/9046\/revisions\/9776"}],"wp:attachment":[{"href":"https:\/\/divulgaciondinamica.info\/promos\/wp-json\/wp\/v2\/media?parent=9046"}],"curies":[{"name":"wp","href":"https:\/\/api.w.org\/{rel}","templated":true}]}}