                                                                                                                                                                                        {"id":9041,"date":"2017-10-26T14:40:10","date_gmt":"2017-10-26T14:40:10","guid":{"rendered":"http:\/\/divulgaciondinamica.info\/promos\/?page_id=9041"},"modified":"2017-12-18T13:26:53","modified_gmt":"2017-12-18T13:26:53","slug":"curso-animador-infantil-lp","status":"publish","type":"page","link":"https:\/\/divulgaciondinamica.info\/promos\/curso-animador-infantil-lp\/","title":{"rendered":"Curso de Animador Infantil LP"},"content":{"rendered":"<p>[vc_row css=\u00bb.vc_custom_1509439241201{padding-top: 18px !important;padding-right: 5px !important;padding-bottom: 0px !important;padding-left: 5px !important;background-color: #fd6861 !important;}\u00bb][vc_column][vc_custom_heading text=\u00bbZ O N A O U T L E T\u00bb font_container=\u00bbtag:p|font_size:19|text_align:center|color:%23ffffff\u00bb google_fonts=\u00bbfont_family:Lato%3A100%2C100italic%2C300%2C300italic%2Cregular%2Citalic%2C700%2C700italic%2C900%2C900italic|font_style:900%20bold%20regular%3A900%3Anormal\u00bb][\/vc_column][\/vc_row][vc_row css=\u00bb.vc_custom_1427804811471{margin-top: 25px !important;margin-bottom: 25px !important;}\u00bb][vc_column width=\u00bb2\/3&#8243;][vc_single_image image=\u00bb1573&#8243; img_size=\u00bb661&#215;82&#8243;][\/vc_column][vc_column width=\u00bb1\/3&#8243;][vc_custom_heading text=\u00bbInf\u00f3rmate: 648 25 89 67&#8243; font_container=\u00bbtag:p|font_size:16|text_align:right|color:%2315b551&#8243; google_fonts=\u00bbfont_family:Lato%3A100%2C100italic%2C300%2C300italic%2Cregular%2Citalic%2C700%2C700italic%2C900%2C900italic|font_style:700%20bold%20regular%3A700%3Anormal\u00bb][vc_row_inner css=\u00bb.vc_custom_1507894679589{margin-top: -5px !important;}\u00bb][vc_column_inner][vc_column_text]<a class=\"whatsapp_5\" target=\"_blank\" href=\"https:\/\/web.whatsapp.com\/send?l=es&phone=34648258967 \"><div class=\"whatsapp_5 whatsapp shortcode right\" style=\"background-color: #25d366\"><span class=\"whatsapp_5\"style=\"background-color: #25d366\"><i class=\"whatsapp_5 whatsapp-icon\" style=\"padding-right:0px!important;\"><\/i> Abrir Whatsapp<\/span><\/div><\/a>[\/vc_column_text][\/vc_column_inner][\/vc_row_inner][vc_custom_heading text=\u00bbpromotora3@divulgaciondinamica.es\u00bb font_container=\u00bbtag:p|font_size:15|text_align:right|color:%237c7c7c\u00bb google_fonts=\u00bbfont_family:Lato%3A100%2C100italic%2C300%2C300italic%2Cregular%2Citalic%2C700%2C700italic%2C900%2C900italic|font_style:700%20bold%20regular%3A700%3Anormal\u00bb link=\u00bburl:mailto%3Apromotora3%40divulgaciondinamica.es||\u00bb css=\u00bb.vc_custom_1508139290044{margin-top: 10px !important;}\u00bb][\/vc_column][\/vc_row][vc_row css=\u00bb.vc_custom_1489484355483{margin-top: 25px !important;margin-bottom: 15px !important;}\u00bb][vc_column][vc_custom_heading text=\u00bbCurso Online\u00bb font_container=\u00bbtag:h2|font_size:32|text_align:center|color:%230a7aba|line_height:1.1&#8243; google_fonts=\u00bbfont_family:Lato%3A100%2C100italic%2C300%2C300italic%2Cregular%2Citalic%2C700%2C700italic%2C900%2C900italic|font_style:300%20light%20regular%3A300%3Anormal\u00bb css=\u00bb.vc_custom_1489484473508{margin-bottom: 5px !important;}\u00bb][vc_custom_heading text=\u00bbAnimador Infantil\u00bb font_container=\u00bbtag:h2|font_size:44|text_align:center|color:%230a7aba|line_height:1.1&#8243; google_fonts=\u00bbfont_family:Lato%3A100%2C100italic%2C300%2C300italic%2Cregular%2Citalic%2C700%2C700italic%2C900%2C900italic|font_style:900%20bold%20regular%3A900%3Anormal\u00bb css=\u00bb.vc_custom_1509028483549{margin-bottom: 15px !important;}\u00bb][\/vc_column][\/vc_row][vc_row css=\u00bb.vc_custom_1489484502411{margin-top: 25px !important;margin-right: 0px !important;margin-bottom: 15px !important;}\u00bb][vc_column width=\u00bb1\/4&#8243;][vc_row_inner css=\u00bb.vc_custom_1489423995390{margin-top: 2px !important;margin-right: 2px !important;margin-bottom: 2px !important;margin-left: 2px !important;padding-top: 10px !important;padding-right: 5px !important;padding-bottom: 20px !important;padding-left: 5px !important;background-color: #efefef !important;}\u00bb][vc_column_inner][vc_icon icon_fontawesome=\u00bbfa fa-laptop\u00bb color=\u00bbsky\u00bb size=\u00bblg\u00bb align=\u00bbcenter\u00bb css_animation=\u00bbbottom-to-top\u00bb css=\u00bb.vc_custom_1489423953746{margin-bottom: 10px !important;}\u00bb][vc_custom_heading text=\u00bbModalidad:\u00bb font_container=\u00bbtag:h2|font_size:18|text_align:center|color:%230a7aba|line_height:1.2&#8243; google_fonts=\u00bbfont_family:Lato%3A100%2C100italic%2C300%2C300italic%2Cregular%2Citalic%2C700%2C700italic%2C900%2C900italic|font_style:900%20bold%20regular%3A900%3Anormal\u00bb css=\u00bb.vc_custom_1489423549304{margin-bottom: 5px !important;}\u00bb][vc_custom_heading text=\u00bb100% online\u00bb font_container=\u00bbtag:h2|font_size:16|text_align:center|color:%230a7aba|line_height:1.2&#8243; google_fonts=\u00bbfont_family:Lato%3A100%2C100italic%2C300%2C300italic%2Cregular%2Citalic%2C700%2C700italic%2C900%2C900italic|font_style:400%20regular%3A400%3Anormal\u00bb][\/vc_column_inner][\/vc_row_inner][\/vc_column][vc_column width=\u00bb1\/4&#8243;][vc_row_inner css=\u00bb.vc_custom_1489424000853{margin-top: 2px !important;margin-right: 2px !important;margin-bottom: 2px !important;margin-left: 2px !important;padding-top: 10px !important;padding-right: 5px !important;padding-bottom: 20px !important;padding-left: 5px !important;background-color: #efefef !important;}\u00bb][vc_column_inner][vc_icon icon_fontawesome=\u00bbfa fa-clock-o\u00bb color=\u00bbsky\u00bb size=\u00bblg\u00bb align=\u00bbcenter\u00bb css_animation=\u00bbbottom-to-top\u00bb css=\u00bb.vc_custom_1489424050530{margin-bottom: 10px !important;}\u00bb][vc_custom_heading text=\u00bbDuraci\u00f3n:\u00bb font_container=\u00bbtag:h2|font_size:18|text_align:center|color:%230a7aba|line_height:1.2&#8243; google_fonts=\u00bbfont_family:Lato%3A100%2C100italic%2C300%2C300italic%2Cregular%2Citalic%2C700%2C700italic%2C900%2C900italic|font_style:900%20bold%20regular%3A900%3Anormal\u00bb css=\u00bb.vc_custom_1489423553086{margin-bottom: 5px !important;}\u00bb][vc_custom_heading text=\u00bb100 h. \/ 1 mes\u00bb font_container=\u00bbtag:h2|font_size:16|text_align:center|color:%230a7aba|line_height:1.2&#8243; google_fonts=\u00bbfont_family:Lato%3A100%2C100italic%2C300%2C300italic%2Cregular%2Citalic%2C700%2C700italic%2C900%2C900italic|font_style:400%20regular%3A400%3Anormal\u00bb][\/vc_column_inner][\/vc_row_inner][\/vc_column][vc_column width=\u00bb1\/4&#8243;][vc_row_inner css=\u00bb.vc_custom_1489424005381{margin-top: 2px !important;margin-right: 2px !important;margin-bottom: 2px !important;margin-left: 2px !important;padding-top: 10px !important;padding-right: 5px !important;padding-bottom: 20px !important;padding-left: 5px !important;background-color: #efefef !important;}\u00bb][vc_column_inner][vc_icon icon_fontawesome=\u00bbfa fa-calendar\u00bb color=\u00bbsky\u00bb size=\u00bblg\u00bb align=\u00bbcenter\u00bb css_animation=\u00bbbottom-to-top\u00bb css=\u00bb.vc_custom_1489423962381{margin-bottom: 10px !important;}\u00bb][vc_custom_heading text=\u00bbFecha Inicio:\u00bb font_container=\u00bbtag:h2|font_size:18|text_align:center|color:%230a7aba|line_height:1.2&#8243; google_fonts=\u00bbfont_family:Lato%3A100%2C100italic%2C300%2C300italic%2Cregular%2Citalic%2C700%2C700italic%2C900%2C900italic|font_style:900%20bold%20regular%3A900%3Anormal\u00bb css=\u00bb.vc_custom_1489423557331{margin-bottom: 5px !important;}\u00bb][vc_custom_heading text=\u00bb10 \/ enero \/ 2018&#8243; font_container=\u00bbtag:h2|font_size:16|text_align:center|color:%230a7aba|line_height:1.2&#8243; google_fonts=\u00bbfont_family:Lato%3A100%2C100italic%2C300%2C300italic%2Cregular%2Citalic%2C700%2C700italic%2C900%2C900italic|font_style:400%20regular%3A400%3Anormal\u00bb][\/vc_column_inner][\/vc_row_inner][\/vc_column][vc_column width=\u00bb1\/4&#8243;][vc_row_inner css=\u00bb.vc_custom_1489424009765{margin-top: 2px !important;margin-right: 2px !important;margin-bottom: 2px !important;margin-left: 2px !important;padding-top: 10px !important;padding-right: 5px !important;padding-bottom: 20px !important;padding-left: 5px !important;background-color: #efefef !important;}\u00bb][vc_column_inner][vc_icon icon_fontawesome=\u00bbfa fa-graduation-cap\u00bb color=\u00bbsky\u00bb size=\u00bblg\u00bb align=\u00bbcenter\u00bb css_animation=\u00bbbottom-to-top\u00bb css=\u00bb.vc_custom_1489423967355{margin-bottom: 10px !important;}\u00bb][vc_custom_heading text=\u00bbTasas Administrativas:\u00bb font_container=\u00bbtag:h2|font_size:18|text_align:center|color:%230a7aba|line_height:1.2&#8243; google_fonts=\u00bbfont_family:Lato%3A100%2C100italic%2C300%2C300italic%2Cregular%2Citalic%2C700%2C700italic%2C900%2C900italic|font_style:900%20bold%20regular%3A900%3Anormal\u00bb css=\u00bb.vc_custom_1489423561127{margin-bottom: 5px !important;}\u00bb][vc_custom_heading text=\u00bbPaga s\u00f3lo 30\u20ac\u00bb font_container=\u00bbtag:h2|font_size:16|text_align:center|color:%230a7aba|line_height:1.2&#8243; google_fonts=\u00bbfont_family:Lato%3A100%2C100italic%2C300%2C300italic%2Cregular%2Citalic%2C700%2C700italic%2C900%2C900italic|font_style:400%20regular%3A400%3Anormal\u00bb][\/vc_column_inner][\/vc_row_inner][\/vc_column][\/vc_row][vc_row][vc_column][vc_column_text]<img loading=\"lazy\" class=\"alignleft wp-image-3029 size-full\" title=\"Coaching Nutricional\" src=\"http:\/\/divulgaciondinamica.info\/promos\/wp-content\/uploads\/2016\/06\/centro-curso-animador-infantil.jpg\" alt=\"\" width=\"643\" height=\"434\" srcset=\"https:\/\/divulgaciondinamica.info\/promos\/wp-content\/uploads\/2016\/06\/centro-curso-animador-infantil.jpg 643w, https:\/\/divulgaciondinamica.info\/promos\/wp-content\/uploads\/2016\/06\/centro-curso-animador-infantil-300x202.jpg 300w\" sizes=\"(max-width: 643px) 100vw, 643px\" \/><iframe style=\"border: 0px solid grey;\" src=\"http:\/\/divulgaciondinamica.es\/secretariainfo\/alumnos\/iframe\/1003\/\" width=\"417\" height=\"434\" scrolling=\"auto\"><\/iframe>[\/vc_column_text][\/vc_column][\/vc_row][vc_row css=\u00bb.vc_custom_1427804437681{margin-top: 35px !important;margin-bottom: 35px !important;}\u00bb][vc_column width=\u00bb1\/4&#8243;][vc_single_image image=\u00bb8168&#8243; img_size=\u00bb250&#215;195&#8243; alignment=\u00bbcenter\u00bb][\/vc_column][vc_column width=\u00bb1\/4&#8243;][vc_single_image image=\u00bb8169&#8243; img_size=\u00bb250&#215;195&#8243; alignment=\u00bbcenter\u00bb][\/vc_column][vc_column width=\u00bb1\/4&#8243;][vc_single_image image=\u00bb8170&#8243; img_size=\u00bb250&#215;195&#8243; alignment=\u00bbcenter\u00bb][\/vc_column][vc_column width=\u00bb1\/4&#8243;][vc_single_image image=\u00bb9120&#8243; img_size=\u00bb250&#215;195&#8243; alignment=\u00bbcenter\u00bb][\/vc_column][\/vc_row][vc_row][vc_column][\/vc_column][\/vc_row][vc_row css=\u00bb.vc_custom_1427805189823{margin-top: 35px !important;margin-bottom: 35px !important;}\u00bb][vc_column width=\u00bb1\/2&#8243;][vc_custom_heading text=\u00bbPresentaci\u00f3n del Curso:\u00bb font_container=\u00bbtag:h2|font_size:26|text_align:left|color:%230a7aba|line_height:1.2&#8243; google_fonts=\u00bbfont_family:Lato%3A100%2C100italic%2C300%2C300italic%2Cregular%2Citalic%2C700%2C700italic%2C900%2C900italic|font_style:900%20bold%20regular%3A900%3Anormal\u00bb css=\u00bb.vc_custom_1489484126165{margin-bottom: 45px !important;}\u00bb][vc_column_text css=\u00bb.vc_custom_1509028683257{margin-bottom: 10px !important;}\u00bb]<\/p>\n<div id=\"stcpDiv\" style=\"text-align: justify;\">\n<p>La dinamizaci\u00f3n de actividades de ocio y tiempo libre para menores son parte importante de la industria del ocio y as\u00ed, actualmente existen cada vez m\u00e1s espacios e instituciones donde los profesionales de animaci\u00f3n infantil tienen un potencial de posibilidades para desarrollarse profesionalmente.<\/p>\n<p>Este curso Online de Animador Infantil pretende proporcionar estrategias y recursos para la animaci\u00f3n de eventos y fiestas infantiles, ofreciendo para todas aquellas personas interesadas en el trabajo de dinamizaci\u00f3n de actividades infantiles elementos conceptuales, metodol\u00f3gicos y pr\u00e1cticos que permiten el dise\u00f1o y ejecuci\u00f3n de actividades de animaci\u00f3n infantil atractivas con el prop\u00f3sito de proporcionar a ni\u00f1os y j\u00f3venes un tiempo de diversi\u00f3n y disfrute.<\/p>\n<p style=\"text-align: left;\"><img loading=\"lazy\" class=\"alignleft size-full wp-image-53\" src=\"http:\/\/divulgaciondinamica.info\/promos\/wp-content\/uploads\/2015\/03\/diploma-digital1.png\" alt=\"diploma-digital\" width=\"479\" height=\"322\" srcset=\"https:\/\/divulgaciondinamica.info\/promos\/wp-content\/uploads\/2015\/03\/diploma-digital1.png 479w, https:\/\/divulgaciondinamica.info\/promos\/wp-content\/uploads\/2015\/03\/diploma-digital1-300x202.png 300w\" sizes=\"(max-width: 479px) 100vw, 479px\" \/><\/p>\n<p style=\"text-align: left;\" align=\"justify\">\n<\/div>\n<p>[\/vc_column_text][\/vc_column][vc_column width=\u00bb1\/2&#8243;][vc_custom_heading text=\u00bbTemario del Curso:\u00bb font_container=\u00bbtag:h2|font_size:26|text_align:left|color:%230a7aba|line_height:1.2&#8243; google_fonts=\u00bbfont_family:Lato%3A100%2C100italic%2C300%2C300italic%2Cregular%2Citalic%2C700%2C700italic%2C900%2C900italic|font_style:900%20bold%20regular%3A900%3Anormal\u00bb css=\u00bb.vc_custom_1489484132616{margin-bottom: 45px !important;}\u00bb][vc_column_text]<strong>1. ACTIVIDADES DE EDUCACI\u00d3N EN EL TIEMPO LIBRE INFANTIL Y JUVENIL<\/strong><\/p>\n<p>1.1 Fundamentos de la educaci\u00f3n en el tiempo libre infantil y juvenil<br \/>\n1.2 Procesos educativos y socializadores en la infancia y la juventud<br \/>\n1.3 Elaboraci\u00f3n de proyectos<br \/>\n1.4 Propuesta de actividades<br \/>\n1.5 La evaluaci\u00f3n y los informes de evaluaci\u00f3n de las actividades de tiempo libre<\/p>\n<p><strong>2. T\u00c9CNICAS Y RECURSOS DE ANIMACI\u00d3N EN ACTIVIDADES DE TIEMPO LIBRE<\/strong><\/p>\n<p>2.1 Los centros de inter\u00e9s o ejes de animaci\u00f3n<br \/>\n2.2 T\u00e9cnicas de animaci\u00f3n, expresi\u00f3n y creatividad<br \/>\n2.3 T\u00e9cnicas pedag\u00f3gicas del juego<br \/>\n2.4 T\u00e9cnicas de educaci\u00f3n ambiental<br \/>\n2.5 Prevenci\u00f3n de riesgos en actividades de animaci\u00f3n<\/p>\n<p><strong>3. PROCESOS GRUPALES EN ACTIVIDADES DE ANIMACI\u00d3N<\/strong><\/p>\n<p>3.1 Desarrollo psicosocial infantil y juvenil en las propuestas de actividades de animaci\u00f3n<br \/>\n3.2 T\u00e9cnicas de intervenci\u00f3n en funci\u00f3n de la diversidad individual y grupal<br \/>\n3.3 T\u00e9cnicas grupales en el desarrollo de actividades de animaci\u00f3n<br \/>\n3.4 T\u00e9cnicas para la dinamizaci\u00f3n grupal<\/p>\n<p><strong>4. PROGRAMA DE ACTIVIDADES INFANTILES: TALLERES Y T\u00c9CNICAS<\/strong><\/p>\n<p>4.1 Organizaci\u00f3n de actividades: caracter\u00edsticas de los programas de animaci\u00f3n infantil<br \/>\n4.2 Introducci\u00f3n a talleres de animaci\u00f3n: Globoflexia, Maquillaje infantil, Malabares.<br \/>\n4.3 Talleres de juegos: Juegos deportivos, Juegos Alternativos, Danzas, Grandes juegos y Gymkanas.<br \/>\n4.4 T\u00e9cnicas de animaci\u00f3n con micr\u00f3fono en escenario.[\/vc_column_text][\/vc_column][\/vc_row][vc_row css=\u00bb.vc_custom_1489484531438{margin-bottom: 60px !important;padding-top: 15px !important;padding-bottom: 5px !important;background-color: #0a7aba !important;}\u00bb][vc_column][vc_row_inner][vc_column_inner width=\u00bb1\/4&#8243;][vc_column_text]\u00a0[\/vc_column_text][\/vc_column_inner][vc_column_inner width=\u00bb1\/2&#8243;][vc_column_text]<\/p>\n<div style=\"text-align: center;\"><iframe style=\"border: 0px solid grey;\" src=\"http:\/\/divulgaciondinamica.es\/secretariainfo\/alumnos\/iframe\/1003\/\" width=\"417\" height=\"404\" scrolling=\"auto\" align=\"center\"><\/iframe><\/div>\n<p>[\/vc_column_text][\/vc_column_inner][vc_column_inner width=\u00bb1\/4&#8243;][vc_column_text]\u00a0[\/vc_column_text][\/vc_column_inner][\/vc_row_inner][\/vc_column][\/vc_row][vc_row][vc_column width=\u00bb1\/3&#8243;][\/vc_column][vc_column width=\u00bb1\/3&#8243;][vc_custom_heading text=\u00bbInf\u00f3rmate: 648 25 89 67&#8243; font_container=\u00bbtag:p|font_size:16|text_align:center|color:%2315b551&#8243; google_fonts=\u00bbfont_family:Lato%3A100%2C100italic%2C300%2C300italic%2Cregular%2Citalic%2C700%2C700italic%2C900%2C900italic|font_style:700%20bold%20regular%3A700%3Anormal\u00bb][vc_row_inner css=\u00bb.vc_custom_1507894965808{margin-top: -5px !important;margin-right: 26% !important;}\u00bb][vc_column_inner][vc_column_text]<\/p>\n<div align=\"center\"><a class=\"whatsapp_5\" target=\"_blank\" href=\"https:\/\/web.whatsapp.com\/send?l=es&phone=34648258967 \"><div class=\"whatsapp_5 whatsapp shortcode right\" style=\"background-color: #25d366\"><span class=\"whatsapp_5\"style=\"background-color: #25d366\"><i class=\"whatsapp_5 whatsapp-icon\" style=\"padding-right:0px!important;\"><\/i> Abrir Whatsapp<\/span><\/div><\/a><\/div>\n<p>[\/vc_column_text][\/vc_column_inner][\/vc_row_inner][vc_custom_heading text=\u00bbpromotora3@divulgaciondinamica.es\u00bb font_container=\u00bbtag:p|font_size:15|text_align:center|color:%237c7c7c\u00bb google_fonts=\u00bbfont_family:Lato%3A100%2C100italic%2C300%2C300italic%2Cregular%2Citalic%2C700%2C700italic%2C900%2C900italic|font_style:700%20bold%20regular%3A700%3Anormal\u00bb link=\u00bburl:mailto%3Apromotora3%40divulgaciondinamica.es||\u00bb css=\u00bb.vc_custom_1508139299372{margin-top: 10px !important;}\u00bb][\/vc_column][vc_column width=\u00bb1\/3&#8243;][\/vc_column][\/vc_row]<\/p>\n","protected":false},"excerpt":{"rendered":"<p>[vc_row css=\u00bb.vc_custom_1509439241201{padding-top: 18px !important;padding-right: 5px !important;padding-bottom: 0px !important;padding-left: 5px !important;background-color: #fd6861 !important;}\u00bb][vc_column][vc_custom_heading text=\u00bbZ O N A O U T L E T\u00bb font_container=\u00bbtag:p|font_size:19|text_align:center|color:%23ffffff\u00bb google_fonts=\u00bbfont_family:Lato%3A100%2C100italic%2C300%2C300italic%2Cregular%2Citalic%2C700%2C700italic%2C900%2C900italic|font_style:900%20bold%20regular%3A900%3Anormal\u00bb][\/vc_column][\/vc_row][vc_row css=\u00bb.vc_custom_1427804811471{margin-top: 25px !important;margin-bottom: 25px !important;}\u00bb][vc_column width=\u00bb2\/3&#8243;][vc_single_image image=\u00bb1573&#8243; img_size=\u00bb661&#215;82&#8243;][\/vc_column][vc_column width=\u00bb1\/3&#8243;][vc_custom_heading text=\u00bbInf\u00f3rmate: 648 25 89 67&#8243; font_container=\u00bbtag:p|font_size:16|text_align:right|color:%2315b551&#8243; google_fonts=\u00bbfont_family:Lato%3A100%2C100italic%2C300%2C300italic%2Cregular%2Citalic%2C700%2C700italic%2C900%2C900italic|font_style:700%20bold%20regular%3A700%3Anormal\u00bb][vc_row_inner<\/p>\n","protected":false},"author":1,"featured_media":0,"parent":0,"menu_order":0,"comment_status":"closed","ping_status":"closed","template":"","meta":[],"yoast_head":"<!-- This site is optimized with the Yoast SEO plugin v15.7 - https:\/\/yoast.com\/wordpress\/plugins\/seo\/ -->\n<title>Curso de Animador Infantil LP - Divulgaci\u00f3n Din\u00e1mica<\/title>\n<meta name=\"robots\" content=\"index, follow, max-snippet:-1, max-image-preview:large, max-video-preview:-1\" \/>\n<link rel=\"canonical\" href=\"https:\/\/divulgaciondinamica.info\/promos\/curso-animador-infantil-lp\/\" \/>\n<meta property=\"og:locale\" content=\"es_ES\" \/>\n<meta property=\"og:type\" content=\"article\" \/>\n<meta property=\"og:title\" content=\"Curso de Animador Infantil LP - Divulgaci\u00f3n Din\u00e1mica\" \/>\n<meta property=\"og:description\" content=\"[vc_row css=\u00bb.vc_custom_1509439241201{padding-top: 18px !important;padding-right: 5px !important;padding-bottom: 0px !important;padding-left: 5px !important;background-color: #fd6861 !important;}\u00bb][vc_column][vc_custom_heading text=\u00bbZ O N A O U T L E T\u00bb font_container=\u00bbtag:p|font_size:19|text_align:center|color:%23ffffff\u00bb google_fonts=\u00bbfont_family:Lato%3A100%2C100italic%2C300%2C300italic%2Cregular%2Citalic%2C700%2C700italic%2C900%2C900italic|font_style:900%20bold%20regular%3A900%3Anormal\u00bb][\/vc_column][\/vc_row][vc_row css=\u00bb.vc_custom_1427804811471{margin-top: 25px !important;margin-bottom: 25px !important;}\u00bb][vc_column width=\u00bb2\/3&#8243;][vc_single_image image=\u00bb1573&#8243; img_size=\u00bb661&#215;82&#8243;][\/vc_column][vc_column width=\u00bb1\/3&#8243;][vc_custom_heading text=\u00bbInf\u00f3rmate: 648 25 89 67&#8243; font_container=\u00bbtag:p|font_size:16|text_align:right|color:%2315b551&#8243; google_fonts=\u00bbfont_family:Lato%3A100%2C100italic%2C300%2C300italic%2Cregular%2Citalic%2C700%2C700italic%2C900%2C900italic|font_style:700%20bold%20regular%3A700%3Anormal\u00bb][vc_row_inner\" \/>\n<meta property=\"og:url\" content=\"https:\/\/divulgaciondinamica.info\/promos\/curso-animador-infantil-lp\/\" \/>\n<meta property=\"og:site_name\" content=\"Divulgaci\u00f3n Din\u00e1mica\" \/>\n<meta property=\"article:publisher\" content=\"https:\/\/www.facebook.com\/divulgaciondinamicaformacion\/\" \/>\n<meta property=\"article:modified_time\" content=\"2017-12-18T13:26:53+00:00\" \/>\n<meta property=\"og:image\" content=\"http:\/\/divulgaciondinamica.info\/promos\/wp-content\/uploads\/2016\/06\/centro-curso-animador-infantil.jpg\" \/>\n<meta name=\"twitter:card\" content=\"summary_large_image\" \/>\n<meta name=\"twitter:site\" content=\"@divulgaciond\" \/>\n<meta name=\"twitter:label1\" content=\"Tiempo de lectura\">\n\t<meta name=\"twitter:data1\" content=\"9 minutos\">\n<script type=\"application\/ld+json\" class=\"yoast-schema-graph\">{\"@context\":\"https:\/\/schema.org\",\"@graph\":[{\"@type\":\"Organization\",\"@id\":\"https:\/\/divulgaciondinamica.info\/promos\/#organization\",\"name\":\"Divulgaci\\u00f3n Din\\u00e1mica S.L.\",\"url\":\"https:\/\/divulgaciondinamica.info\/promos\/\",\"sameAs\":[\"https:\/\/www.facebook.com\/divulgaciondinamicaformacion\/\",\"https:\/\/www.instagram.com\/divulgaciondinamica\",\"https:\/\/www.linkedin.com\/company-beta\/9490428\/\",\"https:\/\/www.youtube.com\/user\/ddinamica2010\",\"https:\/\/twitter.com\/divulgaciond\"],\"logo\":{\"@type\":\"ImageObject\",\"@id\":\"https:\/\/divulgaciondinamica.info\/promos\/#logo\",\"inLanguage\":\"es\",\"url\":\"https:\/\/divulgaciondinamica.info\/promos\/wp-content\/uploads\/2016\/02\/logo-divulgaciondinamica-ddf.png\",\"width\":400,\"height\":79,\"caption\":\"Divulgaci\\u00f3n Din\\u00e1mica S.L.\"},\"image\":{\"@id\":\"https:\/\/divulgaciondinamica.info\/promos\/#logo\"}},{\"@type\":\"WebSite\",\"@id\":\"https:\/\/divulgaciondinamica.info\/promos\/#website\",\"url\":\"https:\/\/divulgaciondinamica.info\/promos\/\",\"name\":\"Divulgaci\\u00f3n Din\\u00e1mica\",\"description\":\"Formaci\\u00f3n de calidad al alcance de todos\",\"publisher\":{\"@id\":\"https:\/\/divulgaciondinamica.info\/promos\/#organization\"},\"potentialAction\":[{\"@type\":\"SearchAction\",\"target\":\"https:\/\/divulgaciondinamica.info\/promos\/?s={search_term_string}\",\"query-input\":\"required name=search_term_string\"}],\"inLanguage\":\"es\"},{\"@type\":\"ImageObject\",\"@id\":\"https:\/\/divulgaciondinamica.info\/promos\/curso-animador-infantil-lp\/#primaryimage\",\"inLanguage\":\"es\",\"url\":\"http:\/\/divulgaciondinamica.info\/promos\/wp-content\/uploads\/2016\/06\/centro-curso-animador-infantil.jpg\"},{\"@type\":\"WebPage\",\"@id\":\"https:\/\/divulgaciondinamica.info\/promos\/curso-animador-infantil-lp\/#webpage\",\"url\":\"https:\/\/divulgaciondinamica.info\/promos\/curso-animador-infantil-lp\/\",\"name\":\"Curso de Animador Infantil LP - Divulgaci\\u00f3n Din\\u00e1mica\",\"isPartOf\":{\"@id\":\"https:\/\/divulgaciondinamica.info\/promos\/#website\"},\"primaryImageOfPage\":{\"@id\":\"https:\/\/divulgaciondinamica.info\/promos\/curso-animador-infantil-lp\/#primaryimage\"},\"datePublished\":\"2017-10-26T14:40:10+00:00\",\"dateModified\":\"2017-12-18T13:26:53+00:00\",\"inLanguage\":\"es\",\"potentialAction\":[{\"@type\":\"ReadAction\",\"target\":[\"https:\/\/divulgaciondinamica.info\/promos\/curso-animador-infantil-lp\/\"]}]}]}<\/script>\n<!-- \/ Yoast SEO plugin. -->","_links":{"self":[{"href":"https:\/\/divulgaciondinamica.info\/promos\/wp-json\/wp\/v2\/pages\/9041"}],"collection":[{"href":"https:\/\/divulgaciondinamica.info\/promos\/wp-json\/wp\/v2\/pages"}],"about":[{"href":"https:\/\/divulgaciondinamica.info\/promos\/wp-json\/wp\/v2\/types\/page"}],"author":[{"embeddable":true,"href":"https:\/\/divulgaciondinamica.info\/promos\/wp-json\/wp\/v2\/users\/1"}],"replies":[{"embeddable":true,"href":"https:\/\/divulgaciondinamica.info\/promos\/wp-json\/wp\/v2\/comments?post=9041"}],"version-history":[{"count":5,"href":"https:\/\/divulgaciondinamica.info\/promos\/wp-json\/wp\/v2\/pages\/9041\/revisions"}],"predecessor-version":[{"id":9780,"href":"https:\/\/divulgaciondinamica.info\/promos\/wp-json\/wp\/v2\/pages\/9041\/revisions\/9780"}],"wp:attachment":[{"href":"https:\/\/divulgaciondinamica.info\/promos\/wp-json\/wp\/v2\/media?parent=9041"}],"curies":[{"name":"wp","href":"https:\/\/api.w.org\/{rel}","templated":true}]}}