{"id":902,"date":"2015-09-24T12:19:22","date_gmt":"2015-09-24T12:19:22","guid":{"rendered":"http:\/\/divulgaciondinamica.info\/promos\/?page_id=902"},"modified":"2017-04-20T10:50:27","modified_gmt":"2017-04-20T10:50:27","slug":"doble-titulacion-gestion-de-proyectos-culturales-y-programas-y-espacios-de-ocio","status":"publish","type":"page","link":"https:\/\/divulgaciondinamica.info\/promos\/doble-titulacion-gestion-de-proyectos-culturales-y-programas-y-espacios-de-ocio\/","title":{"rendered":"Doble Titulaci\u00f3n Gesti\u00f3n de Proyectos Culturales y Gesti\u00f3n de Programas y Espacios de Ocio"},"content":{"rendered":"<p>[vc_row css=\u00bb.vc_custom_1427804811471{margin-top: 25px !important;margin-bottom: 25px !important;}\u00bb][vc_column width=\u00bb2\/3&#8243;][vc_single_image image=\u00bb1573&#8243; img_size=\u00bb661&#215;82&#8243;][\/vc_column][vc_column width=\u00bb1\/3&#8243;][vc_column_text]<\/p>\n<h5 style=\"text-align: right;\"><strong>629 27 39 96<br \/>\n<\/strong><\/h5>\n<p style=\"text-align: right;\"><strong>soporte11@divulgaciondinamica.es<\/strong><\/p>\n<p>[\/vc_column_text][\/vc_column][\/vc_row][vc_row css=\u00bb.vc_custom_1489484355483{margin-top: 25px !important;margin-bottom: 15px !important;}\u00bb][vc_column][vc_custom_heading text=\u00bbDoble M\u00e1ster Online<br \/>\n\u00bb font_container=\u00bbtag:p|font_size:32|text_align:center|color:%230a7aba|line_height:1.1&#8243; google_fonts=\u00bbfont_family:Lato%3A100%2C100italic%2C300%2C300italic%2Cregular%2Citalic%2C700%2C700italic%2C900%2C900italic|font_style:300%20light%20regular%3A300%3Anormal\u00bb css=\u00bb.vc_custom_1492685418680{margin-bottom: 15px !important;}\u00bb][vc_custom_heading text=\u00bbM\u00e1ster en Gesti\u00f3n de Proyectos Culturales + M\u00e1ster en Programas y Espacios de Ocio\u00bb font_container=\u00bbtag:h1|font_size:38|text_align:center|color:%230a7aba|line_height:1.1&#8243; google_fonts=\u00bbfont_family:Lato%3A100%2C100italic%2C300%2C300italic%2Cregular%2Citalic%2C700%2C700italic%2C900%2C900italic|font_style:900%20bold%20regular%3A900%3Anormal\u00bb css=\u00bb.vc_custom_1492598764664{margin-bottom: 15px !important;}\u00bb][\/vc_column][\/vc_row][vc_row][vc_column][vc_column_text]<img loading=\"lazy\" class=\"alignleft wp-image-906 size-full\" title=\"M\u00e1ster en Gesti\u00f3n de Proyectos Culturales + M\u00e1ster en Programas y Espacios de Ocio\" src=\"http:\/\/divulgaciondinamica.info\/promos\/wp-content\/uploads\/2015\/09\/imagen-doble-titulacion.jpg\" alt=\"Doble M\u00e1ster: M\u00e1ster en Gesti\u00f3n de Proyectos Culturales + M\u00e1ster en Programas y Espacios de Ocio\" width=\"643\" height=\"434\" srcset=\"https:\/\/divulgaciondinamica.info\/promos\/wp-content\/uploads\/2015\/09\/imagen-doble-titulacion.jpg 643w, https:\/\/divulgaciondinamica.info\/promos\/wp-content\/uploads\/2015\/09\/imagen-doble-titulacion-300x202.jpg 300w\" sizes=\"(max-width: 643px) 100vw, 643px\" \/><a href=\"http:\/\/www.divulgaciondinamica.es\/secretaria\/alumnos\/form\/383\/\"><img loading=\"lazy\" class=\"alignleft wp-image-2485 size-full\" title=\"Solicita Informaci\u00f3n del doble m\u00e1ster: M\u00e1ster en Gesti\u00f3n de Proyectos Culturales + M\u00e1ster en Programas y Espacios de Ocio\" src=\"http:\/\/divulgaciondinamica.info\/promos\/wp-content\/uploads\/2015\/09\/DOBLE-TITULACI\u00d3N-Centro_02.png\" alt=\"M\u00e1ster en Gesti\u00f3n de Proyectos Culturales + M\u00e1ster en Programas y Espacios de Ocio\" width=\"417\" height=\"434\" srcset=\"https:\/\/divulgaciondinamica.info\/promos\/wp-content\/uploads\/2015\/09\/DOBLE-TITULACI\u00d3N-Centro_02.png 417w, https:\/\/divulgaciondinamica.info\/promos\/wp-content\/uploads\/2015\/09\/DOBLE-TITULACI\u00d3N-Centro_02-288x300.png 288w\" sizes=\"(max-width: 417px) 100vw, 417px\" \/><\/a>[\/vc_column_text][\/vc_column][\/vc_row][vc_row css=\u00bb.vc_custom_1427804437681{margin-top: 35px !important;margin-bottom: 35px !important;}\u00bb][vc_column width=\u00bb1\/4&#8243;][vc_single_image image=\u00bb540&#8243; img_size=\u00bb250&#215;195&#8243; alignment=\u00bbcenter\u00bb][\/vc_column][vc_column width=\u00bb1\/4&#8243;][vc_single_image image=\u00bb541&#8243; img_size=\u00bb250&#215;195&#8243; alignment=\u00bbcenter\u00bb][\/vc_column][vc_column width=\u00bb1\/4&#8243;][vc_single_image image=\u00bb542&#8243; img_size=\u00bb250&#215;195&#8243; alignment=\u00bbcenter\u00bb][\/vc_column][vc_column width=\u00bb1\/4&#8243;][vc_single_image image=\u00bb912&#8243; img_size=\u00bb250&#215;195&#8243; alignment=\u00bbcenter\u00bb][\/vc_column][\/vc_row][vc_row][vc_column][vc_column_text]<br \/>\n[\/vc_column_text][\/vc_column][\/vc_row][vc_row][vc_column][vc_column_text]<\/p>\n<h3 style=\"text-align: left;\"><span style=\"color: #dc214e;\">Presentaci\u00f3n de la Doble Titulaci\u00f3n:<\/span><\/h3>\n<p>[\/vc_column_text][vc_row_inner][vc_column_inner width=\u00bb1\/2&#8243;][vc_column_text]La Doble Titulaci\u00f3n que presentamos en Gesti\u00f3n de Proyectos Culturales y Gesti\u00f3n de Programas y Espacios de Ocio ofrece una formaci\u00f3n integral a los participantes en dos \u00e1reas complementarias que permiten cubrir la demanda actual de profesionales dentro del \u00e1rea del ocio cultural.<\/p>\n<p>Las profundas trasformaciones econ\u00f3micas y sociales de las sociedades actuales est\u00e1n generando cambios significativos en la cantidad y pauta del tiempo libre disponible, transformaciones que igualmente provocan un incremento de la insatisfacci\u00f3n, el estr\u00e9s, el aburrimiento, la falta de actividad f\u00edsica, la falta de creatividad y la alienaci\u00f3n en el d\u00eda a d\u00eda de las personas.\u00a0 Todas estas caracter\u00edsticas pueden ser aliviadas mediante conductas de ocio.<\/p>\n<p>El ratio de acci\u00f3n de las actividades de ocio es inmenso y abarca actividades muy diversas, destac\u00e1ndose aquellas con un fuerte contenido cultural. As\u00ed, las actividades y proyectos culturales, un sector fuertemente tradicional pero en pleno proceso de cambio por la irrupci\u00f3n de la tecnolog\u00eda y la econom\u00eda de mercado surge como una de las iniciativas con mayor crecimiento para responder a los proyectos de ocio.[\/vc_column_text][\/vc_column_inner][vc_column_inner width=\u00bb1\/2&#8243; css=\u00bb.vc_custom_1434369231866{background-color: #f3f3f3 !important;}\u00bb][vc_column_text css=\u00bb.vc_custom_1460979309393{padding-bottom: 20px !important;}\u00bb]<\/p>\n<p style=\"text-align: left;\"><strong><br \/>\n<span style=\"color: #db1b49;\">Fecha de inicio:<\/span><br \/>\n<\/strong>10 de mayo de 2016<\/p>\n<p style=\"text-align: left;\"><strong><span style=\"color: #db1b49;\">Duraci\u00f3n:<\/span><br \/>\n<\/strong>6 meses<\/p>\n<p style=\"text-align: left;\"><strong><span style=\"color: #db1b49;\">Modalidad:<\/span><br \/>\n<\/strong>Online (Acceso a la Plataforma 24h. al d\u00eda)<\/p>\n<p>[\/vc_column_text][\/vc_column_inner][\/vc_row_inner][vc_column_text]<\/p>\n<h3 style=\"text-align: left;\"><span style=\"color: #dc214e;\">\u00bfQu\u00e9 titulaci\u00f3n obtendr\u00e9 al finalizar la formaci\u00f3n?<\/span><\/h3>\n<p>[\/vc_column_text][vc_row_inner][vc_column_inner width=\u00bb1\/2&#8243;][vc_column_text]<\/p>\n<p style=\"text-align: justify;\">Al finalizar tu formaci\u00f3n recibir\u00e1s <strong>2 Diplomas<\/strong> en formato digital (PDF), certificados por Divulgaci\u00f3n Din\u00e1mica y visados por la ANCED (Asociaci\u00f3n Nacional de Centros de Elearning y Distancia), con validez laboral y curricular a nivel estatal.<\/p>\n<p>[\/vc_column_text][\/vc_column_inner][vc_column_inner width=\u00bb1\/2&#8243;][vc_column_text]<\/p>\n<p><img loading=\"lazy\" class=\"alignleft size-full wp-image-560\" src=\"http:\/\/divulgaciondinamica.info\/promos\/wp-content\/uploads\/2015\/06\/imagen-diploma.png\" alt=\"imagen-diploma\" width=\"432\" height=\"144\" srcset=\"https:\/\/divulgaciondinamica.info\/promos\/wp-content\/uploads\/2015\/06\/imagen-diploma.png 432w, https:\/\/divulgaciondinamica.info\/promos\/wp-content\/uploads\/2015\/06\/imagen-diploma-300x100.png 300w\" sizes=\"(max-width: 432px) 100vw, 432px\" \/><\/p>\n<p>[\/vc_column_text][\/vc_column_inner][\/vc_row_inner][vc_column_text]<\/p>\n<h3 style=\"text-align: left;\"><span style=\"color: #dc214e;\">Contenidos de la Doble Titulaci\u00f3n:<\/span><\/h3>\n<p>[\/vc_column_text][vc_row_inner][vc_column_inner width=\u00bb1\/2&#8243; css=\u00bb.vc_custom_1434366413550{margin-top: 20px !important;}\u00bb][vc_column_text]<\/p>\n<h4><strong>M\u00e1ster en Gesti\u00f3n de Proyectos Culturales (400 h.)<br \/>\n<\/strong><\/h4>\n<p>&nbsp;<\/p>\n<p><strong>1. LA GESTI\u00d3N CULTURAL<\/strong><\/p>\n<p>1.1 Especialidades de la gesti\u00f3n cultural<br \/>\n1.2 Animaci\u00f3n cultural y gesti\u00f3n cultural<br \/>\n1.3 Industrias culturales<br \/>\n1.4 El gestor cultural<br \/>\n1.5 Pol\u00edticas y agentes culturales<br \/>\n1.6 Tipolog\u00eda de pol\u00edticas culturales<br \/>\n1.7 Pol\u00edtica cultural espa\u00f1ola<br \/>\n1.8 Modelos de gesti\u00f3n cultural<br \/>\n1.9 Sector privado en la gesti\u00f3n cultural<br \/>\n1.10 Normativa general<br \/>\n1.11 Normativa cultural por sectores<\/p>\n<p><strong>2. LAS INDUSTRIAS CULTURALES<\/strong><\/p>\n<p>2.1 Caracter\u00edsticas de las industrias culturales<br \/>\n2.2 Clasificaci\u00f3n<br \/>\n2.3 Gesti\u00f3n del riesgo<br \/>\n2.4 Gesti\u00f3n de la propiedad industrial<br \/>\n2.5 Industria editorial<br \/>\n2.6 Artes esc\u00e9nicas<br \/>\n2.7 Industria audiovisual<br \/>\n2.8 Industria musical<\/p>\n<p><strong>3. GESTI\u00d3N DE PROYECTOS CULTURALES<\/strong><\/p>\n<p>3.1 Niveles de planificaci\u00f3n<br \/>\n3.2 Ventajas e inconvenientes de la planificaci\u00f3n cultural<br \/>\n3.3 Requisitos de los proyectos culturales<br \/>\n3.4 M\u00e9todos para la planificaci\u00f3n de proyectos<br \/>\n3.5 Bases contextuales<br \/>\n3.6 Definici\u00f3n del proyecto<br \/>\n3.7 Producto del proyecto<br \/>\n3.8 Evaluaci\u00f3n<\/p>\n<p><strong>4. RECURSOS PARA LA GESTI\u00d3N: FINANCIACI\u00d3N, RELACIONES P\u00daBLICAS<\/strong><\/p>\n<p>4.1 Financiaci\u00f3n del sector cultural<br \/>\n4.2 Financiaci\u00f3n p\u00fablica<br \/>\n4.3 Las fundaciones<br \/>\n4.4 El fundraising<br \/>\n4.5 Nuevas estrategias: crowdfunding<br \/>\n4.6 Herramientas de gesti\u00f3n econ\u00f3mica-financiera<br \/>\n4.7 Comunicaci\u00f3n interna<br \/>\n4.8 El proceso de gesti\u00f3n de conflictos personales<br \/>\n4.9 Herramientas de gesti\u00f3n ante una crisis de imagen<\/p>\n<p><strong>5. HERRAMIENTAS PARA LA GESTI\u00d3N CULTURAL: MARKETING Y COMUNICACI\u00d3N<\/strong><\/p>\n<p>5.1 Marketing cultural como estrategia empresarial<br \/>\n5.2 Marketing cultural como comunicaci\u00f3n de acciones culturales<br \/>\n5.3 Gesti\u00f3n estrat\u00e9gica de la identidad corporativa<br \/>\n5.4 El impacto de las nuevas tecnolog\u00edas en la comunicaci\u00f3n corporativa<\/p>\n<p><strong>6. MARKETING Y COMUNICACI\u00d3N DE SERVICIOS DE OCIO EN LA RED<\/strong><\/p>\n<p>6.1 Marketing y comunicaci\u00f3n de servicios de ocio<br \/>\n6.2 Marketing digital<br \/>\n6.3 Plan Social Media[\/vc_column_text][\/vc_column_inner][vc_column_inner width=\u00bb1\/2&#8243; css=\u00bb.vc_custom_1434366397791{margin-top: 20px !important;}\u00bb][vc_column_text]<\/p>\n<div id=\"ui-id-2\" class=\"wpb_accordion_content ui-accordion-content vc_clearfix ui-helper-reset ui-widget-content ui-corner-bottom ui-accordion-content-active\">\n<div class=\"wpb_text_column wpb_content_element \">\n<div class=\"wpb_wrapper\">\n<h4><strong>M\u00e1ster en Gesti\u00f3n de Programas y Espacios de Ocio (400 h.)<br \/>\n<\/strong><\/h4>\n<p>&nbsp;<\/p>\n<p><strong>1. EL OCIO COMO NUEVO YACIMIENTO DE EMPLEO<\/strong><\/p>\n<p>1.1 Ocio cultural<br \/>\n1.2 Perspectivas actuales en relaci\u00f3n al ocio<br \/>\n1.3 Ocio cultural: nuevo yacimiento de empleo<\/p>\n<p><strong>2. EMPRENDIZAJE DE SERVICIOS DE OCIO. NUEVOS MODELOS DE NEGOCIOS<\/strong><\/p>\n<p>2.1. Emprendizaje e innovaci\u00f3n en servicios de ocio<br \/>\n2.2 Las empresas de ocio<br \/>\n2.3 Idea de negocio-Oportunidad de negocio<br \/>\n2.4 El plan de empresa<br \/>\n2.5 Creatividad y nuevos modelos de negocio<\/p>\n<p><strong>3. DISE\u00d1O, PLANIFICACI\u00d3N Y GESTI\u00d3N DE EVENTOS DE OCIO<\/strong><\/p>\n<p>5.1 \u00bfQu\u00e9 es un evento de ocio?<br \/>\n5.2 El proceso de la organizaci\u00f3n de eventos<br \/>\n5.3 La creatividad en los eventos<br \/>\n5.4 Herramientas esenciales para un productor de eventos<br \/>\n5.5 Organizaci\u00f3n de eventos y propiedad intelectual<br \/>\n5.6 Accesibilidad de los eventos de ocio<br \/>\n5.7 Sostenibilidad de los eventos<br \/>\n5.8 Prevenci\u00f3n de riesgos laborales en el entorno de los eventos<\/p>\n<p><strong>4. MUSEOS, EXPOSICIONES Y GALER\u00cdAS<\/strong><\/p>\n<p>4.1 La gesti\u00f3n de museos<br \/>\n4.2 Las colecciones muse\u00edsticas<br \/>\n4.3 El espacio<br \/>\n4.4 Funci\u00f3n socio-educativa de los museos<br \/>\n4.5 Accesibilidad en los museos<br \/>\n4.6 Clasificaci\u00f3n de exposiciones<br \/>\n4.7 Dise\u00f1o de exposiciones<br \/>\n4.8 Equipo de profesionales implicados<br \/>\n4.9 La preparaci\u00f3n de una exposici\u00f3n<br \/>\n4.10 Criterios de la exposici\u00f3n<br \/>\n4.11 El compendio o plan de la exposici\u00f3n<br \/>\n4.12 Elementos importantes en las exposiciones<br \/>\n4.13 Presentaci\u00f3n de exposiciones<br \/>\n4.14 El cat\u00e1logo<br \/>\n4.15 Las galer\u00edas: agentes del mercado del arte<\/p>\n<p><strong>5. INTERPRETACI\u00d3N Y RECURSOS INTERPRETATIVOS<\/strong><\/p>\n<p>5.1 Interpretaci\u00f3n y comunicaci\u00f3n con el p\u00fablico: finalidad y objetivos<br \/>\n5.2 La planificaci\u00f3n interpretativa<br \/>\n5.3 Comunicaci\u00f3n entre int\u00e9rprete y audiencia<br \/>\n5.4 Dise\u00f1o de itinerarios interpretativos<\/p>\n<p><strong>6. DINAMIZACI\u00d3N DE EQUIPAMIENTOS CULTURALES CIUDADANOS<\/strong><\/p>\n<p>6.1 Animaci\u00f3n sociocultural como metodolog\u00eda de dinamizaci\u00f3n cultural<br \/>\n6.2 Funciones y \u00e1mbitos de la ASC<br \/>\n6.3 Metodolog\u00eda de la ASC<br \/>\n6.4 Herramientas para la inserci\u00f3n territorial<br \/>\n6.5 Herramientas para fortalecer la participaci\u00f3n cultural local<br \/>\n6.6 Herramientas para el desarrollo art\u00edstico-cultural<br \/>\n6.7 T\u00e9cnicas de creatividad<br \/>\n6.8 Caso pr\u00e1ctico<\/p>\n<p><strong>7. GESTI\u00d3N DE GRUPOS EN ACTIVIDADES DE OCIO<\/strong><\/p>\n<p>7.1 Concepto de grupo<br \/>\n7.2 Los grupos como unidad de funcionamiento de las actividades de ocio<br \/>\n7.3 Comunicaci\u00f3n grupal en actividades de ocio<br \/>\n7.4 T\u00e9cnicas de dinamizaci\u00f3n grupal<br \/>\n7.5 Los grupos como sectores de mercado de las actividades de ocio<\/p>\n<p><strong>8. OCIO Y DINAMIZACI\u00d3N CULTURAL: TALLERES CULTURALES<\/strong><\/p>\n<p>8.1 Los talleres de ocio cultural<br \/>\n8.2 Planificaci\u00f3n de talleres de ocio cultural<br \/>\n8.3 Un caso pr\u00e1ctico: Inclusi\u00f3n social a trav\u00e9s de la dinamizaci\u00f3n art\u00edstica<\/p>\n<p><strong>9. EVALUACI\u00d3N Y CALIDAD DE LOS SERVICIOS DE OCIO<\/strong><\/p>\n<p>9.1 Conceptualizaci\u00f3n de evaluaci\u00f3n<br \/>\n9.2 Conceptualizaci\u00f3n de calidad<\/p>\n<\/div>\n<\/div>\n<\/div>\n<p>[\/vc_column_text][vc_column_text]<\/p>\n<h3 style=\"text-align: left;\"><span style=\"color: #dc214e;\">+ Trabajo Fin de M\u00e1ster<\/span><\/h3>\n<p style=\"text-align: left;\">El TFM (Trabajo de Fin de M\u00e1ster) consiste en la elaboraci\u00f3n de un proyecto final donde se demostrar\u00e1n los conocimientos adquiridos durante el proceso formativo.<\/p>\n<p>[\/vc_column_text][\/vc_column_inner][\/vc_row_inner][vc_column_text]<a title=\"Realiza tu inscripci\u00f3n AQU\u00cd\" href=\"http:\/\/www.divulgaciondinamica.es\/secretaria\/alumnos\/form\/383\/\" target=\"_blank\"><img loading=\"lazy\" class=\"aligncenter size-full wp-image-568\" src=\"http:\/\/divulgaciondinamica.info\/promos\/wp-content\/uploads\/2015\/06\/btn-inscripcion.png\" alt=\"btn-inscripcion\" width=\"306\" height=\"103\" srcset=\"https:\/\/divulgaciondinamica.info\/promos\/wp-content\/uploads\/2015\/06\/btn-inscripcion.png 306w, https:\/\/divulgaciondinamica.info\/promos\/wp-content\/uploads\/2015\/06\/btn-inscripcion-300x101.png 300w\" sizes=\"(max-width: 306px) 100vw, 306px\" \/><\/a>[\/vc_column_text][\/vc_column][\/vc_row]<\/p>\n","protected":false},"excerpt":{"rendered":"<p>[vc_row css=\u00bb.vc_custom_1427804811471{margin-top: 25px !important;margin-bottom: 25px !important;}\u00bb][vc_column width=\u00bb2\/3&#8243;][vc_single_image image=\u00bb1573&#8243; img_size=\u00bb661&#215;82&#8243;][\/vc_column][vc_column width=\u00bb1\/3&#8243;][vc_column_text] 629 27 39 96 soporte11@divulgaciondinamica.es [\/vc_column_text][\/vc_column][\/vc_row][vc_row css=\u00bb.vc_custom_1489484355483{margin-top: 25px !important;margin-bottom: 15px !important;}\u00bb][vc_column][vc_custom_heading text=\u00bbDoble M\u00e1ster Online \u00bb font_container=\u00bbtag:p|font_size:32|text_align:center|color:%230a7aba|line_height:1.1&#8243; google_fonts=\u00bbfont_family:Lato%3A100%2C100italic%2C300%2C300italic%2Cregular%2Citalic%2C700%2C700italic%2C900%2C900italic|font_style:300%20light%20regular%3A300%3Anormal\u00bb css=\u00bb.vc_custom_1492685418680{margin-bottom: 15px !important;}\u00bb][vc_custom_heading text=\u00bbM\u00e1ster en Gesti\u00f3n de Proyectos Culturales + M\u00e1ster en Programas<\/p>\n","protected":false},"author":1,"featured_media":0,"parent":0,"menu_order":0,"comment_status":"closed","ping_status":"closed","template":"","meta":[],"yoast_head":"<!-- This site is optimized with the Yoast SEO plugin v15.7 - https:\/\/yoast.com\/wordpress\/plugins\/seo\/ -->\n<title>Doble M\u00e1ster en Gesti\u00f3n de Proyectos Culturales + Gesti\u00f3n de Programas y Espacios de Ocio - Divulgaci\u00f3n Din\u00e1mica<\/title>\n<meta name=\"description\" content=\"Doble M\u00e1ster &quot;Gesti\u00f3n de Proyectos Culturales&quot; y &quot;Gesti\u00f3n de Programas y Espacios de Ocio&quot; Online. Formaci\u00f3n a tu alcance. Paga solo las tasas \u00a1Inf\u00f3rmate!\" \/>\n<meta name=\"robots\" content=\"index, follow, max-snippet:-1, max-image-preview:large, max-video-preview:-1\" \/>\n<link rel=\"canonical\" href=\"https:\/\/divulgaciondinamica.info\/promos\/doble-titulacion-gestion-de-proyectos-culturales-y-programas-y-espacios-de-ocio\/\" \/>\n<meta property=\"og:locale\" content=\"es_ES\" \/>\n<meta property=\"og:type\" content=\"article\" \/>\n<meta property=\"og:title\" content=\"Doble M\u00e1ster en Gesti\u00f3n de Proyectos Culturales + Gesti\u00f3n de Programas y Espacios de Ocio - Divulgaci\u00f3n Din\u00e1mica\" \/>\n<meta property=\"og:description\" content=\"Doble M\u00e1ster &quot;Gesti\u00f3n de Proyectos Culturales&quot; y &quot;Gesti\u00f3n de Programas y Espacios de Ocio&quot; Online. Formaci\u00f3n a tu alcance. Paga solo las tasas \u00a1Inf\u00f3rmate!\" \/>\n<meta property=\"og:url\" content=\"https:\/\/divulgaciondinamica.info\/promos\/doble-titulacion-gestion-de-proyectos-culturales-y-programas-y-espacios-de-ocio\/\" \/>\n<meta property=\"og:site_name\" content=\"Divulgaci\u00f3n Din\u00e1mica\" \/>\n<meta property=\"article:publisher\" content=\"https:\/\/www.facebook.com\/divulgaciondinamicaformacion\/\" \/>\n<meta property=\"article:modified_time\" content=\"2017-04-20T10:50:27+00:00\" \/>\n<meta property=\"og:image\" content=\"http:\/\/divulgaciondinamica.info\/promos\/wp-content\/uploads\/2015\/09\/imagen-doble-titulacion.jpg\" \/>\n<meta name=\"twitter:card\" content=\"summary_large_image\" \/>\n<meta name=\"twitter:site\" content=\"@divulgaciond\" \/>\n<meta name=\"twitter:label1\" content=\"Tiempo de lectura\">\n\t<meta name=\"twitter:data1\" content=\"7 minutos\">\n<script type=\"application\/ld+json\" class=\"yoast-schema-graph\">{\"@context\":\"https:\/\/schema.org\",\"@graph\":[{\"@type\":\"Organization\",\"@id\":\"https:\/\/divulgaciondinamica.info\/promos\/#organization\",\"name\":\"Divulgaci\\u00f3n Din\\u00e1mica S.L.\",\"url\":\"https:\/\/divulgaciondinamica.info\/promos\/\",\"sameAs\":[\"https:\/\/www.facebook.com\/divulgaciondinamicaformacion\/\",\"https:\/\/www.instagram.com\/divulgaciondinamica\",\"https:\/\/www.linkedin.com\/company-beta\/9490428\/\",\"https:\/\/www.youtube.com\/user\/ddinamica2010\",\"https:\/\/twitter.com\/divulgaciond\"],\"logo\":{\"@type\":\"ImageObject\",\"@id\":\"https:\/\/divulgaciondinamica.info\/promos\/#logo\",\"inLanguage\":\"es\",\"url\":\"https:\/\/divulgaciondinamica.info\/promos\/wp-content\/uploads\/2016\/02\/logo-divulgaciondinamica-ddf.png\",\"width\":400,\"height\":79,\"caption\":\"Divulgaci\\u00f3n Din\\u00e1mica S.L.\"},\"image\":{\"@id\":\"https:\/\/divulgaciondinamica.info\/promos\/#logo\"}},{\"@type\":\"WebSite\",\"@id\":\"https:\/\/divulgaciondinamica.info\/promos\/#website\",\"url\":\"https:\/\/divulgaciondinamica.info\/promos\/\",\"name\":\"Divulgaci\\u00f3n Din\\u00e1mica\",\"description\":\"Formaci\\u00f3n de calidad al alcance de todos\",\"publisher\":{\"@id\":\"https:\/\/divulgaciondinamica.info\/promos\/#organization\"},\"potentialAction\":[{\"@type\":\"SearchAction\",\"target\":\"https:\/\/divulgaciondinamica.info\/promos\/?s={search_term_string}\",\"query-input\":\"required name=search_term_string\"}],\"inLanguage\":\"es\"},{\"@type\":\"ImageObject\",\"@id\":\"https:\/\/divulgaciondinamica.info\/promos\/doble-titulacion-gestion-de-proyectos-culturales-y-programas-y-espacios-de-ocio\/#primaryimage\",\"inLanguage\":\"es\",\"url\":\"http:\/\/divulgaciondinamica.info\/promos\/wp-content\/uploads\/2015\/09\/imagen-doble-titulacion.jpg\"},{\"@type\":\"WebPage\",\"@id\":\"https:\/\/divulgaciondinamica.info\/promos\/doble-titulacion-gestion-de-proyectos-culturales-y-programas-y-espacios-de-ocio\/#webpage\",\"url\":\"https:\/\/divulgaciondinamica.info\/promos\/doble-titulacion-gestion-de-proyectos-culturales-y-programas-y-espacios-de-ocio\/\",\"name\":\"Doble M\\u00e1ster en Gesti\\u00f3n de Proyectos Culturales + Gesti\\u00f3n de Programas y Espacios de Ocio - Divulgaci\\u00f3n Din\\u00e1mica\",\"isPartOf\":{\"@id\":\"https:\/\/divulgaciondinamica.info\/promos\/#website\"},\"primaryImageOfPage\":{\"@id\":\"https:\/\/divulgaciondinamica.info\/promos\/doble-titulacion-gestion-de-proyectos-culturales-y-programas-y-espacios-de-ocio\/#primaryimage\"},\"datePublished\":\"2015-09-24T12:19:22+00:00\",\"dateModified\":\"2017-04-20T10:50:27+00:00\",\"description\":\"Doble M\\u00e1ster \\\"Gesti\\u00f3n de Proyectos Culturales\\\" y \\\"Gesti\\u00f3n de Programas y Espacios de Ocio\\\" Online. Formaci\\u00f3n a tu alcance. Paga solo las tasas \\u00a1Inf\\u00f3rmate!\",\"inLanguage\":\"es\",\"potentialAction\":[{\"@type\":\"ReadAction\",\"target\":[\"https:\/\/divulgaciondinamica.info\/promos\/doble-titulacion-gestion-de-proyectos-culturales-y-programas-y-espacios-de-ocio\/\"]}]}]}<\/script>\n<!-- \/ Yoast SEO plugin. -->","_links":{"self":[{"href":"https:\/\/divulgaciondinamica.info\/promos\/wp-json\/wp\/v2\/pages\/902"}],"collection":[{"href":"https:\/\/divulgaciondinamica.info\/promos\/wp-json\/wp\/v2\/pages"}],"about":[{"href":"https:\/\/divulgaciondinamica.info\/promos\/wp-json\/wp\/v2\/types\/page"}],"author":[{"embeddable":true,"href":"https:\/\/divulgaciondinamica.info\/promos\/wp-json\/wp\/v2\/users\/1"}],"replies":[{"embeddable":true,"href":"https:\/\/divulgaciondinamica.info\/promos\/wp-json\/wp\/v2\/comments?post=902"}],"version-history":[{"count":5,"href":"https:\/\/divulgaciondinamica.info\/promos\/wp-json\/wp\/v2\/pages\/902\/revisions"}],"predecessor-version":[{"id":6592,"href":"https:\/\/divulgaciondinamica.info\/promos\/wp-json\/wp\/v2\/pages\/902\/revisions\/6592"}],"wp:attachment":[{"href":"https:\/\/divulgaciondinamica.info\/promos\/wp-json\/wp\/v2\/media?parent=902"}],"curies":[{"name":"wp","href":"https:\/\/api.w.org\/{rel}","templated":true}]}}