{"id":8129,"date":"2017-06-28T09:57:03","date_gmt":"2017-06-28T09:57:03","guid":{"rendered":"http:\/\/divulgaciondinamica.info\/promos\/?page_id=8129"},"modified":"2017-07-14T10:30:57","modified_gmt":"2017-07-14T10:30:57","slug":"curso-monitor-escolar-ocio-educativo-ig","status":"publish","type":"page","link":"https:\/\/divulgaciondinamica.info\/promos\/curso-monitor-escolar-ocio-educativo-ig\/","title":{"rendered":"Curso de Monitor Escolar y Ocio Educativo Ig"},"content":{"rendered":"<p>[vc_row css=\u00bb.vc_custom_1427804811471{margin-top: 25px !important;margin-bottom: 25px !important;}\u00bb][vc_column width=\u00bb2\/3&#8243;][vc_single_image image=\u00bb1573&#8243; img_size=\u00bb661&#215;82&#8243;][\/vc_column][vc_column width=\u00bb1\/3&#8243;][vc_column_text]<\/p>\n<h6 style=\"text-align: right;\"><i class=\"fa fa-whatsapp\"><\/i> 628 069 839<\/h6>\n<p style=\"text-align: right;\"><strong>soporte1@divulgaciondinamica.es<\/strong><\/p>\n<p>[\/vc_column_text][\/vc_column][\/vc_row][vc_row css=\u00bb.vc_custom_1489484355483{margin-top: 25px !important;margin-bottom: 15px !important;}\u00bb][vc_column][vc_custom_heading text=\u00bbCurso Online\u00bb font_container=\u00bbtag:h2|font_size:32|text_align:center|color:%230a7aba|line_height:1.1&#8243; google_fonts=\u00bbfont_family:Lato%3A100%2C100italic%2C300%2C300italic%2Cregular%2Citalic%2C700%2C700italic%2C900%2C900italic|font_style:300%20light%20regular%3A300%3Anormal\u00bb css=\u00bb.vc_custom_1489484473508{margin-bottom: 5px !important;}\u00bb][vc_custom_heading text=\u00bbMonitor Escolar y Ocio Educativo\u00bb font_container=\u00bbtag:h2|font_size:44|text_align:center|color:%230a7aba|line_height:1.1&#8243; google_fonts=\u00bbfont_family:Lato%3A100%2C100italic%2C300%2C300italic%2Cregular%2Citalic%2C700%2C700italic%2C900%2C900italic|font_style:900%20bold%20regular%3A900%3Anormal\u00bb css=\u00bb.vc_custom_1498643436037{margin-bottom: 15px !important;}\u00bb][\/vc_column][\/vc_row][vc_row css=\u00bb.vc_custom_1489484502411{margin-top: 25px !important;margin-right: 0px !important;margin-bottom: 15px !important;}\u00bb][vc_column width=\u00bb1\/4&#8243;][vc_row_inner css=\u00bb.vc_custom_1489423995390{margin-top: 2px !important;margin-right: 2px !important;margin-bottom: 2px !important;margin-left: 2px !important;padding-top: 10px !important;padding-right: 5px !important;padding-bottom: 20px !important;padding-left: 5px !important;background-color: #efefef !important;}\u00bb][vc_column_inner][vc_icon icon_fontawesome=\u00bbfa fa-laptop\u00bb color=\u00bbsky\u00bb size=\u00bblg\u00bb align=\u00bbcenter\u00bb css_animation=\u00bbbottom-to-top\u00bb css=\u00bb.vc_custom_1489423953746{margin-bottom: 10px !important;}\u00bb][vc_custom_heading text=\u00bbModalidad:\u00bb font_container=\u00bbtag:h2|font_size:18|text_align:center|color:%230a7aba|line_height:1.2&#8243; google_fonts=\u00bbfont_family:Lato%3A100%2C100italic%2C300%2C300italic%2Cregular%2Citalic%2C700%2C700italic%2C900%2C900italic|font_style:900%20bold%20regular%3A900%3Anormal\u00bb css=\u00bb.vc_custom_1489423549304{margin-bottom: 5px !important;}\u00bb][vc_custom_heading text=\u00bb100% online\u00bb font_container=\u00bbtag:h2|font_size:16|text_align:center|color:%230a7aba|line_height:1.2&#8243; google_fonts=\u00bbfont_family:Lato%3A100%2C100italic%2C300%2C300italic%2Cregular%2Citalic%2C700%2C700italic%2C900%2C900italic|font_style:400%20regular%3A400%3Anormal\u00bb][\/vc_column_inner][\/vc_row_inner][\/vc_column][vc_column width=\u00bb1\/4&#8243;][vc_row_inner css=\u00bb.vc_custom_1489424000853{margin-top: 2px !important;margin-right: 2px !important;margin-bottom: 2px !important;margin-left: 2px !important;padding-top: 10px !important;padding-right: 5px !important;padding-bottom: 20px !important;padding-left: 5px !important;background-color: #efefef !important;}\u00bb][vc_column_inner][vc_icon icon_fontawesome=\u00bbfa fa-clock-o\u00bb color=\u00bbsky\u00bb size=\u00bblg\u00bb align=\u00bbcenter\u00bb css_animation=\u00bbbottom-to-top\u00bb css=\u00bb.vc_custom_1489424050530{margin-bottom: 10px !important;}\u00bb][vc_custom_heading text=\u00bbDuraci\u00f3n:\u00bb font_container=\u00bbtag:h2|font_size:18|text_align:center|color:%230a7aba|line_height:1.2&#8243; google_fonts=\u00bbfont_family:Lato%3A100%2C100italic%2C300%2C300italic%2Cregular%2Citalic%2C700%2C700italic%2C900%2C900italic|font_style:900%20bold%20regular%3A900%3Anormal\u00bb css=\u00bb.vc_custom_1489423553086{margin-bottom: 5px !important;}\u00bb][vc_custom_heading text=\u00bb80 h. \/ 4 semanas\u00bb font_container=\u00bbtag:h2|font_size:16|text_align:center|color:%230a7aba|line_height:1.2&#8243; google_fonts=\u00bbfont_family:Lato%3A100%2C100italic%2C300%2C300italic%2Cregular%2Citalic%2C700%2C700italic%2C900%2C900italic|font_style:400%20regular%3A400%3Anormal\u00bb][\/vc_column_inner][\/vc_row_inner][\/vc_column][vc_column width=\u00bb1\/4&#8243;][vc_row_inner css=\u00bb.vc_custom_1489424005381{margin-top: 2px !important;margin-right: 2px !important;margin-bottom: 2px !important;margin-left: 2px !important;padding-top: 10px !important;padding-right: 5px !important;padding-bottom: 20px !important;padding-left: 5px !important;background-color: #efefef !important;}\u00bb][vc_column_inner][vc_icon icon_fontawesome=\u00bbfa fa-calendar\u00bb color=\u00bbsky\u00bb size=\u00bblg\u00bb align=\u00bbcenter\u00bb css_animation=\u00bbbottom-to-top\u00bb css=\u00bb.vc_custom_1489423962381{margin-bottom: 10px !important;}\u00bb][vc_custom_heading text=\u00bbFecha Inicio:\u00bb font_container=\u00bbtag:h2|font_size:18|text_align:center|color:%230a7aba|line_height:1.2&#8243; google_fonts=\u00bbfont_family:Lato%3A100%2C100italic%2C300%2C300italic%2Cregular%2Citalic%2C700%2C700italic%2C900%2C900italic|font_style:900%20bold%20regular%3A900%3Anormal\u00bb css=\u00bb.vc_custom_1489423557331{margin-bottom: 5px !important;}\u00bb][vc_custom_heading text=\u00bb13 \/ julio \/ 2017&#8243; font_container=\u00bbtag:h2|font_size:16|text_align:center|color:%230a7aba|line_height:1.2&#8243; google_fonts=\u00bbfont_family:Lato%3A100%2C100italic%2C300%2C300italic%2Cregular%2Citalic%2C700%2C700italic%2C900%2C900italic|font_style:400%20regular%3A400%3Anormal\u00bb][\/vc_column_inner][\/vc_row_inner][\/vc_column][vc_column width=\u00bb1\/4&#8243;][vc_row_inner css=\u00bb.vc_custom_1489424009765{margin-top: 2px !important;margin-right: 2px !important;margin-bottom: 2px !important;margin-left: 2px !important;padding-top: 10px !important;padding-right: 5px !important;padding-bottom: 20px !important;padding-left: 5px !important;background-color: #efefef !important;}\u00bb][vc_column_inner][vc_icon icon_fontawesome=\u00bbfa fa-graduation-cap\u00bb color=\u00bbsky\u00bb size=\u00bblg\u00bb align=\u00bbcenter\u00bb css_animation=\u00bbbottom-to-top\u00bb css=\u00bb.vc_custom_1489423967355{margin-bottom: 10px !important;}\u00bb][vc_custom_heading text=\u00bbTasas Administrativas:\u00bb font_container=\u00bbtag:h2|font_size:18|text_align:center|color:%230a7aba|line_height:1.2&#8243; google_fonts=\u00bbfont_family:Lato%3A100%2C100italic%2C300%2C300italic%2Cregular%2Citalic%2C700%2C700italic%2C900%2C900italic|font_style:900%20bold%20regular%3A900%3Anormal\u00bb css=\u00bb.vc_custom_1489423561127{margin-bottom: 5px !important;}\u00bb][vc_custom_heading text=\u00bbPaga s\u00f3lo 52\u20ac\u00bb font_container=\u00bbtag:h2|font_size:16|text_align:center|color:%230a7aba|line_height:1.2&#8243; google_fonts=\u00bbfont_family:Lato%3A100%2C100italic%2C300%2C300italic%2Cregular%2Citalic%2C700%2C700italic%2C900%2C900italic|font_style:400%20regular%3A400%3Anormal\u00bb][\/vc_column_inner][\/vc_row_inner][\/vc_column][\/vc_row][vc_row][vc_column][vc_column_text]<img loading=\"lazy\" class=\"alignleft wp-image-8130 size-full\" title=\"Fitness: Preparaci\u00f3n f\u00edsica para la salud\" src=\"http:\/\/divulgaciondinamica.info\/promos\/wp-content\/uploads\/2017\/06\/Imagen-Curso-Online-Monitor-Escolar-y-Ocio-Educativo.jpg\" alt=\"\" width=\"643\" height=\"434\" srcset=\"https:\/\/divulgaciondinamica.info\/promos\/wp-content\/uploads\/2017\/06\/Imagen-Curso-Online-Monitor-Escolar-y-Ocio-Educativo.jpg 643w, https:\/\/divulgaciondinamica.info\/promos\/wp-content\/uploads\/2017\/06\/Imagen-Curso-Online-Monitor-Escolar-y-Ocio-Educativo-300x202.jpg 300w\" sizes=\"(max-width: 643px) 100vw, 643px\" \/><iframe style=\"border: 0px solid grey;\" src=\"http:\/\/www.divulgaciondinamica.es\/secretariainfo\/alumnos\/iframe\/790\/\" width=\"417\" height=\"434\" scrolling=\"auto\"><\/iframe>[\/vc_column_text][\/vc_column][\/vc_row][vc_row css=\u00bb.vc_custom_1427804437681{margin-top: 35px !important;margin-bottom: 35px !important;}\u00bb][vc_column width=\u00bb1\/4&#8243;][vc_single_image image=\u00bb3587&#8243; img_size=\u00bb250&#215;195&#8243; alignment=\u00bbcenter\u00bb][\/vc_column][vc_column width=\u00bb1\/4&#8243;][vc_single_image image=\u00bb3588&#8243; img_size=\u00bb250&#215;195&#8243; alignment=\u00bbcenter\u00bb][\/vc_column][vc_column width=\u00bb1\/4&#8243;][vc_single_image image=\u00bb3589&#8243; img_size=\u00bb250&#215;195&#8243; alignment=\u00bbcenter\u00bb][\/vc_column][vc_column width=\u00bb1\/4&#8243;][vc_single_image image=\u00bb5916&#8243; img_size=\u00bb250&#215;195&#8243; alignment=\u00bbcenter\u00bb][\/vc_column][\/vc_row][vc_row][vc_column][\/vc_column][\/vc_row][vc_row css=\u00bb.vc_custom_1427805189823{margin-top: 35px !important;margin-bottom: 35px !important;}\u00bb][vc_column width=\u00bb1\/2&#8243;][vc_custom_heading text=\u00bbPresentaci\u00f3n del Curso:\u00bb font_container=\u00bbtag:h2|font_size:26|text_align:left|color:%230a7aba|line_height:1.2&#8243; google_fonts=\u00bbfont_family:Lato%3A100%2C100italic%2C300%2C300italic%2Cregular%2Citalic%2C700%2C700italic%2C900%2C900italic|font_style:900%20bold%20regular%3A900%3Anormal\u00bb css=\u00bb.vc_custom_1489484126165{margin-bottom: 45px !important;}\u00bb][vc_column_text css=\u00bb.vc_custom_1498643588793{margin-bottom: 30px !important;}\u00bb]<\/p>\n<div id=\"stcpDiv\">\n<p>La animaci\u00f3n de actividades en el contexto educativo es una de las intervenciones m\u00e1s demandas en los \u00faltimo tiempos en el desarrollo de los procesos educativos y socializadores en la infancia.<\/p>\n<p>Desde Divulgaci\u00f3n Din\u00e1mica, os presentamos el curso de \u201cMonitor de Escolar y Ocio Educativo\u201d cuyo objetivo es el desarrollo de las t\u00e9cnicas y recursos de animaci\u00f3n en actividades de tiempo libre, atendiendo a los aspectos pedag\u00f3gicos del juego y su aplicaci\u00f3n en los procesos grupales y educativos en los distintos \u00e1mbitos de actuaci\u00f3n de un monitor, con la finalidad de favorecer el desarrollo psicosocial del menor con de t\u00e9cnicas de intervenci\u00f3n educativa.<\/p>\n<p><img loading=\"lazy\" class=\"alignleft size-full wp-image-53\" src=\"http:\/\/divulgaciondinamica.info\/promos\/wp-content\/uploads\/2015\/03\/diploma-digital1.png\" alt=\"diploma-digital\" width=\"479\" height=\"322\" srcset=\"https:\/\/divulgaciondinamica.info\/promos\/wp-content\/uploads\/2015\/03\/diploma-digital1.png 479w, https:\/\/divulgaciondinamica.info\/promos\/wp-content\/uploads\/2015\/03\/diploma-digital1-300x202.png 300w\" sizes=\"(max-width: 479px) 100vw, 479px\" \/><\/p>\n<p style=\"text-align: left;\" align=\"justify\">\n<\/div>\n<p>[\/vc_column_text][\/vc_column][vc_column width=\u00bb1\/2&#8243;][vc_custom_heading text=\u00bbTemario del Curso:\u00bb font_container=\u00bbtag:h2|font_size:26|text_align:left|color:%230a7aba|line_height:1.2&#8243; google_fonts=\u00bbfont_family:Lato%3A100%2C100italic%2C300%2C300italic%2Cregular%2Citalic%2C700%2C700italic%2C900%2C900italic|font_style:900%20bold%20regular%3A900%3Anormal\u00bb css=\u00bb.vc_custom_1489484132616{margin-bottom: 45px !important;}\u00bb][vc_column_text]<\/p>\n<div id=\"stcpDiv\">\n<div id=\"stcpDiv\">\n<p><strong>1. ACTIVIDADES DE EDUCACI\u00d3N EN EL TIEMPO LIBRE<\/strong><\/p>\n<p>1.1 Fundamentos de la educaci\u00f3n en el tiempo libre infantil y juvenil<br \/>\n1.2 Procesos educativos y socializadores en la infancia y juventud<br \/>\n1.3 Elaboraci\u00f3n de proyectos en las actividades de intervenci\u00f3n en el tiempo libre<br \/>\n1.4 Perfil, funciones y \u00e1mbitos de actuaci\u00f3n del monitor<br \/>\n1.5 Propuesta de actividades de tiempo libre infantil<\/p>\n<p><strong>2. PROCESOS GRUPALES Y EDUCATIVOS EN EL TIEMPO LIBRE<\/strong><\/p>\n<p>2.1 Desarrollo psicosocial infantil y juvenil en las propuestas de actividades de tiempo libre<br \/>\n2.2 T\u00e9cnicas de intervenci\u00f3n educativa en funci\u00f3n de la diversidad individual y grupal<br \/>\n2.3 T\u00e9cnicas grupales en el desarrollo de actividades<\/p>\n<p><strong>3. T\u00c9CNICAS Y RECURSOS DE ANIMACI\u00d3N EN ACTIVIDADES DE TIEMPO LIBRE<\/strong><\/p>\n<p>3.1 Los centros de inter\u00e9s o ejes de animaci\u00f3n<br \/>\n3.2 T\u00e9cnicas de animaci\u00f3n, expresi\u00f3n y creatividad<br \/>\n3.3 T\u00e9cnicas pedag\u00f3gicas del juego<br \/>\n3.4 T\u00e9cnicas de educaci\u00f3n ambiental<br \/>\n3.5 Prevenci\u00f3n de riesgos en actividades de ocio y tiempo libre<\/p>\n<p><strong>4. EL MONITOR DE COMEDOR Y AUTOBUS ESCOLAR<\/strong><\/p>\n<p>4.1 Comedores escolares: normativa<br \/>\n4.2 Recomendaciones para comedores escolares: din\u00e1mica y organizaci\u00f3n<br \/>\n4.3 El autob\u00fas escolar: normativa<br \/>\n4.4 Capacitaci\u00f3n de los monitores o acompa\u00f1antes en el autob\u00fas escolar<br \/>\n4.5 Factores de riesgo y medidas preventivas en el autob\u00fas escolar<\/p>\n<\/div>\n<\/div>\n<p>[\/vc_column_text][\/vc_column][\/vc_row][vc_row css=\u00bb.vc_custom_1489484531438{margin-bottom: 60px !important;padding-top: 15px !important;padding-bottom: 5px !important;background-color: #0a7aba !important;}\u00bb][vc_column][vc_row_inner][vc_column_inner width=\u00bb1\/4&#8243;][vc_column_text]\u00a0[\/vc_column_text][\/vc_column_inner][vc_column_inner width=\u00bb1\/2&#8243;][vc_column_text]<\/p>\n<div style=\"text-align: center;\"><iframe style=\"border: 0px solid grey;\" src=\"http:\/\/www.divulgaciondinamica.es\/secretariainfo\/alumnos\/iframe\/790\/\" width=\"417\" height=\"404\" scrolling=\"auto\" align=\"center\"><\/iframe><\/div>\n<p>[\/vc_column_text][\/vc_column_inner][vc_column_inner width=\u00bb1\/4&#8243;][vc_column_text]\u00a0[\/vc_column_text][\/vc_column_inner][\/vc_row_inner][\/vc_column][\/vc_row]<\/p>\n","protected":false},"excerpt":{"rendered":"<p>[vc_row css=\u00bb.vc_custom_1427804811471{margin-top: 25px !important;margin-bottom: 25px !important;}\u00bb][vc_column width=\u00bb2\/3&#8243;][vc_single_image image=\u00bb1573&#8243; img_size=\u00bb661&#215;82&#8243;][\/vc_column][vc_column width=\u00bb1\/3&#8243;][vc_column_text] 628 069 839 soporte1@divulgaciondinamica.es [\/vc_column_text][\/vc_column][\/vc_row][vc_row css=\u00bb.vc_custom_1489484355483{margin-top: 25px !important;margin-bottom: 15px !important;}\u00bb][vc_column][vc_custom_heading text=\u00bbCurso Online\u00bb font_container=\u00bbtag:h2|font_size:32|text_align:center|color:%230a7aba|line_height:1.1&#8243; google_fonts=\u00bbfont_family:Lato%3A100%2C100italic%2C300%2C300italic%2Cregular%2Citalic%2C700%2C700italic%2C900%2C900italic|font_style:300%20light%20regular%3A300%3Anormal\u00bb css=\u00bb.vc_custom_1489484473508{margin-bottom: 5px !important;}\u00bb][vc_custom_heading text=\u00bbMonitor Escolar y Ocio Educativo\u00bb font_container=\u00bbtag:h2|font_size:44|text_align:center|color:%230a7aba|line_height:1.1&#8243; google_fonts=\u00bbfont_family:Lato%3A100%2C100italic%2C300%2C300italic%2Cregular%2Citalic%2C700%2C700italic%2C900%2C900italic|font_style:900%20bold%20regular%3A900%3Anormal\u00bb css=\u00bb.vc_custom_1498643436037{margin-bottom: 15px !important;}\u00bb][\/vc_column][\/vc_row][vc_row css=\u00bb.vc_custom_1489484502411{margin-top: 25px !important;margin-right:<\/p>\n","protected":false},"author":1,"featured_media":0,"parent":0,"menu_order":0,"comment_status":"closed","ping_status":"closed","template":"","meta":[],"yoast_head":"<!-- This site is optimized with the Yoast SEO plugin v15.7 - https:\/\/yoast.com\/wordpress\/plugins\/seo\/ -->\n<title>Curso de Monitor Escolar y Ocio Educativo Ig - Divulgaci\u00f3n Din\u00e1mica<\/title>\n<meta name=\"robots\" content=\"index, follow, max-snippet:-1, max-image-preview:large, max-video-preview:-1\" \/>\n<link rel=\"canonical\" href=\"http:\/\/divulgaciondinamica.info\/promos\/curso-de-monitor-escolar-y-ocio-educativo\/\" \/>\n<meta property=\"og:locale\" content=\"es_ES\" \/>\n<meta property=\"og:type\" content=\"article\" \/>\n<meta property=\"og:title\" content=\"Curso de Monitor Escolar y Ocio Educativo Ig - Divulgaci\u00f3n Din\u00e1mica\" \/>\n<meta property=\"og:description\" content=\"[vc_row css=\u00bb.vc_custom_1427804811471{margin-top: 25px !important;margin-bottom: 25px !important;}\u00bb][vc_column width=\u00bb2\/3&#8243;][vc_single_image image=\u00bb1573&#8243; img_size=\u00bb661&#215;82&#8243;][\/vc_column][vc_column width=\u00bb1\/3&#8243;][vc_column_text] 628 069 839 soporte1@divulgaciondinamica.es [\/vc_column_text][\/vc_column][\/vc_row][vc_row css=\u00bb.vc_custom_1489484355483{margin-top: 25px !important;margin-bottom: 15px !important;}\u00bb][vc_column][vc_custom_heading text=\u00bbCurso Online\u00bb font_container=\u00bbtag:h2|font_size:32|text_align:center|color:%230a7aba|line_height:1.1&#8243; google_fonts=\u00bbfont_family:Lato%3A100%2C100italic%2C300%2C300italic%2Cregular%2Citalic%2C700%2C700italic%2C900%2C900italic|font_style:300%20light%20regular%3A300%3Anormal\u00bb css=\u00bb.vc_custom_1489484473508{margin-bottom: 5px !important;}\u00bb][vc_custom_heading text=\u00bbMonitor Escolar y Ocio Educativo\u00bb font_container=\u00bbtag:h2|font_size:44|text_align:center|color:%230a7aba|line_height:1.1&#8243; google_fonts=\u00bbfont_family:Lato%3A100%2C100italic%2C300%2C300italic%2Cregular%2Citalic%2C700%2C700italic%2C900%2C900italic|font_style:900%20bold%20regular%3A900%3Anormal\u00bb css=\u00bb.vc_custom_1498643436037{margin-bottom: 15px !important;}\u00bb][\/vc_column][\/vc_row][vc_row css=\u00bb.vc_custom_1489484502411{margin-top: 25px !important;margin-right:\" \/>\n<meta property=\"og:url\" content=\"http:\/\/divulgaciondinamica.info\/promos\/curso-de-monitor-escolar-y-ocio-educativo\/\" \/>\n<meta property=\"og:site_name\" content=\"Divulgaci\u00f3n Din\u00e1mica\" \/>\n<meta property=\"article:publisher\" content=\"https:\/\/www.facebook.com\/divulgaciondinamicaformacion\/\" \/>\n<meta property=\"article:modified_time\" content=\"2017-07-14T10:30:57+00:00\" \/>\n<meta property=\"og:image\" content=\"http:\/\/divulgaciondinamica.info\/promos\/wp-content\/uploads\/2017\/06\/Imagen-Curso-Online-Monitor-Escolar-y-Ocio-Educativo.jpg\" \/>\n<meta name=\"twitter:card\" content=\"summary_large_image\" \/>\n<meta name=\"twitter:site\" content=\"@divulgaciond\" \/>\n<meta name=\"twitter:label1\" content=\"Tiempo de lectura\">\n\t<meta name=\"twitter:data1\" content=\"7 minutos\">\n<script type=\"application\/ld+json\" class=\"yoast-schema-graph\">{\"@context\":\"https:\/\/schema.org\",\"@graph\":[{\"@type\":\"Organization\",\"@id\":\"https:\/\/divulgaciondinamica.info\/promos\/#organization\",\"name\":\"Divulgaci\\u00f3n Din\\u00e1mica S.L.\",\"url\":\"https:\/\/divulgaciondinamica.info\/promos\/\",\"sameAs\":[\"https:\/\/www.facebook.com\/divulgaciondinamicaformacion\/\",\"https:\/\/www.instagram.com\/divulgaciondinamica\",\"https:\/\/www.linkedin.com\/company-beta\/9490428\/\",\"https:\/\/www.youtube.com\/user\/ddinamica2010\",\"https:\/\/twitter.com\/divulgaciond\"],\"logo\":{\"@type\":\"ImageObject\",\"@id\":\"https:\/\/divulgaciondinamica.info\/promos\/#logo\",\"inLanguage\":\"es\",\"url\":\"https:\/\/divulgaciondinamica.info\/promos\/wp-content\/uploads\/2016\/02\/logo-divulgaciondinamica-ddf.png\",\"width\":400,\"height\":79,\"caption\":\"Divulgaci\\u00f3n Din\\u00e1mica S.L.\"},\"image\":{\"@id\":\"https:\/\/divulgaciondinamica.info\/promos\/#logo\"}},{\"@type\":\"WebSite\",\"@id\":\"https:\/\/divulgaciondinamica.info\/promos\/#website\",\"url\":\"https:\/\/divulgaciondinamica.info\/promos\/\",\"name\":\"Divulgaci\\u00f3n Din\\u00e1mica\",\"description\":\"Formaci\\u00f3n de calidad al alcance de todos\",\"publisher\":{\"@id\":\"https:\/\/divulgaciondinamica.info\/promos\/#organization\"},\"potentialAction\":[{\"@type\":\"SearchAction\",\"target\":\"https:\/\/divulgaciondinamica.info\/promos\/?s={search_term_string}\",\"query-input\":\"required name=search_term_string\"}],\"inLanguage\":\"es\"},{\"@type\":\"ImageObject\",\"@id\":\"http:\/\/divulgaciondinamica.info\/promos\/curso-de-monitor-escolar-y-ocio-educativo\/#primaryimage\",\"inLanguage\":\"es\",\"url\":\"http:\/\/divulgaciondinamica.info\/promos\/wp-content\/uploads\/2017\/06\/Imagen-Curso-Online-Monitor-Escolar-y-Ocio-Educativo.jpg\"},{\"@type\":\"WebPage\",\"@id\":\"http:\/\/divulgaciondinamica.info\/promos\/curso-de-monitor-escolar-y-ocio-educativo\/#webpage\",\"url\":\"http:\/\/divulgaciondinamica.info\/promos\/curso-de-monitor-escolar-y-ocio-educativo\/\",\"name\":\"Curso de Monitor Escolar y Ocio Educativo Ig - Divulgaci\\u00f3n Din\\u00e1mica\",\"isPartOf\":{\"@id\":\"https:\/\/divulgaciondinamica.info\/promos\/#website\"},\"primaryImageOfPage\":{\"@id\":\"http:\/\/divulgaciondinamica.info\/promos\/curso-de-monitor-escolar-y-ocio-educativo\/#primaryimage\"},\"datePublished\":\"2017-06-28T09:57:03+00:00\",\"dateModified\":\"2017-07-14T10:30:57+00:00\",\"inLanguage\":\"es\",\"potentialAction\":[{\"@type\":\"ReadAction\",\"target\":[\"http:\/\/divulgaciondinamica.info\/promos\/curso-de-monitor-escolar-y-ocio-educativo\/\"]}]}]}<\/script>\n<!-- \/ Yoast SEO plugin. -->","_links":{"self":[{"href":"https:\/\/divulgaciondinamica.info\/promos\/wp-json\/wp\/v2\/pages\/8129"}],"collection":[{"href":"https:\/\/divulgaciondinamica.info\/promos\/wp-json\/wp\/v2\/pages"}],"about":[{"href":"https:\/\/divulgaciondinamica.info\/promos\/wp-json\/wp\/v2\/types\/page"}],"author":[{"embeddable":true,"href":"https:\/\/divulgaciondinamica.info\/promos\/wp-json\/wp\/v2\/users\/1"}],"replies":[{"embeddable":true,"href":"https:\/\/divulgaciondinamica.info\/promos\/wp-json\/wp\/v2\/comments?post=8129"}],"version-history":[{"count":2,"href":"https:\/\/divulgaciondinamica.info\/promos\/wp-json\/wp\/v2\/pages\/8129\/revisions"}],"predecessor-version":[{"id":8140,"href":"https:\/\/divulgaciondinamica.info\/promos\/wp-json\/wp\/v2\/pages\/8129\/revisions\/8140"}],"wp:attachment":[{"href":"https:\/\/divulgaciondinamica.info\/promos\/wp-json\/wp\/v2\/media?parent=8129"}],"curies":[{"name":"wp","href":"https:\/\/api.w.org\/{rel}","templated":true}]}}