{"id":7745,"date":"2017-05-30T12:36:07","date_gmt":"2017-05-30T12:36:07","guid":{"rendered":"http:\/\/divulgaciondinamica.info\/promos\/?page_id=7745"},"modified":"2019-06-12T11:31:23","modified_gmt":"2019-06-12T11:31:23","slug":"pago-diploma-curso-recursos-humanos-y-gestion-de-personas-chile","status":"publish","type":"page","link":"https:\/\/divulgaciondinamica.info\/promos\/pago-diploma-curso-recursos-humanos-y-gestion-de-personas-chile\/","title":{"rendered":"Pago Diploma Curso Recursos Humanos y Gesti\u00f3n de Personas Chile"},"content":{"rendered":"<p>[vc_row][vc_column][\/vc_column][\/vc_row][vc_row css=\u00bb.vc_custom_1427804811471{margin-top: 25px !important;margin-bottom: 25px !important;}\u00bb][vc_column width=\u00bb2\/3&#8243;][vc_single_image image=\u00bb1573&#8243; img_size=\u00bb661&#215;82&#8243;][\/vc_column][vc_column width=\u00bb1\/3&#8243;][vc_column_text]<\/p>\n<h6 style=\"text-align: right;\">CONSULTAS:<\/h6>\n<p style=\"text-align: right;\"><strong>soporte@divulgaciondinamica.es<\/strong><\/p>\n<p>[\/vc_column_text][\/vc_column][\/vc_row][vc_row css=\u00bb.vc_custom_1464605779315{margin-top: 40px !important;margin-bottom: 20px !important;}\u00bb][vc_column][vc_separator][vc_column_text css=\u00bb.vc_custom_1496750012166{margin-top: 20px !important;margin-bottom: 10px !important;}\u00bb]<\/p>\n<h2 style=\"text-align: center;\"><span style=\"color: #4fd174;\"><strong>SECRETAR\u00cdA VIRTUAL DEL ALUMNO<br \/>\n<\/strong><\/span><\/h2>\n<p>[\/vc_column_text][\/vc_column][\/vc_row][vc_row][vc_column width=\u00bb1\/2&#8243;][vc_single_image image=\u00bb5511&#8243; img_size=\u00bbfull\u00bb alignment=\u00bbcenter\u00bb][\/vc_column][vc_column width=\u00bb1\/2&#8243; css=\u00bb.vc_custom_1487855623691{padding-top: 20px !important;padding-right: 10px !important;padding-bottom: 20px !important;padding-left: 10px !important;background-color: #f2f2f2 !important;}\u00bb][vc_column_text]<\/p>\n<h3 style=\"text-align: center;\"><span style=\"color: #333333;\"><strong>DIPLOMA DEL CURSO<br \/>\n<span style=\"color: #808080;\">Recursos Humanos y Gesti\u00f3n de Personas<\/span><br \/>\n<\/strong><\/span><\/h3>\n<h3 style=\"text-align: center;\"><span style=\"color: #4fd174;\"><strong>Coste: $ 40.000 (Pesos Chilenos)<br \/>\n<\/strong><\/span><\/h3>\n<p>[\/vc_column_text][vc_column_text]<\/p>\n<p style=\"text-align: center;\"><span style=\"color: #d91a1a;\">Fecha m\u00e1xima de pago: 14 \/ junio \/ 2017<em><br \/>\n<\/em><\/span><\/p>\n<p>[\/vc_column_text][vc_separator css=\u00bb.vc_custom_1464605531573{margin-top: 20px !important;margin-bottom: 20px !important;}\u00bb][vc_row_inner][vc_column_inner width=\u00bb1\/2&#8243;][vc_column_text]Para realizar el pago del Diploma del Curso de Recursos Humanos y Gesti\u00f3n de personas, haga clic en el siguiente bot\u00f3n:<em><br \/>\n<\/em>[\/vc_column_text][\/vc_column_inner][vc_column_inner width=\u00bb1\/2&#8243;][vc_column_text]<\/p>\n<div align=\"center\">\n<form action=\"http:\/\/divulgaciondinamica.info\/promos\/pagostripe\/charge1700.php\" method=\"POST\"><script class=\"stripe-button\" src=\"https:\/\/checkout.stripe.com\/checkout.js\" data-key=\"pk_live_INaD14F7Xpu68pkRU6VP2uGP\" data-amount=\"170000\" data-name=\"Divulgacion Dinamica, S.L.\" data-description=\"Pago del Diploma del Curso\" data-image=\"https:\/\/s3.amazonaws.com\/stripe-uploads\/acct_19dfq6EeWRTNkIbymerchant-icon-1484832143299-ddf.png\" data-locale=\"auto\" data-zip-code=\"true\" data-currency=\"mxn\">\/\/ <![CDATA[ \/\/ ]]><\/script><\/form>\n<p>&nbsp;<\/p>\n<\/div>\n<p>[\/vc_column_text][\/vc_column_inner][\/vc_row_inner][vc_row_inner][vc_column_inner width=\u00bb1\/2&#8243;][vc_column_text]Para realizar el pago del Diploma del Curso de Recursos Humanos y Gesti\u00f3n de personas, haga clic en el siguiente bot\u00f3n:<em><br \/>\n<\/em>[\/vc_column_text][\/vc_column_inner][vc_column_inner width=\u00bb1\/2&#8243;][vc_column_text]<\/p>\n<div align=\"center\">\n<form action=\"http:\/\/divulgaciondinamica.info\/promos\/stripepay\/charge.php\" method=\"POST\"><script class=\"stripe-button\" src=\"https:\/\/checkout.stripe.com\/checkout.js\" data-key=\"pk_live_INaD14F7Xpu68pkRU6VP2uGP\" data-amount=\"3000\" data-name=\"ddf Social e-Learning\" data-description=\"Foundations of Occupational Therapy Secretary Course\" data-image=\"https:\/\/s3.amazonaws.com\/stripe-uploads\/acct_19dfq6EeWRTNkIbymerchant-icon-1484832143299-ddf.png\" data-locale=\"en\" data-zip-code=\"true\" data-currency=\"eur\">\/\/ <![CDATA[ \/\/ ]]><\/script><\/form>\n<\/div>\n<p>[\/vc_column_text][\/vc_column_inner][\/vc_row_inner][vc_column_text]<\/p>\n<p style=\"text-align: center;\"><span style=\"color: #d91a1a;\">RECUERDA: Una vez realizado el pago, env\u00edanos tus datos personales y N\u00ba de C\u00e9dula de Identidad al correo: soporte@divulgaciondinamica.es<em><br \/>\n<\/em><\/span><\/p>\n<p>[\/vc_column_text][vc_single_image image=\u00bb7840&#8243; img_size=\u00bbfull\u00bb alignment=\u00bbcenter\u00bb css=\u00bb.vc_custom_1496678053133{margin-top: 20px !important;}\u00bb][\/vc_column][\/vc_row][vc_row css=\u00bb.vc_custom_1464605910865{margin-top: 20px !important;margin-bottom: 20px !important;}\u00bb][vc_column][vc_separator][\/vc_column][\/vc_row]<\/p>\n","protected":false},"excerpt":{"rendered":"<p>[vc_row][vc_column][\/vc_column][\/vc_row][vc_row css=\u00bb.vc_custom_1427804811471{margin-top: 25px !important;margin-bottom: 25px !important;}\u00bb][vc_column width=\u00bb2\/3&#8243;][vc_single_image image=\u00bb1573&#8243; img_size=\u00bb661&#215;82&#8243;][\/vc_column][vc_column width=\u00bb1\/3&#8243;][vc_column_text] CONSULTAS: soporte@divulgaciondinamica.es [\/vc_column_text][\/vc_column][\/vc_row][vc_row css=\u00bb.vc_custom_1464605779315{margin-top: 40px !important;margin-bottom: 20px !important;}\u00bb][vc_column][vc_separator][vc_column_text css=\u00bb.vc_custom_1496750012166{margin-top: 20px !important;margin-bottom: 10px !important;}\u00bb] SECRETAR\u00cdA VIRTUAL DEL ALUMNO [\/vc_column_text][\/vc_column][\/vc_row][vc_row][vc_column width=\u00bb1\/2&#8243;][vc_single_image image=\u00bb5511&#8243; img_size=\u00bbfull\u00bb alignment=\u00bbcenter\u00bb][\/vc_column][vc_column width=\u00bb1\/2&#8243; css=\u00bb.vc_custom_1487855623691{padding-top: 20px !important;padding-right: 10px !important;padding-bottom: 20px !important;padding-left:<\/p>\n","protected":false},"author":1,"featured_media":0,"parent":0,"menu_order":0,"comment_status":"closed","ping_status":"closed","template":"","meta":[],"yoast_head":"<!-- This site is optimized with the Yoast SEO plugin v15.7 - https:\/\/yoast.com\/wordpress\/plugins\/seo\/ -->\n<title>Pago Diploma Curso Recursos Humanos y Gesti\u00f3n de Personas Chile - Divulgaci\u00f3n Din\u00e1mica<\/title>\n<meta name=\"robots\" content=\"index, follow, max-snippet:-1, max-image-preview:large, max-video-preview:-1\" \/>\n<link rel=\"canonical\" href=\"https:\/\/divulgaciondinamica.info\/promos\/pago-diploma-curso-recursos-humanos-y-gestion-de-personas-chile\/\" \/>\n<meta property=\"og:locale\" content=\"es_ES\" \/>\n<meta property=\"og:type\" content=\"article\" \/>\n<meta property=\"og:title\" content=\"Pago Diploma Curso Recursos Humanos y Gesti\u00f3n de Personas Chile - Divulgaci\u00f3n Din\u00e1mica\" \/>\n<meta property=\"og:description\" content=\"[vc_row][vc_column][\/vc_column][\/vc_row][vc_row css=\u00bb.vc_custom_1427804811471{margin-top: 25px !important;margin-bottom: 25px !important;}\u00bb][vc_column width=\u00bb2\/3&#8243;][vc_single_image image=\u00bb1573&#8243; img_size=\u00bb661&#215;82&#8243;][\/vc_column][vc_column width=\u00bb1\/3&#8243;][vc_column_text] CONSULTAS: soporte@divulgaciondinamica.es [\/vc_column_text][\/vc_column][\/vc_row][vc_row css=\u00bb.vc_custom_1464605779315{margin-top: 40px !important;margin-bottom: 20px !important;}\u00bb][vc_column][vc_separator][vc_column_text css=\u00bb.vc_custom_1496750012166{margin-top: 20px !important;margin-bottom: 10px !important;}\u00bb] SECRETAR\u00cdA VIRTUAL DEL ALUMNO [\/vc_column_text][\/vc_column][\/vc_row][vc_row][vc_column width=\u00bb1\/2&#8243;][vc_single_image image=\u00bb5511&#8243; img_size=\u00bbfull\u00bb alignment=\u00bbcenter\u00bb][\/vc_column][vc_column width=\u00bb1\/2&#8243; css=\u00bb.vc_custom_1487855623691{padding-top: 20px !important;padding-right: 10px !important;padding-bottom: 20px !important;padding-left:\" \/>\n<meta property=\"og:url\" content=\"https:\/\/divulgaciondinamica.info\/promos\/pago-diploma-curso-recursos-humanos-y-gestion-de-personas-chile\/\" \/>\n<meta property=\"og:site_name\" content=\"Divulgaci\u00f3n Din\u00e1mica\" \/>\n<meta property=\"article:publisher\" content=\"https:\/\/www.facebook.com\/divulgaciondinamicaformacion\/\" \/>\n<meta property=\"article:modified_time\" content=\"2019-06-12T11:31:23+00:00\" \/>\n<meta name=\"twitter:card\" content=\"summary_large_image\" \/>\n<meta name=\"twitter:site\" content=\"@divulgaciond\" \/>\n<meta name=\"twitter:label1\" content=\"Tiempo de lectura\">\n\t<meta name=\"twitter:data1\" content=\"2 minutos\">\n<script type=\"application\/ld+json\" class=\"yoast-schema-graph\">{\"@context\":\"https:\/\/schema.org\",\"@graph\":[{\"@type\":\"Organization\",\"@id\":\"https:\/\/divulgaciondinamica.info\/promos\/#organization\",\"name\":\"Divulgaci\\u00f3n Din\\u00e1mica S.L.\",\"url\":\"https:\/\/divulgaciondinamica.info\/promos\/\",\"sameAs\":[\"https:\/\/www.facebook.com\/divulgaciondinamicaformacion\/\",\"https:\/\/www.instagram.com\/divulgaciondinamica\",\"https:\/\/www.linkedin.com\/company-beta\/9490428\/\",\"https:\/\/www.youtube.com\/user\/ddinamica2010\",\"https:\/\/twitter.com\/divulgaciond\"],\"logo\":{\"@type\":\"ImageObject\",\"@id\":\"https:\/\/divulgaciondinamica.info\/promos\/#logo\",\"inLanguage\":\"es\",\"url\":\"https:\/\/divulgaciondinamica.info\/promos\/wp-content\/uploads\/2016\/02\/logo-divulgaciondinamica-ddf.png\",\"width\":400,\"height\":79,\"caption\":\"Divulgaci\\u00f3n Din\\u00e1mica S.L.\"},\"image\":{\"@id\":\"https:\/\/divulgaciondinamica.info\/promos\/#logo\"}},{\"@type\":\"WebSite\",\"@id\":\"https:\/\/divulgaciondinamica.info\/promos\/#website\",\"url\":\"https:\/\/divulgaciondinamica.info\/promos\/\",\"name\":\"Divulgaci\\u00f3n Din\\u00e1mica\",\"description\":\"Formaci\\u00f3n de calidad al alcance de todos\",\"publisher\":{\"@id\":\"https:\/\/divulgaciondinamica.info\/promos\/#organization\"},\"potentialAction\":[{\"@type\":\"SearchAction\",\"target\":\"https:\/\/divulgaciondinamica.info\/promos\/?s={search_term_string}\",\"query-input\":\"required name=search_term_string\"}],\"inLanguage\":\"es\"},{\"@type\":\"WebPage\",\"@id\":\"https:\/\/divulgaciondinamica.info\/promos\/pago-diploma-curso-recursos-humanos-y-gestion-de-personas-chile\/#webpage\",\"url\":\"https:\/\/divulgaciondinamica.info\/promos\/pago-diploma-curso-recursos-humanos-y-gestion-de-personas-chile\/\",\"name\":\"Pago Diploma Curso Recursos Humanos y Gesti\\u00f3n de Personas Chile - Divulgaci\\u00f3n Din\\u00e1mica\",\"isPartOf\":{\"@id\":\"https:\/\/divulgaciondinamica.info\/promos\/#website\"},\"datePublished\":\"2017-05-30T12:36:07+00:00\",\"dateModified\":\"2019-06-12T11:31:23+00:00\",\"inLanguage\":\"es\",\"potentialAction\":[{\"@type\":\"ReadAction\",\"target\":[\"https:\/\/divulgaciondinamica.info\/promos\/pago-diploma-curso-recursos-humanos-y-gestion-de-personas-chile\/\"]}]}]}<\/script>\n<!-- \/ Yoast SEO plugin. -->","_links":{"self":[{"href":"https:\/\/divulgaciondinamica.info\/promos\/wp-json\/wp\/v2\/pages\/7745"}],"collection":[{"href":"https:\/\/divulgaciondinamica.info\/promos\/wp-json\/wp\/v2\/pages"}],"about":[{"href":"https:\/\/divulgaciondinamica.info\/promos\/wp-json\/wp\/v2\/types\/page"}],"author":[{"embeddable":true,"href":"https:\/\/divulgaciondinamica.info\/promos\/wp-json\/wp\/v2\/users\/1"}],"replies":[{"embeddable":true,"href":"https:\/\/divulgaciondinamica.info\/promos\/wp-json\/wp\/v2\/comments?post=7745"}],"version-history":[{"count":5,"href":"https:\/\/divulgaciondinamica.info\/promos\/wp-json\/wp\/v2\/pages\/7745\/revisions"}],"predecessor-version":[{"id":18492,"href":"https:\/\/divulgaciondinamica.info\/promos\/wp-json\/wp\/v2\/pages\/7745\/revisions\/18492"}],"wp:attachment":[{"href":"https:\/\/divulgaciondinamica.info\/promos\/wp-json\/wp\/v2\/media?parent=7745"}],"curies":[{"name":"wp","href":"https:\/\/api.w.org\/{rel}","templated":true}]}}