{"id":7473,"date":"2017-05-18T10:19:45","date_gmt":"2017-05-18T10:19:45","guid":{"rendered":"http:\/\/divulgaciondinamica.info\/promos\/?page_id=7473"},"modified":"2017-05-18T10:49:22","modified_gmt":"2017-05-18T10:49:22","slug":"curso-diseno-elaboracion-contenidos-digitales-programas-formativos-on-line","status":"publish","type":"page","link":"https:\/\/divulgaciondinamica.info\/promos\/curso-diseno-elaboracion-contenidos-digitales-programas-formativos-on-line\/","title":{"rendered":"Curso Dise\u00f1o y elaboraci\u00f3n de Contenidos Digitales para programas formativos on-line"},"content":{"rendered":"<p>[vc_row css=\u00bb.vc_custom_1427804811471{margin-top: 25px !important;margin-bottom: 25px !important;}\u00bb][vc_column width=\u00bb2\/3&#8243;][vc_single_image image=\u00bb7501&#8243; img_size=\u00bb297&#215;82&#8243;][\/vc_column][vc_column width=\u00bb1\/3&#8243;][\/vc_column][\/vc_row][vc_row css=\u00bb.vc_custom_1489484355483{margin-top: 25px !important;margin-bottom: 15px !important;}\u00bb][vc_column][vc_custom_heading text=\u00bbCurso Online\u00bb font_container=\u00bbtag:h2|font_size:32|text_align:center|color:%230a7aba|line_height:1.1&#8243; google_fonts=\u00bbfont_family:Lato%3A100%2C100italic%2C300%2C300italic%2Cregular%2Citalic%2C700%2C700italic%2C900%2C900italic|font_style:300%20light%20regular%3A300%3Anormal\u00bb css=\u00bb.vc_custom_1489484473508{margin-bottom: 5px !important;}\u00bb][vc_custom_heading text=\u00bbDise\u00f1o y elaboraci\u00f3n de Contenidos Digitales<br \/>\npara programas formativos online\u00bb font_container=\u00bbtag:h2|font_size:38|text_align:center|color:%230a7aba|line_height:1.3&#8243; google_fonts=\u00bbfont_family:Lato%3A100%2C100italic%2C300%2C300italic%2Cregular%2Citalic%2C700%2C700italic%2C900%2C900italic|font_style:900%20bold%20regular%3A900%3Anormal\u00bb css=\u00bb.vc_custom_1495103522334{margin-bottom: 15px !important;}\u00bb][\/vc_column][\/vc_row][vc_row][vc_column][vc_column_text]<img loading=\"lazy\" class=\"alignleft wp-image-7476 size-full\" title=\"Monitor de Educaci\u00f3n Especial\" src=\"http:\/\/divulgaciondinamica.info\/promos\/wp-content\/uploads\/2017\/05\/Centro-Curso-Dise\u00f1o-y-elaboraci\u00f3n-de-Contenidos-Digitales-para-programas-formativos-on-line_01.jpg\" alt=\"\" width=\"643\" height=\"434\" srcset=\"https:\/\/divulgaciondinamica.info\/promos\/wp-content\/uploads\/2017\/05\/Centro-Curso-Dise\u00f1o-y-elaboraci\u00f3n-de-Contenidos-Digitales-para-programas-formativos-on-line_01.jpg 643w, https:\/\/divulgaciondinamica.info\/promos\/wp-content\/uploads\/2017\/05\/Centro-Curso-Dise\u00f1o-y-elaboraci\u00f3n-de-Contenidos-Digitales-para-programas-formativos-on-line_01-300x202.jpg 300w\" sizes=\"(max-width: 643px) 100vw, 643px\" \/><img loading=\"lazy\" class=\"alignleft wp-image-7481 size-full\" src=\"http:\/\/divulgaciondinamica.info\/promos\/wp-content\/uploads\/2017\/05\/Centro-Curso-Dise\u00f1o-y-elaboraci\u00f3n-de-Contenidos-Digitales-para-programas-formativos-on-line_02-1.png\" alt=\"\" width=\"417\" height=\"434\" srcset=\"https:\/\/divulgaciondinamica.info\/promos\/wp-content\/uploads\/2017\/05\/Centro-Curso-Dise\u00f1o-y-elaboraci\u00f3n-de-Contenidos-Digitales-para-programas-formativos-on-line_02-1.png 417w, https:\/\/divulgaciondinamica.info\/promos\/wp-content\/uploads\/2017\/05\/Centro-Curso-Dise\u00f1o-y-elaboraci\u00f3n-de-Contenidos-Digitales-para-programas-formativos-on-line_02-1-288x300.png 288w\" sizes=\"(max-width: 417px) 100vw, 417px\" \/>[\/vc_column_text][\/vc_column][\/vc_row][vc_row][vc_column][\/vc_column][\/vc_row][vc_row][vc_column][vc_custom_heading text=\u00bbPresentaci\u00f3n del Curso:\u00bb font_container=\u00bbtag:h2|font_size:26|text_align:left|color:%230a7aba|line_height:1.2&#8243; google_fonts=\u00bbfont_family:Lato%3A100%2C100italic%2C300%2C300italic%2Cregular%2Citalic%2C700%2C700italic%2C900%2C900italic|font_style:900%20bold%20regular%3A900%3Anormal\u00bb css=\u00bb.vc_custom_1495104318105{margin-top: 35px !important;margin-bottom: 45px !important;}\u00bb][vc_row_inner][vc_column_inner width=\u00bb1\/2&#8243;][vc_column_text]<\/p>\n<p style=\"text-align: justify;\">El curso <strong>Elaboraci\u00f3n de Contenidos Digitales para programas formativos on-line<\/strong> es una acci\u00f3n formativa dirigida a formadores, profesores y educadores en general que deseen superar la barrera de la presencialidad y elaborar contenidos digitales de car\u00e1cter educativo y de calidad para la formaci\u00f3n on-line.<\/p>\n<p style=\"text-align: justify;\">Explicaremos el uso y manejo de 3 programas distintos (1 de software libre llamado Exe-learning y otros 2 de software propietario) para la elaboraci\u00f3n de contenidos digitales educativos. Todo ello con especificaci\u00f3n <strong>SCORM<\/strong> (Sharable Content Objet Reference Model), que es el est\u00e1ndar generalizado <strong>que utilizan la gran mayor\u00eda de las compa\u00f1\u00edas y organizaciones que elaboran contenidos digitales educativos.<\/strong><\/p>\n<p>[\/vc_column_text][\/vc_column_inner][vc_column_inner width=\u00bb1\/2&#8243;][vc_column_text]<\/p>\n<p style=\"text-align: justify;\">Igualmente, aunque el fin \u00faltimo del curso es la elaboraci\u00f3n de contenidos digitales educativos de calidad en formato SCORM, queremos que el alumno tenga una experiencia real subiendo el contenido creado en una <strong>plataforma Moodle 3.1.1<\/strong> y que aprenda a organizar un aula en una plataforma real, <strong>configurando correctamente el elemento SCORM creado.<\/strong><\/p>\n<p>[\/vc_column_text][\/vc_column_inner][\/vc_row_inner][\/vc_column][\/vc_row][vc_row][vc_column width=\u00bb1\/2&#8243;][vc_custom_heading text=\u00bbNivel de competencias m\u00ednimas recomendadas para la realizaci\u00f3n del curso:\u00bb font_container=\u00bbtag:h2|font_size:26|text_align:left|color:%230a7aba|line_height:1.2&#8243; google_fonts=\u00bbfont_family:Lato%3A100%2C100italic%2C300%2C300italic%2Cregular%2Citalic%2C700%2C700italic%2C900%2C900italic|font_style:900%20bold%20regular%3A900%3Anormal\u00bb css=\u00bb.vc_custom_1495102656684{margin-top: 35px !important;margin-bottom: 45px !important;}\u00bb][vc_row_inner][vc_column_inner][vc_column_text css=\u00bb.vc_custom_1495104110421{margin-bottom: 30px !important;}\u00bb]<\/p>\n<div id=\"stcpDiv\">\n<p style=\"text-align: justify;\"><strong>No es necesario poseer unos conocimientos previos de los lenguajes de programaci\u00f3n<\/strong>, el alumno podr\u00e1 conseguir su prop\u00f3sito con las orientaciones que recibir\u00e1 sobre el manejo de estos programas.<\/p>\n<p style=\"text-align: justify;\">Como requisitos m\u00ednimos previos recomendados para la realizaci\u00f3n del curso destacamos los siguientes:<\/p>\n<p style=\"text-align: left;\">&#8211; Correcta redacci\u00f3n, organizaci\u00f3n y dise\u00f1o instruccional de materiales formativos.<br \/>\n&#8211; Manejo b\u00e1sico de programas de edici\u00f3n de textos y presentaci\u00f3n de diapositivas.<br \/>\n&#8211; Facilidad para el aprendizaje de nuevas herramientas tecnol\u00f3gicas.<\/p>\n<\/div>\n<p>[\/vc_column_text][\/vc_column_inner][\/vc_row_inner][\/vc_column][vc_column width=\u00bb1\/2&#8243;][vc_custom_heading text=\u00bbCompetencia general a desarrollar durante la formaci\u00f3n:\u00bb font_container=\u00bbtag:h2|font_size:26|text_align:left|color:%230a7aba|line_height:1.2&#8243; google_fonts=\u00bbfont_family:Lato%3A100%2C100italic%2C300%2C300italic%2Cregular%2Citalic%2C700%2C700italic%2C900%2C900italic|font_style:900%20bold%20regular%3A900%3Anormal\u00bb css=\u00bb.vc_custom_1495102686994{margin-top: 35px !important;margin-bottom: 45px !important;}\u00bb][vc_column_text css=\u00bb.vc_custom_1495103996633{margin-bottom: 30px !important;}\u00bb]<\/p>\n<div id=\"stcpDiv\">\n<p style=\"text-align: justify;\">Dise\u00f1ar y editar contenidos digitales de car\u00e1cter educativo y de calidad adaptados a la formaci\u00f3n on-line.<\/p>\n<\/div>\n<p>[\/vc_column_text][\/vc_column][\/vc_row][vc_row][vc_column][vc_custom_heading text=\u00bbTemario del Curso:\u00bb font_container=\u00bbtag:h2|font_size:26|text_align:left|color:%230a7aba|line_height:1.2&#8243; google_fonts=\u00bbfont_family:Lato%3A100%2C100italic%2C300%2C300italic%2Cregular%2Citalic%2C700%2C700italic%2C900%2C900italic|font_style:900%20bold%20regular%3A900%3Anormal\u00bb css=\u00bb.vc_custom_1495104164323{margin-top: 35px !important;margin-bottom: 45px !important;}\u00bb][vc_row_inner][vc_column_inner width=\u00bb1\/2&#8243;][vc_column_text]<\/p>\n<div id=\"stcpDiv\">\n<div id=\"stcpDiv\">\n<p><strong>1. APROXIMACI\u00d3N AL E-LEARNING<\/strong><\/p>\n<p>1.1 Introducci\u00f3n al e-learning<br \/>\n1.2 Conceptos b\u00e1sicos del e-learning<br \/>\n1.3 Procesos de aprendizaje en e-learning<\/p>\n<p><strong>2. CONTENIDOS DIGITALES EN E-LEARNING<\/strong><\/p>\n<p>2.1 Las plataformas de teleformaci\u00f3n. Soporte de la formaci\u00f3n online<br \/>\n2.2 Introducci\u00f3n a los contenidos digitales en teleformaci\u00f3n.<br \/>\n2.3 Estandarizaci\u00f3n de los objetos de aprendizaje para e-learning<\/p>\n<p><strong>3. PROGRAMAS PARA EL DESARROLLO DE CONTENIDOS DIGITALES EDUCATIVOS<\/strong><\/p>\n<p>Explicaci\u00f3n pormenorizada de 3 programas distintos para la elaboraci\u00f3n de contenidos digitales educativos siguiendo los est\u00e1ndares del e-learning: 1 programa de software libre (eXeLearning) y otros dos programas de software propietario.<\/p>\n<p><strong>4. USO DE IM\u00c1GENES, DIAGRAMAS Y GR\u00c1FICOS<\/strong><\/p>\n<p>4.1 Dise\u00f1o gr\u00e1fico de los cursos e-learning<br \/>\n4.2 Banco de im\u00e1genes<br \/>\n4.3 Editores de imagen<br \/>\n4.4 Im\u00e1genes accesible para la red.<\/p>\n<\/div>\n<\/div>\n<p>[\/vc_column_text][\/vc_column_inner][vc_column_inner width=\u00bb1\/2&#8243;][vc_column_text]<strong>4. USO DE IM\u00c1GENES, DIAGRAMAS Y GR\u00c1FICOS<\/strong><\/p>\n<p>4.1 Dise\u00f1o gr\u00e1fico de los cursos e-learning<br \/>\n4.2 Banco de im\u00e1genes<br \/>\n4.3 Editores de imagen<br \/>\n4.4 Im\u00e1genes accesible para la red.<\/p>\n<p><strong>5. ADMINISTRACI\u00d3N Y GESTI\u00d3N DE UN CURSO EN MOODLE<\/strong><\/p>\n<p>5.1 Consideraciones generales para la administraci\u00f3n y gesti\u00f3n de un curso Moodle desde el perfil de profesor.<br \/>\n5.2 Configuraci\u00f3n de un curso.<br \/>\n5.3 Matricular alumnos en un curso.<br \/>\n5.4 Gestionar los archivos de un curso<br \/>\n5.5 Dotar de contenidos a un curso. (Trabajaremos como configurar un tema en formato SCORM debidamente en la plataforma)<br \/>\n5.6 Sistemas de comunicaci\u00f3n mediante la plataforma.<br \/>\n5.7 Configuraci\u00f3n de pruebas evaluativas y retroalimentaci\u00f3n<\/p>\n<p><strong>6. EXPERIENCIA PR\u00c1CTICA<\/strong><\/p>\n<p>Elaboraci\u00f3n de un contenido digital educativo y organizaci\u00f3n de un aula virtual en una plataforma Moodle 3.1.1[\/vc_column_text][\/vc_column_inner][\/vc_row_inner][\/vc_column][\/vc_row]<\/p>\n","protected":false},"excerpt":{"rendered":"<p>[vc_row css=\u00bb.vc_custom_1427804811471{margin-top: 25px !important;margin-bottom: 25px !important;}\u00bb][vc_column width=\u00bb2\/3&#8243;][vc_single_image image=\u00bb7501&#8243; img_size=\u00bb297&#215;82&#8243;][\/vc_column][vc_column width=\u00bb1\/3&#8243;][\/vc_column][\/vc_row][vc_row css=\u00bb.vc_custom_1489484355483{margin-top: 25px !important;margin-bottom: 15px !important;}\u00bb][vc_column][vc_custom_heading text=\u00bbCurso Online\u00bb font_container=\u00bbtag:h2|font_size:32|text_align:center|color:%230a7aba|line_height:1.1&#8243; google_fonts=\u00bbfont_family:Lato%3A100%2C100italic%2C300%2C300italic%2Cregular%2Citalic%2C700%2C700italic%2C900%2C900italic|font_style:300%20light%20regular%3A300%3Anormal\u00bb css=\u00bb.vc_custom_1489484473508{margin-bottom: 5px !important;}\u00bb][vc_custom_heading text=\u00bbDise\u00f1o y elaboraci\u00f3n de Contenidos Digitales para programas formativos online\u00bb font_container=\u00bbtag:h2|font_size:38|text_align:center|color:%230a7aba|line_height:1.3&#8243; google_fonts=\u00bbfont_family:Lato%3A100%2C100italic%2C300%2C300italic%2Cregular%2Citalic%2C700%2C700italic%2C900%2C900italic|font_style:900%20bold%20regular%3A900%3Anormal\u00bb css=\u00bb.vc_custom_1495103522334{margin-bottom: 15px !important;}\u00bb][\/vc_column][\/vc_row][vc_row][vc_column][vc_column_text][\/vc_column_text][\/vc_column][\/vc_row][vc_row][vc_column][\/vc_column][\/vc_row][vc_row][vc_column][vc_custom_heading text=\u00bbPresentaci\u00f3n del Curso:\u00bb<\/p>\n","protected":false},"author":1,"featured_media":0,"parent":0,"menu_order":0,"comment_status":"closed","ping_status":"closed","template":"","meta":[],"yoast_head":"<!-- This site is optimized with the Yoast SEO plugin v15.7 - https:\/\/yoast.com\/wordpress\/plugins\/seo\/ -->\n<title>Curso Dise\u00f1o y elaboraci\u00f3n de Contenidos Digitales para programas formativos on-line - Divulgaci\u00f3n Din\u00e1mica<\/title>\n<meta name=\"robots\" content=\"index, follow, max-snippet:-1, max-image-preview:large, max-video-preview:-1\" \/>\n<link rel=\"canonical\" href=\"https:\/\/divulgaciondinamica.info\/promos\/curso-diseno-elaboracion-contenidos-digitales-programas-formativos-on-line\/\" \/>\n<meta property=\"og:locale\" content=\"es_ES\" \/>\n<meta property=\"og:type\" content=\"article\" \/>\n<meta property=\"og:title\" content=\"Curso Dise\u00f1o y elaboraci\u00f3n de Contenidos Digitales para programas formativos on-line - Divulgaci\u00f3n Din\u00e1mica\" \/>\n<meta property=\"og:description\" content=\"[vc_row css=\u00bb.vc_custom_1427804811471{margin-top: 25px !important;margin-bottom: 25px !important;}\u00bb][vc_column width=\u00bb2\/3&#8243;][vc_single_image image=\u00bb7501&#8243; img_size=\u00bb297&#215;82&#8243;][\/vc_column][vc_column width=\u00bb1\/3&#8243;][\/vc_column][\/vc_row][vc_row css=\u00bb.vc_custom_1489484355483{margin-top: 25px !important;margin-bottom: 15px !important;}\u00bb][vc_column][vc_custom_heading text=\u00bbCurso Online\u00bb font_container=\u00bbtag:h2|font_size:32|text_align:center|color:%230a7aba|line_height:1.1&#8243; google_fonts=\u00bbfont_family:Lato%3A100%2C100italic%2C300%2C300italic%2Cregular%2Citalic%2C700%2C700italic%2C900%2C900italic|font_style:300%20light%20regular%3A300%3Anormal\u00bb css=\u00bb.vc_custom_1489484473508{margin-bottom: 5px !important;}\u00bb][vc_custom_heading text=\u00bbDise\u00f1o y elaboraci\u00f3n de Contenidos Digitales para programas formativos online\u00bb font_container=\u00bbtag:h2|font_size:38|text_align:center|color:%230a7aba|line_height:1.3&#8243; google_fonts=\u00bbfont_family:Lato%3A100%2C100italic%2C300%2C300italic%2Cregular%2Citalic%2C700%2C700italic%2C900%2C900italic|font_style:900%20bold%20regular%3A900%3Anormal\u00bb css=\u00bb.vc_custom_1495103522334{margin-bottom: 15px !important;}\u00bb][\/vc_column][\/vc_row][vc_row][vc_column][vc_column_text][\/vc_column_text][\/vc_column][\/vc_row][vc_row][vc_column][\/vc_column][\/vc_row][vc_row][vc_column][vc_custom_heading text=\u00bbPresentaci\u00f3n del Curso:\u00bb\" \/>\n<meta property=\"og:url\" content=\"https:\/\/divulgaciondinamica.info\/promos\/curso-diseno-elaboracion-contenidos-digitales-programas-formativos-on-line\/\" \/>\n<meta property=\"og:site_name\" content=\"Divulgaci\u00f3n Din\u00e1mica\" \/>\n<meta property=\"article:publisher\" content=\"https:\/\/www.facebook.com\/divulgaciondinamicaformacion\/\" \/>\n<meta property=\"article:modified_time\" content=\"2017-05-18T10:49:22+00:00\" \/>\n<meta property=\"og:image\" content=\"http:\/\/divulgaciondinamica.info\/promos\/wp-content\/uploads\/2017\/05\/Centro-Curso-Dise\u00f1o-y-elaboraci\u00f3n-de-Contenidos-Digitales-para-programas-formativos-on-line_01.jpg\" \/>\n<meta name=\"twitter:card\" content=\"summary_large_image\" \/>\n<meta name=\"twitter:site\" content=\"@divulgaciond\" \/>\n<meta name=\"twitter:label1\" content=\"Tiempo de lectura\">\n\t<meta name=\"twitter:data1\" content=\"5 minutos\">\n<script type=\"application\/ld+json\" class=\"yoast-schema-graph\">{\"@context\":\"https:\/\/schema.org\",\"@graph\":[{\"@type\":\"Organization\",\"@id\":\"https:\/\/divulgaciondinamica.info\/promos\/#organization\",\"name\":\"Divulgaci\\u00f3n Din\\u00e1mica S.L.\",\"url\":\"https:\/\/divulgaciondinamica.info\/promos\/\",\"sameAs\":[\"https:\/\/www.facebook.com\/divulgaciondinamicaformacion\/\",\"https:\/\/www.instagram.com\/divulgaciondinamica\",\"https:\/\/www.linkedin.com\/company-beta\/9490428\/\",\"https:\/\/www.youtube.com\/user\/ddinamica2010\",\"https:\/\/twitter.com\/divulgaciond\"],\"logo\":{\"@type\":\"ImageObject\",\"@id\":\"https:\/\/divulgaciondinamica.info\/promos\/#logo\",\"inLanguage\":\"es\",\"url\":\"https:\/\/divulgaciondinamica.info\/promos\/wp-content\/uploads\/2016\/02\/logo-divulgaciondinamica-ddf.png\",\"width\":400,\"height\":79,\"caption\":\"Divulgaci\\u00f3n Din\\u00e1mica S.L.\"},\"image\":{\"@id\":\"https:\/\/divulgaciondinamica.info\/promos\/#logo\"}},{\"@type\":\"WebSite\",\"@id\":\"https:\/\/divulgaciondinamica.info\/promos\/#website\",\"url\":\"https:\/\/divulgaciondinamica.info\/promos\/\",\"name\":\"Divulgaci\\u00f3n Din\\u00e1mica\",\"description\":\"Formaci\\u00f3n de calidad al alcance de todos\",\"publisher\":{\"@id\":\"https:\/\/divulgaciondinamica.info\/promos\/#organization\"},\"potentialAction\":[{\"@type\":\"SearchAction\",\"target\":\"https:\/\/divulgaciondinamica.info\/promos\/?s={search_term_string}\",\"query-input\":\"required name=search_term_string\"}],\"inLanguage\":\"es\"},{\"@type\":\"ImageObject\",\"@id\":\"https:\/\/divulgaciondinamica.info\/promos\/curso-diseno-elaboracion-contenidos-digitales-programas-formativos-on-line\/#primaryimage\",\"inLanguage\":\"es\",\"url\":\"http:\/\/divulgaciondinamica.info\/promos\/wp-content\/uploads\/2017\/05\/Centro-Curso-Dise\\u00f1o-y-elaboraci\\u00f3n-de-Contenidos-Digitales-para-programas-formativos-on-line_01.jpg\"},{\"@type\":\"WebPage\",\"@id\":\"https:\/\/divulgaciondinamica.info\/promos\/curso-diseno-elaboracion-contenidos-digitales-programas-formativos-on-line\/#webpage\",\"url\":\"https:\/\/divulgaciondinamica.info\/promos\/curso-diseno-elaboracion-contenidos-digitales-programas-formativos-on-line\/\",\"name\":\"Curso Dise\\u00f1o y elaboraci\\u00f3n de Contenidos Digitales para programas formativos on-line - Divulgaci\\u00f3n Din\\u00e1mica\",\"isPartOf\":{\"@id\":\"https:\/\/divulgaciondinamica.info\/promos\/#website\"},\"primaryImageOfPage\":{\"@id\":\"https:\/\/divulgaciondinamica.info\/promos\/curso-diseno-elaboracion-contenidos-digitales-programas-formativos-on-line\/#primaryimage\"},\"datePublished\":\"2017-05-18T10:19:45+00:00\",\"dateModified\":\"2017-05-18T10:49:22+00:00\",\"inLanguage\":\"es\",\"potentialAction\":[{\"@type\":\"ReadAction\",\"target\":[\"https:\/\/divulgaciondinamica.info\/promos\/curso-diseno-elaboracion-contenidos-digitales-programas-formativos-on-line\/\"]}]}]}<\/script>\n<!-- \/ Yoast SEO plugin. -->","_links":{"self":[{"href":"https:\/\/divulgaciondinamica.info\/promos\/wp-json\/wp\/v2\/pages\/7473"}],"collection":[{"href":"https:\/\/divulgaciondinamica.info\/promos\/wp-json\/wp\/v2\/pages"}],"about":[{"href":"https:\/\/divulgaciondinamica.info\/promos\/wp-json\/wp\/v2\/types\/page"}],"author":[{"embeddable":true,"href":"https:\/\/divulgaciondinamica.info\/promos\/wp-json\/wp\/v2\/users\/1"}],"replies":[{"embeddable":true,"href":"https:\/\/divulgaciondinamica.info\/promos\/wp-json\/wp\/v2\/comments?post=7473"}],"version-history":[{"count":5,"href":"https:\/\/divulgaciondinamica.info\/promos\/wp-json\/wp\/v2\/pages\/7473\/revisions"}],"predecessor-version":[{"id":7505,"href":"https:\/\/divulgaciondinamica.info\/promos\/wp-json\/wp\/v2\/pages\/7473\/revisions\/7505"}],"wp:attachment":[{"href":"https:\/\/divulgaciondinamica.info\/promos\/wp-json\/wp\/v2\/media?parent=7473"}],"curies":[{"name":"wp","href":"https:\/\/api.w.org\/{rel}","templated":true}]}}