{"id":7388,"date":"2017-05-16T09:44:40","date_gmt":"2017-05-16T09:44:40","guid":{"rendered":"http:\/\/divulgaciondinamica.info\/promos\/?page_id=7388"},"modified":"2017-05-16T09:48:44","modified_gmt":"2017-05-16T09:48:44","slug":"curso-relaciones-publicas-protocolo","status":"publish","type":"page","link":"https:\/\/divulgaciondinamica.info\/promos\/curso-relaciones-publicas-protocolo\/","title":{"rendered":"Curso de Relaciones P\u00fablicas y Protocolo"},"content":{"rendered":"<p>[vc_row css=\u00bb.vc_custom_1427804811471{margin-top: 25px !important;margin-bottom: 25px !important;}\u00bb][vc_column width=\u00bb2\/3&#8243;][vc_single_image image=\u00bb1573&#8243; img_size=\u00bb661&#215;82&#8243;][\/vc_column][vc_column width=\u00bb1\/3&#8243;][vc_column_text]<\/p>\n<h6 style=\"text-align: right;\"><i class=\"fa fa-whatsapp\"><\/i> 618 20 04 80<\/h6>\n<p style=\"text-align: right;\"><strong>promotora6@divulgaciondinamica.es<\/strong><\/p>\n<p>[\/vc_column_text][\/vc_column][\/vc_row][vc_row css=\u00bb.vc_custom_1489484355483{margin-top: 25px !important;margin-bottom: 15px !important;}\u00bb][vc_column][vc_custom_heading text=\u00bbCurso Online<br \/>\n\u00bb font_container=\u00bbtag:p|font_size:32|text_align:center|color:%2330b3ad|line_height:1.1&#8243; google_fonts=\u00bbfont_family:Lato%3A100%2C100italic%2C300%2C300italic%2Cregular%2Citalic%2C700%2C700italic%2C900%2C900italic|font_style:300%20light%20regular%3A300%3Anormal\u00bb css=\u00bb.vc_custom_1493723073517{margin-bottom: 15px !important;}\u00bb][vc_custom_heading text=\u00bbRelaciones P\u00fablicas y Protocolo\u00bb font_container=\u00bbtag:h1|font_size:38|text_align:center|line_height:1.1&#8243; google_fonts=\u00bbfont_family:Lato%3A100%2C100italic%2C300%2C300italic%2Cregular%2Citalic%2C700%2C700italic%2C900%2C900italic|font_style:900%20bold%20regular%3A900%3Anormal\u00bb css=\u00bb.vc_custom_1494927646487{margin-bottom: 15px !important;}\u00bb][\/vc_column][\/vc_row][vc_row][vc_column][vc_column_text]<img loading=\"lazy\" class=\"alignleft wp-image-5619 size-full\" title=\"Relaciones P\u00fablicas y Protocolo\" src=\"http:\/\/divulgaciondinamica.info\/promos\/wp-content\/uploads\/2017\/03\/Centro-M\u00e1ster-Relaciones-P\u00fablicas-y-Protocolo-PUEBA-GRATIS.jpg\" alt=\"Curso de Relaciones P\u00fablicas y Protocolo Online\" width=\"643\" height=\"434\" srcset=\"https:\/\/divulgaciondinamica.info\/promos\/wp-content\/uploads\/2017\/03\/Centro-M\u00e1ster-Relaciones-P\u00fablicas-y-Protocolo-PUEBA-GRATIS.jpg 643w, https:\/\/divulgaciondinamica.info\/promos\/wp-content\/uploads\/2017\/03\/Centro-M\u00e1ster-Relaciones-P\u00fablicas-y-Protocolo-PUEBA-GRATIS-300x202.jpg 300w\" sizes=\"(max-width: 643px) 100vw, 643px\" \/><a href=\"https:\/\/docs.google.com\/forms\/d\/e\/1FAIpQLSfrCIKoBZZVtqyCGeZj68Tj37uD3p_gqAyv3QnQJzmKXHpUTg\/viewform\" target=\"_blank\"><img loading=\"lazy\" class=\"alignleft wp-image-7391 size-full\" title=\"Solicita informaci\u00f3n del curso de Relaciones P\u00fablicas y Protocolo\" src=\"http:\/\/divulgaciondinamica.info\/promos\/wp-content\/uploads\/2017\/05\/curso-relaciones-publicas-protocolo-online.png\" alt=\"Curso de &quot;Relaciones P\u00fablicas y Protocolo&quot; online\" width=\"417\" height=\"434\" align=\"middle\" srcset=\"https:\/\/divulgaciondinamica.info\/promos\/wp-content\/uploads\/2017\/05\/curso-relaciones-publicas-protocolo-online.png 417w, https:\/\/divulgaciondinamica.info\/promos\/wp-content\/uploads\/2017\/05\/curso-relaciones-publicas-protocolo-online-288x300.png 288w\" sizes=\"(max-width: 417px) 100vw, 417px\" \/><\/a>[\/vc_column_text][\/vc_column][\/vc_row][vc_row css=\u00bb.vc_custom_1493811160395{margin-top: 20px !important;}\u00bb][vc_column][vc_custom_heading text=\u00bb\u00a1Realiza este CURSO y comienza a ser socio de divulgaci\u00f3n din\u00e1mica club!\u00bb font_container=\u00bbtag:h2|text_align:center|color:%2330b3ad|line_height:1.1&#8243; google_fonts=\u00bbfont_family:Lato%3A100%2C100italic%2C300%2C300italic%2Cregular%2Citalic%2C700%2C700italic%2C900%2C900italic|font_style:900%20bold%20regular%3A900%3Anormal\u00bb link=\u00bburl:https%3A%2F%2Fdocs.google.com%2Fforms%2Fd%2Fe%2F1FAIpQLSfrCIKoBZZVtqyCGeZj68Tj37uD3p_gqAyv3QnQJzmKXHpUTg%2Fviewform|title:Solicitud%20de%20informaci%C3%B3n|target:%20_blank\u00bb][\/vc_column][\/vc_row][vc_row css=\u00bb.vc_custom_1427804437681{margin-top: 35px !important;margin-bottom: 35px !important;}\u00bb][vc_column width=\u00bb1\/4&#8243;][vc_single_image image=\u00bb6930&#8243; img_size=\u00bb250&#215;195&#8243; alignment=\u00bbcenter\u00bb onclick=\u00bbcustom_link\u00bb img_link_target=\u00bb_blank\u00bb link=\u00bbhttps:\/\/docs.google.com\/forms\/d\/e\/1FAIpQLSfrCIKoBZZVtqyCGeZj68Tj37uD3p_gqAyv3QnQJzmKXHpUTg\/viewform\u00bb][\/vc_column][vc_column width=\u00bb1\/4&#8243;][vc_single_image image=\u00bb6931&#8243; img_size=\u00bb250&#215;195&#8243; alignment=\u00bbcenter\u00bb onclick=\u00bbcustom_link\u00bb img_link_target=\u00bb_blank\u00bb link=\u00bbhttps:\/\/docs.google.com\/forms\/d\/e\/1FAIpQLSfrCIKoBZZVtqyCGeZj68Tj37uD3p_gqAyv3QnQJzmKXHpUTg\/viewform\u00bb][\/vc_column][vc_column width=\u00bb1\/4&#8243;][vc_single_image image=\u00bb6932&#8243; img_size=\u00bb250&#215;195&#8243; alignment=\u00bbcenter\u00bb onclick=\u00bbcustom_link\u00bb img_link_target=\u00bb_blank\u00bb link=\u00bbhttps:\/\/docs.google.com\/forms\/d\/e\/1FAIpQLSfrCIKoBZZVtqyCGeZj68Tj37uD3p_gqAyv3QnQJzmKXHpUTg\/viewform\u00bb][\/vc_column][vc_column width=\u00bb1\/4&#8243;][vc_single_image image=\u00bb6951&#8243; img_size=\u00bb250&#215;195&#8243; alignment=\u00bbcenter\u00bb onclick=\u00bbcustom_link\u00bb img_link_target=\u00bb_blank\u00bb link=\u00bbhttps:\/\/docs.google.com\/forms\/d\/e\/1FAIpQLSfrCIKoBZZVtqyCGeZj68Tj37uD3p_gqAyv3QnQJzmKXHpUTg\/viewform\u00bb][\/vc_column][\/vc_row][vc_row][vc_column][\/vc_column][\/vc_row][vc_row css=\u00bb.vc_custom_1427805189823{margin-top: 35px !important;margin-bottom: 35px !important;}\u00bb][vc_column width=\u00bb1\/2&#8243;][vc_custom_heading text=\u00bbPresentaci\u00f3n del Curso:\u00bb font_container=\u00bbtag:h2|font_size:26|text_align:left|color:%2330b3ad|line_height:1.1&#8243; google_fonts=\u00bbfont_family:Lato%3A100%2C100italic%2C300%2C300italic%2Cregular%2Citalic%2C700%2C700italic%2C900%2C900italic|font_style:900%20bold%20regular%3A900%3Anormal\u00bb css=\u00bb.vc_custom_1494927917272{margin-top: 25px !important;margin-bottom: 25px !important;}\u00bb][vc_column_text css=\u00bb.vc_custom_1494927870378{margin-bottom: 30px !important;}\u00bb]<\/p>\n<div id=\"stcpDiv\">\n<p style=\"text-align: left;\" align=\"justify\">Las estrategias de comunicaci\u00f3n y relaciones, tanto en el \u00e1mbito interno como externo a las entidades, instituciones y organizaciones p\u00fablicas o privadas pueden llevar al \u00e9xito o hundir en el fracaso los diferentes objetivos de las mismas y por tanto, las funciones de comunicaci\u00f3n, protocolo y organizaci\u00f3n de eventos resultan hoy en d\u00eda indispensable para cualquier entidad.<\/p>\n<p>El curso de \u00abRelaciones P\u00fablicas y Protocolo\u00bb Online que presentamos, permite adquirir aquellas competencias y habilidades t\u00e9cnicas espec\u00edficas para las relaciones p\u00fablicas internas y externas, ocup\u00e1ndose concretamente de las relaciones con los medios de comunicaci\u00f3n, de la organizaci\u00f3n de eventos y de la comunicaci\u00f3n interna, con el objetivo de satisfacer las demandas de interacci\u00f3n comunicativa entre todos los p\u00fablicos de una entidad.<\/p>\n<p><img loading=\"lazy\" class=\"alignleft size-full wp-image-53\" src=\"http:\/\/divulgaciondinamica.info\/promos\/wp-content\/uploads\/2015\/03\/diploma-digital1.png\" alt=\"diploma-digital\" width=\"479\" height=\"322\" srcset=\"https:\/\/divulgaciondinamica.info\/promos\/wp-content\/uploads\/2015\/03\/diploma-digital1.png 479w, https:\/\/divulgaciondinamica.info\/promos\/wp-content\/uploads\/2015\/03\/diploma-digital1-300x202.png 300w\" sizes=\"(max-width: 479px) 100vw, 479px\" \/><\/p>\n<\/div>\n<p>[\/vc_column_text][\/vc_column][vc_column width=\u00bb1\/2&#8243;][vc_custom_heading text=\u00bbTemario del Curso\u00bb font_container=\u00bbtag:h2|font_size:26|text_align:left|color:%2330b3ad|line_height:1.1&#8243; google_fonts=\u00bbfont_family:Lato%3A100%2C100italic%2C300%2C300italic%2Cregular%2Citalic%2C700%2C700italic%2C900%2C900italic|font_style:900%20bold%20regular%3A900%3Anormal\u00bb css=\u00bb.vc_custom_1494927923271{margin-top: 25px !important;margin-bottom: 25px !important;}\u00bb][vc_column_text]<strong>1. INTRODUCCI\u00d3N A LAS RELACIONES P\u00daBLICAS<\/strong><\/p>\n<p>1.1 Conceptualizaci\u00f3n de relaciones p\u00fablicas<br \/>\n1.2 El enfoque estrat\u00e9gico de las relaciones p\u00fablicas<br \/>\n1.3 Metodolog\u00eda de las relaciones p\u00fablicas<\/p>\n<p><strong>2. RELACIONES P\u00daBLICAS INTERNAS<\/strong><\/p>\n<p>2.1 Las relaciones p\u00fablicas y la comunicaci\u00f3n interna de las entidades<br \/>\n2.2 Instrumentos y soportes de comunicaci\u00f3n interna<br \/>\n2.3 La comunicaci\u00f3n interna en situaciones de crisis<\/p>\n<p><strong>3. RELACIONES P\u00daBLICAS EXTERNAS: LAS RELACIONES CON LOS MEDIOS DE COMUNICACI\u00d3N<\/strong><\/p>\n<p>3.1 Relaciones P\u00fablicas Externas<br \/>\n3.2 Relaciones con los medios de comunicaci\u00f3n<br \/>\n3.3 La relaci\u00f3n con los medios en situaciones de riesgo y crisis<br \/>\n3.4 La \u00e9tica en las relaciones con los medios<\/p>\n<p><strong>4. PROTOCOLO COMO T\u00c9CNICA DE RELACIONES P\u00daBLICAS<\/strong><\/p>\n<p>4.1 Protocolo. Conceptualizaci\u00f3n<br \/>\n4.2 Reglas b\u00e1sicas de protocolo oficial<br \/>\n4.3 Reglas b\u00e1sicas de protocolo social<br \/>\n4.4 Reglas b\u00e1sicas para protocolo empresarial<\/p>\n<p><strong>5. LA ORGANIZACI\u00d3N DE EVENTOS COMO HERRAMIENTA DE COMUNICACI\u00d3N<\/strong><\/p>\n<p>5.1 Eventos<br \/>\n5.2 El proceso de la organizaci\u00f3n de eventos<br \/>\n5.3 Herramientas esenciales para la organizaci\u00f3n de eventos<br \/>\n5.4 Organizaci\u00f3n de eventos y propiedad intelectual<br \/>\n5.5 Accesibilidad de los eventos<br \/>\n5.6 Sostenibilidad de los eventos[\/vc_column_text][\/vc_column][\/vc_row][vc_row css=\u00bb.vc_custom_1493975931184{margin-top: 20px !important;margin-bottom: 55px !important;}\u00bb][vc_column][vc_column_text]<\/p>\n<p style=\"text-align: center;\"><a class=\"vc_btn vc_btn_orange vc_btn-orange vc_btn_lg vc_btn-lg vc_btn_rounded\" title=\"\" href=\"https:\/\/docs.google.com\/forms\/d\/e\/1FAIpQLSfrCIKoBZZVtqyCGeZj68Tj37uD3p_gqAyv3QnQJzmKXHpUTg\/viewform\" target=\"_blank\">M\u00c1S INFORMACI\u00d3N<\/a><\/p>\n<p>[\/vc_column_text][\/vc_column][\/vc_row][vc_row css=\u00bb.vc_custom_1493973493199{margin-top: 35px !important;margin-bottom: 55px !important;}\u00bb][vc_column][vc_custom_heading text=\u00bbDisfrutar\u00e1s de todas estas ventajas:\u00bb font_container=\u00bbtag:h2|text_align:center|line_height:1.1&#8243; google_fonts=\u00bbfont_family:Lato%3A100%2C100italic%2C300%2C300italic%2Cregular%2Citalic%2C700%2C700italic%2C900%2C900italic|font_style:900%20bold%20regular%3A900%3Anormal\u00bb][\/vc_column][\/vc_row][vc_row css=\u00bb.vc_custom_1493724619283{margin-top: 35px !important;margin-bottom: 35px !important;}\u00bb][vc_column width=\u00bb1\/3&#8243;][vc_row_inner][vc_column_inner][vc_icon icon_fontawesome=\u00bbfa fa-book\u00bb color=\u00bbcustom\u00bb align=\u00bbcenter\u00bb custom_color=\u00bb#30b3ad\u00bb css=\u00bb.vc_custom_1493976758922{margin-bottom: 10px !important;}\u00bb][vc_custom_heading text=\u00bbFormaci\u00f3n Total\u00bb font_container=\u00bbtag:h3|font_size:22|text_align:center\u00bb google_fonts=\u00bbfont_family:Lato%3A100%2C100italic%2C300%2C300italic%2Cregular%2Citalic%2C700%2C700italic%2C900%2C900italic|font_style:700%20bold%20regular%3A700%3Anormal\u00bb css=\u00bb.vc_custom_1493976698186{margin-bottom: 10px !important;}\u00bb][vc_column_text]<\/p>\n<p style=\"text-align: center;\">Podr\u00e1s realizar toda la formaci\u00f3n que necesites y obtener todas las certificaciones necesarias para ampliar tu perfil profesional.<\/p>\n<p>[\/vc_column_text][\/vc_column_inner][\/vc_row_inner][\/vc_column][vc_column width=\u00bb1\/3&#8243;][vc_row_inner][vc_column_inner][vc_icon icon_fontawesome=\u00bbfa fa-plus\u00bb color=\u00bbcustom\u00bb align=\u00bbcenter\u00bb custom_color=\u00bb#30b3ad\u00bb css=\u00bb.vc_custom_1493976961645{margin-bottom: 10px !important;}\u00bb][vc_custom_heading text=\u00bbM\u00e1s cursos y seminarios\u00bb font_container=\u00bbtag:h3|font_size:22|text_align:center\u00bb google_fonts=\u00bbfont_family:Lato%3A100%2C100italic%2C300%2C300italic%2Cregular%2Citalic%2C700%2C700italic%2C900%2C900italic|font_style:700%20bold%20regular%3A700%3Anormal\u00bb css=\u00bb.vc_custom_1493976704354{margin-bottom: 10px !important;}\u00bb][vc_column_text]<\/p>\n<p style=\"text-align: center;\">Estar\u00e1s informado en todo momento de los nuevos cursos y seminarios que se organicen y podr\u00e1s realizarlos\u00a0sin coste adicional y obteniendo diplomas por todos ellos.<\/p>\n<p>[\/vc_column_text][\/vc_column_inner][\/vc_row_inner][\/vc_column][vc_column width=\u00bb1\/3&#8243;][vc_row_inner][vc_column_inner][vc_icon icon_fontawesome=\u00bbfa fa-users\u00bb color=\u00bbcustom\u00bb align=\u00bbcenter\u00bb custom_color=\u00bb#30b3ad\u00bb css=\u00bb.vc_custom_1493976770226{margin-bottom: 10px !important;}\u00bb][vc_custom_heading text=\u00bbAsesor\/a personalizado\u00bb font_container=\u00bbtag:h2|font_size:22|text_align:center\u00bb google_fonts=\u00bbfont_family:Lato%3A100%2C100italic%2C300%2C300italic%2Cregular%2Citalic%2C700%2C700italic%2C900%2C900italic|font_style:700%20bold%20regular%3A700%3Anormal\u00bb css=\u00bb.vc_custom_1493976712994{margin-bottom: 10px !important;}\u00bb][vc_column_text]<\/p>\n<div class=\"g-cols wpb_row offset_small vc_inner vc_row-fluid \">\n<div class=\" five-sixths\">\n<p class=\"vc_custom_heading\" style=\"text-align: center;\">Tendr\u00e1s la seguridad de estar respaldado por una asesora que se ocupara personalmente de tu expediente y te orientar\u00e1 para obtener los m\u00e1ximos resultados.<\/p>\n<\/div>\n<\/div>\n<p>[\/vc_column_text][\/vc_column_inner][\/vc_row_inner][\/vc_column][\/vc_row][vc_row css=\u00bb.vc_custom_1427806970509{margin-top: 35px !important;margin-bottom: 35px !important;}\u00bb][vc_column width=\u00bb1\/3&#8243;][vc_row_inner][vc_column_inner][vc_icon icon_fontawesome=\u00bbfa fa-pencil\u00bb color=\u00bbcustom\u00bb align=\u00bbcenter\u00bb custom_color=\u00bb#30b3ad\u00bb css=\u00bb.vc_custom_1493976774137{margin-bottom: 10px !important;}\u00bb][vc_custom_heading text=\u00bbBiblioteca digital\u00bb font_container=\u00bbtag:h2|font_size:22|text_align:center\u00bb google_fonts=\u00bbfont_family:Lato%3A100%2C100italic%2C300%2C300italic%2Cregular%2Citalic%2C700%2C700italic%2C900%2C900italic|font_style:700%20bold%20regular%3A700%3Anormal\u00bb css=\u00bb.vc_custom_1493976720835{margin-bottom: 10px !important;}\u00bb][vc_column_text]<\/p>\n<p style=\"text-align: center;\">Podr\u00e1s escribir art\u00edculos y contar tus experiencias profesionales en nuestra biblioteca digital, difundi\u00e9ndose tus publicaciones a miles de personas, en tres idiomas, ingl\u00e9s, espa\u00f1ol e italiano; recibiendo acreditaci\u00f3n de todo ello.<\/p>\n<p>[\/vc_column_text][\/vc_column_inner][\/vc_row_inner][\/vc_column][vc_column width=\u00bb1\/3&#8243;][vc_row_inner][vc_column_inner][vc_icon type=\u00bbentypo\u00bb icon_entypo=\u00bbentypo-icon entypo-icon-vcard\u00bb color=\u00bbcustom\u00bb align=\u00bbcenter\u00bb custom_color=\u00bb#30b3ad\u00bb css=\u00bb.vc_custom_1493976779348{margin-bottom: 10px !important;}\u00bb][vc_custom_heading text=\u00bbCertificaci\u00f3n de experiencia\u00bb font_container=\u00bbtag:h2|font_size:22|text_align:center\u00bb google_fonts=\u00bbfont_family:Lato%3A100%2C100italic%2C300%2C300italic%2Cregular%2Citalic%2C700%2C700italic%2C900%2C900italic|font_style:700%20bold%20regular%3A700%3Anormal\u00bb css=\u00bb.vc_custom_1493976726497{margin-bottom: 10px !important;}\u00bb][vc_column_text]<\/p>\n<p class=\"vc_custom_heading\" style=\"text-align: center;\">Podr\u00e1s certificar tu experiencia profesional, que no tenga acreditaci\u00f3n, a trav\u00e9s de nuestro programa certificaci\u00f3n de experiencia adaptado a tus necesidades.<\/p>\n<p>[\/vc_column_text][\/vc_column_inner][\/vc_row_inner][\/vc_column][vc_column width=\u00bb1\/3&#8243;][vc_row_inner][vc_column_inner width=\u00bb1\/6&#8243;][\/vc_column_inner][vc_column_inner width=\u00bb5\/6&#8243;][vc_icon icon_fontawesome=\u00bbfa fa-globe\u00bb color=\u00bbcustom\u00bb align=\u00bbcenter\u00bb custom_color=\u00bb#30b3ad\u00bb css=\u00bb.vc_custom_1493976783441{margin-bottom: 10px !important;}\u00bb][vc_custom_heading text=\u00bbCompromiso social\u00bb font_container=\u00bbtag:h3|font_size:22|text_align:center\u00bb google_fonts=\u00bbfont_family:Lato%3A100%2C100italic%2C300%2C300italic%2Cregular%2Citalic%2C700%2C700italic%2C900%2C900italic|font_style:700%20bold%20regular%3A700%3Anormal\u00bb css=\u00bb.vc_custom_1493976741914{margin-bottom: 10px !important;}\u00bb][vc_column_text]<\/p>\n<p class=\"vc_custom_heading\" style=\"text-align: center;\">Participar\u00e1s en campa\u00f1as de solidaridad en la India y contribuir\u00e1s a la construcci\u00f3n de escuelas y programas de ayuda educativa a los m\u00e1s necesitados de la mano de la FUNDACI\u00d3N VICENTE FERRER.<\/p>\n<p>[\/vc_column_text][\/vc_column_inner][\/vc_row_inner][\/vc_column][\/vc_row][vc_row css=\u00bb.vc_custom_1427806970509{margin-top: 35px !important;margin-bottom: 35px !important;}\u00bb][vc_column][vc_column_text]<\/p>\n<p style=\"text-align: center;\"><a class=\"vc_btn vc_btn_orange vc_btn-orange vc_btn_lg vc_btn-lg vc_btn_rounded\" title=\"\" href=\"https:\/\/docs.google.com\/forms\/d\/e\/1FAIpQLSfrCIKoBZZVtqyCGeZj68Tj37uD3p_gqAyv3QnQJzmKXHpUTg\/viewform\" target=\"_blank\">M\u00c1S INFORMACI\u00d3N<\/a><\/p>\n<p>[\/vc_column_text][\/vc_column][\/vc_row]<\/p>\n","protected":false},"excerpt":{"rendered":"<p>[vc_row css=\u00bb.vc_custom_1427804811471{margin-top: 25px !important;margin-bottom: 25px !important;}\u00bb][vc_column width=\u00bb2\/3&#8243;][vc_single_image image=\u00bb1573&#8243; img_size=\u00bb661&#215;82&#8243;][\/vc_column][vc_column width=\u00bb1\/3&#8243;][vc_column_text] 618 20 04 80 promotora6@divulgaciondinamica.es [\/vc_column_text][\/vc_column][\/vc_row][vc_row css=\u00bb.vc_custom_1489484355483{margin-top: 25px !important;margin-bottom: 15px !important;}\u00bb][vc_column][vc_custom_heading text=\u00bbCurso Online \u00bb font_container=\u00bbtag:p|font_size:32|text_align:center|color:%2330b3ad|line_height:1.1&#8243; google_fonts=\u00bbfont_family:Lato%3A100%2C100italic%2C300%2C300italic%2Cregular%2Citalic%2C700%2C700italic%2C900%2C900italic|font_style:300%20light%20regular%3A300%3Anormal\u00bb css=\u00bb.vc_custom_1493723073517{margin-bottom: 15px !important;}\u00bb][vc_custom_heading text=\u00bbRelaciones P\u00fablicas y Protocolo\u00bb font_container=\u00bbtag:h1|font_size:38|text_align:center|line_height:1.1&#8243; google_fonts=\u00bbfont_family:Lato%3A100%2C100italic%2C300%2C300italic%2Cregular%2Citalic%2C700%2C700italic%2C900%2C900italic|font_style:900%20bold%20regular%3A900%3Anormal\u00bb css=\u00bb.vc_custom_1494927646487{margin-bottom: 15px !important;}\u00bb][\/vc_column][\/vc_row][vc_row][vc_column][vc_column_text][\/vc_column_text][\/vc_column][\/vc_row][vc_row css=\u00bb.vc_custom_1493811160395{margin-top: 20px<\/p>\n","protected":false},"author":1,"featured_media":0,"parent":0,"menu_order":0,"comment_status":"closed","ping_status":"closed","template":"","meta":[],"yoast_head":"<!-- This site is optimized with the Yoast SEO plugin v15.7 - https:\/\/yoast.com\/wordpress\/plugins\/seo\/ -->\n<title>Curso de &quot;Relaciones P\u00fablicas y Protocolo&quot; Online - Divulgaci\u00f3n Din\u00e1mica<\/title>\n<meta name=\"description\" content=\"Curso de &quot;Relaciones P\u00fablicas y Protocolo&quot; Online. Apostamos por una formaci\u00f3n de calidad al alcance de todos. \u00a1Inf\u00f3rmate hoy mismo sin compromiso!.\" \/>\n<meta name=\"robots\" content=\"index, follow, max-snippet:-1, max-image-preview:large, max-video-preview:-1\" \/>\n<link rel=\"canonical\" href=\"https:\/\/divulgaciondinamica.info\/promos\/curso-relaciones-publicas-protocolo\/\" \/>\n<meta property=\"og:locale\" content=\"es_ES\" \/>\n<meta property=\"og:type\" content=\"article\" \/>\n<meta property=\"og:title\" content=\"Curso de &quot;Relaciones P\u00fablicas y Protocolo&quot; Online - Divulgaci\u00f3n Din\u00e1mica\" \/>\n<meta property=\"og:description\" content=\"Curso de &quot;Relaciones P\u00fablicas y Protocolo&quot; Online. Apostamos por una formaci\u00f3n de calidad al alcance de todos. \u00a1Inf\u00f3rmate hoy mismo sin compromiso!.\" \/>\n<meta property=\"og:url\" content=\"https:\/\/divulgaciondinamica.info\/promos\/curso-relaciones-publicas-protocolo\/\" \/>\n<meta property=\"og:site_name\" content=\"Divulgaci\u00f3n Din\u00e1mica\" \/>\n<meta property=\"article:publisher\" content=\"https:\/\/www.facebook.com\/divulgaciondinamicaformacion\/\" \/>\n<meta property=\"article:modified_time\" content=\"2017-05-16T09:48:44+00:00\" \/>\n<meta property=\"og:image\" content=\"http:\/\/divulgaciondinamica.info\/promos\/wp-content\/uploads\/2017\/03\/Centro-M\u00e1ster-Relaciones-P\u00fablicas-y-Protocolo-PUEBA-GRATIS.jpg\" \/>\n<meta name=\"twitter:card\" content=\"summary_large_image\" \/>\n<meta name=\"twitter:site\" content=\"@divulgaciond\" \/>\n<meta name=\"twitter:label1\" content=\"Tiempo de lectura\">\n\t<meta name=\"twitter:data1\" content=\"9 minutos\">\n<script type=\"application\/ld+json\" class=\"yoast-schema-graph\">{\"@context\":\"https:\/\/schema.org\",\"@graph\":[{\"@type\":\"Organization\",\"@id\":\"https:\/\/divulgaciondinamica.info\/promos\/#organization\",\"name\":\"Divulgaci\\u00f3n Din\\u00e1mica S.L.\",\"url\":\"https:\/\/divulgaciondinamica.info\/promos\/\",\"sameAs\":[\"https:\/\/www.facebook.com\/divulgaciondinamicaformacion\/\",\"https:\/\/www.instagram.com\/divulgaciondinamica\",\"https:\/\/www.linkedin.com\/company-beta\/9490428\/\",\"https:\/\/www.youtube.com\/user\/ddinamica2010\",\"https:\/\/twitter.com\/divulgaciond\"],\"logo\":{\"@type\":\"ImageObject\",\"@id\":\"https:\/\/divulgaciondinamica.info\/promos\/#logo\",\"inLanguage\":\"es\",\"url\":\"https:\/\/divulgaciondinamica.info\/promos\/wp-content\/uploads\/2016\/02\/logo-divulgaciondinamica-ddf.png\",\"width\":400,\"height\":79,\"caption\":\"Divulgaci\\u00f3n Din\\u00e1mica S.L.\"},\"image\":{\"@id\":\"https:\/\/divulgaciondinamica.info\/promos\/#logo\"}},{\"@type\":\"WebSite\",\"@id\":\"https:\/\/divulgaciondinamica.info\/promos\/#website\",\"url\":\"https:\/\/divulgaciondinamica.info\/promos\/\",\"name\":\"Divulgaci\\u00f3n Din\\u00e1mica\",\"description\":\"Formaci\\u00f3n de calidad al alcance de todos\",\"publisher\":{\"@id\":\"https:\/\/divulgaciondinamica.info\/promos\/#organization\"},\"potentialAction\":[{\"@type\":\"SearchAction\",\"target\":\"https:\/\/divulgaciondinamica.info\/promos\/?s={search_term_string}\",\"query-input\":\"required name=search_term_string\"}],\"inLanguage\":\"es\"},{\"@type\":\"ImageObject\",\"@id\":\"https:\/\/divulgaciondinamica.info\/promos\/curso-relaciones-publicas-protocolo\/#primaryimage\",\"inLanguage\":\"es\",\"url\":\"http:\/\/divulgaciondinamica.info\/promos\/wp-content\/uploads\/2017\/03\/Centro-M\\u00e1ster-Relaciones-P\\u00fablicas-y-Protocolo-PUEBA-GRATIS.jpg\"},{\"@type\":\"WebPage\",\"@id\":\"https:\/\/divulgaciondinamica.info\/promos\/curso-relaciones-publicas-protocolo\/#webpage\",\"url\":\"https:\/\/divulgaciondinamica.info\/promos\/curso-relaciones-publicas-protocolo\/\",\"name\":\"Curso de \\\"Relaciones P\\u00fablicas y Protocolo\\\" Online - Divulgaci\\u00f3n Din\\u00e1mica\",\"isPartOf\":{\"@id\":\"https:\/\/divulgaciondinamica.info\/promos\/#website\"},\"primaryImageOfPage\":{\"@id\":\"https:\/\/divulgaciondinamica.info\/promos\/curso-relaciones-publicas-protocolo\/#primaryimage\"},\"datePublished\":\"2017-05-16T09:44:40+00:00\",\"dateModified\":\"2017-05-16T09:48:44+00:00\",\"description\":\"Curso de \\\"Relaciones P\\u00fablicas y Protocolo\\\" Online. Apostamos por una formaci\\u00f3n de calidad al alcance de todos. \\u00a1Inf\\u00f3rmate hoy mismo sin compromiso!.\",\"inLanguage\":\"es\",\"potentialAction\":[{\"@type\":\"ReadAction\",\"target\":[\"https:\/\/divulgaciondinamica.info\/promos\/curso-relaciones-publicas-protocolo\/\"]}]}]}<\/script>\n<!-- \/ Yoast SEO plugin. -->","_links":{"self":[{"href":"https:\/\/divulgaciondinamica.info\/promos\/wp-json\/wp\/v2\/pages\/7388"}],"collection":[{"href":"https:\/\/divulgaciondinamica.info\/promos\/wp-json\/wp\/v2\/pages"}],"about":[{"href":"https:\/\/divulgaciondinamica.info\/promos\/wp-json\/wp\/v2\/types\/page"}],"author":[{"embeddable":true,"href":"https:\/\/divulgaciondinamica.info\/promos\/wp-json\/wp\/v2\/users\/1"}],"replies":[{"embeddable":true,"href":"https:\/\/divulgaciondinamica.info\/promos\/wp-json\/wp\/v2\/comments?post=7388"}],"version-history":[{"count":4,"href":"https:\/\/divulgaciondinamica.info\/promos\/wp-json\/wp\/v2\/pages\/7388\/revisions"}],"predecessor-version":[{"id":7393,"href":"https:\/\/divulgaciondinamica.info\/promos\/wp-json\/wp\/v2\/pages\/7388\/revisions\/7393"}],"wp:attachment":[{"href":"https:\/\/divulgaciondinamica.info\/promos\/wp-json\/wp\/v2\/media?parent=7388"}],"curies":[{"name":"wp","href":"https:\/\/api.w.org\/{rel}","templated":true}]}}