{"id":73,"date":"2015-04-06T16:05:05","date_gmt":"2015-04-06T16:05:05","guid":{"rendered":"http:\/\/divulgaciondinamica.info\/promos\/?page_id=73"},"modified":"2017-04-05T12:18:51","modified_gmt":"2017-04-05T12:18:51","slug":"tecnico-en-formacion-de-recursos-humanos","status":"publish","type":"page","link":"https:\/\/divulgaciondinamica.info\/promos\/tecnico-en-formacion-de-recursos-humanos\/","title":{"rendered":"T\u00e9cnico Junior en Formaci\u00f3n de Recursos Humanos"},"content":{"rendered":"<p>[vc_row css=\u00bb.vc_custom_1427804811471{margin-top: 25px !important;margin-bottom: 25px !important;}\u00bb][vc_column width=\u00bb2\/3&#8243;][vc_single_image image=\u00bb1491&#8243; img_size=\u00bb661&#215;82&#8243;][\/vc_column][vc_column width=\u00bb1\/3&#8243;][vc_column_text]<\/p>\n<h6 style=\"text-align: right;\"><i class=\"fa fa-whatsapp\"><\/i> 628 069 839<\/h6>\n<p style=\"text-align: right;\"><strong>soporte1@divulgaciondinamica.es<\/strong><\/p>\n<p>[\/vc_column_text][\/vc_column][\/vc_row][vc_row css=\u00bb.vc_custom_1489484355483{margin-top: 25px !important;margin-bottom: 15px !important;}\u00bb][vc_column][vc_custom_heading text=\u00bbCurso Online<br \/>\n\u00bb font_container=\u00bbtag:p|font_size:32|text_align:center|color:%230a7aba|line_height:1.1&#8243; google_fonts=\u00bbfont_family:Lato%3A100%2C100italic%2C300%2C300italic%2Cregular%2Citalic%2C700%2C700italic%2C900%2C900italic|font_style:300%20light%20regular%3A300%3Anormal\u00bb css=\u00bb.vc_custom_1490955635731{margin-bottom: 15px !important;}\u00bb][vc_custom_heading text=\u00bbT\u00e9cnico Junior en Formaci\u00f3n de Recursos Humanos\u00bb font_container=\u00bbtag:h1|font_size:38|text_align:center|color:%230a7aba|line_height:1.1&#8243; google_fonts=\u00bbfont_family:Lato%3A100%2C100italic%2C300%2C300italic%2Cregular%2Citalic%2C700%2C700italic%2C900%2C900italic|font_style:900%20bold%20regular%3A900%3Anormal\u00bb css=\u00bb.vc_custom_1491394549472{margin-bottom: 15px !important;}\u00bb][\/vc_column][\/vc_row][vc_row][vc_column][vc_column_text]<img loading=\"lazy\" class=\"alignleft wp-image-2012 size-full\" title=\"T\u00e9cnico Junior en Formaci\u00f3n de Recursos Humanos\" src=\"http:\/\/divulgaciondinamica.info\/promos\/wp-content\/uploads\/2015\/04\/imagen-curso-tecnico-junior-en-formacion-de-recursos-humanos.jpg\" alt=\"Curso de T\u00e9cnico Junior en Formaci\u00f3n de Recursos Humanos Online\" width=\"643\" height=\"434\" srcset=\"https:\/\/divulgaciondinamica.info\/promos\/wp-content\/uploads\/2015\/04\/imagen-curso-tecnico-junior-en-formacion-de-recursos-humanos.jpg 643w, https:\/\/divulgaciondinamica.info\/promos\/wp-content\/uploads\/2015\/04\/imagen-curso-tecnico-junior-en-formacion-de-recursos-humanos-300x202.jpg 300w\" sizes=\"(max-width: 643px) 100vw, 643px\" \/><a href=\"http:\/\/www.divulgaciondinamica.es\/secretaria\/alumnos\/form\/332\/\" target=\"_blank\"><img loading=\"lazy\" class=\"alignleft wp-image-2013 size-full\" title=\"Solicita informaci\u00f3n del curso de T\u00e9cnico Junior en Formaci\u00f3n de Recursos Humanos\" src=\"http:\/\/divulgaciondinamica.info\/promos\/wp-content\/uploads\/2015\/04\/imagen-curso-tecnico-junior-en-formacion-de-recursos-humanos_02.png\" alt=\"T\u00e9cnico Junior en Formaci\u00f3n de Recursos Humanos\" width=\"417\" height=\"434\" srcset=\"https:\/\/divulgaciondinamica.info\/promos\/wp-content\/uploads\/2015\/04\/imagen-curso-tecnico-junior-en-formacion-de-recursos-humanos_02.png 417w, https:\/\/divulgaciondinamica.info\/promos\/wp-content\/uploads\/2015\/04\/imagen-curso-tecnico-junior-en-formacion-de-recursos-humanos_02-288x300.png 288w\" sizes=\"(max-width: 417px) 100vw, 417px\" \/><\/a>[\/vc_column_text][\/vc_column][\/vc_row][vc_row css=\u00bb.vc_custom_1427804437681{margin-top: 35px !important;margin-bottom: 35px !important;}\u00bb][vc_column width=\u00bb1\/4&#8243;][vc_single_image image=\u00bb59&#8243; img_size=\u00bb250&#215;195&#8243; alignment=\u00bbcenter\u00bb][\/vc_column][vc_column width=\u00bb1\/4&#8243;][vc_single_image image=\u00bb60&#8243; img_size=\u00bb250&#215;195&#8243; alignment=\u00bbcenter\u00bb][\/vc_column][vc_column width=\u00bb1\/4&#8243;][vc_single_image image=\u00bb61&#8243; img_size=\u00bb250&#215;195&#8243; alignment=\u00bbcenter\u00bb][\/vc_column][vc_column width=\u00bb1\/4&#8243;][vc_single_image image=\u00bb2014&#8243; img_size=\u00bb250&#215;195&#8243; alignment=\u00bbcenter\u00bb][\/vc_column][\/vc_row][vc_row][vc_column][\/vc_column][\/vc_row][vc_row css=\u00bb.vc_custom_1427805189823{margin-top: 35px !important;margin-bottom: 35px !important;}\u00bb][vc_column width=\u00bb1\/2&#8243;][vc_column_text css=\u00bb.vc_custom_1491394675151{margin-bottom: 30px !important;}\u00bb]<\/p>\n<div id=\"stcpDiv\">\n<h3 style=\"text-align: left;\" align=\"justify\">Presentaci\u00f3n del Curso:<\/h3>\n<p>&nbsp;<\/p>\n<p>En Divulgaci\u00f3n Din\u00e1mica abordamos el Empleo y los Recursos Humanos desde un enfoque microecon\u00f3mico, incidiendo en el conocimiento y la formaci\u00f3n de los distintos agentes de intervenci\u00f3n. Trabajadores, empleados y desempleados, son quienes contribuyen a que se logren resultados generales satisfactorios, por ello son el epicentro de nuestra formaci\u00f3n.<\/p>\n<p>En nuestro Campus de Empleo y RRHH podr\u00e1s encontrar multitud de herramientas, publicaciones sobre el sector, e infinidad de recursos elaborados espec\u00edficamente para esta disciplina. En Divulgaci\u00f3n Din\u00e1mica somos pioneros en la formaci\u00f3n de profesionales en esta \u00e1rea de intervenci\u00f3n: utilizamos eficaces estrategias de ense\u00f1anza, orientaci\u00f3n y dinamizaci\u00f3n para que la formaci\u00f3n de nuestros alumnos sea lo m\u00e1s completa posible.<br \/>\n<img loading=\"lazy\" class=\"alignleft size-full wp-image-53\" src=\"http:\/\/divulgaciondinamica.info\/promos\/wp-content\/uploads\/2015\/03\/diploma-digital1.png\" alt=\"diploma-digital\" width=\"479\" height=\"322\" srcset=\"https:\/\/divulgaciondinamica.info\/promos\/wp-content\/uploads\/2015\/03\/diploma-digital1.png 479w, https:\/\/divulgaciondinamica.info\/promos\/wp-content\/uploads\/2015\/03\/diploma-digital1-300x202.png 300w\" sizes=\"(max-width: 479px) 100vw, 479px\" \/><\/p>\n<p style=\"text-align: left;\" align=\"justify\">\n<\/div>\n<p>[\/vc_column_text][\/vc_column][vc_column width=\u00bb1\/2&#8243;][vc_column_text]<\/p>\n<div id=\"stcpDiv\">\n<h3 style=\"text-align: left;\" align=\"justify\">Temario del Curso:<\/h3>\n<p>&nbsp;<\/p>\n<p style=\"text-align: left;\"><strong>1. LA FORMACI\u00d3N DESDE LOS RECURSOS HUMANOS<\/strong><br \/>\n1.1 Importancia de la formaci\u00f3n en las empresas.<br \/>\n1.2 Funciones de la unidad de formaci\u00f3n.<br \/>\n1.3 Caracter\u00edsticas de la formaci\u00f3n en la empresa.<br \/>\n1.4 Tareas de dise\u00f1o.<br \/>\n1.5 Educaci\u00f3n permanente.<\/p>\n<p style=\"text-align: left;\"><strong>2. COMO DISE\u00d1AR Y DESARROLLAR ACTIVIDADES DE FORMACI\u00d3N<\/strong><br \/>\n2.1 Did\u00e1ctica, ense\u00f1anza, curr\u00edculo y formaci\u00f3n<br \/>\n2.2 Conceptualizaci\u00f3n y caracterizaci\u00f3n del curr\u00edculo<br \/>\n2.3 Los enfoques, los tipos y los elementos del curr\u00edculo<br \/>\n2.4 El dise\u00f1o, el desarrollo y la evaluaci\u00f3n del curr\u00edculo<br \/>\n2.5 Objetivos<br \/>\n2.6 Contenidos<br \/>\n2.7 Metodolog\u00eda y actividades<br \/>\n2.8 Los recursos did\u00e1cticos<br \/>\n2.9 El tiempo y su organizaci\u00f3n<br \/>\n2.10 El espacio y los agrupamientos<\/p>\n<p style=\"text-align: left;\"><strong>3. GESTI\u00d3N DE GRUPOS CLASE. DIN\u00c1MICA DE GRUPOS<\/strong><br \/>\n3.1 Formaci\u00f3n profesional, desarrollo de la competencia y aprendizaje en grupo<br \/>\n3.2 El aula como grupo<br \/>\n3.3 La comunicaci\u00f3n en el aula<br \/>\n3.4 Principios para seleccionar las t\u00e9cnicas de din\u00e1mica de grupos<br \/>\n3.5 T\u00e9cnicas de din\u00e1mica de grupos para el desarrollo de la competencia profesional<\/p>\n<p style=\"text-align: left;\"><strong>4. EL E-LEARNING. CONTENIDOS DIGITALES EN E-LEARNING<\/strong><br \/>\n4.1 Introducci\u00f3n al E-Learning<br \/>\n4.2 Conceptos b\u00e1sicos del E-Learning<br \/>\n4.3 Procesos de aprendizaje en E-Learning<br \/>\n4.4 Las plataformas de teleformaci\u00f3n. Soporte de la formaci\u00f3n on-line<br \/>\n4.5 Introducci\u00f3n a los contenidos digitales de teleformaci\u00f3n<br \/>\n4.6 Estandarizaci\u00f3n de los objetos de aprendizaje para E-Learning<\/p>\n<p style=\"text-align: left;\"><strong>5. PLANIFICACI\u00d3N Y DESARROLLO DE LAS PR\u00c1CTICAS PROFESIONALES<\/strong><br \/>\n5.1 Marco normativo que regula las pr\u00e1cticas profesionales<br \/>\n5.2 Funciones del profesor-tutor del centro<br \/>\n5.3 Funciones del tutor en la empresa<br \/>\n5.4 La planificaci\u00f3n de las pr\u00e1cticas profesionales<br \/>\n5.5 La evaluaci\u00f3n y el seguimiento de las pr\u00e1cticas profesionales<br \/>\n5.6 La evaluaci\u00f3n del programa de pr\u00e1cticas<\/p>\n<p style=\"text-align: left;\"><strong>6. LA EVALUACI\u00d3N Y LA COMPETENCIA PROFESIONAL<\/strong><br \/>\n6.1 Enfoque integral de la evaluaci\u00f3n<br \/>\n6.2 Enfoque de evaluaci\u00f3n de la formaci\u00f3n, ense\u00f1anza y curr\u00edculo<br \/>\n6.3 Evaluaci\u00f3n de las necesidades de formaci\u00f3n<br \/>\n6.4 Evaluaci\u00f3n del proceso de formaci\u00f3n<br \/>\n6.5 Evaluaci\u00f3n de los resultados de la formaci\u00f3n<br \/>\n6.6 Evaluaci\u00f3n del impacto de la formaci\u00f3n<\/p>\n<\/div>\n<p>[\/vc_column_text][\/vc_column][\/vc_row][vc_row css=\u00bb.vc_custom_1427806970509{margin-top: 35px !important;margin-bottom: 35px !important;}\u00bb][vc_column][vc_column_text]<\/p>\n<p style=\"text-align: center;\"><a class=\"vc_btn vc_btn_orange vc_btn-orange vc_btn_lg vc_btn-lg vc_btn_rounded\" title=\"\" href=\"http:\/\/www.divulgaciondinamica.es\/secretaria\/alumnos\/form\/332\/\" target=\"_blank\">INSCRIPCI\u00d3N<\/a><\/p>\n<p>[\/vc_column_text][\/vc_column][\/vc_row]<\/p>\n","protected":false},"excerpt":{"rendered":"<p>[vc_row css=\u00bb.vc_custom_1427804811471{margin-top: 25px !important;margin-bottom: 25px !important;}\u00bb][vc_column width=\u00bb2\/3&#8243;][vc_single_image image=\u00bb1491&#8243; img_size=\u00bb661&#215;82&#8243;][\/vc_column][vc_column width=\u00bb1\/3&#8243;][vc_column_text] 628 069 839 soporte1@divulgaciondinamica.es [\/vc_column_text][\/vc_column][\/vc_row][vc_row css=\u00bb.vc_custom_1489484355483{margin-top: 25px !important;margin-bottom: 15px !important;}\u00bb][vc_column][vc_custom_heading text=\u00bbCurso Online \u00bb font_container=\u00bbtag:p|font_size:32|text_align:center|color:%230a7aba|line_height:1.1&#8243; google_fonts=\u00bbfont_family:Lato%3A100%2C100italic%2C300%2C300italic%2Cregular%2Citalic%2C700%2C700italic%2C900%2C900italic|font_style:300%20light%20regular%3A300%3Anormal\u00bb css=\u00bb.vc_custom_1490955635731{margin-bottom: 15px !important;}\u00bb][vc_custom_heading text=\u00bbT\u00e9cnico Junior en Formaci\u00f3n de Recursos Humanos\u00bb font_container=\u00bbtag:h1|font_size:38|text_align:center|color:%230a7aba|line_height:1.1&#8243; google_fonts=\u00bbfont_family:Lato%3A100%2C100italic%2C300%2C300italic%2Cregular%2Citalic%2C700%2C700italic%2C900%2C900italic|font_style:900%20bold%20regular%3A900%3Anormal\u00bb css=\u00bb.vc_custom_1491394549472{margin-bottom: 15px !important;}\u00bb][\/vc_column][\/vc_row][vc_row][vc_column][vc_column_text][\/vc_column_text][\/vc_column][\/vc_row][vc_row<\/p>\n","protected":false},"author":1,"featured_media":0,"parent":0,"menu_order":0,"comment_status":"closed","ping_status":"closed","template":"","meta":[],"yoast_head":"<!-- This site is optimized with the Yoast SEO plugin v15.7 - https:\/\/yoast.com\/wordpress\/plugins\/seo\/ -->\n<title>T\u00e9cnico Junior en Formaci\u00f3n de Recursos Humanos - Divulgaci\u00f3n Din\u00e1mica<\/title>\n<meta name=\"description\" content=\"Curso de T\u00e9cnico Junior en Formaci\u00f3n de Recursos Humanos. Apostamos por una formaci\u00f3n de calidad al alcance de todos. Paga solo las tasas. \u00a1Inf\u00f3rmate!.\" \/>\n<meta name=\"robots\" content=\"index, follow, max-snippet:-1, max-image-preview:large, max-video-preview:-1\" \/>\n<link rel=\"canonical\" href=\"https:\/\/divulgaciondinamica.info\/promos\/tecnico-en-formacion-de-recursos-humanos\/\" \/>\n<meta property=\"og:locale\" content=\"es_ES\" \/>\n<meta property=\"og:type\" content=\"article\" \/>\n<meta property=\"og:title\" content=\"T\u00e9cnico Junior en Formaci\u00f3n de Recursos Humanos - Divulgaci\u00f3n Din\u00e1mica\" \/>\n<meta property=\"og:description\" content=\"Curso de T\u00e9cnico Junior en Formaci\u00f3n de Recursos Humanos. Apostamos por una formaci\u00f3n de calidad al alcance de todos. Paga solo las tasas. \u00a1Inf\u00f3rmate!.\" \/>\n<meta property=\"og:url\" content=\"https:\/\/divulgaciondinamica.info\/promos\/tecnico-en-formacion-de-recursos-humanos\/\" \/>\n<meta property=\"og:site_name\" content=\"Divulgaci\u00f3n Din\u00e1mica\" \/>\n<meta property=\"article:publisher\" content=\"https:\/\/www.facebook.com\/divulgaciondinamicaformacion\/\" \/>\n<meta property=\"article:modified_time\" content=\"2017-04-05T12:18:51+00:00\" \/>\n<meta property=\"og:image\" content=\"http:\/\/divulgaciondinamica.info\/promos\/wp-content\/uploads\/2015\/04\/imagen-curso-tecnico-junior-en-formacion-de-recursos-humanos.jpg\" \/>\n<meta name=\"twitter:card\" content=\"summary_large_image\" \/>\n<meta name=\"twitter:site\" content=\"@divulgaciond\" \/>\n<meta name=\"twitter:label1\" content=\"Tiempo de lectura\">\n\t<meta name=\"twitter:data1\" content=\"4 minutos\">\n<script type=\"application\/ld+json\" class=\"yoast-schema-graph\">{\"@context\":\"https:\/\/schema.org\",\"@graph\":[{\"@type\":\"Organization\",\"@id\":\"https:\/\/divulgaciondinamica.info\/promos\/#organization\",\"name\":\"Divulgaci\\u00f3n Din\\u00e1mica S.L.\",\"url\":\"https:\/\/divulgaciondinamica.info\/promos\/\",\"sameAs\":[\"https:\/\/www.facebook.com\/divulgaciondinamicaformacion\/\",\"https:\/\/www.instagram.com\/divulgaciondinamica\",\"https:\/\/www.linkedin.com\/company-beta\/9490428\/\",\"https:\/\/www.youtube.com\/user\/ddinamica2010\",\"https:\/\/twitter.com\/divulgaciond\"],\"logo\":{\"@type\":\"ImageObject\",\"@id\":\"https:\/\/divulgaciondinamica.info\/promos\/#logo\",\"inLanguage\":\"es\",\"url\":\"https:\/\/divulgaciondinamica.info\/promos\/wp-content\/uploads\/2016\/02\/logo-divulgaciondinamica-ddf.png\",\"width\":400,\"height\":79,\"caption\":\"Divulgaci\\u00f3n Din\\u00e1mica S.L.\"},\"image\":{\"@id\":\"https:\/\/divulgaciondinamica.info\/promos\/#logo\"}},{\"@type\":\"WebSite\",\"@id\":\"https:\/\/divulgaciondinamica.info\/promos\/#website\",\"url\":\"https:\/\/divulgaciondinamica.info\/promos\/\",\"name\":\"Divulgaci\\u00f3n Din\\u00e1mica\",\"description\":\"Formaci\\u00f3n de calidad al alcance de todos\",\"publisher\":{\"@id\":\"https:\/\/divulgaciondinamica.info\/promos\/#organization\"},\"potentialAction\":[{\"@type\":\"SearchAction\",\"target\":\"https:\/\/divulgaciondinamica.info\/promos\/?s={search_term_string}\",\"query-input\":\"required name=search_term_string\"}],\"inLanguage\":\"es\"},{\"@type\":\"ImageObject\",\"@id\":\"https:\/\/divulgaciondinamica.info\/promos\/tecnico-en-formacion-de-recursos-humanos\/#primaryimage\",\"inLanguage\":\"es\",\"url\":\"http:\/\/divulgaciondinamica.info\/promos\/wp-content\/uploads\/2015\/04\/imagen-curso-tecnico-junior-en-formacion-de-recursos-humanos.jpg\"},{\"@type\":\"WebPage\",\"@id\":\"https:\/\/divulgaciondinamica.info\/promos\/tecnico-en-formacion-de-recursos-humanos\/#webpage\",\"url\":\"https:\/\/divulgaciondinamica.info\/promos\/tecnico-en-formacion-de-recursos-humanos\/\",\"name\":\"T\\u00e9cnico Junior en Formaci\\u00f3n de Recursos Humanos - Divulgaci\\u00f3n Din\\u00e1mica\",\"isPartOf\":{\"@id\":\"https:\/\/divulgaciondinamica.info\/promos\/#website\"},\"primaryImageOfPage\":{\"@id\":\"https:\/\/divulgaciondinamica.info\/promos\/tecnico-en-formacion-de-recursos-humanos\/#primaryimage\"},\"datePublished\":\"2015-04-06T16:05:05+00:00\",\"dateModified\":\"2017-04-05T12:18:51+00:00\",\"description\":\"Curso de T\\u00e9cnico Junior en Formaci\\u00f3n de Recursos Humanos. Apostamos por una formaci\\u00f3n de calidad al alcance de todos. Paga solo las tasas. \\u00a1Inf\\u00f3rmate!.\",\"inLanguage\":\"es\",\"potentialAction\":[{\"@type\":\"ReadAction\",\"target\":[\"https:\/\/divulgaciondinamica.info\/promos\/tecnico-en-formacion-de-recursos-humanos\/\"]}]}]}<\/script>\n<!-- \/ Yoast SEO plugin. -->","_links":{"self":[{"href":"https:\/\/divulgaciondinamica.info\/promos\/wp-json\/wp\/v2\/pages\/73"}],"collection":[{"href":"https:\/\/divulgaciondinamica.info\/promos\/wp-json\/wp\/v2\/pages"}],"about":[{"href":"https:\/\/divulgaciondinamica.info\/promos\/wp-json\/wp\/v2\/types\/page"}],"author":[{"embeddable":true,"href":"https:\/\/divulgaciondinamica.info\/promos\/wp-json\/wp\/v2\/users\/1"}],"replies":[{"embeddable":true,"href":"https:\/\/divulgaciondinamica.info\/promos\/wp-json\/wp\/v2\/comments?post=73"}],"version-history":[{"count":5,"href":"https:\/\/divulgaciondinamica.info\/promos\/wp-json\/wp\/v2\/pages\/73\/revisions"}],"predecessor-version":[{"id":6269,"href":"https:\/\/divulgaciondinamica.info\/promos\/wp-json\/wp\/v2\/pages\/73\/revisions\/6269"}],"wp:attachment":[{"href":"https:\/\/divulgaciondinamica.info\/promos\/wp-json\/wp\/v2\/media?parent=73"}],"curies":[{"name":"wp","href":"https:\/\/api.w.org\/{rel}","templated":true}]}}