{"id":719,"date":"2015-07-21T09:30:41","date_gmt":"2015-07-21T09:30:41","guid":{"rendered":"http:\/\/divulgaciondinamica.info\/promos\/?page_id=719"},"modified":"2017-04-20T10:49:43","modified_gmt":"2017-04-20T10:49:43","slug":"doble-titulacion-en-educacion-social-y-mediacion-intercultural-2","status":"publish","type":"page","link":"https:\/\/divulgaciondinamica.info\/promos\/doble-titulacion-en-educacion-social-y-mediacion-intercultural-2\/","title":{"rendered":"Doble Titulaci\u00f3n en Educaci\u00f3n Social y Mediaci\u00f3n Intercultural"},"content":{"rendered":"<p>[vc_row css=\u00bb.vc_custom_1427804811471{margin-top: 25px !important;margin-bottom: 25px !important;}\u00bb][vc_column width=\u00bb2\/3&#8243;][vc_single_image image=\u00bb1573&#8243; img_size=\u00bb661&#215;82&#8243;][\/vc_column][vc_column width=\u00bb1\/3&#8243;][vc_column_text]<\/p>\n<h6 style=\"text-align: right;\"><i class=\"fa fa-whatsapp\"><\/i> 618 88 94 42<\/h6>\n<p style=\"text-align: right;\"><strong>soporte4@divulgaciondinamica.es<\/strong><\/p>\n<p>[\/vc_column_text][\/vc_column][\/vc_row][vc_row css=\u00bb.vc_custom_1489484355483{margin-top: 25px !important;margin-bottom: 15px !important;}\u00bb][vc_column][vc_custom_heading text=\u00bbDoble M\u00e1ster Online<br \/>\n\u00bb font_container=\u00bbtag:p|font_size:32|text_align:center|color:%230a7aba|line_height:1.1&#8243; google_fonts=\u00bbfont_family:Lato%3A100%2C100italic%2C300%2C300italic%2Cregular%2Citalic%2C700%2C700italic%2C900%2C900italic|font_style:300%20light%20regular%3A300%3Anormal\u00bb css=\u00bb.vc_custom_1492685270812{margin-bottom: 15px !important;}\u00bb][vc_custom_heading text=\u00bbM\u00e1ster en Educaci\u00f3n Social + M\u00e1ster en Mediaci\u00f3n Intercultural\u00bb font_container=\u00bbtag:h1|font_size:38|text_align:center|color:%230a7aba|line_height:1.1&#8243; google_fonts=\u00bbfont_family:Lato%3A100%2C100italic%2C300%2C300italic%2Cregular%2Citalic%2C700%2C700italic%2C900%2C900italic|font_style:900%20bold%20regular%3A900%3Anormal\u00bb css=\u00bb.vc_custom_1492598412834{margin-bottom: 15px !important;}\u00bb][\/vc_column][\/vc_row][vc_row][vc_column][vc_column_text]<img loading=\"lazy\" class=\"alignleft wp-image-1663 size-full\" title=\"M\u00e1ster en Educaci\u00f3n Social + M\u00e1ster en Mediaci\u00f3n Intercultural\" src=\"http:\/\/divulgaciondinamica.info\/promos\/wp-content\/uploads\/2015\/07\/imagen-doble-titulacion_01.jpg\" alt=\"Doble M\u00e1ster en M\u00e1ster en Educaci\u00f3n Social + M\u00e1ster en Mediaci\u00f3n Intercultural Online\" width=\"643\" height=\"434\" srcset=\"https:\/\/divulgaciondinamica.info\/promos\/wp-content\/uploads\/2015\/07\/imagen-doble-titulacion_01.jpg 643w, https:\/\/divulgaciondinamica.info\/promos\/wp-content\/uploads\/2015\/07\/imagen-doble-titulacion_01-300x202.jpg 300w\" sizes=\"(max-width: 643px) 100vw, 643px\" \/><a href=\"http:\/\/www.divulgaciondinamica.es\/secretaria\/alumnos\/form\/314\/\" target=\"_blank\"><img loading=\"lazy\" class=\"alignleft wp-image-1766 size-full\" title=\"Solicita informaci\u00f3n del doble m\u00e1ster en M\u00e1ster en Educaci\u00f3n Social + M\u00e1ster en Mediaci\u00f3n Intercultural\" src=\"http:\/\/divulgaciondinamica.info\/promos\/wp-content\/uploads\/2015\/07\/PROMO-Doble-Titulaci\u00f3n_02.png\" alt=\" Doble M\u00e1ster: &quot;Educaci\u00f3n Social&quot; y &quot;Mediaci\u00f3n Intercultural&quot;\" width=\"417\" height=\"434\" srcset=\"https:\/\/divulgaciondinamica.info\/promos\/wp-content\/uploads\/2015\/07\/PROMO-Doble-Titulaci\u00f3n_02.png 417w, https:\/\/divulgaciondinamica.info\/promos\/wp-content\/uploads\/2015\/07\/PROMO-Doble-Titulaci\u00f3n_02-288x300.png 288w\" sizes=\"(max-width: 417px) 100vw, 417px\" \/><\/a>[\/vc_column_text][\/vc_column][\/vc_row][vc_row css=\u00bb.vc_custom_1427804437681{margin-top: 35px !important;margin-bottom: 35px !important;}\u00bb][vc_column width=\u00bb1\/4&#8243;][vc_single_image image=\u00bb540&#8243; img_size=\u00bb250&#215;195&#8243; alignment=\u00bbcenter\u00bb][\/vc_column][vc_column width=\u00bb1\/4&#8243;][vc_single_image image=\u00bb541&#8243; img_size=\u00bb250&#215;195&#8243; alignment=\u00bbcenter\u00bb][\/vc_column][vc_column width=\u00bb1\/4&#8243;][vc_single_image image=\u00bb542&#8243; img_size=\u00bb250&#215;195&#8243; alignment=\u00bbcenter\u00bb][\/vc_column][vc_column width=\u00bb1\/4&#8243;][vc_single_image image=\u00bb638&#8243; img_size=\u00bb250&#215;195&#8243; alignment=\u00bbcenter\u00bb][\/vc_column][\/vc_row][vc_row][vc_column][vc_column_text]<br \/>\n[\/vc_column_text][\/vc_column][\/vc_row][vc_row][vc_column][vc_column_text]<\/p>\n<h3 style=\"text-align: left;\"><span style=\"color: #dc214e;\">Presentaci\u00f3n de la Doble Titulaci\u00f3n:<\/span><\/h3>\n<p>[\/vc_column_text][vc_row_inner][vc_column_inner width=\u00bb1\/2&#8243;][vc_column_text]La doble titulaci\u00f3n que presentamos Master en educaci\u00f3n social + Master en mediaci\u00f3n intercultural\u00a0 ofrecen una formaci\u00f3n integral a los participantes en dos \u00e1reas que, aunque con tem\u00e1ticas de especializaci\u00f3n diferentes permiten alcanzar m\u00e1s altos niveles de competencia profesional vinculando las principales t\u00e9cnicas y herramientas utilizadas en ambas intervenciones.<\/p>\n<p>La formaci\u00f3n en Educaci\u00f3n Social permite adquirir aquellas competencias y habilidades t\u00e9cnicas espec\u00edficas mediante las cuales desarrollar intervenciones para la inclusi\u00f3n social y que permitan, no solo mejorar la calidad en la atenci\u00f3n y en el servicio a colectivos que est\u00e1n en situaci\u00f3n de exclusi\u00f3n sino a incorporar medidas sociales y educativas espec\u00edficas para aquellos colectivos que por sus condiciones sociales o personales son considerados grupos vulnerables.<\/p>\n<p>La formaci\u00f3n en Mediaci\u00f3n Intercultural,\u00a0 en donde se parte de la necesidad de formar en temas referidos a la diversidad intercultural para poder ofrecer respuestas de intervenci\u00f3n social acordes a la realidad multicultural actual, ofrece conocimientos y herramientas que permiten identificar situaciones conflictivas , analizar los tipos de conflictos, su generaci\u00f3n y las t\u00e9cnicas de gesti\u00f3n y resoluci\u00f3n de los mismos para gestionar\u00a0 con mayor facilidad las situaciones conflictivas interculturales y desarrollar medidas que permitan garantizar la convivencia.[\/vc_column_text][\/vc_column_inner][vc_column_inner width=\u00bb1\/2&#8243; css=\u00bb.vc_custom_1434369231866{background-color: #f3f3f3 !important;}\u00bb][vc_column_text css=\u00bb.vc_custom_1453385627510{padding-bottom: 20px !important;}\u00bb]<\/p>\n<p style=\"text-align: left;\"><strong><span style=\"color: #db1b49;\"><br \/>\nFecha de inicio:<\/span><br \/>\n<\/strong>11 de febrero de 2016<\/p>\n<p style=\"text-align: left;\"><strong><span style=\"color: #db1b49;\">Duraci\u00f3n:<\/span><br \/>\n<\/strong>6 meses<\/p>\n<p style=\"text-align: left;\"><strong><span style=\"color: #db1b49;\">Modalidad:<\/span><br \/>\n<\/strong>Online (Acceso a la Plataforma 24h. al d\u00eda)<\/p>\n<p>[\/vc_column_text][\/vc_column_inner][\/vc_row_inner][vc_column_text]<\/p>\n<h3 style=\"text-align: left;\"><span style=\"color: #dc214e;\">\u00bfQu\u00e9 titulaci\u00f3n obtendr\u00e9 al finalizar la formaci\u00f3n?<\/span><\/h3>\n<p>[\/vc_column_text][vc_row_inner][vc_column_inner width=\u00bb1\/2&#8243;][vc_column_text]<\/p>\n<p style=\"text-align: justify;\">Al finalizar tu formaci\u00f3n recibir\u00e1s <strong>2 Diplomas<\/strong> en formato digital (PDF), certificados por Divulgaci\u00f3n Din\u00e1mica y visados por la ANCED (Asociaci\u00f3n Nacional de Centros de Elearning y Distancia), con validez laboral y curricular a nivel estatal.<\/p>\n<p>[\/vc_column_text][\/vc_column_inner][vc_column_inner width=\u00bb1\/2&#8243;][vc_column_text]<\/p>\n<p><img loading=\"lazy\" class=\"alignleft size-full wp-image-560\" src=\"http:\/\/divulgaciondinamica.info\/promos\/wp-content\/uploads\/2015\/06\/imagen-diploma.png\" alt=\"imagen-diploma\" width=\"432\" height=\"144\" srcset=\"https:\/\/divulgaciondinamica.info\/promos\/wp-content\/uploads\/2015\/06\/imagen-diploma.png 432w, https:\/\/divulgaciondinamica.info\/promos\/wp-content\/uploads\/2015\/06\/imagen-diploma-300x100.png 300w\" sizes=\"(max-width: 432px) 100vw, 432px\" \/><\/p>\n<p>[\/vc_column_text][\/vc_column_inner][\/vc_row_inner][vc_column_text]<\/p>\n<h3 style=\"text-align: left;\"><span style=\"color: #dc214e;\">Contenidos de la Doble Titulaci\u00f3n:<\/span><\/h3>\n<p>[\/vc_column_text][vc_row_inner][vc_column_inner width=\u00bb1\/2&#8243; css=\u00bb.vc_custom_1434366413550{margin-top: 20px !important;}\u00bb][vc_column_text]<\/p>\n<div id=\"ui-id-2\" class=\"wpb_accordion_content ui-accordion-content vc_clearfix ui-helper-reset ui-widget-content ui-corner-bottom ui-accordion-content-active\">\n<div class=\"wpb_text_column wpb_content_element \">\n<div class=\"wpb_wrapper\">\n<h4><strong>M\u00e1ster en Educaci\u00f3n Social (400 h.)<br \/>\n<\/strong><\/h4>\n<p>&nbsp;<\/p>\n<p><strong>1. EDUCACI\u00d3N SOCIAL<\/strong><\/p>\n<p>1.1 Educaci\u00f3n Social<br \/>\n1.2 Or\u00edgenes de la Educaci\u00f3n Social<br \/>\n1.3 El educador social<br \/>\n1.4 Competencias Profesionales del\/de la educador\/a social<br \/>\n1.5 C\u00f3digo deontol\u00f3gico para la pr\u00e1ctica profesional de la educaci\u00f3n social<\/p>\n<p><strong>2. T\u00c9CNICAS Y HERRAMIENTAS DE LA EDUCACI\u00d3N SOCIAL<\/strong><\/p>\n<p>2.1 T\u00e9cnicas e instrumentos de diagn\u00f3stico<br \/>\n2.2 T\u00e9cnicas de comunicaci\u00f3n<br \/>\n2.3 T\u00e9cnicas did\u00e1cticas<br \/>\n2.4 T\u00e9cnicas de evaluaci\u00f3n<br \/>\n2.5 El juego como herramienta de educaci\u00f3n social<\/p>\n<p><strong>3. EDUCACI\u00d3N SOCIAL Y JUVENTUD<\/strong><\/p>\n<p>3.1 El concepto de juventud<br \/>\n3.2 Intervenci\u00f3n socioeducativa en el colectivo juvenil<br \/>\n3.3 La conducta antisocial en j\u00f3venes y adolescentes. Teor\u00edas explicativas<br \/>\n3.4 La intervenci\u00f3n socioeducativa en la atenci\u00f3n residencial<\/p>\n<p><strong>4. EDUCACI\u00d3N SOCIAL Y TERCERA EDAD<\/strong><\/p>\n<p>4.1 Aspectos psicosociales del envejecimiento<br \/>\n4.2 Educaci\u00f3n social y envejecimiento<br \/>\n4.3 Algunas actuaciones con la tercera edad<\/p>\n<p><strong>5. EDUCACI\u00d3N SOCIAL Y EXCLUSI\u00d3N<\/strong><\/p>\n<p>5.1 Exclusi\u00f3n social<br \/>\n5.2 Socializaci\u00f3n y educaci\u00f3n<br \/>\n5.3 Teor\u00edas explicativas de la exclusi\u00f3n social<br \/>\n5.4 Educaci\u00f3n social especializada<br \/>\n5.5 Intervenci\u00f3n ante los procesos de exclusi\u00f3n<br \/>\n5.6 Algunas actuaciones espec\u00edficas<\/p>\n<p><strong>6. EDUCACI\u00d3N EN VALORES: REFERENCIAS PARA LA EDUCACI\u00d3N SOCIAL<\/strong><\/p>\n<p>6.1 La educaci\u00f3n en valores: Referencia para la educaci\u00f3n social<br \/>\n6.2 Algunas intervenciones socioeducativas desde la educaci\u00f3n en valores<br \/>\n6.3 El educador\/a de empresa: Innovaci\u00f3n en tiempo de crisis<\/p>\n<p><strong>7. EDUCACI\u00d3N SOCIAL Y DESARROLLO COMUNITARIO<\/strong><\/p>\n<p>7.1 Educaci\u00f3n social y desarrollo comunitario<br \/>\n7.2 La comunidad como territorio de intervenci\u00f3n<br \/>\n7.3 El tercer sector y la educaci\u00f3n social<\/p>\n<p><strong>8. EDUCACI\u00d3N SOCIAL EN LA FAMILIA<\/strong><\/p>\n<p>8.1 La familia<br \/>\n8.2 Intervenci\u00f3n socioeducativa en el contexto familiar<br \/>\n8.3 Ejemplo de intervenci\u00f3n: Familias de personas con discapacidad<br \/>\n8.4 Los malos tratos y situaciones de riesgo a nivel familia<\/p>\n<\/div>\n<\/div>\n<\/div>\n<p>[\/vc_column_text][\/vc_column_inner][vc_column_inner width=\u00bb1\/2&#8243; css=\u00bb.vc_custom_1434366397791{margin-top: 20px !important;}\u00bb][vc_column_text]<\/p>\n<h4><strong>M\u00e1ster en Mediaci\u00f3n Intercultural (400 h.)<br \/>\n<\/strong><\/h4>\n<p>&nbsp;<\/p>\n<p><strong>1. PREVENCI\u00d3N Y RESOLUCI\u00d3N DE CONFLICTOS<\/strong><\/p>\n<p>1.1 Concepto y tipolog\u00eda del conflicto<br \/>\n1.2 Estilos de comportamiento ante el conflicto<br \/>\n1.3 Estrategia de la prevenci\u00f3n de conflictos<br \/>\n1.4 Los m\u00e9todos alternativos de resoluci\u00f3n de disputas<br \/>\n1.5 La mediaci\u00f3n<\/p>\n<p><strong>2. LA INMIGRACI\u00d3N. ASPECTOS SOCIALES<\/strong><\/p>\n<p>2.1 La inmigraci\u00f3n. Aspectos b\u00e1sicos<br \/>\n2.2 Sociolog\u00eda de la inmigraci\u00f3n. \u00bfPor qu\u00e9 vienen?<br \/>\n2.3 Teor\u00edas de la migraci\u00f3n internacional<br \/>\n2.4 El fen\u00f3meno migratorio en Espa\u00f1a<br \/>\n2.5 Aspectos legales de la inmigraci\u00f3n. Evoluci\u00f3n de la ley de extranjer\u00eda espa\u00f1ola<br \/>\n2.6 Desaf\u00edos de la inmigraci\u00f3n: la integraci\u00f3n<\/p>\n<p><strong>3.\u00a0 MEDIACI\u00d3N INTERCULTURAL<\/strong><\/p>\n<p>3.1 Introducci\u00f3n. Mediaci\u00f3n intercultural<br \/>\n3.2 Perfil del mediador intercultural<br \/>\n3.3 \u00c1mbito de la mediaci\u00f3n intercultural<\/p>\n<p><strong>4.\u00a0 T\u00c9CNICAS Y HERRAMIENTAS DE LA MEDIACI\u00d3N INTERCULTURAL<\/strong><\/p>\n<p>4.1 La Mediaci\u00f3n intercultural<br \/>\n4.2 Pr\u00e1ctica de la mediaci\u00f3n intercultural<br \/>\n4.3 El mediador en el proceso de mediaci\u00f3n: fases y recomendaciones<br \/>\n4.4 Modelos de mediaci\u00f3n intercultural<br \/>\n4.5 Herramientas<\/p>\n<p><strong>5. LA EVALUACI\u00d3N EN EL PROCESO DE MEDIACI\u00d3N<\/strong><\/p>\n<p>5.1 La evaluaci\u00f3n como estrategia para optimizar los procesos y programas de mediaci\u00f3n<br \/>\n5.2 Concepto, fines y funciones<br \/>\n5.3 Perspectivas y enfoques a la hora de evaluar<br \/>\n5.4 Planificaci\u00f3n y desarrollo de la evaluaci\u00f3n<br \/>\n5.5 El informe de evaluaci\u00f3n<br \/>\n5.6 Caracter\u00edsticas, audiencias y estructura<br \/>\n5.7 Evaluaci\u00f3n de la evaluaci\u00f3n. Mejora de los procesos evaluativos[\/vc_column_text][vc_column_text]<\/p>\n<h3 style=\"text-align: left;\"><span style=\"color: #dc214e;\">+ Trabajo Fin de M\u00e1ster<\/span><\/h3>\n<p style=\"text-align: left;\">El TFM (Trabajo de Fin de M\u00e1ster) consiste en la elaboraci\u00f3n de un proyecto final donde se demostrar\u00e1n los conocimientos adquiridos durante el proceso formativo.<\/p>\n<p>[\/vc_column_text][\/vc_column_inner][\/vc_row_inner][vc_column_text]<a title=\"Realiza tu inscripci\u00f3n AQU\u00cd\" href=\"http:\/\/www.divulgaciondinamica.es\/secretaria\/alumnos\/form\/314\/\" target=\"_blank\"><img loading=\"lazy\" class=\"aligncenter size-full wp-image-568\" src=\"http:\/\/divulgaciondinamica.info\/promos\/wp-content\/uploads\/2015\/06\/btn-inscripcion.png\" alt=\"btn-inscripcion\" width=\"306\" height=\"103\" srcset=\"https:\/\/divulgaciondinamica.info\/promos\/wp-content\/uploads\/2015\/06\/btn-inscripcion.png 306w, https:\/\/divulgaciondinamica.info\/promos\/wp-content\/uploads\/2015\/06\/btn-inscripcion-300x101.png 300w\" sizes=\"(max-width: 306px) 100vw, 306px\" \/><\/a>[\/vc_column_text][\/vc_column][\/vc_row]<\/p>\n","protected":false},"excerpt":{"rendered":"<p>[vc_row css=\u00bb.vc_custom_1427804811471{margin-top: 25px !important;margin-bottom: 25px !important;}\u00bb][vc_column width=\u00bb2\/3&#8243;][vc_single_image image=\u00bb1573&#8243; img_size=\u00bb661&#215;82&#8243;][\/vc_column][vc_column width=\u00bb1\/3&#8243;][vc_column_text] 618 88 94 42 soporte4@divulgaciondinamica.es [\/vc_column_text][\/vc_column][\/vc_row][vc_row css=\u00bb.vc_custom_1489484355483{margin-top: 25px !important;margin-bottom: 15px !important;}\u00bb][vc_column][vc_custom_heading text=\u00bbDoble M\u00e1ster Online \u00bb font_container=\u00bbtag:p|font_size:32|text_align:center|color:%230a7aba|line_height:1.1&#8243; google_fonts=\u00bbfont_family:Lato%3A100%2C100italic%2C300%2C300italic%2Cregular%2Citalic%2C700%2C700italic%2C900%2C900italic|font_style:300%20light%20regular%3A300%3Anormal\u00bb css=\u00bb.vc_custom_1492685270812{margin-bottom: 15px !important;}\u00bb][vc_custom_heading text=\u00bbM\u00e1ster en Educaci\u00f3n Social + M\u00e1ster en Mediaci\u00f3n Intercultural\u00bb font_container=\u00bbtag:h1|font_size:38|text_align:center|color:%230a7aba|line_height:1.1&#8243;<\/p>\n","protected":false},"author":1,"featured_media":0,"parent":0,"menu_order":0,"comment_status":"closed","ping_status":"closed","template":"","meta":[],"yoast_head":"<!-- This site is optimized with the Yoast SEO plugin v15.7 - https:\/\/yoast.com\/wordpress\/plugins\/seo\/ -->\n<title>Doble M\u00e1ster en &quot;Educaci\u00f3n Social&quot; + &quot;Mediaci\u00f3n Intercultural&quot; - Divulgaci\u00f3n Din\u00e1mica<\/title>\n<meta name=\"description\" content=\"Doble M\u00e1ster en &quot;Educaci\u00f3n Social&quot; y &quot;Mediaci\u00f3n Intercultural&quot;. Formaci\u00f3n de calidad al alcance de todos. Paga solo las tasas \u00a1Inf\u00f3rmate hoy mismo!.\" \/>\n<meta name=\"robots\" content=\"index, follow, max-snippet:-1, max-image-preview:large, max-video-preview:-1\" \/>\n<link rel=\"canonical\" href=\"http:\/\/divulgaciondinamica.info\/promos\/doble-titulacion-educacion-social-y-mediacion-intercultural\/\" \/>\n<meta property=\"og:locale\" content=\"es_ES\" \/>\n<meta property=\"og:type\" content=\"article\" \/>\n<meta property=\"og:title\" content=\"Doble M\u00e1ster en &quot;Educaci\u00f3n Social&quot; + &quot;Mediaci\u00f3n Intercultural&quot; - Divulgaci\u00f3n Din\u00e1mica\" \/>\n<meta property=\"og:description\" content=\"Doble M\u00e1ster en &quot;Educaci\u00f3n Social&quot; y &quot;Mediaci\u00f3n Intercultural&quot;. Formaci\u00f3n de calidad al alcance de todos. Paga solo las tasas \u00a1Inf\u00f3rmate hoy mismo!.\" \/>\n<meta property=\"og:url\" content=\"http:\/\/divulgaciondinamica.info\/promos\/doble-titulacion-educacion-social-y-mediacion-intercultural\/\" \/>\n<meta property=\"og:site_name\" content=\"Divulgaci\u00f3n Din\u00e1mica\" \/>\n<meta property=\"article:publisher\" content=\"https:\/\/www.facebook.com\/divulgaciondinamicaformacion\/\" \/>\n<meta property=\"article:modified_time\" content=\"2017-04-20T10:49:43+00:00\" \/>\n<meta property=\"og:image\" content=\"http:\/\/divulgaciondinamica.info\/promos\/wp-content\/uploads\/2015\/07\/imagen-doble-titulacion_01.jpg\" \/>\n<meta name=\"twitter:card\" content=\"summary_large_image\" \/>\n<meta name=\"twitter:site\" content=\"@divulgaciond\" \/>\n<meta name=\"twitter:label1\" content=\"Tiempo de lectura\">\n\t<meta name=\"twitter:data1\" content=\"6 minutos\">\n<script type=\"application\/ld+json\" class=\"yoast-schema-graph\">{\"@context\":\"https:\/\/schema.org\",\"@graph\":[{\"@type\":\"Organization\",\"@id\":\"https:\/\/divulgaciondinamica.info\/promos\/#organization\",\"name\":\"Divulgaci\\u00f3n Din\\u00e1mica S.L.\",\"url\":\"https:\/\/divulgaciondinamica.info\/promos\/\",\"sameAs\":[\"https:\/\/www.facebook.com\/divulgaciondinamicaformacion\/\",\"https:\/\/www.instagram.com\/divulgaciondinamica\",\"https:\/\/www.linkedin.com\/company-beta\/9490428\/\",\"https:\/\/www.youtube.com\/user\/ddinamica2010\",\"https:\/\/twitter.com\/divulgaciond\"],\"logo\":{\"@type\":\"ImageObject\",\"@id\":\"https:\/\/divulgaciondinamica.info\/promos\/#logo\",\"inLanguage\":\"es\",\"url\":\"https:\/\/divulgaciondinamica.info\/promos\/wp-content\/uploads\/2016\/02\/logo-divulgaciondinamica-ddf.png\",\"width\":400,\"height\":79,\"caption\":\"Divulgaci\\u00f3n Din\\u00e1mica S.L.\"},\"image\":{\"@id\":\"https:\/\/divulgaciondinamica.info\/promos\/#logo\"}},{\"@type\":\"WebSite\",\"@id\":\"https:\/\/divulgaciondinamica.info\/promos\/#website\",\"url\":\"https:\/\/divulgaciondinamica.info\/promos\/\",\"name\":\"Divulgaci\\u00f3n Din\\u00e1mica\",\"description\":\"Formaci\\u00f3n de calidad al alcance de todos\",\"publisher\":{\"@id\":\"https:\/\/divulgaciondinamica.info\/promos\/#organization\"},\"potentialAction\":[{\"@type\":\"SearchAction\",\"target\":\"https:\/\/divulgaciondinamica.info\/promos\/?s={search_term_string}\",\"query-input\":\"required name=search_term_string\"}],\"inLanguage\":\"es\"},{\"@type\":\"ImageObject\",\"@id\":\"http:\/\/divulgaciondinamica.info\/promos\/doble-titulacion-educacion-social-y-mediacion-intercultural\/#primaryimage\",\"inLanguage\":\"es\",\"url\":\"http:\/\/divulgaciondinamica.info\/promos\/wp-content\/uploads\/2015\/07\/imagen-doble-titulacion_01.jpg\"},{\"@type\":\"WebPage\",\"@id\":\"http:\/\/divulgaciondinamica.info\/promos\/doble-titulacion-educacion-social-y-mediacion-intercultural\/#webpage\",\"url\":\"http:\/\/divulgaciondinamica.info\/promos\/doble-titulacion-educacion-social-y-mediacion-intercultural\/\",\"name\":\"Doble M\\u00e1ster en \\\"Educaci\\u00f3n Social\\\" + \\\"Mediaci\\u00f3n Intercultural\\\" - Divulgaci\\u00f3n Din\\u00e1mica\",\"isPartOf\":{\"@id\":\"https:\/\/divulgaciondinamica.info\/promos\/#website\"},\"primaryImageOfPage\":{\"@id\":\"http:\/\/divulgaciondinamica.info\/promos\/doble-titulacion-educacion-social-y-mediacion-intercultural\/#primaryimage\"},\"datePublished\":\"2015-07-21T09:30:41+00:00\",\"dateModified\":\"2017-04-20T10:49:43+00:00\",\"description\":\"Doble M\\u00e1ster en \\\"Educaci\\u00f3n Social\\\" y \\\"Mediaci\\u00f3n Intercultural\\\". Formaci\\u00f3n de calidad al alcance de todos. Paga solo las tasas \\u00a1Inf\\u00f3rmate hoy mismo!.\",\"inLanguage\":\"es\",\"potentialAction\":[{\"@type\":\"ReadAction\",\"target\":[\"http:\/\/divulgaciondinamica.info\/promos\/doble-titulacion-educacion-social-y-mediacion-intercultural\/\"]}]}]}<\/script>\n<!-- \/ Yoast SEO plugin. -->","_links":{"self":[{"href":"https:\/\/divulgaciondinamica.info\/promos\/wp-json\/wp\/v2\/pages\/719"}],"collection":[{"href":"https:\/\/divulgaciondinamica.info\/promos\/wp-json\/wp\/v2\/pages"}],"about":[{"href":"https:\/\/divulgaciondinamica.info\/promos\/wp-json\/wp\/v2\/types\/page"}],"author":[{"embeddable":true,"href":"https:\/\/divulgaciondinamica.info\/promos\/wp-json\/wp\/v2\/users\/1"}],"replies":[{"embeddable":true,"href":"https:\/\/divulgaciondinamica.info\/promos\/wp-json\/wp\/v2\/comments?post=719"}],"version-history":[{"count":5,"href":"https:\/\/divulgaciondinamica.info\/promos\/wp-json\/wp\/v2\/pages\/719\/revisions"}],"predecessor-version":[{"id":6591,"href":"https:\/\/divulgaciondinamica.info\/promos\/wp-json\/wp\/v2\/pages\/719\/revisions\/6591"}],"wp:attachment":[{"href":"https:\/\/divulgaciondinamica.info\/promos\/wp-json\/wp\/v2\/media?parent=719"}],"curies":[{"name":"wp","href":"https:\/\/api.w.org\/{rel}","templated":true}]}}