{"id":7,"date":"2015-03-31T11:26:51","date_gmt":"2015-03-31T11:26:51","guid":{"rendered":"http:\/\/divulgaciondinamica.info\/promos\/?page_id=7"},"modified":"2016-08-11T07:58:58","modified_gmt":"2016-08-11T07:58:58","slug":"master-gestion-proyectos-educacion-social","status":"publish","type":"page","link":"https:\/\/divulgaciondinamica.info\/promos\/master-gestion-proyectos-educacion-social\/","title":{"rendered":"M\u00e1ster en Gesti\u00f3n de Proyectos de Educaci\u00f3n Social"},"content":{"rendered":"<p>[vc_row css=\u00bb.vc_custom_1427804811471{margin-top: 25px !important;margin-bottom: 25px !important;}\u00bb][vc_column width=\u00bb1\/2&#8243;][vc_single_image image=\u00bb24&#8243; border_color=\u00bbgrey\u00bb img_link_target=\u00bb_self\u00bb img_size=\u00bb266&#215;82&#8243;][\/vc_column][vc_column width=\u00bb1\/2&#8243;][vc_column_text]<\/p>\n<h5 style=\"text-align: right;\"><strong>628 55 24 15<br \/>\n<\/strong><\/h5>\n<p style=\"text-align: right;\"><strong>soporte3@divulgaciondinamica.es<\/strong><\/p>\n<p>[\/vc_column_text][\/vc_column][\/vc_row][vc_row][vc_column width=\u00bb1\/1&#8243;][vc_column_text]<img loading=\"lazy\" class=\"alignleft size-full wp-image-56\" src=\"http:\/\/divulgaciondinamica.info\/promos\/wp-content\/uploads\/2015\/03\/centro.jpg\" alt=\"centro\" width=\"643\" height=\"434\" srcset=\"https:\/\/divulgaciondinamica.info\/promos\/wp-content\/uploads\/2015\/03\/centro.jpg 643w, https:\/\/divulgaciondinamica.info\/promos\/wp-content\/uploads\/2015\/03\/centro-300x202.jpg 300w\" sizes=\"(max-width: 643px) 100vw, 643px\" \/><a href=\"http:\/\/www.divulgaciondinamica.es\/secretaria\/alumnos\/form\/74\/\"><img loading=\"lazy\" class=\"alignleft size-full wp-image-50\" src=\"http:\/\/divulgaciondinamica.info\/promos\/wp-content\/uploads\/2015\/03\/info.png\" alt=\"info\" width=\"417\" height=\"434\" srcset=\"https:\/\/divulgaciondinamica.info\/promos\/wp-content\/uploads\/2015\/03\/info.png 417w, https:\/\/divulgaciondinamica.info\/promos\/wp-content\/uploads\/2015\/03\/info-288x300.png 288w\" sizes=\"(max-width: 417px) 100vw, 417px\" \/><\/a>[\/vc_column_text][\/vc_column][\/vc_row][vc_row css=\u00bb.vc_custom_1427804437681{margin-top: 35px !important;margin-bottom: 35px !important;}\u00bb][vc_column width=\u00bb1\/4&#8243;][vc_single_image image=\u00bb35&#8243; alignment=\u00bbcenter\u00bb border_color=\u00bbgrey\u00bb img_link_target=\u00bb_self\u00bb img_size=\u00bb250&#215;195&#8243;][\/vc_column][vc_column width=\u00bb1\/4&#8243;][vc_single_image image=\u00bb36&#8243; alignment=\u00bbcenter\u00bb border_color=\u00bbgrey\u00bb img_link_target=\u00bb_self\u00bb img_size=\u00bb250&#215;195&#8243;][\/vc_column][vc_column width=\u00bb1\/4&#8243;][vc_single_image image=\u00bb37&#8243; alignment=\u00bbcenter\u00bb border_color=\u00bbgrey\u00bb img_link_target=\u00bb_self\u00bb img_size=\u00bb250&#215;195&#8243;][\/vc_column][vc_column width=\u00bb1\/4&#8243;][vc_single_image image=\u00bb38&#8243; alignment=\u00bbcenter\u00bb border_color=\u00bbgrey\u00bb img_link_target=\u00bb_self\u00bb img_size=\u00bb250&#215;195&#8243;][\/vc_column][\/vc_row][vc_row][vc_column width=\u00bb1\/1&#8243;][\/vc_column][\/vc_row][vc_row css=\u00bb.vc_custom_1427805189823{margin-top: 35px !important;margin-bottom: 35px !important;}\u00bb][vc_column width=\u00bb1\/2&#8243;][vc_column_text css=\u00bb.vc_custom_1427879268816{margin-bottom: 30px !important;}\u00bb]<\/p>\n<div id=\"stcpDiv\">\n<h3 style=\"text-align: left;\" align=\"justify\">Presentaci\u00f3n del M\u00e1ster:<\/h3>\n<p>&nbsp;<\/p>\n<p>El dise\u00f1o y gesti\u00f3n de proyectos sociales resulta ser una tarea compleja ya que ante una misma situaci\u00f3n social pueden plantearse diversas formas de intervenci\u00f3n. La formulaci\u00f3n y seguimiento de proyectos comprende una serie de t\u00e9cnicas y herramientas que permiten darle forma y respuesta a las ideas y necesidades que se plantean ante las intervenciones o actividades que se desarrollan. Por su parte, los\u00a0 cambios sociales y econ\u00f3micos acaecidos en la presente crisis nos hacen tener muy presentes necesidades de grupos vulnerables donde\u00a0 la inclusi\u00f3n social aparece como el mayor reto para construir y mantener la cohesi\u00f3n social y la recuperaci\u00f3n socioecon\u00f3mica.<\/p>\n<p>En el Campus de Divulgaci\u00f3n Din\u00e1mica apostamos firmemente por el desarrollo de programas de formaci\u00f3n para profesionales que trabajen proyectos de educaci\u00f3n social y que contribuyan no solo a mejorar la calidad en la atenci\u00f3n y en el servicio a colectivos que est\u00e1n en situaci\u00f3n de exclusi\u00f3n sino a incorporar medidas sociales y educativas espec\u00edficas como estrategias reductoras de los factores de riesgo para dichos\u00a0 colectivos.\u00a0 As\u00ed, con este curso se pretende orientar a estudiantes, profesionales y personas involucradas en las intervenciones de educaci\u00f3n social sobre una gu\u00eda b\u00e1sica para la planificaci\u00f3n de las mismas que permitan una mejora en la calidad de las intervenciones, potenciando su coherencia interna y la eficacia en la toma de decisiones y asignaci\u00f3n de recursos.<\/p>\n<p><img loading=\"lazy\" class=\"alignleft size-full wp-image-53\" src=\"http:\/\/divulgaciondinamica.info\/promos\/wp-content\/uploads\/2015\/03\/diploma-digital1.png\" alt=\"diploma-digital\" width=\"479\" height=\"322\" srcset=\"https:\/\/divulgaciondinamica.info\/promos\/wp-content\/uploads\/2015\/03\/diploma-digital1.png 479w, https:\/\/divulgaciondinamica.info\/promos\/wp-content\/uploads\/2015\/03\/diploma-digital1-300x202.png 300w\" sizes=\"(max-width: 479px) 100vw, 479px\" \/><\/p>\n<p style=\"text-align: left;\" align=\"justify\">\n<\/div>\n<p>[\/vc_column_text][\/vc_column][vc_column width=\u00bb1\/2&#8243;][vc_column_text]<\/p>\n<div id=\"stcpDiv\">\n<h3 style=\"text-align: left;\" align=\"justify\">Temario del M\u00e1ster:<\/h3>\n<p>&nbsp;<\/p>\n<div id=\"stcpDiv\">\n<p><strong>1. GESTI\u00d3N DE PROYECTOS SOCIALES<\/strong><\/p>\n<p>1.1 Introducci\u00f3n a la planificaci\u00f3n de proyectos.\u00a0 Ventajas e inconvenientes de los procesos de planificaci\u00f3n por proyectos.<br \/>\n1.2 La planificaci\u00f3n del proyecto.\u00a0 Niveles y versiones del proyecto.<br \/>\n1.3 Propuesta de esquema para el dise\u00f1o de proyectos.\u00a0 An\u00e1lisis y justificaci\u00f3n. Planificaci\u00f3n, Definici\u00f3n del proyecto.\u00a0\u00a0 Gesti\u00f3n-ejecuci\u00f3n. Producci\u00f3n del proyecto. Procesos de revisi\u00f3n-evaluaci\u00f3n.<br \/>\n1.4 Cierre del proyecto.\u00a0 Ciclos de vida del proyecto. Procesos de cierre<\/p>\n<p><strong>2. ENFOQUE DE G\u00c9NERO EN EL DISE\u00d1O DE PROYECTOS<\/strong><\/p>\n<p>2.1 Marco del impulso de igualdad de oportunidades entre mujeres y hombres<br \/>\n2.2 Dise\u00f1o de proyectos sociales mediante las fases de aplicaci\u00f3n del Mainstreaming<\/p>\n<p><strong>3. T\u00c9CNICAS E INSTRUMENTOS DE LA EDUCACI\u00d3N SOCIAL<\/strong><\/p>\n<p>3.1 T\u00e9cnicas e instrumentos de diagn\u00f3stico<br \/>\n3.2 T\u00e9cnicas de comunicaci\u00f3n<br \/>\n3.3 T\u00e9cnicas did\u00e1cticas<br \/>\n3.4 T\u00e9cnicas de evaluaci\u00f3n<br \/>\n3.5 El juego como herramienta de educaci\u00f3n social<\/p>\n<p><strong>4. EDUCACI\u00d3N SOCIAL Y DESARROLLO COMUNITARIO<\/strong><\/p>\n<p>4.1.\u00a0 Educaci\u00f3n social y desarrollo comunitario<br \/>\n4.2. La comunidad como territorio de intervenci\u00f3n<br \/>\n4.3. El tercer sector y la educaci\u00f3n social<\/p>\n<p><strong>5.\u00a0 EDUCACI\u00d3N EN VALORES: REFERENCIAS PARA LA EDUCACI\u00d3N SOCIAL<\/strong><\/p>\n<p>5.1. La educaci\u00f3n en valores: Referencia para la educaci\u00f3n social<br \/>\n5.2.\u00a0 Algunas intervenciones socioeducativas desde la educaci\u00f3n en valores<br \/>\n5.3.\u00a0 El educador\/a de empresa: Innovaci\u00f3n en tiempo de crisis<\/p>\n<p><strong>6. EDUCACI\u00d3N SOCIAL Y EXCLUSI\u00d3N<\/strong><\/p>\n<p>6.1. Exclusi\u00f3n social<br \/>\n6.2.\u00a0 Socializaci\u00f3n y educaci\u00f3n. Teor\u00edas explicativas de la exclusi\u00f3n social<br \/>\n6.3.\u00a0 Educaci\u00f3n social especializada<br \/>\n6.4.\u00a0 Intervenci\u00f3n ante los procesos de exclusi\u00f3n. Algunas actuaciones espec\u00edficas<\/p>\n<p><strong>7. PROGRAMAS INTERGENERACIONALES. TERCERA EDAD E INCLUSI\u00d3N SOCIAL<\/strong><\/p>\n<p>7.1.\u00a0 Aspectos psicosociales del envejecimiento<br \/>\n7.2.\u00a0 Integraci\u00f3n social y envejecimiento<br \/>\n7.3. Programas intergeneracionales e inclusi\u00f3n social de las personas mayores<br \/>\n7.4.\u00a0 Gu\u00eda para el dise\u00f1o de un programa intergeneracional<br \/>\n7.5.\u00a0 Ejemplos ilustrativos de pr\u00e1cticas intergeneracionales<\/p>\n<p><strong>8. PROGRAMAS DE INSERCI\u00d3N LABORAL Y OCUPACIONAL<\/strong><\/p>\n<p>8.1.\u00a0 Inserci\u00f3n laboral\/ocupacional e integraci\u00f3n: funciones del trabajo<br \/>\n8.2.\u00a0 El desempleo como agente de exclusi\u00f3n social<br \/>\n8.3.\u00a0 Programas de inserci\u00f3n ocupacional: itinerarios personalizados<br \/>\n8.4.\u00a0 Programas de inserci\u00f3n ocupacional: colectivos<br \/>\n8.5.\u00a0 Programas de inserci\u00f3n ocupacional: acciones en el entorno laboral<\/p>\n<p><strong>+ CUADERNO DE CASOS PR\u00c1CTICOS<\/strong><\/p>\n<\/div>\n<\/div>\n<p>[\/vc_column_text][\/vc_column][\/vc_row][vc_row css=\u00bb.vc_custom_1427806970509{margin-top: 35px !important;margin-bottom: 35px !important;}\u00bb][vc_column width=\u00bb1\/1&#8243;][vc_column_text]<\/p>\n<p style=\"text-align: center;\"><a class=\"vc_btn vc_btn_orange vc_btn-orange vc_btn_lg vc_btn-lg vc_btn_rounded\" title=\"\" href=\"http:\/\/www.divulgaciondinamica.es\/secretaria\/alumnos\/form\/74\/\" target=\"_self\">INSCRIPCI\u00d3N<\/a><\/p>\n<p>[\/vc_column_text][\/vc_column][\/vc_row]<\/p>\n","protected":false},"excerpt":{"rendered":"<p>[vc_row css=\u00bb.vc_custom_1427804811471{margin-top: 25px !important;margin-bottom: 25px !important;}\u00bb][vc_column width=\u00bb1\/2&#8243;][vc_single_image image=\u00bb24&#8243; border_color=\u00bbgrey\u00bb img_link_target=\u00bb_self\u00bb img_size=\u00bb266&#215;82&#8243;][\/vc_column][vc_column width=\u00bb1\/2&#8243;][vc_column_text] 628 55 24 15 soporte3@divulgaciondinamica.es [\/vc_column_text][\/vc_column][\/vc_row][vc_row][vc_column width=\u00bb1\/1&#8243;][vc_column_text][\/vc_column_text][\/vc_column][\/vc_row][vc_row css=\u00bb.vc_custom_1427804437681{margin-top: 35px !important;margin-bottom: 35px !important;}\u00bb][vc_column width=\u00bb1\/4&#8243;][vc_single_image image=\u00bb35&#8243; alignment=\u00bbcenter\u00bb border_color=\u00bbgrey\u00bb img_link_target=\u00bb_self\u00bb img_size=\u00bb250&#215;195&#8243;][\/vc_column][vc_column width=\u00bb1\/4&#8243;][vc_single_image image=\u00bb36&#8243; alignment=\u00bbcenter\u00bb border_color=\u00bbgrey\u00bb img_link_target=\u00bb_self\u00bb img_size=\u00bb250&#215;195&#8243;][\/vc_column][vc_column width=\u00bb1\/4&#8243;][vc_single_image image=\u00bb37&#8243; alignment=\u00bbcenter\u00bb border_color=\u00bbgrey\u00bb<\/p>\n","protected":false},"author":1,"featured_media":0,"parent":0,"menu_order":0,"comment_status":"closed","ping_status":"closed","template":"","meta":[],"yoast_head":"<!-- This site is optimized with the Yoast SEO plugin v15.7 - https:\/\/yoast.com\/wordpress\/plugins\/seo\/ -->\n<title>M\u00e1ster en Gesti\u00f3n de Proyectos de Educaci\u00f3n Social - Divulgaci\u00f3n Din\u00e1mica<\/title>\n<meta name=\"robots\" content=\"index, follow, max-snippet:-1, max-image-preview:large, max-video-preview:-1\" \/>\n<link rel=\"canonical\" href=\"https:\/\/divulgaciondinamica.info\/promos\/master-gestion-proyectos-educacion-social\/\" \/>\n<meta property=\"og:locale\" content=\"es_ES\" \/>\n<meta property=\"og:type\" content=\"article\" \/>\n<meta property=\"og:title\" content=\"M\u00e1ster en Gesti\u00f3n de Proyectos de Educaci\u00f3n Social - Divulgaci\u00f3n Din\u00e1mica\" \/>\n<meta property=\"og:description\" content=\"[vc_row css=\u00bb.vc_custom_1427804811471{margin-top: 25px !important;margin-bottom: 25px !important;}\u00bb][vc_column width=\u00bb1\/2&#8243;][vc_single_image image=\u00bb24&#8243; border_color=\u00bbgrey\u00bb img_link_target=\u00bb_self\u00bb img_size=\u00bb266&#215;82&#8243;][\/vc_column][vc_column width=\u00bb1\/2&#8243;][vc_column_text] 628 55 24 15 soporte3@divulgaciondinamica.es [\/vc_column_text][\/vc_column][\/vc_row][vc_row][vc_column width=\u00bb1\/1&#8243;][vc_column_text][\/vc_column_text][\/vc_column][\/vc_row][vc_row css=\u00bb.vc_custom_1427804437681{margin-top: 35px !important;margin-bottom: 35px !important;}\u00bb][vc_column width=\u00bb1\/4&#8243;][vc_single_image image=\u00bb35&#8243; alignment=\u00bbcenter\u00bb border_color=\u00bbgrey\u00bb img_link_target=\u00bb_self\u00bb img_size=\u00bb250&#215;195&#8243;][\/vc_column][vc_column width=\u00bb1\/4&#8243;][vc_single_image image=\u00bb36&#8243; alignment=\u00bbcenter\u00bb border_color=\u00bbgrey\u00bb img_link_target=\u00bb_self\u00bb img_size=\u00bb250&#215;195&#8243;][\/vc_column][vc_column width=\u00bb1\/4&#8243;][vc_single_image image=\u00bb37&#8243; alignment=\u00bbcenter\u00bb border_color=\u00bbgrey\u00bb\" \/>\n<meta property=\"og:url\" content=\"https:\/\/divulgaciondinamica.info\/promos\/master-gestion-proyectos-educacion-social\/\" \/>\n<meta property=\"og:site_name\" content=\"Divulgaci\u00f3n Din\u00e1mica\" \/>\n<meta property=\"article:publisher\" content=\"https:\/\/www.facebook.com\/divulgaciondinamicaformacion\/\" \/>\n<meta property=\"article:modified_time\" content=\"2016-08-11T07:58:58+00:00\" \/>\n<meta property=\"og:image\" content=\"http:\/\/divulgaciondinamica.info\/promos\/wp-content\/uploads\/2015\/03\/centro.jpg\" \/>\n<meta name=\"twitter:card\" content=\"summary_large_image\" \/>\n<meta name=\"twitter:site\" content=\"@divulgaciond\" \/>\n<meta name=\"twitter:label1\" content=\"Tiempo de lectura\">\n\t<meta name=\"twitter:data1\" content=\"4 minutos\">\n<script type=\"application\/ld+json\" class=\"yoast-schema-graph\">{\"@context\":\"https:\/\/schema.org\",\"@graph\":[{\"@type\":\"Organization\",\"@id\":\"https:\/\/divulgaciondinamica.info\/promos\/#organization\",\"name\":\"Divulgaci\\u00f3n Din\\u00e1mica S.L.\",\"url\":\"https:\/\/divulgaciondinamica.info\/promos\/\",\"sameAs\":[\"https:\/\/www.facebook.com\/divulgaciondinamicaformacion\/\",\"https:\/\/www.instagram.com\/divulgaciondinamica\",\"https:\/\/www.linkedin.com\/company-beta\/9490428\/\",\"https:\/\/www.youtube.com\/user\/ddinamica2010\",\"https:\/\/twitter.com\/divulgaciond\"],\"logo\":{\"@type\":\"ImageObject\",\"@id\":\"https:\/\/divulgaciondinamica.info\/promos\/#logo\",\"inLanguage\":\"es\",\"url\":\"https:\/\/divulgaciondinamica.info\/promos\/wp-content\/uploads\/2016\/02\/logo-divulgaciondinamica-ddf.png\",\"width\":400,\"height\":79,\"caption\":\"Divulgaci\\u00f3n Din\\u00e1mica S.L.\"},\"image\":{\"@id\":\"https:\/\/divulgaciondinamica.info\/promos\/#logo\"}},{\"@type\":\"WebSite\",\"@id\":\"https:\/\/divulgaciondinamica.info\/promos\/#website\",\"url\":\"https:\/\/divulgaciondinamica.info\/promos\/\",\"name\":\"Divulgaci\\u00f3n Din\\u00e1mica\",\"description\":\"Formaci\\u00f3n de calidad al alcance de todos\",\"publisher\":{\"@id\":\"https:\/\/divulgaciondinamica.info\/promos\/#organization\"},\"potentialAction\":[{\"@type\":\"SearchAction\",\"target\":\"https:\/\/divulgaciondinamica.info\/promos\/?s={search_term_string}\",\"query-input\":\"required name=search_term_string\"}],\"inLanguage\":\"es\"},{\"@type\":\"ImageObject\",\"@id\":\"https:\/\/divulgaciondinamica.info\/promos\/master-gestion-proyectos-educacion-social\/#primaryimage\",\"inLanguage\":\"es\",\"url\":\"http:\/\/divulgaciondinamica.info\/promos\/wp-content\/uploads\/2015\/03\/centro.jpg\"},{\"@type\":\"WebPage\",\"@id\":\"https:\/\/divulgaciondinamica.info\/promos\/master-gestion-proyectos-educacion-social\/#webpage\",\"url\":\"https:\/\/divulgaciondinamica.info\/promos\/master-gestion-proyectos-educacion-social\/\",\"name\":\"M\\u00e1ster en Gesti\\u00f3n de Proyectos de Educaci\\u00f3n Social - Divulgaci\\u00f3n Din\\u00e1mica\",\"isPartOf\":{\"@id\":\"https:\/\/divulgaciondinamica.info\/promos\/#website\"},\"primaryImageOfPage\":{\"@id\":\"https:\/\/divulgaciondinamica.info\/promos\/master-gestion-proyectos-educacion-social\/#primaryimage\"},\"datePublished\":\"2015-03-31T11:26:51+00:00\",\"dateModified\":\"2016-08-11T07:58:58+00:00\",\"inLanguage\":\"es\",\"potentialAction\":[{\"@type\":\"ReadAction\",\"target\":[\"https:\/\/divulgaciondinamica.info\/promos\/master-gestion-proyectos-educacion-social\/\"]}]}]}<\/script>\n<!-- \/ Yoast SEO plugin. -->","_links":{"self":[{"href":"https:\/\/divulgaciondinamica.info\/promos\/wp-json\/wp\/v2\/pages\/7"}],"collection":[{"href":"https:\/\/divulgaciondinamica.info\/promos\/wp-json\/wp\/v2\/pages"}],"about":[{"href":"https:\/\/divulgaciondinamica.info\/promos\/wp-json\/wp\/v2\/types\/page"}],"author":[{"embeddable":true,"href":"https:\/\/divulgaciondinamica.info\/promos\/wp-json\/wp\/v2\/users\/1"}],"replies":[{"embeddable":true,"href":"https:\/\/divulgaciondinamica.info\/promos\/wp-json\/wp\/v2\/comments?post=7"}],"version-history":[{"count":5,"href":"https:\/\/divulgaciondinamica.info\/promos\/wp-json\/wp\/v2\/pages\/7\/revisions"}],"predecessor-version":[{"id":23,"href":"https:\/\/divulgaciondinamica.info\/promos\/wp-json\/wp\/v2\/pages\/7\/revisions\/23"}],"wp:attachment":[{"href":"https:\/\/divulgaciondinamica.info\/promos\/wp-json\/wp\/v2\/media?parent=7"}],"curies":[{"name":"wp","href":"https:\/\/api.w.org\/{rel}","templated":true}]}}