{"id":6873,"date":"2017-05-02T11:02:25","date_gmt":"2017-05-02T11:02:25","guid":{"rendered":"http:\/\/divulgaciondinamica.info\/promos\/?page_id=6873"},"modified":"2017-06-21T09:29:28","modified_gmt":"2017-06-21T09:29:28","slug":"curso-educador-centros-e-instituciones-educativas-dto-2017","status":"publish","type":"page","link":"https:\/\/divulgaciondinamica.info\/promos\/curso-educador-centros-e-instituciones-educativas-dto-2017\/","title":{"rendered":"Curso de Educador en Centros e Instituciones Educativas DTO 2017"},"content":{"rendered":"<p>[vc_row css=\u00bb.vc_custom_1427804811471{margin-top: 25px !important;margin-bottom: 25px !important;}\u00bb][vc_column width=\u00bb2\/3&#8243;][vc_single_image image=\u00bb1491&#8243; img_size=\u00bb661&#215;82&#8243;][\/vc_column][vc_column width=\u00bb1\/3&#8243;][vc_column_text]<\/p>\n<h6 style=\"text-align: right;\"><i class=\"fa fa-whatsapp\"><\/i> 618 01 61 65<\/h6>\n<p style=\"text-align: right;\"><strong>soporte2@divulgaciondinamica.es<\/strong><\/p>\n<p>[\/vc_column_text][\/vc_column][\/vc_row][vc_row css=\u00bb.vc_custom_1489484355483{margin-top: 25px !important;margin-bottom: 15px !important;}\u00bb][vc_column][vc_custom_heading text=\u00bbCurso Online<br \/>\n\u00bb font_container=\u00bbtag:p|font_size:32|text_align:center|color:%230a7aba|line_height:1.1&#8243; google_fonts=\u00bbfont_family:Lato%3A100%2C100italic%2C300%2C300italic%2Cregular%2Citalic%2C700%2C700italic%2C900%2C900italic|font_style:300%20light%20regular%3A300%3Anormal\u00bb css=\u00bb.vc_custom_1490955635731{margin-bottom: 15px !important;}\u00bb][vc_custom_heading text=\u00bbCurso de Educador en Centros e Instituciones Educativas\u00bb font_container=\u00bbtag:h1|font_size:38|text_align:center|color:%230a7aba|line_height:1.1&#8243; google_fonts=\u00bbfont_family:Lato%3A100%2C100italic%2C300%2C300italic%2Cregular%2Citalic%2C700%2C700italic%2C900%2C900italic|font_style:900%20bold%20regular%3A900%3Anormal\u00bb css=\u00bb.vc_custom_1491379018741{margin-bottom: 15px !important;}\u00bb][\/vc_column][\/vc_row][vc_row][vc_column][vc_column_text]<img loading=\"lazy\" class=\"alignleft wp-image-505 size-full\" title=\"Educador en Centros e Instituciones Educativas\" src=\"http:\/\/divulgaciondinamica.info\/promos\/wp-content\/uploads\/2015\/06\/Imagen-Educador-en-Centros-e-Instituciones-Educativas.jpg\" alt=\"Curso de Educador en Centros e Instituciones Educativas Online\" width=\"643\" height=\"434\" srcset=\"https:\/\/divulgaciondinamica.info\/promos\/wp-content\/uploads\/2015\/06\/Imagen-Educador-en-Centros-e-Instituciones-Educativas.jpg 643w, https:\/\/divulgaciondinamica.info\/promos\/wp-content\/uploads\/2015\/06\/Imagen-Educador-en-Centros-e-Instituciones-Educativas-300x202.jpg 300w\" sizes=\"(max-width: 643px) 100vw, 643px\" \/><a href=\"http:\/\/www.divulgaciondinamica.es\/secretaria\/alumnos\/form\/996\/\" target=\"_blank\"><img loading=\"lazy\" class=\"alignleft wp-image-8074 size-full\" title=\"Solicita informaci\u00f3n del curso de Educador en Centros e Instituciones Educativas\" src=\"http:\/\/divulgaciondinamica.info\/promos\/wp-content\/uploads\/2017\/05\/curso-educador-centros-instituciones-educativas-13julio.png\" alt=\"\" width=\"417\" height=\"434\" srcset=\"https:\/\/divulgaciondinamica.info\/promos\/wp-content\/uploads\/2017\/05\/curso-educador-centros-instituciones-educativas-13julio.png 417w, https:\/\/divulgaciondinamica.info\/promos\/wp-content\/uploads\/2017\/05\/curso-educador-centros-instituciones-educativas-13julio-288x300.png 288w\" sizes=\"(max-width: 417px) 100vw, 417px\" \/><\/a>[\/vc_column_text][\/vc_column][\/vc_row][vc_row css=\u00bb.vc_custom_1427804437681{margin-top: 35px !important;margin-bottom: 35px !important;}\u00bb][vc_column width=\u00bb1\/4&#8243;][vc_single_image image=\u00bb5104&#8243; img_size=\u00bb250&#215;195&#8243; alignment=\u00bbcenter\u00bb][\/vc_column][vc_column width=\u00bb1\/4&#8243;][vc_single_image image=\u00bb5103&#8243; img_size=\u00bb250&#215;195&#8243; alignment=\u00bbcenter\u00bb][\/vc_column][vc_column width=\u00bb1\/4&#8243;][vc_single_image image=\u00bb5102&#8243; img_size=\u00bb250&#215;195&#8243; alignment=\u00bbcenter\u00bb][\/vc_column][vc_column width=\u00bb1\/4&#8243;][vc_single_image image=\u00bb6870&#8243; img_size=\u00bb250&#215;195&#8243; alignment=\u00bbcenter\u00bb][\/vc_column][\/vc_row][vc_row][vc_column][vc_column_text]<br \/>\n[\/vc_column_text][\/vc_column][\/vc_row][vc_row css=\u00bb.vc_custom_1427805189823{margin-top: 35px !important;margin-bottom: 35px !important;}\u00bb][vc_column width=\u00bb1\/2&#8243;][vc_column_text css=\u00bb.vc_custom_1491379110642{margin-bottom: 30px !important;}\u00bb]<\/p>\n<div id=\"stcpDiv\">\n<h3 style=\"text-align: left;\" align=\"justify\">Presentaci\u00f3n del Curso:<\/h3>\n<p>&nbsp;<\/p>\n<p>Desde las intervenciones educativas en centros e instituciones educativas\u00a0 se enmarcan todas aquellas actuaciones individuales o grupales que tienen como objetivo dotar a los menores y adolescentes de conocimientos, habilidades, valores y normas sociales de comportamiento y convivencia esenciales para su proceso de crecimiento personal y socializaci\u00f3n. Dentro de los centros e instituciones que trabajan con estos colectivos, tanto en aquellas de titularidad p\u00fablica como concertadas o dependientes de fundaciones o asociaciones, la formaci\u00f3n de los profesionales que atienden a los menores en t\u00e9cnicas educativas y de la mejora de la convivencia resulta un elemento fundamental.<\/p>\n<p>Con la finalidad de desarrollar aquellas habilidades y t\u00e9cnicas que permitan crear experiencias socioeducativas y de calidad para menores,el curso de Educador en Centros e Instituciones Educativas Online que presentamos ofrece un marco te\u00f3rico y un desarrollo metodol\u00f3gico en base a diferentes competencias educativas b\u00e1sicas reconocidas como prioritarias en la\u00a0 intervenci\u00f3n con adolescentes como son el acoso escolar, los conflictos juveniles y la mejora de las competencias vitales y de aprendizaje.<br \/>\n<img loading=\"lazy\" class=\"alignleft size-full wp-image-53\" src=\"http:\/\/divulgaciondinamica.info\/promos\/wp-content\/uploads\/2015\/03\/diploma-digital1.png\" alt=\"diploma-digital\" width=\"479\" height=\"322\" srcset=\"https:\/\/divulgaciondinamica.info\/promos\/wp-content\/uploads\/2015\/03\/diploma-digital1.png 479w, https:\/\/divulgaciondinamica.info\/promos\/wp-content\/uploads\/2015\/03\/diploma-digital1-300x202.png 300w\" sizes=\"(max-width: 479px) 100vw, 479px\" \/><\/p>\n<p style=\"text-align: left;\" align=\"justify\">\n<\/div>\n<p>[\/vc_column_text][\/vc_column][vc_column width=\u00bb1\/2&#8243;][vc_column_text]<\/p>\n<div id=\"stcpDiv\">\n<h3 style=\"text-align: left;\" align=\"justify\">Temario del Curso:<\/h3>\n<p>&nbsp;<\/p>\n<p><strong>1. ASPECTOS PSICOSOCIALES EN LA ADOLESCENCIA<\/strong><br \/>\n1.1. Adolescencia: aspectos biol\u00f3gicos, psicol\u00f3gicos y sociales<br \/>\n1.2. Teor\u00edas psicosociales de la adolescencia<br \/>\n1.3.\u00a0 Algunas caracter\u00edsticas relativas a la personalidad del adolescente: identidad personal, autoconcepto y autoestima, autonom\u00eda e independencia, problemas de ajuste<br \/>\n1.4. Pautas para la intervenci\u00f3n socioeducativa y el trabajo con adolescentes<\/p>\n<p><strong>2. LA MEDIACI\u00d3N COMO HERRAMIENTA DE TRABAJO EN CONFLICTOS JUVENILES<\/strong><br \/>\n2.1. Conflictos juveniles y mediaci\u00f3n<br \/>\n2.2. Tipolog\u00eda de conflictos en la adolescencia<br \/>\n2.3. La mediaci\u00f3n como herramienta de trabajo en conflictos juveniles<br \/>\n2.4. Mediaci\u00f3n escolar<br \/>\n2.5. Implantaci\u00f3n de un servicio de mediaci\u00f3n entre iguales<br \/>\n2.6. Mediaci\u00f3n familiar con adolescentes<br \/>\n2.7. Menores infractores: Mediaci\u00f3n penal juvenil<\/p>\n<p><strong>3. EL ACOSO ESCOLAR: PREVENCI\u00d3N.<\/strong><br \/>\n3.1. Acoso escolar. Origen y desarrollo. Perspectivas te\u00f3ricas.<br \/>\n3.2. Factores que incrementan y factores que reducen el riesgo de acoso<br \/>\n3.3. \u00bfC\u00f3mo detectar el acoso escolar?<br \/>\n3.4 La prevenci\u00f3n desde el \u00e1mbito escolar y familiar. La prevenci\u00f3n en la primera infancia. La prevenci\u00f3n en la adolescencia<br \/>\n3.5 La prevenci\u00f3n como adquisici\u00f3n de habilidades positivas. Las relaciones de amistad. El aprendizaje basado en la cooperaci\u00f3n. La comunicaci\u00f3n entre menores y adultos.<br \/>\n3.6 Ense\u00f1ando a resolver conflictos<br \/>\n3.7 Prevenir el acoso a trav\u00e9s de los juegos y los cuentos<br \/>\n3.8 Prevenci\u00f3n del ciberacoso<\/p>\n<p><strong>4 T\u00c9CNICAS PARA EL TRABAJO INTELECTUAL Y LA EXCELENCIA<\/strong><br \/>\n4.1 Como ense\u00f1ar a estudiar<br \/>\n4.2 Herramientas para mejorar la capacidad de aprender<br \/>\n4.3 T\u00e9cnicas para minimizar el esfuerzo<br \/>\n4.4 Estrategias motivacionales<br \/>\n4.5 Mejora de las competencias vitales: aplicaci\u00f3n de la psicolog\u00eda positiva a la educaci\u00f3n<\/p>\n<\/div>\n<p>[\/vc_column_text][\/vc_column][\/vc_row][vc_row css=\u00bb.vc_custom_1427806970509{margin-top: 35px !important;margin-bottom: 35px !important;}\u00bb][vc_column][vc_column_text]<\/p>\n<p style=\"text-align: center;\"><a class=\"vc_btn vc_btn_orange vc_btn-orange vc_btn_lg vc_btn-lg vc_btn_rounded\" title=\"\" href=\"http:\/\/www.divulgaciondinamica.es\/secretaria\/alumnos\/form\/996\/\">M\u00c1S INFORMACI\u00d3N<\/a><\/p>\n<p>[\/vc_column_text][\/vc_column][\/vc_row]<\/p>\n","protected":false},"excerpt":{"rendered":"<p>[vc_row css=\u00bb.vc_custom_1427804811471{margin-top: 25px !important;margin-bottom: 25px !important;}\u00bb][vc_column width=\u00bb2\/3&#8243;][vc_single_image image=\u00bb1491&#8243; img_size=\u00bb661&#215;82&#8243;][\/vc_column][vc_column width=\u00bb1\/3&#8243;][vc_column_text] 618 01 61 65 soporte2@divulgaciondinamica.es [\/vc_column_text][\/vc_column][\/vc_row][vc_row css=\u00bb.vc_custom_1489484355483{margin-top: 25px !important;margin-bottom: 15px !important;}\u00bb][vc_column][vc_custom_heading text=\u00bbCurso Online \u00bb font_container=\u00bbtag:p|font_size:32|text_align:center|color:%230a7aba|line_height:1.1&#8243; google_fonts=\u00bbfont_family:Lato%3A100%2C100italic%2C300%2C300italic%2Cregular%2Citalic%2C700%2C700italic%2C900%2C900italic|font_style:300%20light%20regular%3A300%3Anormal\u00bb css=\u00bb.vc_custom_1490955635731{margin-bottom: 15px !important;}\u00bb][vc_custom_heading text=\u00bbCurso de Educador en Centros e Instituciones Educativas\u00bb font_container=\u00bbtag:h1|font_size:38|text_align:center|color:%230a7aba|line_height:1.1&#8243; google_fonts=\u00bbfont_family:Lato%3A100%2C100italic%2C300%2C300italic%2Cregular%2Citalic%2C700%2C700italic%2C900%2C900italic|font_style:900%20bold%20regular%3A900%3Anormal\u00bb css=\u00bb.vc_custom_1491379018741{margin-bottom:<\/p>\n","protected":false},"author":1,"featured_media":0,"parent":0,"menu_order":0,"comment_status":"closed","ping_status":"closed","template":"","meta":[],"yoast_head":"<!-- This site is optimized with the Yoast SEO plugin v15.7 - https:\/\/yoast.com\/wordpress\/plugins\/seo\/ -->\n<title>Curso de Educador en Centros e Instituciones Educativas DTO 2017 - Divulgaci\u00f3n Din\u00e1mica<\/title>\n<meta name=\"robots\" content=\"index, follow, max-snippet:-1, max-image-preview:large, max-video-preview:-1\" \/>\n<link rel=\"canonical\" href=\"http:\/\/divulgaciondinamica.info\/promos\/curso-de-educador-en-centros-e-instituciones-educativas\/\" \/>\n<meta property=\"og:locale\" content=\"es_ES\" \/>\n<meta property=\"og:type\" content=\"article\" \/>\n<meta property=\"og:title\" content=\"Curso de Educador en Centros e Instituciones Educativas DTO 2017 - Divulgaci\u00f3n Din\u00e1mica\" \/>\n<meta property=\"og:description\" content=\"[vc_row css=\u00bb.vc_custom_1427804811471{margin-top: 25px !important;margin-bottom: 25px !important;}\u00bb][vc_column width=\u00bb2\/3&#8243;][vc_single_image image=\u00bb1491&#8243; img_size=\u00bb661&#215;82&#8243;][\/vc_column][vc_column width=\u00bb1\/3&#8243;][vc_column_text] 618 01 61 65 soporte2@divulgaciondinamica.es [\/vc_column_text][\/vc_column][\/vc_row][vc_row css=\u00bb.vc_custom_1489484355483{margin-top: 25px !important;margin-bottom: 15px !important;}\u00bb][vc_column][vc_custom_heading text=\u00bbCurso Online \u00bb font_container=\u00bbtag:p|font_size:32|text_align:center|color:%230a7aba|line_height:1.1&#8243; google_fonts=\u00bbfont_family:Lato%3A100%2C100italic%2C300%2C300italic%2Cregular%2Citalic%2C700%2C700italic%2C900%2C900italic|font_style:300%20light%20regular%3A300%3Anormal\u00bb css=\u00bb.vc_custom_1490955635731{margin-bottom: 15px !important;}\u00bb][vc_custom_heading text=\u00bbCurso de Educador en Centros e Instituciones Educativas\u00bb font_container=\u00bbtag:h1|font_size:38|text_align:center|color:%230a7aba|line_height:1.1&#8243; google_fonts=\u00bbfont_family:Lato%3A100%2C100italic%2C300%2C300italic%2Cregular%2Citalic%2C700%2C700italic%2C900%2C900italic|font_style:900%20bold%20regular%3A900%3Anormal\u00bb css=\u00bb.vc_custom_1491379018741{margin-bottom:\" \/>\n<meta property=\"og:url\" content=\"http:\/\/divulgaciondinamica.info\/promos\/curso-de-educador-en-centros-e-instituciones-educativas\/\" \/>\n<meta property=\"og:site_name\" content=\"Divulgaci\u00f3n Din\u00e1mica\" \/>\n<meta property=\"article:publisher\" content=\"https:\/\/www.facebook.com\/divulgaciondinamicaformacion\/\" \/>\n<meta property=\"article:modified_time\" content=\"2017-06-21T09:29:28+00:00\" \/>\n<meta property=\"og:image\" content=\"http:\/\/divulgaciondinamica.info\/promos\/wp-content\/uploads\/2015\/06\/Imagen-Educador-en-Centros-e-Instituciones-Educativas.jpg\" \/>\n<meta name=\"twitter:card\" content=\"summary_large_image\" \/>\n<meta name=\"twitter:site\" content=\"@divulgaciond\" \/>\n<meta name=\"twitter:label1\" content=\"Tiempo de lectura\">\n\t<meta name=\"twitter:data1\" content=\"4 minutos\">\n<script type=\"application\/ld+json\" class=\"yoast-schema-graph\">{\"@context\":\"https:\/\/schema.org\",\"@graph\":[{\"@type\":\"Organization\",\"@id\":\"https:\/\/divulgaciondinamica.info\/promos\/#organization\",\"name\":\"Divulgaci\\u00f3n Din\\u00e1mica S.L.\",\"url\":\"https:\/\/divulgaciondinamica.info\/promos\/\",\"sameAs\":[\"https:\/\/www.facebook.com\/divulgaciondinamicaformacion\/\",\"https:\/\/www.instagram.com\/divulgaciondinamica\",\"https:\/\/www.linkedin.com\/company-beta\/9490428\/\",\"https:\/\/www.youtube.com\/user\/ddinamica2010\",\"https:\/\/twitter.com\/divulgaciond\"],\"logo\":{\"@type\":\"ImageObject\",\"@id\":\"https:\/\/divulgaciondinamica.info\/promos\/#logo\",\"inLanguage\":\"es\",\"url\":\"https:\/\/divulgaciondinamica.info\/promos\/wp-content\/uploads\/2016\/02\/logo-divulgaciondinamica-ddf.png\",\"width\":400,\"height\":79,\"caption\":\"Divulgaci\\u00f3n Din\\u00e1mica S.L.\"},\"image\":{\"@id\":\"https:\/\/divulgaciondinamica.info\/promos\/#logo\"}},{\"@type\":\"WebSite\",\"@id\":\"https:\/\/divulgaciondinamica.info\/promos\/#website\",\"url\":\"https:\/\/divulgaciondinamica.info\/promos\/\",\"name\":\"Divulgaci\\u00f3n Din\\u00e1mica\",\"description\":\"Formaci\\u00f3n de calidad al alcance de todos\",\"publisher\":{\"@id\":\"https:\/\/divulgaciondinamica.info\/promos\/#organization\"},\"potentialAction\":[{\"@type\":\"SearchAction\",\"target\":\"https:\/\/divulgaciondinamica.info\/promos\/?s={search_term_string}\",\"query-input\":\"required name=search_term_string\"}],\"inLanguage\":\"es\"},{\"@type\":\"ImageObject\",\"@id\":\"http:\/\/divulgaciondinamica.info\/promos\/curso-de-educador-en-centros-e-instituciones-educativas\/#primaryimage\",\"inLanguage\":\"es\",\"url\":\"http:\/\/divulgaciondinamica.info\/promos\/wp-content\/uploads\/2015\/06\/Imagen-Educador-en-Centros-e-Instituciones-Educativas.jpg\"},{\"@type\":\"WebPage\",\"@id\":\"http:\/\/divulgaciondinamica.info\/promos\/curso-de-educador-en-centros-e-instituciones-educativas\/#webpage\",\"url\":\"http:\/\/divulgaciondinamica.info\/promos\/curso-de-educador-en-centros-e-instituciones-educativas\/\",\"name\":\"Curso de Educador en Centros e Instituciones Educativas DTO 2017 - Divulgaci\\u00f3n Din\\u00e1mica\",\"isPartOf\":{\"@id\":\"https:\/\/divulgaciondinamica.info\/promos\/#website\"},\"primaryImageOfPage\":{\"@id\":\"http:\/\/divulgaciondinamica.info\/promos\/curso-de-educador-en-centros-e-instituciones-educativas\/#primaryimage\"},\"datePublished\":\"2017-05-02T11:02:25+00:00\",\"dateModified\":\"2017-06-21T09:29:28+00:00\",\"inLanguage\":\"es\",\"potentialAction\":[{\"@type\":\"ReadAction\",\"target\":[\"http:\/\/divulgaciondinamica.info\/promos\/curso-de-educador-en-centros-e-instituciones-educativas\/\"]}]}]}<\/script>\n<!-- \/ Yoast SEO plugin. -->","_links":{"self":[{"href":"https:\/\/divulgaciondinamica.info\/promos\/wp-json\/wp\/v2\/pages\/6873"}],"collection":[{"href":"https:\/\/divulgaciondinamica.info\/promos\/wp-json\/wp\/v2\/pages"}],"about":[{"href":"https:\/\/divulgaciondinamica.info\/promos\/wp-json\/wp\/v2\/types\/page"}],"author":[{"embeddable":true,"href":"https:\/\/divulgaciondinamica.info\/promos\/wp-json\/wp\/v2\/users\/1"}],"replies":[{"embeddable":true,"href":"https:\/\/divulgaciondinamica.info\/promos\/wp-json\/wp\/v2\/comments?post=6873"}],"version-history":[{"count":5,"href":"https:\/\/divulgaciondinamica.info\/promos\/wp-json\/wp\/v2\/pages\/6873\/revisions"}],"predecessor-version":[{"id":8075,"href":"https:\/\/divulgaciondinamica.info\/promos\/wp-json\/wp\/v2\/pages\/6873\/revisions\/8075"}],"wp:attachment":[{"href":"https:\/\/divulgaciondinamica.info\/promos\/wp-json\/wp\/v2\/media?parent=6873"}],"curies":[{"name":"wp","href":"https:\/\/api.w.org\/{rel}","templated":true}]}}