{"id":6842,"date":"2017-05-02T10:14:12","date_gmt":"2017-05-02T10:14:12","guid":{"rendered":"http:\/\/divulgaciondinamica.info\/promos\/?page_id=6842"},"modified":"2017-06-21T08:45:52","modified_gmt":"2017-06-21T08:45:52","slug":"curso-orientadora-laboral-dto-2017","status":"publish","type":"page","link":"https:\/\/divulgaciondinamica.info\/promos\/curso-orientadora-laboral-dto-2017\/","title":{"rendered":"Curso de Orientadora Laboral DTO 2017"},"content":{"rendered":"<p>[vc_row css=\u00bb.vc_custom_1427804811471{margin-top: 25px !important;margin-bottom: 25px !important;}\u00bb][vc_column width=\u00bb2\/3&#8243;][vc_single_image image=\u00bb1573&#8243; img_size=\u00bb661&#215;82&#8243;][\/vc_column][vc_column width=\u00bb1\/3&#8243;][vc_column_text]<\/p>\n<h6 style=\"text-align: right;\"><i class=\"fa fa-whatsapp\"><\/i> 628 069 839<\/h6>\n<p style=\"text-align: right;\"><strong>soporte1@divulgaciondinamica.es<\/strong><\/p>\n<p>[\/vc_column_text][\/vc_column][\/vc_row][vc_row css=\u00bb.vc_custom_1489484355483{margin-top: 25px !important;margin-bottom: 15px !important;}\u00bb][vc_column][vc_custom_heading text=\u00bbCurso Online<br \/>\n\u00bb font_container=\u00bbtag:p|font_size:32|text_align:center|color:%230a7aba|line_height:1.1&#8243; google_fonts=\u00bbfont_family:Lato%3A100%2C100italic%2C300%2C300italic%2Cregular%2Citalic%2C700%2C700italic%2C900%2C900italic|font_style:300%20light%20regular%3A300%3Anormal\u00bb css=\u00bb.vc_custom_1490955635731{margin-bottom: 15px !important;}\u00bb][vc_custom_heading text=\u00bbOrientadora Laboral\u00bb font_container=\u00bbtag:h1|font_size:38|text_align:center|color:%230a7aba|line_height:1.1&#8243; google_fonts=\u00bbfont_family:Lato%3A100%2C100italic%2C300%2C300italic%2Cregular%2Citalic%2C700%2C700italic%2C900%2C900italic|font_style:900%20bold%20regular%3A900%3Anormal\u00bb css=\u00bb.vc_custom_1491995801540{margin-bottom: 15px !important;}\u00bb][\/vc_column][\/vc_row][vc_row][vc_column][vc_column_text]<img loading=\"lazy\" class=\"alignleft wp-image-4759 size-full\" title=\"Orientadora Laboral\" src=\"http:\/\/divulgaciondinamica.info\/promos\/wp-content\/uploads\/2015\/11\/curso-de-orientadora-laboral.jpg\" alt=\"Curso de Orientadora Laboral Online\" width=\"643\" height=\"434\" srcset=\"https:\/\/divulgaciondinamica.info\/promos\/wp-content\/uploads\/2015\/11\/curso-de-orientadora-laboral.jpg 643w, https:\/\/divulgaciondinamica.info\/promos\/wp-content\/uploads\/2015\/11\/curso-de-orientadora-laboral-300x202.jpg 300w\" sizes=\"(max-width: 643px) 100vw, 643px\" \/><a href=\"http:\/\/www.divulgaciondinamica.es\/secretaria\/alumnos\/form\/988\/\" target=\"_blank\"><img loading=\"lazy\" class=\"alignleft wp-image-8059 size-full\" title=\"Solicita informaci\u00f3n del curso de Orientadora Laboral \" src=\"http:\/\/divulgaciondinamica.info\/promos\/wp-content\/uploads\/2017\/05\/Curso-Orientadora-Laboral-13julio.png\" alt=\"\" width=\"417\" height=\"434\" srcset=\"https:\/\/divulgaciondinamica.info\/promos\/wp-content\/uploads\/2017\/05\/Curso-Orientadora-Laboral-13julio.png 417w, https:\/\/divulgaciondinamica.info\/promos\/wp-content\/uploads\/2017\/05\/Curso-Orientadora-Laboral-13julio-288x300.png 288w\" sizes=\"(max-width: 417px) 100vw, 417px\" \/><\/a>[\/vc_column_text][\/vc_column][\/vc_row][vc_row css=\u00bb.vc_custom_1427804437681{margin-top: 35px !important;margin-bottom: 35px !important;}\u00bb][vc_column width=\u00bb1\/4&#8243;][vc_single_image image=\u00bb3587&#8243; img_size=\u00bb250&#215;195&#8243; alignment=\u00bbcenter\u00bb][\/vc_column][vc_column width=\u00bb1\/4&#8243;][vc_single_image image=\u00bb3588&#8243; img_size=\u00bb250&#215;195&#8243; alignment=\u00bbcenter\u00bb][\/vc_column][vc_column width=\u00bb1\/4&#8243;][vc_single_image image=\u00bb3589&#8243; img_size=\u00bb250&#215;195&#8243; alignment=\u00bbcenter\u00bb][\/vc_column][vc_column width=\u00bb1\/4&#8243;][vc_single_image image=\u00bb6844&#8243; img_size=\u00bb250&#215;195&#8243; alignment=\u00bbcenter\u00bb][\/vc_column][\/vc_row][vc_row][vc_column][\/vc_column][\/vc_row][vc_row css=\u00bb.vc_custom_1427805189823{margin-top: 35px !important;margin-bottom: 35px !important;}\u00bb][vc_column width=\u00bb1\/2&#8243;][vc_column_text css=\u00bb.vc_custom_1491996508504{margin-bottom: 30px !important;}\u00bb]<\/p>\n<div id=\"stcpDiv\">\n<h3 style=\"text-align: left;\" align=\"justify\">Presentaci\u00f3n del Curso:<\/h3>\n<p>&nbsp;<\/p>\n<p>En los \u00faltimos a\u00f1os el mercado de trabajo\u00a0 se caracteriza por un significativo aumento del desempleo siendo en la actualidad la b\u00fasqueda de trabajo una tarea que exige una planificaci\u00f3n y asesoramiento que, desde diferentes instituciones, organismos y organizaciones se viene ofreciendo desde la orientaci\u00f3n laboral.<\/p>\n<p>En este curso Online de Orientadora Laboral, proponemos un modelo para poder desempe\u00f1ar funciones de orientaci\u00f3n laboral de forma \u00f3ptima, que conjuga\u00a0 el conocimiento de t\u00e9cnicas propias de la b\u00fasqueda de empleo y la inserci\u00f3n laboral, las caracter\u00edsticas de la situaci\u00f3n actual del mercado de trabajo y la formaci\u00f3n en procesos de asesoramiento y acompa\u00f1amiento psicosocial a trav\u00e9s de t\u00e9cnicas de motivaci\u00f3n y cambio que demandan las personas en situaci\u00f3n de desempleo.<br \/>\n<img loading=\"lazy\" class=\"alignleft size-full wp-image-53\" src=\"http:\/\/divulgaciondinamica.info\/promos\/wp-content\/uploads\/2015\/03\/diploma-digital1.png\" alt=\"diploma-digital\" width=\"479\" height=\"322\" srcset=\"https:\/\/divulgaciondinamica.info\/promos\/wp-content\/uploads\/2015\/03\/diploma-digital1.png 479w, https:\/\/divulgaciondinamica.info\/promos\/wp-content\/uploads\/2015\/03\/diploma-digital1-300x202.png 300w\" sizes=\"(max-width: 479px) 100vw, 479px\" \/><\/p>\n<p style=\"text-align: left;\" align=\"justify\">\n<\/div>\n<p>[\/vc_column_text][\/vc_column][vc_column width=\u00bb1\/2&#8243;][vc_column_text]<\/p>\n<div id=\"stcpDiv\">\n<h3 style=\"text-align: left;\" align=\"justify\">Temario del Curso:<\/h3>\n<p>&nbsp;<\/p>\n<div id=\"stcpDiv\">\n<p><strong>1. ANIMACI\u00d3N SOCIOLABORAL<\/strong><\/p>\n<p>1.1 La animaci\u00f3n sociocultural: principios metodol\u00f3gicos<br \/>\n1.2 El trabajo: orientaci\u00f3n hacia el trabajo, elecci\u00f3n ocupacional<br \/>\n1.3 Desempleo y funciones del trabajo. Colectivos vulnerables<br \/>\n1.4 Efectos psicosociales del desempleo<br \/>\n1.5 La animaci\u00f3n sociolaboral: principios generales<br \/>\n1.6 Fases de la animaci\u00f3n sociolaboral<\/p>\n<p><strong>2. PSICOSOCIOLOG\u00cdA DEL DESEMPLEO<\/strong><\/p>\n<p>2.1 El desempleo<br \/>\n2.2 Historiograf\u00eda del trabajo: el trabajismo<br \/>\n2.3 El trabajo: significado, oportunidad y experiencia<br \/>\n2.4 Representaciones sociales del desempleo<br \/>\n2.5 Enfoques te\u00f3ricos que relacionan empleo y salud mental<br \/>\n2.6 Efectos del desempleo<br \/>\n2.7 G\u00e9nero y desempleo<br \/>\n2.8 Tipolog\u00edas de desempleado<br \/>\n2.9 Efectos psicosociales del desempleo en colectivos vulnerables<br \/>\n2.10 Apoyo social como amortiguador del impacto del desempleo<\/p>\n<p><strong>3. APLICACI\u00d3N DEL COACHING PARA LA ANIMACI\u00d3N SOCIOLABORAL<\/strong><\/p>\n<p>3.1 Motivaci\u00f3n y cambio: Algunas cuestiones a tener en cuenta en los procesos de animaci\u00f3n sociolaboral<br \/>\n3.2 Teor\u00edas sobre la motivaci\u00f3n<br \/>\n3.3 Coaching y cambio cognitivo<br \/>\n3.4 Pensamientos autom\u00e1ticos y distorsiones cognitivas<br \/>\n3.5 Creencias irracionales<br \/>\n3.6 Disonancia cognitiva: relaci\u00f3n entre conducta y actitudes<br \/>\n3.7 Autosabotaje<\/p>\n<p><strong>4. MERCADO DE TRABAJO<\/strong><\/p>\n<p>4.1. Mercado de trabajo<br \/>\n4.2. Elementos del mercado de trabajo<br \/>\n4.3. Gestores del mercado de trabajo<br \/>\n4.4. Segmentaci\u00f3n del mercado de trabajo<br \/>\n4.5. Econom\u00eda y mercado de trabajo: econom\u00eda laboral<br \/>\n4.6. Caracter\u00edsticas y tendencias actuales del mercado de trabajo<br \/>\n4.7. Pol\u00edticas de empleo<br \/>\n4.8. Mercado de trabajo en Espa\u00f1a<\/p>\n<p><strong>5. ORIENTACI\u00d3N LABORAL<\/strong><\/p>\n<p>5.1 Definici\u00f3n comparada de orientaci\u00f3n laboral<br \/>\n5.2 Modelos de intervenci\u00f3n en orientaci\u00f3n laboral<br \/>\n5.3 Metodolog\u00eda del modelo educativo en orientaci\u00f3n<br \/>\n5.4 Elementos del modelo de orientaci\u00f3n: los logros, las funciones b\u00e1sicas, el cuaderno de profesiones, la parrilla de objetivos, el territorio de b\u00fasqueda<\/p>\n<p><strong>6. INSERCI\u00d3N LABORAL<\/strong><\/p>\n<p>6.1 Factores que inciden en la inserci\u00f3n laboral<br \/>\n6.2 Los l\u00edmites de la intervenci\u00f3n en inserci\u00f3n laboral. Buenas pr\u00e1cticas en los programas de inserci\u00f3n Laboral<br \/>\n6.3 Estrategias de b\u00fasqueda. T\u00e9cnicas de b\u00fasqueda. Instrumentos de b\u00fasqueda<br \/>\n6.4 T\u00e9cnicas de inserci\u00f3n. Pruebas de selecci\u00f3n. Nuevas tecnolog\u00edas<br \/>\n6.5 Inserci\u00f3n y animaci\u00f3n sociolaboral: Equipos de b\u00fasqueda de empleo, Equipos de trabajo asociado, Asociaciones de empleo<\/p>\n<\/div>\n<\/div>\n<p>[\/vc_column_text][\/vc_column][\/vc_row][vc_row css=\u00bb.vc_custom_1427806970509{margin-top: 35px !important;margin-bottom: 35px !important;}\u00bb][vc_column][vc_btn title=\u00bbINSCRIPCI\u00d3N\u00bb style=\u00bbflat\u00bb color=\u00bbwarning\u00bb size=\u00bblg\u00bb align=\u00bbcenter\u00bb link=\u00bburl:http%3A%2F%2Fwww.divulgaciondinamica.es%2Fsecretaria%2Falumnos%2Fform%2F988%2F||target:%20_blank\u00bb][\/vc_column][\/vc_row]<\/p>\n","protected":false},"excerpt":{"rendered":"<p>[vc_row css=\u00bb.vc_custom_1427804811471{margin-top: 25px !important;margin-bottom: 25px !important;}\u00bb][vc_column width=\u00bb2\/3&#8243;][vc_single_image image=\u00bb1573&#8243; img_size=\u00bb661&#215;82&#8243;][\/vc_column][vc_column width=\u00bb1\/3&#8243;][vc_column_text] 628 069 839 soporte1@divulgaciondinamica.es [\/vc_column_text][\/vc_column][\/vc_row][vc_row css=\u00bb.vc_custom_1489484355483{margin-top: 25px !important;margin-bottom: 15px !important;}\u00bb][vc_column][vc_custom_heading text=\u00bbCurso Online \u00bb font_container=\u00bbtag:p|font_size:32|text_align:center|color:%230a7aba|line_height:1.1&#8243; google_fonts=\u00bbfont_family:Lato%3A100%2C100italic%2C300%2C300italic%2Cregular%2Citalic%2C700%2C700italic%2C900%2C900italic|font_style:300%20light%20regular%3A300%3Anormal\u00bb css=\u00bb.vc_custom_1490955635731{margin-bottom: 15px !important;}\u00bb][vc_custom_heading text=\u00bbOrientadora Laboral\u00bb font_container=\u00bbtag:h1|font_size:38|text_align:center|color:%230a7aba|line_height:1.1&#8243; google_fonts=\u00bbfont_family:Lato%3A100%2C100italic%2C300%2C300italic%2Cregular%2Citalic%2C700%2C700italic%2C900%2C900italic|font_style:900%20bold%20regular%3A900%3Anormal\u00bb css=\u00bb.vc_custom_1491995801540{margin-bottom: 15px !important;}\u00bb][\/vc_column][\/vc_row][vc_row][vc_column][vc_column_text][\/vc_column_text][\/vc_column][\/vc_row][vc_row css=\u00bb.vc_custom_1427804437681{margin-top: 35px !important;margin-bottom: 35px !important;}\u00bb][vc_column<\/p>\n","protected":false},"author":1,"featured_media":0,"parent":0,"menu_order":0,"comment_status":"closed","ping_status":"closed","template":"","meta":[],"yoast_head":"<!-- This site is optimized with the Yoast SEO plugin v15.7 - https:\/\/yoast.com\/wordpress\/plugins\/seo\/ -->\n<title>Curso de Orientadora Laboral DTO 2017 - Divulgaci\u00f3n Din\u00e1mica<\/title>\n<meta name=\"robots\" content=\"index, follow, max-snippet:-1, max-image-preview:large, max-video-preview:-1\" \/>\n<link rel=\"canonical\" href=\"http:\/\/divulgaciondinamica.info\/promos\/curso-de-orientadora-laboral\/\" \/>\n<meta property=\"og:locale\" content=\"es_ES\" \/>\n<meta property=\"og:type\" content=\"article\" \/>\n<meta property=\"og:title\" content=\"Curso de Orientadora Laboral DTO 2017 - Divulgaci\u00f3n Din\u00e1mica\" \/>\n<meta property=\"og:description\" content=\"[vc_row css=\u00bb.vc_custom_1427804811471{margin-top: 25px !important;margin-bottom: 25px !important;}\u00bb][vc_column width=\u00bb2\/3&#8243;][vc_single_image image=\u00bb1573&#8243; img_size=\u00bb661&#215;82&#8243;][\/vc_column][vc_column width=\u00bb1\/3&#8243;][vc_column_text] 628 069 839 soporte1@divulgaciondinamica.es [\/vc_column_text][\/vc_column][\/vc_row][vc_row css=\u00bb.vc_custom_1489484355483{margin-top: 25px !important;margin-bottom: 15px !important;}\u00bb][vc_column][vc_custom_heading text=\u00bbCurso Online \u00bb font_container=\u00bbtag:p|font_size:32|text_align:center|color:%230a7aba|line_height:1.1&#8243; google_fonts=\u00bbfont_family:Lato%3A100%2C100italic%2C300%2C300italic%2Cregular%2Citalic%2C700%2C700italic%2C900%2C900italic|font_style:300%20light%20regular%3A300%3Anormal\u00bb css=\u00bb.vc_custom_1490955635731{margin-bottom: 15px !important;}\u00bb][vc_custom_heading text=\u00bbOrientadora Laboral\u00bb font_container=\u00bbtag:h1|font_size:38|text_align:center|color:%230a7aba|line_height:1.1&#8243; google_fonts=\u00bbfont_family:Lato%3A100%2C100italic%2C300%2C300italic%2Cregular%2Citalic%2C700%2C700italic%2C900%2C900italic|font_style:900%20bold%20regular%3A900%3Anormal\u00bb css=\u00bb.vc_custom_1491995801540{margin-bottom: 15px !important;}\u00bb][\/vc_column][\/vc_row][vc_row][vc_column][vc_column_text][\/vc_column_text][\/vc_column][\/vc_row][vc_row css=\u00bb.vc_custom_1427804437681{margin-top: 35px !important;margin-bottom: 35px !important;}\u00bb][vc_column\" \/>\n<meta property=\"og:url\" content=\"http:\/\/divulgaciondinamica.info\/promos\/curso-de-orientadora-laboral\/\" \/>\n<meta property=\"og:site_name\" content=\"Divulgaci\u00f3n Din\u00e1mica\" \/>\n<meta property=\"article:publisher\" content=\"https:\/\/www.facebook.com\/divulgaciondinamicaformacion\/\" \/>\n<meta property=\"article:modified_time\" content=\"2017-06-21T08:45:52+00:00\" \/>\n<meta property=\"og:image\" content=\"http:\/\/divulgaciondinamica.info\/promos\/wp-content\/uploads\/2015\/11\/curso-de-orientadora-laboral.jpg\" \/>\n<meta name=\"twitter:card\" content=\"summary_large_image\" \/>\n<meta name=\"twitter:site\" content=\"@divulgaciond\" \/>\n<meta name=\"twitter:label1\" content=\"Tiempo de lectura\">\n\t<meta name=\"twitter:data1\" content=\"4 minutos\">\n<script type=\"application\/ld+json\" class=\"yoast-schema-graph\">{\"@context\":\"https:\/\/schema.org\",\"@graph\":[{\"@type\":\"Organization\",\"@id\":\"https:\/\/divulgaciondinamica.info\/promos\/#organization\",\"name\":\"Divulgaci\\u00f3n Din\\u00e1mica S.L.\",\"url\":\"https:\/\/divulgaciondinamica.info\/promos\/\",\"sameAs\":[\"https:\/\/www.facebook.com\/divulgaciondinamicaformacion\/\",\"https:\/\/www.instagram.com\/divulgaciondinamica\",\"https:\/\/www.linkedin.com\/company-beta\/9490428\/\",\"https:\/\/www.youtube.com\/user\/ddinamica2010\",\"https:\/\/twitter.com\/divulgaciond\"],\"logo\":{\"@type\":\"ImageObject\",\"@id\":\"https:\/\/divulgaciondinamica.info\/promos\/#logo\",\"inLanguage\":\"es\",\"url\":\"https:\/\/divulgaciondinamica.info\/promos\/wp-content\/uploads\/2016\/02\/logo-divulgaciondinamica-ddf.png\",\"width\":400,\"height\":79,\"caption\":\"Divulgaci\\u00f3n Din\\u00e1mica S.L.\"},\"image\":{\"@id\":\"https:\/\/divulgaciondinamica.info\/promos\/#logo\"}},{\"@type\":\"WebSite\",\"@id\":\"https:\/\/divulgaciondinamica.info\/promos\/#website\",\"url\":\"https:\/\/divulgaciondinamica.info\/promos\/\",\"name\":\"Divulgaci\\u00f3n Din\\u00e1mica\",\"description\":\"Formaci\\u00f3n de calidad al alcance de todos\",\"publisher\":{\"@id\":\"https:\/\/divulgaciondinamica.info\/promos\/#organization\"},\"potentialAction\":[{\"@type\":\"SearchAction\",\"target\":\"https:\/\/divulgaciondinamica.info\/promos\/?s={search_term_string}\",\"query-input\":\"required name=search_term_string\"}],\"inLanguage\":\"es\"},{\"@type\":\"ImageObject\",\"@id\":\"http:\/\/divulgaciondinamica.info\/promos\/curso-de-orientadora-laboral\/#primaryimage\",\"inLanguage\":\"es\",\"url\":\"http:\/\/divulgaciondinamica.info\/promos\/wp-content\/uploads\/2015\/11\/curso-de-orientadora-laboral.jpg\"},{\"@type\":\"WebPage\",\"@id\":\"http:\/\/divulgaciondinamica.info\/promos\/curso-de-orientadora-laboral\/#webpage\",\"url\":\"http:\/\/divulgaciondinamica.info\/promos\/curso-de-orientadora-laboral\/\",\"name\":\"Curso de Orientadora Laboral DTO 2017 - Divulgaci\\u00f3n Din\\u00e1mica\",\"isPartOf\":{\"@id\":\"https:\/\/divulgaciondinamica.info\/promos\/#website\"},\"primaryImageOfPage\":{\"@id\":\"http:\/\/divulgaciondinamica.info\/promos\/curso-de-orientadora-laboral\/#primaryimage\"},\"datePublished\":\"2017-05-02T10:14:12+00:00\",\"dateModified\":\"2017-06-21T08:45:52+00:00\",\"inLanguage\":\"es\",\"potentialAction\":[{\"@type\":\"ReadAction\",\"target\":[\"http:\/\/divulgaciondinamica.info\/promos\/curso-de-orientadora-laboral\/\"]}]}]}<\/script>\n<!-- \/ Yoast SEO plugin. -->","_links":{"self":[{"href":"https:\/\/divulgaciondinamica.info\/promos\/wp-json\/wp\/v2\/pages\/6842"}],"collection":[{"href":"https:\/\/divulgaciondinamica.info\/promos\/wp-json\/wp\/v2\/pages"}],"about":[{"href":"https:\/\/divulgaciondinamica.info\/promos\/wp-json\/wp\/v2\/types\/page"}],"author":[{"embeddable":true,"href":"https:\/\/divulgaciondinamica.info\/promos\/wp-json\/wp\/v2\/users\/1"}],"replies":[{"embeddable":true,"href":"https:\/\/divulgaciondinamica.info\/promos\/wp-json\/wp\/v2\/comments?post=6842"}],"version-history":[{"count":5,"href":"https:\/\/divulgaciondinamica.info\/promos\/wp-json\/wp\/v2\/pages\/6842\/revisions"}],"predecessor-version":[{"id":8060,"href":"https:\/\/divulgaciondinamica.info\/promos\/wp-json\/wp\/v2\/pages\/6842\/revisions\/8060"}],"wp:attachment":[{"href":"https:\/\/divulgaciondinamica.info\/promos\/wp-json\/wp\/v2\/media?parent=6842"}],"curies":[{"name":"wp","href":"https:\/\/api.w.org\/{rel}","templated":true}]}}