{"id":6494,"date":"2017-04-18T08:49:36","date_gmt":"2017-04-18T08:49:36","guid":{"rendered":"http:\/\/divulgaciondinamica.info\/promos\/?page_id=6494"},"modified":"2017-04-18T11:53:35","modified_gmt":"2017-04-18T11:53:35","slug":"seminario-gratuito-curso-la-insercion-laboral-personas-discapacidad-modalidad","status":"publish","type":"page","link":"https:\/\/divulgaciondinamica.info\/promos\/seminario-gratuito-curso-la-insercion-laboral-personas-discapacidad-modalidad\/","title":{"rendered":"Seminario Gratuito Curso La Inserci\u00f3n Laboral de Personas con Discapacidad modalidad"},"content":{"rendered":"<p>[vc_row css=\u00bb.vc_custom_1427804811471{margin-top: 25px !important;margin-bottom: 25px !important;}\u00bb][vc_column width=\u00bb2\/3&#8243;][vc_single_image image=\u00bb4551&#8243; img_size=\u00bb496&#215;62&#8243;][\/vc_column][vc_column width=\u00bb1\/3&#8243;][\/vc_column][\/vc_row][vc_row css=\u00bb.vc_custom_1492505728889{margin-top: 80px !important;margin-bottom: 20px !important;}\u00bb][vc_column][vc_custom_heading text=\u00bbTaller Online:<br \/>\nLa Inserci\u00f3n Laboral de Personas con Discapacidad\u00bb font_container=\u00bbtag:h2|font_size:28|text_align:center|color:%23d71565|line_height:1.2&#8243; google_fonts=\u00bbfont_family:Lato%3A100%2C100italic%2C300%2C300italic%2Cregular%2Citalic%2C700%2C700italic%2C900%2C900italic|font_style:900%20bold%20regular%3A900%3Anormal\u00bb][vc_custom_heading text=\u00bbElige la modalidad en la que quieres inscribirte:\u00bb font_container=\u00bbtag:h2|font_size:22|text_align:center|color:%23707070|line_height:1.2&#8243; google_fonts=\u00bbfont_family:Lato%3A100%2C100italic%2C300%2C300italic%2Cregular%2Citalic%2C700%2C700italic%2C900%2C900italic|font_style:400%20regular%3A400%3Anormal\u00bb css=\u00bb.vc_custom_1492505741617{margin-top: 80px !important;}\u00bb][\/vc_column][\/vc_row][vc_row css=\u00bb.vc_custom_1492505767294{margin-top: 30px !important;margin-bottom: 20px !important;}\u00bb][vc_column][vc_row_inner][vc_column_inner width=\u00bb1\/4&#8243;][\/vc_column_inner][vc_column_inner width=\u00bb1\/4&#8243;][vc_btn title=\u00bbInscripci\u00f3n Gratuita sin derecho a Diploma\u00bb style=\u00bbflat\u00bb color=\u00bbinfo\u00bb size=\u00bblg\u00bb link=\u00bburl:http%3A%2F%2Fwww.divulgaciondinamica.es%2Fsecretariasocios%2Falumnos%2Fform%2F31%2F||target:%20_blank\u00bb][\/vc_column_inner][vc_column_inner width=\u00bb1\/4&#8243;][vc_btn title=\u00bbInscripci\u00f3n Gratuita con derecho a Diploma (30\u20ac)\u00bb style=\u00bbflat\u00bb color=\u00bbsuccess\u00bb size=\u00bblg\u00bb link=\u00bburl:http%3A%2F%2Fwww.divulgaciondinamica.es%2Fsecretariasocios%2Falumnos%2Fform%2F32%2F||target:%20_blank\u00bb][\/vc_column_inner][vc_column_inner width=\u00bb1\/4&#8243;][\/vc_column_inner][\/vc_row_inner][\/vc_column][\/vc_row][vc_row css=\u00bb.vc_custom_1492505704168{margin-top: 20px !important;margin-bottom: 80px !important;}\u00bb][vc_column][vc_custom_heading text=\u00bb\u00bfYa eres Soci@?\u00bb font_container=\u00bbtag:h2|font_size:22|text_align:center|color:%23707070|line_height:1.2&#8243; google_fonts=\u00bbfont_family:Lato%3A100%2C100italic%2C300%2C300italic%2Cregular%2Citalic%2C700%2C700italic%2C900%2C900italic|font_style:400%20regular%3A400%3Anormal\u00bb css=\u00bb.vc_custom_1492505568261{margin-bottom: 20px !important;}\u00bb][vc_row_inner][vc_column_inner width=\u00bb1\/3&#8243;][\/vc_column_inner][vc_column_inner width=\u00bb1\/3&#8243;][vc_btn title=\u00bbInscripci\u00f3n Gratuita con derecho a Diploma (0\u20ac para alumnos que son Socios)\u00bb style=\u00bbflat\u00bb color=\u00bbdanger\u00bb size=\u00bblg\u00bb link=\u00bburl:http%3A%2F%2Fwww.divulgaciondinamica.es%2Fsecretariasocios%2Falumnos%2Fform%2F33%2F||target:%20_blank\u00bb][\/vc_column_inner][vc_column_inner width=\u00bb1\/3&#8243;][\/vc_column_inner][\/vc_row_inner][\/vc_column][\/vc_row]<\/p>\n","protected":false},"excerpt":{"rendered":"<p>[vc_row css=\u00bb.vc_custom_1427804811471{margin-top: 25px !important;margin-bottom: 25px !important;}\u00bb][vc_column width=\u00bb2\/3&#8243;][vc_single_image image=\u00bb4551&#8243; img_size=\u00bb496&#215;62&#8243;][\/vc_column][vc_column width=\u00bb1\/3&#8243;][\/vc_column][\/vc_row][vc_row css=\u00bb.vc_custom_1492505728889{margin-top: 80px !important;margin-bottom: 20px !important;}\u00bb][vc_column][vc_custom_heading text=\u00bbTaller Online: La Inserci\u00f3n Laboral de Personas con Discapacidad\u00bb font_container=\u00bbtag:h2|font_size:28|text_align:center|color:%23d71565|line_height:1.2&#8243; google_fonts=\u00bbfont_family:Lato%3A100%2C100italic%2C300%2C300italic%2Cregular%2Citalic%2C700%2C700italic%2C900%2C900italic|font_style:900%20bold%20regular%3A900%3Anormal\u00bb][vc_custom_heading text=\u00bbElige la modalidad en la que quieres inscribirte:\u00bb font_container=\u00bbtag:h2|font_size:22|text_align:center|color:%23707070|line_height:1.2&#8243; google_fonts=\u00bbfont_family:Lato%3A100%2C100italic%2C300%2C300italic%2Cregular%2Citalic%2C700%2C700italic%2C900%2C900italic|font_style:400%20regular%3A400%3Anormal\u00bb css=\u00bb.vc_custom_1492505741617{margin-top: 80px !important;}\u00bb][\/vc_column][\/vc_row][vc_row css=\u00bb.vc_custom_1492505767294{margin-top:<\/p>\n","protected":false},"author":1,"featured_media":0,"parent":0,"menu_order":0,"comment_status":"closed","ping_status":"closed","template":"","meta":[],"yoast_head":"<!-- This site is optimized with the Yoast SEO plugin v15.7 - https:\/\/yoast.com\/wordpress\/plugins\/seo\/ -->\n<title>Seminario Gratuito Curso La Inserci\u00f3n Laboral de Personas con Discapacidad modalidad - Divulgaci\u00f3n Din\u00e1mica<\/title>\n<meta name=\"robots\" content=\"index, follow, max-snippet:-1, max-image-preview:large, max-video-preview:-1\" \/>\n<link rel=\"canonical\" href=\"https:\/\/divulgaciondinamica.info\/promos\/seminario-gratuito-curso-la-insercion-laboral-personas-discapacidad-modalidad\/\" \/>\n<meta property=\"og:locale\" content=\"es_ES\" \/>\n<meta property=\"og:type\" content=\"article\" \/>\n<meta property=\"og:title\" content=\"Seminario Gratuito Curso La Inserci\u00f3n Laboral de Personas con Discapacidad modalidad - Divulgaci\u00f3n Din\u00e1mica\" \/>\n<meta property=\"og:description\" content=\"[vc_row css=\u00bb.vc_custom_1427804811471{margin-top: 25px !important;margin-bottom: 25px !important;}\u00bb][vc_column width=\u00bb2\/3&#8243;][vc_single_image image=\u00bb4551&#8243; img_size=\u00bb496&#215;62&#8243;][\/vc_column][vc_column width=\u00bb1\/3&#8243;][\/vc_column][\/vc_row][vc_row css=\u00bb.vc_custom_1492505728889{margin-top: 80px !important;margin-bottom: 20px !important;}\u00bb][vc_column][vc_custom_heading text=\u00bbTaller Online: La Inserci\u00f3n Laboral de Personas con Discapacidad\u00bb font_container=\u00bbtag:h2|font_size:28|text_align:center|color:%23d71565|line_height:1.2&#8243; google_fonts=\u00bbfont_family:Lato%3A100%2C100italic%2C300%2C300italic%2Cregular%2Citalic%2C700%2C700italic%2C900%2C900italic|font_style:900%20bold%20regular%3A900%3Anormal\u00bb][vc_custom_heading text=\u00bbElige la modalidad en la que quieres inscribirte:\u00bb font_container=\u00bbtag:h2|font_size:22|text_align:center|color:%23707070|line_height:1.2&#8243; google_fonts=\u00bbfont_family:Lato%3A100%2C100italic%2C300%2C300italic%2Cregular%2Citalic%2C700%2C700italic%2C900%2C900italic|font_style:400%20regular%3A400%3Anormal\u00bb css=\u00bb.vc_custom_1492505741617{margin-top: 80px !important;}\u00bb][\/vc_column][\/vc_row][vc_row css=\u00bb.vc_custom_1492505767294{margin-top:\" \/>\n<meta property=\"og:url\" content=\"https:\/\/divulgaciondinamica.info\/promos\/seminario-gratuito-curso-la-insercion-laboral-personas-discapacidad-modalidad\/\" \/>\n<meta property=\"og:site_name\" content=\"Divulgaci\u00f3n Din\u00e1mica\" \/>\n<meta property=\"article:publisher\" content=\"https:\/\/www.facebook.com\/divulgaciondinamicaformacion\/\" \/>\n<meta property=\"article:modified_time\" content=\"2017-04-18T11:53:35+00:00\" \/>\n<meta name=\"twitter:card\" content=\"summary_large_image\" \/>\n<meta name=\"twitter:site\" content=\"@divulgaciond\" \/>\n<meta name=\"twitter:label1\" content=\"Tiempo de lectura\">\n\t<meta name=\"twitter:data1\" content=\"2 minutos\">\n<script type=\"application\/ld+json\" class=\"yoast-schema-graph\">{\"@context\":\"https:\/\/schema.org\",\"@graph\":[{\"@type\":\"Organization\",\"@id\":\"https:\/\/divulgaciondinamica.info\/promos\/#organization\",\"name\":\"Divulgaci\\u00f3n Din\\u00e1mica S.L.\",\"url\":\"https:\/\/divulgaciondinamica.info\/promos\/\",\"sameAs\":[\"https:\/\/www.facebook.com\/divulgaciondinamicaformacion\/\",\"https:\/\/www.instagram.com\/divulgaciondinamica\",\"https:\/\/www.linkedin.com\/company-beta\/9490428\/\",\"https:\/\/www.youtube.com\/user\/ddinamica2010\",\"https:\/\/twitter.com\/divulgaciond\"],\"logo\":{\"@type\":\"ImageObject\",\"@id\":\"https:\/\/divulgaciondinamica.info\/promos\/#logo\",\"inLanguage\":\"es\",\"url\":\"https:\/\/divulgaciondinamica.info\/promos\/wp-content\/uploads\/2016\/02\/logo-divulgaciondinamica-ddf.png\",\"width\":400,\"height\":79,\"caption\":\"Divulgaci\\u00f3n Din\\u00e1mica S.L.\"},\"image\":{\"@id\":\"https:\/\/divulgaciondinamica.info\/promos\/#logo\"}},{\"@type\":\"WebSite\",\"@id\":\"https:\/\/divulgaciondinamica.info\/promos\/#website\",\"url\":\"https:\/\/divulgaciondinamica.info\/promos\/\",\"name\":\"Divulgaci\\u00f3n Din\\u00e1mica\",\"description\":\"Formaci\\u00f3n de calidad al alcance de todos\",\"publisher\":{\"@id\":\"https:\/\/divulgaciondinamica.info\/promos\/#organization\"},\"potentialAction\":[{\"@type\":\"SearchAction\",\"target\":\"https:\/\/divulgaciondinamica.info\/promos\/?s={search_term_string}\",\"query-input\":\"required name=search_term_string\"}],\"inLanguage\":\"es\"},{\"@type\":\"WebPage\",\"@id\":\"https:\/\/divulgaciondinamica.info\/promos\/seminario-gratuito-curso-la-insercion-laboral-personas-discapacidad-modalidad\/#webpage\",\"url\":\"https:\/\/divulgaciondinamica.info\/promos\/seminario-gratuito-curso-la-insercion-laboral-personas-discapacidad-modalidad\/\",\"name\":\"Seminario Gratuito Curso La Inserci\\u00f3n Laboral de Personas con Discapacidad modalidad - Divulgaci\\u00f3n Din\\u00e1mica\",\"isPartOf\":{\"@id\":\"https:\/\/divulgaciondinamica.info\/promos\/#website\"},\"datePublished\":\"2017-04-18T08:49:36+00:00\",\"dateModified\":\"2017-04-18T11:53:35+00:00\",\"inLanguage\":\"es\",\"potentialAction\":[{\"@type\":\"ReadAction\",\"target\":[\"https:\/\/divulgaciondinamica.info\/promos\/seminario-gratuito-curso-la-insercion-laboral-personas-discapacidad-modalidad\/\"]}]}]}<\/script>\n<!-- \/ Yoast SEO plugin. -->","_links":{"self":[{"href":"https:\/\/divulgaciondinamica.info\/promos\/wp-json\/wp\/v2\/pages\/6494"}],"collection":[{"href":"https:\/\/divulgaciondinamica.info\/promos\/wp-json\/wp\/v2\/pages"}],"about":[{"href":"https:\/\/divulgaciondinamica.info\/promos\/wp-json\/wp\/v2\/types\/page"}],"author":[{"embeddable":true,"href":"https:\/\/divulgaciondinamica.info\/promos\/wp-json\/wp\/v2\/users\/1"}],"replies":[{"embeddable":true,"href":"https:\/\/divulgaciondinamica.info\/promos\/wp-json\/wp\/v2\/comments?post=6494"}],"version-history":[{"count":5,"href":"https:\/\/divulgaciondinamica.info\/promos\/wp-json\/wp\/v2\/pages\/6494\/revisions"}],"predecessor-version":[{"id":6529,"href":"https:\/\/divulgaciondinamica.info\/promos\/wp-json\/wp\/v2\/pages\/6494\/revisions\/6529"}],"wp:attachment":[{"href":"https:\/\/divulgaciondinamica.info\/promos\/wp-json\/wp\/v2\/media?parent=6494"}],"curies":[{"name":"wp","href":"https:\/\/api.w.org\/{rel}","templated":true}]}}