{"id":6447,"date":"2017-04-17T09:50:45","date_gmt":"2017-04-17T09:50:45","guid":{"rendered":"http:\/\/divulgaciondinamica.info\/promos\/?page_id=6447"},"modified":"2017-06-29T10:27:48","modified_gmt":"2017-06-29T10:27:48","slug":"curso-resolucion-conflictos-mexico","status":"publish","type":"page","link":"https:\/\/divulgaciondinamica.info\/promos\/curso-resolucion-conflictos-mexico\/","title":{"rendered":"Curso de Resoluci\u00f3n de Conflictos M\u00e9xico"},"content":{"rendered":"<p>[vc_row css=\u00bb.vc_custom_1427804811471{margin-top: 25px !important;margin-bottom: 25px !important;}\u00bb][vc_column width=\u00bb2\/3&#8243;][vc_single_image image=\u00bb2726&#8243; img_size=\u00bb661&#215;82&#8243;][\/vc_column][vc_column width=\u00bb1\/3&#8243;][\/vc_column][\/vc_row][vc_row css=\u00bb.vc_custom_1489484355483{margin-top: 25px !important;margin-bottom: 15px !important;}\u00bb][vc_column][vc_custom_heading text=\u00bbCurso Online\u00bb font_container=\u00bbtag:h2|font_size:32|text_align:center|color:%230a7aba|line_height:1.1&#8243; google_fonts=\u00bbfont_family:Lato%3A100%2C100italic%2C300%2C300italic%2Cregular%2Citalic%2C700%2C700italic%2C900%2C900italic|font_style:300%20light%20regular%3A300%3Anormal\u00bb css=\u00bb.vc_custom_1490617878929{margin-bottom: 5px !important;}\u00bb][vc_custom_heading text=\u00bbResoluci\u00f3n de Conflictos\u00bb font_container=\u00bbtag:h2|font_size:38|text_align:center|color:%230a7aba|line_height:1.1&#8243; google_fonts=\u00bbfont_family:Lato%3A100%2C100italic%2C300%2C300italic%2Cregular%2Citalic%2C700%2C700italic%2C900%2C900italic|font_style:900%20bold%20regular%3A900%3Anormal\u00bb css=\u00bb.vc_custom_1492422522850{margin-bottom: 15px !important;}\u00bb][\/vc_column][\/vc_row][vc_row][vc_column width=\u00bb1\/2&#8243;][vc_single_image image=\u00bb6452&#8243; img_size=\u00bbfull\u00bb][\/vc_column][vc_column width=\u00bb1\/2&#8243;][vc_row_inner][vc_column_inner width=\u00bb1\/2&#8243; css=\u00bb.vc_custom_1490625403523{border-top-width: 1px !important;border-right-width: 1px !important;border-bottom-width: 1px !important;border-left-width: 1px !important;padding-top: 15px !important;padding-right: 5px !important;padding-bottom: 15px !important;padding-left: 5px !important;background-color: #efefef !important;border-left-color: #ffffff !important;border-left-style: solid !important;border-right-color: #ffffff !important;border-right-style: solid !important;border-top-color: #ffffff !important;border-top-style: solid !important;border-bottom-color: #ffffff !important;border-bottom-style: solid !important;}\u00bb][vc_icon icon_fontawesome=\u00bbfa fa-laptop\u00bb color=\u00bbsky\u00bb size=\u00bblg\u00bb align=\u00bbcenter\u00bb css_animation=\u00bbbottom-to-top\u00bb css=\u00bb.vc_custom_1489423953746{margin-bottom: 10px !important;}\u00bb][vc_custom_heading text=\u00bbModalidad:\u00bb font_container=\u00bbtag:h2|font_size:18|text_align:center|color:%230a7aba|line_height:1.2&#8243; google_fonts=\u00bbfont_family:Lato%3A100%2C100italic%2C300%2C300italic%2Cregular%2Citalic%2C700%2C700italic%2C900%2C900italic|font_style:900%20bold%20regular%3A900%3Anormal\u00bb css=\u00bb.vc_custom_1489423549304{margin-bottom: 5px !important;}\u00bb][vc_custom_heading text=\u00bb100% online\u00bb font_container=\u00bbtag:h2|font_size:16|text_align:center|color:%230a7aba|line_height:1.2&#8243; google_fonts=\u00bbfont_family:Lato%3A100%2C100italic%2C300%2C300italic%2Cregular%2Citalic%2C700%2C700italic%2C900%2C900italic|font_style:400%20regular%3A400%3Anormal\u00bb][\/vc_column_inner][vc_column_inner width=\u00bb1\/2&#8243; css=\u00bb.vc_custom_1490625397420{border-top-width: 1px !important;border-right-width: 1px !important;border-bottom-width: 1px !important;border-left-width: 1px !important;padding-top: 15px !important;padding-right: 5px !important;padding-bottom: 15px !important;padding-left: 5px !important;background-color: #efefef !important;border-left-color: #ffffff !important;border-left-style: solid !important;border-right-color: #ffffff !important;border-right-style: solid !important;border-top-color: #ffffff !important;border-top-style: solid !important;border-bottom-color: #ffffff !important;border-bottom-style: solid !important;}\u00bb][vc_icon icon_fontawesome=\u00bbfa fa-clock-o\u00bb color=\u00bbsky\u00bb size=\u00bblg\u00bb align=\u00bbcenter\u00bb css_animation=\u00bbbottom-to-top\u00bb css=\u00bb.vc_custom_1489424050530{margin-bottom: 10px !important;}\u00bb][vc_custom_heading text=\u00bbDuraci\u00f3n:\u00bb font_container=\u00bbtag:h2|font_size:18|text_align:center|color:%230a7aba|line_height:1.2&#8243; google_fonts=\u00bbfont_family:Lato%3A100%2C100italic%2C300%2C300italic%2Cregular%2Citalic%2C700%2C700italic%2C900%2C900italic|font_style:900%20bold%20regular%3A900%3Anormal\u00bb css=\u00bb.vc_custom_1489423553086{margin-bottom: 5px !important;}\u00bb][vc_custom_heading text=\u00bb300 horas \/ 4 meses\u00bb font_container=\u00bbtag:h2|font_size:16|text_align:center|color:%230a7aba|line_height:1.2&#8243; google_fonts=\u00bbfont_family:Lato%3A100%2C100italic%2C300%2C300italic%2Cregular%2Citalic%2C700%2C700italic%2C900%2C900italic|font_style:400%20regular%3A400%3Anormal\u00bb][\/vc_column_inner][\/vc_row_inner][vc_row_inner][vc_column_inner width=\u00bb1\/2&#8243; css=\u00bb.vc_custom_1490625428951{border-top-width: 1px !important;border-right-width: 1px !important;border-bottom-width: 1px !important;border-left-width: 1px !important;padding-top: 25px !important;padding-right: 5px !important;padding-bottom: 25px !important;padding-left: 5px !important;background-color: #efefef !important;border-left-color: #ffffff !important;border-left-style: solid !important;border-right-color: #ffffff !important;border-right-style: solid !important;border-top-color: #ffffff !important;border-top-style: solid !important;border-bottom-color: #ffffff !important;border-bottom-style: solid !important;}\u00bb][vc_icon icon_fontawesome=\u00bbfa fa-calendar\u00bb color=\u00bbsky\u00bb size=\u00bblg\u00bb align=\u00bbcenter\u00bb css_animation=\u00bbbottom-to-top\u00bb css=\u00bb.vc_custom_1489423962381{margin-bottom: 10px !important;}\u00bb][vc_custom_heading text=\u00bbFecha Inicio Curso sin Diploma:\u00bb font_container=\u00bbtag:h2|font_size:18|text_align:center|color:%230a7aba|line_height:1.2&#8243; google_fonts=\u00bbfont_family:Lato%3A100%2C100italic%2C300%2C300italic%2Cregular%2Citalic%2C700%2C700italic%2C900%2C900italic|font_style:900%20bold%20regular%3A900%3Anormal\u00bb css=\u00bb.vc_custom_1490623576783{margin-bottom: 5px !important;}\u00bb][vc_custom_heading text=\u00bb25 \/ abril \/ 2017&#8243; font_container=\u00bbtag:h2|font_size:16|text_align:center|color:%230a7aba|line_height:1.2&#8243; google_fonts=\u00bbfont_family:Lato%3A100%2C100italic%2C300%2C300italic%2Cregular%2Citalic%2C700%2C700italic%2C900%2C900italic|font_style:400%20regular%3A400%3Anormal\u00bb][\/vc_column_inner][vc_column_inner width=\u00bb1\/2&#8243; css=\u00bb.vc_custom_1490625435283{border-top-width: 1px !important;border-right-width: 1px !important;border-bottom-width: 1px !important;border-left-width: 1px !important;padding-top: 25px !important;padding-right: 5px !important;padding-bottom: 25px !important;padding-left: 5px !important;background-color: #efefef !important;border-left-color: #ffffff !important;border-left-style: solid !important;border-right-color: #ffffff !important;border-right-style: solid !important;border-top-color: #ffffff !important;border-top-style: solid !important;border-bottom-color: #ffffff !important;border-bottom-style: solid !important;}\u00bb][vc_icon icon_fontawesome=\u00bbfa fa-calendar-o\u00bb color=\u00bbsky\u00bb size=\u00bblg\u00bb align=\u00bbcenter\u00bb css_animation=\u00bbbottom-to-top\u00bb css=\u00bb.vc_custom_1490623601975{margin-bottom: 10px !important;}\u00bb][vc_custom_heading text=\u00bbFecha Inicio Curso con Diploma:\u00bb font_container=\u00bbtag:h2|font_size:18|text_align:center|color:%230a7aba|line_height:1.2&#8243; google_fonts=\u00bbfont_family:Lato%3A100%2C100italic%2C300%2C300italic%2Cregular%2Citalic%2C700%2C700italic%2C900%2C900italic|font_style:900%20bold%20regular%3A900%3Anormal\u00bb css=\u00bb.vc_custom_1490619586828{margin-bottom: 5px !important;}\u00bb][vc_custom_heading text=\u00bb\u00a1Comienza ya!\u00bb font_container=\u00bbtag:h2|font_size:16|text_align:center|color:%230a7aba|line_height:1.2&#8243; google_fonts=\u00bbfont_family:Lato%3A100%2C100italic%2C300%2C300italic%2Cregular%2Citalic%2C700%2C700italic%2C900%2C900italic|font_style:400%20regular%3A400%3Anormal\u00bb][\/vc_column_inner][\/vc_row_inner][\/vc_column][\/vc_row][vc_row css=\u00bb.vc_custom_1490619001282{margin-top: 45px !important;margin-bottom: 45px !important;}\u00bb][vc_column width=\u00bb1\/3&#8243;][vc_custom_heading text=\u00bbRealiza la inscripci\u00f3n<br \/>\nen este Curso:\u00bb font_container=\u00bbtag:h2|font_size:29|text_align:center|color:%230094d9|line_height:1.1&#8243; google_fonts=\u00bbfont_family:Lato%3A100%2C100italic%2C300%2C300italic%2Cregular%2Citalic%2C700%2C700italic%2C900%2C900italic|font_style:900%20bold%20regular%3A900%3Anormal\u00bb css=\u00bb.vc_custom_1490625704531{margin-bottom: 15px !important;}\u00bb][vc_custom_heading text=\u00bbElige la modalidad en la que quieres inscribirte:\u00bb font_container=\u00bbtag:h2|font_size:15|text_align:center|color:%23333333|line_height:1.1&#8243; google_fonts=\u00bbfont_family:Lato%3A100%2C100italic%2C300%2C300italic%2Cregular%2Citalic%2C700%2C700italic%2C900%2C900italic|font_style:400%20regular%3A400%3Anormal\u00bb css=\u00bb.vc_custom_1490625720750{margin-bottom: 10px !important;}\u00bb][\/vc_column][vc_column width=\u00bb1\/3&#8243; css=\u00bb.vc_custom_1490625768091{margin-top: 10px !important;margin-bottom: 10px !important;}\u00bb][vc_btn title=\u00bbInscripci\u00f3n Gratuita sin derecho a Diploma\u00bb style=\u00bbflat\u00bb color=\u00bbprimary\u00bb size=\u00bblg\u00bb align=\u00bbcenter\u00bb css=\u00bb.vc_custom_1492424878226{margin-bottom: 5px !important;}\u00bb link=\u00bburl:https%3A%2F%2Fwww.divulgaciondinamica.com%2Fsecretaria%2Falumnos%2Fform%2F270%2F||target:%20_blank\u00bb][vc_custom_heading text=\u00bbEsta modalidad dispone de<br \/>\nuna fecha de inicio concreta:<br \/>\n25 \/ abril \/ 2017&#8243; font_container=\u00bbtag:h2|font_size:15|text_align:center|color:%23333333|line_height:1.3&#8243; google_fonts=\u00bbfont_family:Lato%3A100%2C100italic%2C300%2C300italic%2Cregular%2Citalic%2C700%2C700italic%2C900%2C900italic|font_style:400%20regular%3A400%3Anormal\u00bb][\/vc_column][vc_column width=\u00bb1\/3&#8243; css=\u00bb.vc_custom_1490625773275{margin-top: 10px !important;margin-bottom: 10px !important;}\u00bb][vc_btn title=\u00bbInscripci\u00f3n con derecho a Diploma ($2,400.00 MXN)\u00bb style=\u00bbflat\u00bb color=\u00bbsuccess\u00bb size=\u00bblg\u00bb align=\u00bbcenter\u00bb css=\u00bb.vc_custom_1492422573109{margin-bottom: 5px !important;}\u00bb link=\u00bburl:https%3A%2F%2Fpromociones.divulgaciondinamica.com%2Fproducto%2Fcurso-resolucion-conflictos%2F||target:%20_blank\u00bb][vc_custom_heading text=\u00bbCon esta modalidad podr\u00e1s comenzar<br \/>\ntu formaci\u00f3n <strong>AHORA<\/strong>.\u00bb font_container=\u00bbtag:h2|font_size:15|text_align:center|color:%23333333|line_height:1.3&#8243; google_fonts=\u00bbfont_family:Lato%3A100%2C100italic%2C300%2C300italic%2Cregular%2Citalic%2C700%2C700italic%2C900%2C900italic|font_style:400%20regular%3A400%3Anormal\u00bb][\/vc_column][\/vc_row][vc_row css=\u00bb.vc_custom_1490625977793{margin-top: 35px !important;margin-bottom: 25px !important;}\u00bb][vc_column width=\u00bb1\/2&#8243;][vc_custom_heading text=\u00bbPresentaci\u00f3n del Curso:\u00bb font_container=\u00bbtag:h2|font_size:26|text_align:left|color:%230094d9|line_height:1.2&#8243; google_fonts=\u00bbfont_family:Lato%3A100%2C100italic%2C300%2C300italic%2Cregular%2Citalic%2C700%2C700italic%2C900%2C900italic|font_style:900%20bold%20regular%3A900%3Anormal\u00bb css=\u00bb.vc_custom_1490618769785{margin-bottom: 45px !important;}\u00bb][vc_column_text css=\u00bb.vc_custom_1492593930455{margin-bottom: 30px !important;}\u00bb]<\/p>\n<div id=\"stcpDiv\">\n<p>La prevenci\u00f3n y resoluci\u00f3n de conflictos es una de las \u00e1reas m\u00e1s demandas para la formaci\u00f3n de los agente sociales que act\u00faan en \u00e1mbitos tan distintos como la empresa, la familia, el barrio, la escuela,\u2026<\/p>\n<p>El curso de \u00abResoluci\u00f3n de Conflictos\u00bb Online que presentamos, tiene como objetivo la adquisici\u00f3n de los conocimientos te\u00f3rico-pr\u00e1cticos necesarios para aplicar la mediaci\u00f3n en diferentes campos sectoriales: familiar, comunitario, intercultural y educativo, presentando las caracter\u00edsticas b\u00e1sicas de cada sector y priorizando la visi\u00f3n pr\u00e1ctica.<br \/>\n<img loading=\"lazy\" class=\"alignleft wp-image-6036 size-full\" src=\"http:\/\/divulgaciondinamica.info\/promos\/wp-content\/uploads\/2017\/03\/diploma-opcional-1.png\" alt=\"\" width=\"479\" height=\"322\" srcset=\"https:\/\/divulgaciondinamica.info\/promos\/wp-content\/uploads\/2017\/03\/diploma-opcional-1.png 479w, https:\/\/divulgaciondinamica.info\/promos\/wp-content\/uploads\/2017\/03\/diploma-opcional-1-300x202.png 300w\" sizes=\"(max-width: 479px) 100vw, 479px\" \/><\/p>\n<p style=\"text-align: left;\" align=\"justify\">\n<\/div>\n<p>[\/vc_column_text][\/vc_column][vc_column width=\u00bb1\/2&#8243;][vc_custom_heading text=\u00bbTemario del Curso:\u00bb font_container=\u00bbtag:h2|font_size:26|text_align:left|color:%230094d9|line_height:1.2&#8243; google_fonts=\u00bbfont_family:Lato%3A100%2C100italic%2C300%2C300italic%2Cregular%2Citalic%2C700%2C700italic%2C900%2C900italic|font_style:900%20bold%20regular%3A900%3Anormal\u00bb css=\u00bb.vc_custom_1490618779789{margin-bottom: 45px !important;}\u00bb][vc_column_text]<\/p>\n<div id=\"stcpDiv\">\n<div id=\"stcpDiv\">\n<p><strong>1. RESOLUCI\u00d3N DE CONFLICTOS<\/strong><\/p>\n<p>1.1 Reuniendo los materiales para entender el conflicto<br \/>\n1.2 Analizando el conflicto.Visi\u00f3n hol\u00edstica y espec\u00edfica<br \/>\n1.3 Los m\u00e9todos alternativos de resoluci\u00f3n de disputas<br \/>\n1.4 La mediaci\u00f3n<\/p>\n<p><strong>2. PREVENCI\u00d3N DE CONFLICTOS<\/strong><\/p>\n<p>2.1 Concepto y tipolog\u00eda del conflicto<br \/>\n2.2 Estrategia de la prevenci\u00f3n de conflictos<\/p>\n<p><strong>3. MEDIACI\u00d3N COMUNITARIA<\/strong><\/p>\n<p>3.1 Mediaci\u00f3n social y comunitaria<br \/>\n3.2 Mediaci\u00f3n comunitaria como metodolog\u00eda<br \/>\n3.3 An\u00e1lisis de la realidad comunitaria<br \/>\n3.4 Desarrollo y culminaci\u00f3n del proceso de mediaci\u00f3n comunitaria<br \/>\n3.5 \u00c1mbitos de aplicaci\u00f3n<br \/>\n3.6 Evaluaci\u00f3n de los procesos de mediaci\u00f3n comunitaria<\/p>\n<p><strong>4. MEDIACI\u00d3N EN CONTEXTOS FAMILIARES<\/strong><\/p>\n<p>4.1 Antecedentes de la mediaci\u00f3n familiar<br \/>\n4.2 Concepto de Mediaci\u00f3n Familiar<br \/>\n4.3 Modelos de intervenci\u00f3n en mediaci\u00f3n<br \/>\n4.4 El rol del mediador<br \/>\n4.5 Fases de la Mediaci\u00f3n<br \/>\n4.6 Marco Legal. Programa de mediaci\u00f3n para la separaci\u00f3n y el divorcio<br \/>\n4.7 La pareja y la mediaci\u00f3n<\/p>\n<p><strong>5. LA MEDIACI\u00d3N COMO HERRAMIENTA DE TRABAJO EN CONFLICTOS JUVENILES<\/strong><\/p>\n<p>5.1 Conflictos juveniles y mediaci\u00f3n<br \/>\n5.2 mediaci\u00f3n escolar<br \/>\n5.3 Mediaci\u00f3n familiar con adolescentes<br \/>\n5.4 Menores infractores: mediaci\u00f3n penal juvenil<\/p>\n<p><strong>6. MEDIACI\u00d3N INTERCULTURAL<\/strong><\/p>\n<p>6.1 Introducci\u00f3n. Mediaci\u00f3n intercultural<br \/>\n6.2 Perfil del mediador intercultural<br \/>\n6.3 \u00c1mbito de la mediaci\u00f3n intercultural<\/p>\n<p><strong>7. EVALUACI\u00d3N EN EL PROCESO DE LA MEDIACI\u00d3N<\/strong><\/p>\n<p>7.1 La evaluaci\u00f3n como estrategia para optimizar los procesos y programas de mediaci\u00f3n<br \/>\n7.2 Concepto, fines y funciones<br \/>\n7.3 Perspectivas y enfoques a la hora de evaluar<br \/>\n7.4 Planificaci\u00f3n y desarrollo de la evaluaci\u00f3n<br \/>\n7.5 El informe de evaluaci\u00f3n<br \/>\n7.6 Caracter\u00edsticas, audiencias y estructura<br \/>\n7.7 Evaluaci\u00f3n de la evaluaci\u00f3n. Mejora de los procesos evaluativos<\/p>\n<\/div>\n<\/div>\n<p>[\/vc_column_text][\/vc_column][\/vc_row][vc_row css=\u00bb.vc_custom_1490626034612{margin-top: 65px !important;margin-bottom: 95px !important;}\u00bb][vc_column width=\u00bb1\/3&#8243;][vc_custom_heading text=\u00bbRealiza la inscripci\u00f3n<br \/>\nen este Curso:\u00bb font_container=\u00bbtag:h2|font_size:29|text_align:center|color:%230094d9|line_height:1.1&#8243; google_fonts=\u00bbfont_family:Lato%3A100%2C100italic%2C300%2C300italic%2Cregular%2Citalic%2C700%2C700italic%2C900%2C900italic|font_style:900%20bold%20regular%3A900%3Anormal\u00bb css=\u00bb.vc_custom_1490625704531{margin-bottom: 15px !important;}\u00bb][vc_custom_heading text=\u00bbElige la modalidad en la que quieres inscribirte:\u00bb font_container=\u00bbtag:h2|font_size:15|text_align:center|color:%23333333|line_height:1.1&#8243; google_fonts=\u00bbfont_family:Lato%3A100%2C100italic%2C300%2C300italic%2Cregular%2Citalic%2C700%2C700italic%2C900%2C900italic|font_style:400%20regular%3A400%3Anormal\u00bb css=\u00bb.vc_custom_1490625720750{margin-bottom: 10px !important;}\u00bb][\/vc_column][vc_column width=\u00bb1\/3&#8243; css=\u00bb.vc_custom_1490625768091{margin-top: 10px !important;margin-bottom: 10px !important;}\u00bb][vc_btn title=\u00bbInscripci\u00f3n Gratuita sin derecho a Diploma\u00bb style=\u00bbflat\u00bb color=\u00bbprimary\u00bb size=\u00bblg\u00bb align=\u00bbcenter\u00bb css=\u00bb.vc_custom_1492424886537{margin-bottom: 5px !important;}\u00bb link=\u00bburl:https%3A%2F%2Fwww.divulgaciondinamica.com%2Fsecretaria%2Falumnos%2Fform%2F270%2F||target:%20_blank\u00bb][vc_custom_heading text=\u00bbEsta modalidad dispone de<br \/>\nuna fecha de inicio concreta:<br \/>\n25 \/ abril \/ 2017&#8243; font_container=\u00bbtag:h2|font_size:15|text_align:center|color:%23333333|line_height:1.3&#8243; google_fonts=\u00bbfont_family:Lato%3A100%2C100italic%2C300%2C300italic%2Cregular%2Citalic%2C700%2C700italic%2C900%2C900italic|font_style:400%20regular%3A400%3Anormal\u00bb][\/vc_column][vc_column width=\u00bb1\/3&#8243; css=\u00bb.vc_custom_1490625773275{margin-top: 10px !important;margin-bottom: 10px !important;}\u00bb][vc_btn title=\u00bbInscripci\u00f3n con derecho a Diploma ($2,400.00 MXN)\u00bb style=\u00bbflat\u00bb color=\u00bbsuccess\u00bb size=\u00bblg\u00bb align=\u00bbcenter\u00bb css=\u00bb.vc_custom_1492422591310{margin-bottom: 5px !important;}\u00bb link=\u00bburl:https%3A%2F%2Fpromociones.divulgaciondinamica.com%2Fproducto%2Fcurso-resolucion-conflictos%2F||target:%20_blank\u00bb][vc_custom_heading text=\u00bbCon esta modalidad podr\u00e1s comenzar<br \/>\ntu formaci\u00f3n <strong>AHORA<\/strong>.\u00bb font_container=\u00bbtag:h2|font_size:15|text_align:center|color:%23333333|line_height:1.3&#8243; google_fonts=\u00bbfont_family:Lato%3A100%2C100italic%2C300%2C300italic%2Cregular%2Citalic%2C700%2C700italic%2C900%2C900italic|font_style:400%20regular%3A400%3Anormal\u00bb][\/vc_column][\/vc_row]<\/p>\n","protected":false},"excerpt":{"rendered":"<p>[vc_row css=\u00bb.vc_custom_1427804811471{margin-top: 25px !important;margin-bottom: 25px !important;}\u00bb][vc_column width=\u00bb2\/3&#8243;][vc_single_image image=\u00bb2726&#8243; img_size=\u00bb661&#215;82&#8243;][\/vc_column][vc_column width=\u00bb1\/3&#8243;][\/vc_column][\/vc_row][vc_row css=\u00bb.vc_custom_1489484355483{margin-top: 25px !important;margin-bottom: 15px !important;}\u00bb][vc_column][vc_custom_heading text=\u00bbCurso Online\u00bb font_container=\u00bbtag:h2|font_size:32|text_align:center|color:%230a7aba|line_height:1.1&#8243; google_fonts=\u00bbfont_family:Lato%3A100%2C100italic%2C300%2C300italic%2Cregular%2Citalic%2C700%2C700italic%2C900%2C900italic|font_style:300%20light%20regular%3A300%3Anormal\u00bb css=\u00bb.vc_custom_1490617878929{margin-bottom: 5px !important;}\u00bb][vc_custom_heading text=\u00bbResoluci\u00f3n de Conflictos\u00bb font_container=\u00bbtag:h2|font_size:38|text_align:center|color:%230a7aba|line_height:1.1&#8243; google_fonts=\u00bbfont_family:Lato%3A100%2C100italic%2C300%2C300italic%2Cregular%2Citalic%2C700%2C700italic%2C900%2C900italic|font_style:900%20bold%20regular%3A900%3Anormal\u00bb css=\u00bb.vc_custom_1492422522850{margin-bottom: 15px !important;}\u00bb][\/vc_column][\/vc_row][vc_row][vc_column width=\u00bb1\/2&#8243;][vc_single_image image=\u00bb6452&#8243; img_size=\u00bbfull\u00bb][\/vc_column][vc_column width=\u00bb1\/2&#8243;][vc_row_inner][vc_column_inner width=\u00bb1\/2&#8243; css=\u00bb.vc_custom_1490625403523{border-top-width: 1px !important;border-right-width: 1px !important;border-bottom-width:<\/p>\n","protected":false},"author":1,"featured_media":0,"parent":0,"menu_order":0,"comment_status":"closed","ping_status":"closed","template":"","meta":[],"yoast_head":"<!-- This site is optimized with the Yoast SEO plugin v15.7 - https:\/\/yoast.com\/wordpress\/plugins\/seo\/ -->\n<title>Curso de Resoluci\u00f3n de Conflictos M\u00e9xico - Divulgaci\u00f3n Din\u00e1mica<\/title>\n<meta name=\"description\" content=\"Curso de &quot;Resoluci\u00f3n de Conflictos&quot; Online para M\u00e9xico. Formaci\u00f3n de calidad al alcance de todos. \u00a1Inf\u00f3rmate y elige la modalidad que m\u00e1s te convenga!\" \/>\n<meta name=\"robots\" content=\"index, follow, max-snippet:-1, max-image-preview:large, max-video-preview:-1\" \/>\n<link rel=\"canonical\" href=\"https:\/\/divulgaciondinamica.info\/promos\/curso-resolucion-conflictos-mexico\/\" \/>\n<meta property=\"og:locale\" content=\"es_ES\" \/>\n<meta property=\"og:type\" content=\"article\" \/>\n<meta property=\"og:title\" content=\"Curso de Resoluci\u00f3n de Conflictos M\u00e9xico - Divulgaci\u00f3n Din\u00e1mica\" \/>\n<meta property=\"og:description\" content=\"Curso de &quot;Resoluci\u00f3n de Conflictos&quot; Online para M\u00e9xico. Formaci\u00f3n de calidad al alcance de todos. \u00a1Inf\u00f3rmate y elige la modalidad que m\u00e1s te convenga!\" \/>\n<meta property=\"og:url\" content=\"https:\/\/divulgaciondinamica.info\/promos\/curso-resolucion-conflictos-mexico\/\" \/>\n<meta property=\"og:site_name\" content=\"Divulgaci\u00f3n Din\u00e1mica\" \/>\n<meta property=\"article:publisher\" content=\"https:\/\/www.facebook.com\/divulgaciondinamicaformacion\/\" \/>\n<meta property=\"article:modified_time\" content=\"2017-06-29T10:27:48+00:00\" \/>\n<meta property=\"og:image\" content=\"http:\/\/divulgaciondinamica.info\/promos\/wp-content\/uploads\/2017\/03\/diploma-opcional-1.png\" \/>\n<meta name=\"twitter:card\" content=\"summary_large_image\" \/>\n<meta name=\"twitter:site\" content=\"@divulgaciond\" \/>\n<meta name=\"twitter:label1\" content=\"Tiempo de lectura\">\n\t<meta name=\"twitter:data1\" content=\"10 minutos\">\n<script type=\"application\/ld+json\" class=\"yoast-schema-graph\">{\"@context\":\"https:\/\/schema.org\",\"@graph\":[{\"@type\":\"Organization\",\"@id\":\"https:\/\/divulgaciondinamica.info\/promos\/#organization\",\"name\":\"Divulgaci\\u00f3n Din\\u00e1mica S.L.\",\"url\":\"https:\/\/divulgaciondinamica.info\/promos\/\",\"sameAs\":[\"https:\/\/www.facebook.com\/divulgaciondinamicaformacion\/\",\"https:\/\/www.instagram.com\/divulgaciondinamica\",\"https:\/\/www.linkedin.com\/company-beta\/9490428\/\",\"https:\/\/www.youtube.com\/user\/ddinamica2010\",\"https:\/\/twitter.com\/divulgaciond\"],\"logo\":{\"@type\":\"ImageObject\",\"@id\":\"https:\/\/divulgaciondinamica.info\/promos\/#logo\",\"inLanguage\":\"es\",\"url\":\"https:\/\/divulgaciondinamica.info\/promos\/wp-content\/uploads\/2016\/02\/logo-divulgaciondinamica-ddf.png\",\"width\":400,\"height\":79,\"caption\":\"Divulgaci\\u00f3n Din\\u00e1mica S.L.\"},\"image\":{\"@id\":\"https:\/\/divulgaciondinamica.info\/promos\/#logo\"}},{\"@type\":\"WebSite\",\"@id\":\"https:\/\/divulgaciondinamica.info\/promos\/#website\",\"url\":\"https:\/\/divulgaciondinamica.info\/promos\/\",\"name\":\"Divulgaci\\u00f3n Din\\u00e1mica\",\"description\":\"Formaci\\u00f3n de calidad al alcance de todos\",\"publisher\":{\"@id\":\"https:\/\/divulgaciondinamica.info\/promos\/#organization\"},\"potentialAction\":[{\"@type\":\"SearchAction\",\"target\":\"https:\/\/divulgaciondinamica.info\/promos\/?s={search_term_string}\",\"query-input\":\"required name=search_term_string\"}],\"inLanguage\":\"es\"},{\"@type\":\"ImageObject\",\"@id\":\"https:\/\/divulgaciondinamica.info\/promos\/curso-resolucion-conflictos-mexico\/#primaryimage\",\"inLanguage\":\"es\",\"url\":\"http:\/\/divulgaciondinamica.info\/promos\/wp-content\/uploads\/2017\/03\/diploma-opcional-1.png\"},{\"@type\":\"WebPage\",\"@id\":\"https:\/\/divulgaciondinamica.info\/promos\/curso-resolucion-conflictos-mexico\/#webpage\",\"url\":\"https:\/\/divulgaciondinamica.info\/promos\/curso-resolucion-conflictos-mexico\/\",\"name\":\"Curso de Resoluci\\u00f3n de Conflictos M\\u00e9xico - Divulgaci\\u00f3n Din\\u00e1mica\",\"isPartOf\":{\"@id\":\"https:\/\/divulgaciondinamica.info\/promos\/#website\"},\"primaryImageOfPage\":{\"@id\":\"https:\/\/divulgaciondinamica.info\/promos\/curso-resolucion-conflictos-mexico\/#primaryimage\"},\"datePublished\":\"2017-04-17T09:50:45+00:00\",\"dateModified\":\"2017-06-29T10:27:48+00:00\",\"description\":\"Curso de \\\"Resoluci\\u00f3n de Conflictos\\\" Online para M\\u00e9xico. Formaci\\u00f3n de calidad al alcance de todos. \\u00a1Inf\\u00f3rmate y elige la modalidad que m\\u00e1s te convenga!\",\"inLanguage\":\"es\",\"potentialAction\":[{\"@type\":\"ReadAction\",\"target\":[\"https:\/\/divulgaciondinamica.info\/promos\/curso-resolucion-conflictos-mexico\/\"]}]}]}<\/script>\n<!-- \/ Yoast SEO plugin. -->","_links":{"self":[{"href":"https:\/\/divulgaciondinamica.info\/promos\/wp-json\/wp\/v2\/pages\/6447"}],"collection":[{"href":"https:\/\/divulgaciondinamica.info\/promos\/wp-json\/wp\/v2\/pages"}],"about":[{"href":"https:\/\/divulgaciondinamica.info\/promos\/wp-json\/wp\/v2\/types\/page"}],"author":[{"embeddable":true,"href":"https:\/\/divulgaciondinamica.info\/promos\/wp-json\/wp\/v2\/users\/1"}],"replies":[{"embeddable":true,"href":"https:\/\/divulgaciondinamica.info\/promos\/wp-json\/wp\/v2\/comments?post=6447"}],"version-history":[{"count":5,"href":"https:\/\/divulgaciondinamica.info\/promos\/wp-json\/wp\/v2\/pages\/6447\/revisions"}],"predecessor-version":[{"id":8163,"href":"https:\/\/divulgaciondinamica.info\/promos\/wp-json\/wp\/v2\/pages\/6447\/revisions\/8163"}],"wp:attachment":[{"href":"https:\/\/divulgaciondinamica.info\/promos\/wp-json\/wp\/v2\/media?parent=6447"}],"curies":[{"name":"wp","href":"https:\/\/api.w.org\/{rel}","templated":true}]}}