{"id":611,"date":"2015-06-22T09:28:21","date_gmt":"2015-06-22T09:28:21","guid":{"rendered":"http:\/\/divulgaciondinamica.info\/promos\/?page_id=611"},"modified":"2017-04-20T10:51:35","modified_gmt":"2017-04-20T10:51:35","slug":"doble-titulacion-gratuita","status":"publish","type":"page","link":"https:\/\/divulgaciondinamica.info\/promos\/doble-titulacion-gratuita\/","title":{"rendered":"Doble Titulaci\u00f3n Gratuita"},"content":{"rendered":"<p>[vc_row css=\u00bb.vc_custom_1427804811471{margin-top: 25px !important;margin-bottom: 25px !important;}\u00bb][vc_column width=\u00bb2\/3&#8243;][vc_single_image image=\u00bb1573&#8243; img_size=\u00bb661&#215;82&#8243;][\/vc_column][vc_column width=\u00bb1\/3&#8243;][vc_column_text]<\/p>\n<h6 style=\"text-align: right;\"><i class=\"fa fa-whatsapp\"><\/i> 629 27 39 96<\/h6>\n<p style=\"text-align: right;\"><strong>soporte11@divulgaciondinamica.es<\/strong><\/p>\n<p>[\/vc_column_text][\/vc_column][\/vc_row][vc_row css=\u00bb.vc_custom_1489484355483{margin-top: 25px !important;margin-bottom: 15px !important;}\u00bb][vc_column][vc_custom_heading text=\u00bbDoble M\u00e1ster Online<br \/>\n\u00bb font_container=\u00bbtag:p|font_size:32|text_align:center|color:%230a7aba|line_height:1.1&#8243; google_fonts=\u00bbfont_family:Lato%3A100%2C100italic%2C300%2C300italic%2Cregular%2Citalic%2C700%2C700italic%2C900%2C900italic|font_style:300%20light%20regular%3A300%3Anormal\u00bb css=\u00bb.vc_custom_1492685481118{margin-bottom: 15px !important;}\u00bb][vc_custom_heading text=\u00bbM\u00e1ster en Coaching + M\u00e1ster en Resoluci\u00f3n de Conflictos\u00bb font_container=\u00bbtag:h1|font_size:38|text_align:center|color:%230a7aba|line_height:1.1&#8243; google_fonts=\u00bbfont_family:Lato%3A100%2C100italic%2C300%2C300italic%2Cregular%2Citalic%2C700%2C700italic%2C900%2C900italic|font_style:900%20bold%20regular%3A900%3Anormal\u00bb css=\u00bb.vc_custom_1492599672589{margin-bottom: 15px !important;}\u00bb][\/vc_column][\/vc_row][vc_row][vc_column][vc_column_text]<img loading=\"lazy\" class=\"alignleft wp-image-598 size-full\" title=\"M\u00e1ster en &quot;Coaching&quot; + &quot;Resoluci\u00f3n de Conflictos&quot;\" src=\"http:\/\/divulgaciondinamica.info\/promos\/wp-content\/uploads\/2015\/06\/imagen-doble-titulacion.jpg\" alt=\"Doble m\u00e1ster: M\u00e1ster en &quot;Coaching&quot; + &quot;Resoluci\u00f3n de Conflictos&quot; Online\" width=\"643\" height=\"434\" srcset=\"https:\/\/divulgaciondinamica.info\/promos\/wp-content\/uploads\/2015\/06\/imagen-doble-titulacion.jpg 643w, https:\/\/divulgaciondinamica.info\/promos\/wp-content\/uploads\/2015\/06\/imagen-doble-titulacion-300x202.jpg 300w\" sizes=\"(max-width: 643px) 100vw, 643px\" \/><a href=\"http:\/\/www.divulgaciondinamica.es\/secretaria\/alumnos\/form\/396\/\" target=\"_blank\"><img loading=\"lazy\" class=\"alignleft wp-image-2576 size-full\" title=\"Solicita informaci\u00f3n del doble m\u00e1ster: M\u00e1ster en &quot;Coaching&quot; + &quot;Resoluci\u00f3n de Conflictos&quot;\" src=\"http:\/\/divulgaciondinamica.info\/promos\/wp-content\/uploads\/2015\/06\/PROMO-Doble-Titulaci\u00f3n.png\" alt=\"M\u00e1ster en &quot;Coaching&quot; + &quot;Resoluci\u00f3n de Conflictos&quot;\" width=\"417\" height=\"434\" srcset=\"https:\/\/divulgaciondinamica.info\/promos\/wp-content\/uploads\/2015\/06\/PROMO-Doble-Titulaci\u00f3n.png 417w, https:\/\/divulgaciondinamica.info\/promos\/wp-content\/uploads\/2015\/06\/PROMO-Doble-Titulaci\u00f3n-288x300.png 288w\" sizes=\"(max-width: 417px) 100vw, 417px\" \/><\/a>[\/vc_column_text][\/vc_column][\/vc_row][vc_row css=\u00bb.vc_custom_1427804437681{margin-top: 35px !important;margin-bottom: 35px !important;}\u00bb][vc_column width=\u00bb1\/4&#8243;][vc_single_image image=\u00bb540&#8243; img_size=\u00bb250&#215;195&#8243; alignment=\u00bbcenter\u00bb][\/vc_column][vc_column width=\u00bb1\/4&#8243;][vc_single_image image=\u00bb541&#8243; img_size=\u00bb250&#215;195&#8243; alignment=\u00bbcenter\u00bb][\/vc_column][vc_column width=\u00bb1\/4&#8243;][vc_single_image image=\u00bb542&#8243; img_size=\u00bb250&#215;195&#8243; alignment=\u00bbcenter\u00bb][\/vc_column][vc_column width=\u00bb1\/4&#8243;][vc_single_image image=\u00bb600&#8243; img_size=\u00bb250&#215;195&#8243; alignment=\u00bbcenter\u00bb][\/vc_column][\/vc_row][vc_row][vc_column][vc_column_text]<br \/>\n[\/vc_column_text][\/vc_column][\/vc_row][vc_row][vc_column][vc_column_text]<\/p>\n<h3 style=\"text-align: left;\"><span style=\"color: #dc214e;\">Presentaci\u00f3n de la Doble Titulaci\u00f3n:<\/span><\/h3>\n<p>[\/vc_column_text][vc_row_inner][vc_column_inner width=\u00bb1\/2&#8243;][vc_column_text]<\/p>\n<p style=\"text-align: left;\">La doble titulaci\u00f3n que presentamos Master en Coaching y Master en Resoluci\u00f3n de Conflictos ofrecen una formaci\u00f3n integral a los participantes en dos \u00e1reas que, aunque con tem\u00e1ticas diferentes permiten alcanzar m\u00e1s altos niveles de competencia profesional vinculando las principales t\u00e9cnicas y herramientas utilizadas en ambas intervenciones.<\/p>\n<p>La formaci\u00f3n en coaching permite adquirir aquellas competencias y habilidades t\u00e9cnicas espec\u00edficas mediante las cuales el coach (entrenador) ayuda al coachee (persona implicada en dicho proceso) a desarrollar su potencial mediante un m\u00e9todo sistem\u00e1tico y estructurado. Este m\u00e9todo se basa en el di\u00e1logo entre coach y coachee, y su objetivo final es alcanzar una mejora de las capacidades socio personales del coachee usando los recursos y habilidades que \u00e9l mismo posee, pero que no han sido suficientemente potenciados. Actualmente el coaching es una de las profesiones sociales con mayor crecimiento y en Divulgaci\u00f3n Din\u00e1mica apostamos por una formaci\u00f3n especializada en esta nueva \u00e1rea.<\/p>\n<p>La formaci\u00f3n que presentamos en Resoluci\u00f3n de Conflictos,\u00a0 en donde se parte de la necesidad de participaci\u00f3n e implicaci\u00f3n personal para descubrir las causas y or\u00edgenes de los conflictos y poder solucionarlos desde la propia comunidad mucho antes de que aparezcan, ofrece conocimientos y herramientas que permiten identificar situaciones conflictivas , analizar los tipos de conflictos, su generaci\u00f3n y las t\u00e9cnicas de gesti\u00f3n y resoluci\u00f3n de los mismos para gestionar\u00a0 con mayor facilidad las situaciones conflictivas que se originan en el \u00e1mbito escolar y familiar.<\/p>\n<p>[\/vc_column_text][\/vc_column_inner][vc_column_inner width=\u00bb1\/2&#8243; css=\u00bb.vc_custom_1434369231866{background-color: #f3f3f3 !important;}\u00bb][vc_column_text css=\u00bb.vc_custom_1461749800827{padding-bottom: 20px !important;}\u00bb]<\/p>\n<p style=\"text-align: left;\"><strong><br \/>\n<span style=\"color: #db1b49;\">Fecha de inicio:<\/span><br \/>\n<\/strong>19 de mayo de 2016<\/p>\n<p style=\"text-align: left;\"><strong><span style=\"color: #db1b49;\">Duraci\u00f3n:<\/span><br \/>\n<\/strong>6 meses<\/p>\n<p style=\"text-align: left;\"><strong><span style=\"color: #db1b49;\">Modalidad:<\/span><br \/>\n<\/strong>Online (Acceso a la Plataforma 24h. al d\u00eda)<\/p>\n<p>[\/vc_column_text][\/vc_column_inner][\/vc_row_inner][vc_column_text]<\/p>\n<h3 style=\"text-align: left;\"><span style=\"color: #dc214e;\">\u00bfQu\u00e9 titulaci\u00f3n obtendr\u00e9 al finalizar la formaci\u00f3n?<\/span><\/h3>\n<p>[\/vc_column_text][vc_row_inner][vc_column_inner width=\u00bb1\/2&#8243;][vc_column_text]<\/p>\n<p style=\"text-align: justify;\">Al finalizar tu formaci\u00f3n recibir\u00e1s <strong>2 Diplomas<\/strong> en formato digital (PDF), certificados por Divulgaci\u00f3n Din\u00e1mica y visados por la ANCED (Asociaci\u00f3n Nacional de Centros de Elearning y Distancia), con validez laboral y curricular a nivel estatal.<\/p>\n<p>[\/vc_column_text][\/vc_column_inner][vc_column_inner width=\u00bb1\/2&#8243;][vc_column_text]<\/p>\n<p><img loading=\"lazy\" class=\"alignleft size-full wp-image-560\" src=\"http:\/\/divulgaciondinamica.info\/promos\/wp-content\/uploads\/2015\/06\/imagen-diploma.png\" alt=\"imagen-diploma\" width=\"432\" height=\"144\" srcset=\"https:\/\/divulgaciondinamica.info\/promos\/wp-content\/uploads\/2015\/06\/imagen-diploma.png 432w, https:\/\/divulgaciondinamica.info\/promos\/wp-content\/uploads\/2015\/06\/imagen-diploma-300x100.png 300w\" sizes=\"(max-width: 432px) 100vw, 432px\" \/><\/p>\n<p>[\/vc_column_text][\/vc_column_inner][\/vc_row_inner][vc_column_text]<\/p>\n<h3 style=\"text-align: left;\"><span style=\"color: #dc214e;\">Contenidos de la Doble Titulaci\u00f3n:<\/span><\/h3>\n<p>[\/vc_column_text][vc_row_inner][vc_column_inner width=\u00bb1\/2&#8243; css=\u00bb.vc_custom_1434366413550{margin-top: 20px !important;}\u00bb][vc_column_text]<\/p>\n<div id=\"ui-id-2\" class=\"wpb_accordion_content ui-accordion-content vc_clearfix ui-helper-reset ui-widget-content ui-corner-bottom ui-accordion-content-active\">\n<div class=\"wpb_text_column wpb_content_element \">\n<div class=\"wpb_wrapper\">\n<h4><strong>M\u00e1ster en Coaching (400 h.)<br \/>\n<\/strong><\/h4>\n<p>&nbsp;<\/p>\n<p><strong>1. FUNDAMENTOS DEL COACHING<\/strong><\/p>\n<p>1.1\u00a0 Coaching y otros procesos similares de intervenci\u00f3n<br \/>\n1.2.\u00a0 Tipolog\u00eda de Coaching<br \/>\n1.3 Las competencias claves en el coaching<br \/>\n1.4 Tendencias y situaci\u00f3n actual del coaching<\/p>\n<p><strong>2. METODOLOGIA DEL PROCESO DE COACHING<\/strong><\/p>\n<p>2.1 Metodolog\u00eda. Proceso del Coaching<br \/>\n2.2 Diagn\u00f3stico Inicial<br \/>\n2.3 Puesta en Marcha. Dise\u00f1o del Proceso<br \/>\n2.4 Proceso del Coaching<br \/>\n2.5 Seguimiento y Evaluaci\u00f3n<br \/>\n2.6 Herramientas<\/p>\n<p><strong>3. ACTITUDES Y HABILIDADES DEL COACH. COMPETENCIAS LABORALES<\/strong><\/p>\n<p>3.1 Perfil personal y profesional del Coach<br \/>\n3.2 Actitudes<br \/>\n3.3 Habilidades del Coach<br \/>\n3.4 Competencias laborales del Coach<\/p>\n<p><strong>4. MOTIVACI\u00d3N Y PROCESOS DE CAMBIO<\/strong><\/p>\n<p>4.1 Motivaci\u00f3n y cambio. Teor\u00edas sobre la motivaci\u00f3n<br \/>\n4.2 Teor\u00edas motivacionales centradas en las necesidades<br \/>\n4.3 Teor\u00edas motivacionales centradas en el proceso<br \/>\n4.4 Algunas cuestiones a tener en cuenta para los procesos de coaching<br \/>\n4.5 Modelo de estadios del cambio: relaci\u00f3n con los procesos de coaching<br \/>\n4.6 La entrevista motivacional<\/p>\n<p><strong>5. EL COMPONENTE COGNITIVO EL CAMBIO<\/strong><\/p>\n<p>5.1 Coaching y cambio cognitivo<br \/>\n5.2 Pensamientos autom\u00e1ticos y distorsiones cognitivas<br \/>\n5.3 Creencias irracionales<br \/>\n5.4 Disonancia cognitiva: relaci\u00f3n entre conducta y actitudes<br \/>\n5.5 Autosabotaje<br \/>\n5.6 Sesgos en la toma de decisiones<\/p>\n<p><strong>6. HERRAMIENTAS DEL COACHING I: COMUNICACI\u00d3N Y RELACIONES INTERPERSONALES<\/strong><\/p>\n<p>6.1 Herramientas de comunicaci\u00f3n y relaciones interpersonales<br \/>\n6.2 T\u00e9cnicas interrogativas: preguntas<br \/>\n6.3 T\u00e9cnicas comunicativas: la comunicaci\u00f3n verbal<br \/>\n6.4 T\u00e9cnicas comunicativas: la comunicaci\u00f3n no verbal<br \/>\n6.5 T\u00e9cnicas de reencuadre<br \/>\n6.6 T\u00e9cnicas de comunicaci\u00f3n indirecta<\/p>\n<p><strong>7. HERRAMIENTAS DEL COACHING II: EXPLORACI\u00d3N Y CONCIENCIACI\u00d3N. HERRAMIENTAS DE APRENDIZAJE<\/strong><\/p>\n<p>7.1 Herramientas de exploraci\u00f3n y concienciaci\u00f3n: An\u00e1lisis DAFO. Ventana de Johari. La rueda de la vida<br \/>\n7.2 Herramientas de motivaci\u00f3n y cambio: La l\u00ednea del tiempo. T\u00e9cnicas para aumentar la autoconfianza. T\u00e9cnicas de creatividad. Las met\u00e1foras<br \/>\n7.3 Modelos de estilos de aprendizaje y estrategias de ense\u00f1anza<\/p>\n<p><strong>8. METACOACHING: UN PROCESO PARA LA MEJORA PROFESIONAL<\/strong><\/p>\n<p>8.1 Metacoaching: crecimiento o desarrollo profesional<br \/>\n8.2 Pr\u00e1cticas y ejercicios para el metacoaching<br \/>\n8.3 Escalas y cuestionarios para auto aplicaci\u00f3n<\/p>\n<\/div>\n<\/div>\n<\/div>\n<p>[\/vc_column_text][\/vc_column_inner][vc_column_inner width=\u00bb1\/2&#8243; css=\u00bb.vc_custom_1434366397791{margin-top: 20px !important;}\u00bb][vc_column_text]<\/p>\n<h4><strong>M\u00e1ster en Resoluci\u00f3n de Conflictos (400 h.)<br \/>\n<\/strong><\/h4>\n<p>&nbsp;<\/p>\n<p><strong>1. PREVENCI\u00d3N Y RESOLUCI\u00d3N DE CONFLICTOS<\/strong><\/p>\n<p>1.1\u00a0 Concepto y tipolog\u00eda del conflicto<br \/>\n1.2\u00a0 Estilos de comportamiento ante el conflicto<br \/>\n1.3\u00a0 Estrategia de la prevenci\u00f3n de conflictos<br \/>\n1.4. Los m\u00e9todos alternativos de resoluci\u00f3n de disputas<br \/>\n1.5\u00a0 La mediaci\u00f3n<\/p>\n<p><strong>2. LA MEDIACI\u00d3N COMO HERRAMIENTA DE TRABAJO EN CONFLICTOS JUVENILES<\/strong><\/p>\n<p>2.1. Conflictos juveniles y mediaci\u00f3n<br \/>\n2.2. Tipolog\u00eda de conflictos en la adolescencia<br \/>\n2.3. La mediaci\u00f3n como herramienta de trabajo en conflictos juveniles<br \/>\n2.4. Mediaci\u00f3n escolar<br \/>\n2.5. Implantaci\u00f3n de un servicio de mediaci\u00f3n entre iguales<br \/>\n2.6. Mediaci\u00f3n familiar con adolescentes<br \/>\n2.7. Menores infractores: Mediaci\u00f3n penal juvenil<\/p>\n<p><strong>3.\u00a0 EL ACOSO ESCOLAR. INTERVENCI\u00d3N ANTE EL ACOSO ESCOLAR<\/strong><\/p>\n<p>3.1. Acoso escolar. Origen y desarrollo. Perspectivas te\u00f3ricas.<br \/>\n3.2. Factores que incrementan y factores que reducen el riesgo de acoso<br \/>\n3.3. \u00bfC\u00f3mo detectar el acoso escolar?<br \/>\n3.4. Marco normativo del acoso escolar y el ciberacoso<br \/>\n3.5 La mediaci\u00f3n en los conflictos de acoso escolar<\/p>\n<p><strong>4. SENSIBILIZACI\u00d3N Y PREVENCI\u00d3N EN VIOLENCIA DE G\u00c9NERO<\/strong><\/p>\n<p>4.1 \u00bfQu\u00e9 factores est\u00e1n provocando la perpetuaci\u00f3n de la violencia de g\u00e9nero?<br \/>\n4.2. Prevenci\u00f3n \u00bfpara hombres o para mujeres? \u00bfA qui\u00e9n concienciamos?<br \/>\n4.3 Claves y estrategias para la prevenci\u00f3n de la violencia de g\u00e9nero y la promoci\u00f3n de la igualdad<br \/>\n4.4. Actividades preventivas en violencia de g\u00e9nero[\/vc_column_text][vc_column_text]<\/p>\n<h3 style=\"text-align: left;\"><span style=\"color: #dc214e;\">+ Trabajo Fin de M\u00e1ster<\/span><\/h3>\n<p style=\"text-align: left;\">El TFM (Trabajo de Fin de M\u00e1ster) consiste en la elaboraci\u00f3n de un proyecto final donde se demostrar\u00e1n los conocimientos adquiridos durante el proceso formativo.<\/p>\n<p>[\/vc_column_text][\/vc_column_inner][\/vc_row_inner][vc_column_text]<a href=\"http:\/\/www.divulgaciondinamica.es\/secretaria\/alumnos\/form\/396\/\" target=\"_blank\"><img loading=\"lazy\" class=\"aligncenter size-full wp-image-568\" src=\"http:\/\/divulgaciondinamica.info\/promos\/wp-content\/uploads\/2015\/06\/btn-inscripcion.png\" alt=\"btn-inscripcion\" width=\"306\" height=\"103\" srcset=\"https:\/\/divulgaciondinamica.info\/promos\/wp-content\/uploads\/2015\/06\/btn-inscripcion.png 306w, https:\/\/divulgaciondinamica.info\/promos\/wp-content\/uploads\/2015\/06\/btn-inscripcion-300x101.png 300w\" sizes=\"(max-width: 306px) 100vw, 306px\" \/><\/a>[\/vc_column_text][\/vc_column][\/vc_row]<\/p>\n","protected":false},"excerpt":{"rendered":"<p>[vc_row css=\u00bb.vc_custom_1427804811471{margin-top: 25px !important;margin-bottom: 25px !important;}\u00bb][vc_column width=\u00bb2\/3&#8243;][vc_single_image image=\u00bb1573&#8243; img_size=\u00bb661&#215;82&#8243;][\/vc_column][vc_column width=\u00bb1\/3&#8243;][vc_column_text] 629 27 39 96 soporte11@divulgaciondinamica.es [\/vc_column_text][\/vc_column][\/vc_row][vc_row css=\u00bb.vc_custom_1489484355483{margin-top: 25px !important;margin-bottom: 15px !important;}\u00bb][vc_column][vc_custom_heading text=\u00bbDoble M\u00e1ster Online \u00bb font_container=\u00bbtag:p|font_size:32|text_align:center|color:%230a7aba|line_height:1.1&#8243; google_fonts=\u00bbfont_family:Lato%3A100%2C100italic%2C300%2C300italic%2Cregular%2Citalic%2C700%2C700italic%2C900%2C900italic|font_style:300%20light%20regular%3A300%3Anormal\u00bb css=\u00bb.vc_custom_1492685481118{margin-bottom: 15px !important;}\u00bb][vc_custom_heading text=\u00bbM\u00e1ster en Coaching + M\u00e1ster en Resoluci\u00f3n de Conflictos\u00bb font_container=\u00bbtag:h1|font_size:38|text_align:center|color:%230a7aba|line_height:1.1&#8243;<\/p>\n","protected":false},"author":1,"featured_media":0,"parent":0,"menu_order":0,"comment_status":"closed","ping_status":"closed","template":"","meta":[],"yoast_head":"<!-- This site is optimized with the Yoast SEO plugin v15.7 - https:\/\/yoast.com\/wordpress\/plugins\/seo\/ -->\n<title>Doble M\u00e1ster: &quot;Educaci\u00f3n Social&quot; y &quot;Mediaci\u00f3n Intercultural&quot; - Divulgaci\u00f3n Din\u00e1mica<\/title>\n<meta name=\"description\" content=\"Doble M\u00e1ster en &quot;Coaching&quot; + &quot;Resoluci\u00f3n de Conflictos&quot; Online. Formaci\u00f3n de calidad al alcance de todos. Paga solo las tasas. \u00a1Inf\u00f3rmate!.\" \/>\n<meta name=\"robots\" content=\"index, follow, max-snippet:-1, max-image-preview:large, max-video-preview:-1\" \/>\n<link rel=\"canonical\" href=\"http:\/\/divulgaciondinamica.info\/promos\/doble-titulacion\/\" \/>\n<meta property=\"og:locale\" content=\"es_ES\" \/>\n<meta property=\"og:type\" content=\"article\" \/>\n<meta property=\"og:title\" content=\"Doble M\u00e1ster: &quot;Educaci\u00f3n Social&quot; y &quot;Mediaci\u00f3n Intercultural&quot; - Divulgaci\u00f3n Din\u00e1mica\" \/>\n<meta property=\"og:description\" content=\"Doble M\u00e1ster en &quot;Coaching&quot; + &quot;Resoluci\u00f3n de Conflictos&quot; Online. Formaci\u00f3n de calidad al alcance de todos. Paga solo las tasas. \u00a1Inf\u00f3rmate!.\" \/>\n<meta property=\"og:url\" content=\"http:\/\/divulgaciondinamica.info\/promos\/doble-titulacion\/\" \/>\n<meta property=\"og:site_name\" content=\"Divulgaci\u00f3n Din\u00e1mica\" \/>\n<meta property=\"article:publisher\" content=\"https:\/\/www.facebook.com\/divulgaciondinamicaformacion\/\" \/>\n<meta property=\"article:modified_time\" content=\"2017-04-20T10:51:35+00:00\" \/>\n<meta property=\"og:image\" content=\"http:\/\/divulgaciondinamica.info\/promos\/wp-content\/uploads\/2015\/06\/imagen-doble-titulacion.jpg\" \/>\n<meta name=\"twitter:card\" content=\"summary_large_image\" \/>\n<meta name=\"twitter:site\" content=\"@divulgaciond\" \/>\n<meta name=\"twitter:label1\" content=\"Tiempo de lectura\">\n\t<meta name=\"twitter:data1\" content=\"7 minutos\">\n<script type=\"application\/ld+json\" class=\"yoast-schema-graph\">{\"@context\":\"https:\/\/schema.org\",\"@graph\":[{\"@type\":\"Organization\",\"@id\":\"https:\/\/divulgaciondinamica.info\/promos\/#organization\",\"name\":\"Divulgaci\\u00f3n Din\\u00e1mica S.L.\",\"url\":\"https:\/\/divulgaciondinamica.info\/promos\/\",\"sameAs\":[\"https:\/\/www.facebook.com\/divulgaciondinamicaformacion\/\",\"https:\/\/www.instagram.com\/divulgaciondinamica\",\"https:\/\/www.linkedin.com\/company-beta\/9490428\/\",\"https:\/\/www.youtube.com\/user\/ddinamica2010\",\"https:\/\/twitter.com\/divulgaciond\"],\"logo\":{\"@type\":\"ImageObject\",\"@id\":\"https:\/\/divulgaciondinamica.info\/promos\/#logo\",\"inLanguage\":\"es\",\"url\":\"https:\/\/divulgaciondinamica.info\/promos\/wp-content\/uploads\/2016\/02\/logo-divulgaciondinamica-ddf.png\",\"width\":400,\"height\":79,\"caption\":\"Divulgaci\\u00f3n Din\\u00e1mica S.L.\"},\"image\":{\"@id\":\"https:\/\/divulgaciondinamica.info\/promos\/#logo\"}},{\"@type\":\"WebSite\",\"@id\":\"https:\/\/divulgaciondinamica.info\/promos\/#website\",\"url\":\"https:\/\/divulgaciondinamica.info\/promos\/\",\"name\":\"Divulgaci\\u00f3n Din\\u00e1mica\",\"description\":\"Formaci\\u00f3n de calidad al alcance de todos\",\"publisher\":{\"@id\":\"https:\/\/divulgaciondinamica.info\/promos\/#organization\"},\"potentialAction\":[{\"@type\":\"SearchAction\",\"target\":\"https:\/\/divulgaciondinamica.info\/promos\/?s={search_term_string}\",\"query-input\":\"required name=search_term_string\"}],\"inLanguage\":\"es\"},{\"@type\":\"ImageObject\",\"@id\":\"http:\/\/divulgaciondinamica.info\/promos\/doble-titulacion\/#primaryimage\",\"inLanguage\":\"es\",\"url\":\"http:\/\/divulgaciondinamica.info\/promos\/wp-content\/uploads\/2015\/06\/imagen-doble-titulacion.jpg\"},{\"@type\":\"WebPage\",\"@id\":\"http:\/\/divulgaciondinamica.info\/promos\/doble-titulacion\/#webpage\",\"url\":\"http:\/\/divulgaciondinamica.info\/promos\/doble-titulacion\/\",\"name\":\"Doble M\\u00e1ster: \\\"Educaci\\u00f3n Social\\\" y \\\"Mediaci\\u00f3n Intercultural\\\" - Divulgaci\\u00f3n Din\\u00e1mica\",\"isPartOf\":{\"@id\":\"https:\/\/divulgaciondinamica.info\/promos\/#website\"},\"primaryImageOfPage\":{\"@id\":\"http:\/\/divulgaciondinamica.info\/promos\/doble-titulacion\/#primaryimage\"},\"datePublished\":\"2015-06-22T09:28:21+00:00\",\"dateModified\":\"2017-04-20T10:51:35+00:00\",\"description\":\"Doble M\\u00e1ster en \\\"Coaching\\\" + \\\"Resoluci\\u00f3n de Conflictos\\\" Online. Formaci\\u00f3n de calidad al alcance de todos. Paga solo las tasas. \\u00a1Inf\\u00f3rmate!.\",\"inLanguage\":\"es\",\"potentialAction\":[{\"@type\":\"ReadAction\",\"target\":[\"http:\/\/divulgaciondinamica.info\/promos\/doble-titulacion\/\"]}]}]}<\/script>\n<!-- \/ Yoast SEO plugin. -->","_links":{"self":[{"href":"https:\/\/divulgaciondinamica.info\/promos\/wp-json\/wp\/v2\/pages\/611"}],"collection":[{"href":"https:\/\/divulgaciondinamica.info\/promos\/wp-json\/wp\/v2\/pages"}],"about":[{"href":"https:\/\/divulgaciondinamica.info\/promos\/wp-json\/wp\/v2\/types\/page"}],"author":[{"embeddable":true,"href":"https:\/\/divulgaciondinamica.info\/promos\/wp-json\/wp\/v2\/users\/1"}],"replies":[{"embeddable":true,"href":"https:\/\/divulgaciondinamica.info\/promos\/wp-json\/wp\/v2\/comments?post=611"}],"version-history":[{"count":5,"href":"https:\/\/divulgaciondinamica.info\/promos\/wp-json\/wp\/v2\/pages\/611\/revisions"}],"predecessor-version":[{"id":6594,"href":"https:\/\/divulgaciondinamica.info\/promos\/wp-json\/wp\/v2\/pages\/611\/revisions\/6594"}],"wp:attachment":[{"href":"https:\/\/divulgaciondinamica.info\/promos\/wp-json\/wp\/v2\/media?parent=611"}],"curies":[{"name":"wp","href":"https:\/\/api.w.org\/{rel}","templated":true}]}}