{"id":5705,"date":"2017-03-08T08:46:03","date_gmt":"2017-03-08T08:46:03","guid":{"rendered":"http:\/\/divulgaciondinamica.info\/promos\/?page_id=5705"},"modified":"2017-03-08T09:00:32","modified_gmt":"2017-03-08T09:00:32","slug":"master-relaciones-publicas-protocolo-pruebalo-gratis","status":"publish","type":"page","link":"https:\/\/divulgaciondinamica.info\/promos\/master-relaciones-publicas-protocolo-pruebalo-gratis\/","title":{"rendered":"M\u00e1ster en Relaciones P\u00fablicas y Protocolo &#8211; \u00a1Pru\u00e9balo gratis!"},"content":{"rendered":"<p>[vc_row css=\u00bb.vc_custom_1427804811471{margin-top: 25px !important;margin-bottom: 25px !important;}\u00bb][vc_column width=\u00bb2\/3&#8243;][vc_single_image image=\u00bb1573&#8243; img_size=\u00bb661&#215;82&#8243;][\/vc_column][vc_column width=\u00bb1\/3&#8243;][vc_column_text css=\u00bb.vc_custom_1488883358672{margin-top: 25px !important;}\u00bb]<\/p>\n<h6 style=\"text-align: right;\"><i class=\"fa fa-whatsapp\"><\/i> 628 069 839<\/h6>\n<p style=\"text-align: right;\"><strong>soporte1@divulgaciondinamica.es<\/strong><\/p>\n<p>[\/vc_column_text][\/vc_column][\/vc_row][vc_row][vc_column][vc_column_text]<img loading=\"lazy\" class=\"alignleft wp-image-5706 size-full\" src=\"http:\/\/divulgaciondinamica.info\/promos\/wp-content\/uploads\/2017\/03\/imagen-master-relaciones-publicas-y-protocolo.jpg\" alt=\"\" width=\"643\" height=\"434\" srcset=\"https:\/\/divulgaciondinamica.info\/promos\/wp-content\/uploads\/2017\/03\/imagen-master-relaciones-publicas-y-protocolo.jpg 643w, https:\/\/divulgaciondinamica.info\/promos\/wp-content\/uploads\/2017\/03\/imagen-master-relaciones-publicas-y-protocolo-300x202.jpg 300w\" sizes=\"(max-width: 643px) 100vw, 643px\" \/><a href=\"http:\/\/www.divulgaciondinamica.es\/secretaria\/alumnos\/form\/815\/\" target=\"_blank\"><img loading=\"lazy\" class=\"alignleft wp-image-5709 size-full\" src=\"http:\/\/divulgaciondinamica.info\/promos\/wp-content\/uploads\/2017\/03\/Centro-M\u00e1ster-Relaciones-P\u00fablicas-y-Protocolo-PUEBA-GRATIS_02-5.png\" alt=\"\" width=\"417\" height=\"434\" align=\"middle\" srcset=\"https:\/\/divulgaciondinamica.info\/promos\/wp-content\/uploads\/2017\/03\/Centro-M\u00e1ster-Relaciones-P\u00fablicas-y-Protocolo-PUEBA-GRATIS_02-5.png 417w, https:\/\/divulgaciondinamica.info\/promos\/wp-content\/uploads\/2017\/03\/Centro-M\u00e1ster-Relaciones-P\u00fablicas-y-Protocolo-PUEBA-GRATIS_02-5-288x300.png 288w\" sizes=\"(max-width: 417px) 100vw, 417px\" \/><\/a>[\/vc_column_text][\/vc_column][\/vc_row][vc_row css=\u00bb.vc_custom_1427804437681{margin-top: 35px !important;margin-bottom: 35px !important;}\u00bb][vc_column width=\u00bb1\/4&#8243;][vc_single_image image=\u00bb3702&#8243; img_size=\u00bb250&#215;195&#8243; alignment=\u00bbcenter\u00bb][\/vc_column][vc_column width=\u00bb1\/4&#8243;][vc_single_image image=\u00bb3703&#8243; img_size=\u00bb250&#215;195&#8243; alignment=\u00bbcenter\u00bb][\/vc_column][vc_column width=\u00bb1\/4&#8243;][vc_single_image image=\u00bb3704&#8243; img_size=\u00bb250&#215;195&#8243; alignment=\u00bbcenter\u00bb][\/vc_column][vc_column width=\u00bb1\/4&#8243;][vc_single_image image=\u00bb5711&#8243; img_size=\u00bb250&#215;195&#8243; alignment=\u00bbcenter\u00bb onclick=\u00bbcustom_link\u00bb link=\u00bbhttp:\/\/www.divulgaciondinamica.es\/secretaria\/alumnos\/form\/815\/\u00bb][\/vc_column][\/vc_row][vc_row][vc_column][\/vc_column][\/vc_row][vc_row css=\u00bb.vc_custom_1427805189823{margin-top: 35px !important;margin-bottom: 35px !important;}\u00bb][vc_column width=\u00bb1\/2&#8243;][vc_custom_heading text=\u00bbPresentaci\u00f3n del M\u00e1ster:\u00bb font_container=\u00bbtag:h2|font_size:26|text_align:left|color:%23008ede|line_height:1.1&#8243; google_fonts=\u00bbfont_family:Lato%3A100%2C100italic%2C300%2C300italic%2Cregular%2Citalic%2C700%2C700italic%2C900%2C900italic|font_style:900%20bold%20regular%3A900%3Anormal\u00bb css=\u00bb.vc_custom_1488963623968{margin-top: 25px !important;margin-bottom: 25px !important;}\u00bb][vc_custom_heading text=\u00bbRealiza gratis los 2 primeros m\u00f3dulos del Curso durante dos semanas y descubre c\u00f3mo funciona nuestra metodolog\u00eda y Plataforma de Formaci\u00f3n online.\u00bb font_container=\u00bbtag:h2|font_size:17|text_align:left|color:%23262626|line_height:1.4&#8243; google_fonts=\u00bbfont_family:Lato%3A100%2C100italic%2C300%2C300italic%2Cregular%2Citalic%2C700%2C700italic%2C900%2C900italic|font_style:900%20bold%20italic%3A900%3Aitalic\u00bb css=\u00bb.vc_custom_1488885781364{margin-top: 25px !important;margin-bottom: 25px !important;}\u00bb][vc_column_text css=\u00bb.vc_custom_1488962440031{margin-bottom: 30px !important;}\u00bb]<\/p>\n<div id=\"stcpDiv\">\n<p>Las estrategias de comunicaci\u00f3n y relaciones, tanto en el \u00e1mbito interno como externo, que se llevan a cabo en el seno de las instituciones y organizaciones p\u00fablicas o privadas pueden llevar al \u00e9xito o hundir en el fracaso los diferentes objetivos de las mismas, llegando a adquirir las funciones de comunicaci\u00f3n, protocolo y organizaci\u00f3n de eventos un rol indispensable para cualquier entidad.<\/p>\n<p>En el \u00e1mbito interno, deben conseguir que el conjunto de personas interaccionen entre s\u00ed de manera positiva. En el externo, deben proyectar una imagen positiva hacia otras entidades o individuos con la finalidad de lograr su apoyo o interacci\u00f3n. En ambos casos, se deben conocer y aplicar diferentes t\u00e9cnicas y herramientas de comunicaci\u00f3n seg\u00fan los objetivos marcados y las normas internas establecidas, adapt\u00e1ndose a diferentes situaciones e interlocutores y proyectando y manteniendo la identidad corporativa y la reputaci\u00f3n institucional.<\/p>\n<p>La formaci\u00f3n\u00a0 que presentamos, Master en Relaciones P\u00fablicas y Protocolo permite adquirir aquellas competencias y habilidades t\u00e9cnicas espec\u00edficas para las relaciones p\u00fablicas internas y externas, ocup\u00e1ndose de las relaciones informativas con los medios de comunicaci\u00f3n, de la organizaci\u00f3n de eventos,\u00a0 la comunicaci\u00f3n interna, \u2026 y, en definitiva, satisfacer las demandas de interacci\u00f3n comunicativa de todos los p\u00fablicos de una entidad.<br \/>\n<img loading=\"lazy\" class=\"alignleft size-full wp-image-53\" src=\"http:\/\/divulgaciondinamica.info\/promos\/wp-content\/uploads\/2015\/03\/diploma-digital1.png\" alt=\"diploma-digital\" width=\"479\" height=\"322\" srcset=\"https:\/\/divulgaciondinamica.info\/promos\/wp-content\/uploads\/2015\/03\/diploma-digital1.png 479w, https:\/\/divulgaciondinamica.info\/promos\/wp-content\/uploads\/2015\/03\/diploma-digital1-300x202.png 300w\" sizes=\"(max-width: 479px) 100vw, 479px\" \/><\/p>\n<\/div>\n<p>[\/vc_column_text][\/vc_column][vc_column width=\u00bb1\/2&#8243;][vc_row_inner css=\u00bb.vc_custom_1488818742343{padding-top: 10px !important;padding-right: 15px !important;padding-bottom: 10px !important;padding-left: 15px !important;}\u00bb][vc_column_inner][vc_custom_heading text=\u00bb\u00a1Pru\u00e9balo gratis y realiza los dos primeros m\u00f3dulos durante 2 semanas!\u00bb font_container=\u00bbtag:h2|font_size:26|text_align:left|color:%23008ede|line_height:1.1&#8243; google_fonts=\u00bbfont_family:Lato%3A100%2C100italic%2C300%2C300italic%2Cregular%2Citalic%2C700%2C700italic%2C900%2C900italic|font_style:900%20bold%20regular%3A900%3Anormal\u00bb css=\u00bb.vc_custom_1488885224464{margin-top: 25px !important;margin-bottom: 25px !important;}\u00bb][vc_column_text]<strong><span style=\"color: #008ede;\">1. INTRODUCCI\u00d3N A LAS RELACIONES P\u00daBLICAS<\/span><\/strong><\/p>\n<p><span style=\"color: #008ede;\">1.1 Conceptualizaci\u00f3n de relaciones p\u00fablicas<\/span><br \/>\n<span style=\"color: #008ede;\">1.2 El enfoque estrat\u00e9gico de las relaciones P\u00fablicas: el proyecto<\/span><\/p>\n<p><strong><span style=\"color: #008ede;\">2. RELACIONES P\u00daBLICAS INTERNAS<\/span><\/strong><\/p>\n<p><span style=\"color: #008ede;\">2.1 Las relaciones p\u00fablicas y la comunicaci\u00f3n interna de las entidades<\/span><br \/>\n<span style=\"color: #008ede;\">2.2 Instrumentos y soportes de comunicaci\u00f3n interna<\/span><br \/>\n<span style=\"color: #008ede;\">2.3 La comunicaci\u00f3n interna en situaciones de crisis<\/span>[\/vc_column_text][vc_message message_box_style=\u00bbsolid\u00bb]<\/p>\n<p style=\"text-align: center;\"><span style=\"color: #ffffff;\"><strong>PLAZO DE PRUEBA GRATUITA:<\/strong><\/span><br \/>\n<span style=\"color: #ffffff;\"> 2 semanas: del 22 de marzo al 4 de abril de 2017<\/span><\/p>\n<p>[\/vc_message][\/vc_column_inner][\/vc_row_inner][vc_single_image image=\u00bb5647&#8243; img_size=\u00bbfull\u00bb alignment=\u00bbcenter\u00bb css=\u00bb.vc_custom_1488886152072{margin-top: 10px !important;margin-bottom: 10px !important;}\u00bb][vc_custom_heading text=\u00bbACCESO AL M\u00c1STER COMPLETO:\u00bb font_container=\u00bbtag:h2|font_size:22|text_align:center|color:%23333333|line_height:1.2&#8243; google_fonts=\u00bbfont_family:Lato%3A100%2C100italic%2C300%2C300italic%2Cregular%2Citalic%2C700%2C700italic%2C900%2C900italic|font_style:700%20bold%20regular%3A700%3Anormal\u00bb css=\u00bb.vc_custom_1488963631409{margin-top: 25px !important;padding-right: 10px !important;padding-left: 10px !important;}\u00bb][vc_custom_heading text=\u00bbEn el caso que quieras continuar con la formaci\u00f3n,<br \/>\npodr\u00e1s acceder a los siguientes m\u00f3dulos:\u00bb font_container=\u00bbtag:h2|font_size:16|text_align:center|color:%23333333|line_height:1.2&#8243; google_fonts=\u00bbfont_family:Lato%3A100%2C100italic%2C300%2C300italic%2Cregular%2Citalic%2C700%2C700italic%2C900%2C900italic|font_style:400%20regular%3A400%3Anormal\u00bb css=\u00bb.vc_custom_1488886170517{padding-top: 15px !important;padding-right: 10px !important;padding-bottom: 15px !important;padding-left: 10px !important;}\u00bb][vc_row_inner][vc_column_inner][vc_column_text css=\u00bb.vc_custom_1488962668099{padding-top: 15px !important;padding-right: 10px !important;padding-bottom: 15px !important;padding-left: 10px !important;}\u00bb]<strong><span style=\"color: #808080;\">3. RELACIONES P\u00daBLICAS EXTERNAS: LAS RELACIONES CON LOS MEDIOS DE COMUNICACI\u00d3N<\/span><\/strong><\/p>\n<p><span style=\"color: #808080;\">1. Relaciones P\u00fablicas Externas<\/span><br \/>\n<span style=\"color: #808080;\">2. Relaciones con los medios de comunicaci\u00f3n<\/span><br \/>\n<span style=\"color: #808080;\">3. La relaci\u00f3n con los medios en situaciones de riesgo y crisis<\/span><br \/>\n<span style=\"color: #808080;\">4. La \u00e9tica en las relaciones con los medios<\/span><\/p>\n<p><strong><span style=\"color: #808080;\">4. LA ORGANIZACI\u00d3N DE EVENTOS COMO HERRAMIENTA DE COMUNICACI\u00d3N<\/span><\/strong><\/p>\n<p><span style=\"color: #808080;\">1. Eventos<\/span><br \/>\n<span style=\"color: #808080;\">2. El proceso de la organizaci\u00f3n de eventos<\/span><br \/>\n<span style=\"color: #808080;\">3. Herramientas esenciales para la organizaci\u00f3n de eventos<\/span><br \/>\n<span style=\"color: #808080;\">4. Organizaci\u00f3n de eventos y propiedad intelectual<\/span><br \/>\n<span style=\"color: #808080;\">5. Accesibilidad de los eventos<\/span><br \/>\n<span style=\"color: #808080;\">6. Sostenibilidad de los eventos<\/span><\/p>\n<p><strong><span style=\"color: #808080;\">5. PROTOCOLO COMO T\u00c9CNICA DE RELACIONES P\u00daBLICAS \u00a0<\/span><\/strong><\/p>\n<p><span style=\"color: #808080;\">1. Protocolo. Conceptualizaci\u00f3n<\/span><br \/>\n<span style=\"color: #808080;\">2. Reglas b\u00e1sicas de protocolo oficial<\/span><br \/>\n<span style=\"color: #808080;\">3. Reglas b\u00e1sicas de protocolo social<\/span><br \/>\n<span style=\"color: #808080;\">4. Reglas b\u00e1sicas\u00a0 para protocolo empresarial<\/span><\/p>\n<p><strong><span style=\"color: #808080;\">6. LA RESPONSABILIDAD SOCIAL CORPORATIVA COMO ESTRATEGIA DE RELACIONES P\u00daBLICAS<\/span><\/strong><\/p>\n<p><span style=\"color: #808080;\">1. Responsabilidad Social corporativa<\/span><br \/>\n<span style=\"color: #808080;\">2. La medici\u00f3n y comunicaci\u00f3n de la RSE<\/span><br \/>\n<span style=\"color: #808080;\">3. La RSC como estrategia de relaciones p\u00fablicas<\/span><\/p>\n<p><strong><span style=\"color: #808080;\">7. LAS RRPP Y LAS NUEVAS TECNOLOG\u00cdAS DE LA COMUNICACI\u00d3N<\/span><\/strong><\/p>\n<p><span style=\"color: #808080;\">1. Nuevas tecnolog\u00edas de la informaci\u00f3n y la comunicaci\u00f3n en las relaciones p\u00fablicas<\/span><br \/>\n<span style=\"color: #808080;\">2. Herramientas tecnol\u00f3gicas para la comunicaci\u00f3n<\/span><\/p>\n<p><strong><span style=\"color: #808080;\">8. CLAVES PARA LA COMUNICACI\u00d3N INTERPERSONAL<\/span><\/strong><\/p>\n<p><span style=\"color: #808080;\">1. Comunicaci\u00f3n. Comunicaci\u00f3n verbal y comunicaci\u00f3n no verbal<\/span><br \/>\n<span style=\"color: #808080;\">2. Comunicaci\u00f3n y persuasi\u00f3n<\/span><br \/>\n<span style=\"color: #808080;\">3. Oratoria y telegenia<\/span><br \/>\n<span style=\"color: #808080;\">4. T\u00e9cnicas de comunicaci\u00f3n para la negociaci\u00f3n<\/span><br \/>\n<span style=\"color: #808080;\">5. T\u00e9cnicas de comunicaci\u00f3n para la resoluci\u00f3n de conflictos<\/span><br \/>\n<span style=\"color: #808080;\">6. Inteligencia emocional y comunicaci\u00f3n efectiva<\/span>[\/vc_column_text][\/vc_column_inner][\/vc_row_inner][\/vc_column][\/vc_row][vc_row css=\u00bb.vc_custom_1427806970509{margin-top: 35px !important;margin-bottom: 35px !important;}\u00bb][vc_column][vc_btn title=\u00bbQuiero inscribirme\u00bb style=\u00bbflat\u00bb color=\u00bbwarning\u00bb size=\u00bblg\u00bb align=\u00bbcenter\u00bb link=\u00bburl:http%3A%2F%2Fwww.divulgaciondinamica.es%2Fsecretaria%2Falumnos%2Fform%2F815%2F||target:%20_blank\u00bb][\/vc_column][\/vc_row]<\/p>\n","protected":false},"excerpt":{"rendered":"<p>[vc_row css=\u00bb.vc_custom_1427804811471{margin-top: 25px !important;margin-bottom: 25px !important;}\u00bb][vc_column width=\u00bb2\/3&#8243;][vc_single_image image=\u00bb1573&#8243; img_size=\u00bb661&#215;82&#8243;][\/vc_column][vc_column width=\u00bb1\/3&#8243;][vc_column_text css=\u00bb.vc_custom_1488883358672{margin-top: 25px !important;}\u00bb] 628 069 839 soporte1@divulgaciondinamica.es [\/vc_column_text][\/vc_column][\/vc_row][vc_row][vc_column][vc_column_text][\/vc_column_text][\/vc_column][\/vc_row][vc_row css=\u00bb.vc_custom_1427804437681{margin-top: 35px !important;margin-bottom: 35px !important;}\u00bb][vc_column width=\u00bb1\/4&#8243;][vc_single_image image=\u00bb3702&#8243; img_size=\u00bb250&#215;195&#8243; alignment=\u00bbcenter\u00bb][\/vc_column][vc_column width=\u00bb1\/4&#8243;][vc_single_image image=\u00bb3703&#8243; img_size=\u00bb250&#215;195&#8243; alignment=\u00bbcenter\u00bb][\/vc_column][vc_column width=\u00bb1\/4&#8243;][vc_single_image image=\u00bb3704&#8243; img_size=\u00bb250&#215;195&#8243; alignment=\u00bbcenter\u00bb][\/vc_column][vc_column width=\u00bb1\/4&#8243;][vc_single_image image=\u00bb5711&#8243; img_size=\u00bb250&#215;195&#8243; alignment=\u00bbcenter\u00bb onclick=\u00bbcustom_link\u00bb<\/p>\n","protected":false},"author":1,"featured_media":0,"parent":0,"menu_order":0,"comment_status":"closed","ping_status":"closed","template":"","meta":[],"yoast_head":"<!-- This site is optimized with the Yoast SEO plugin v15.7 - https:\/\/yoast.com\/wordpress\/plugins\/seo\/ -->\n<title>M\u00e1ster en Relaciones P\u00fablicas y Protocolo - \u00a1Pru\u00e9balo gratis! - Divulgaci\u00f3n Din\u00e1mica<\/title>\n<meta name=\"robots\" content=\"index, follow, max-snippet:-1, max-image-preview:large, max-video-preview:-1\" \/>\n<link rel=\"canonical\" href=\"https:\/\/divulgaciondinamica.info\/promos\/master-relaciones-publicas-protocolo-pruebalo-gratis\/\" \/>\n<meta property=\"og:locale\" content=\"es_ES\" \/>\n<meta property=\"og:type\" content=\"article\" \/>\n<meta property=\"og:title\" content=\"M\u00e1ster en Relaciones P\u00fablicas y Protocolo - \u00a1Pru\u00e9balo gratis! - Divulgaci\u00f3n Din\u00e1mica\" \/>\n<meta property=\"og:description\" content=\"[vc_row css=\u00bb.vc_custom_1427804811471{margin-top: 25px !important;margin-bottom: 25px !important;}\u00bb][vc_column width=\u00bb2\/3&#8243;][vc_single_image image=\u00bb1573&#8243; img_size=\u00bb661&#215;82&#8243;][\/vc_column][vc_column width=\u00bb1\/3&#8243;][vc_column_text css=\u00bb.vc_custom_1488883358672{margin-top: 25px !important;}\u00bb] 628 069 839 soporte1@divulgaciondinamica.es [\/vc_column_text][\/vc_column][\/vc_row][vc_row][vc_column][vc_column_text][\/vc_column_text][\/vc_column][\/vc_row][vc_row css=\u00bb.vc_custom_1427804437681{margin-top: 35px !important;margin-bottom: 35px !important;}\u00bb][vc_column width=\u00bb1\/4&#8243;][vc_single_image image=\u00bb3702&#8243; img_size=\u00bb250&#215;195&#8243; alignment=\u00bbcenter\u00bb][\/vc_column][vc_column width=\u00bb1\/4&#8243;][vc_single_image image=\u00bb3703&#8243; img_size=\u00bb250&#215;195&#8243; alignment=\u00bbcenter\u00bb][\/vc_column][vc_column width=\u00bb1\/4&#8243;][vc_single_image image=\u00bb3704&#8243; img_size=\u00bb250&#215;195&#8243; alignment=\u00bbcenter\u00bb][\/vc_column][vc_column width=\u00bb1\/4&#8243;][vc_single_image image=\u00bb5711&#8243; img_size=\u00bb250&#215;195&#8243; alignment=\u00bbcenter\u00bb onclick=\u00bbcustom_link\u00bb\" \/>\n<meta property=\"og:url\" content=\"https:\/\/divulgaciondinamica.info\/promos\/master-relaciones-publicas-protocolo-pruebalo-gratis\/\" \/>\n<meta property=\"og:site_name\" content=\"Divulgaci\u00f3n Din\u00e1mica\" \/>\n<meta property=\"article:publisher\" content=\"https:\/\/www.facebook.com\/divulgaciondinamicaformacion\/\" \/>\n<meta property=\"article:modified_time\" content=\"2017-03-08T09:00:32+00:00\" \/>\n<meta property=\"og:image\" content=\"http:\/\/divulgaciondinamica.info\/promos\/wp-content\/uploads\/2017\/03\/imagen-master-relaciones-publicas-y-protocolo.jpg\" \/>\n<meta name=\"twitter:card\" content=\"summary_large_image\" \/>\n<meta name=\"twitter:site\" content=\"@divulgaciond\" \/>\n<meta name=\"twitter:label1\" content=\"Tiempo de lectura\">\n\t<meta name=\"twitter:data1\" content=\"6 minutos\">\n<script type=\"application\/ld+json\" class=\"yoast-schema-graph\">{\"@context\":\"https:\/\/schema.org\",\"@graph\":[{\"@type\":\"Organization\",\"@id\":\"https:\/\/divulgaciondinamica.info\/promos\/#organization\",\"name\":\"Divulgaci\\u00f3n Din\\u00e1mica S.L.\",\"url\":\"https:\/\/divulgaciondinamica.info\/promos\/\",\"sameAs\":[\"https:\/\/www.facebook.com\/divulgaciondinamicaformacion\/\",\"https:\/\/www.instagram.com\/divulgaciondinamica\",\"https:\/\/www.linkedin.com\/company-beta\/9490428\/\",\"https:\/\/www.youtube.com\/user\/ddinamica2010\",\"https:\/\/twitter.com\/divulgaciond\"],\"logo\":{\"@type\":\"ImageObject\",\"@id\":\"https:\/\/divulgaciondinamica.info\/promos\/#logo\",\"inLanguage\":\"es\",\"url\":\"https:\/\/divulgaciondinamica.info\/promos\/wp-content\/uploads\/2016\/02\/logo-divulgaciondinamica-ddf.png\",\"width\":400,\"height\":79,\"caption\":\"Divulgaci\\u00f3n Din\\u00e1mica S.L.\"},\"image\":{\"@id\":\"https:\/\/divulgaciondinamica.info\/promos\/#logo\"}},{\"@type\":\"WebSite\",\"@id\":\"https:\/\/divulgaciondinamica.info\/promos\/#website\",\"url\":\"https:\/\/divulgaciondinamica.info\/promos\/\",\"name\":\"Divulgaci\\u00f3n Din\\u00e1mica\",\"description\":\"Formaci\\u00f3n de calidad al alcance de todos\",\"publisher\":{\"@id\":\"https:\/\/divulgaciondinamica.info\/promos\/#organization\"},\"potentialAction\":[{\"@type\":\"SearchAction\",\"target\":\"https:\/\/divulgaciondinamica.info\/promos\/?s={search_term_string}\",\"query-input\":\"required name=search_term_string\"}],\"inLanguage\":\"es\"},{\"@type\":\"ImageObject\",\"@id\":\"https:\/\/divulgaciondinamica.info\/promos\/master-relaciones-publicas-protocolo-pruebalo-gratis\/#primaryimage\",\"inLanguage\":\"es\",\"url\":\"http:\/\/divulgaciondinamica.info\/promos\/wp-content\/uploads\/2017\/03\/imagen-master-relaciones-publicas-y-protocolo.jpg\"},{\"@type\":\"WebPage\",\"@id\":\"https:\/\/divulgaciondinamica.info\/promos\/master-relaciones-publicas-protocolo-pruebalo-gratis\/#webpage\",\"url\":\"https:\/\/divulgaciondinamica.info\/promos\/master-relaciones-publicas-protocolo-pruebalo-gratis\/\",\"name\":\"M\\u00e1ster en Relaciones P\\u00fablicas y Protocolo - \\u00a1Pru\\u00e9balo gratis! - Divulgaci\\u00f3n Din\\u00e1mica\",\"isPartOf\":{\"@id\":\"https:\/\/divulgaciondinamica.info\/promos\/#website\"},\"primaryImageOfPage\":{\"@id\":\"https:\/\/divulgaciondinamica.info\/promos\/master-relaciones-publicas-protocolo-pruebalo-gratis\/#primaryimage\"},\"datePublished\":\"2017-03-08T08:46:03+00:00\",\"dateModified\":\"2017-03-08T09:00:32+00:00\",\"inLanguage\":\"es\",\"potentialAction\":[{\"@type\":\"ReadAction\",\"target\":[\"https:\/\/divulgaciondinamica.info\/promos\/master-relaciones-publicas-protocolo-pruebalo-gratis\/\"]}]}]}<\/script>\n<!-- \/ Yoast SEO plugin. -->","_links":{"self":[{"href":"https:\/\/divulgaciondinamica.info\/promos\/wp-json\/wp\/v2\/pages\/5705"}],"collection":[{"href":"https:\/\/divulgaciondinamica.info\/promos\/wp-json\/wp\/v2\/pages"}],"about":[{"href":"https:\/\/divulgaciondinamica.info\/promos\/wp-json\/wp\/v2\/types\/page"}],"author":[{"embeddable":true,"href":"https:\/\/divulgaciondinamica.info\/promos\/wp-json\/wp\/v2\/users\/1"}],"replies":[{"embeddable":true,"href":"https:\/\/divulgaciondinamica.info\/promos\/wp-json\/wp\/v2\/comments?post=5705"}],"version-history":[{"count":5,"href":"https:\/\/divulgaciondinamica.info\/promos\/wp-json\/wp\/v2\/pages\/5705\/revisions"}],"predecessor-version":[{"id":5713,"href":"https:\/\/divulgaciondinamica.info\/promos\/wp-json\/wp\/v2\/pages\/5705\/revisions\/5713"}],"wp:attachment":[{"href":"https:\/\/divulgaciondinamica.info\/promos\/wp-json\/wp\/v2\/media?parent=5705"}],"curies":[{"name":"wp","href":"https:\/\/api.w.org\/{rel}","templated":true}]}}