{"id":5576,"date":"2017-03-06T15:34:46","date_gmt":"2017-03-06T15:34:46","guid":{"rendered":"http:\/\/divulgaciondinamica.info\/promos\/?page_id=5576"},"modified":"2017-05-16T09:50:14","modified_gmt":"2017-05-16T09:50:14","slug":"curso-relaciones-publicas-protocolo-pruebalo","status":"publish","type":"page","link":"https:\/\/divulgaciondinamica.info\/promos\/curso-relaciones-publicas-protocolo-pruebalo\/","title":{"rendered":"Curso en Relaciones P\u00fablicas y Protocolo &#8211; \u00a1Pru\u00e9balo gratis!"},"content":{"rendered":"<p>[vc_row css=\u00bb.vc_custom_1427804811471{margin-top: 25px !important;margin-bottom: 25px !important;}\u00bb][vc_column width=\u00bb2\/3&#8243;][vc_single_image image=\u00bb1573&#8243; img_size=\u00bb661&#215;82&#8243;][\/vc_column][vc_column width=\u00bb1\/3&#8243;][vc_column_text css=\u00bb.vc_custom_1488883358672{margin-top: 25px !important;}\u00bb]<\/p>\n<h6 style=\"text-align: right;\"><i class=\"fa fa-whatsapp\"><\/i> 628 069 839<\/h6>\n<p style=\"text-align: right;\"><strong>soporte1@divulgaciondinamica.es<\/strong><\/p>\n<p>[\/vc_column_text][\/vc_column][\/vc_row][vc_row css=\u00bb.vc_custom_1489484355483{margin-top: 25px !important;margin-bottom: 15px !important;}\u00bb][vc_column][vc_custom_heading text=\u00bbCurso Online<br \/>\n\u00bb font_container=\u00bbtag:p|font_size:32|text_align:center|color:%230a7aba|line_height:1.1&#8243; google_fonts=\u00bbfont_family:Lato%3A100%2C100italic%2C300%2C300italic%2Cregular%2Citalic%2C700%2C700italic%2C900%2C900italic|font_style:300%20light%20regular%3A300%3Anormal\u00bb css=\u00bb.vc_custom_1490955635731{margin-bottom: 15px !important;}\u00bb][vc_custom_heading text=\u00bbRelaciones P\u00fablicas y Protocolo\u00bb font_container=\u00bbtag:h1|font_size:38|text_align:center|color:%230a7aba|line_height:1.1&#8243; google_fonts=\u00bbfont_family:Lato%3A100%2C100italic%2C300%2C300italic%2Cregular%2Citalic%2C700%2C700italic%2C900%2C900italic|font_style:900%20bold%20regular%3A900%3Anormal\u00bb css=\u00bb.vc_custom_1492593240820{margin-bottom: 15px !important;}\u00bb][\/vc_column][\/vc_row][vc_row][vc_column][vc_column_text]<img loading=\"lazy\" class=\"alignleft wp-image-5619 size-full\" title=\"Relaciones P\u00fablicas y Protocolo\" src=\"http:\/\/divulgaciondinamica.info\/promos\/wp-content\/uploads\/2017\/03\/Centro-M\u00e1ster-Relaciones-P\u00fablicas-y-Protocolo-PUEBA-GRATIS.jpg\" alt=\"Curso de Relaciones P\u00fablicas y Protocolo Online\" width=\"643\" height=\"434\" srcset=\"https:\/\/divulgaciondinamica.info\/promos\/wp-content\/uploads\/2017\/03\/Centro-M\u00e1ster-Relaciones-P\u00fablicas-y-Protocolo-PUEBA-GRATIS.jpg 643w, https:\/\/divulgaciondinamica.info\/promos\/wp-content\/uploads\/2017\/03\/Centro-M\u00e1ster-Relaciones-P\u00fablicas-y-Protocolo-PUEBA-GRATIS-300x202.jpg 300w\" sizes=\"(max-width: 643px) 100vw, 643px\" \/><a href=\"http:\/\/www.divulgaciondinamica.es\/secretaria\/alumnos\/form\/815\/\" target=\"_blank\"><img loading=\"lazy\" class=\"alignleft wp-image-5652 size-full\" title=\"Solicita informaci\u00f3n del curso de Relaciones P\u00fablicas y Protocolo\" src=\"http:\/\/divulgaciondinamica.info\/promos\/wp-content\/uploads\/2017\/03\/Centro-M\u00e1ster-Relaciones-P\u00fablicas-y-Protocolo-PUEBA-GRATIS_02-4.png\" alt=\"Relaciones P\u00fablicas y Protocolo\" width=\"417\" height=\"434\" align=\"middle\" srcset=\"https:\/\/divulgaciondinamica.info\/promos\/wp-content\/uploads\/2017\/03\/Centro-M\u00e1ster-Relaciones-P\u00fablicas-y-Protocolo-PUEBA-GRATIS_02-4.png 417w, https:\/\/divulgaciondinamica.info\/promos\/wp-content\/uploads\/2017\/03\/Centro-M\u00e1ster-Relaciones-P\u00fablicas-y-Protocolo-PUEBA-GRATIS_02-4-288x300.png 288w\" sizes=\"(max-width: 417px) 100vw, 417px\" \/><\/a>[\/vc_column_text][\/vc_column][\/vc_row][vc_row css=\u00bb.vc_custom_1427804437681{margin-top: 35px !important;margin-bottom: 35px !important;}\u00bb][vc_column width=\u00bb1\/4&#8243;][vc_single_image image=\u00bb3702&#8243; img_size=\u00bb250&#215;195&#8243; alignment=\u00bbcenter\u00bb][\/vc_column][vc_column width=\u00bb1\/4&#8243;][vc_single_image image=\u00bb3703&#8243; img_size=\u00bb250&#215;195&#8243; alignment=\u00bbcenter\u00bb][\/vc_column][vc_column width=\u00bb1\/4&#8243;][vc_single_image image=\u00bb3704&#8243; img_size=\u00bb250&#215;195&#8243; alignment=\u00bbcenter\u00bb][\/vc_column][vc_column width=\u00bb1\/4&#8243;][vc_single_image image=\u00bb5621&#8243; img_size=\u00bb250&#215;195&#8243; alignment=\u00bbcenter\u00bb onclick=\u00bbcustom_link\u00bb link=\u00bbhttp:\/\/www.divulgaciondinamica.es\/secretaria\/alumnos\/form\/815\/\u00bb][\/vc_column][\/vc_row][vc_row][vc_column][\/vc_column][\/vc_row][vc_row css=\u00bb.vc_custom_1427805189823{margin-top: 35px !important;margin-bottom: 35px !important;}\u00bb][vc_column width=\u00bb1\/2&#8243;][vc_custom_heading text=\u00bbPresentaci\u00f3n del Curso:\u00bb font_container=\u00bbtag:h2|font_size:26|text_align:left|color:%23008ede|line_height:1.1&#8243; google_fonts=\u00bbfont_family:Lato%3A100%2C100italic%2C300%2C300italic%2Cregular%2Citalic%2C700%2C700italic%2C900%2C900italic|font_style:900%20bold%20regular%3A900%3Anormal\u00bb css=\u00bb.vc_custom_1488883231472{margin-top: 25px !important;margin-bottom: 25px !important;}\u00bb][vc_custom_heading text=\u00bbRealiza gratis los 2 primeros m\u00f3dulos del Curso durante dos semanas y descubre c\u00f3mo funciona nuestra metodolog\u00eda y Plataforma de Formaci\u00f3n online.\u00bb font_container=\u00bbtag:h2|font_size:17|text_align:left|color:%23262626|line_height:1.4&#8243; google_fonts=\u00bbfont_family:Lato%3A100%2C100italic%2C300%2C300italic%2Cregular%2Citalic%2C700%2C700italic%2C900%2C900italic|font_style:900%20bold%20italic%3A900%3Aitalic\u00bb css=\u00bb.vc_custom_1488885781364{margin-top: 25px !important;margin-bottom: 25px !important;}\u00bb][vc_column_text css=\u00bb.vc_custom_1492593403360{margin-bottom: 30px !important;}\u00bb]<\/p>\n<div id=\"stcpDiv\">\n<p style=\"text-align: left;\" align=\"justify\">Las estrategias de comunicaci\u00f3n y relaciones, tanto en el \u00e1mbito interno como externo a las entidades, instituciones y organizaciones p\u00fablicas o privadas pueden llevar al \u00e9xito o hundir en el fracaso los diferentes objetivos de las mismas y por tanto, las funciones de comunicaci\u00f3n, protocolo y organizaci\u00f3n de eventos resultan hoy en d\u00eda indispensable para cualquier entidad.<\/p>\n<p>El curso de \u00abRelaciones P\u00fablicas y Protocolo\u00bb Online que presentamos, permite adquirir aquellas competencias y habilidades t\u00e9cnicas espec\u00edficas para las relaciones p\u00fablicas internas y externas, ocup\u00e1ndose concretamente de las relaciones con los medios de comunicaci\u00f3n, de la organizaci\u00f3n de eventos\u00a0 y de la comunicaci\u00f3n interna, con el objetivo de satisfacer las demandas de interacci\u00f3n comunicativa entre todos los p\u00fablicos de una entidad.<\/p>\n<p><img loading=\"lazy\" class=\"alignleft size-full wp-image-53\" src=\"http:\/\/divulgaciondinamica.info\/promos\/wp-content\/uploads\/2015\/03\/diploma-digital1.png\" alt=\"diploma-digital\" width=\"479\" height=\"322\" srcset=\"https:\/\/divulgaciondinamica.info\/promos\/wp-content\/uploads\/2015\/03\/diploma-digital1.png 479w, https:\/\/divulgaciondinamica.info\/promos\/wp-content\/uploads\/2015\/03\/diploma-digital1-300x202.png 300w\" sizes=\"(max-width: 479px) 100vw, 479px\" \/><\/p>\n<\/div>\n<p>[\/vc_column_text][\/vc_column][vc_column width=\u00bb1\/2&#8243;][vc_row_inner css=\u00bb.vc_custom_1488818742343{padding-top: 10px !important;padding-right: 15px !important;padding-bottom: 10px !important;padding-left: 15px !important;}\u00bb][vc_column_inner][vc_custom_heading text=\u00bb\u00a1Pru\u00e9balo gratis y realiza los dos primeros m\u00f3dulos durante 2 semanas!\u00bb font_container=\u00bbtag:h2|font_size:26|text_align:left|color:%23008ede|line_height:1.1&#8243; google_fonts=\u00bbfont_family:Lato%3A100%2C100italic%2C300%2C300italic%2Cregular%2Citalic%2C700%2C700italic%2C900%2C900italic|font_style:900%20bold%20regular%3A900%3Anormal\u00bb css=\u00bb.vc_custom_1488885224464{margin-top: 25px !important;margin-bottom: 25px !important;}\u00bb][vc_column_text]<span style=\"color: #008ede;\"><strong>1. INTRODUCCI\u00d3N A LAS RELACIONES P\u00daBLICAS<\/strong><\/span><\/p>\n<p><span style=\"color: #008ede;\">1.1 Conceptualizaci\u00f3n de relaciones p\u00fablicas<\/span><br \/>\n<span style=\"color: #008ede;\">1.2 El enfoque estrat\u00e9gico de las relaciones p\u00fablicas<\/span><br \/>\n<span style=\"color: #008ede;\">1.3 Metodolog\u00eda de las relaciones p\u00fablicas <\/span><\/p>\n<p><span style=\"color: #008ede;\"><strong>2. RELACIONES P\u00daBLICAS INTERNAS<\/strong><\/span><\/p>\n<p><span style=\"color: #008ede;\">2.1 Las relaciones p\u00fablicas y la comunicaci\u00f3n interna de las entidades<\/span><br \/>\n<span style=\"color: #008ede;\">2.2 Instrumentos y soportes de comunicaci\u00f3n interna<\/span><br \/>\n<span style=\"color: #008ede;\">2.3 La comunicaci\u00f3n interna en situaciones de crisis<\/span>[\/vc_column_text][vc_message message_box_style=\u00bbsolid\u00bb]<\/p>\n<p style=\"text-align: center;\"><span style=\"color: #ffffff;\"><strong>PLAZO DE PRUEBA GRATUITA:<\/strong><\/span><br \/>\n<span style=\"color: #ffffff;\"> 2 semanas: del 22 de marzo al 4 de abril de 2017<\/span><\/p>\n<p>[\/vc_message][\/vc_column_inner][\/vc_row_inner][vc_single_image image=\u00bb5647&#8243; img_size=\u00bbfull\u00bb alignment=\u00bbcenter\u00bb css=\u00bb.vc_custom_1488886152072{margin-top: 10px !important;margin-bottom: 10px !important;}\u00bb][vc_custom_heading text=\u00bbACCESO AL CURSO COMPLETO:\u00bb font_container=\u00bbtag:h2|font_size:22|text_align:center|color:%23333333|line_height:1.2&#8243; google_fonts=\u00bbfont_family:Lato%3A100%2C100italic%2C300%2C300italic%2Cregular%2Citalic%2C700%2C700italic%2C900%2C900italic|font_style:700%20bold%20regular%3A700%3Anormal\u00bb css=\u00bb.vc_custom_1488885956482{margin-top: 25px !important;padding-right: 10px !important;padding-left: 10px !important;}\u00bb][vc_custom_heading text=\u00bbEn el caso que quieras continuar con la formaci\u00f3n,<br \/>\npodr\u00e1s acceder a los siguientes m\u00f3dulos:\u00bb font_container=\u00bbtag:h2|font_size:16|text_align:center|color:%23333333|line_height:1.2&#8243; google_fonts=\u00bbfont_family:Lato%3A100%2C100italic%2C300%2C300italic%2Cregular%2Citalic%2C700%2C700italic%2C900%2C900italic|font_style:400%20regular%3A400%3Anormal\u00bb css=\u00bb.vc_custom_1488886170517{padding-top: 15px !important;padding-right: 10px !important;padding-bottom: 15px !important;padding-left: 10px !important;}\u00bb][vc_row_inner][vc_column_inner][vc_column_text css=\u00bb.vc_custom_1488884593932{padding-top: 15px !important;padding-right: 10px !important;padding-bottom: 15px !important;padding-left: 10px !important;}\u00bb]<span style=\"color: #808080;\"><strong>3. RELACIONES P\u00daBLICAS EXTERNAS: LAS RELACIONES CON LOS MEDIOS DE COMUNICACI\u00d3N<\/strong><\/span><\/p>\n<p><span style=\"color: #808080;\">3.1 Relaciones P\u00fablicas Externas<\/span><br \/>\n<span style=\"color: #808080;\">3.2 Relaciones con los medios de comunicaci\u00f3n<\/span><br \/>\n<span style=\"color: #808080;\">3.3 La relaci\u00f3n con los medios en situaciones de riesgo y crisis<\/span><br \/>\n<span style=\"color: #808080;\">3.4 La \u00e9tica en las relaciones con los medios<\/span><\/p>\n<p><span style=\"color: #808080;\"><strong>4. PROTOCOLO COMO T\u00c9CNICA DE RELACIONES P\u00daBLICAS<\/strong><\/span><\/p>\n<p><span style=\"color: #808080;\">4.1 Protocolo. Conceptualizaci\u00f3n<\/span><br \/>\n<span style=\"color: #808080;\">4.2 Reglas b\u00e1sicas de protocolo oficial<\/span><br \/>\n<span style=\"color: #808080;\">4.3 Reglas b\u00e1sicas de protocolo social<\/span><br \/>\n<span style=\"color: #808080;\">4.4 Reglas b\u00e1sicas\u00a0 para protocolo empresarial<\/span><\/p>\n<p><span style=\"color: #808080;\"><strong>5. LA ORGANIZACI\u00d3N DE EVENTOS COMO HERRAMIENTA DE COMUNICACI\u00d3N<\/strong><\/span><\/p>\n<p><span style=\"color: #808080;\">5.1 Eventos<\/span><br \/>\n<span style=\"color: #808080;\">5.2 El proceso de la organizaci\u00f3n de eventos<\/span><br \/>\n<span style=\"color: #808080;\">5.3 Herramientas esenciales para la organizaci\u00f3n de eventos<\/span><br \/>\n<span style=\"color: #808080;\">5.4 Organizaci\u00f3n de eventos y propiedad intelectual<\/span><br \/>\n<span style=\"color: #808080;\">5.5 Accesibilidad de los eventos<\/span><br \/>\n<span style=\"color: #808080;\">5.6 Sostenibilidad de los eventos<\/span>[\/vc_column_text][\/vc_column_inner][\/vc_row_inner][\/vc_column][\/vc_row][vc_row css=\u00bb.vc_custom_1427806970509{margin-top: 35px !important;margin-bottom: 35px !important;}\u00bb][vc_column][vc_btn title=\u00bbQuiero inscribirme\u00bb style=\u00bbflat\u00bb color=\u00bbwarning\u00bb size=\u00bblg\u00bb align=\u00bbcenter\u00bb link=\u00bburl:http%3A%2F%2Fwww.divulgaciondinamica.es%2Fsecretaria%2Falumnos%2Fform%2F815%2F||target:%20_blank\u00bb][\/vc_column][\/vc_row]<\/p>\n","protected":false},"excerpt":{"rendered":"<p>[vc_row css=\u00bb.vc_custom_1427804811471{margin-top: 25px !important;margin-bottom: 25px !important;}\u00bb][vc_column width=\u00bb2\/3&#8243;][vc_single_image image=\u00bb1573&#8243; img_size=\u00bb661&#215;82&#8243;][\/vc_column][vc_column width=\u00bb1\/3&#8243;][vc_column_text css=\u00bb.vc_custom_1488883358672{margin-top: 25px !important;}\u00bb] 628 069 839 soporte1@divulgaciondinamica.es [\/vc_column_text][\/vc_column][\/vc_row][vc_row css=\u00bb.vc_custom_1489484355483{margin-top: 25px !important;margin-bottom: 15px !important;}\u00bb][vc_column][vc_custom_heading text=\u00bbCurso Online \u00bb font_container=\u00bbtag:p|font_size:32|text_align:center|color:%230a7aba|line_height:1.1&#8243; google_fonts=\u00bbfont_family:Lato%3A100%2C100italic%2C300%2C300italic%2Cregular%2Citalic%2C700%2C700italic%2C900%2C900italic|font_style:300%20light%20regular%3A300%3Anormal\u00bb css=\u00bb.vc_custom_1490955635731{margin-bottom: 15px !important;}\u00bb][vc_custom_heading text=\u00bbRelaciones P\u00fablicas y Protocolo\u00bb font_container=\u00bbtag:h1|font_size:38|text_align:center|color:%230a7aba|line_height:1.1&#8243; google_fonts=\u00bbfont_family:Lato%3A100%2C100italic%2C300%2C300italic%2Cregular%2Citalic%2C700%2C700italic%2C900%2C900italic|font_style:900%20bold%20regular%3A900%3Anormal\u00bb css=\u00bb.vc_custom_1492593240820{margin-bottom: 15px !important;}\u00bb][\/vc_column][\/vc_row][vc_row][vc_column][vc_column_text][\/vc_column_text][\/vc_column][\/vc_row][vc_row<\/p>\n","protected":false},"author":1,"featured_media":0,"parent":0,"menu_order":0,"comment_status":"closed","ping_status":"closed","template":"","meta":[],"yoast_head":"<!-- This site is optimized with the Yoast SEO plugin v15.7 - https:\/\/yoast.com\/wordpress\/plugins\/seo\/ -->\n<title>Curso en Relaciones P\u00fablicas y Protocolo - \u00a1Pru\u00e9balo gratis! - Divulgaci\u00f3n Din\u00e1mica<\/title>\n<meta name=\"description\" content=\"Curso de &quot;Relaciones P\u00fablicas y Protocolo&quot; Online. Apostamos por una formaci\u00f3n de calidad al alcance de todos. Paga solo las tasas. \u00a1Inf\u00f3rmate hoy mismo!.\" \/>\n<meta name=\"robots\" content=\"index, follow, max-snippet:-1, max-image-preview:large, max-video-preview:-1\" \/>\n<link rel=\"canonical\" href=\"http:\/\/divulgaciondinamica.info\/promos\/curso-relaciones-publicas-protocolo\/\" \/>\n<meta property=\"og:locale\" content=\"es_ES\" \/>\n<meta property=\"og:type\" content=\"article\" \/>\n<meta property=\"og:title\" content=\"Curso en Relaciones P\u00fablicas y Protocolo - \u00a1Pru\u00e9balo gratis! - Divulgaci\u00f3n Din\u00e1mica\" \/>\n<meta property=\"og:description\" content=\"Curso de &quot;Relaciones P\u00fablicas y Protocolo&quot; Online. Apostamos por una formaci\u00f3n de calidad al alcance de todos. Paga solo las tasas. \u00a1Inf\u00f3rmate hoy mismo!.\" \/>\n<meta property=\"og:url\" content=\"http:\/\/divulgaciondinamica.info\/promos\/curso-relaciones-publicas-protocolo\/\" \/>\n<meta property=\"og:site_name\" content=\"Divulgaci\u00f3n Din\u00e1mica\" \/>\n<meta property=\"article:publisher\" content=\"https:\/\/www.facebook.com\/divulgaciondinamicaformacion\/\" \/>\n<meta property=\"article:modified_time\" content=\"2017-05-16T09:50:14+00:00\" \/>\n<meta property=\"og:image\" content=\"http:\/\/divulgaciondinamica.info\/promos\/wp-content\/uploads\/2017\/03\/Centro-M\u00e1ster-Relaciones-P\u00fablicas-y-Protocolo-PUEBA-GRATIS.jpg\" \/>\n<meta name=\"twitter:card\" content=\"summary_large_image\" \/>\n<meta name=\"twitter:site\" content=\"@divulgaciond\" \/>\n<meta name=\"twitter:label1\" content=\"Tiempo de lectura\">\n\t<meta name=\"twitter:data1\" content=\"5 minutos\">\n<script type=\"application\/ld+json\" class=\"yoast-schema-graph\">{\"@context\":\"https:\/\/schema.org\",\"@graph\":[{\"@type\":\"Organization\",\"@id\":\"https:\/\/divulgaciondinamica.info\/promos\/#organization\",\"name\":\"Divulgaci\\u00f3n Din\\u00e1mica S.L.\",\"url\":\"https:\/\/divulgaciondinamica.info\/promos\/\",\"sameAs\":[\"https:\/\/www.facebook.com\/divulgaciondinamicaformacion\/\",\"https:\/\/www.instagram.com\/divulgaciondinamica\",\"https:\/\/www.linkedin.com\/company-beta\/9490428\/\",\"https:\/\/www.youtube.com\/user\/ddinamica2010\",\"https:\/\/twitter.com\/divulgaciond\"],\"logo\":{\"@type\":\"ImageObject\",\"@id\":\"https:\/\/divulgaciondinamica.info\/promos\/#logo\",\"inLanguage\":\"es\",\"url\":\"https:\/\/divulgaciondinamica.info\/promos\/wp-content\/uploads\/2016\/02\/logo-divulgaciondinamica-ddf.png\",\"width\":400,\"height\":79,\"caption\":\"Divulgaci\\u00f3n Din\\u00e1mica S.L.\"},\"image\":{\"@id\":\"https:\/\/divulgaciondinamica.info\/promos\/#logo\"}},{\"@type\":\"WebSite\",\"@id\":\"https:\/\/divulgaciondinamica.info\/promos\/#website\",\"url\":\"https:\/\/divulgaciondinamica.info\/promos\/\",\"name\":\"Divulgaci\\u00f3n Din\\u00e1mica\",\"description\":\"Formaci\\u00f3n de calidad al alcance de todos\",\"publisher\":{\"@id\":\"https:\/\/divulgaciondinamica.info\/promos\/#organization\"},\"potentialAction\":[{\"@type\":\"SearchAction\",\"target\":\"https:\/\/divulgaciondinamica.info\/promos\/?s={search_term_string}\",\"query-input\":\"required name=search_term_string\"}],\"inLanguage\":\"es\"},{\"@type\":\"ImageObject\",\"@id\":\"http:\/\/divulgaciondinamica.info\/promos\/curso-relaciones-publicas-protocolo\/#primaryimage\",\"inLanguage\":\"es\",\"url\":\"http:\/\/divulgaciondinamica.info\/promos\/wp-content\/uploads\/2017\/03\/Centro-M\\u00e1ster-Relaciones-P\\u00fablicas-y-Protocolo-PUEBA-GRATIS.jpg\"},{\"@type\":\"WebPage\",\"@id\":\"http:\/\/divulgaciondinamica.info\/promos\/curso-relaciones-publicas-protocolo\/#webpage\",\"url\":\"http:\/\/divulgaciondinamica.info\/promos\/curso-relaciones-publicas-protocolo\/\",\"name\":\"Curso en Relaciones P\\u00fablicas y Protocolo - \\u00a1Pru\\u00e9balo gratis! - Divulgaci\\u00f3n Din\\u00e1mica\",\"isPartOf\":{\"@id\":\"https:\/\/divulgaciondinamica.info\/promos\/#website\"},\"primaryImageOfPage\":{\"@id\":\"http:\/\/divulgaciondinamica.info\/promos\/curso-relaciones-publicas-protocolo\/#primaryimage\"},\"datePublished\":\"2017-03-06T15:34:46+00:00\",\"dateModified\":\"2017-05-16T09:50:14+00:00\",\"description\":\"Curso de \\\"Relaciones P\\u00fablicas y Protocolo\\\" Online. Apostamos por una formaci\\u00f3n de calidad al alcance de todos. Paga solo las tasas. \\u00a1Inf\\u00f3rmate hoy mismo!.\",\"inLanguage\":\"es\",\"potentialAction\":[{\"@type\":\"ReadAction\",\"target\":[\"http:\/\/divulgaciondinamica.info\/promos\/curso-relaciones-publicas-protocolo\/\"]}]}]}<\/script>\n<!-- \/ Yoast SEO plugin. -->","_links":{"self":[{"href":"https:\/\/divulgaciondinamica.info\/promos\/wp-json\/wp\/v2\/pages\/5576"}],"collection":[{"href":"https:\/\/divulgaciondinamica.info\/promos\/wp-json\/wp\/v2\/pages"}],"about":[{"href":"https:\/\/divulgaciondinamica.info\/promos\/wp-json\/wp\/v2\/types\/page"}],"author":[{"embeddable":true,"href":"https:\/\/divulgaciondinamica.info\/promos\/wp-json\/wp\/v2\/users\/1"}],"replies":[{"embeddable":true,"href":"https:\/\/divulgaciondinamica.info\/promos\/wp-json\/wp\/v2\/comments?post=5576"}],"version-history":[{"count":5,"href":"https:\/\/divulgaciondinamica.info\/promos\/wp-json\/wp\/v2\/pages\/5576\/revisions"}],"predecessor-version":[{"id":6550,"href":"https:\/\/divulgaciondinamica.info\/promos\/wp-json\/wp\/v2\/pages\/5576\/revisions\/6550"}],"wp:attachment":[{"href":"https:\/\/divulgaciondinamica.info\/promos\/wp-json\/wp\/v2\/media?parent=5576"}],"curies":[{"name":"wp","href":"https:\/\/api.w.org\/{rel}","templated":true}]}}