{"id":5532,"date":"2017-03-01T13:33:35","date_gmt":"2017-03-01T13:33:35","guid":{"rendered":"http:\/\/divulgaciondinamica.info\/promos\/?page_id=5532"},"modified":"2018-09-07T08:39:48","modified_gmt":"2018-09-07T08:39:48","slug":"corso-di-operatore-in-centri-per-lintervento-precoce","status":"publish","type":"page","link":"https:\/\/divulgaciondinamica.info\/promos\/corso-di-operatore-in-centri-per-lintervento-precoce\/","title":{"rendered":"Corso di Operatore in centri per l\u2019intervento precoce"},"content":{"rendered":"<p>[vc_row css=\u00bb.vc_custom_1427804811471{margin-top: 25px !important;margin-bottom: 25px !important;}\u00bb][vc_column width=\u00bb2\/3&#8243;][vc_single_image image=\u00bb1257&#8243; img_size=\u00bb661&#215;82&#8243;][\/vc_column][vc_column width=\u00bb1\/3&#8243;][vc_column_text]<\/p>\n<h6 style=\"text-align: right;\">0034 628 069 839<\/h6>\n<p style=\"text-align: right;\"><strong>informazione5@divulgazionedinamica.it<\/strong><\/p>\n<p>[\/vc_column_text][\/vc_column][\/vc_row][vc_row css=\u00bb.vc_custom_1489484355483{margin-top: 25px !important;margin-bottom: 15px !important;}\u00bb][vc_column][vc_custom_heading text=\u00bbCorso Online\u00bb font_container=\u00bbtag:h2|font_size:32|text_align:center|color:%230a7aba|line_height:1.1&#8243; google_fonts=\u00bbfont_family:Lato%3A100%2C100italic%2C300%2C300italic%2Cregular%2Citalic%2C700%2C700italic%2C900%2C900italic|font_style:300%20light%20regular%3A300%3Anormal\u00bb css=\u00bb.vc_custom_1490354987945{margin-bottom: 5px !important;}\u00bb][vc_custom_heading text=\u00bbOperatore in Centri per l&#8217;intervento precoce\u00bb font_container=\u00bbtag:h2|font_size:44|text_align:center|color:%230a7aba|line_height:1.1&#8243; google_fonts=\u00bbfont_family:Lato%3A100%2C100italic%2C300%2C300italic%2Cregular%2Citalic%2C700%2C700italic%2C900%2C900italic|font_style:900%20bold%20regular%3A900%3Anormal\u00bb css=\u00bb.vc_custom_1490354994287{margin-bottom: 15px !important;}\u00bb][\/vc_column][\/vc_row][vc_row css=\u00bb.vc_custom_1489484502411{margin-top: 25px !important;margin-right: 0px !important;margin-bottom: 15px !important;}\u00bb][vc_column width=\u00bb1\/4&#8243;][vc_row_inner css=\u00bb.vc_custom_1489423995390{margin-top: 2px !important;margin-right: 2px !important;margin-bottom: 2px !important;margin-left: 2px !important;padding-top: 10px !important;padding-right: 5px !important;padding-bottom: 20px !important;padding-left: 5px !important;background-color: #efefef !important;}\u00bb][vc_column_inner][vc_icon icon_fontawesome=\u00bbfa fa-laptop\u00bb color=\u00bbsky\u00bb size=\u00bblg\u00bb align=\u00bbcenter\u00bb css_animation=\u00bbbottom-to-top\u00bb css=\u00bb.vc_custom_1489423953746{margin-bottom: 10px !important;}\u00bb][vc_custom_heading text=\u00bbModalit\u00e0:\u00bb font_container=\u00bbtag:h2|font_size:18|text_align:center|color:%230a7aba|line_height:1.2&#8243; google_fonts=\u00bbfont_family:Lato%3A100%2C100italic%2C300%2C300italic%2Cregular%2Citalic%2C700%2C700italic%2C900%2C900italic|font_style:900%20bold%20regular%3A900%3Anormal\u00bb css=\u00bb.vc_custom_1490355030255{margin-bottom: 5px !important;}\u00bb][vc_custom_heading text=\u00bb100% online\u00bb font_container=\u00bbtag:h2|font_size:16|text_align:center|color:%230a7aba|line_height:1.2&#8243; google_fonts=\u00bbfont_family:Lato%3A100%2C100italic%2C300%2C300italic%2Cregular%2Citalic%2C700%2C700italic%2C900%2C900italic|font_style:400%20regular%3A400%3Anormal\u00bb][\/vc_column_inner][\/vc_row_inner][\/vc_column][vc_column width=\u00bb1\/4&#8243;][vc_row_inner css=\u00bb.vc_custom_1489424000853{margin-top: 2px !important;margin-right: 2px !important;margin-bottom: 2px !important;margin-left: 2px !important;padding-top: 10px !important;padding-right: 5px !important;padding-bottom: 20px !important;padding-left: 5px !important;background-color: #efefef !important;}\u00bb][vc_column_inner][vc_icon icon_fontawesome=\u00bbfa fa-clock-o\u00bb color=\u00bbsky\u00bb size=\u00bblg\u00bb align=\u00bbcenter\u00bb css_animation=\u00bbbottom-to-top\u00bb css=\u00bb.vc_custom_1489424050530{margin-bottom: 10px !important;}\u00bb][vc_custom_heading text=\u00bbDurata:\u00bb font_container=\u00bbtag:h2|font_size:18|text_align:center|color:%230a7aba|line_height:1.2&#8243; google_fonts=\u00bbfont_family:Lato%3A100%2C100italic%2C300%2C300italic%2Cregular%2Citalic%2C700%2C700italic%2C900%2C900italic|font_style:900%20bold%20regular%3A900%3Anormal\u00bb css=\u00bb.vc_custom_1490355035615{margin-bottom: 5px !important;}\u00bb][vc_custom_heading text=\u00bb120 ore \/ 5 settimane\u00bb font_container=\u00bbtag:h2|font_size:16|text_align:center|color:%230a7aba|line_height:1.2&#8243; google_fonts=\u00bbfont_family:Lato%3A100%2C100italic%2C300%2C300italic%2Cregular%2Citalic%2C700%2C700italic%2C900%2C900italic|font_style:400%20regular%3A400%3Anormal\u00bb][\/vc_column_inner][\/vc_row_inner][\/vc_column][vc_column width=\u00bb1\/4&#8243;][vc_row_inner css=\u00bb.vc_custom_1489424005381{margin-top: 2px !important;margin-right: 2px !important;margin-bottom: 2px !important;margin-left: 2px !important;padding-top: 10px !important;padding-right: 5px !important;padding-bottom: 20px !important;padding-left: 5px !important;background-color: #efefef !important;}\u00bb][vc_column_inner][vc_icon icon_fontawesome=\u00bbfa fa-calendar\u00bb color=\u00bbsky\u00bb size=\u00bblg\u00bb align=\u00bbcenter\u00bb css_animation=\u00bbbottom-to-top\u00bb css=\u00bb.vc_custom_1489423962381{margin-bottom: 10px !important;}\u00bb][vc_custom_heading text=\u00bbData d&#8217;inizio:\u00bb font_container=\u00bbtag:h2|font_size:18|text_align:center|color:%230a7aba|line_height:1.2&#8243; google_fonts=\u00bbfont_family:Lato%3A100%2C100italic%2C300%2C300italic%2Cregular%2Citalic%2C700%2C700italic%2C900%2C900italic|font_style:900%20bold%20regular%3A900%3Anormal\u00bb css=\u00bb.vc_custom_1490355081965{margin-bottom: 5px !important;}\u00bb][vc_custom_heading text=\u00bb18 \/ settembre \/ 2018&#8243; font_container=\u00bbtag:h2|font_size:16|text_align:center|color:%230a7aba|line_height:1.2&#8243; google_fonts=\u00bbfont_family:Lato%3A100%2C100italic%2C300%2C300italic%2Cregular%2Citalic%2C700%2C700italic%2C900%2C900italic|font_style:400%20regular%3A400%3Anormal\u00bb][\/vc_column_inner][\/vc_row_inner][\/vc_column][vc_column width=\u00bb1\/4&#8243;][vc_row_inner css=\u00bb.vc_custom_1489424009765{margin-top: 2px !important;margin-right: 2px !important;margin-bottom: 2px !important;margin-left: 2px !important;padding-top: 10px !important;padding-right: 5px !important;padding-bottom: 20px !important;padding-left: 5px !important;background-color: #efefef !important;}\u00bb][vc_column_inner][vc_icon icon_fontawesome=\u00bbfa fa-graduation-cap\u00bb color=\u00bbsky\u00bb size=\u00bblg\u00bb align=\u00bbcenter\u00bb css_animation=\u00bbbottom-to-top\u00bb css=\u00bb.vc_custom_1489423967355{margin-bottom: 10px !important;}\u00bb][vc_custom_heading text=\u00bbTasse Amministrative:\u00bb font_container=\u00bbtag:h2|font_size:18|text_align:center|color:%230a7aba|line_height:1.2&#8243; google_fonts=\u00bbfont_family:Lato%3A100%2C100italic%2C300%2C300italic%2Cregular%2Citalic%2C700%2C700italic%2C900%2C900italic|font_style:900%20bold%20regular%3A900%3Anormal\u00bb css=\u00bb.vc_custom_1490355127290{margin-bottom: 5px !important;}\u00bb][vc_custom_heading text=\u00bbPaga solo 76\u20ac\u00bb font_container=\u00bbtag:h2|font_size:16|text_align:center|color:%230a7aba|line_height:1.2&#8243; google_fonts=\u00bbfont_family:Lato%3A100%2C100italic%2C300%2C300italic%2Cregular%2Citalic%2C700%2C700italic%2C900%2C900italic|font_style:400%20regular%3A400%3Anormal\u00bb][\/vc_column_inner][\/vc_row_inner][\/vc_column][\/vc_row][vc_row][vc_column][vc_column_text]<img loading=\"lazy\" class=\"wp-image-13186 size-full alignleft\" src=\"https:\/\/divulgaciondinamica.info\/promos\/wp-content\/uploads\/2018\/09\/atencion-temprana.png\" alt=\"\" width=\"643\" height=\"434\" srcset=\"https:\/\/divulgaciondinamica.info\/promos\/wp-content\/uploads\/2018\/09\/atencion-temprana.png 643w, https:\/\/divulgaciondinamica.info\/promos\/wp-content\/uploads\/2018\/09\/atencion-temprana-300x202.png 300w\" sizes=\"(max-width: 643px) 100vw, 643px\" \/><iframe style=\"border: 0px solid grey;\" src=\"https:\/\/segreteria.divulgazionedinamica.it\/alumnos\/iframe\/193\/\" width=\"417\" height=\"434\" scrolling=\"auto\"><\/iframe>[\/vc_column_text][\/vc_column][\/vc_row][vc_row css=\u00bb.vc_custom_1427804437681{margin-top: 35px !important;margin-bottom: 35px !important;}\u00bb][vc_column width=\u00bb1\/4&#8243;][vc_single_image image=\u00bb5967&#8243; img_size=\u00bb250&#215;195&#8243; alignment=\u00bbcenter\u00bb][\/vc_column][vc_column width=\u00bb1\/4&#8243;][vc_single_image image=\u00bb11063&#8243; img_size=\u00bb250&#215;195&#8243; alignment=\u00bbcenter\u00bb][\/vc_column][vc_column width=\u00bb1\/4&#8243;][vc_single_image image=\u00bb5965&#8243; img_size=\u00bb250&#215;195&#8243; alignment=\u00bbcenter\u00bb][\/vc_column][vc_column width=\u00bb1\/4&#8243;][vc_single_image image=\u00bb9215&#8243; img_size=\u00bb250&#215;195&#8243; alignment=\u00bbcenter\u00bb][\/vc_column][\/vc_row][vc_row][vc_column][\/vc_column][\/vc_row][vc_row css=\u00bb.vc_custom_1427805189823{margin-top: 35px !important;margin-bottom: 35px !important;}\u00bb][vc_column width=\u00bb1\/2&#8243;][vc_custom_heading text=\u00bbPresentazione del Corso:\u00bb font_container=\u00bbtag:h2|font_size:26|text_align:left|color:%230a7aba|line_height:1.2&#8243; google_fonts=\u00bbfont_family:Lato%3A100%2C100italic%2C300%2C300italic%2Cregular%2Citalic%2C700%2C700italic%2C900%2C900italic|font_style:900%20bold%20regular%3A900%3Anormal\u00bb css=\u00bb.vc_custom_1490355206178{margin-bottom: 45px !important;}\u00bb][vc_column_text css=\u00bb.vc_custom_1535966522364{margin-bottom: 30px !important;}\u00bb]<\/p>\n<div id=\"stcpDiv\">\n<p>L\u2019intervento precoce \u00e8 un ambito d\u2019intervento recente che si dedica ad offrire risposte a tutti quei bambini di et\u00e0 compresa tra 0 e 6 anni che presentano problemi nello sviluppo o il rischio di soffrirne in futuro, facilitando l\u2019inclusione dei minori nell\u2019ambiente che li circonda. Questo intervento non deve includere solo il bambino o la bambina, ma anche la famiglia e la scuola.<\/p>\n<div class=\"w-tabs-section-content\">\n<div class=\"w-tabs-section-content-h i-cf\">\n<div class=\"wpb_text_column \">\n<div class=\"wpb_wrapper\">\n<p>Con questo corso si vogliono apportare nozioni basiche riguardanti lo sviluppo infantile, i possibili rischi e punti chiave dell\u2019intervento precoce per arrivare a uno sviluppo evolutivo ottimale. Inoltre la presentazione di brevi idee sulla realizzazione di terapie alternative o complementari a quelle tradizionali da un carattere innovativo ed attuale a questo corso.<\/p>\n<div class=\"wpb_wrapper\">\n<p><span style=\"color: #999999;\">&#8211;<\/span><br \/>\n<span style=\"color: #0a7aba;\"><i class=\"fa fa-calendar-check-o\"><\/i> <strong>DURATA:<\/strong><\/span><\/p>\n<p>5 settimane (120 ore) <strong>dal 18 settembre al 23 ottobre 2018.<\/strong><br \/>\n<span style=\"color: #999999;\">&#8211;<\/span><strong><br \/>\n<span style=\"color: #0a7aba;\"><i class=\"fa fa-laptop\"><\/i> MODALIT\u00c0:<\/span><\/strong><\/p>\n<p>Piattaforma online a tua disposizione 24 ore su 24. Studia in base ai tuoi ritmi, senza una data specifica per gli esami, gestendo il corso in completa autonomia. Il requisito minimo \u00e8 portare a termine il corso e gli esami <strong>entro il 23 ottobre.<\/strong><br \/>\n<span style=\"color: #999999;\">&#8211;<\/span><br \/>\n<span style=\"color: #0a7aba;\"><i class=\"fa fa-mouse-pointer\"><\/i> <strong>METODOLOGIA:<\/strong><\/span><\/p>\n<p>Tutto ci\u00f2 di cui avrai bisogno relativo al corso sar\u00e0 disponibile nella nosta Piattaforma online. Il corso prevede <strong>4 moduli.<\/strong> Il materiale \u00e8 disponibile in formato PDF per scaricarlo, studiarlo e, se lo desideri, stamparlo. Il nostro materiale \u00e8 vario e dinamico e include contenuti audiovisivi, link con informazioni aggiuntive, ricorsi interessanti, esempi pratici e strumenti di ricerca. Avrai accesso a un forum online attraverso il quale potrai comunicare con un team di tutor a tua disposizione per qualsiasi domanda.<br \/>\n<span style=\"color: #999999;\">&#8211;<\/span><br \/>\n<span style=\"color: #0a7aba;\"><i class=\"fa fa-flag\"><\/i> <strong>ESAMI:<\/strong><\/span><\/p>\n<p>\u00c8 presente <strong>un esame per ciascun modulo<\/strong> (tra le 10 e le 20 domande per ciascun esame) ed avrai 3 tentativi a disposizione per ogni test. Dovrai infine sostenere un<strong> esame finale<\/strong> (tra le 30 e le 40 domande) che racchiude domande circa tutti i temi del corso e dovr\u00e0 essere superato al primo tentativo\u2013<br \/>\n<span style=\"color: #999999;\">&#8211;<\/span><br \/>\n<span style=\"color: #0a7aba;\"><i class=\"fa fa-graduation-cap\"><\/i> <strong>DIPLOMA:<\/strong><\/span><\/p>\n<p>Una volta superati tutti gli esami, <strong>il diploma verr\u00e0 inviato automaticamente, entro 10 giorni dalla data ultima di fine corso, all\u2019indirizzo di posta elettronica che ha comunicato al momento della registrazione.<\/strong><br \/>\n<span style=\"color: #999999;\">&#8211;<\/span><strong><br \/>\n<span style=\"color: #0a7aba;\"><i class=\"fa fa-check\"><\/i> VALIDIT\u00c0:<\/span><\/strong><\/p>\n<p>I nostri diplomi sono<strong> certificati dalla nostra azienda, Divulgazione Dinamica S.L. in possesso del REGISTRO DI QUALIT\u00c0 ISO 9001:2008 e revisati da EADL (European Association for Distance Learning)<\/strong>. Tutti i nostri diplomi conformano con la nuova legislazione e includono una <strong>Firma digitale, Firma elettronica e un Codice di Verifica<\/strong>, attaverso il quale qualsiasi persona o ente potr\u00e0 verificarne la validit\u00e0. Divulgazione Dimanica \u00e8 presente nel <strong>Registro di trasparenza dell\u2019Unione Europea<\/strong>.<br \/>\n<span style=\"color: #999999;\">&#8211;<\/span><br \/>\n<span style=\"color: #0a7aba;\"><i class=\"fa fa-tag\"><\/i> <strong>TASSE AMMINISTRATIVE:<\/strong><\/span><\/p>\n<p>\u00c8 previsto un <strong>costo unico di 76\u20ac<\/strong> relativo ai costi di gestione ed emissione del diploma, manutenzione della Piattaforma di Formazione e servizio di Tutorato Personale.<\/div>\n<div class=\"wpb_wrapper\"><img loading=\"lazy\" class=\"alignleft size-full wp-image-9396\" src=\"http:\/\/divulgaciondinamica.info\/promos\/wp-content\/uploads\/2017\/10\/Mensaje-Diploma-en-Italiano.png\" alt=\"Mensaje-Diploma-en-Italiano\" width=\"479\" height=\"322\" srcset=\"https:\/\/divulgaciondinamica.info\/promos\/wp-content\/uploads\/2017\/10\/Mensaje-Diploma-en-Italiano.png 479w, https:\/\/divulgaciondinamica.info\/promos\/wp-content\/uploads\/2017\/10\/Mensaje-Diploma-en-Italiano-300x202.png 300w\" sizes=\"(max-width: 479px) 100vw, 479px\" \/><\/div>\n<\/div>\n<\/div>\n<\/div>\n<\/div>\n<\/div>\n<p>[\/vc_column_text][\/vc_column][vc_column width=\u00bb1\/2&#8243;][vc_custom_heading text=\u00bbProgramma del Corso:\u00bb font_container=\u00bbtag:h2|font_size:26|text_align:left|color:%230a7aba|line_height:1.2&#8243; google_fonts=\u00bbfont_family:Lato%3A100%2C100italic%2C300%2C300italic%2Cregular%2Citalic%2C700%2C700italic%2C900%2C900italic|font_style:900%20bold%20regular%3A900%3Anormal\u00bb css=\u00bb.vc_custom_1536309627316{margin-bottom: 45px !important;}\u00bb][vc_column_text]<\/p>\n<div id=\"stcpDiv\">\n<div id=\"stcpDiv\">\n<p><strong>1. L\u2019INTERVENTO PRECOCE E LO SVILUPPO EVOLUTIVO DA 0 A 6 ANNI<\/strong><\/p>\n<p>1.1 Intervento precoce durante la prima infanzia<br \/>\n1.2 Basi dello sviluppo evolutivo infantile<br \/>\n1.3 Conclusioni<\/p>\n<p><strong>2. FATTORI DI RISCHIO, DISABILIT\u00c0 E DISTURBI TRA GLI 0 E I 6 ANNI<\/strong><\/p>\n<p>2.1 Principali fattori di rischio<br \/>\n2.2 Fattori di prevenzione<br \/>\n2.3 La diagnosi<br \/>\n2.4 Classificazione delle disabilit\u00e0 e dei disturbi<\/p>\n<p><strong>3. COME AGIRE NELL\u2019INTERVENTO PRECOCE<\/strong><\/p>\n<p>3.1 Valutazione<br \/>\n3.2 Azione nell\u2019intervento precoce<br \/>\n3.3 Casi pratici<\/p>\n<p><strong>4. INTERVENTO CONTESTUALE. TERAPIE ALTERNATIVE<\/strong><\/p>\n<p>4.1 L\u2019intervento contestuale con la famiglia<br \/>\n4.2 Interventi complementari o alternativi<\/p>\n<hr \/>\n<p><strong>+ WORKSHOP ONLINE GRATUITO: Tecniche di Intervento nei Problemi di Comportamento Infantile<\/strong><\/p>\n<p>1.1 Intervento nei problemi di comportamento infantile<\/p><\/div>\n<\/div>\n<p>[\/vc_column_text][\/vc_column][\/vc_row][vc_row css=\u00bb.vc_custom_1489484531438{margin-bottom: 60px !important;padding-top: 15px !important;padding-bottom: 5px !important;background-color: #0a7aba !important;}\u00bb][vc_column][vc_row_inner][vc_column_inner width=\u00bb1\/4&#8243;][vc_column_text]\u00a0[\/vc_column_text][\/vc_column_inner][vc_column_inner width=\u00bb1\/2&#8243;][vc_column_text]<\/p>\n<div style=\"text-align: center;\"><iframe style=\"border: 0px solid grey;\" src=\"https:\/\/segreteria.divulgazionedinamica.it\/alumnos\/iframe\/193\/\" width=\"417\" height=\"404\" scrolling=\"auto\" align=\"center\"><\/iframe><\/div>\n<p>[\/vc_column_text][\/vc_column_inner][vc_column_inner width=\u00bb1\/4&#8243;][vc_column_text]\u00a0[\/vc_column_text][\/vc_column_inner][\/vc_row_inner][\/vc_column][\/vc_row]<\/p>\n","protected":false},"excerpt":{"rendered":"<p>[vc_row css=\u00bb.vc_custom_1427804811471{margin-top: 25px !important;margin-bottom: 25px !important;}\u00bb][vc_column width=\u00bb2\/3&#8243;][vc_single_image image=\u00bb1257&#8243; img_size=\u00bb661&#215;82&#8243;][\/vc_column][vc_column width=\u00bb1\/3&#8243;][vc_column_text] 0034 628 069 839 informazione5@divulgazionedinamica.it [\/vc_column_text][\/vc_column][\/vc_row][vc_row css=\u00bb.vc_custom_1489484355483{margin-top: 25px !important;margin-bottom: 15px !important;}\u00bb][vc_column][vc_custom_heading text=\u00bbCorso Online\u00bb font_container=\u00bbtag:h2|font_size:32|text_align:center|color:%230a7aba|line_height:1.1&#8243; google_fonts=\u00bbfont_family:Lato%3A100%2C100italic%2C300%2C300italic%2Cregular%2Citalic%2C700%2C700italic%2C900%2C900italic|font_style:300%20light%20regular%3A300%3Anormal\u00bb css=\u00bb.vc_custom_1490354987945{margin-bottom: 5px !important;}\u00bb][vc_custom_heading text=\u00bbOperatore in Centri per l&#8217;intervento precoce\u00bb font_container=\u00bbtag:h2|font_size:44|text_align:center|color:%230a7aba|line_height:1.1&#8243; google_fonts=\u00bbfont_family:Lato%3A100%2C100italic%2C300%2C300italic%2Cregular%2Citalic%2C700%2C700italic%2C900%2C900italic|font_style:900%20bold%20regular%3A900%3Anormal\u00bb css=\u00bb.vc_custom_1490354994287{margin-bottom: 15px !important;}\u00bb][\/vc_column][\/vc_row][vc_row css=\u00bb.vc_custom_1489484502411{margin-top:<\/p>\n","protected":false},"author":1,"featured_media":0,"parent":0,"menu_order":0,"comment_status":"closed","ping_status":"closed","template":"","meta":[],"yoast_head":"<!-- This site is optimized with the Yoast SEO plugin v15.7 - https:\/\/yoast.com\/wordpress\/plugins\/seo\/ -->\n<title>Corso di Operatore in centri per l\u2019intervento precoce - Divulgaci\u00f3n Din\u00e1mica<\/title>\n<meta name=\"robots\" content=\"index, follow, max-snippet:-1, max-image-preview:large, max-video-preview:-1\" \/>\n<link rel=\"canonical\" href=\"https:\/\/divulgaciondinamica.info\/promos\/corso-di-operatore-in-centri-per-lintervento-precoce\/\" \/>\n<meta property=\"og:locale\" content=\"es_ES\" \/>\n<meta property=\"og:type\" content=\"article\" \/>\n<meta property=\"og:title\" content=\"Corso Operatore in Centri per l\u2019intervento Precoce\" \/>\n<meta property=\"og:description\" content=\"Modalit\u00e0 100% online. Durata 120 ore \/ 5 settimane. Diploma Certificato e Accreditato. Contenuto online e scaricabile in PDF. Iscriviti ORA e paga SOLO le Tasse Amministrative\" \/>\n<meta property=\"og:url\" content=\"https:\/\/divulgaciondinamica.info\/promos\/corso-di-operatore-in-centri-per-lintervento-precoce\/\" \/>\n<meta property=\"og:site_name\" content=\"Divulgaci\u00f3n Din\u00e1mica\" \/>\n<meta property=\"article:publisher\" content=\"https:\/\/www.facebook.com\/divulgaciondinamicaformacion\/\" \/>\n<meta property=\"article:modified_time\" content=\"2018-09-07T08:39:48+00:00\" \/>\n<meta property=\"og:image\" content=\"https:\/\/divulgaciondinamica.info\/promos\/wp-content\/uploads\/2018\/09\/Curso-Atenci\u00f3n-Temprana-Infantil-Post-Clicable-2018-copia-1.png\" \/>\n\t<meta property=\"og:image:width\" content=\"900\" \/>\n\t<meta property=\"og:image:height\" content=\"471\" \/>\n<meta name=\"twitter:card\" content=\"summary_large_image\" \/>\n<meta name=\"twitter:site\" content=\"@divulgaciond\" \/>\n<meta name=\"twitter:label1\" content=\"Tiempo de lectura\">\n\t<meta name=\"twitter:data1\" content=\"8 minutos\">\n<script type=\"application\/ld+json\" class=\"yoast-schema-graph\">{\"@context\":\"https:\/\/schema.org\",\"@graph\":[{\"@type\":\"Organization\",\"@id\":\"https:\/\/divulgaciondinamica.info\/promos\/#organization\",\"name\":\"Divulgaci\\u00f3n Din\\u00e1mica S.L.\",\"url\":\"https:\/\/divulgaciondinamica.info\/promos\/\",\"sameAs\":[\"https:\/\/www.facebook.com\/divulgaciondinamicaformacion\/\",\"https:\/\/www.instagram.com\/divulgaciondinamica\",\"https:\/\/www.linkedin.com\/company-beta\/9490428\/\",\"https:\/\/www.youtube.com\/user\/ddinamica2010\",\"https:\/\/twitter.com\/divulgaciond\"],\"logo\":{\"@type\":\"ImageObject\",\"@id\":\"https:\/\/divulgaciondinamica.info\/promos\/#logo\",\"inLanguage\":\"es\",\"url\":\"https:\/\/divulgaciondinamica.info\/promos\/wp-content\/uploads\/2016\/02\/logo-divulgaciondinamica-ddf.png\",\"width\":400,\"height\":79,\"caption\":\"Divulgaci\\u00f3n Din\\u00e1mica S.L.\"},\"image\":{\"@id\":\"https:\/\/divulgaciondinamica.info\/promos\/#logo\"}},{\"@type\":\"WebSite\",\"@id\":\"https:\/\/divulgaciondinamica.info\/promos\/#website\",\"url\":\"https:\/\/divulgaciondinamica.info\/promos\/\",\"name\":\"Divulgaci\\u00f3n Din\\u00e1mica\",\"description\":\"Formaci\\u00f3n de calidad al alcance de todos\",\"publisher\":{\"@id\":\"https:\/\/divulgaciondinamica.info\/promos\/#organization\"},\"potentialAction\":[{\"@type\":\"SearchAction\",\"target\":\"https:\/\/divulgaciondinamica.info\/promos\/?s={search_term_string}\",\"query-input\":\"required name=search_term_string\"}],\"inLanguage\":\"es\"},{\"@type\":\"ImageObject\",\"@id\":\"https:\/\/divulgaciondinamica.info\/promos\/corso-di-operatore-in-centri-per-lintervento-precoce\/#primaryimage\",\"inLanguage\":\"es\",\"url\":\"https:\/\/divulgaciondinamica.info\/promos\/wp-content\/uploads\/2018\/09\/atencion-temprana.png\",\"width\":643,\"height\":434},{\"@type\":\"WebPage\",\"@id\":\"https:\/\/divulgaciondinamica.info\/promos\/corso-di-operatore-in-centri-per-lintervento-precoce\/#webpage\",\"url\":\"https:\/\/divulgaciondinamica.info\/promos\/corso-di-operatore-in-centri-per-lintervento-precoce\/\",\"name\":\"Corso di Operatore in centri per l\\u2019intervento precoce - Divulgaci\\u00f3n Din\\u00e1mica\",\"isPartOf\":{\"@id\":\"https:\/\/divulgaciondinamica.info\/promos\/#website\"},\"primaryImageOfPage\":{\"@id\":\"https:\/\/divulgaciondinamica.info\/promos\/corso-di-operatore-in-centri-per-lintervento-precoce\/#primaryimage\"},\"datePublished\":\"2017-03-01T13:33:35+00:00\",\"dateModified\":\"2018-09-07T08:39:48+00:00\",\"inLanguage\":\"es\",\"potentialAction\":[{\"@type\":\"ReadAction\",\"target\":[\"https:\/\/divulgaciondinamica.info\/promos\/corso-di-operatore-in-centri-per-lintervento-precoce\/\"]}]}]}<\/script>\n<!-- \/ Yoast SEO plugin. -->","_links":{"self":[{"href":"https:\/\/divulgaciondinamica.info\/promos\/wp-json\/wp\/v2\/pages\/5532"}],"collection":[{"href":"https:\/\/divulgaciondinamica.info\/promos\/wp-json\/wp\/v2\/pages"}],"about":[{"href":"https:\/\/divulgaciondinamica.info\/promos\/wp-json\/wp\/v2\/types\/page"}],"author":[{"embeddable":true,"href":"https:\/\/divulgaciondinamica.info\/promos\/wp-json\/wp\/v2\/users\/1"}],"replies":[{"embeddable":true,"href":"https:\/\/divulgaciondinamica.info\/promos\/wp-json\/wp\/v2\/comments?post=5532"}],"version-history":[{"count":5,"href":"https:\/\/divulgaciondinamica.info\/promos\/wp-json\/wp\/v2\/pages\/5532\/revisions"}],"predecessor-version":[{"id":13471,"href":"https:\/\/divulgaciondinamica.info\/promos\/wp-json\/wp\/v2\/pages\/5532\/revisions\/13471"}],"wp:attachment":[{"href":"https:\/\/divulgaciondinamica.info\/promos\/wp-json\/wp\/v2\/media?parent=5532"}],"curies":[{"name":"wp","href":"https:\/\/api.w.org\/{rel}","templated":true}]}}