{"id":517,"date":"2015-06-10T10:26:16","date_gmt":"2015-06-10T10:26:16","guid":{"rendered":"http:\/\/divulgaciondinamica.info\/promos\/?page_id=517"},"modified":"2015-06-10T10:27:47","modified_gmt":"2015-06-10T10:27:47","slug":"master-en-promocion-de-zonas-de-interes-turistico","status":"publish","type":"page","link":"https:\/\/divulgaciondinamica.info\/promos\/master-en-promocion-de-zonas-de-interes-turistico\/","title":{"rendered":"M\u00e1ster en Promoci\u00f3n de Zonas de Inter\u00e9s Tur\u00edstico"},"content":{"rendered":"<p>[vc_row full_width=\u00bb\u00bb parallax=\u00bb\u00bb parallax_image=\u00bb\u00bb css=\u00bb.vc_custom_1427804811471{margin-top: 25px !important;margin-bottom: 25px !important;}\u00bb][vc_column width=\u00bb1\/2&#8243;][vc_single_image image=\u00bb24&#8243; alignment=\u00bb\u00bb style=\u00bb\u00bb border_color=\u00bbgrey\u00bb img_link_large=\u00bb\u00bb img_link_target=\u00bb_self\u00bb css_animation=\u00bb\u00bb img_size=\u00bb266&#215;82&#8243;][\/vc_column][vc_column width=\u00bb1\/2&#8243;][vc_column_text]<\/p>\n<h5 style=\"text-align: right;\"><strong>618 200 480<br \/>\n<\/strong><\/h5>\n<p style=\"text-align: right;\"><strong>soporte8@divulgaciondinamica.es<\/strong><\/p>\n<p>[\/vc_column_text][\/vc_column][\/vc_row][vc_row full_width=\u00bb\u00bb parallax=\u00bb\u00bb parallax_image=\u00bb\u00bb][vc_column width=\u00bb1\/1&#8243;][vc_column_text]<img loading=\"lazy\" class=\"alignleft wp-image-519 size-full\" src=\"http:\/\/divulgaciondinamica.info\/promos\/wp-content\/uploads\/2015\/06\/Imagen-Master-Promocion-de-zonas-de-interes-turistico.jpg\" alt=\"\" width=\"643\" height=\"434\" srcset=\"https:\/\/divulgaciondinamica.info\/promos\/wp-content\/uploads\/2015\/06\/Imagen-Master-Promocion-de-zonas-de-interes-turistico.jpg 643w, https:\/\/divulgaciondinamica.info\/promos\/wp-content\/uploads\/2015\/06\/Imagen-Master-Promocion-de-zonas-de-interes-turistico-300x202.jpg 300w\" sizes=\"(max-width: 643px) 100vw, 643px\" \/><a title=\"Realiza tu inscripci\u00f3n AQU\u00cd\" href=\"http:\/\/www.divulgaciondinamica.es\/secretaria\/alumnos\/form\/137\/\" target=\"_blank\"><img loading=\"lazy\" class=\"alignleft wp-image-518 size-full\" src=\"http:\/\/divulgaciondinamica.info\/promos\/wp-content\/uploads\/2015\/06\/Informacion-Master-promocion-zonas-de-interes-turistico.png\" alt=\"\" width=\"417\" height=\"434\" srcset=\"https:\/\/divulgaciondinamica.info\/promos\/wp-content\/uploads\/2015\/06\/Informacion-Master-promocion-zonas-de-interes-turistico.png 417w, https:\/\/divulgaciondinamica.info\/promos\/wp-content\/uploads\/2015\/06\/Informacion-Master-promocion-zonas-de-interes-turistico-288x300.png 288w\" sizes=\"(max-width: 417px) 100vw, 417px\" \/><\/a>[\/vc_column_text][\/vc_column][\/vc_row][vc_row full_width=\u00bb\u00bb parallax=\u00bb\u00bb parallax_image=\u00bb\u00bb css=\u00bb.vc_custom_1427804437681{margin-top: 35px !important;margin-bottom: 35px !important;}\u00bb][vc_column width=\u00bb1\/4&#8243;][vc_single_image image=\u00bb35&#8243; alignment=\u00bbcenter\u00bb style=\u00bb\u00bb border_color=\u00bbgrey\u00bb img_link_large=\u00bb\u00bb img_link_target=\u00bb_self\u00bb css_animation=\u00bb\u00bb img_size=\u00bb250&#215;195&#8243;][\/vc_column][vc_column width=\u00bb1\/4&#8243;][vc_single_image image=\u00bb36&#8243; alignment=\u00bbcenter\u00bb style=\u00bb\u00bb border_color=\u00bbgrey\u00bb img_link_large=\u00bb\u00bb img_link_target=\u00bb_self\u00bb css_animation=\u00bb\u00bb img_size=\u00bb250&#215;195&#8243;][\/vc_column][vc_column width=\u00bb1\/4&#8243;][vc_single_image image=\u00bb37&#8243; alignment=\u00bbcenter\u00bb style=\u00bb\u00bb border_color=\u00bbgrey\u00bb img_link_large=\u00bb\u00bb img_link_target=\u00bb_self\u00bb css_animation=\u00bb\u00bb img_size=\u00bb250&#215;195&#8243;][\/vc_column][vc_column width=\u00bb1\/4&#8243;][vc_single_image image=\u00bb174&#8243; alignment=\u00bbcenter\u00bb border_color=\u00bbgrey\u00bb img_link_large=\u00bb\u00bb img_link_target=\u00bb_self\u00bb img_size=\u00bb250&#215;195&#8243;][\/vc_column][\/vc_row][vc_row full_width=\u00bb\u00bb parallax=\u00bb\u00bb parallax_image=\u00bb\u00bb][vc_column width=\u00bb1\/1&#8243;][\/vc_column][\/vc_row][vc_row full_width=\u00bb\u00bb parallax=\u00bb\u00bb parallax_image=\u00bb\u00bb css=\u00bb.vc_custom_1427805189823{margin-top: 35px !important;margin-bottom: 35px !important;}\u00bb][vc_column width=\u00bb1\/2&#8243;][vc_column_text css=\u00bb.vc_custom_1433932071201{margin-bottom: 30px !important;}\u00bb]<\/p>\n<div id=\"stcpDiv\">\n<h3 style=\"text-align: left;\" align=\"justify\">Presentaci\u00f3n del M\u00e1ster:<\/h3>\n<p>&nbsp;<\/p>\n<p>El crecimiento continuado registrado por la demanda tur\u00edstica confirma que el turismo est\u00e1 desempe\u00f1ando un papel clave en t\u00e9rminos de crecimiento econ\u00f3mico. Seg\u00fan datos de Exceltur, el PIB tur\u00edstico consigui\u00f3 crecer un 2,9% en el a\u00f1o 2014,\u00a0 consolid\u00e1ndose como el principal motor de recuperaci\u00f3n de la econom\u00eda espa\u00f1ola. Sin embargo, para\u00a0 poder mantener estos porcentajes de crecimiento, es necesario que los destinos sean cada vez m\u00e1s competitivos, que sean capaces de satisfacer una demanda tur\u00edstica que exige productos y servicios de una mayor calidad.<\/p>\n<p>La formaci\u00f3n que presentamos Promoci\u00f3n de Zonas de Inter\u00e9s Tur\u00edstico pretende dotar a los participantes de los conocimientos te\u00f3ricos y pr\u00e1cticos necesarios para promocionar y comercializar destinos tur\u00edsticos locales y\u00a0 participar en la creaci\u00f3n, desarrollo, comercializaci\u00f3n y gesti\u00f3n de nuevos segmentos\/productos tur\u00edsticos.<br \/>\n<img loading=\"lazy\" class=\"alignleft size-full wp-image-53\" src=\"http:\/\/divulgaciondinamica.info\/promos\/wp-content\/uploads\/2015\/03\/diploma-digital1.png\" alt=\"diploma-digital\" width=\"479\" height=\"322\" srcset=\"https:\/\/divulgaciondinamica.info\/promos\/wp-content\/uploads\/2015\/03\/diploma-digital1.png 479w, https:\/\/divulgaciondinamica.info\/promos\/wp-content\/uploads\/2015\/03\/diploma-digital1-300x202.png 300w\" sizes=\"(max-width: 479px) 100vw, 479px\" \/><\/p>\n<p style=\"text-align: left;\" align=\"justify\">\n<\/div>\n<p>[\/vc_column_text][\/vc_column][vc_column width=\u00bb1\/2&#8243;][vc_column_text]<\/p>\n<div id=\"stcpDiv\">\n<h3 style=\"text-align: left;\" align=\"justify\">Temario del M\u00e1ster:<\/h3>\n<p>&nbsp;<\/p>\n<p><strong>1. INTRODUCCI\u00d3N TUR\u00cdSTICA Y ORDENACI\u00d3N TERRITORIAL<\/strong><br \/>\n1.1 Antecedentes del turismo<br \/>\n1.2 Definiciones y tipolog\u00edas del turismo<br \/>\n1.3 Transformaci\u00f3n de municipios y zonas regionales<\/p>\n<p><strong>2. INVESTIGACI\u00d3N DE MERCADOS TUR\u00cdSTICOS<\/strong><br \/>\n2.1 Estructura del mercado tur\u00edstico<br \/>\n2.2 Mercados tur\u00edsticos<br \/>\n2.3 La investigaci\u00f3n de mercado y el marketing<\/p>\n<p><strong>3. INVENTARIO Y CAT\u00c1LOGO DE LOS RECURSOS TUR\u00cdSTICOS<\/strong><br \/>\n3.1 La definici\u00f3n de recurso<br \/>\n3.2 Recurso tur\u00edstico<br \/>\n3.3 Patrimonio y producto tur\u00edstico<\/p>\n<p><strong>4. COMERCIALIZACI\u00d3N DE TERRITORIOS Y PRODUCTOS TUR\u00cdSTICOS<\/strong><br \/>\n4.1 El marketing, el marketing mix y el mercado tur\u00edstico<br \/>\n4.2 El producto y el territorio tur\u00edstico<br \/>\n4.3 El precio<\/p>\n<p><strong>5.\u00a0 GESTI\u00d3N SOSTENIBLE DEL DESARROLLO TUR\u00cdSTICO<\/strong><br \/>\n5.1 Introducci\u00f3n al turismo sostenible<br \/>\n5.2 Viabilidad econ\u00f3mica<br \/>\n5.3 Gesti\u00f3n sostenible de los elementos socioculturales<\/p>\n<p><strong>6. TURISMO ACCESIBLE<\/strong><br \/>\n6.1 Principios del Turismo Accesible y Ventajas<br \/>\n6.2 Legislaci\u00f3n b\u00e1sica de Accesibilidad y Turismo Accesible de obligado cumplimiento<br \/>\n6.3 Pautas de atenci\u00f3n al cliente con necesidades especiales<br \/>\n6.4 Autodiagn\u00f3stico de accesibilidad.<\/p>\n<p><strong>7. CAMBIOS SOCIALES EN LA ACTIVIDAD TUR\u00cdSTICA<\/strong><br \/>\n7.1 La diversificaci\u00f3n tur\u00edstica: tendencias de las demandas tur\u00edsticas<br \/>\n7.2 Turismo e innovaci\u00f3n<br \/>\n7.3 Nuevos modelos tur\u00edsticos: definiciones y contenidos<br \/>\n7.4 Creaci\u00f3n, desarrollo, promoci\u00f3n y comercializaci\u00f3n de nuevos segmentos\/productos tur\u00edsticos<\/p>\n<p><strong>8. DESARROLLO DEL TURISMO ALTERNATIVO: ECOTURISMO<\/strong><br \/>\n8.1 Introducci\u00f3n: conceptos, origen y evoluci\u00f3n<br \/>\n8.2 Ecoturismo: turismo verde o turismo de naturaleza<br \/>\n8.3 Claves tur\u00edsticas en los espacios protegidos<br \/>\n8.4 Protecci\u00f3n\u00a0 del\u00a0 patrimonio\u00a0 natural\u00a0 en\u00a0 el\u00a0 \u00e1mbito rural. Los espacios protegidos<br \/>\n8.5 Turismo\u00a0 rural: agroturismo\u00a0 y\u00a0 turismo\u00a0 residencial rural<br \/>\n8.6 Comercializaci\u00f3n de un producto tur\u00edstico: central de reservas<\/p>\n<p><strong>9. DISE\u00d1O DE UN PLAN DE GESTI\u00d3N DE DESTINO TUR\u00cdSTICO<\/strong><br \/>\n9.1 Plan de gesti\u00f3n de destinos tur\u00edsticos<br \/>\n9.2 Gesti\u00f3n de destinos tur\u00edsticos naturales<br \/>\n9.3 Gesti\u00f3n de destinos tur\u00edsticos culturales y patrimoniales<\/p>\n<p><strong>+ TRABAJO FIN DE M\u00c1STER<\/strong><\/p>\n<\/div>\n<p>[\/vc_column_text][\/vc_column][\/vc_row][vc_row full_width=\u00bb\u00bb parallax=\u00bb\u00bb parallax_image=\u00bb\u00bb css=\u00bb.vc_custom_1427806970509{margin-top: 35px !important;margin-bottom: 35px !important;}\u00bb][vc_column width=\u00bb1\/1&#8243;][vc_column_text]<\/p>\n<p style=\"text-align: center;\"><a class=\"vc_btn vc_btn_orange vc_btn-orange vc_btn_lg vc_btn-lg vc_btn_rounded\" title=\"\" href=\"http:\/\/www.divulgaciondinamica.es\/secretaria\/alumnos\/form\/137\/\" target=\"_self\">INSCRIPCI\u00d3N<\/a><\/p>\n<p>[\/vc_column_text][\/vc_column][\/vc_row]<\/p>\n","protected":false},"excerpt":{"rendered":"<p>[vc_row full_width=\u00bb\u00bb parallax=\u00bb\u00bb parallax_image=\u00bb\u00bb css=\u00bb.vc_custom_1427804811471{margin-top: 25px !important;margin-bottom: 25px !important;}\u00bb][vc_column width=\u00bb1\/2&#8243;][vc_single_image image=\u00bb24&#8243; alignment=\u00bb\u00bb style=\u00bb\u00bb border_color=\u00bbgrey\u00bb img_link_large=\u00bb\u00bb img_link_target=\u00bb_self\u00bb css_animation=\u00bb\u00bb img_size=\u00bb266&#215;82&#8243;][\/vc_column][vc_column width=\u00bb1\/2&#8243;][vc_column_text] 618 200 480 soporte8@divulgaciondinamica.es [\/vc_column_text][\/vc_column][\/vc_row][vc_row full_width=\u00bb\u00bb parallax=\u00bb\u00bb parallax_image=\u00bb\u00bb][vc_column width=\u00bb1\/1&#8243;][vc_column_text][\/vc_column_text][\/vc_column][\/vc_row][vc_row full_width=\u00bb\u00bb parallax=\u00bb\u00bb parallax_image=\u00bb\u00bb css=\u00bb.vc_custom_1427804437681{margin-top: 35px !important;margin-bottom: 35px !important;}\u00bb][vc_column width=\u00bb1\/4&#8243;][vc_single_image image=\u00bb35&#8243; alignment=\u00bbcenter\u00bb style=\u00bb\u00bb<\/p>\n","protected":false},"author":1,"featured_media":0,"parent":0,"menu_order":0,"comment_status":"closed","ping_status":"closed","template":"","meta":[],"yoast_head":"<!-- This site is optimized with the Yoast SEO plugin v15.7 - https:\/\/yoast.com\/wordpress\/plugins\/seo\/ -->\n<title>M\u00e1ster en Promoci\u00f3n de Zonas de Inter\u00e9s Tur\u00edstico - Divulgaci\u00f3n Din\u00e1mica<\/title>\n<meta name=\"robots\" content=\"index, follow, max-snippet:-1, max-image-preview:large, max-video-preview:-1\" \/>\n<link rel=\"canonical\" href=\"https:\/\/divulgaciondinamica.info\/promos\/master-en-promocion-de-zonas-de-interes-turistico\/\" \/>\n<meta property=\"og:locale\" content=\"es_ES\" \/>\n<meta property=\"og:type\" content=\"article\" \/>\n<meta property=\"og:title\" content=\"M\u00e1ster en Promoci\u00f3n de Zonas de Inter\u00e9s Tur\u00edstico - Divulgaci\u00f3n Din\u00e1mica\" \/>\n<meta property=\"og:description\" content=\"[vc_row full_width=\u00bb\u00bb parallax=\u00bb\u00bb parallax_image=\u00bb\u00bb css=\u00bb.vc_custom_1427804811471{margin-top: 25px !important;margin-bottom: 25px !important;}\u00bb][vc_column width=\u00bb1\/2&#8243;][vc_single_image image=\u00bb24&#8243; alignment=\u00bb\u00bb style=\u00bb\u00bb border_color=\u00bbgrey\u00bb img_link_large=\u00bb\u00bb img_link_target=\u00bb_self\u00bb css_animation=\u00bb\u00bb img_size=\u00bb266&#215;82&#8243;][\/vc_column][vc_column width=\u00bb1\/2&#8243;][vc_column_text] 618 200 480 soporte8@divulgaciondinamica.es [\/vc_column_text][\/vc_column][\/vc_row][vc_row full_width=\u00bb\u00bb parallax=\u00bb\u00bb parallax_image=\u00bb\u00bb][vc_column width=\u00bb1\/1&#8243;][vc_column_text][\/vc_column_text][\/vc_column][\/vc_row][vc_row full_width=\u00bb\u00bb parallax=\u00bb\u00bb parallax_image=\u00bb\u00bb css=\u00bb.vc_custom_1427804437681{margin-top: 35px !important;margin-bottom: 35px !important;}\u00bb][vc_column width=\u00bb1\/4&#8243;][vc_single_image image=\u00bb35&#8243; alignment=\u00bbcenter\u00bb style=\u00bb\u00bb\" \/>\n<meta property=\"og:url\" content=\"https:\/\/divulgaciondinamica.info\/promos\/master-en-promocion-de-zonas-de-interes-turistico\/\" \/>\n<meta property=\"og:site_name\" content=\"Divulgaci\u00f3n Din\u00e1mica\" \/>\n<meta property=\"article:publisher\" content=\"https:\/\/www.facebook.com\/divulgaciondinamicaformacion\/\" \/>\n<meta property=\"article:modified_time\" content=\"2015-06-10T10:27:47+00:00\" \/>\n<meta property=\"og:image\" content=\"http:\/\/divulgaciondinamica.info\/promos\/wp-content\/uploads\/2015\/06\/Imagen-Master-Promocion-de-zonas-de-interes-turistico.jpg\" \/>\n<meta name=\"twitter:card\" content=\"summary_large_image\" \/>\n<meta name=\"twitter:site\" content=\"@divulgaciond\" \/>\n<meta name=\"twitter:label1\" content=\"Tiempo de lectura\">\n\t<meta name=\"twitter:data1\" content=\"4 minutos\">\n<script type=\"application\/ld+json\" class=\"yoast-schema-graph\">{\"@context\":\"https:\/\/schema.org\",\"@graph\":[{\"@type\":\"Organization\",\"@id\":\"https:\/\/divulgaciondinamica.info\/promos\/#organization\",\"name\":\"Divulgaci\\u00f3n Din\\u00e1mica S.L.\",\"url\":\"https:\/\/divulgaciondinamica.info\/promos\/\",\"sameAs\":[\"https:\/\/www.facebook.com\/divulgaciondinamicaformacion\/\",\"https:\/\/www.instagram.com\/divulgaciondinamica\",\"https:\/\/www.linkedin.com\/company-beta\/9490428\/\",\"https:\/\/www.youtube.com\/user\/ddinamica2010\",\"https:\/\/twitter.com\/divulgaciond\"],\"logo\":{\"@type\":\"ImageObject\",\"@id\":\"https:\/\/divulgaciondinamica.info\/promos\/#logo\",\"inLanguage\":\"es\",\"url\":\"https:\/\/divulgaciondinamica.info\/promos\/wp-content\/uploads\/2016\/02\/logo-divulgaciondinamica-ddf.png\",\"width\":400,\"height\":79,\"caption\":\"Divulgaci\\u00f3n Din\\u00e1mica S.L.\"},\"image\":{\"@id\":\"https:\/\/divulgaciondinamica.info\/promos\/#logo\"}},{\"@type\":\"WebSite\",\"@id\":\"https:\/\/divulgaciondinamica.info\/promos\/#website\",\"url\":\"https:\/\/divulgaciondinamica.info\/promos\/\",\"name\":\"Divulgaci\\u00f3n Din\\u00e1mica\",\"description\":\"Formaci\\u00f3n de calidad al alcance de todos\",\"publisher\":{\"@id\":\"https:\/\/divulgaciondinamica.info\/promos\/#organization\"},\"potentialAction\":[{\"@type\":\"SearchAction\",\"target\":\"https:\/\/divulgaciondinamica.info\/promos\/?s={search_term_string}\",\"query-input\":\"required name=search_term_string\"}],\"inLanguage\":\"es\"},{\"@type\":\"ImageObject\",\"@id\":\"https:\/\/divulgaciondinamica.info\/promos\/master-en-promocion-de-zonas-de-interes-turistico\/#primaryimage\",\"inLanguage\":\"es\",\"url\":\"http:\/\/divulgaciondinamica.info\/promos\/wp-content\/uploads\/2015\/06\/Imagen-Master-Promocion-de-zonas-de-interes-turistico.jpg\"},{\"@type\":\"WebPage\",\"@id\":\"https:\/\/divulgaciondinamica.info\/promos\/master-en-promocion-de-zonas-de-interes-turistico\/#webpage\",\"url\":\"https:\/\/divulgaciondinamica.info\/promos\/master-en-promocion-de-zonas-de-interes-turistico\/\",\"name\":\"M\\u00e1ster en Promoci\\u00f3n de Zonas de Inter\\u00e9s Tur\\u00edstico - Divulgaci\\u00f3n Din\\u00e1mica\",\"isPartOf\":{\"@id\":\"https:\/\/divulgaciondinamica.info\/promos\/#website\"},\"primaryImageOfPage\":{\"@id\":\"https:\/\/divulgaciondinamica.info\/promos\/master-en-promocion-de-zonas-de-interes-turistico\/#primaryimage\"},\"datePublished\":\"2015-06-10T10:26:16+00:00\",\"dateModified\":\"2015-06-10T10:27:47+00:00\",\"inLanguage\":\"es\",\"potentialAction\":[{\"@type\":\"ReadAction\",\"target\":[\"https:\/\/divulgaciondinamica.info\/promos\/master-en-promocion-de-zonas-de-interes-turistico\/\"]}]}]}<\/script>\n<!-- \/ Yoast SEO plugin. -->","_links":{"self":[{"href":"https:\/\/divulgaciondinamica.info\/promos\/wp-json\/wp\/v2\/pages\/517"}],"collection":[{"href":"https:\/\/divulgaciondinamica.info\/promos\/wp-json\/wp\/v2\/pages"}],"about":[{"href":"https:\/\/divulgaciondinamica.info\/promos\/wp-json\/wp\/v2\/types\/page"}],"author":[{"embeddable":true,"href":"https:\/\/divulgaciondinamica.info\/promos\/wp-json\/wp\/v2\/users\/1"}],"replies":[{"embeddable":true,"href":"https:\/\/divulgaciondinamica.info\/promos\/wp-json\/wp\/v2\/comments?post=517"}],"version-history":[{"count":2,"href":"https:\/\/divulgaciondinamica.info\/promos\/wp-json\/wp\/v2\/pages\/517\/revisions"}],"predecessor-version":[{"id":521,"href":"https:\/\/divulgaciondinamica.info\/promos\/wp-json\/wp\/v2\/pages\/517\/revisions\/521"}],"wp:attachment":[{"href":"https:\/\/divulgaciondinamica.info\/promos\/wp-json\/wp\/v2\/media?parent=517"}],"curies":[{"name":"wp","href":"https:\/\/api.w.org\/{rel}","templated":true}]}}