{"id":4918,"date":"2017-01-23T08:36:38","date_gmt":"2017-01-23T08:36:38","guid":{"rendered":"http:\/\/divulgaciondinamica.info\/promos\/?page_id=4918"},"modified":"2017-05-18T11:02:26","modified_gmt":"2017-05-18T11:02:26","slug":"monitor-de-animacion-en-residencias-de-la-tercera-edad-dto-2017","status":"publish","type":"page","link":"https:\/\/divulgaciondinamica.info\/promos\/monitor-de-animacion-en-residencias-de-la-tercera-edad-dto-2017\/","title":{"rendered":"Monitor de Animaci\u00f3n en Residencias de la Tercera Edad DTO 2017"},"content":{"rendered":"<p>[vc_row css=\u00bb.vc_custom_1427804811471{margin-top: 25px !important;margin-bottom: 25px !important;}\u00bb][vc_column width=\u00bb2\/3&#8243;][vc_single_image image=\u00bb1491&#8243; img_size=\u00bb661&#215;82&#8243;][\/vc_column][vc_column width=\u00bb1\/3&#8243;][vc_column_text]<\/p>\n<h6 style=\"text-align: right;\">609 11 39 00<\/h6>\n<p style=\"text-align: right;\"><strong>promotora9@divulgaciondinamica.es<\/strong><\/p>\n<p>[\/vc_column_text][\/vc_column][\/vc_row][vc_row][vc_column][vc_column_text]<img loading=\"lazy\" class=\"alignleft wp-image-233 size-full\" src=\"http:\/\/divulgaciondinamica.info\/promos\/wp-content\/uploads\/2015\/04\/imagen-monitor-de-animacion-en-residencias-de-la-tercera-edad.jpg\" alt=\"\" width=\"643\" height=\"434\" srcset=\"https:\/\/divulgaciondinamica.info\/promos\/wp-content\/uploads\/2015\/04\/imagen-monitor-de-animacion-en-residencias-de-la-tercera-edad.jpg 643w, https:\/\/divulgaciondinamica.info\/promos\/wp-content\/uploads\/2015\/04\/imagen-monitor-de-animacion-en-residencias-de-la-tercera-edad-300x202.jpg 300w\" sizes=\"(max-width: 643px) 100vw, 643px\" \/><a href=\"http:\/\/www.divulgaciondinamica.es\/secretaria\/alumnos\/form\/803\/\" target=\"_blank\"><img loading=\"lazy\" class=\"alignleft wp-image-5554 size-full\" src=\"http:\/\/divulgaciondinamica.info\/promos\/wp-content\/uploads\/2017\/01\/PROMO-Monitor-de-Animaci\u00f3n-en-Residencias-de-la-Tercera-Edad-DESCUENTO_02-2.png\" alt=\"\" width=\"417\" height=\"434\" srcset=\"https:\/\/divulgaciondinamica.info\/promos\/wp-content\/uploads\/2017\/01\/PROMO-Monitor-de-Animaci\u00f3n-en-Residencias-de-la-Tercera-Edad-DESCUENTO_02-2.png 417w, https:\/\/divulgaciondinamica.info\/promos\/wp-content\/uploads\/2017\/01\/PROMO-Monitor-de-Animaci\u00f3n-en-Residencias-de-la-Tercera-Edad-DESCUENTO_02-2-288x300.png 288w\" sizes=\"(max-width: 417px) 100vw, 417px\" \/><\/a>[\/vc_column_text][\/vc_column][\/vc_row][vc_row css=\u00bb.vc_custom_1427804437681{margin-top: 35px !important;margin-bottom: 35px !important;}\u00bb][vc_column width=\u00bb1\/4&#8243;][vc_single_image image=\u00bb59&#8243; img_size=\u00bb250&#215;195&#8243; alignment=\u00bbcenter\u00bb][\/vc_column][vc_column width=\u00bb1\/4&#8243;][vc_single_image image=\u00bb60&#8243; img_size=\u00bb250&#215;195&#8243; alignment=\u00bbcenter\u00bb][\/vc_column][vc_column width=\u00bb1\/4&#8243;][vc_single_image image=\u00bb61&#8243; img_size=\u00bb250&#215;195&#8243; alignment=\u00bbcenter\u00bb][\/vc_column][vc_column width=\u00bb1\/4&#8243;][vc_single_image image=\u00bb4960&#8243; img_size=\u00bb250&#215;195&#8243; alignment=\u00bbcenter\u00bb][\/vc_column][\/vc_row][vc_row][vc_column][vc_column_text]<br \/>\n[\/vc_column_text][\/vc_column][\/vc_row][vc_row css=\u00bb.vc_custom_1427805189823{margin-top: 35px !important;margin-bottom: 35px !important;}\u00bb][vc_column width=\u00bb1\/2&#8243;][vc_column_text css=\u00bb.vc_custom_1430133897131{margin-bottom: 30px !important;}\u00bb]<\/p>\n<div id=\"stcpDiv\">\n<h3 style=\"text-align: left;\" align=\"justify\">Presentaci\u00f3n del Curso:<\/h3>\n<p>&nbsp;<\/p>\n<p>Hoy en d\u00eda la palabra animaci\u00f3n tiene un significado importante asociado a los diferentes colectivos. Cuando asociamos animaci\u00f3n y tercera edad, debemos ser conscientes de que el principal objetivo que se intenta alcanzar es el de dar a estas personas una mejor calidad de vida durante el mayor tiempo posible, propiciando un clima favorables para ello.<\/p>\n<p>Los lugares que antes ocupaban profesionales asistenciales, ya que las personas mayores eran vistas solo como personas que necesitaban recursos asistenciales, se han ido abriendo hacia la realidad de una sociedad participativa para todas las edades en las que los animadores especializadas en el colectivo de mayores se han ido configurando como profesionales emergentes.<\/p>\n<p>El curso que presentamos de Animador Geri\u00e1trico ofrece una serie de elementos conceptuales, metodol\u00f3gicos y pr\u00e1cticos que permiten que profesionales o personas interesadas con la animaci\u00f3n o la atenci\u00f3n geri\u00e1trica puedan dar respuesta a los retos que se presentan desde las pol\u00edticas actuales de envejecimiento activo.<br \/>\n<img loading=\"lazy\" class=\"alignleft size-full wp-image-53\" src=\"http:\/\/divulgaciondinamica.info\/promos\/wp-content\/uploads\/2015\/03\/diploma-digital1.png\" alt=\"diploma-digital\" width=\"479\" height=\"322\" srcset=\"https:\/\/divulgaciondinamica.info\/promos\/wp-content\/uploads\/2015\/03\/diploma-digital1.png 479w, https:\/\/divulgaciondinamica.info\/promos\/wp-content\/uploads\/2015\/03\/diploma-digital1-300x202.png 300w\" sizes=\"(max-width: 479px) 100vw, 479px\" \/><\/p>\n<p style=\"text-align: left;\" align=\"justify\">\n<\/div>\n<p>[\/vc_column_text][\/vc_column][vc_column width=\u00bb1\/2&#8243;][vc_column_text]<\/p>\n<div id=\"stcpDiv\">\n<h3 style=\"text-align: left;\" align=\"justify\">Temario del Curso:<\/h3>\n<p>&nbsp;<\/p>\n<div id=\"stcpDiv\">\n<p><strong>1. FUNDAMENTOS DE LA ANIMACI\u00d3N GERI\u00c1TRICA<\/strong><\/p>\n<p>1.1 La Animaci\u00f3n geri\u00e1trica. El animador geri\u00e1trico<br \/>\n1.2 Vejez: aproximaci\u00f3n te\u00f3rica<br \/>\n1.3 Caracter\u00edsticas del proceso de envejecimiento<br \/>\n1.4 Tercera edad, jubilaci\u00f3n y tiempo libre<br \/>\n1.5 Perspectiva de g\u00e9nero en tercera edad<br \/>\n1.6 Planificaci\u00f3n y programaci\u00f3n de actividades de animaci\u00f3n para tercera edad<\/p>\n<p><strong>2. ACTIVIDADES PARA LA PROMOCI\u00d3N F\u00cdSICA DEL MAYOR<\/strong><\/p>\n<p>2.1 Promoci\u00f3n de un envejecimiento activo y saludable: nutrici\u00f3n y ejercicio f\u00edsico<br \/>\n2.2 El animador geri\u00e1trico como promotor de la salud f\u00edsica<br \/>\n2.3 Las actividades de animaci\u00f3n y promoci\u00f3n f\u00edsica: consideraciones, tipolog\u00edas, ejemplos y elementos de apoyo<br \/>\n2.4 Prevenci\u00f3n de riesgos en actividades f\u00edsicas<br \/>\n2.5 Valoraci\u00f3n de las condiciones previo a las actividades de animaci\u00f3n<\/p>\n<p><strong>3. ACTIVIDADES PARA LA PROMOCI\u00d3N PSICOSOCIAL DEL MAYOR<\/strong><\/p>\n<p>3.1 Promoci\u00f3n de un envejecimiento activo y saludable: actividad mental y participaci\u00f3n social<br \/>\n3.2 El papel de la familia en el envejecimiento activo<br \/>\n3.3 Estereotipos y auto estereotipos negativos sobre el envejecimiento<br \/>\n3.4 Recomendaciones generales en el trato a la persona mayor<br \/>\n3.5 Las TICs en el desarrollo cognitivo y social de los mayores<br \/>\n3.6 Actividades para el desarrollo cognitivo y social de los mayores<\/p>\n<\/div>\n<\/div>\n<p>[\/vc_column_text][\/vc_column][\/vc_row][vc_row css=\u00bb.vc_custom_1427806970509{margin-top: 35px !important;margin-bottom: 35px !important;}\u00bb][vc_column][vc_btn title=\u00bbINSCRIPCI\u00d3N\u00bb style=\u00bbflat\u00bb color=\u00bbwarning\u00bb size=\u00bblg\u00bb align=\u00bbcenter\u00bb link=\u00bburl:http%3A%2F%2Fwww.divulgaciondinamica.es%2Fsecretaria%2Falumnos%2Fform%2F803%2F||target:%20_blank\u00bb][\/vc_column][\/vc_row]<\/p>\n","protected":false},"excerpt":{"rendered":"<p>[vc_row css=\u00bb.vc_custom_1427804811471{margin-top: 25px !important;margin-bottom: 25px !important;}\u00bb][vc_column width=\u00bb2\/3&#8243;][vc_single_image image=\u00bb1491&#8243; img_size=\u00bb661&#215;82&#8243;][\/vc_column][vc_column width=\u00bb1\/3&#8243;][vc_column_text] 609 11 39 00 promotora9@divulgaciondinamica.es [\/vc_column_text][\/vc_column][\/vc_row][vc_row][vc_column][vc_column_text][\/vc_column_text][\/vc_column][\/vc_row][vc_row css=\u00bb.vc_custom_1427804437681{margin-top: 35px !important;margin-bottom: 35px !important;}\u00bb][vc_column width=\u00bb1\/4&#8243;][vc_single_image image=\u00bb59&#8243; img_size=\u00bb250&#215;195&#8243; alignment=\u00bbcenter\u00bb][\/vc_column][vc_column width=\u00bb1\/4&#8243;][vc_single_image image=\u00bb60&#8243; img_size=\u00bb250&#215;195&#8243; alignment=\u00bbcenter\u00bb][\/vc_column][vc_column width=\u00bb1\/4&#8243;][vc_single_image image=\u00bb61&#8243; img_size=\u00bb250&#215;195&#8243; alignment=\u00bbcenter\u00bb][\/vc_column][vc_column width=\u00bb1\/4&#8243;][vc_single_image image=\u00bb4960&#8243; img_size=\u00bb250&#215;195&#8243; alignment=\u00bbcenter\u00bb][\/vc_column][\/vc_row][vc_row][vc_column][vc_column_text] [\/vc_column_text][\/vc_column][\/vc_row][vc_row css=\u00bb.vc_custom_1427805189823{margin-top: 35px<\/p>\n","protected":false},"author":1,"featured_media":0,"parent":0,"menu_order":0,"comment_status":"closed","ping_status":"closed","template":"","meta":[],"yoast_head":"<!-- This site is optimized with the Yoast SEO plugin v15.7 - https:\/\/yoast.com\/wordpress\/plugins\/seo\/ -->\n<title>Monitor de Animaci\u00f3n en Residencias de la Tercera Edad DTO 2017 - Divulgaci\u00f3n Din\u00e1mica<\/title>\n<meta name=\"robots\" content=\"index, follow, max-snippet:-1, max-image-preview:large, max-video-preview:-1\" \/>\n<link rel=\"canonical\" href=\"http:\/\/divulgaciondinamica.info\/promos\/monitor-de-animacion-en-residencias-de-la-tercera-edad\/\" \/>\n<meta property=\"og:locale\" content=\"es_ES\" \/>\n<meta property=\"og:type\" content=\"article\" \/>\n<meta property=\"og:title\" content=\"Monitor de Animaci\u00f3n en Residencias de la Tercera Edad DTO 2017 - Divulgaci\u00f3n Din\u00e1mica\" \/>\n<meta property=\"og:description\" content=\"[vc_row css=\u00bb.vc_custom_1427804811471{margin-top: 25px !important;margin-bottom: 25px !important;}\u00bb][vc_column width=\u00bb2\/3&#8243;][vc_single_image image=\u00bb1491&#8243; img_size=\u00bb661&#215;82&#8243;][\/vc_column][vc_column width=\u00bb1\/3&#8243;][vc_column_text] 609 11 39 00 promotora9@divulgaciondinamica.es [\/vc_column_text][\/vc_column][\/vc_row][vc_row][vc_column][vc_column_text][\/vc_column_text][\/vc_column][\/vc_row][vc_row css=\u00bb.vc_custom_1427804437681{margin-top: 35px !important;margin-bottom: 35px !important;}\u00bb][vc_column width=\u00bb1\/4&#8243;][vc_single_image image=\u00bb59&#8243; img_size=\u00bb250&#215;195&#8243; alignment=\u00bbcenter\u00bb][\/vc_column][vc_column width=\u00bb1\/4&#8243;][vc_single_image image=\u00bb60&#8243; img_size=\u00bb250&#215;195&#8243; alignment=\u00bbcenter\u00bb][\/vc_column][vc_column width=\u00bb1\/4&#8243;][vc_single_image image=\u00bb61&#8243; img_size=\u00bb250&#215;195&#8243; alignment=\u00bbcenter\u00bb][\/vc_column][vc_column width=\u00bb1\/4&#8243;][vc_single_image image=\u00bb4960&#8243; img_size=\u00bb250&#215;195&#8243; alignment=\u00bbcenter\u00bb][\/vc_column][\/vc_row][vc_row][vc_column][vc_column_text] [\/vc_column_text][\/vc_column][\/vc_row][vc_row css=\u00bb.vc_custom_1427805189823{margin-top: 35px\" \/>\n<meta property=\"og:url\" content=\"http:\/\/divulgaciondinamica.info\/promos\/monitor-de-animacion-en-residencias-de-la-tercera-edad\/\" \/>\n<meta property=\"og:site_name\" content=\"Divulgaci\u00f3n Din\u00e1mica\" \/>\n<meta property=\"article:publisher\" content=\"https:\/\/www.facebook.com\/divulgaciondinamicaformacion\/\" \/>\n<meta property=\"article:modified_time\" content=\"2017-05-18T11:02:26+00:00\" \/>\n<meta property=\"og:image\" content=\"http:\/\/divulgaciondinamica.info\/promos\/wp-content\/uploads\/2015\/04\/imagen-monitor-de-animacion-en-residencias-de-la-tercera-edad.jpg\" \/>\n<meta name=\"twitter:card\" content=\"summary_large_image\" \/>\n<meta name=\"twitter:site\" content=\"@divulgaciond\" \/>\n<meta name=\"twitter:label1\" content=\"Tiempo de lectura\">\n\t<meta name=\"twitter:data1\" content=\"3 minutos\">\n<script type=\"application\/ld+json\" class=\"yoast-schema-graph\">{\"@context\":\"https:\/\/schema.org\",\"@graph\":[{\"@type\":\"Organization\",\"@id\":\"https:\/\/divulgaciondinamica.info\/promos\/#organization\",\"name\":\"Divulgaci\\u00f3n Din\\u00e1mica S.L.\",\"url\":\"https:\/\/divulgaciondinamica.info\/promos\/\",\"sameAs\":[\"https:\/\/www.facebook.com\/divulgaciondinamicaformacion\/\",\"https:\/\/www.instagram.com\/divulgaciondinamica\",\"https:\/\/www.linkedin.com\/company-beta\/9490428\/\",\"https:\/\/www.youtube.com\/user\/ddinamica2010\",\"https:\/\/twitter.com\/divulgaciond\"],\"logo\":{\"@type\":\"ImageObject\",\"@id\":\"https:\/\/divulgaciondinamica.info\/promos\/#logo\",\"inLanguage\":\"es\",\"url\":\"https:\/\/divulgaciondinamica.info\/promos\/wp-content\/uploads\/2016\/02\/logo-divulgaciondinamica-ddf.png\",\"width\":400,\"height\":79,\"caption\":\"Divulgaci\\u00f3n Din\\u00e1mica S.L.\"},\"image\":{\"@id\":\"https:\/\/divulgaciondinamica.info\/promos\/#logo\"}},{\"@type\":\"WebSite\",\"@id\":\"https:\/\/divulgaciondinamica.info\/promos\/#website\",\"url\":\"https:\/\/divulgaciondinamica.info\/promos\/\",\"name\":\"Divulgaci\\u00f3n Din\\u00e1mica\",\"description\":\"Formaci\\u00f3n de calidad al alcance de todos\",\"publisher\":{\"@id\":\"https:\/\/divulgaciondinamica.info\/promos\/#organization\"},\"potentialAction\":[{\"@type\":\"SearchAction\",\"target\":\"https:\/\/divulgaciondinamica.info\/promos\/?s={search_term_string}\",\"query-input\":\"required name=search_term_string\"}],\"inLanguage\":\"es\"},{\"@type\":\"ImageObject\",\"@id\":\"http:\/\/divulgaciondinamica.info\/promos\/monitor-de-animacion-en-residencias-de-la-tercera-edad\/#primaryimage\",\"inLanguage\":\"es\",\"url\":\"http:\/\/divulgaciondinamica.info\/promos\/wp-content\/uploads\/2015\/04\/imagen-monitor-de-animacion-en-residencias-de-la-tercera-edad.jpg\"},{\"@type\":\"WebPage\",\"@id\":\"http:\/\/divulgaciondinamica.info\/promos\/monitor-de-animacion-en-residencias-de-la-tercera-edad\/#webpage\",\"url\":\"http:\/\/divulgaciondinamica.info\/promos\/monitor-de-animacion-en-residencias-de-la-tercera-edad\/\",\"name\":\"Monitor de Animaci\\u00f3n en Residencias de la Tercera Edad DTO 2017 - Divulgaci\\u00f3n Din\\u00e1mica\",\"isPartOf\":{\"@id\":\"https:\/\/divulgaciondinamica.info\/promos\/#website\"},\"primaryImageOfPage\":{\"@id\":\"http:\/\/divulgaciondinamica.info\/promos\/monitor-de-animacion-en-residencias-de-la-tercera-edad\/#primaryimage\"},\"datePublished\":\"2017-01-23T08:36:38+00:00\",\"dateModified\":\"2017-05-18T11:02:26+00:00\",\"inLanguage\":\"es\",\"potentialAction\":[{\"@type\":\"ReadAction\",\"target\":[\"http:\/\/divulgaciondinamica.info\/promos\/monitor-de-animacion-en-residencias-de-la-tercera-edad\/\"]}]}]}<\/script>\n<!-- \/ Yoast SEO plugin. -->","_links":{"self":[{"href":"https:\/\/divulgaciondinamica.info\/promos\/wp-json\/wp\/v2\/pages\/4918"}],"collection":[{"href":"https:\/\/divulgaciondinamica.info\/promos\/wp-json\/wp\/v2\/pages"}],"about":[{"href":"https:\/\/divulgaciondinamica.info\/promos\/wp-json\/wp\/v2\/types\/page"}],"author":[{"embeddable":true,"href":"https:\/\/divulgaciondinamica.info\/promos\/wp-json\/wp\/v2\/users\/1"}],"replies":[{"embeddable":true,"href":"https:\/\/divulgaciondinamica.info\/promos\/wp-json\/wp\/v2\/comments?post=4918"}],"version-history":[{"count":5,"href":"https:\/\/divulgaciondinamica.info\/promos\/wp-json\/wp\/v2\/pages\/4918\/revisions"}],"predecessor-version":[{"id":5555,"href":"https:\/\/divulgaciondinamica.info\/promos\/wp-json\/wp\/v2\/pages\/4918\/revisions\/5555"}],"wp:attachment":[{"href":"https:\/\/divulgaciondinamica.info\/promos\/wp-json\/wp\/v2\/media?parent=4918"}],"curies":[{"name":"wp","href":"https:\/\/api.w.org\/{rel}","templated":true}]}}