{"id":4906,"date":"2017-01-23T08:22:56","date_gmt":"2017-01-23T08:22:56","guid":{"rendered":"http:\/\/divulgaciondinamica.info\/promos\/?page_id=4906"},"modified":"2017-04-05T07:39:49","modified_gmt":"2017-04-05T07:39:49","slug":"educador-en-centro-de-menores-dto-2017","status":"publish","type":"page","link":"https:\/\/divulgaciondinamica.info\/promos\/educador-en-centro-de-menores-dto-2017\/","title":{"rendered":"Educador en Centro de Menores DTO2017"},"content":{"rendered":"<p>[vc_row css=\u00bb.vc_custom_1427804811471{margin-top: 25px !important;margin-bottom: 25px !important;}\u00bb][vc_column width=\u00bb2\/3&#8243;][vc_single_image image=\u00bb1573&#8243; img_size=\u00bb661&#215;82&#8243;][\/vc_column][vc_column width=\u00bb1\/3&#8243;][vc_column_text]<\/p>\n<h6 style=\"text-align: right;\"><i class=\"fa fa-whatsapp\"><\/i> 628 069 839<\/h6>\n<p style=\"text-align: right;\"><strong>soporte1@divulgaciondinamica.es<\/strong><\/p>\n<p>[\/vc_column_text][\/vc_column][\/vc_row][vc_row css=\u00bb.vc_custom_1489484355483{margin-top: 25px !important;margin-bottom: 15px !important;}\u00bb][vc_column][vc_custom_heading text=\u00bbCurso Online<br \/>\n\u00bb font_container=\u00bbtag:p|font_size:32|text_align:center|color:%230a7aba|line_height:1.1&#8243; google_fonts=\u00bbfont_family:Lato%3A100%2C100italic%2C300%2C300italic%2Cregular%2Citalic%2C700%2C700italic%2C900%2C900italic|font_style:300%20light%20regular%3A300%3Anormal\u00bb css=\u00bb.vc_custom_1490955635731{margin-bottom: 15px !important;}\u00bb][vc_custom_heading text=\u00bbEducador en Centro de Menores\u00bb font_container=\u00bbtag:h1|font_size:38|text_align:center|color:%230a7aba|line_height:1.1&#8243; google_fonts=\u00bbfont_family:Lato%3A100%2C100italic%2C300%2C300italic%2Cregular%2Citalic%2C700%2C700italic%2C900%2C900italic|font_style:900%20bold%20regular%3A900%3Anormal\u00bb css=\u00bb.vc_custom_1491377891976{margin-bottom: 15px !important;}\u00bb][\/vc_column][\/vc_row][vc_row][vc_column][vc_column_text]<img loading=\"lazy\" class=\"alignleft wp-image-249 size-full\" title=\"Educador en Centro de Menores\" src=\"http:\/\/divulgaciondinamica.info\/promos\/wp-content\/uploads\/2015\/04\/imagen-curso-educador-en-centro-de-menores1.jpg\" alt=\"Curso de Educador en Centro de Menores Online\" width=\"643\" height=\"434\" srcset=\"https:\/\/divulgaciondinamica.info\/promos\/wp-content\/uploads\/2015\/04\/imagen-curso-educador-en-centro-de-menores1.jpg 643w, https:\/\/divulgaciondinamica.info\/promos\/wp-content\/uploads\/2015\/04\/imagen-curso-educador-en-centro-de-menores1-300x202.jpg 300w\" sizes=\"(max-width: 643px) 100vw, 643px\" \/><a href=\"http:\/\/www.divulgaciondinamica.es\/secretaria\/alumnos\/form\/804\/\" target=\"_blank\"><img loading=\"lazy\" class=\"alignleft wp-image-5547 size-full\" title=\"Solicita informaci\u00f3n del curso de Educador en Centro de Menores\" src=\"http:\/\/divulgaciondinamica.info\/promos\/wp-content\/uploads\/2017\/01\/PROMO-Curso-Educador-en-Centro-de-Menores-DTO-2017_02-1.png\" alt=\"Educador en Centro de Menores\" width=\"417\" height=\"434\" srcset=\"https:\/\/divulgaciondinamica.info\/promos\/wp-content\/uploads\/2017\/01\/PROMO-Curso-Educador-en-Centro-de-Menores-DTO-2017_02-1.png 417w, https:\/\/divulgaciondinamica.info\/promos\/wp-content\/uploads\/2017\/01\/PROMO-Curso-Educador-en-Centro-de-Menores-DTO-2017_02-1-288x300.png 288w\" sizes=\"(max-width: 417px) 100vw, 417px\" \/><\/a>[\/vc_column_text][\/vc_column][\/vc_row][vc_row css=\u00bb.vc_custom_1427804437681{margin-top: 35px !important;margin-bottom: 35px !important;}\u00bb][vc_column width=\u00bb1\/4&#8243;][vc_single_image image=\u00bb59&#8243; img_size=\u00bb250&#215;195&#8243; alignment=\u00bbcenter\u00bb][\/vc_column][vc_column width=\u00bb1\/4&#8243;][vc_single_image image=\u00bb60&#8243; img_size=\u00bb250&#215;195&#8243; alignment=\u00bbcenter\u00bb][\/vc_column][vc_column width=\u00bb1\/4&#8243;][vc_single_image image=\u00bb61&#8243; img_size=\u00bb250&#215;195&#8243; alignment=\u00bbcenter\u00bb][\/vc_column][vc_column width=\u00bb1\/4&#8243;][vc_single_image image=\u00bb4955&#8243; img_size=\u00bb250&#215;195&#8243; alignment=\u00bbcenter\u00bb onclick=\u00bbcustom_link\u00bb link=\u00bbhttp:\/\/www.divulgaciondinamica.es\/secretaria\/alumnos\/form\/804\/\u00bb][\/vc_column][\/vc_row][vc_row][vc_column][\/vc_column][\/vc_row][vc_row css=\u00bb.vc_custom_1427805189823{margin-top: 35px !important;margin-bottom: 35px !important;}\u00bb][vc_column width=\u00bb1\/2&#8243;][vc_column_text css=\u00bb.vc_custom_1430217010381{margin-bottom: 30px !important;}\u00bb]<\/p>\n<div id=\"stcpDiv\">\n<h3 style=\"text-align: left;\" align=\"justify\">Presentaci\u00f3n del Curso:<\/h3>\n<p>&nbsp;<\/p>\n<p>Dentro del campo de la intervenci\u00f3n social que se realiza en las instituciones tutelares de menores, tanto en aquellas de titularidad p\u00fablica como concertadas o dependientes de fundaciones o asociaciones, la formaci\u00f3n de los profesionales que atienden a los menores en t\u00e9cnicas educativas para la mejora de la convivencia resulta un elemento fundamental.<\/p>\n<p>En el Campus de Divulgaci\u00f3n Din\u00e1mica apostamos firmemente por el desarrollo de programas de formaci\u00f3n para estos profesionales que contribuyan no solo a mejorar la calidad en la atenci\u00f3n y en el servicio de los centros residenciales de menores sino a incorporar medidas educativas espec\u00edficas como estrategias reductoras de los factores de riesgo en base a una metodolog\u00eda de trabajo socioeducativa que se complemente con otras acciones y\/o actuaciones preventivas.<br \/>\n<img loading=\"lazy\" class=\"alignleft size-full wp-image-53\" src=\"http:\/\/divulgaciondinamica.info\/promos\/wp-content\/uploads\/2015\/03\/diploma-digital1.png\" alt=\"diploma-digital\" width=\"479\" height=\"322\" srcset=\"https:\/\/divulgaciondinamica.info\/promos\/wp-content\/uploads\/2015\/03\/diploma-digital1.png 479w, https:\/\/divulgaciondinamica.info\/promos\/wp-content\/uploads\/2015\/03\/diploma-digital1-300x202.png 300w\" sizes=\"(max-width: 479px) 100vw, 479px\" \/><\/p>\n<p style=\"text-align: left;\" align=\"justify\">\n<\/div>\n<p>[\/vc_column_text][\/vc_column][vc_column width=\u00bb1\/2&#8243;][vc_column_text]<\/p>\n<div id=\"stcpDiv\">\n<h3 style=\"text-align: left;\" align=\"justify\">Temario del Curso:<\/h3>\n<p>&nbsp;<\/p>\n<p><strong>1. INTERVENCI\u00d3N SOCIOEDUCATIVA DESDE LA ATENCI\u00d3N RESIDENCIAL<\/strong><\/p>\n<p>1.1 La atenci\u00f3n residencial<br \/>\n1.2 Acogimiento residencial en la protecci\u00f3n a la infancia<br \/>\n1.3 Principios y criterios de calidad en atenci\u00f3n residencial<br \/>\n1.4 Pautas de actuaci\u00f3n educativa seg\u00fan caracter\u00edsticas y necesidades a diferentes edades<\/p>\n<p><strong>2. ASPECTOS PSICOSOCIALES EN LA ADOLESCENCIA<\/strong><\/p>\n<p>2.1. Adolescencia: aspectos biol\u00f3gicos, psicol\u00f3gicos y sociales<br \/>\n2.2. Teor\u00edas psicosociales de la adolescencia<br \/>\n2.3.\u00a0 Algunas caracter\u00edsticas relativas a la personalidad del adolescente: identidad personal, autoconcepto y autoestima, autonom\u00eda e independencia, problemas de ajuste<br \/>\n2.4. Pautas para la intervenci\u00f3n socioeducativa y el trabajo con adolescentes<\/p>\n<p><strong>3. CONDUCTA ANTISOCIAL EN LOS CENTROS DE MENORES<\/strong><\/p>\n<p>3.1 La conducta antisocial en j\u00f3venes y adolescentes<br \/>\n3.2 Intervenci\u00f3n socioeducativa en la atenci\u00f3n residencial<br \/>\n3.3 Problemas de conducta en los centros residenciales. Recursos educativos y de control.<br \/>\n3.4 Situaciones de crisis: t\u00e9cnicas de intervenci\u00f3n<\/p>\n<p><strong>+ CUADERNO DE CASOS PR\u00c1CTICOS<\/strong><\/p>\n<\/div>\n<p>[\/vc_column_text][\/vc_column][\/vc_row][vc_row css=\u00bb.vc_custom_1427806970509{margin-top: 35px !important;margin-bottom: 35px !important;}\u00bb][vc_column][vc_column_text]<\/p>\n<p style=\"text-align: center;\"><a class=\"vc_btn vc_btn_orange vc_btn-orange vc_btn_lg vc_btn-lg vc_btn_rounded\" title=\"\" href=\"http:\/\/www.divulgaciondinamica.es\/secretaria\/alumnos\/form\/804\/\" target=\"_blank\">INSCRIPCI\u00d3N<\/a><\/p>\n<p>[\/vc_column_text][\/vc_column][\/vc_row]<\/p>\n","protected":false},"excerpt":{"rendered":"<p>[vc_row css=\u00bb.vc_custom_1427804811471{margin-top: 25px !important;margin-bottom: 25px !important;}\u00bb][vc_column width=\u00bb2\/3&#8243;][vc_single_image image=\u00bb1573&#8243; img_size=\u00bb661&#215;82&#8243;][\/vc_column][vc_column width=\u00bb1\/3&#8243;][vc_column_text] 628 069 839 soporte1@divulgaciondinamica.es [\/vc_column_text][\/vc_column][\/vc_row][vc_row css=\u00bb.vc_custom_1489484355483{margin-top: 25px !important;margin-bottom: 15px !important;}\u00bb][vc_column][vc_custom_heading text=\u00bbCurso Online \u00bb font_container=\u00bbtag:p|font_size:32|text_align:center|color:%230a7aba|line_height:1.1&#8243; google_fonts=\u00bbfont_family:Lato%3A100%2C100italic%2C300%2C300italic%2Cregular%2Citalic%2C700%2C700italic%2C900%2C900italic|font_style:300%20light%20regular%3A300%3Anormal\u00bb css=\u00bb.vc_custom_1490955635731{margin-bottom: 15px !important;}\u00bb][vc_custom_heading text=\u00bbEducador en Centro de Menores\u00bb font_container=\u00bbtag:h1|font_size:38|text_align:center|color:%230a7aba|line_height:1.1&#8243; google_fonts=\u00bbfont_family:Lato%3A100%2C100italic%2C300%2C300italic%2Cregular%2Citalic%2C700%2C700italic%2C900%2C900italic|font_style:900%20bold%20regular%3A900%3Anormal\u00bb css=\u00bb.vc_custom_1491377891976{margin-bottom: 15px !important;}\u00bb][\/vc_column][\/vc_row][vc_row][vc_column][vc_column_text][\/vc_column_text][\/vc_column][\/vc_row][vc_row css=\u00bb.vc_custom_1427804437681{margin-top: 35px<\/p>\n","protected":false},"author":1,"featured_media":0,"parent":0,"menu_order":0,"comment_status":"closed","ping_status":"closed","template":"","meta":[],"yoast_head":"<!-- This site is optimized with the Yoast SEO plugin v15.7 - https:\/\/yoast.com\/wordpress\/plugins\/seo\/ -->\n<title>Educador en Centro de Menores - Divulgaci\u00f3n Din\u00e1mica<\/title>\n<meta name=\"description\" content=\"Curso de Educador en Centro de Menores. Apostamos por una formaci\u00f3n de calidad al alcance de todos. Paga solo las tasas. \u00a1Inf\u00f3rmate!.\" \/>\n<meta name=\"robots\" content=\"index, follow, max-snippet:-1, max-image-preview:large, max-video-preview:-1\" \/>\n<link rel=\"canonical\" href=\"http:\/\/divulgaciondinamica.info\/promos\/educador-en-centro-de-menores-b\/\" \/>\n<meta property=\"og:locale\" content=\"es_ES\" \/>\n<meta property=\"og:type\" content=\"article\" \/>\n<meta property=\"og:title\" content=\"Educador en Centro de Menores - Divulgaci\u00f3n Din\u00e1mica\" \/>\n<meta property=\"og:description\" content=\"Curso de Educador en Centro de Menores. Apostamos por una formaci\u00f3n de calidad al alcance de todos. Paga solo las tasas. \u00a1Inf\u00f3rmate!.\" \/>\n<meta property=\"og:url\" content=\"http:\/\/divulgaciondinamica.info\/promos\/educador-en-centro-de-menores-b\/\" \/>\n<meta property=\"og:site_name\" content=\"Divulgaci\u00f3n Din\u00e1mica\" \/>\n<meta property=\"article:publisher\" content=\"https:\/\/www.facebook.com\/divulgaciondinamicaformacion\/\" \/>\n<meta property=\"article:modified_time\" content=\"2017-04-05T07:39:49+00:00\" \/>\n<meta property=\"og:image\" content=\"http:\/\/divulgaciondinamica.info\/promos\/wp-content\/uploads\/2015\/04\/imagen-curso-educador-en-centro-de-menores1.jpg\" \/>\n<meta name=\"twitter:card\" content=\"summary_large_image\" \/>\n<meta name=\"twitter:site\" content=\"@divulgaciond\" \/>\n<meta name=\"twitter:label1\" content=\"Tiempo de lectura\">\n\t<meta name=\"twitter:data1\" content=\"3 minutos\">\n<script type=\"application\/ld+json\" class=\"yoast-schema-graph\">{\"@context\":\"https:\/\/schema.org\",\"@graph\":[{\"@type\":\"Organization\",\"@id\":\"https:\/\/divulgaciondinamica.info\/promos\/#organization\",\"name\":\"Divulgaci\\u00f3n Din\\u00e1mica S.L.\",\"url\":\"https:\/\/divulgaciondinamica.info\/promos\/\",\"sameAs\":[\"https:\/\/www.facebook.com\/divulgaciondinamicaformacion\/\",\"https:\/\/www.instagram.com\/divulgaciondinamica\",\"https:\/\/www.linkedin.com\/company-beta\/9490428\/\",\"https:\/\/www.youtube.com\/user\/ddinamica2010\",\"https:\/\/twitter.com\/divulgaciond\"],\"logo\":{\"@type\":\"ImageObject\",\"@id\":\"https:\/\/divulgaciondinamica.info\/promos\/#logo\",\"inLanguage\":\"es\",\"url\":\"https:\/\/divulgaciondinamica.info\/promos\/wp-content\/uploads\/2016\/02\/logo-divulgaciondinamica-ddf.png\",\"width\":400,\"height\":79,\"caption\":\"Divulgaci\\u00f3n Din\\u00e1mica S.L.\"},\"image\":{\"@id\":\"https:\/\/divulgaciondinamica.info\/promos\/#logo\"}},{\"@type\":\"WebSite\",\"@id\":\"https:\/\/divulgaciondinamica.info\/promos\/#website\",\"url\":\"https:\/\/divulgaciondinamica.info\/promos\/\",\"name\":\"Divulgaci\\u00f3n Din\\u00e1mica\",\"description\":\"Formaci\\u00f3n de calidad al alcance de todos\",\"publisher\":{\"@id\":\"https:\/\/divulgaciondinamica.info\/promos\/#organization\"},\"potentialAction\":[{\"@type\":\"SearchAction\",\"target\":\"https:\/\/divulgaciondinamica.info\/promos\/?s={search_term_string}\",\"query-input\":\"required name=search_term_string\"}],\"inLanguage\":\"es\"},{\"@type\":\"ImageObject\",\"@id\":\"http:\/\/divulgaciondinamica.info\/promos\/educador-en-centro-de-menores-b\/#primaryimage\",\"inLanguage\":\"es\",\"url\":\"http:\/\/divulgaciondinamica.info\/promos\/wp-content\/uploads\/2015\/04\/imagen-curso-educador-en-centro-de-menores1.jpg\"},{\"@type\":\"WebPage\",\"@id\":\"http:\/\/divulgaciondinamica.info\/promos\/educador-en-centro-de-menores-b\/#webpage\",\"url\":\"http:\/\/divulgaciondinamica.info\/promos\/educador-en-centro-de-menores-b\/\",\"name\":\"Educador en Centro de Menores - Divulgaci\\u00f3n Din\\u00e1mica\",\"isPartOf\":{\"@id\":\"https:\/\/divulgaciondinamica.info\/promos\/#website\"},\"primaryImageOfPage\":{\"@id\":\"http:\/\/divulgaciondinamica.info\/promos\/educador-en-centro-de-menores-b\/#primaryimage\"},\"datePublished\":\"2017-01-23T08:22:56+00:00\",\"dateModified\":\"2017-04-05T07:39:49+00:00\",\"description\":\"Curso de Educador en Centro de Menores. Apostamos por una formaci\\u00f3n de calidad al alcance de todos. Paga solo las tasas. \\u00a1Inf\\u00f3rmate!.\",\"inLanguage\":\"es\",\"potentialAction\":[{\"@type\":\"ReadAction\",\"target\":[\"http:\/\/divulgaciondinamica.info\/promos\/educador-en-centro-de-menores-b\/\"]}]}]}<\/script>\n<!-- \/ Yoast SEO plugin. -->","_links":{"self":[{"href":"https:\/\/divulgaciondinamica.info\/promos\/wp-json\/wp\/v2\/pages\/4906"}],"collection":[{"href":"https:\/\/divulgaciondinamica.info\/promos\/wp-json\/wp\/v2\/pages"}],"about":[{"href":"https:\/\/divulgaciondinamica.info\/promos\/wp-json\/wp\/v2\/types\/page"}],"author":[{"embeddable":true,"href":"https:\/\/divulgaciondinamica.info\/promos\/wp-json\/wp\/v2\/users\/1"}],"replies":[{"embeddable":true,"href":"https:\/\/divulgaciondinamica.info\/promos\/wp-json\/wp\/v2\/comments?post=4906"}],"version-history":[{"count":5,"href":"https:\/\/divulgaciondinamica.info\/promos\/wp-json\/wp\/v2\/pages\/4906\/revisions"}],"predecessor-version":[{"id":6253,"href":"https:\/\/divulgaciondinamica.info\/promos\/wp-json\/wp\/v2\/pages\/4906\/revisions\/6253"}],"wp:attachment":[{"href":"https:\/\/divulgaciondinamica.info\/promos\/wp-json\/wp\/v2\/media?parent=4906"}],"curies":[{"name":"wp","href":"https:\/\/api.w.org\/{rel}","templated":true}]}}