{"id":4827,"date":"2017-01-17T13:59:35","date_gmt":"2017-01-17T13:59:35","guid":{"rendered":"http:\/\/divulgaciondinamica.info\/promos\/?page_id=4827"},"modified":"2017-08-02T12:15:40","modified_gmt":"2017-08-02T12:15:40","slug":"monitor-de-insercion-laboral-para-personas-con-discapacidad-cg-cadiz","status":"publish","type":"page","link":"https:\/\/divulgaciondinamica.info\/promos\/monitor-de-insercion-laboral-para-personas-con-discapacidad-cg-cadiz\/","title":{"rendered":"Monitor de Inserci\u00f3n Laboral para Personas con Discapacidad CG C\u00e1diz"},"content":{"rendered":"<p>[vc_row css=\u00bb.vc_custom_1427804811471{margin-top: 25px !important;margin-bottom: 25px !important;}\u00bb][vc_column width=\u00bb1\/2&#8243;][vc_single_image image=\u00bb4874&#8243; img_size=\u00bb301&#215;82&#8243; onclick=\u00bbcustom_link\u00bb link=\u00bbhttp:\/\/divulgaciondinamica.info\/promos\/colegio-profesional-de-trabajo-social-de-cadiz-2017\/\u00bb][\/vc_column][vc_column width=\u00bb1\/2&#8243;][vc_column_text]<\/p>\n<p style=\"text-align: right;\"><strong>INFORMACI\u00d3N: soporte9@divulgaciondinamica.es<\/strong><\/p>\n<p style=\"text-align: right;\"><strong>MATRICULACI\u00d3N: cadiz@cgtrabajosocial.es<\/strong><\/p>\n<p>[\/vc_column_text][\/vc_column][\/vc_row][vc_row css=\u00bb.vc_custom_1484657534791{margin-top: 60px !important;margin-bottom: 60px !important;}\u00bb][vc_column][vc_single_image image=\u00bb4807&#8243; img_size=\u00bbfull\u00bb alignment=\u00bbcenter\u00bb][\/vc_column][\/vc_row][vc_row css=\u00bb.vc_custom_1484657118750{margin-bottom: 30px !important;padding-top: 10px !important;padding-bottom: 10px !important;background-color: #0a8336 !important;}\u00bb][vc_column][vc_custom_heading text=\u00bbMonitor de Inserci\u00f3n Laboral para Personas con Discapacidad\u00bb font_container=\u00bbtag:h2|font_size:26|text_align:left|color:%23ffffff\u00bb google_fonts=\u00bbfont_family:Lato%3A100%2C100italic%2C300%2C300italic%2Cregular%2Citalic%2C700%2C700italic%2C900%2C900italic|font_style:400%20regular%3A400%3Anormal\u00bb][\/vc_column][\/vc_row][vc_row css=\u00bb.vc_custom_1484657534791{margin-top: 60px !important;margin-bottom: 60px !important;}\u00bb][vc_column width=\u00bb1\/4&#8243;][vc_custom_heading text=\u00bbModalidad:\u00bb font_container=\u00bbtag:h2|font_size:22|text_align:center|color:%23666666&#8243; google_fonts=\u00bbfont_family:Lato%3A100%2C100italic%2C300%2C300italic%2Cregular%2Citalic%2C700%2C700italic%2C900%2C900italic|font_style:700%20bold%20regular%3A700%3Anormal\u00bb][vc_custom_heading text=\u00bbOnline\u00bb font_container=\u00bbtag:h2|font_size:16|text_align:center|color:%23666666&#8243; google_fonts=\u00bbfont_family:Lato%3A100%2C100italic%2C300%2C300italic%2Cregular%2Citalic%2C700%2C700italic%2C900%2C900italic|font_style:400%20regular%3A400%3Anormal\u00bb][\/vc_column][vc_column width=\u00bb1\/4&#8243;][vc_custom_heading text=\u00bbDuraci\u00f3n:\u00bb font_container=\u00bbtag:h2|font_size:22|text_align:center|color:%23666666&#8243; google_fonts=\u00bbfont_family:Lato%3A100%2C100italic%2C300%2C300italic%2Cregular%2Citalic%2C700%2C700italic%2C900%2C900italic|font_style:700%20bold%20regular%3A700%3Anormal\u00bb][vc_custom_heading text=\u00bb120 horas\u00bb font_container=\u00bbtag:h2|font_size:16|text_align:center|color:%23666666&#8243; google_fonts=\u00bbfont_family:Lato%3A100%2C100italic%2C300%2C300italic%2Cregular%2Citalic%2C700%2C700italic%2C900%2C900italic|font_style:400%20regular%3A400%3Anormal\u00bb][\/vc_column][vc_column width=\u00bb1\/4&#8243;][vc_custom_heading text=\u00bbFecha Inicio\/Fin:\u00bb font_container=\u00bbtag:h2|font_size:22|text_align:center|color:%23666666&#8243; google_fonts=\u00bbfont_family:Lato%3A100%2C100italic%2C300%2C300italic%2Cregular%2Citalic%2C700%2C700italic%2C900%2C900italic|font_style:700%20bold%20regular%3A700%3Anormal\u00bb][vc_custom_heading text=\u00bbInicio: 04\/09\/2017<br \/>\nFin: 09\/10\/2017&#8243; font_container=\u00bbtag:h2|font_size:16|text_align:center|color:%23666666&#8243; google_fonts=\u00bbfont_family:Lato%3A100%2C100italic%2C300%2C300italic%2Cregular%2Citalic%2C700%2C700italic%2C900%2C900italic|font_style:400%20regular%3A400%3Anormal\u00bb][\/vc_column][vc_column width=\u00bb1\/4&#8243;][vc_custom_heading text=\u00bbCoste:\u00bb font_container=\u00bbtag:h2|font_size:22|text_align:center|color:%23666666&#8243; google_fonts=\u00bbfont_family:Lato%3A100%2C100italic%2C300%2C300italic%2Cregular%2Citalic%2C700%2C700italic%2C900%2C900italic|font_style:700%20bold%20regular%3A700%3Anormal\u00bb][vc_custom_heading text=\u00bbColegiados\/as: 50\u20ac<br \/>\nNo Colegiados\/as: 60\u20ac\u00bb font_container=\u00bbtag:h2|font_size:16|text_align:center|color:%23666666&#8243; google_fonts=\u00bbfont_family:Lato%3A100%2C100italic%2C300%2C300italic%2Cregular%2Citalic%2C700%2C700italic%2C900%2C900italic|font_style:400%20regular%3A400%3Anormal\u00bb][\/vc_column][\/vc_row][vc_row css=\u00bb.vc_custom_1427805189823{margin-top: 35px !important;margin-bottom: 35px !important;}\u00bb][vc_column width=\u00bb1\/2&#8243;][vc_custom_heading text=\u00bbPresentaci\u00f3n del Curso:\u00bb font_container=\u00bbtag:h2|font_size:22|text_align:left|color:%23666666&#8243; google_fonts=\u00bbfont_family:Lato%3A100%2C100italic%2C300%2C300italic%2Cregular%2Citalic%2C700%2C700italic%2C900%2C900italic|font_style:700%20bold%20regular%3A700%3Anormal\u00bb css=\u00bb.vc_custom_1484661320814{margin-bottom: 20px !important;}\u00bb][vc_column_text css=\u00bb.vc_custom_1484662545274{margin-bottom: 30px !important;}\u00bb]<\/p>\n<div id=\"stcpDiv\">\n<div class=\"w-tabs-section-content\">\n<div class=\"w-tabs-section-content-h i-cf\">\n<div class=\"wpb_text_column \">\n<div class=\"wpb_wrapper\">\n<p>En una situaci\u00f3n laboral y econ\u00f3mica como la actual se hace a\u00fan m\u00e1s patente el hecho de que aunque en todos los colectivos existen altas tasas de desempleo no todos los colectivos lo sufren de igual modo. As\u00ed, uno de los colectivos que incluso en \u00e9pocas econ\u00f3micas estables suele padecer dificultades de inserci\u00f3n laboral es el de las personas con discapacidad ya que la problem\u00e1tica de acceso de estas personas a un empleo no es \u00fanicamente econ\u00f3mico, sino fuertemente influenciado por factores externos al mercado laboral como son los prejuicios sociales, el desconocimiento de la discapacidad o la desconfianza.<\/p>\n<p>El curso de Monitor de Inserci\u00f3n Laboral para Personas con Discapcidad permite dar respuesta a una necesidad clara de orientaci\u00f3n laboral espec\u00edfica para este colectivo, hist\u00f3ricamente excluidos del mercado de trabajo y con especiales dificultades de inserci\u00f3n laboral siendo su objetivo capacitar a los participantes para ejercer funciones de ayuda, acompa\u00f1amiento y control en los procesos de orientaci\u00f3n e inserci\u00f3n laboral de personas con discapacidad desde una perspectiva amplia del proceso, teniendo en cuenta las caracter\u00edsticas personales en este colectivo (personas con discapacidad intelectual, f\u00edsica, sensorial y trastorno mental) y las necesidades y perspectivas socioecon\u00f3micas del entorno.<\/p>\n<\/div>\n<\/div>\n<\/div>\n<\/div>\n<p style=\"text-align: left;\" align=\"justify\">\n<\/div>\n<p>[\/vc_column_text][\/vc_column][vc_column width=\u00bb1\/2&#8243;][vc_custom_heading text=\u00bbTemario:\u00bb font_container=\u00bbtag:h2|font_size:22|text_align:left|color:%23666666&#8243; google_fonts=\u00bbfont_family:Lato%3A100%2C100italic%2C300%2C300italic%2Cregular%2Citalic%2C700%2C700italic%2C900%2C900italic|font_style:700%20bold%20regular%3A700%3Anormal\u00bb css=\u00bb.vc_custom_1484661329031{margin-bottom: 20px !important;}\u00bb][vc_column_text]<strong>1. LA INSERCI\u00d3N LABORAL DE LAS PERSONAS CON DISCAPACIDAD<\/strong><\/p>\n<p>1.1 Inserci\u00f3n laboral e Inclusi\u00f3n social. El trabajo como mecanismo de inclusi\u00f3n social<br \/>\n1.2 Factores que inciden en la inserci\u00f3n laboral<br \/>\n1.3 Abordaje metodol\u00f3gico de la inserci\u00f3n laboral:<br \/>\n1.4 El monitor de inserci\u00f3n laboral como eje del apoyo y la orientaci\u00f3n<br \/>\n1.5 Los l\u00edmites de la intervenci\u00f3n en inserci\u00f3n laboral<\/p>\n<p><strong>2. PROCESO DE INSERCI\u00d3N LABORAL PARA PERSONAS CON DISCAPACIDAD<\/strong><\/p>\n<p>2.1 Demanda y acogida inicial<br \/>\n2.2 Valoraci\u00f3n y perfil profesional<br \/>\n2.3 Programas de inserci\u00f3n laboral<br \/>\n2.4 Dispositivos t\u00e9cnicos para los procesos de inserci\u00f3n laboral: adaptaciones de los procesos gen\u00e9ricos<\/p>\n<p><strong>3. LA INTERMEDIACI\u00d3N LABORAL<\/strong><\/p>\n<p>3.1 La prospecci\u00f3n de empresas<br \/>\n3.2 Fases de la prospecci\u00f3n de empresas<br \/>\n3.3 El seguimiento a la empresa<\/p>\n<p><strong>4. EL MONITOR DE INSERCI\u00d3N ANTE EL MANTENIMIENTO DEL PUESTO DE TRABAJO<\/strong><\/p>\n<p>4.1. El seguimiento dentro de la empresa.<br \/>\n4.2. Acciones para la integraci\u00f3n laboral[\/vc_column_text][\/vc_column][\/vc_row]<\/p>\n","protected":false},"excerpt":{"rendered":"<p>[vc_row css=\u00bb.vc_custom_1427804811471{margin-top: 25px !important;margin-bottom: 25px !important;}\u00bb][vc_column width=\u00bb1\/2&#8243;][vc_single_image image=\u00bb4874&#8243; img_size=\u00bb301&#215;82&#8243; onclick=\u00bbcustom_link\u00bb link=\u00bbhttp:\/\/divulgaciondinamica.info\/promos\/colegio-profesional-de-trabajo-social-de-cadiz-2017\/\u00bb][\/vc_column][vc_column width=\u00bb1\/2&#8243;][vc_column_text] INFORMACI\u00d3N: soporte9@divulgaciondinamica.es MATRICULACI\u00d3N: cadiz@cgtrabajosocial.es [\/vc_column_text][\/vc_column][\/vc_row][vc_row css=\u00bb.vc_custom_1484657534791{margin-top: 60px !important;margin-bottom: 60px !important;}\u00bb][vc_column][vc_single_image image=\u00bb4807&#8243; img_size=\u00bbfull\u00bb alignment=\u00bbcenter\u00bb][\/vc_column][\/vc_row][vc_row css=\u00bb.vc_custom_1484657118750{margin-bottom: 30px !important;padding-top: 10px !important;padding-bottom: 10px !important;background-color: #0a8336 !important;}\u00bb][vc_column][vc_custom_heading text=\u00bbMonitor de Inserci\u00f3n Laboral para Personas<\/p>\n","protected":false},"author":1,"featured_media":0,"parent":0,"menu_order":0,"comment_status":"closed","ping_status":"closed","template":"","meta":[],"yoast_head":"<!-- This site is optimized with the Yoast SEO plugin v15.7 - https:\/\/yoast.com\/wordpress\/plugins\/seo\/ -->\n<title>Monitor de Inserci\u00f3n Laboral para Personas con Discapacidad CG C\u00e1diz - Divulgaci\u00f3n Din\u00e1mica<\/title>\n<meta name=\"robots\" content=\"index, follow, max-snippet:-1, max-image-preview:large, max-video-preview:-1\" \/>\n<link rel=\"canonical\" href=\"http:\/\/divulgaciondinamica.info\/promos\/monitor-insercion-laboral-personas-discapacidad-online\/\" \/>\n<meta property=\"og:locale\" content=\"es_ES\" \/>\n<meta property=\"og:type\" content=\"article\" \/>\n<meta property=\"og:title\" content=\"Monitor de Inserci\u00f3n Laboral para Personas con Discapacidad CG C\u00e1diz - Divulgaci\u00f3n Din\u00e1mica\" \/>\n<meta property=\"og:description\" content=\"[vc_row css=\u00bb.vc_custom_1427804811471{margin-top: 25px !important;margin-bottom: 25px !important;}\u00bb][vc_column width=\u00bb1\/2&#8243;][vc_single_image image=\u00bb4874&#8243; img_size=\u00bb301&#215;82&#8243; onclick=\u00bbcustom_link\u00bb link=\u00bbhttp:\/\/divulgaciondinamica.info\/promos\/colegio-profesional-de-trabajo-social-de-cadiz-2017\/\u00bb][\/vc_column][vc_column width=\u00bb1\/2&#8243;][vc_column_text] INFORMACI\u00d3N: soporte9@divulgaciondinamica.es MATRICULACI\u00d3N: cadiz@cgtrabajosocial.es [\/vc_column_text][\/vc_column][\/vc_row][vc_row css=\u00bb.vc_custom_1484657534791{margin-top: 60px !important;margin-bottom: 60px !important;}\u00bb][vc_column][vc_single_image image=\u00bb4807&#8243; img_size=\u00bbfull\u00bb alignment=\u00bbcenter\u00bb][\/vc_column][\/vc_row][vc_row css=\u00bb.vc_custom_1484657118750{margin-bottom: 30px !important;padding-top: 10px !important;padding-bottom: 10px !important;background-color: #0a8336 !important;}\u00bb][vc_column][vc_custom_heading text=\u00bbMonitor de Inserci\u00f3n Laboral para Personas\" \/>\n<meta property=\"og:url\" content=\"http:\/\/divulgaciondinamica.info\/promos\/monitor-insercion-laboral-personas-discapacidad-online\/\" \/>\n<meta property=\"og:site_name\" content=\"Divulgaci\u00f3n Din\u00e1mica\" \/>\n<meta property=\"article:publisher\" content=\"https:\/\/www.facebook.com\/divulgaciondinamicaformacion\/\" \/>\n<meta property=\"article:modified_time\" content=\"2017-08-02T12:15:40+00:00\" \/>\n<meta name=\"twitter:card\" content=\"summary_large_image\" \/>\n<meta name=\"twitter:site\" content=\"@divulgaciond\" \/>\n<meta name=\"twitter:label1\" content=\"Tiempo de lectura\">\n\t<meta name=\"twitter:data1\" content=\"5 minutos\">\n<script type=\"application\/ld+json\" class=\"yoast-schema-graph\">{\"@context\":\"https:\/\/schema.org\",\"@graph\":[{\"@type\":\"Organization\",\"@id\":\"https:\/\/divulgaciondinamica.info\/promos\/#organization\",\"name\":\"Divulgaci\\u00f3n Din\\u00e1mica S.L.\",\"url\":\"https:\/\/divulgaciondinamica.info\/promos\/\",\"sameAs\":[\"https:\/\/www.facebook.com\/divulgaciondinamicaformacion\/\",\"https:\/\/www.instagram.com\/divulgaciondinamica\",\"https:\/\/www.linkedin.com\/company-beta\/9490428\/\",\"https:\/\/www.youtube.com\/user\/ddinamica2010\",\"https:\/\/twitter.com\/divulgaciond\"],\"logo\":{\"@type\":\"ImageObject\",\"@id\":\"https:\/\/divulgaciondinamica.info\/promos\/#logo\",\"inLanguage\":\"es\",\"url\":\"https:\/\/divulgaciondinamica.info\/promos\/wp-content\/uploads\/2016\/02\/logo-divulgaciondinamica-ddf.png\",\"width\":400,\"height\":79,\"caption\":\"Divulgaci\\u00f3n Din\\u00e1mica S.L.\"},\"image\":{\"@id\":\"https:\/\/divulgaciondinamica.info\/promos\/#logo\"}},{\"@type\":\"WebSite\",\"@id\":\"https:\/\/divulgaciondinamica.info\/promos\/#website\",\"url\":\"https:\/\/divulgaciondinamica.info\/promos\/\",\"name\":\"Divulgaci\\u00f3n Din\\u00e1mica\",\"description\":\"Formaci\\u00f3n de calidad al alcance de todos\",\"publisher\":{\"@id\":\"https:\/\/divulgaciondinamica.info\/promos\/#organization\"},\"potentialAction\":[{\"@type\":\"SearchAction\",\"target\":\"https:\/\/divulgaciondinamica.info\/promos\/?s={search_term_string}\",\"query-input\":\"required name=search_term_string\"}],\"inLanguage\":\"es\"},{\"@type\":\"WebPage\",\"@id\":\"http:\/\/divulgaciondinamica.info\/promos\/monitor-insercion-laboral-personas-discapacidad-online\/#webpage\",\"url\":\"http:\/\/divulgaciondinamica.info\/promos\/monitor-insercion-laboral-personas-discapacidad-online\/\",\"name\":\"Monitor de Inserci\\u00f3n Laboral para Personas con Discapacidad CG C\\u00e1diz - Divulgaci\\u00f3n Din\\u00e1mica\",\"isPartOf\":{\"@id\":\"https:\/\/divulgaciondinamica.info\/promos\/#website\"},\"datePublished\":\"2017-01-17T13:59:35+00:00\",\"dateModified\":\"2017-08-02T12:15:40+00:00\",\"inLanguage\":\"es\",\"potentialAction\":[{\"@type\":\"ReadAction\",\"target\":[\"http:\/\/divulgaciondinamica.info\/promos\/monitor-insercion-laboral-personas-discapacidad-online\/\"]}]}]}<\/script>\n<!-- \/ Yoast SEO plugin. -->","_links":{"self":[{"href":"https:\/\/divulgaciondinamica.info\/promos\/wp-json\/wp\/v2\/pages\/4827"}],"collection":[{"href":"https:\/\/divulgaciondinamica.info\/promos\/wp-json\/wp\/v2\/pages"}],"about":[{"href":"https:\/\/divulgaciondinamica.info\/promos\/wp-json\/wp\/v2\/types\/page"}],"author":[{"embeddable":true,"href":"https:\/\/divulgaciondinamica.info\/promos\/wp-json\/wp\/v2\/users\/1"}],"replies":[{"embeddable":true,"href":"https:\/\/divulgaciondinamica.info\/promos\/wp-json\/wp\/v2\/comments?post=4827"}],"version-history":[{"count":5,"href":"https:\/\/divulgaciondinamica.info\/promos\/wp-json\/wp\/v2\/pages\/4827\/revisions"}],"predecessor-version":[{"id":4888,"href":"https:\/\/divulgaciondinamica.info\/promos\/wp-json\/wp\/v2\/pages\/4827\/revisions\/4888"}],"wp:attachment":[{"href":"https:\/\/divulgaciondinamica.info\/promos\/wp-json\/wp\/v2\/media?parent=4827"}],"curies":[{"name":"wp","href":"https:\/\/api.w.org\/{rel}","templated":true}]}}