{"id":4825,"date":"2017-01-17T13:58:55","date_gmt":"2017-01-17T13:58:55","guid":{"rendered":"http:\/\/divulgaciondinamica.info\/promos\/?page_id=4825"},"modified":"2017-01-20T08:00:09","modified_gmt":"2017-01-20T08:00:09","slug":"master-en-competencias-educativas-en-la-intervencion-con-menores-cg-cadiz","status":"publish","type":"page","link":"https:\/\/divulgaciondinamica.info\/promos\/master-en-competencias-educativas-en-la-intervencion-con-menores-cg-cadiz\/","title":{"rendered":"M\u00e1ster en Competencias Educativas en la Intervenci\u00f3n con Menores CG C\u00e1diz"},"content":{"rendered":"<p>[vc_row css=\u00bb.vc_custom_1427804811471{margin-top: 25px !important;margin-bottom: 25px !important;}\u00bb][vc_column width=\u00bb1\/2&#8243;][vc_single_image image=\u00bb4874&#8243; img_size=\u00bb301&#215;82&#8243; onclick=\u00bbcustom_link\u00bb link=\u00bbhttp:\/\/divulgaciondinamica.info\/promos\/colegio-profesional-de-trabajo-social-de-cadiz-2017\/\u00bb][\/vc_column][vc_column width=\u00bb1\/2&#8243;][vc_column_text]<\/p>\n<p style=\"text-align: right;\"><strong>INFORMACI\u00d3N: soporte9@divulgaciondinamica.es<\/strong><\/p>\n<p style=\"text-align: right;\"><strong>MATRICULACI\u00d3N: cadiz@cgtrabajosocial.es<\/strong><\/p>\n<p>[\/vc_column_text][\/vc_column][\/vc_row][vc_row css=\u00bb.vc_custom_1484657534791{margin-top: 60px !important;margin-bottom: 60px !important;}\u00bb][vc_column][vc_single_image image=\u00bb4807&#8243; img_size=\u00bbfull\u00bb alignment=\u00bbcenter\u00bb][\/vc_column][\/vc_row][vc_row css=\u00bb.vc_custom_1484657118750{margin-bottom: 30px !important;padding-top: 10px !important;padding-bottom: 10px !important;background-color: #0a8336 !important;}\u00bb][vc_column][vc_custom_heading text=\u00bbM\u00e1ster en Competencias Educativas en la Intervenci\u00f3n con Menores\u00bb font_container=\u00bbtag:h2|font_size:26|text_align:left|color:%23ffffff\u00bb google_fonts=\u00bbfont_family:Lato%3A100%2C100italic%2C300%2C300italic%2Cregular%2Citalic%2C700%2C700italic%2C900%2C900italic|font_style:400%20regular%3A400%3Anormal\u00bb][\/vc_column][\/vc_row][vc_row css=\u00bb.vc_custom_1484657534791{margin-top: 60px !important;margin-bottom: 60px !important;}\u00bb][vc_column width=\u00bb1\/4&#8243;][vc_custom_heading text=\u00bbModalidad:\u00bb font_container=\u00bbtag:h2|font_size:22|text_align:center|color:%23666666&#8243; google_fonts=\u00bbfont_family:Lato%3A100%2C100italic%2C300%2C300italic%2Cregular%2Citalic%2C700%2C700italic%2C900%2C900italic|font_style:700%20bold%20regular%3A700%3Anormal\u00bb][vc_custom_heading text=\u00bbOnline\u00bb font_container=\u00bbtag:h2|font_size:16|text_align:center|color:%23666666&#8243; google_fonts=\u00bbfont_family:Lato%3A100%2C100italic%2C300%2C300italic%2Cregular%2Citalic%2C700%2C700italic%2C900%2C900italic|font_style:400%20regular%3A400%3Anormal\u00bb][\/vc_column][vc_column width=\u00bb1\/4&#8243;][vc_custom_heading text=\u00bbDuraci\u00f3n:\u00bb font_container=\u00bbtag:h2|font_size:22|text_align:center|color:%23666666&#8243; google_fonts=\u00bbfont_family:Lato%3A100%2C100italic%2C300%2C300italic%2Cregular%2Citalic%2C700%2C700italic%2C900%2C900italic|font_style:700%20bold%20regular%3A700%3Anormal\u00bb][vc_custom_heading text=\u00bb400 horas\u00bb font_container=\u00bbtag:h2|font_size:16|text_align:center|color:%23666666&#8243; google_fonts=\u00bbfont_family:Lato%3A100%2C100italic%2C300%2C300italic%2Cregular%2Citalic%2C700%2C700italic%2C900%2C900italic|font_style:400%20regular%3A400%3Anormal\u00bb][\/vc_column][vc_column width=\u00bb1\/4&#8243;][vc_custom_heading text=\u00bbFecha Inicio\/Fin:\u00bb font_container=\u00bbtag:h2|font_size:22|text_align:center|color:%23666666&#8243; google_fonts=\u00bbfont_family:Lato%3A100%2C100italic%2C300%2C300italic%2Cregular%2Citalic%2C700%2C700italic%2C900%2C900italic|font_style:700%20bold%20regular%3A700%3Anormal\u00bb][vc_custom_heading text=\u00bbInicio: 03\/05\/2017<br \/>\nFin: 30\/06\/2017&#8243; font_container=\u00bbtag:h2|font_size:16|text_align:center|color:%23666666&#8243; google_fonts=\u00bbfont_family:Lato%3A100%2C100italic%2C300%2C300italic%2Cregular%2Citalic%2C700%2C700italic%2C900%2C900italic|font_style:400%20regular%3A400%3Anormal\u00bb][\/vc_column][vc_column width=\u00bb1\/4&#8243;][vc_custom_heading text=\u00bbCoste:\u00bb font_container=\u00bbtag:h2|font_size:22|text_align:center|color:%23666666&#8243; google_fonts=\u00bbfont_family:Lato%3A100%2C100italic%2C300%2C300italic%2Cregular%2Citalic%2C700%2C700italic%2C900%2C900italic|font_style:700%20bold%20regular%3A700%3Anormal\u00bb][vc_custom_heading text=\u00bbColegiados\/as: 60\u20ac<br \/>\nNo Colegiados\/as: 70\u20ac\u00bb font_container=\u00bbtag:h2|font_size:16|text_align:center|color:%23666666&#8243; google_fonts=\u00bbfont_family:Lato%3A100%2C100italic%2C300%2C300italic%2Cregular%2Citalic%2C700%2C700italic%2C900%2C900italic|font_style:400%20regular%3A400%3Anormal\u00bb][\/vc_column][\/vc_row][vc_row css=\u00bb.vc_custom_1427805189823{margin-top: 35px !important;margin-bottom: 35px !important;}\u00bb][vc_column width=\u00bb1\/2&#8243;][vc_custom_heading text=\u00bbPresentaci\u00f3n del Curso:\u00bb font_container=\u00bbtag:h2|font_size:22|text_align:left|color:%23666666&#8243; google_fonts=\u00bbfont_family:Lato%3A100%2C100italic%2C300%2C300italic%2Cregular%2Citalic%2C700%2C700italic%2C900%2C900italic|font_style:700%20bold%20regular%3A700%3Anormal\u00bb css=\u00bb.vc_custom_1484661320814{margin-bottom: 20px !important;}\u00bb][vc_column_text css=\u00bb.vc_custom_1484662691570{margin-bottom: 30px !important;}\u00bb]<\/p>\n<div id=\"stcpDiv\">\n<div class=\"w-tabs-section-content\">\n<div class=\"w-tabs-section-content-h i-cf\">\n<div class=\"wpb_text_column \">\n<div class=\"wpb_wrapper\">\n<p>Desde las intervenciones con menores se enmarcan todas aquellas actuaciones individuales o grupales que tienen como objetivo dotar a los menores de conocimientos, habilidades, valores y normas sociales de comportamiento y convivencia esenciales para su proceso de crecimiento personal y socializaci\u00f3n.<\/p>\n<p>Con la finalidad de desarrollar aquellas habilidades t\u00e9cnicas que permitan crear experiencias socioeducativas y de calidad para menores, la formaci\u00f3n que presentamos \u201cCompetencias educativas en la intervenci\u00f3n con menores\u201d ofrece un marco te\u00f3rico y un desarrollo metodol\u00f3gico en base a diferentes competencias educativas b\u00e1sicas reconocidas como prioritarias en el desarrollo de la intervenci\u00f3n socioeducativa con menores en diferentes \u00e1mbitos y ante diferentes necesidades prioritarias de intervenci\u00f3n.<\/p>\n<\/div>\n<\/div>\n<\/div>\n<\/div>\n<p style=\"text-align: left;\" align=\"justify\">\n<\/div>\n<p>[\/vc_column_text][\/vc_column][vc_column width=\u00bb1\/2&#8243;][vc_custom_heading text=\u00bbTemario:\u00bb font_container=\u00bbtag:h2|font_size:22|text_align:left|color:%23666666&#8243; google_fonts=\u00bbfont_family:Lato%3A100%2C100italic%2C300%2C300italic%2Cregular%2Citalic%2C700%2C700italic%2C900%2C900italic|font_style:700%20bold%20regular%3A700%3Anormal\u00bb css=\u00bb.vc_custom_1484661329031{margin-bottom: 20px !important;}\u00bb][vc_column_text]<\/p>\n<div id=\"stcpDiv\">\n<div id=\"stcpDiv\">\n<p><strong>1. LA INTERVENCI\u00d3N SOCIOEDUCATIVA<\/strong><\/p>\n<p>1.1 \u00bfQu\u00e9 es la intervenci\u00f3n socioeducativa?<br \/>\n1.2 \u00c1mbitos y colectivos de intervenci\u00f3n<\/p>\n<p><strong>2. PLANIFICACI\u00d3N DE LAS INTERVENCIONES<\/strong><\/p>\n<p>2.1 Niveles de planificaci\u00f3n. Ventajas e inconvenientes de la planificaci\u00f3n pro proyectos.<br \/>\n2.2 M\u00e9todos para la planificaci\u00f3n de proyectos de intervenci\u00f3n<br \/>\n2.3 Propuesta de esquema para el dise\u00f1o de proyectos de intervenci\u00f3n<\/p>\n<p><strong>3. HABILIDADES SOCIALES PARA LA INTERVENCI\u00d3N SOCIOEDUCATIVA<\/strong><\/p>\n<p>3.1 Las habilidades sociales. Componentes<br \/>\n3.2 Programas de entrenamiento de las habilidades sociales<br \/>\n3.3 Algunas habilidades sociales relevantes para la intervenci\u00f3n socioeducativa: habilidades de comunicaci\u00f3n. Asertividad. El feedback. La comunicaci\u00f3n no verbal. La inteligencia emocional.<\/p>\n<p><strong>4. RECURSOS Y T\u00c9CNICAS EDUCATIVAS PARA EL CONTROL DE LA CONDUCTA ANTISOCIAL EN LOS CENTROS DE MENORES<\/strong><\/p>\n<p>4.1 La conducta antisocial en j\u00f3venes y adolescentes<br \/>\n4.2 Intervenci\u00f3n socioeducativa en la atenci\u00f3n residencial<br \/>\n4.3 Problemas de conducta en los centros residenciales. Recursos educativos y de control.<br \/>\n4.4 Situaciones de crisis: t\u00e9cnicas de intervenci\u00f3n<\/p>\n<p><strong>5. INTERVENCI\u00d3N SOCIOEDUCATIVA EN LA FAMILIA<\/strong><\/p>\n<p>5.1 La familia<br \/>\n5.2 Intervenci\u00f3n socioeducativa en el contexto familiar<br \/>\n5.3 Ejemplo de intervenci\u00f3n: Familias de personas con discapacidad<br \/>\n5.4 Los malos tratos y situaciones de riesgo a nivel familiar<\/p>\n<p><strong>6. INTERVENCI\u00d3N EN EL \u00c1MBITO ESCOLAR: EDUCACI\u00d3N INCLUSIVA<\/strong><\/p>\n<p>6.1 Atenci\u00f3n escolar a la diversidad<br \/>\n6.2 Principios b\u00e1sicos de atenci\u00f3n a la diversidad desde el \u00e1mbito escolar<br \/>\n6.3 Necesidades educativas especiales. Necesidades espec\u00edficas de apoyo educativo<br \/>\n6.4 Factores socioeducativos de inadaptaci\u00f3n y exclusi\u00f3n social<br \/>\n6.5 Integraci\u00f3n de las minor\u00edas \u00e9tnicas: hacia una educaci\u00f3n intercultural<br \/>\n6.6 Intervenciones socioeducativas inclusivas: Actividades y programas en el \u00e1mbito escolar<br \/>\n6.7 La exclusi\u00f3n digital: responsabilidad desde el \u00e1mbito escolar<\/p>\n<p><strong>7. METODOLOG\u00cdA DE LA INTERVENCI\u00d3N EN PROCESOS EDUCATIVOS INFANTILES Y JUVENILES EN EL TIEMPO LIBRE<\/strong><\/p>\n<p>7.1 Fundamentos de la educaci\u00f3n en el tiempo libre infantil y juvenil<br \/>\n7.2 Procesos educativos y socializadores en la infancia y Juventud<br \/>\n7.3 Desarrollo psicosocial infantil y juvenil en las propuestas de actividades de tiempo libre<br \/>\n7.4 T\u00e9cnicas de intervenci\u00f3n educativa en funci\u00f3n de la diversidad individual y grupal<br \/>\n7.5 T\u00e9cnicas grupales en el desarrollo de actividades<br \/>\n7.6 Propuesta de actividades de tiempo libre infantil<\/p>\n<p><strong>8. HERRAMIENTAS PARA MEJORAR EL TRABAJO INTELECTUAL INFANTIL<\/strong><\/p>\n<p>8.1 Como ense\u00f1ar a estudiar<br \/>\n8.2 Herramientas para mejorar la capacidad de aprender<br \/>\n8.3 T\u00e9cnicas para minimizar el esfuerzo<br \/>\n8.4 Estrategias motivacionales<br \/>\n8.5 Mejora de las competencias vitales: aplicaci\u00f3n de la psicolog\u00eda positiva a la educaci\u00f3n<\/p>\n<\/div>\n<\/div>\n<p>[\/vc_column_text][\/vc_column][\/vc_row]<\/p>\n","protected":false},"excerpt":{"rendered":"<p>[vc_row css=\u00bb.vc_custom_1427804811471{margin-top: 25px !important;margin-bottom: 25px !important;}\u00bb][vc_column width=\u00bb1\/2&#8243;][vc_single_image image=\u00bb4874&#8243; img_size=\u00bb301&#215;82&#8243; onclick=\u00bbcustom_link\u00bb link=\u00bbhttp:\/\/divulgaciondinamica.info\/promos\/colegio-profesional-de-trabajo-social-de-cadiz-2017\/\u00bb][\/vc_column][vc_column width=\u00bb1\/2&#8243;][vc_column_text] INFORMACI\u00d3N: soporte9@divulgaciondinamica.es MATRICULACI\u00d3N: cadiz@cgtrabajosocial.es [\/vc_column_text][\/vc_column][\/vc_row][vc_row css=\u00bb.vc_custom_1484657534791{margin-top: 60px !important;margin-bottom: 60px !important;}\u00bb][vc_column][vc_single_image image=\u00bb4807&#8243; img_size=\u00bbfull\u00bb alignment=\u00bbcenter\u00bb][\/vc_column][\/vc_row][vc_row css=\u00bb.vc_custom_1484657118750{margin-bottom: 30px !important;padding-top: 10px !important;padding-bottom: 10px !important;background-color: #0a8336 !important;}\u00bb][vc_column][vc_custom_heading text=\u00bbM\u00e1ster en Competencias Educativas en la<\/p>\n","protected":false},"author":1,"featured_media":0,"parent":0,"menu_order":0,"comment_status":"closed","ping_status":"closed","template":"","meta":[],"yoast_head":"<!-- This site is optimized with the Yoast SEO plugin v15.7 - https:\/\/yoast.com\/wordpress\/plugins\/seo\/ -->\n<title>M\u00e1ster en Competencias Educativas en la Intervenci\u00f3n con Menores CG C\u00e1diz - Divulgaci\u00f3n Din\u00e1mica<\/title>\n<meta name=\"robots\" content=\"index, follow, max-snippet:-1, max-image-preview:large, max-video-preview:-1\" \/>\n<link rel=\"canonical\" href=\"https:\/\/divulgaciondinamica.info\/promos\/master-en-competencias-educativas-en-la-intervencion-con-menores-cg-cadiz\/\" \/>\n<meta property=\"og:locale\" content=\"es_ES\" \/>\n<meta property=\"og:type\" content=\"article\" \/>\n<meta property=\"og:title\" content=\"M\u00e1ster en Competencias Educativas en la Intervenci\u00f3n con Menores CG C\u00e1diz - Divulgaci\u00f3n Din\u00e1mica\" \/>\n<meta property=\"og:description\" content=\"[vc_row css=\u00bb.vc_custom_1427804811471{margin-top: 25px !important;margin-bottom: 25px !important;}\u00bb][vc_column width=\u00bb1\/2&#8243;][vc_single_image image=\u00bb4874&#8243; img_size=\u00bb301&#215;82&#8243; onclick=\u00bbcustom_link\u00bb link=\u00bbhttp:\/\/divulgaciondinamica.info\/promos\/colegio-profesional-de-trabajo-social-de-cadiz-2017\/\u00bb][\/vc_column][vc_column width=\u00bb1\/2&#8243;][vc_column_text] INFORMACI\u00d3N: soporte9@divulgaciondinamica.es MATRICULACI\u00d3N: cadiz@cgtrabajosocial.es [\/vc_column_text][\/vc_column][\/vc_row][vc_row css=\u00bb.vc_custom_1484657534791{margin-top: 60px !important;margin-bottom: 60px !important;}\u00bb][vc_column][vc_single_image image=\u00bb4807&#8243; img_size=\u00bbfull\u00bb alignment=\u00bbcenter\u00bb][\/vc_column][\/vc_row][vc_row css=\u00bb.vc_custom_1484657118750{margin-bottom: 30px !important;padding-top: 10px !important;padding-bottom: 10px !important;background-color: #0a8336 !important;}\u00bb][vc_column][vc_custom_heading text=\u00bbM\u00e1ster en Competencias Educativas en la\" \/>\n<meta property=\"og:url\" content=\"https:\/\/divulgaciondinamica.info\/promos\/master-en-competencias-educativas-en-la-intervencion-con-menores-cg-cadiz\/\" \/>\n<meta property=\"og:site_name\" content=\"Divulgaci\u00f3n Din\u00e1mica\" \/>\n<meta property=\"article:publisher\" content=\"https:\/\/www.facebook.com\/divulgaciondinamicaformacion\/\" \/>\n<meta property=\"article:modified_time\" content=\"2017-01-20T08:00:09+00:00\" \/>\n<meta name=\"twitter:card\" content=\"summary_large_image\" \/>\n<meta name=\"twitter:site\" content=\"@divulgaciond\" \/>\n<meta name=\"twitter:label1\" content=\"Tiempo de lectura\">\n\t<meta name=\"twitter:data1\" content=\"6 minutos\">\n<script type=\"application\/ld+json\" class=\"yoast-schema-graph\">{\"@context\":\"https:\/\/schema.org\",\"@graph\":[{\"@type\":\"Organization\",\"@id\":\"https:\/\/divulgaciondinamica.info\/promos\/#organization\",\"name\":\"Divulgaci\\u00f3n Din\\u00e1mica S.L.\",\"url\":\"https:\/\/divulgaciondinamica.info\/promos\/\",\"sameAs\":[\"https:\/\/www.facebook.com\/divulgaciondinamicaformacion\/\",\"https:\/\/www.instagram.com\/divulgaciondinamica\",\"https:\/\/www.linkedin.com\/company-beta\/9490428\/\",\"https:\/\/www.youtube.com\/user\/ddinamica2010\",\"https:\/\/twitter.com\/divulgaciond\"],\"logo\":{\"@type\":\"ImageObject\",\"@id\":\"https:\/\/divulgaciondinamica.info\/promos\/#logo\",\"inLanguage\":\"es\",\"url\":\"https:\/\/divulgaciondinamica.info\/promos\/wp-content\/uploads\/2016\/02\/logo-divulgaciondinamica-ddf.png\",\"width\":400,\"height\":79,\"caption\":\"Divulgaci\\u00f3n Din\\u00e1mica S.L.\"},\"image\":{\"@id\":\"https:\/\/divulgaciondinamica.info\/promos\/#logo\"}},{\"@type\":\"WebSite\",\"@id\":\"https:\/\/divulgaciondinamica.info\/promos\/#website\",\"url\":\"https:\/\/divulgaciondinamica.info\/promos\/\",\"name\":\"Divulgaci\\u00f3n Din\\u00e1mica\",\"description\":\"Formaci\\u00f3n de calidad al alcance de todos\",\"publisher\":{\"@id\":\"https:\/\/divulgaciondinamica.info\/promos\/#organization\"},\"potentialAction\":[{\"@type\":\"SearchAction\",\"target\":\"https:\/\/divulgaciondinamica.info\/promos\/?s={search_term_string}\",\"query-input\":\"required name=search_term_string\"}],\"inLanguage\":\"es\"},{\"@type\":\"WebPage\",\"@id\":\"https:\/\/divulgaciondinamica.info\/promos\/master-en-competencias-educativas-en-la-intervencion-con-menores-cg-cadiz\/#webpage\",\"url\":\"https:\/\/divulgaciondinamica.info\/promos\/master-en-competencias-educativas-en-la-intervencion-con-menores-cg-cadiz\/\",\"name\":\"M\\u00e1ster en Competencias Educativas en la Intervenci\\u00f3n con Menores CG C\\u00e1diz - Divulgaci\\u00f3n Din\\u00e1mica\",\"isPartOf\":{\"@id\":\"https:\/\/divulgaciondinamica.info\/promos\/#website\"},\"datePublished\":\"2017-01-17T13:58:55+00:00\",\"dateModified\":\"2017-01-20T08:00:09+00:00\",\"inLanguage\":\"es\",\"potentialAction\":[{\"@type\":\"ReadAction\",\"target\":[\"https:\/\/divulgaciondinamica.info\/promos\/master-en-competencias-educativas-en-la-intervencion-con-menores-cg-cadiz\/\"]}]}]}<\/script>\n<!-- \/ Yoast SEO plugin. -->","_links":{"self":[{"href":"https:\/\/divulgaciondinamica.info\/promos\/wp-json\/wp\/v2\/pages\/4825"}],"collection":[{"href":"https:\/\/divulgaciondinamica.info\/promos\/wp-json\/wp\/v2\/pages"}],"about":[{"href":"https:\/\/divulgaciondinamica.info\/promos\/wp-json\/wp\/v2\/types\/page"}],"author":[{"embeddable":true,"href":"https:\/\/divulgaciondinamica.info\/promos\/wp-json\/wp\/v2\/users\/1"}],"replies":[{"embeddable":true,"href":"https:\/\/divulgaciondinamica.info\/promos\/wp-json\/wp\/v2\/comments?post=4825"}],"version-history":[{"count":5,"href":"https:\/\/divulgaciondinamica.info\/promos\/wp-json\/wp\/v2\/pages\/4825\/revisions"}],"predecessor-version":[{"id":4887,"href":"https:\/\/divulgaciondinamica.info\/promos\/wp-json\/wp\/v2\/pages\/4825\/revisions\/4887"}],"wp:attachment":[{"href":"https:\/\/divulgaciondinamica.info\/promos\/wp-json\/wp\/v2\/media?parent=4825"}],"curies":[{"name":"wp","href":"https:\/\/api.w.org\/{rel}","templated":true}]}}