{"id":4812,"date":"2017-01-17T13:47:28","date_gmt":"2017-01-17T13:47:28","guid":{"rendered":"http:\/\/divulgaciondinamica.info\/promos\/?page_id=4812"},"modified":"2017-04-19T10:05:19","modified_gmt":"2017-04-19T10:05:19","slug":"master-en-coaching-social-para-la-motivacion-y-los-procesos-de-cambio-cg-cadiz","status":"publish","type":"page","link":"https:\/\/divulgaciondinamica.info\/promos\/master-en-coaching-social-para-la-motivacion-y-los-procesos-de-cambio-cg-cadiz\/","title":{"rendered":"M\u00e1ster en Coaching Social para la Motivaci\u00f3n y los Procesos de Cambio CG C\u00e1diz"},"content":{"rendered":"<p>[vc_row css=\u00bb.vc_custom_1427804811471{margin-top: 25px !important;margin-bottom: 25px !important;}\u00bb][vc_column width=\u00bb1\/2&#8243;][vc_single_image image=\u00bb4874&#8243; img_size=\u00bb301&#215;82&#8243; onclick=\u00bbcustom_link\u00bb link=\u00bbhttp:\/\/divulgaciondinamica.info\/promos\/colegio-profesional-de-trabajo-social-de-cadiz-2017\/\u00bb][\/vc_column][vc_column width=\u00bb1\/2&#8243;][vc_column_text]<\/p>\n<p style=\"text-align: right;\"><strong>INFORMACI\u00d3N: soporte9@divulgaciondinamica.es<\/strong><\/p>\n<p style=\"text-align: right;\"><strong>MATRICULACI\u00d3N: cadiz@cgtrabajosocial.es<\/strong><\/p>\n<p>[\/vc_column_text][\/vc_column][\/vc_row][vc_row css=\u00bb.vc_custom_1484657534791{margin-top: 60px !important;margin-bottom: 60px !important;}\u00bb][vc_column][vc_single_image image=\u00bb4807&#8243; img_size=\u00bbfull\u00bb alignment=\u00bbcenter\u00bb][\/vc_column][\/vc_row][vc_row css=\u00bb.vc_custom_1484657118750{margin-bottom: 30px !important;padding-top: 10px !important;padding-bottom: 10px !important;background-color: #0a8336 !important;}\u00bb][vc_column][vc_custom_heading text=\u00bbM\u00e1ster en Coaching Social para la Motivaci\u00f3n y los Procesos de Cambio\u00bb font_container=\u00bbtag:h2|font_size:26|text_align:left|color:%23ffffff\u00bb google_fonts=\u00bbfont_family:Lato%3A100%2C100italic%2C300%2C300italic%2Cregular%2Citalic%2C700%2C700italic%2C900%2C900italic|font_style:400%20regular%3A400%3Anormal\u00bb][\/vc_column][\/vc_row][vc_row css=\u00bb.vc_custom_1484657534791{margin-top: 60px !important;margin-bottom: 60px !important;}\u00bb][vc_column width=\u00bb1\/4&#8243;][vc_custom_heading text=\u00bbModalidad:\u00bb font_container=\u00bbtag:h2|font_size:22|text_align:center|color:%23666666&#8243; google_fonts=\u00bbfont_family:Lato%3A100%2C100italic%2C300%2C300italic%2Cregular%2Citalic%2C700%2C700italic%2C900%2C900italic|font_style:700%20bold%20regular%3A700%3Anormal\u00bb][vc_custom_heading text=\u00bbOnline\u00bb font_container=\u00bbtag:h2|font_size:16|text_align:center|color:%23666666&#8243; google_fonts=\u00bbfont_family:Lato%3A100%2C100italic%2C300%2C300italic%2Cregular%2Citalic%2C700%2C700italic%2C900%2C900italic|font_style:400%20regular%3A400%3Anormal\u00bb][\/vc_column][vc_column width=\u00bb1\/4&#8243;][vc_custom_heading text=\u00bbDuraci\u00f3n:\u00bb font_container=\u00bbtag:h2|font_size:22|text_align:center|color:%23666666&#8243; google_fonts=\u00bbfont_family:Lato%3A100%2C100italic%2C300%2C300italic%2Cregular%2Citalic%2C700%2C700italic%2C900%2C900italic|font_style:700%20bold%20regular%3A700%3Anormal\u00bb][vc_custom_heading text=\u00bb400 horas\u00bb font_container=\u00bbtag:h2|font_size:16|text_align:center|color:%23666666&#8243; google_fonts=\u00bbfont_family:Lato%3A100%2C100italic%2C300%2C300italic%2Cregular%2Citalic%2C700%2C700italic%2C900%2C900italic|font_style:400%20regular%3A400%3Anormal\u00bb][\/vc_column][vc_column width=\u00bb1\/4&#8243;][vc_custom_heading text=\u00bbFecha Inicio\/Fin:\u00bb font_container=\u00bbtag:h2|font_size:22|text_align:center|color:%23666666&#8243; google_fonts=\u00bbfont_family:Lato%3A100%2C100italic%2C300%2C300italic%2Cregular%2Citalic%2C700%2C700italic%2C900%2C900italic|font_style:700%20bold%20regular%3A700%3Anormal\u00bb][vc_custom_heading text=\u00bbInicio: 06\/02\/2017<br \/>\nFin: 22\/03\/2017&#8243; font_container=\u00bbtag:h2|font_size:16|text_align:center|color:%23666666&#8243; google_fonts=\u00bbfont_family:Lato%3A100%2C100italic%2C300%2C300italic%2Cregular%2Citalic%2C700%2C700italic%2C900%2C900italic|font_style:400%20regular%3A400%3Anormal\u00bb][\/vc_column][vc_column width=\u00bb1\/4&#8243;][vc_custom_heading text=\u00bbCoste:\u00bb font_container=\u00bbtag:h2|font_size:22|text_align:center|color:%23666666&#8243; google_fonts=\u00bbfont_family:Lato%3A100%2C100italic%2C300%2C300italic%2Cregular%2Citalic%2C700%2C700italic%2C900%2C900italic|font_style:700%20bold%20regular%3A700%3Anormal\u00bb][vc_custom_heading text=\u00bbColegiados\/as: 60\u20ac<br \/>\nNo Colegiados\/as: 70\u20ac\u00bb font_container=\u00bbtag:h2|font_size:16|text_align:center|color:%23666666&#8243; google_fonts=\u00bbfont_family:Lato%3A100%2C100italic%2C300%2C300italic%2Cregular%2Citalic%2C700%2C700italic%2C900%2C900italic|font_style:400%20regular%3A400%3Anormal\u00bb][\/vc_column][\/vc_row][vc_row css=\u00bb.vc_custom_1427805189823{margin-top: 35px !important;margin-bottom: 35px !important;}\u00bb][vc_column width=\u00bb1\/2&#8243;][vc_custom_heading text=\u00bbPresentaci\u00f3n del Curso:\u00bb font_container=\u00bbtag:h2|font_size:22|text_align:left|color:%23666666&#8243; google_fonts=\u00bbfont_family:Lato%3A100%2C100italic%2C300%2C300italic%2Cregular%2Citalic%2C700%2C700italic%2C900%2C900italic|font_style:700%20bold%20regular%3A700%3Anormal\u00bb css=\u00bb.vc_custom_1484661320814{margin-bottom: 20px !important;}\u00bb][vc_column_text css=\u00bb.vc_custom_1484661392491{margin-bottom: 30px !important;}\u00bb]<\/p>\n<div id=\"stcpDiv\">\n<p>En el proceso de transformaci\u00f3n social que vivimos, el coaching, mucho m\u00e1s que una disciplina en auge aparece como una necesidad para hacer las cosas mejor, para la excelencia personal y social. La actual coyuntura nos demanda mayor profundidad y velocidad en la implementaci\u00f3n de cambios lo que, generalmente, requiere de est\u00edmulos de aceleraci\u00f3n que nos evite perder las oportunidades de permanecer y crecer.<\/p>\n<p>La formaci\u00f3n en coaching permite adquirir aquellas competencias y habilidades t\u00e9cnicas espec\u00edficas mediante las cuales el coach (entrenador) ayuda al coachee (persona implicada en dicho proceso) a desarrollar su potencial mediante un m\u00e9todo sistem\u00e1tico y estructurado. Este m\u00e9todo se basa en el di\u00e1logo entre coach y coachee, y su objetivo final es alcanzar una mejora de las capacidades socio personales del coachee usando los recursos y habilidades que \u00e9l mismo posee, pero que no han sido suficientemente potenciados.<\/p>\n<p>Actualmente el coaching es una de las profesiones sociales con mayor crecimiento y en Divulgaci\u00f3n Din\u00e1mica apostamos por una formaci\u00f3n especializada en esta nueva \u00e1rea. Formaci\u00f3n que, de una manera interdisciplinar, se centra en los aspectos psicol\u00f3gicos y sociales relacionados con la excelencia personal y social y en las principales t\u00e9cnicas y herramientas que permiten desarrollar procesos de coaching de forma profesional.<\/p>\n<p style=\"text-align: left;\" align=\"justify\">\n<\/div>\n<p>[\/vc_column_text][\/vc_column][vc_column width=\u00bb1\/2&#8243;][vc_custom_heading text=\u00bbTemario:\u00bb font_container=\u00bbtag:h2|font_size:22|text_align:left|color:%23666666&#8243; google_fonts=\u00bbfont_family:Lato%3A100%2C100italic%2C300%2C300italic%2Cregular%2Citalic%2C700%2C700italic%2C900%2C900italic|font_style:700%20bold%20regular%3A700%3Anormal\u00bb css=\u00bb.vc_custom_1484661329031{margin-bottom: 20px !important;}\u00bb][vc_column_text]<\/p>\n<div id=\"stcpDiv\">\n<div id=\"stcpDiv\">\n<p><strong>1. FUNDAMENTOS DEL COACHING<\/strong><\/p>\n<p>1.1 Hacia una definici\u00f3n de Coaching<br \/>\n1.2 Coaching y otros procesos similares de intervenci\u00f3n<br \/>\n1.3 Or\u00edgenes e influencias del coaching<br \/>\n1.4 Escuelas de Coaching<br \/>\n1.5 Tipolog\u00eda de Coaching<br \/>\n1.6 El Coach<br \/>\n1.7 Las competencias claves en el coaching<br \/>\n1.8 C\u00f3digo deontol\u00f3gico en Coaching<br \/>\n1.9 Tendencias y situaci\u00f3n actual del coaching<\/p>\n<p><strong>2. METODOLOG\u00cdA DEL PROCESO DE COACHING<\/strong><\/p>\n<p>2.1 Metodolog\u00eda. Proceso del Coaching<br \/>\n2.2 Diagn\u00f3stico Inicial<br \/>\n2.3 Puesta en Marcha. Dise\u00f1o del Proceso<br \/>\n2.4 Proceso del Coaching<br \/>\n2.5 Seguimiento y Evaluaci\u00f3n<br \/>\n2.6 Herramientas<\/p>\n<p><strong>3. ACTITUDES Y HABILIDADES DEL COACH. COMPETENCIAS LABORALES<\/strong><\/p>\n<p>3.1 Perfil personal y profesional del Coach<br \/>\n3.2 Actitudes<br \/>\n3.3 Habilidades del Coach<br \/>\n3.4 Competencias laborales del Coach<\/p>\n<p><strong>4. MOTIVACI\u00d3N Y PROCESOS DE CAMBIO<\/strong><\/p>\n<p>4.1 Motivaci\u00f3n y cambio<br \/>\n4.2 Teor\u00edas sobre la motivaci\u00f3n<br \/>\n4.3 Teor\u00edas motivacionales centradas en las necesidades<br \/>\n4.4 Teor\u00edas motivacionales centradas en el proceso<br \/>\n4.5 Algunas cuestiones a tener en cuenta para los procesos de coaching<br \/>\n4.6 Modelo de estadios del cambio: relaci\u00f3n con los procesos de coaching<br \/>\n4.7 La entrevista motivacional<br \/>\n4.8 Motivaci\u00f3n en la empresa: direcci\u00f3n y pr\u00e1ctica motivacional<\/p>\n<p><strong>5. EL COMPONENTE COGNITIVO EL CAMBIO<\/strong><\/p>\n<p>5.1 Coaching y cambio cognitivo<br \/>\n5.2 Pensamientos autom\u00e1ticos y distorsiones cognitivas<br \/>\n5.3 Creencias irracionales<br \/>\n5.4 Disonancia cognitiva:relaci\u00f3n entre conducta y actitudes<br \/>\n5.5 Autosabotaje<br \/>\n5.6 Sesgos en la toma de decisiones<\/p>\n<p><strong>6. HERRAMIENTAS DEL COACHING I: COMUNICACI\u00d3N Y RELACIONES INTERPERSONALES<\/strong><\/p>\n<p>6.1 Herramientas de comunicaci\u00f3n y relaciones interpersonales<br \/>\n6.2 T\u00e9cnicas interrogativas: preguntas<br \/>\n6.3 T\u00e9cnicas comunicativas: la comunicaci\u00f3n verbal<br \/>\n6.4 T\u00e9cnicas comunicativas: la comunicaci\u00f3n no verbal<br \/>\n6.5 T\u00e9cnicas de reencuadre<br \/>\n6.6 T\u00e9cnicas de comunicaci\u00f3n indirecta<\/p>\n<p><strong>7. HERRAMIENTAS DEL COACHING II: EXPLORACI\u00d3N Y CONCIENCIACI\u00d3N. HERRAMIENTAS DE APRENDIZAJE<\/strong><\/p>\n<p>7.1 Herramientas de exploraci\u00f3n y concienciaci\u00f3n: An\u00e1lisis DAFO. Ventana de Johari. La rueda de la vida<br \/>\n7.2 Herramientas de motivaci\u00f3n y cambio: La l\u00ednea del tiempo. T\u00e9cnicas para aumentar la autoconfianza. T\u00e9cnicas de creatividad. Las met\u00e1foras<br \/>\n7.3 Modelos de estilos de aprendizaje y estrategias de ense\u00f1anza<\/p>\n<p><strong>8. METACOACHING: UN PROCESO PARA LA MEJORA PROFESIONAL<\/strong><\/p>\n<p>8.1 Metacoaching: crecimiento o desarrollo profesional<br \/>\n8.2 Pr\u00e1cticas y ejercicios para el metacoaching<br \/>\n8.3 Escalas y cuestionarios para auto aplicaci\u00f3n<\/p>\n<\/div>\n<\/div>\n<p>[\/vc_column_text][\/vc_column][\/vc_row]<\/p>\n","protected":false},"excerpt":{"rendered":"<p>[vc_row css=\u00bb.vc_custom_1427804811471{margin-top: 25px !important;margin-bottom: 25px !important;}\u00bb][vc_column width=\u00bb1\/2&#8243;][vc_single_image image=\u00bb4874&#8243; img_size=\u00bb301&#215;82&#8243; onclick=\u00bbcustom_link\u00bb link=\u00bbhttp:\/\/divulgaciondinamica.info\/promos\/colegio-profesional-de-trabajo-social-de-cadiz-2017\/\u00bb][\/vc_column][vc_column width=\u00bb1\/2&#8243;][vc_column_text] INFORMACI\u00d3N: soporte9@divulgaciondinamica.es MATRICULACI\u00d3N: cadiz@cgtrabajosocial.es [\/vc_column_text][\/vc_column][\/vc_row][vc_row css=\u00bb.vc_custom_1484657534791{margin-top: 60px !important;margin-bottom: 60px !important;}\u00bb][vc_column][vc_single_image image=\u00bb4807&#8243; img_size=\u00bbfull\u00bb alignment=\u00bbcenter\u00bb][\/vc_column][\/vc_row][vc_row css=\u00bb.vc_custom_1484657118750{margin-bottom: 30px !important;padding-top: 10px !important;padding-bottom: 10px !important;background-color: #0a8336 !important;}\u00bb][vc_column][vc_custom_heading text=\u00bbM\u00e1ster en Coaching Social para la<\/p>\n","protected":false},"author":1,"featured_media":0,"parent":0,"menu_order":0,"comment_status":"closed","ping_status":"closed","template":"","meta":[],"yoast_head":"<!-- This site is optimized with the Yoast SEO plugin v15.7 - https:\/\/yoast.com\/wordpress\/plugins\/seo\/ -->\n<title>M\u00e1ster en Coaching Social para la Motivaci\u00f3n y los Procesos de Cambio CG C\u00e1diz - Divulgaci\u00f3n Din\u00e1mica<\/title>\n<meta name=\"description\" content=\"M\u00e1ster en &quot;Coaching Social para la Motivaci\u00f3n y los Procesos de Cambio&quot; Online. Formaci\u00f3n de calidad al alcance de todos. Paga solo las tasas. \u00a1Inf\u00f3rmate!.\" \/>\n<meta name=\"robots\" content=\"index, follow, max-snippet:-1, max-image-preview:large, max-video-preview:-1\" \/>\n<link rel=\"canonical\" href=\"http:\/\/divulgaciondinamica.info\/promos\/master-coaching-social-para-la-motivacion-y-los-procesos-de-cambio\/\" \/>\n<meta property=\"og:locale\" content=\"es_ES\" \/>\n<meta property=\"og:type\" content=\"article\" \/>\n<meta property=\"og:title\" content=\"M\u00e1ster en Coaching Social para la Motivaci\u00f3n y los Procesos de Cambio CG C\u00e1diz - Divulgaci\u00f3n Din\u00e1mica\" \/>\n<meta property=\"og:description\" content=\"M\u00e1ster en &quot;Coaching Social para la Motivaci\u00f3n y los Procesos de Cambio&quot; Online. Formaci\u00f3n de calidad al alcance de todos. Paga solo las tasas. \u00a1Inf\u00f3rmate!.\" \/>\n<meta property=\"og:url\" content=\"http:\/\/divulgaciondinamica.info\/promos\/master-coaching-social-para-la-motivacion-y-los-procesos-de-cambio\/\" \/>\n<meta property=\"og:site_name\" content=\"Divulgaci\u00f3n Din\u00e1mica\" \/>\n<meta property=\"article:publisher\" content=\"https:\/\/www.facebook.com\/divulgaciondinamicaformacion\/\" \/>\n<meta property=\"article:modified_time\" content=\"2017-04-19T10:05:19+00:00\" \/>\n<meta name=\"twitter:card\" content=\"summary_large_image\" \/>\n<meta name=\"twitter:site\" content=\"@divulgaciond\" \/>\n<meta name=\"twitter:label1\" content=\"Tiempo de lectura\">\n\t<meta name=\"twitter:data1\" content=\"6 minutos\">\n<script type=\"application\/ld+json\" class=\"yoast-schema-graph\">{\"@context\":\"https:\/\/schema.org\",\"@graph\":[{\"@type\":\"Organization\",\"@id\":\"https:\/\/divulgaciondinamica.info\/promos\/#organization\",\"name\":\"Divulgaci\\u00f3n Din\\u00e1mica S.L.\",\"url\":\"https:\/\/divulgaciondinamica.info\/promos\/\",\"sameAs\":[\"https:\/\/www.facebook.com\/divulgaciondinamicaformacion\/\",\"https:\/\/www.instagram.com\/divulgaciondinamica\",\"https:\/\/www.linkedin.com\/company-beta\/9490428\/\",\"https:\/\/www.youtube.com\/user\/ddinamica2010\",\"https:\/\/twitter.com\/divulgaciond\"],\"logo\":{\"@type\":\"ImageObject\",\"@id\":\"https:\/\/divulgaciondinamica.info\/promos\/#logo\",\"inLanguage\":\"es\",\"url\":\"https:\/\/divulgaciondinamica.info\/promos\/wp-content\/uploads\/2016\/02\/logo-divulgaciondinamica-ddf.png\",\"width\":400,\"height\":79,\"caption\":\"Divulgaci\\u00f3n Din\\u00e1mica S.L.\"},\"image\":{\"@id\":\"https:\/\/divulgaciondinamica.info\/promos\/#logo\"}},{\"@type\":\"WebSite\",\"@id\":\"https:\/\/divulgaciondinamica.info\/promos\/#website\",\"url\":\"https:\/\/divulgaciondinamica.info\/promos\/\",\"name\":\"Divulgaci\\u00f3n Din\\u00e1mica\",\"description\":\"Formaci\\u00f3n de calidad al alcance de todos\",\"publisher\":{\"@id\":\"https:\/\/divulgaciondinamica.info\/promos\/#organization\"},\"potentialAction\":[{\"@type\":\"SearchAction\",\"target\":\"https:\/\/divulgaciondinamica.info\/promos\/?s={search_term_string}\",\"query-input\":\"required name=search_term_string\"}],\"inLanguage\":\"es\"},{\"@type\":\"WebPage\",\"@id\":\"http:\/\/divulgaciondinamica.info\/promos\/master-coaching-social-para-la-motivacion-y-los-procesos-de-cambio\/#webpage\",\"url\":\"http:\/\/divulgaciondinamica.info\/promos\/master-coaching-social-para-la-motivacion-y-los-procesos-de-cambio\/\",\"name\":\"M\\u00e1ster en Coaching Social para la Motivaci\\u00f3n y los Procesos de Cambio CG C\\u00e1diz - Divulgaci\\u00f3n Din\\u00e1mica\",\"isPartOf\":{\"@id\":\"https:\/\/divulgaciondinamica.info\/promos\/#website\"},\"datePublished\":\"2017-01-17T13:47:28+00:00\",\"dateModified\":\"2017-04-19T10:05:19+00:00\",\"description\":\"M\\u00e1ster en \\\"Coaching Social para la Motivaci\\u00f3n y los Procesos de Cambio\\\" Online. Formaci\\u00f3n de calidad al alcance de todos. Paga solo las tasas. \\u00a1Inf\\u00f3rmate!.\",\"inLanguage\":\"es\",\"potentialAction\":[{\"@type\":\"ReadAction\",\"target\":[\"http:\/\/divulgaciondinamica.info\/promos\/master-coaching-social-para-la-motivacion-y-los-procesos-de-cambio\/\"]}]}]}<\/script>\n<!-- \/ Yoast SEO plugin. -->","_links":{"self":[{"href":"https:\/\/divulgaciondinamica.info\/promos\/wp-json\/wp\/v2\/pages\/4812"}],"collection":[{"href":"https:\/\/divulgaciondinamica.info\/promos\/wp-json\/wp\/v2\/pages"}],"about":[{"href":"https:\/\/divulgaciondinamica.info\/promos\/wp-json\/wp\/v2\/types\/page"}],"author":[{"embeddable":true,"href":"https:\/\/divulgaciondinamica.info\/promos\/wp-json\/wp\/v2\/users\/1"}],"replies":[{"embeddable":true,"href":"https:\/\/divulgaciondinamica.info\/promos\/wp-json\/wp\/v2\/comments?post=4812"}],"version-history":[{"count":5,"href":"https:\/\/divulgaciondinamica.info\/promos\/wp-json\/wp\/v2\/pages\/4812\/revisions"}],"predecessor-version":[{"id":4884,"href":"https:\/\/divulgaciondinamica.info\/promos\/wp-json\/wp\/v2\/pages\/4812\/revisions\/4884"}],"wp:attachment":[{"href":"https:\/\/divulgaciondinamica.info\/promos\/wp-json\/wp\/v2\/media?parent=4812"}],"curies":[{"name":"wp","href":"https:\/\/api.w.org\/{rel}","templated":true}]}}