{"id":459,"date":"2015-06-03T10:12:02","date_gmt":"2015-06-03T10:12:02","guid":{"rendered":"http:\/\/divulgaciondinamica.info\/promos\/?page_id=459"},"modified":"2017-05-15T09:33:50","modified_gmt":"2017-05-15T09:33:50","slug":"master-gratuito-de-animacion-sociocultural","status":"publish","type":"page","link":"https:\/\/divulgaciondinamica.info\/promos\/master-gratuito-de-animacion-sociocultural\/","title":{"rendered":"M\u00e1ster Gratuito de Animaci\u00f3n Sociocultural"},"content":{"rendered":"<p>[vc_row css=\u00bb.vc_custom_1427804811471{margin-top: 25px !important;margin-bottom: 25px !important;}\u00bb][vc_column width=\u00bb2\/3&#8243;][vc_single_image image=\u00bb2726&#8243; img_size=\u00bb661&#215;82&#8243;][\/vc_column][vc_column width=\u00bb1\/3&#8243;][vc_column_text]<\/p>\n<h6 style=\"text-align: right;\"><i class=\"fa fa-whatsapp\"><\/i> 609 11 39 00<\/h6>\n<p style=\"text-align: right;\"><strong>promotora9@divulgaciondinamica.es<\/strong><\/p>\n<p>[\/vc_column_text][\/vc_column][\/vc_row][vc_row css=\u00bb.vc_custom_1489484355483{margin-top: 25px !important;margin-bottom: 15px !important;}\u00bb][vc_column][vc_custom_heading text=\u00bbM\u00e1ster Online<br \/>\n\u00bb font_container=\u00bbtag:p|font_size:32|text_align:center|color:%230a7aba|line_height:1.1&#8243; google_fonts=\u00bbfont_family:Lato%3A100%2C100italic%2C300%2C300italic%2Cregular%2Citalic%2C700%2C700italic%2C900%2C900italic|font_style:300%20light%20regular%3A300%3Anormal\u00bb css=\u00bb.vc_custom_1492519499815{margin-bottom: 15px !important;}\u00bb][vc_custom_heading text=\u00bbAnimaci\u00f3n Sociocultural\u00bb font_container=\u00bbtag:h1|font_size:38|text_align:center|color:%230a7aba|line_height:1.1&#8243; google_fonts=\u00bbfont_family:Lato%3A100%2C100italic%2C300%2C300italic%2Cregular%2Citalic%2C700%2C700italic%2C900%2C900italic|font_style:900%20bold%20regular%3A900%3Anormal\u00bb css=\u00bb.vc_custom_1492519521664{margin-bottom: 15px !important;}\u00bb][\/vc_column][\/vc_row][vc_row css=\u00bb.vc_custom_1467634262986{margin-right: 8px !important;margin-left: 1px !important;padding-top: 10px !important;padding-right: 5px !important;padding-left: 5px !important;background-color: #eeeeee !important;}\u00bb][vc_column][vc_column_text]<\/p>\n<p style=\"text-align: center;\">Divulgaci\u00f3n Din\u00e1mica es un Club de Formaci\u00f3n que apuesta por una <strong>educaci\u00f3n de calidad al alcance de todos<\/strong>.<\/p>\n<p>[\/vc_column_text][\/vc_column][\/vc_row][vc_row][vc_column][vc_column_text]<img loading=\"lazy\" class=\"alignleft wp-image-4080 size-full\" title=\"Animaci\u00f3n Sociocultural\" src=\"http:\/\/divulgaciondinamica.info\/promos\/wp-content\/uploads\/2016\/11\/imagen-animacion-sociocultural.jpg\" alt=\"M\u00e1ster de Animaci\u00f3n Sociocultural Online\" width=\"643\" height=\"434\" srcset=\"https:\/\/divulgaciondinamica.info\/promos\/wp-content\/uploads\/2016\/11\/imagen-animacion-sociocultural.jpg 643w, https:\/\/divulgaciondinamica.info\/promos\/wp-content\/uploads\/2016\/11\/imagen-animacion-sociocultural-300x202.jpg 300w\" sizes=\"(max-width: 643px) 100vw, 643px\" \/><a href=\"http:\/\/www.divulgaciondinamica.es\/secretaria\/alumnos\/form\/629\/\" target=\"_blank\"><img loading=\"lazy\" class=\"alignleft wp-image-4129 size-full\" title=\"Solicita informaci\u00f3n del m\u00e1ster de Animaci\u00f3n Sociocultural\" src=\"http:\/\/divulgaciondinamica.info\/promos\/wp-content\/uploads\/2016\/11\/Centro-M\u00e1ster-Animaci\u00f3n-Sociocultural_02-1.png\" alt=\"Animaci\u00f3n Sociocultural\" width=\"417\" height=\"434\" srcset=\"https:\/\/divulgaciondinamica.info\/promos\/wp-content\/uploads\/2016\/11\/Centro-M\u00e1ster-Animaci\u00f3n-Sociocultural_02-1.png 417w, https:\/\/divulgaciondinamica.info\/promos\/wp-content\/uploads\/2016\/11\/Centro-M\u00e1ster-Animaci\u00f3n-Sociocultural_02-1-288x300.png 288w\" sizes=\"(max-width: 417px) 100vw, 417px\" \/><\/a>[\/vc_column_text][\/vc_column][\/vc_row][vc_row css=\u00bb.vc_custom_1427804437681{margin-top: 35px !important;margin-bottom: 35px !important;}\u00bb][vc_column width=\u00bb1\/4&#8243;][vc_single_image image=\u00bb3258&#8243; img_size=\u00bb250&#215;195&#8243; alignment=\u00bbcenter\u00bb][\/vc_column][vc_column width=\u00bb1\/4&#8243;][vc_single_image image=\u00bb3257&#8243; img_size=\u00bb250&#215;195&#8243; alignment=\u00bbcenter\u00bb][\/vc_column][vc_column width=\u00bb1\/4&#8243;][vc_single_image image=\u00bb3256&#8243; img_size=\u00bb250&#215;195&#8243; alignment=\u00bbcenter\u00bb][\/vc_column][vc_column width=\u00bb1\/4&#8243;][vc_single_image image=\u00bb4084&#8243; img_size=\u00bb250&#215;195&#8243; alignment=\u00bbcenter\u00bb][\/vc_column][\/vc_row][vc_row][vc_column][\/vc_column][\/vc_row][vc_row css=\u00bb.vc_custom_1427805189823{margin-top: 35px !important;margin-bottom: 35px !important;}\u00bb][vc_column width=\u00bb1\/2&#8243;][vc_column_text css=\u00bb.vc_custom_1492519641252{margin-bottom: 30px !important;}\u00bb]<\/p>\n<div id=\"stcpDiv\">\n<h3 style=\"text-align: left;\" align=\"justify\"><span style=\"color: #097aba;\">Presentaci\u00f3n del M\u00e1ster:<\/span><\/h3>\n<p>&nbsp;<\/p>\n<p>Seg\u00fan la UNESCO la Animaci\u00f3n Sociocultural se puede definir como el conjunto de pr\u00e1cticas sociales que tienen como finalidad estimular la iniciativa y la participaci\u00f3n de las comunidades en el proceso de su propio desarrollo y en la din\u00e1mica global de la vida socio-pol\u00edtica en que est\u00e1n integrados.<\/p>\n<p>La Animaci\u00f3n Sociocultural no es realizar actividades para entretener a las personas y pasar el tiempo, sino que es una manera de dar respuesta a las necesidades sociales, educativas y culturales. As\u00ed, actualmente,\u00a0 la Animaci\u00f3n Sociocultural se ha configurado como uno de las metodolog\u00edas de intervenci\u00f3n socioeducativa con m\u00e1s desarrollo ya que, en \u00e9pocas cambiantes y de crisis como la actual, la ASC otorga a los individuos y grupos sociales aquellos recursos que les permiten una adaptaci\u00f3n y proyecci\u00f3n continua a diferentes niveles personales, profesionales, sociales,\u2026\u00a0 sin olvidar la necesidad de formar a la sociedad en el esp\u00edritu cr\u00edtico e inducir al dinamismo que el desarrollo social exige.<\/p>\n<p>Este M\u00e1ster en \u00abAnimaci\u00f3n Sociocultural\u00bb Online, orientado a las competencias generales y espec\u00edficas del Animador o de perfiles profesionales similares, ofrece formaci\u00f3n espec\u00edfica para dinamizar comunidades y promover el cambio y el desarrollo social desde una pr\u00e1ctica socioeducativa altamente consolidada en las intervenciones p\u00fablicas y privadas y en las propuestas de pol\u00edticas sociales como es la ASC.<br \/>\n<img loading=\"lazy\" class=\"alignleft size-full wp-image-53\" src=\"http:\/\/divulgaciondinamica.info\/promos\/wp-content\/uploads\/2015\/03\/diploma-digital1.png\" alt=\"diploma-digital\" width=\"479\" height=\"322\" srcset=\"https:\/\/divulgaciondinamica.info\/promos\/wp-content\/uploads\/2015\/03\/diploma-digital1.png 479w, https:\/\/divulgaciondinamica.info\/promos\/wp-content\/uploads\/2015\/03\/diploma-digital1-300x202.png 300w\" sizes=\"(max-width: 479px) 100vw, 479px\" \/><\/p>\n<p style=\"text-align: left;\" align=\"justify\">\n<\/div>\n<p>[\/vc_column_text][\/vc_column][vc_column width=\u00bb1\/2&#8243;][vc_column_text]<\/p>\n<div id=\"stcpDiv\">\n<h3 style=\"text-align: left;\" align=\"justify\"><span style=\"color: #097aba;\">Temario del M\u00e1ster:<\/span><\/h3>\n<p>&nbsp;<\/p>\n<div id=\"stcpDiv\">\n<div id=\"stcpDiv\">\n<div class=\"wpb_text_column \">\n<div class=\"wpb_wrapper\">\n<div id=\"stcpDiv\">\n<div id=\"stcpDiv\">\n<p><strong>1. ANIMACI\u00d3N SOCIOCULTURAL. NUEVOS ENFOQUES DE INTERVENCI\u00d3N.<\/strong><\/p>\n<p>1.1 Concepto y objetivos en la animaci\u00f3n sociocultural<br \/>\n1.2 M\u00e9todo y metodolog\u00eda de la animaci\u00f3n sociocultural<br \/>\n1.3 Desarrollo de los programas de animaci\u00f3n<br \/>\n1.4 El monitor de tiempo libre<br \/>\n1.5 Los animadores socioculturales<br \/>\n1.6 \u00c1mbitos de la Animaci\u00f3n Sociocultural<br \/>\n1.7 Nuevos enfoques de intervenci\u00f3n en la animaci\u00f3n sociocultural<\/p>\n<p><strong>2. DISE\u00d1O Y GESTI\u00d3N DE PROYECTOS<\/strong><\/p>\n<p>2.1 Introducci\u00f3n a la planificaci\u00f3n de proyectos.<br \/>\n2.2 La planificaci\u00f3n del proyecto.<br \/>\n2.3 Propuesta de esquema para el dise\u00f1o de proyectos<br \/>\n2.4 Cierre del proyecto<\/p>\n<p><strong>3. GESTI\u00d3N DE GRUPOS<\/strong><\/p>\n<p>3.1 Definici\u00f3n de grupo<br \/>\n3.2 Clasificaci\u00f3n de grupos<br \/>\n3.3 Conceptos relevantes para el estudio de los grupos<br \/>\n3.4 Etapas en la vida de un grupo<br \/>\n3.5 El monitor y la comunicaci\u00f3n grupal<br \/>\n3.6 T\u00e9cnicas de dinamizaci\u00f3n grupal<\/p>\n<p><strong>4. T\u00c9CNICAS Y RECURSOS DE ANIMACI\u00d3N EN ACTIVIDADES DE TIEMPO LIBRE<\/strong><\/p>\n<p>4.1 Los centros de inter\u00e9s o ejes de animaci\u00f3n<br \/>\n4.2 T\u00e9cnicas de animaci\u00f3n, expresi\u00f3n y creatividad<br \/>\n4.3 T\u00e9cnicas pedag\u00f3gicas del juego<br \/>\n4.4 T\u00e9cnicas de educaci\u00f3n ambiental<br \/>\n4.5 Prevenci\u00f3n de riesgos en actividades de ocio y tiempo libre<\/p>\n<p><strong>5. INTEGRACI\u00d3N A TRAV\u00c9S DE ACTIVIDADES DE OCIO<\/strong><\/p>\n<p>5.1 Principios b\u00e1sicos de atenci\u00f3n a la Diversidad desde el tiempo libre<br \/>\n5.2 Ocio y discapacidad motora. Implicaciones para t\u00e9cnicas y recursos l\u00fadicos<br \/>\n5.3 Juegos, expresi\u00f3n art\u00edstica y ocio en la discapacidad f\u00edsica<br \/>\n5.4 Los juegos motrices sensibilizadores: Diversidad e integraci\u00f3n social<br \/>\n5.5 Ocio y discapacidades sensoriales. La deficiencia visual. La discapacidad auditiva<br \/>\n5.6 Juegos adaptados para participantes con discapacidad sensorial y juegos sensibilizadores<br \/>\n5.7 Ocio y discapacidades intelectuales<br \/>\n5.8 Trastornos generales del Desarrollo: s\u00edndrome de asperger<br \/>\n5.9 Juegos adaptados para participantes con discapacidad intelectual y juegos sensibilizadores<\/p>\n<p><strong>6. NUEVAS TECNOLOG\u00cdAS APLICADAS A LA ANIMACI\u00d3N SOCIOCULTURAL<\/strong><\/p>\n<p>6.1 Nuevas tecnolog\u00edas y Animaci\u00f3n Sociocultural<br \/>\n6.2 Internet. Sitios web de entidades sociales y culturales: par\u00e1metros de calidad<br \/>\n6.3 Animaci\u00f3n sociocultural y web 2.0<br \/>\n6.4 Los Community manager y la animaci\u00f3n sociocultural<\/p>\n<p><strong>7. DINAMIZACI\u00d3N DE EQUIPAMIENTOS CULTURALES CIUDADANOS. ORGANIZACI\u00d3N DE EVENTOS<\/strong><\/p>\n<p>7.1 Equipamientos culturales ciudadanos.<br \/>\n7.2 Herramientas metodol\u00f3gicas para la pr\u00e1ctica de la Animaci\u00f3n Sociocultural: Para la inserci\u00f3n territorial, Diagn\u00f3stico participativo, Para fortalecer la participaci\u00f3n cultural local, Para llevar a cabo el desarrollo art\u00edstico-cultural comunitario.<br \/>\n7.3 Creatividad y animaci\u00f3n art\u00edstica. Dinamizaci\u00f3n cultural desde las bibliotecas.<br \/>\n7.4 Producci\u00f3n y organizaci\u00f3n de eventos culturales<\/p>\n<p><strong>8. GESTI\u00d3N DE LAS ENTIDADES NO LUCRATIVAS<\/strong><\/p>\n<p>8.1 La gesti\u00f3n de las entidades no lucrativas: Principios de gesti\u00f3n.<br \/>\n8.2 La planificaci\u00f3n estrat\u00e9gica: instrumento de gesti\u00f3n.<br \/>\n8.3 Gesti\u00f3n t\u00e9cnica.<br \/>\n8.4 Gesti\u00f3n econ\u00f3mica-financiera.<br \/>\n8.5 Gesti\u00f3n de la comunicaci\u00f3n.<br \/>\n8.6 Gesti\u00f3n de recursos humanos<\/p>\n<\/div>\n<\/div>\n<\/div>\n<\/div>\n<\/div>\n<\/div>\n<\/div>\n<p>[\/vc_column_text][\/vc_column][\/vc_row][vc_row css=\u00bb.vc_custom_1427806970509{margin-top: 35px !important;margin-bottom: 35px !important;}\u00bb][vc_column][vc_btn title=\u00bbINSCR\u00cdBETE\u00bb style=\u00bbflat\u00bb color=\u00bbwarning\u00bb size=\u00bblg\u00bb align=\u00bbcenter\u00bb link=\u00bburl:http%3A%2F%2Fwww.divulgaciondinamica.es%2Fsecretaria%2Falumnos%2Fform%2F629%2F||target:%20_blank\u00bb][\/vc_column][\/vc_row]<\/p>\n","protected":false},"excerpt":{"rendered":"<p>[vc_row css=\u00bb.vc_custom_1427804811471{margin-top: 25px !important;margin-bottom: 25px !important;}\u00bb][vc_column width=\u00bb2\/3&#8243;][vc_single_image image=\u00bb2726&#8243; img_size=\u00bb661&#215;82&#8243;][\/vc_column][vc_column width=\u00bb1\/3&#8243;][vc_column_text] 609 11 39 00 promotora9@divulgaciondinamica.es [\/vc_column_text][\/vc_column][\/vc_row][vc_row css=\u00bb.vc_custom_1489484355483{margin-top: 25px !important;margin-bottom: 15px !important;}\u00bb][vc_column][vc_custom_heading text=\u00bbM\u00e1ster Online \u00bb font_container=\u00bbtag:p|font_size:32|text_align:center|color:%230a7aba|line_height:1.1&#8243; google_fonts=\u00bbfont_family:Lato%3A100%2C100italic%2C300%2C300italic%2Cregular%2Citalic%2C700%2C700italic%2C900%2C900italic|font_style:300%20light%20regular%3A300%3Anormal\u00bb css=\u00bb.vc_custom_1492519499815{margin-bottom: 15px !important;}\u00bb][vc_custom_heading text=\u00bbAnimaci\u00f3n Sociocultural\u00bb font_container=\u00bbtag:h1|font_size:38|text_align:center|color:%230a7aba|line_height:1.1&#8243; google_fonts=\u00bbfont_family:Lato%3A100%2C100italic%2C300%2C300italic%2Cregular%2Citalic%2C700%2C700italic%2C900%2C900italic|font_style:900%20bold%20regular%3A900%3Anormal\u00bb css=\u00bb.vc_custom_1492519521664{margin-bottom: 15px !important;}\u00bb][\/vc_column][\/vc_row][vc_row css=\u00bb.vc_custom_1467634262986{margin-right: 8px !important;margin-left: 1px<\/p>\n","protected":false},"author":1,"featured_media":0,"parent":0,"menu_order":0,"comment_status":"closed","ping_status":"closed","template":"","meta":[],"yoast_head":"<!-- This site is optimized with the Yoast SEO plugin v15.7 - https:\/\/yoast.com\/wordpress\/plugins\/seo\/ -->\n<title>M\u00e1ster Gratuito de &quot;Animaci\u00f3n Sociocultural&quot; Online - Divulgaci\u00f3n Din\u00e1mica<\/title>\n<meta name=\"description\" content=\"M\u00e1ster de &quot;Animaci\u00f3n Sociocultural&quot; Online. Apostamos por una formaci\u00f3n de calidad al alcance de todos. Paga solo las tasas. \u00a1Inf\u00f3rmate hoy mismo!.\" \/>\n<meta name=\"robots\" content=\"index, follow, max-snippet:-1, max-image-preview:large, max-video-preview:-1\" \/>\n<link rel=\"canonical\" href=\"http:\/\/divulgaciondinamica.info\/promos\/master-en-animacion-sociocultural\/\" \/>\n<meta property=\"og:locale\" content=\"es_ES\" \/>\n<meta property=\"og:type\" content=\"article\" \/>\n<meta property=\"og:title\" content=\"M\u00e1ster Gratuito de &quot;Animaci\u00f3n Sociocultural&quot; Online - Divulgaci\u00f3n Din\u00e1mica\" \/>\n<meta property=\"og:description\" content=\"M\u00e1ster de &quot;Animaci\u00f3n Sociocultural&quot; Online. Apostamos por una formaci\u00f3n de calidad al alcance de todos. Paga solo las tasas. \u00a1Inf\u00f3rmate hoy mismo!.\" \/>\n<meta property=\"og:url\" content=\"http:\/\/divulgaciondinamica.info\/promos\/master-en-animacion-sociocultural\/\" \/>\n<meta property=\"og:site_name\" content=\"Divulgaci\u00f3n Din\u00e1mica\" \/>\n<meta property=\"article:publisher\" content=\"https:\/\/www.facebook.com\/divulgaciondinamicaformacion\/\" \/>\n<meta property=\"article:modified_time\" content=\"2017-05-15T09:33:50+00:00\" \/>\n<meta property=\"og:image\" content=\"http:\/\/divulgaciondinamica.info\/promos\/wp-content\/uploads\/2016\/11\/imagen-animacion-sociocultural.jpg\" \/>\n<meta name=\"twitter:card\" content=\"summary_large_image\" \/>\n<meta name=\"twitter:site\" content=\"@divulgaciond\" \/>\n<meta name=\"twitter:label1\" content=\"Tiempo de lectura\">\n\t<meta name=\"twitter:data1\" content=\"5 minutos\">\n<script type=\"application\/ld+json\" class=\"yoast-schema-graph\">{\"@context\":\"https:\/\/schema.org\",\"@graph\":[{\"@type\":\"Organization\",\"@id\":\"https:\/\/divulgaciondinamica.info\/promos\/#organization\",\"name\":\"Divulgaci\\u00f3n Din\\u00e1mica S.L.\",\"url\":\"https:\/\/divulgaciondinamica.info\/promos\/\",\"sameAs\":[\"https:\/\/www.facebook.com\/divulgaciondinamicaformacion\/\",\"https:\/\/www.instagram.com\/divulgaciondinamica\",\"https:\/\/www.linkedin.com\/company-beta\/9490428\/\",\"https:\/\/www.youtube.com\/user\/ddinamica2010\",\"https:\/\/twitter.com\/divulgaciond\"],\"logo\":{\"@type\":\"ImageObject\",\"@id\":\"https:\/\/divulgaciondinamica.info\/promos\/#logo\",\"inLanguage\":\"es\",\"url\":\"https:\/\/divulgaciondinamica.info\/promos\/wp-content\/uploads\/2016\/02\/logo-divulgaciondinamica-ddf.png\",\"width\":400,\"height\":79,\"caption\":\"Divulgaci\\u00f3n Din\\u00e1mica S.L.\"},\"image\":{\"@id\":\"https:\/\/divulgaciondinamica.info\/promos\/#logo\"}},{\"@type\":\"WebSite\",\"@id\":\"https:\/\/divulgaciondinamica.info\/promos\/#website\",\"url\":\"https:\/\/divulgaciondinamica.info\/promos\/\",\"name\":\"Divulgaci\\u00f3n Din\\u00e1mica\",\"description\":\"Formaci\\u00f3n de calidad al alcance de todos\",\"publisher\":{\"@id\":\"https:\/\/divulgaciondinamica.info\/promos\/#organization\"},\"potentialAction\":[{\"@type\":\"SearchAction\",\"target\":\"https:\/\/divulgaciondinamica.info\/promos\/?s={search_term_string}\",\"query-input\":\"required name=search_term_string\"}],\"inLanguage\":\"es\"},{\"@type\":\"ImageObject\",\"@id\":\"http:\/\/divulgaciondinamica.info\/promos\/master-en-animacion-sociocultural\/#primaryimage\",\"inLanguage\":\"es\",\"url\":\"http:\/\/divulgaciondinamica.info\/promos\/wp-content\/uploads\/2016\/11\/imagen-animacion-sociocultural.jpg\"},{\"@type\":\"WebPage\",\"@id\":\"http:\/\/divulgaciondinamica.info\/promos\/master-en-animacion-sociocultural\/#webpage\",\"url\":\"http:\/\/divulgaciondinamica.info\/promos\/master-en-animacion-sociocultural\/\",\"name\":\"M\\u00e1ster Gratuito de \\\"Animaci\\u00f3n Sociocultural\\\" Online - Divulgaci\\u00f3n Din\\u00e1mica\",\"isPartOf\":{\"@id\":\"https:\/\/divulgaciondinamica.info\/promos\/#website\"},\"primaryImageOfPage\":{\"@id\":\"http:\/\/divulgaciondinamica.info\/promos\/master-en-animacion-sociocultural\/#primaryimage\"},\"datePublished\":\"2015-06-03T10:12:02+00:00\",\"dateModified\":\"2017-05-15T09:33:50+00:00\",\"description\":\"M\\u00e1ster de \\\"Animaci\\u00f3n Sociocultural\\\" Online. Apostamos por una formaci\\u00f3n de calidad al alcance de todos. Paga solo las tasas. \\u00a1Inf\\u00f3rmate hoy mismo!.\",\"inLanguage\":\"es\",\"potentialAction\":[{\"@type\":\"ReadAction\",\"target\":[\"http:\/\/divulgaciondinamica.info\/promos\/master-en-animacion-sociocultural\/\"]}]}]}<\/script>\n<!-- \/ Yoast SEO plugin. -->","_links":{"self":[{"href":"https:\/\/divulgaciondinamica.info\/promos\/wp-json\/wp\/v2\/pages\/459"}],"collection":[{"href":"https:\/\/divulgaciondinamica.info\/promos\/wp-json\/wp\/v2\/pages"}],"about":[{"href":"https:\/\/divulgaciondinamica.info\/promos\/wp-json\/wp\/v2\/types\/page"}],"author":[{"embeddable":true,"href":"https:\/\/divulgaciondinamica.info\/promos\/wp-json\/wp\/v2\/users\/1"}],"replies":[{"embeddable":true,"href":"https:\/\/divulgaciondinamica.info\/promos\/wp-json\/wp\/v2\/comments?post=459"}],"version-history":[{"count":5,"href":"https:\/\/divulgaciondinamica.info\/promos\/wp-json\/wp\/v2\/pages\/459\/revisions"}],"predecessor-version":[{"id":6533,"href":"https:\/\/divulgaciondinamica.info\/promos\/wp-json\/wp\/v2\/pages\/459\/revisions\/6533"}],"wp:attachment":[{"href":"https:\/\/divulgaciondinamica.info\/promos\/wp-json\/wp\/v2\/media?parent=459"}],"curies":[{"name":"wp","href":"https:\/\/api.w.org\/{rel}","templated":true}]}}