{"id":453,"date":"2015-06-03T06:58:02","date_gmt":"2015-06-03T06:58:02","guid":{"rendered":"http:\/\/divulgaciondinamica.info\/promos\/?page_id=453"},"modified":"2016-05-23T11:07:35","modified_gmt":"2016-05-23T11:07:35","slug":"master-en-intervencion-socioeducativa","status":"publish","type":"page","link":"https:\/\/divulgaciondinamica.info\/promos\/master-en-intervencion-socioeducativa\/","title":{"rendered":"M\u00e1ster en Intervenci\u00f3n Socioeducativa"},"content":{"rendered":"<p>[vc_row css=\u00bb.vc_custom_1427804811471{margin-top: 25px !important;margin-bottom: 25px !important;}\u00bb][vc_column width=\u00bb2\/3&#8243;][vc_single_image image=\u00bb2726&#8243; img_size=\u00bb661&#215;82&#8243;][\/vc_column][vc_column width=\u00bb1\/3&#8243;][vc_column_text]<\/p>\n<h6 style=\"text-align: right;\"><i class=\"fa fa-whatsapp\"><\/i> 628 069 839<\/h6>\n<p style=\"text-align: right;\"><strong>soporte1@divulgaciondinamica.es<\/strong><\/p>\n<p>[\/vc_column_text][\/vc_column][\/vc_row][vc_row][vc_column][vc_column_text]<img loading=\"lazy\" class=\"alignleft wp-image-454 size-full\" src=\"http:\/\/divulgaciondinamica.info\/promos\/wp-content\/uploads\/2015\/06\/Imagen-master-intervencion-socioeducativa.jpg\" alt=\"\" width=\"643\" height=\"434\" srcset=\"https:\/\/divulgaciondinamica.info\/promos\/wp-content\/uploads\/2015\/06\/Imagen-master-intervencion-socioeducativa.jpg 643w, https:\/\/divulgaciondinamica.info\/promos\/wp-content\/uploads\/2015\/06\/Imagen-master-intervencion-socioeducativa-300x202.jpg 300w\" sizes=\"(max-width: 643px) 100vw, 643px\" \/><a href=\"https:\/\/docs.google.com\/forms\/d\/1SYFBFpkivpyddQsIi2cEcMbwfdKiZA2F1oQc6_mNPIU\/viewform\" target=\"_blank\"><img loading=\"lazy\" class=\"alignleft wp-image-2735 size-full\" src=\"http:\/\/divulgaciondinamica.info\/promos\/wp-content\/uploads\/2015\/06\/PROMO-Master-Intervenci\u00f3n-Socioeducativa_02-1.png\" alt=\"\" width=\"417\" height=\"434\" srcset=\"https:\/\/divulgaciondinamica.info\/promos\/wp-content\/uploads\/2015\/06\/PROMO-Master-Intervenci\u00f3n-Socioeducativa_02-1.png 417w, https:\/\/divulgaciondinamica.info\/promos\/wp-content\/uploads\/2015\/06\/PROMO-Master-Intervenci\u00f3n-Socioeducativa_02-1-288x300.png 288w\" sizes=\"(max-width: 417px) 100vw, 417px\" \/><\/a>[\/vc_column_text][\/vc_column][\/vc_row][vc_row css=\u00bb.vc_custom_1427804437681{margin-top: 35px !important;margin-bottom: 35px !important;}\u00bb][vc_column width=\u00bb1\/4&#8243;][vc_single_image image=\u00bb35&#8243; img_size=\u00bb250&#215;195&#8243; alignment=\u00bbcenter\u00bb][\/vc_column][vc_column width=\u00bb1\/4&#8243;][vc_single_image image=\u00bb36&#8243; img_size=\u00bb250&#215;195&#8243; alignment=\u00bbcenter\u00bb][\/vc_column][vc_column width=\u00bb1\/4&#8243;][vc_single_image image=\u00bb37&#8243; img_size=\u00bb250&#215;195&#8243; alignment=\u00bbcenter\u00bb][\/vc_column][vc_column width=\u00bb1\/4&#8243;][vc_single_image image=\u00bb2733&#8243; img_size=\u00bb250&#215;195&#8243; alignment=\u00bbcenter\u00bb][\/vc_column][\/vc_row][vc_row][vc_column][\/vc_column][\/vc_row][vc_row css=\u00bb.vc_custom_1427805189823{margin-top: 35px !important;margin-bottom: 35px !important;}\u00bb][vc_column width=\u00bb1\/2&#8243;][vc_column_text css=\u00bb.vc_custom_1433314366487{margin-bottom: 30px !important;}\u00bb]<\/p>\n<div id=\"stcpDiv\">\n<h3 style=\"text-align: left;\" align=\"justify\">Presentaci\u00f3n del M\u00e1ster:<\/h3>\n<p>&nbsp;<\/p>\n<p>En la actualidad existen multitud de retos de tipo cultural, social, medioambiental o \u00e9tico que solo pueden encontrar alternativas de soluci\u00f3n en proyectos de intervenci\u00f3n socioeducativos, donde m\u00e1s alla de contextualizar a la educaci\u00f3n como proceso formal ubicado en las escuelas aborda los procesos educativos en y para la sociedad interviniendo tanto en lo escolar como en lo social.<\/p>\n<p>La intervenci\u00f3n socioeducativa se enmarca dentro de un \u00e1rea de intervenci\u00f3n intrerdisciplinar y complementaria enfocada a \u00e1mbitos y \u00e1reas de actuaci\u00f3n diversos, dando respuesta a las demandas de reeducaci\u00f3n, acceso a la cultura, al bienestar y a la participaci\u00f3n y compromiso social, ampliando las perspectivas educativas de las acciones comunitarias.<\/p>\n<p>Se trata de un \u00e1mbito de trabajo pedag\u00f3gico y sociocomunitario generador de diferentes perfiles profesionales entre los que destacan los educadores comunitario y agentes educativos no formal.<br \/>\n<img loading=\"lazy\" class=\"alignleft size-full wp-image-53\" src=\"http:\/\/divulgaciondinamica.info\/promos\/wp-content\/uploads\/2015\/03\/diploma-digital1.png\" alt=\"diploma-digital\" width=\"479\" height=\"322\" srcset=\"https:\/\/divulgaciondinamica.info\/promos\/wp-content\/uploads\/2015\/03\/diploma-digital1.png 479w, https:\/\/divulgaciondinamica.info\/promos\/wp-content\/uploads\/2015\/03\/diploma-digital1-300x202.png 300w\" sizes=\"(max-width: 479px) 100vw, 479px\" \/><\/p>\n<p style=\"text-align: left;\" align=\"justify\">\n<\/div>\n<p>[\/vc_column_text][\/vc_column][vc_column width=\u00bb1\/2&#8243;][vc_column_text]<\/p>\n<div id=\"stcpDiv\">\n<h3 style=\"text-align: left;\" align=\"justify\">Temario del M\u00e1ster:<\/h3>\n<p>&nbsp;<\/p>\n<div id=\"stcpDiv\">\n<p><strong>1. LA INTERVENCI\u00d3N SOCIOEDUCATIVA<\/strong><\/p>\n<p>1.1 \u00bfQu\u00e9 es la intervenci\u00f3n socioeducativa?<br \/>\n1.2 \u00c1mbitos y colectivos de intervenci\u00f3n<\/p>\n<p><strong>2. DISE\u00d1O Y GESTI\u00d3N DE PROYECTOS.<\/strong><\/p>\n<p>2.1 Introducci\u00f3n a la planificaci\u00f3n de proyectos.<br \/>\n2.2 La planificaci\u00f3n del proyecto.<br \/>\n2.3 Propuesta de esquema para el dise\u00f1o de proyectos<br \/>\n2.4 Cierre del proyecto<br \/>\n2.5 Dise\u00f1o de proyectos mediante las fases de aplicaci\u00f3n del Mainstreaming<\/p>\n<p><strong>3. HABILIDADES SOCIALES PARA LA INTERVENCI\u00d3N SOCIOEDUCATIVA<\/strong><\/p>\n<p>3.1 Las habilidades sociales<br \/>\n3.2 Algunas habilidades sociales relevantes para la intervenci\u00f3n socioeducativa<\/p>\n<p><strong>4. INTERVENCI\u00d3N SOCIOEDUCATIVA EN LA FAMILIA<\/strong><\/p>\n<p>4.1 La familia<br \/>\n4.2 Intervenci\u00f3n socioeducativa en el contexto familiar<br \/>\n4.3 Ejemplo de intervenci\u00f3n: Familias de personas con discapacidad<br \/>\n4.4 Los malos tratos y situaciones de riesgo a nivel familiar<\/p>\n<p><strong>5. INTERVENCI\u00d3N SOCIOEDUCATIVA EN LA FAMILIA: PAUTAS DE ACTUACI\u00d3N ANTE EL TRASTORNO NEGATIVISTA DESAFIANTE<br \/>\n<\/strong><\/p>\n<p>5.1 G\u00e9nesis social del TND<br \/>\n5.2 Factores predisponentes y G\u00e9nesis evolutiva en el ni\u00f1o del TND<br \/>\n5.3 Pautas de actuaci\u00f3n<\/p>\n<p><strong>6. INTERVENCI\u00d3N SOCIOEDUCATIVA Y EDUCACI\u00d3N EN VALORES<\/strong><\/p>\n<p>6.1 La educaci\u00f3n en valores: Referencia para la intervenci\u00f3n<br \/>\n6.2 Algunas intervenciones socioeducativas desde la educaci\u00f3n en valores<br \/>\n6.3 El educador\/a de empresa: Innovaci\u00f3n en tiempo de crisis<\/p>\n<p><strong>7. INTERVENCI\u00d3N EN EL \u00c1MBITO ESCOLAR: EDUCACI\u00d3N INCLUSIVA<\/strong><\/p>\n<p>7.1 Atenci\u00f3n escolar a la diversidad<br \/>\n7.2 De la integraci\u00f3n escolar a la educaci\u00f3n inclusiva<br \/>\n7.3 Intervenciones socioeducativas inclusivas: actividades y programas en el \u00e1mbito escolar<\/p>\n<p><strong>8. LA MEDIACI\u00d3N ESCOLAR COMO INTERVENCI\u00d3N SOCIOEDUCATIVA<\/strong><\/p>\n<p>8.1 La convivencia escolar<br \/>\n8.2 El conflicto en el medio escolar. Prevenci\u00f3n y resoluci\u00f3n de conflictos<br \/>\n8.3 Beneficios de la mediaci\u00f3n escolar<\/p>\n<p><strong>9. INTERVENCI\u00d3N SOCIOEDUCATIVA EN NUEVAS TECNOLOG\u00cdAS PARA LA EDUCACI\u00d3N PRIMARIA<\/strong><\/p>\n<p>9.1 Aplicaci\u00f3n educativa de las Tics<br \/>\n9.2 Tratamiento de la informaci\u00f3n y competencia digital<br \/>\n9.3 Uso educativo de las Nuevas tecnolog\u00edas<br \/>\n9.4 Usos de las Tics en el \u00e1mbito familiar<br \/>\n9.5 Aplicaci\u00f3n de las Tics a la did\u00e1ctica de las diferentes \u00e1reas de conocimiento<\/p>\n<\/div>\n<\/div>\n<p>[\/vc_column_text][\/vc_column][\/vc_row][vc_row css=\u00bb.vc_custom_1427806970509{margin-top: 35px !important;margin-bottom: 35px !important;}\u00bb][vc_column][vc_column_text]<\/p>\n<p style=\"text-align: center;\"><a class=\"vc_btn vc_btn_orange vc_btn-orange vc_btn_lg vc_btn-lg vc_btn_rounded\" title=\"\" href=\"https:\/\/docs.google.com\/forms\/d\/1SYFBFpkivpyddQsIi2cEcMbwfdKiZA2F1oQc6_mNPIU\/viewform\" target=\"_blank\">M\u00c1S INFORMACI\u00d3N<\/a><\/p>\n<p>[\/vc_column_text][\/vc_column][\/vc_row]<\/p>\n","protected":false},"excerpt":{"rendered":"<p>[vc_row css=\u00bb.vc_custom_1427804811471{margin-top: 25px !important;margin-bottom: 25px !important;}\u00bb][vc_column width=\u00bb2\/3&#8243;][vc_single_image image=\u00bb2726&#8243; img_size=\u00bb661&#215;82&#8243;][\/vc_column][vc_column width=\u00bb1\/3&#8243;][vc_column_text] 628 069 839 soporte1@divulgaciondinamica.es [\/vc_column_text][\/vc_column][\/vc_row][vc_row][vc_column][vc_column_text][\/vc_column_text][\/vc_column][\/vc_row][vc_row css=\u00bb.vc_custom_1427804437681{margin-top: 35px !important;margin-bottom: 35px !important;}\u00bb][vc_column width=\u00bb1\/4&#8243;][vc_single_image image=\u00bb35&#8243; img_size=\u00bb250&#215;195&#8243; alignment=\u00bbcenter\u00bb][\/vc_column][vc_column width=\u00bb1\/4&#8243;][vc_single_image image=\u00bb36&#8243; img_size=\u00bb250&#215;195&#8243; alignment=\u00bbcenter\u00bb][\/vc_column][vc_column width=\u00bb1\/4&#8243;][vc_single_image image=\u00bb37&#8243; img_size=\u00bb250&#215;195&#8243; alignment=\u00bbcenter\u00bb][\/vc_column][vc_column width=\u00bb1\/4&#8243;][vc_single_image image=\u00bb2733&#8243; img_size=\u00bb250&#215;195&#8243; alignment=\u00bbcenter\u00bb][\/vc_column][\/vc_row][vc_row][vc_column][\/vc_column][\/vc_row][vc_row css=\u00bb.vc_custom_1427805189823{margin-top: 35px !important;margin-bottom: 35px<\/p>\n","protected":false},"author":1,"featured_media":0,"parent":0,"menu_order":0,"comment_status":"closed","ping_status":"closed","template":"","meta":[],"yoast_head":"<!-- This site is optimized with the Yoast SEO plugin v15.7 - https:\/\/yoast.com\/wordpress\/plugins\/seo\/ -->\n<title>M\u00e1ster en Intervenci\u00f3n Socioeducativa - Divulgaci\u00f3n Din\u00e1mica<\/title>\n<meta name=\"robots\" content=\"index, follow, max-snippet:-1, max-image-preview:large, max-video-preview:-1\" \/>\n<link rel=\"canonical\" href=\"https:\/\/divulgaciondinamica.info\/promos\/master-en-intervencion-socioeducativa\/\" \/>\n<meta property=\"og:locale\" content=\"es_ES\" \/>\n<meta property=\"og:type\" content=\"article\" \/>\n<meta property=\"og:title\" content=\"M\u00e1ster en Intervenci\u00f3n Socioeducativa - Divulgaci\u00f3n Din\u00e1mica\" \/>\n<meta property=\"og:description\" content=\"[vc_row css=\u00bb.vc_custom_1427804811471{margin-top: 25px !important;margin-bottom: 25px !important;}\u00bb][vc_column width=\u00bb2\/3&#8243;][vc_single_image image=\u00bb2726&#8243; img_size=\u00bb661&#215;82&#8243;][\/vc_column][vc_column width=\u00bb1\/3&#8243;][vc_column_text] 628 069 839 soporte1@divulgaciondinamica.es [\/vc_column_text][\/vc_column][\/vc_row][vc_row][vc_column][vc_column_text][\/vc_column_text][\/vc_column][\/vc_row][vc_row css=\u00bb.vc_custom_1427804437681{margin-top: 35px !important;margin-bottom: 35px !important;}\u00bb][vc_column width=\u00bb1\/4&#8243;][vc_single_image image=\u00bb35&#8243; img_size=\u00bb250&#215;195&#8243; alignment=\u00bbcenter\u00bb][\/vc_column][vc_column width=\u00bb1\/4&#8243;][vc_single_image image=\u00bb36&#8243; img_size=\u00bb250&#215;195&#8243; alignment=\u00bbcenter\u00bb][\/vc_column][vc_column width=\u00bb1\/4&#8243;][vc_single_image image=\u00bb37&#8243; img_size=\u00bb250&#215;195&#8243; alignment=\u00bbcenter\u00bb][\/vc_column][vc_column width=\u00bb1\/4&#8243;][vc_single_image image=\u00bb2733&#8243; img_size=\u00bb250&#215;195&#8243; alignment=\u00bbcenter\u00bb][\/vc_column][\/vc_row][vc_row][vc_column][\/vc_column][\/vc_row][vc_row css=\u00bb.vc_custom_1427805189823{margin-top: 35px !important;margin-bottom: 35px\" \/>\n<meta property=\"og:url\" content=\"https:\/\/divulgaciondinamica.info\/promos\/master-en-intervencion-socioeducativa\/\" \/>\n<meta property=\"og:site_name\" content=\"Divulgaci\u00f3n Din\u00e1mica\" \/>\n<meta property=\"article:publisher\" content=\"https:\/\/www.facebook.com\/divulgaciondinamicaformacion\/\" \/>\n<meta property=\"article:modified_time\" content=\"2016-05-23T11:07:35+00:00\" \/>\n<meta property=\"og:image\" content=\"http:\/\/divulgaciondinamica.info\/promos\/wp-content\/uploads\/2015\/06\/Imagen-master-intervencion-socioeducativa.jpg\" \/>\n<meta name=\"twitter:card\" content=\"summary_large_image\" \/>\n<meta name=\"twitter:site\" content=\"@divulgaciond\" \/>\n<meta name=\"twitter:label1\" content=\"Tiempo de lectura\">\n\t<meta name=\"twitter:data1\" content=\"3 minutos\">\n<script type=\"application\/ld+json\" class=\"yoast-schema-graph\">{\"@context\":\"https:\/\/schema.org\",\"@graph\":[{\"@type\":\"Organization\",\"@id\":\"https:\/\/divulgaciondinamica.info\/promos\/#organization\",\"name\":\"Divulgaci\\u00f3n Din\\u00e1mica S.L.\",\"url\":\"https:\/\/divulgaciondinamica.info\/promos\/\",\"sameAs\":[\"https:\/\/www.facebook.com\/divulgaciondinamicaformacion\/\",\"https:\/\/www.instagram.com\/divulgaciondinamica\",\"https:\/\/www.linkedin.com\/company-beta\/9490428\/\",\"https:\/\/www.youtube.com\/user\/ddinamica2010\",\"https:\/\/twitter.com\/divulgaciond\"],\"logo\":{\"@type\":\"ImageObject\",\"@id\":\"https:\/\/divulgaciondinamica.info\/promos\/#logo\",\"inLanguage\":\"es\",\"url\":\"https:\/\/divulgaciondinamica.info\/promos\/wp-content\/uploads\/2016\/02\/logo-divulgaciondinamica-ddf.png\",\"width\":400,\"height\":79,\"caption\":\"Divulgaci\\u00f3n Din\\u00e1mica S.L.\"},\"image\":{\"@id\":\"https:\/\/divulgaciondinamica.info\/promos\/#logo\"}},{\"@type\":\"WebSite\",\"@id\":\"https:\/\/divulgaciondinamica.info\/promos\/#website\",\"url\":\"https:\/\/divulgaciondinamica.info\/promos\/\",\"name\":\"Divulgaci\\u00f3n Din\\u00e1mica\",\"description\":\"Formaci\\u00f3n de calidad al alcance de todos\",\"publisher\":{\"@id\":\"https:\/\/divulgaciondinamica.info\/promos\/#organization\"},\"potentialAction\":[{\"@type\":\"SearchAction\",\"target\":\"https:\/\/divulgaciondinamica.info\/promos\/?s={search_term_string}\",\"query-input\":\"required name=search_term_string\"}],\"inLanguage\":\"es\"},{\"@type\":\"ImageObject\",\"@id\":\"https:\/\/divulgaciondinamica.info\/promos\/master-en-intervencion-socioeducativa\/#primaryimage\",\"inLanguage\":\"es\",\"url\":\"http:\/\/divulgaciondinamica.info\/promos\/wp-content\/uploads\/2015\/06\/Imagen-master-intervencion-socioeducativa.jpg\"},{\"@type\":\"WebPage\",\"@id\":\"https:\/\/divulgaciondinamica.info\/promos\/master-en-intervencion-socioeducativa\/#webpage\",\"url\":\"https:\/\/divulgaciondinamica.info\/promos\/master-en-intervencion-socioeducativa\/\",\"name\":\"M\\u00e1ster en Intervenci\\u00f3n Socioeducativa - Divulgaci\\u00f3n Din\\u00e1mica\",\"isPartOf\":{\"@id\":\"https:\/\/divulgaciondinamica.info\/promos\/#website\"},\"primaryImageOfPage\":{\"@id\":\"https:\/\/divulgaciondinamica.info\/promos\/master-en-intervencion-socioeducativa\/#primaryimage\"},\"datePublished\":\"2015-06-03T06:58:02+00:00\",\"dateModified\":\"2016-05-23T11:07:35+00:00\",\"inLanguage\":\"es\",\"potentialAction\":[{\"@type\":\"ReadAction\",\"target\":[\"https:\/\/divulgaciondinamica.info\/promos\/master-en-intervencion-socioeducativa\/\"]}]}]}<\/script>\n<!-- \/ Yoast SEO plugin. -->","_links":{"self":[{"href":"https:\/\/divulgaciondinamica.info\/promos\/wp-json\/wp\/v2\/pages\/453"}],"collection":[{"href":"https:\/\/divulgaciondinamica.info\/promos\/wp-json\/wp\/v2\/pages"}],"about":[{"href":"https:\/\/divulgaciondinamica.info\/promos\/wp-json\/wp\/v2\/types\/page"}],"author":[{"embeddable":true,"href":"https:\/\/divulgaciondinamica.info\/promos\/wp-json\/wp\/v2\/users\/1"}],"replies":[{"embeddable":true,"href":"https:\/\/divulgaciondinamica.info\/promos\/wp-json\/wp\/v2\/comments?post=453"}],"version-history":[{"count":5,"href":"https:\/\/divulgaciondinamica.info\/promos\/wp-json\/wp\/v2\/pages\/453\/revisions"}],"predecessor-version":[{"id":2736,"href":"https:\/\/divulgaciondinamica.info\/promos\/wp-json\/wp\/v2\/pages\/453\/revisions\/2736"}],"wp:attachment":[{"href":"https:\/\/divulgaciondinamica.info\/promos\/wp-json\/wp\/v2\/media?parent=453"}],"curies":[{"name":"wp","href":"https:\/\/api.w.org\/{rel}","templated":true}]}}