{"id":4496,"date":"2016-12-14T12:07:47","date_gmt":"2016-12-14T12:07:47","guid":{"rendered":"http:\/\/divulgaciondinamica.info\/promos\/?page_id=4496"},"modified":"2017-06-21T09:05:39","modified_gmt":"2017-06-21T09:05:39","slug":"curso-de-monitor-de-educacion-especial-dto","status":"publish","type":"page","link":"https:\/\/divulgaciondinamica.info\/promos\/curso-de-monitor-de-educacion-especial-dto\/","title":{"rendered":"Curso de Monitor de Educaci\u00f3n Especial DTO"},"content":{"rendered":"<p>[vc_row css=\u00bb.vc_custom_1427804811471{margin-top: 25px !important;margin-bottom: 25px !important;}\u00bb][vc_column width=\u00bb2\/3&#8243;][vc_single_image image=\u00bb1573&#8243; img_size=\u00bb661&#215;82&#8243;][\/vc_column][vc_column width=\u00bb1\/3&#8243;][vc_column_text]<\/p>\n<h6 style=\"text-align: right;\"><i class=\"fa fa-whatsapp\"><\/i> 609 11 39 00<\/h6>\n<p style=\"text-align: right;\"><strong>promotora9@divulgaciondinamica.es<\/strong><\/p>\n<p>[\/vc_column_text][\/vc_column][\/vc_row][vc_row css=\u00bb.vc_custom_1489484355483{margin-top: 25px !important;margin-bottom: 15px !important;}\u00bb][vc_column][vc_custom_heading text=\u00bbCurso Online<br \/>\n\u00bb font_container=\u00bbtag:p|font_size:32|text_align:center|color:%230a7aba|line_height:1.1&#8243; google_fonts=\u00bbfont_family:Lato%3A100%2C100italic%2C300%2C300italic%2Cregular%2Citalic%2C700%2C700italic%2C900%2C900italic|font_style:300%20light%20regular%3A300%3Anormal\u00bb css=\u00bb.vc_custom_1490955635731{margin-bottom: 15px !important;}\u00bb][vc_custom_heading text=\u00bbMonitor de Educaci\u00f3n Especial\u00bb font_container=\u00bbtag:h1|font_size:38|text_align:center|color:%230a7aba|line_height:1.1&#8243; google_fonts=\u00bbfont_family:Lato%3A100%2C100italic%2C300%2C300italic%2Cregular%2Citalic%2C700%2C700italic%2C900%2C900italic|font_style:900%20bold%20regular%3A900%3Anormal\u00bb css=\u00bb.vc_custom_1491556877663{margin-bottom: 15px !important;}\u00bb][\/vc_column][\/vc_row][vc_row][vc_column][vc_column_text]<img loading=\"lazy\" class=\"alignleft wp-image-5184 size-full\" title=\"Monitor de Educaci\u00f3n Especial\" src=\"http:\/\/divulgaciondinamica.info\/promos\/wp-content\/uploads\/2016\/12\/Imagen-Curso-Monitor-de-Educacion-Especial.jpg\" alt=\"Curso de Monitor de Educaci\u00f3n Especial Online\" width=\"643\" height=\"434\" srcset=\"https:\/\/divulgaciondinamica.info\/promos\/wp-content\/uploads\/2016\/12\/Imagen-Curso-Monitor-de-Educacion-Especial.jpg 643w, https:\/\/divulgaciondinamica.info\/promos\/wp-content\/uploads\/2016\/12\/Imagen-Curso-Monitor-de-Educacion-Especial-300x202.jpg 300w\" sizes=\"(max-width: 643px) 100vw, 643px\" \/><a href=\"http:\/\/www.divulgaciondinamica.es\/secretaria\/alumnos\/form\/992\/\" target=\"_blank\"><img loading=\"lazy\" class=\"alignleft wp-image-8066 size-full\" title=\"Solicita informaci\u00f3n del curso de Monitor de Educaci\u00f3n Especial\" src=\"http:\/\/divulgaciondinamica.info\/promos\/wp-content\/uploads\/2016\/12\/curso-monitor-de-educacion-especial-13julio.png\" alt=\"\" width=\"417\" height=\"434\" srcset=\"https:\/\/divulgaciondinamica.info\/promos\/wp-content\/uploads\/2016\/12\/curso-monitor-de-educacion-especial-13julio.png 417w, https:\/\/divulgaciondinamica.info\/promos\/wp-content\/uploads\/2016\/12\/curso-monitor-de-educacion-especial-13julio-288x300.png 288w\" sizes=\"(max-width: 417px) 100vw, 417px\" \/><\/a>[\/vc_column_text][\/vc_column][\/vc_row][vc_row css=\u00bb.vc_custom_1427804437681{margin-top: 35px !important;margin-bottom: 35px !important;}\u00bb][vc_column width=\u00bb1\/4&#8243;][vc_single_image image=\u00bb5104&#8243; img_size=\u00bb250&#215;195&#8243; alignment=\u00bbcenter\u00bb][\/vc_column][vc_column width=\u00bb1\/4&#8243;][vc_single_image image=\u00bb5103&#8243; img_size=\u00bb250&#215;195&#8243; alignment=\u00bbcenter\u00bb][\/vc_column][vc_column width=\u00bb1\/4&#8243;][vc_single_image image=\u00bb5102&#8243; img_size=\u00bb250&#215;195&#8243; alignment=\u00bbcenter\u00bb][\/vc_column][vc_column width=\u00bb1\/4&#8243;][vc_single_image image=\u00bb6855&#8243; img_size=\u00bb250&#215;195&#8243; alignment=\u00bbcenter\u00bb][\/vc_column][\/vc_row][vc_row][vc_column][vc_column_text]<br \/>\n[\/vc_column_text][\/vc_column][\/vc_row][vc_row css=\u00bb.vc_custom_1427805189823{margin-top: 35px !important;margin-bottom: 35px !important;}\u00bb][vc_column width=\u00bb1\/2&#8243;][vc_column_text css=\u00bb.vc_custom_1491557043962{margin-bottom: 30px !important;}\u00bb]<\/p>\n<div id=\"stcpDiv\">\n<h3 style=\"text-align: left;\" align=\"justify\">Presentaci\u00f3n del Curso:<\/h3>\n<p>&nbsp;<\/p>\n<p>La Educaci\u00f3n Especial garantiza la educaci\u00f3n y el desarrollo de competencias de los ni\u00f1os y j\u00f3venes que tienen necesidades diferentes a la media. La Educaci\u00f3n Especial pone \u00e9nfasis a la educaci\u00f3n para todos y a la inclusi\u00f3n escolar, familiar y social de los ni\u00f1os y j\u00f3venes con necesidades especiales eliminando de esta forma las barreras para aprender y para participar e integrarse en la sociedad.<\/p>\n<p>La inclusi\u00f3n asegura que aquellas personas excluidas tengan las oportunidades y recursos necesarios para participar en la vida social y cultural, asegura el derecho a \u201ctener una vida asociada siendo un miembro de una comunidad\u201d. De este modo, apostando por la inclusi\u00f3n y la integraci\u00f3n social de los ni\u00f1os y j\u00f3venes que sufren alg\u00fan tipo de discapacidad, la Educaci\u00f3n Especial es imprescindible para que estos ni\u00f1os y j\u00f3venes puedan desarrollarse en plenitud y transformarse en adultos independientes que puedan valerse por s\u00ed mismos y no ser excluidos de la sociedad.<\/p>\n<p>A trav\u00e9s de este curso de Monitor de Educaci\u00f3n Especial Online pretendemos dar unas nociones b\u00e1sicas sobre la atenci\u00f3n escolar a la diversidad, las necesidades educativas especiales y c\u00f3mo intervenir para lograr una educaci\u00f3n inclusiva. Adem\u00e1s, veremos tambi\u00e9n c\u00f3mo a trav\u00e9s de actividades de ocio y tiempo libre es posible sensibilizar a ni\u00f1os y j\u00f3venes, y c\u00f3mo a trav\u00e9s de juegos adaptados se puede integrar al grupo a los ni\u00f1os y j\u00f3venes con necesidades especiales.<br \/>\n<img loading=\"lazy\" class=\"alignleft size-full wp-image-53\" src=\"http:\/\/divulgaciondinamica.info\/promos\/wp-content\/uploads\/2015\/03\/diploma-digital1.png\" alt=\"diploma-digital\" width=\"479\" height=\"322\" srcset=\"https:\/\/divulgaciondinamica.info\/promos\/wp-content\/uploads\/2015\/03\/diploma-digital1.png 479w, https:\/\/divulgaciondinamica.info\/promos\/wp-content\/uploads\/2015\/03\/diploma-digital1-300x202.png 300w\" sizes=\"(max-width: 479px) 100vw, 479px\" \/><\/p>\n<p style=\"text-align: left;\" align=\"justify\">\n<\/div>\n<p>[\/vc_column_text][\/vc_column][vc_column width=\u00bb1\/2&#8243;][vc_column_text]<\/p>\n<div id=\"stcpDiv\">\n<h3 style=\"text-align: left;\" align=\"justify\">Temario del Curso:<\/h3>\n<p>&nbsp;<\/p>\n<div id=\"stcpDiv\">\n<p><strong>1. INTERVENCI\u00d3N EN EL \u00c1MBITO ESCOLAR: EDUCACI\u00d3N INCLUSIVA<\/strong><\/p>\n<p>1.1 Atenci\u00f3n escolar a la diversidad<br \/>\n1.2 Principios b\u00e1sicos de atenci\u00f3n a la diversidad desde el \u00e1mbito escolar<br \/>\n1.3 Necesidades educativas especiales. Necesidades espec\u00edficas de apoyo educativo<br \/>\n1.4 De la integraci\u00f3n escolar a la educaci\u00f3n Inclusiva<br \/>\n1.5 Factores socioeducativos de inadaptaci\u00f3n y exclusi\u00f3n social<br \/>\n1.6 Integraci\u00f3n de las minor\u00edas \u00e9tnicas: hacia una educaci\u00f3n intercultural<br \/>\n1.7 Intervenciones socioeducativas inclusivas: Actividades y programas en el \u00e1mbito escolar<br \/>\n1.8 La exclusi\u00f3n digital: responsabilidad desde el \u00e1mbito escolar<\/p>\n<p><strong>2. INTEGRACI\u00d3N A TRAV\u00c9S DE ACTIVIDADES DE OCIO<\/strong><\/p>\n<p>2.1 Principios b\u00e1sicos de atenci\u00f3n a la Diversidad desde el tiempo libre<br \/>\n2.2 Ocio y discapacidad motora. Implicaciones para t\u00e9cnicas y recursos l\u00fadicos<br \/>\n2.3 Juegos, expresi\u00f3n art\u00edstica y ocio en la discapacidad f\u00edsica<br \/>\n2.4 Los juegos motrices sensibilizadores: Diversidad e integraci\u00f3n social<br \/>\n2.5 Ocio y discapacidades sensoriales. La deficiencia visual. La discapacidad auditiva<br \/>\n2.6 Juegos adaptados para participantes con discapacidad sensorial y juegos sensibilizadores<br \/>\n2.7 Ocio y discapacidades intelectuales<br \/>\n2.8 Trastornos generales del Desarrollo: s\u00edndrome de asperger<br \/>\n2.9 Juegos adaptados para participantes con discapacidad intelectual y juegos sensibilizadores<\/p>\n<\/div>\n<\/div>\n<p>[\/vc_column_text][\/vc_column][\/vc_row][vc_row css=\u00bb.vc_custom_1427806970509{margin-top: 35px !important;margin-bottom: 35px !important;}\u00bb][vc_column][vc_btn title=\u00bbM\u00c1S INFORMACI\u00d3N\u00bb style=\u00bbflat\u00bb color=\u00bbsuccess\u00bb size=\u00bblg\u00bb align=\u00bbcenter\u00bb link=\u00bburl:http%3A%2F%2Fwww.divulgaciondinamica.es%2Fsecretaria%2Falumnos%2Fform%2F992%2F||target:%20_blank\u00bb][\/vc_column][\/vc_row]<\/p>\n","protected":false},"excerpt":{"rendered":"<p>[vc_row css=\u00bb.vc_custom_1427804811471{margin-top: 25px !important;margin-bottom: 25px !important;}\u00bb][vc_column width=\u00bb2\/3&#8243;][vc_single_image image=\u00bb1573&#8243; img_size=\u00bb661&#215;82&#8243;][\/vc_column][vc_column width=\u00bb1\/3&#8243;][vc_column_text] 609 11 39 00 promotora9@divulgaciondinamica.es [\/vc_column_text][\/vc_column][\/vc_row][vc_row css=\u00bb.vc_custom_1489484355483{margin-top: 25px !important;margin-bottom: 15px !important;}\u00bb][vc_column][vc_custom_heading text=\u00bbCurso Online \u00bb font_container=\u00bbtag:p|font_size:32|text_align:center|color:%230a7aba|line_height:1.1&#8243; google_fonts=\u00bbfont_family:Lato%3A100%2C100italic%2C300%2C300italic%2Cregular%2Citalic%2C700%2C700italic%2C900%2C900italic|font_style:300%20light%20regular%3A300%3Anormal\u00bb css=\u00bb.vc_custom_1490955635731{margin-bottom: 15px !important;}\u00bb][vc_custom_heading text=\u00bbMonitor de Educaci\u00f3n Especial\u00bb font_container=\u00bbtag:h1|font_size:38|text_align:center|color:%230a7aba|line_height:1.1&#8243; google_fonts=\u00bbfont_family:Lato%3A100%2C100italic%2C300%2C300italic%2Cregular%2Citalic%2C700%2C700italic%2C900%2C900italic|font_style:900%20bold%20regular%3A900%3Anormal\u00bb css=\u00bb.vc_custom_1491556877663{margin-bottom: 15px !important;}\u00bb][\/vc_column][\/vc_row][vc_row][vc_column][vc_column_text][\/vc_column_text][\/vc_column][\/vc_row][vc_row css=\u00bb.vc_custom_1427804437681{margin-top: 35px<\/p>\n","protected":false},"author":1,"featured_media":0,"parent":0,"menu_order":0,"comment_status":"closed","ping_status":"closed","template":"","meta":[],"yoast_head":"<!-- This site is optimized with the Yoast SEO plugin v15.7 - https:\/\/yoast.com\/wordpress\/plugins\/seo\/ -->\n<title>Curso de Monitor de Educaci\u00f3n Especial - Divulgaci\u00f3n Din\u00e1mica<\/title>\n<meta name=\"description\" content=\"Curso de Monitor de Educaci\u00f3n Especial Online. Apostamos por una formaci\u00f3n de calidad al alcance de todos. Paga solo las tasas. \u00a1Inf\u00f3rmate hoy mismo!.\" \/>\n<meta name=\"robots\" content=\"index, follow, max-snippet:-1, max-image-preview:large, max-video-preview:-1\" \/>\n<link rel=\"canonical\" href=\"http:\/\/divulgaciondinamica.info\/promos\/curso-de-monitor-de-educacion-especial-b\/\" \/>\n<meta property=\"og:locale\" content=\"es_ES\" \/>\n<meta property=\"og:type\" content=\"article\" \/>\n<meta property=\"og:title\" content=\"Curso de Monitor de Educaci\u00f3n Especial - Divulgaci\u00f3n Din\u00e1mica\" \/>\n<meta property=\"og:description\" content=\"Curso de Monitor de Educaci\u00f3n Especial Online. Apostamos por una formaci\u00f3n de calidad al alcance de todos. Paga solo las tasas. \u00a1Inf\u00f3rmate hoy mismo!.\" \/>\n<meta property=\"og:url\" content=\"http:\/\/divulgaciondinamica.info\/promos\/curso-de-monitor-de-educacion-especial-b\/\" \/>\n<meta property=\"og:site_name\" content=\"Divulgaci\u00f3n Din\u00e1mica\" \/>\n<meta property=\"article:publisher\" content=\"https:\/\/www.facebook.com\/divulgaciondinamicaformacion\/\" \/>\n<meta property=\"article:modified_time\" content=\"2017-06-21T09:05:39+00:00\" \/>\n<meta property=\"og:image\" content=\"http:\/\/divulgaciondinamica.info\/promos\/wp-content\/uploads\/2016\/12\/Imagen-Curso-Monitor-de-Educacion-Especial.jpg\" \/>\n<meta name=\"twitter:card\" content=\"summary_large_image\" \/>\n<meta name=\"twitter:site\" content=\"@divulgaciond\" \/>\n<meta name=\"twitter:label1\" content=\"Tiempo de lectura\">\n\t<meta name=\"twitter:data1\" content=\"4 minutos\">\n<script type=\"application\/ld+json\" class=\"yoast-schema-graph\">{\"@context\":\"https:\/\/schema.org\",\"@graph\":[{\"@type\":\"Organization\",\"@id\":\"https:\/\/divulgaciondinamica.info\/promos\/#organization\",\"name\":\"Divulgaci\\u00f3n Din\\u00e1mica S.L.\",\"url\":\"https:\/\/divulgaciondinamica.info\/promos\/\",\"sameAs\":[\"https:\/\/www.facebook.com\/divulgaciondinamicaformacion\/\",\"https:\/\/www.instagram.com\/divulgaciondinamica\",\"https:\/\/www.linkedin.com\/company-beta\/9490428\/\",\"https:\/\/www.youtube.com\/user\/ddinamica2010\",\"https:\/\/twitter.com\/divulgaciond\"],\"logo\":{\"@type\":\"ImageObject\",\"@id\":\"https:\/\/divulgaciondinamica.info\/promos\/#logo\",\"inLanguage\":\"es\",\"url\":\"https:\/\/divulgaciondinamica.info\/promos\/wp-content\/uploads\/2016\/02\/logo-divulgaciondinamica-ddf.png\",\"width\":400,\"height\":79,\"caption\":\"Divulgaci\\u00f3n Din\\u00e1mica S.L.\"},\"image\":{\"@id\":\"https:\/\/divulgaciondinamica.info\/promos\/#logo\"}},{\"@type\":\"WebSite\",\"@id\":\"https:\/\/divulgaciondinamica.info\/promos\/#website\",\"url\":\"https:\/\/divulgaciondinamica.info\/promos\/\",\"name\":\"Divulgaci\\u00f3n Din\\u00e1mica\",\"description\":\"Formaci\\u00f3n de calidad al alcance de todos\",\"publisher\":{\"@id\":\"https:\/\/divulgaciondinamica.info\/promos\/#organization\"},\"potentialAction\":[{\"@type\":\"SearchAction\",\"target\":\"https:\/\/divulgaciondinamica.info\/promos\/?s={search_term_string}\",\"query-input\":\"required name=search_term_string\"}],\"inLanguage\":\"es\"},{\"@type\":\"ImageObject\",\"@id\":\"http:\/\/divulgaciondinamica.info\/promos\/curso-de-monitor-de-educacion-especial-b\/#primaryimage\",\"inLanguage\":\"es\",\"url\":\"http:\/\/divulgaciondinamica.info\/promos\/wp-content\/uploads\/2016\/12\/Imagen-Curso-Monitor-de-Educacion-Especial.jpg\"},{\"@type\":\"WebPage\",\"@id\":\"http:\/\/divulgaciondinamica.info\/promos\/curso-de-monitor-de-educacion-especial-b\/#webpage\",\"url\":\"http:\/\/divulgaciondinamica.info\/promos\/curso-de-monitor-de-educacion-especial-b\/\",\"name\":\"Curso de Monitor de Educaci\\u00f3n Especial - Divulgaci\\u00f3n Din\\u00e1mica\",\"isPartOf\":{\"@id\":\"https:\/\/divulgaciondinamica.info\/promos\/#website\"},\"primaryImageOfPage\":{\"@id\":\"http:\/\/divulgaciondinamica.info\/promos\/curso-de-monitor-de-educacion-especial-b\/#primaryimage\"},\"datePublished\":\"2016-12-14T12:07:47+00:00\",\"dateModified\":\"2017-06-21T09:05:39+00:00\",\"description\":\"Curso de Monitor de Educaci\\u00f3n Especial Online. Apostamos por una formaci\\u00f3n de calidad al alcance de todos. Paga solo las tasas. \\u00a1Inf\\u00f3rmate hoy mismo!.\",\"inLanguage\":\"es\",\"potentialAction\":[{\"@type\":\"ReadAction\",\"target\":[\"http:\/\/divulgaciondinamica.info\/promos\/curso-de-monitor-de-educacion-especial-b\/\"]}]}]}<\/script>\n<!-- \/ Yoast SEO plugin. -->","_links":{"self":[{"href":"https:\/\/divulgaciondinamica.info\/promos\/wp-json\/wp\/v2\/pages\/4496"}],"collection":[{"href":"https:\/\/divulgaciondinamica.info\/promos\/wp-json\/wp\/v2\/pages"}],"about":[{"href":"https:\/\/divulgaciondinamica.info\/promos\/wp-json\/wp\/v2\/types\/page"}],"author":[{"embeddable":true,"href":"https:\/\/divulgaciondinamica.info\/promos\/wp-json\/wp\/v2\/users\/1"}],"replies":[{"embeddable":true,"href":"https:\/\/divulgaciondinamica.info\/promos\/wp-json\/wp\/v2\/comments?post=4496"}],"version-history":[{"count":5,"href":"https:\/\/divulgaciondinamica.info\/promos\/wp-json\/wp\/v2\/pages\/4496\/revisions"}],"predecessor-version":[{"id":8067,"href":"https:\/\/divulgaciondinamica.info\/promos\/wp-json\/wp\/v2\/pages\/4496\/revisions\/8067"}],"wp:attachment":[{"href":"https:\/\/divulgaciondinamica.info\/promos\/wp-json\/wp\/v2\/media?parent=4496"}],"curies":[{"name":"wp","href":"https:\/\/api.w.org\/{rel}","templated":true}]}}