{"id":4481,"date":"2016-12-14T11:48:04","date_gmt":"2016-12-14T11:48:04","guid":{"rendered":"http:\/\/divulgaciondinamica.info\/promos\/?page_id=4481"},"modified":"2017-06-29T10:26:27","modified_gmt":"2017-06-29T10:26:27","slug":"master-en-resolucion-de-conflictos-dto","status":"publish","type":"page","link":"https:\/\/divulgaciondinamica.info\/promos\/master-en-resolucion-de-conflictos-dto\/","title":{"rendered":"M\u00e1ster en Resoluci\u00f3n de Conflictos DTO"},"content":{"rendered":"<p>[vc_row css=\u00bb.vc_custom_1427804811471{margin-top: 25px !important;margin-bottom: 25px !important;}\u00bb][vc_column width=\u00bb2\/3&#8243;][vc_single_image image=\u00bb2726&#8243; img_size=\u00bb661&#215;82&#8243;][\/vc_column][vc_column width=\u00bb1\/3&#8243;][vc_column_text]<\/p>\n<h6 style=\"text-align: right;\"><i class=\"fa fa-whatsapp\"><\/i> 618 01 61 65<\/h6>\n<p style=\"text-align: right;\"><strong>soporte2@divulgaciondinamica.es<\/strong><\/p>\n<p>[\/vc_column_text][\/vc_column][\/vc_row][vc_row][vc_column][vc_column_text]<img loading=\"lazy\" class=\"alignleft wp-image-4482 size-full\" src=\"http:\/\/divulgaciondinamica.info\/promos\/wp-content\/uploads\/2016\/12\/M\u00e1ster-Resoluci\u00f3n-de-Conflictos-DESCUENTO_01.jpg\" alt=\"\" width=\"643\" height=\"434\" srcset=\"https:\/\/divulgaciondinamica.info\/promos\/wp-content\/uploads\/2016\/12\/M\u00e1ster-Resoluci\u00f3n-de-Conflictos-DESCUENTO_01.jpg 643w, https:\/\/divulgaciondinamica.info\/promos\/wp-content\/uploads\/2016\/12\/M\u00e1ster-Resoluci\u00f3n-de-Conflictos-DESCUENTO_01-300x202.jpg 300w\" sizes=\"(max-width: 643px) 100vw, 643px\" \/><a href=\"http:\/\/divulgaciondinamica.es\/secretaria\/alumnos\/form\/705\/\" target=\"_blank\"><img loading=\"lazy\" class=\"alignleft wp-image-4640 size-full\" src=\"http:\/\/divulgaciondinamica.info\/promos\/wp-content\/uploads\/2016\/12\/M\u00e1ster-Resoluci\u00f3n-de-Conflictos-DESCUENTO_02-1.png\" alt=\"\" width=\"417\" height=\"434\" srcset=\"https:\/\/divulgaciondinamica.info\/promos\/wp-content\/uploads\/2016\/12\/M\u00e1ster-Resoluci\u00f3n-de-Conflictos-DESCUENTO_02-1.png 417w, https:\/\/divulgaciondinamica.info\/promos\/wp-content\/uploads\/2016\/12\/M\u00e1ster-Resoluci\u00f3n-de-Conflictos-DESCUENTO_02-1-288x300.png 288w\" sizes=\"(max-width: 417px) 100vw, 417px\" \/><\/a>[\/vc_column_text][\/vc_column][\/vc_row][vc_row css=\u00bb.vc_custom_1427804437681{margin-top: 35px !important;margin-bottom: 35px !important;}\u00bb][vc_column width=\u00bb1\/4&#8243;][vc_single_image image=\u00bb3258&#8243; img_size=\u00bb250&#215;195&#8243; alignment=\u00bbcenter\u00bb][\/vc_column][vc_column width=\u00bb1\/4&#8243;][vc_single_image image=\u00bb3257&#8243; img_size=\u00bb250&#215;195&#8243; alignment=\u00bbcenter\u00bb][\/vc_column][vc_column width=\u00bb1\/4&#8243;][vc_single_image image=\u00bb3256&#8243; img_size=\u00bb250&#215;195&#8243; alignment=\u00bbcenter\u00bb][\/vc_column][vc_column width=\u00bb1\/4&#8243;][vc_single_image image=\u00bb4484&#8243; img_size=\u00bb250&#215;195&#8243; alignment=\u00bbcenter\u00bb][\/vc_column][\/vc_row][vc_row][vc_column][\/vc_column][\/vc_row][vc_row css=\u00bb.vc_custom_1427805189823{margin-top: 35px !important;margin-bottom: 35px !important;}\u00bb][vc_column width=\u00bb1\/2&#8243;][vc_column_text css=\u00bb.vc_custom_1467712076333{margin-bottom: 30px !important;}\u00bb]<\/p>\n<div id=\"stcpDiv\">\n<h3 style=\"text-align: left;\" align=\"justify\">Presentaci\u00f3n del M\u00e1ster:<\/h3>\n<p>&nbsp;<\/p>\n<p>La mediaci\u00f3n es una disciplina que poco a poco se va abriendo camino en nuestras sociedades.<\/p>\n<p>Las sociedades democr\u00e1ticas han conseguido en estos \u00faltimos a\u00f1os un conjunto de libertades que permiten a sus ciudadanos disfrutar de nuevos \u00e1mbitos de bienestar, pero que, a su vez, generan nuevos desajustes entre las personas que dan lugar a multitud de conflictos.<\/p>\n<p>Esta din\u00e1mica social produce que la mediaci\u00f3n y sus profesionales sean expertos muy solicitados en nuestros d\u00edas y que act\u00faen en \u00e1mbitos tan distintos como la empresa, la familia, el barrio, la escuela,\u2026<\/p>\n<p>Divulgaci\u00f3n Din\u00e1mica ha generado este campus de conocimientos como pionera de la formaci\u00f3n de mediadores a trav\u00e9s de las nuevas tecnolog\u00edas.<\/p>\n<p><img loading=\"lazy\" class=\"alignleft size-full wp-image-53\" src=\"http:\/\/divulgaciondinamica.info\/promos\/wp-content\/uploads\/2015\/03\/diploma-digital1.png\" alt=\"diploma-digital\" width=\"479\" height=\"322\" srcset=\"https:\/\/divulgaciondinamica.info\/promos\/wp-content\/uploads\/2015\/03\/diploma-digital1.png 479w, https:\/\/divulgaciondinamica.info\/promos\/wp-content\/uploads\/2015\/03\/diploma-digital1-300x202.png 300w\" sizes=\"(max-width: 479px) 100vw, 479px\" \/><\/p>\n<p style=\"text-align: left;\" align=\"justify\">\n<\/div>\n<p>[\/vc_column_text][\/vc_column][vc_column width=\u00bb1\/2&#8243;][vc_column_text]<\/p>\n<div id=\"stcpDiv\">\n<div id=\"stcpDiv\">\n<p><strong>1. RESOLUCI\u00d3N DE CONFLICTOS<\/strong><\/p>\n<p>1.1 Reuniendo los materiales para entender el conflicto<br \/>\n1.2 Analizando el conflicto.Visi\u00f3n hol\u00edstica y espec\u00edfica<br \/>\n1.3 Los m\u00e9todos alternativos de resoluci\u00f3n de disputas<br \/>\n1.4 La mediaci\u00f3n<\/p>\n<p><strong>2. PREVENCI\u00d3N DE CONFLICTOS<\/strong><\/p>\n<p>2.1 Concepto y tipolog\u00eda del conflicto<br \/>\n2.2 Estrategia de la prevenci\u00f3n de conflictos<\/p>\n<p><strong>3. MEDIACI\u00d3N COMUNITARIA<\/strong><\/p>\n<p>3.1 Mediaci\u00f3n social y comunitaria<br \/>\n3.2 Mediaci\u00f3n comunitaria como metodolog\u00eda<br \/>\n3.3 An\u00e1lisis de la realidad comunitaria<br \/>\n3.4 Desarrollo y culminaci\u00f3n del proceso de mediaci\u00f3n comunitaria<br \/>\n3.5 \u00c1mbitos de aplicaci\u00f3n<br \/>\n3.6 Evaluaci\u00f3n de los procesos de mediaci\u00f3n comunitaria<\/p>\n<p><strong>4. MEDIACI\u00d3N EN CONTEXTOS FAMILIARES<\/strong><\/p>\n<p>4.1 Antecedentes de la mediaci\u00f3n familiar<br \/>\n4.2 Concepto de Mediaci\u00f3n Familiar<br \/>\n4.3 Modelos de intervenci\u00f3n en mediaci\u00f3n<br \/>\n4.4 El rol del mediador<br \/>\n4.5 Fases de la Mediaci\u00f3n<br \/>\n4.6 Marco Legal. Programa de mediaci\u00f3n para la separaci\u00f3n y el divorcio<br \/>\n4.7 La pareja y la mediaci\u00f3n<\/p>\n<p><strong>5. LA MEDIACI\u00d3N COMO HERRAMIENTA DE TRABAJO EN CONFLICTOS JUVENILES<\/strong><\/p>\n<p>5.1 Conflictos juveniles y mediaci\u00f3n<br \/>\n5.2 mediaci\u00f3n escolar<br \/>\n5.3 Mediaci\u00f3n familiar con adolescentes<br \/>\n5.4 Menores infractores: mediaci\u00f3n penal juvenil<\/p>\n<p><strong>6. MEDIACI\u00d3N INTERCULTURAL<\/strong><\/p>\n<p>6.1 Introducci\u00f3n. Mediaci\u00f3n intercultural<br \/>\n6.2 Perfil del mediador intercultural<br \/>\n6.3 \u00c1mbito de la mediaci\u00f3n intercultural<\/p>\n<p><strong>7. EVALUACI\u00d3N EN EL PROCESO DE LA MEDIACI\u00d3N<\/strong><\/p>\n<p>7.1 La evaluaci\u00f3n como estrategia para optimizar los procesos y programas de mediaci\u00f3n<br \/>\n7.2 Concepto, fines y funciones<br \/>\n7.3 Perspectivas y enfoques a la hora de evaluar<br \/>\n7.4 Planificaci\u00f3n y desarrollo de la evaluaci\u00f3n<br \/>\n7.5 El informe de evaluaci\u00f3n<br \/>\n7.6 Caracter\u00edsticas, audiencias y estructura<br \/>\n7.7 Evaluaci\u00f3n de la evaluaci\u00f3n. Mejora de los procesos evaluativos<\/p>\n<\/div>\n<\/div>\n<p>[\/vc_column_text][\/vc_column][\/vc_row][vc_row css=\u00bb.vc_custom_1427806970509{margin-top: 35px !important;margin-bottom: 35px !important;}\u00bb][vc_column][vc_btn title=\u00bbSOLICITUD DE INFORMACI\u00d3N\u00bb style=\u00bbflat\u00bb color=\u00bbprimary\u00bb align=\u00bbcenter\u00bb link=\u00bburl:http%3A%2F%2Fdivulgaciondinamica.es%2Fsecretaria%2Falumnos%2Fform%2F705%2F||target:%20_blank\u00bb][\/vc_column][\/vc_row]<\/p>\n","protected":false},"excerpt":{"rendered":"<p>[vc_row css=\u00bb.vc_custom_1427804811471{margin-top: 25px !important;margin-bottom: 25px !important;}\u00bb][vc_column width=\u00bb2\/3&#8243;][vc_single_image image=\u00bb2726&#8243; img_size=\u00bb661&#215;82&#8243;][\/vc_column][vc_column width=\u00bb1\/3&#8243;][vc_column_text] 618 01 61 65 soporte2@divulgaciondinamica.es [\/vc_column_text][\/vc_column][\/vc_row][vc_row][vc_column][vc_column_text][\/vc_column_text][\/vc_column][\/vc_row][vc_row css=\u00bb.vc_custom_1427804437681{margin-top: 35px !important;margin-bottom: 35px !important;}\u00bb][vc_column width=\u00bb1\/4&#8243;][vc_single_image image=\u00bb3258&#8243; img_size=\u00bb250&#215;195&#8243; alignment=\u00bbcenter\u00bb][\/vc_column][vc_column width=\u00bb1\/4&#8243;][vc_single_image image=\u00bb3257&#8243; img_size=\u00bb250&#215;195&#8243; alignment=\u00bbcenter\u00bb][\/vc_column][vc_column width=\u00bb1\/4&#8243;][vc_single_image image=\u00bb3256&#8243; img_size=\u00bb250&#215;195&#8243; alignment=\u00bbcenter\u00bb][\/vc_column][vc_column width=\u00bb1\/4&#8243;][vc_single_image image=\u00bb4484&#8243; img_size=\u00bb250&#215;195&#8243; alignment=\u00bbcenter\u00bb][\/vc_column][\/vc_row][vc_row][vc_column][\/vc_column][\/vc_row][vc_row css=\u00bb.vc_custom_1427805189823{margin-top: 35px !important;margin-bottom:<\/p>\n","protected":false},"author":1,"featured_media":0,"parent":0,"menu_order":0,"comment_status":"closed","ping_status":"closed","template":"","meta":[],"yoast_head":"<!-- This site is optimized with the Yoast SEO plugin v15.7 - https:\/\/yoast.com\/wordpress\/plugins\/seo\/ -->\n<title>M\u00e1ster en Resoluci\u00f3n de Conflictos DTO - Divulgaci\u00f3n Din\u00e1mica<\/title>\n<meta name=\"robots\" content=\"index, follow, max-snippet:-1, max-image-preview:large, max-video-preview:-1\" \/>\n<link rel=\"canonical\" href=\"https:\/\/divulgaciondinamica.info\/promos\/master-en-resolucion-de-conflictos-dto\/\" \/>\n<meta property=\"og:locale\" content=\"es_ES\" \/>\n<meta property=\"og:type\" content=\"article\" \/>\n<meta property=\"og:title\" content=\"M\u00e1ster en Resoluci\u00f3n de Conflictos DTO - Divulgaci\u00f3n Din\u00e1mica\" \/>\n<meta property=\"og:description\" content=\"[vc_row css=\u00bb.vc_custom_1427804811471{margin-top: 25px !important;margin-bottom: 25px !important;}\u00bb][vc_column width=\u00bb2\/3&#8243;][vc_single_image image=\u00bb2726&#8243; img_size=\u00bb661&#215;82&#8243;][\/vc_column][vc_column width=\u00bb1\/3&#8243;][vc_column_text] 618 01 61 65 soporte2@divulgaciondinamica.es [\/vc_column_text][\/vc_column][\/vc_row][vc_row][vc_column][vc_column_text][\/vc_column_text][\/vc_column][\/vc_row][vc_row css=\u00bb.vc_custom_1427804437681{margin-top: 35px !important;margin-bottom: 35px !important;}\u00bb][vc_column width=\u00bb1\/4&#8243;][vc_single_image image=\u00bb3258&#8243; img_size=\u00bb250&#215;195&#8243; alignment=\u00bbcenter\u00bb][\/vc_column][vc_column width=\u00bb1\/4&#8243;][vc_single_image image=\u00bb3257&#8243; img_size=\u00bb250&#215;195&#8243; alignment=\u00bbcenter\u00bb][\/vc_column][vc_column width=\u00bb1\/4&#8243;][vc_single_image image=\u00bb3256&#8243; img_size=\u00bb250&#215;195&#8243; alignment=\u00bbcenter\u00bb][\/vc_column][vc_column width=\u00bb1\/4&#8243;][vc_single_image image=\u00bb4484&#8243; img_size=\u00bb250&#215;195&#8243; alignment=\u00bbcenter\u00bb][\/vc_column][\/vc_row][vc_row][vc_column][\/vc_column][\/vc_row][vc_row css=\u00bb.vc_custom_1427805189823{margin-top: 35px !important;margin-bottom:\" \/>\n<meta property=\"og:url\" content=\"https:\/\/divulgaciondinamica.info\/promos\/master-en-resolucion-de-conflictos-dto\/\" \/>\n<meta property=\"og:site_name\" content=\"Divulgaci\u00f3n Din\u00e1mica\" \/>\n<meta property=\"article:publisher\" content=\"https:\/\/www.facebook.com\/divulgaciondinamicaformacion\/\" \/>\n<meta property=\"article:modified_time\" content=\"2017-06-29T10:26:27+00:00\" \/>\n<meta property=\"og:image\" content=\"http:\/\/divulgaciondinamica.info\/promos\/wp-content\/uploads\/2016\/12\/M\u00e1ster-Resoluci\u00f3n-de-Conflictos-DESCUENTO_01.jpg\" \/>\n<meta name=\"twitter:card\" content=\"summary_large_image\" \/>\n<meta name=\"twitter:site\" content=\"@divulgaciond\" \/>\n<meta name=\"twitter:label1\" content=\"Tiempo de lectura\">\n\t<meta name=\"twitter:data1\" content=\"3 minutos\">\n<script type=\"application\/ld+json\" class=\"yoast-schema-graph\">{\"@context\":\"https:\/\/schema.org\",\"@graph\":[{\"@type\":\"Organization\",\"@id\":\"https:\/\/divulgaciondinamica.info\/promos\/#organization\",\"name\":\"Divulgaci\\u00f3n Din\\u00e1mica S.L.\",\"url\":\"https:\/\/divulgaciondinamica.info\/promos\/\",\"sameAs\":[\"https:\/\/www.facebook.com\/divulgaciondinamicaformacion\/\",\"https:\/\/www.instagram.com\/divulgaciondinamica\",\"https:\/\/www.linkedin.com\/company-beta\/9490428\/\",\"https:\/\/www.youtube.com\/user\/ddinamica2010\",\"https:\/\/twitter.com\/divulgaciond\"],\"logo\":{\"@type\":\"ImageObject\",\"@id\":\"https:\/\/divulgaciondinamica.info\/promos\/#logo\",\"inLanguage\":\"es\",\"url\":\"https:\/\/divulgaciondinamica.info\/promos\/wp-content\/uploads\/2016\/02\/logo-divulgaciondinamica-ddf.png\",\"width\":400,\"height\":79,\"caption\":\"Divulgaci\\u00f3n Din\\u00e1mica S.L.\"},\"image\":{\"@id\":\"https:\/\/divulgaciondinamica.info\/promos\/#logo\"}},{\"@type\":\"WebSite\",\"@id\":\"https:\/\/divulgaciondinamica.info\/promos\/#website\",\"url\":\"https:\/\/divulgaciondinamica.info\/promos\/\",\"name\":\"Divulgaci\\u00f3n Din\\u00e1mica\",\"description\":\"Formaci\\u00f3n de calidad al alcance de todos\",\"publisher\":{\"@id\":\"https:\/\/divulgaciondinamica.info\/promos\/#organization\"},\"potentialAction\":[{\"@type\":\"SearchAction\",\"target\":\"https:\/\/divulgaciondinamica.info\/promos\/?s={search_term_string}\",\"query-input\":\"required name=search_term_string\"}],\"inLanguage\":\"es\"},{\"@type\":\"ImageObject\",\"@id\":\"https:\/\/divulgaciondinamica.info\/promos\/master-en-resolucion-de-conflictos-dto\/#primaryimage\",\"inLanguage\":\"es\",\"url\":\"http:\/\/divulgaciondinamica.info\/promos\/wp-content\/uploads\/2016\/12\/M\\u00e1ster-Resoluci\\u00f3n-de-Conflictos-DESCUENTO_01.jpg\"},{\"@type\":\"WebPage\",\"@id\":\"https:\/\/divulgaciondinamica.info\/promos\/master-en-resolucion-de-conflictos-dto\/#webpage\",\"url\":\"https:\/\/divulgaciondinamica.info\/promos\/master-en-resolucion-de-conflictos-dto\/\",\"name\":\"M\\u00e1ster en Resoluci\\u00f3n de Conflictos DTO - Divulgaci\\u00f3n Din\\u00e1mica\",\"isPartOf\":{\"@id\":\"https:\/\/divulgaciondinamica.info\/promos\/#website\"},\"primaryImageOfPage\":{\"@id\":\"https:\/\/divulgaciondinamica.info\/promos\/master-en-resolucion-de-conflictos-dto\/#primaryimage\"},\"datePublished\":\"2016-12-14T11:48:04+00:00\",\"dateModified\":\"2017-06-29T10:26:27+00:00\",\"inLanguage\":\"es\",\"potentialAction\":[{\"@type\":\"ReadAction\",\"target\":[\"https:\/\/divulgaciondinamica.info\/promos\/master-en-resolucion-de-conflictos-dto\/\"]}]}]}<\/script>\n<!-- \/ Yoast SEO plugin. -->","_links":{"self":[{"href":"https:\/\/divulgaciondinamica.info\/promos\/wp-json\/wp\/v2\/pages\/4481"}],"collection":[{"href":"https:\/\/divulgaciondinamica.info\/promos\/wp-json\/wp\/v2\/pages"}],"about":[{"href":"https:\/\/divulgaciondinamica.info\/promos\/wp-json\/wp\/v2\/types\/page"}],"author":[{"embeddable":true,"href":"https:\/\/divulgaciondinamica.info\/promos\/wp-json\/wp\/v2\/users\/1"}],"replies":[{"embeddable":true,"href":"https:\/\/divulgaciondinamica.info\/promos\/wp-json\/wp\/v2\/comments?post=4481"}],"version-history":[{"count":4,"href":"https:\/\/divulgaciondinamica.info\/promos\/wp-json\/wp\/v2\/pages\/4481\/revisions"}],"predecessor-version":[{"id":8161,"href":"https:\/\/divulgaciondinamica.info\/promos\/wp-json\/wp\/v2\/pages\/4481\/revisions\/8161"}],"wp:attachment":[{"href":"https:\/\/divulgaciondinamica.info\/promos\/wp-json\/wp\/v2\/media?parent=4481"}],"curies":[{"name":"wp","href":"https:\/\/api.w.org\/{rel}","templated":true}]}}