{"id":4240,"date":"2016-11-18T11:13:01","date_gmt":"2016-11-18T11:13:01","guid":{"rendered":"http:\/\/divulgaciondinamica.info\/promos\/?page_id=4240"},"modified":"2017-04-04T11:20:45","modified_gmt":"2017-04-04T11:20:45","slug":"curso-de-educacion-emocional-aw","status":"publish","type":"page","link":"https:\/\/divulgaciondinamica.info\/promos\/curso-de-educacion-emocional-aw\/","title":{"rendered":"Curso de Educaci\u00f3n Emocional AW"},"content":{"rendered":"<p>[vc_row css=\u00bb.vc_custom_1480591433871{margin-top: 5px !important;margin-bottom: 25px !important;}\u00bb][vc_column][vc_single_image image=\u00bb4278&#8243; img_size=\u00bb600&#215;74&#8243; alignment=\u00bbcenter\u00bb][\/vc_column][\/vc_row][vc_row css=\u00bb.vc_custom_1480591401020{margin-bottom: 30px !important;}\u00bb][vc_column][vc_custom_heading text=\u00bbCurso de Educaci\u00f3n Emocional\u00bb font_container=\u00bbtag:h2|font_size:48|text_align:center|color:%230d569a|line_height:1&#8243; google_fonts=\u00bbfont_family:Lato%3A100%2C100italic%2C300%2C300italic%2Cregular%2Citalic%2C700%2C700italic%2C900%2C900italic|font_style:900%20bold%20regular%3A900%3Anormal\u00bb css=\u00bb.vc_custom_1480589550657{margin-top: 20px !important;margin-bottom: 20px !important;}\u00bb][vc_custom_heading text=\u00bbMejora tu ense\u00f1anza gestionando sus emociones\u00bb font_container=\u00bbtag:h2|font_size:31|text_align:center|color:%23679cce\u00bb google_fonts=\u00bbfont_family:Lato%3A100%2C100italic%2C300%2C300italic%2Cregular%2Citalic%2C700%2C700italic%2C900%2C900italic|font_style:900%20bold%20regular%3A900%3Anormal\u00bb css=\u00bb.vc_custom_1480588243866{margin-top: 20px !important;margin-bottom: 20px !important;}\u00bb][\/vc_column][\/vc_row][vc_row][vc_column][vc_column_text]<img loading=\"lazy\" class=\"alignleft wp-image-4364 size-full\" title=\"Educaci\u00f3n Emocional\" src=\"http:\/\/divulgaciondinamica.info\/promos\/wp-content\/uploads\/2016\/12\/curso-educacion-emocional.jpg\" alt=\"Curso de Educaci\u00f3n Emocional Online\" width=\"643\" height=\"518\" srcset=\"https:\/\/divulgaciondinamica.info\/promos\/wp-content\/uploads\/2016\/12\/curso-educacion-emocional.jpg 643w, https:\/\/divulgaciondinamica.info\/promos\/wp-content\/uploads\/2016\/12\/curso-educacion-emocional-300x242.jpg 300w\" sizes=\"(max-width: 643px) 100vw, 643px\" \/><a href=\"https:\/\/docs.google.com\/forms\/d\/e\/1FAIpQLSfrCIKoBZZVtqyCGeZj68Tj37uD3p_gqAyv3QnQJzmKXHpUTg\/viewform\" target=\"_blank\"><img loading=\"lazy\" class=\"alignleft wp-image-5213 size-full\" title=\"Solicita informaci\u00f3n del curso de Educaci\u00f3n Emocional\" src=\"http:\/\/divulgaciondinamica.info\/promos\/wp-content\/uploads\/2016\/11\/informacion-curso-educacion-emocional.png\" alt=\"Educaci\u00f3n Emocional\" width=\"417\" height=\"518\" srcset=\"https:\/\/divulgaciondinamica.info\/promos\/wp-content\/uploads\/2016\/11\/informacion-curso-educacion-emocional.png 417w, https:\/\/divulgaciondinamica.info\/promos\/wp-content\/uploads\/2016\/11\/informacion-curso-educacion-emocional-242x300.png 242w\" sizes=\"(max-width: 417px) 100vw, 417px\" \/><\/a>[\/vc_column_text][\/vc_column][\/vc_row][vc_row][vc_column][vc_custom_heading text=\u00bbCon este Curso podr\u00e1s:\u00bb font_container=\u00bbtag:h2|font_size:34|text_align:center|color:%230d569a\u00bb google_fonts=\u00bbfont_family:Lato%3A100%2C100italic%2C300%2C300italic%2Cregular%2Citalic%2C700%2C700italic%2C900%2C900italic|font_style:900%20bold%20regular%3A900%3Anormal\u00bb css=\u00bb.vc_custom_1480588331912{margin-top: 20px !important;margin-bottom: 20px !important;}\u00bb][\/vc_column][\/vc_row][vc_row][vc_column width=\u00bb1\/3&#8243;][vc_single_image image=\u00bb4344&#8243; img_size=\u00bbfull\u00bb alignment=\u00bbcenter\u00bb][vc_custom_heading text=\u00bbAumentar tu inteligencia<br \/>\nemocional.\u00bb font_container=\u00bbtag:h2|font_size:20|text_align:center|color:%230d569a|line_height:1.2&#8243; google_fonts=\u00bbfont_family:Lato%3A100%2C100italic%2C300%2C300italic%2Cregular%2Citalic%2C700%2C700italic%2C900%2C900italic|font_style:900%20bold%20regular%3A900%3Anormal\u00bb css=\u00bb.vc_custom_1480592855478{margin-top: 20px !important;margin-bottom: 20px !important;}\u00bb][vc_column_text]<\/p>\n<p style=\"text-align: center;\">Desarrolla tus habilidades emocionales a trav\u00e9s del Autoconocimiento, Regulaci\u00f3n, Autonom\u00eda y Bienestar personal para poder regular tus emociones y las de los dem\u00e1s.<\/p>\n<p>[\/vc_column_text][\/vc_column][vc_column width=\u00bb1\/3&#8243;][vc_single_image image=\u00bb4345&#8243; img_size=\u00bbfull\u00bb alignment=\u00bbcenter\u00bb][vc_custom_heading text=\u00bbEvitar conflictos emocionales<br \/>\nen el aula.\u00bb font_container=\u00bbtag:h2|font_size:20|text_align:center|color:%230d569a|line_height:1.2&#8243; google_fonts=\u00bbfont_family:Lato%3A100%2C100italic%2C300%2C300italic%2Cregular%2Citalic%2C700%2C700italic%2C900%2C900italic|font_style:900%20bold%20regular%3A900%3Anormal\u00bb css=\u00bb.vc_custom_1480592849364{margin-top: 20px !important;margin-bottom: 20px !important;}\u00bb][vc_column_text]<\/p>\n<p style=\"text-align: center;\">Conoce las emociones y sus implicaciones para aplicar las t\u00e9cnicas adecuadas consiguiendo su correcta gesti\u00f3n.<\/p>\n<p>[\/vc_column_text][\/vc_column][vc_column width=\u00bb1\/3&#8243;][vc_single_image image=\u00bb4346&#8243; img_size=\u00bbfull\u00bb alignment=\u00bbcenter\u00bb][vc_custom_heading text=\u00bbIntervenir educativamente con<br \/>\nun enfoque emocional. \u00bb font_container=\u00bbtag:h2|font_size:20|text_align:center|color:%230d569a|line_height:1.2&#8243; google_fonts=\u00bbfont_family:Lato%3A100%2C100italic%2C300%2C300italic%2Cregular%2Citalic%2C700%2C700italic%2C900%2C900italic|font_style:900%20bold%20regular%3A900%3Anormal\u00bb css=\u00bb.vc_custom_1480593428727{margin-top: 20px !important;margin-bottom: 20px !important;}\u00bb][vc_column_text]<\/p>\n<p style=\"text-align: center;\">Aplica programas educativos basados en modelos te\u00f3ricos de educaci\u00f3n emocional, como el modelo de G\u00fcell y Mu\u00f1oz o Bisquerra, reconocidos profesionalmente.<\/p>\n<p>[\/vc_column_text][\/vc_column][\/vc_row][vc_row css=\u00bb.vc_custom_1480592908633{padding-top: 15px !important;padding-bottom: 15px !important;background-color: #f7f7f7 !important;}\u00bb][vc_column][vc_custom_heading text=\u00bbTemario:\u00bb font_container=\u00bbtag:h2|font_size:34|text_align:center|color:%230d569a\u00bb google_fonts=\u00bbfont_family:Lato%3A100%2C100italic%2C300%2C300italic%2Cregular%2Citalic%2C700%2C700italic%2C900%2C900italic|font_style:900%20bold%20regular%3A900%3Anormal\u00bb css=\u00bb.vc_custom_1480588654779{margin-top: 20px !important;margin-bottom: 20px !important;}\u00bb][\/vc_column][\/vc_row][vc_row css=\u00bb.vc_custom_1480588860993{margin-top: 30px !important;margin-bottom: 30px !important;}\u00bb][vc_column width=\u00bb1\/2&#8243;][vc_column_text]<strong>1. INTELIGENCIA EMOCIONAL<\/strong><\/p>\n<p>1.1 Conceptualizaci\u00f3n<br \/>\n1.2 Inteligencia emocional<br \/>\n1.3 Educaci\u00f3n emocional<\/p>\n<p><strong>2. LAS EMOCIONES. DESARROLLO Y SOCIALIZACI\u00d3N<\/strong><\/p>\n<p>2.1 Conceptualizaci\u00f3n de las emociones<br \/>\n2.2 Tipos de emociones<br \/>\n2.3 Descripci\u00f3n de algunas emociones<br \/>\n2.4 El desarrollo emocional a lo largo de la infancia y la adolescencia[\/vc_column_text][\/vc_column][vc_column width=\u00bb1\/2&#8243;][vc_column_text]<strong>3. INTERVENCI\u00d3N EDUCATIVA EN INTELIGENCIA EMOCIONAL I<\/strong><\/p>\n<p>3.1 Importancia y necesidad de la intervenci\u00f3n educativa en inteligencia emocional<br \/>\n3.2 M\u00e9todos de evaluaci\u00f3n de la Inteligencia Emocional<br \/>\n3.3 Intervenci\u00f3n en educaci\u00f3n emocional<br \/>\n3.4 Conciencia Emocional<br \/>\n3.5 Regulaci\u00f3n emocional<\/p>\n<p><strong>4. INTERVENCI\u00d3N EDUCATIVA EN INTELIGENCIA EMOCIONAL II<\/strong><\/p>\n<p>4.1 Autonom\u00eda emocional<br \/>\n4.2 Competencia social<br \/>\n4.3 Competencias para la vida y el bienestar[\/vc_column_text][\/vc_column][\/vc_row][vc_row][vc_column][vc_separator border_width=\u00bb3&#8243;][\/vc_column][\/vc_row][vc_row css=\u00bb.vc_custom_1480588998164{margin-top: 20px !important;margin-bottom: 20px !important;}\u00bb][vc_column width=\u00bb1\/2&#8243;][vc_single_image image=\u00bb4357&#8243; img_size=\u00bbfull\u00bb alignment=\u00bbcenter\u00bb][\/vc_column][vc_column width=\u00bb1\/2&#8243;][vc_single_image image=\u00bb4358&#8243; img_size=\u00bbfull\u00bb alignment=\u00bbcenter\u00bb][\/vc_column][\/vc_row][vc_row][vc_column][vc_separator border_width=\u00bb3&#8243;][\/vc_column][\/vc_row][vc_row css=\u00bb.vc_custom_1480592999125{margin-top: 80px !important;margin-bottom: 80px !important;}\u00bb][vc_column][vc_single_image image=\u00bb4354&#8243; img_size=\u00bbfull\u00bb alignment=\u00bbcenter\u00bb onclick=\u00bbcustom_link\u00bb img_link_target=\u00bb_blank\u00bb link=\u00bbhttps:\/\/docs.google.com\/forms\/d\/e\/1FAIpQLSfrCIKoBZZVtqyCGeZj68Tj37uD3p_gqAyv3QnQJzmKXHpUTg\/viewform\u00bb][\/vc_column][\/vc_row]<\/p>\n","protected":false},"excerpt":{"rendered":"<p>[vc_row css=\u00bb.vc_custom_1480591433871{margin-top: 5px !important;margin-bottom: 25px !important;}\u00bb][vc_column][vc_single_image image=\u00bb4278&#8243; img_size=\u00bb600&#215;74&#8243; alignment=\u00bbcenter\u00bb][\/vc_column][\/vc_row][vc_row css=\u00bb.vc_custom_1480591401020{margin-bottom: 30px !important;}\u00bb][vc_column][vc_custom_heading text=\u00bbCurso de Educaci\u00f3n Emocional\u00bb font_container=\u00bbtag:h2|font_size:48|text_align:center|color:%230d569a|line_height:1&#8243; google_fonts=\u00bbfont_family:Lato%3A100%2C100italic%2C300%2C300italic%2Cregular%2Citalic%2C700%2C700italic%2C900%2C900italic|font_style:900%20bold%20regular%3A900%3Anormal\u00bb css=\u00bb.vc_custom_1480589550657{margin-top: 20px !important;margin-bottom: 20px !important;}\u00bb][vc_custom_heading text=\u00bbMejora tu ense\u00f1anza gestionando sus emociones\u00bb font_container=\u00bbtag:h2|font_size:31|text_align:center|color:%23679cce\u00bb google_fonts=\u00bbfont_family:Lato%3A100%2C100italic%2C300%2C300italic%2Cregular%2Citalic%2C700%2C700italic%2C900%2C900italic|font_style:900%20bold%20regular%3A900%3Anormal\u00bb css=\u00bb.vc_custom_1480588243866{margin-top: 20px !important;margin-bottom: 20px !important;}\u00bb][\/vc_column][\/vc_row][vc_row][vc_column][vc_column_text][\/vc_column_text][\/vc_column][\/vc_row][vc_row][vc_column][vc_custom_heading text=\u00bbCon este Curso podr\u00e1s:\u00bb<\/p>\n","protected":false},"author":1,"featured_media":0,"parent":0,"menu_order":0,"comment_status":"closed","ping_status":"closed","template":"","meta":[],"yoast_head":"<!-- This site is optimized with the Yoast SEO plugin v15.7 - https:\/\/yoast.com\/wordpress\/plugins\/seo\/ -->\n<title>Curso de Educaci\u00f3n Emocional - Divulgaci\u00f3n Din\u00e1mica<\/title>\n<meta name=\"description\" content=\"Curso de Educaci\u00f3n Emocional Online. Apostamos por una formaci\u00f3n de calidad al alcance de todos. Paga solo las tasas. \u00a1Inf\u00f3rmate!.\" \/>\n<meta name=\"robots\" content=\"index, follow, max-snippet:-1, max-image-preview:large, max-video-preview:-1\" \/>\n<link rel=\"canonical\" href=\"http:\/\/divulgaciondinamica.info\/promos\/curso-de-educacion-emocional-ab\/\" \/>\n<meta property=\"og:locale\" content=\"es_ES\" \/>\n<meta property=\"og:type\" content=\"article\" \/>\n<meta property=\"og:title\" content=\"Curso de Educaci\u00f3n Emocional - Divulgaci\u00f3n Din\u00e1mica\" \/>\n<meta property=\"og:description\" content=\"Curso de Educaci\u00f3n Emocional Online. Apostamos por una formaci\u00f3n de calidad al alcance de todos. Paga solo las tasas. \u00a1Inf\u00f3rmate!.\" \/>\n<meta property=\"og:url\" content=\"http:\/\/divulgaciondinamica.info\/promos\/curso-de-educacion-emocional-ab\/\" \/>\n<meta property=\"og:site_name\" content=\"Divulgaci\u00f3n Din\u00e1mica\" \/>\n<meta property=\"article:publisher\" content=\"https:\/\/www.facebook.com\/divulgaciondinamicaformacion\/\" \/>\n<meta property=\"article:modified_time\" content=\"2017-04-04T11:20:45+00:00\" \/>\n<meta property=\"og:image\" content=\"http:\/\/divulgaciondinamica.info\/promos\/wp-content\/uploads\/2016\/12\/curso-educacion-emocional.jpg\" \/>\n<meta name=\"twitter:card\" content=\"summary_large_image\" \/>\n<meta name=\"twitter:site\" content=\"@divulgaciond\" \/>\n<meta name=\"twitter:label1\" content=\"Tiempo de lectura\">\n\t<meta name=\"twitter:data1\" content=\"4 minutos\">\n<script type=\"application\/ld+json\" class=\"yoast-schema-graph\">{\"@context\":\"https:\/\/schema.org\",\"@graph\":[{\"@type\":\"Organization\",\"@id\":\"https:\/\/divulgaciondinamica.info\/promos\/#organization\",\"name\":\"Divulgaci\\u00f3n Din\\u00e1mica S.L.\",\"url\":\"https:\/\/divulgaciondinamica.info\/promos\/\",\"sameAs\":[\"https:\/\/www.facebook.com\/divulgaciondinamicaformacion\/\",\"https:\/\/www.instagram.com\/divulgaciondinamica\",\"https:\/\/www.linkedin.com\/company-beta\/9490428\/\",\"https:\/\/www.youtube.com\/user\/ddinamica2010\",\"https:\/\/twitter.com\/divulgaciond\"],\"logo\":{\"@type\":\"ImageObject\",\"@id\":\"https:\/\/divulgaciondinamica.info\/promos\/#logo\",\"inLanguage\":\"es\",\"url\":\"https:\/\/divulgaciondinamica.info\/promos\/wp-content\/uploads\/2016\/02\/logo-divulgaciondinamica-ddf.png\",\"width\":400,\"height\":79,\"caption\":\"Divulgaci\\u00f3n Din\\u00e1mica S.L.\"},\"image\":{\"@id\":\"https:\/\/divulgaciondinamica.info\/promos\/#logo\"}},{\"@type\":\"WebSite\",\"@id\":\"https:\/\/divulgaciondinamica.info\/promos\/#website\",\"url\":\"https:\/\/divulgaciondinamica.info\/promos\/\",\"name\":\"Divulgaci\\u00f3n Din\\u00e1mica\",\"description\":\"Formaci\\u00f3n de calidad al alcance de todos\",\"publisher\":{\"@id\":\"https:\/\/divulgaciondinamica.info\/promos\/#organization\"},\"potentialAction\":[{\"@type\":\"SearchAction\",\"target\":\"https:\/\/divulgaciondinamica.info\/promos\/?s={search_term_string}\",\"query-input\":\"required name=search_term_string\"}],\"inLanguage\":\"es\"},{\"@type\":\"ImageObject\",\"@id\":\"http:\/\/divulgaciondinamica.info\/promos\/curso-de-educacion-emocional-ab\/#primaryimage\",\"inLanguage\":\"es\",\"url\":\"http:\/\/divulgaciondinamica.info\/promos\/wp-content\/uploads\/2016\/12\/curso-educacion-emocional.jpg\"},{\"@type\":\"WebPage\",\"@id\":\"http:\/\/divulgaciondinamica.info\/promos\/curso-de-educacion-emocional-ab\/#webpage\",\"url\":\"http:\/\/divulgaciondinamica.info\/promos\/curso-de-educacion-emocional-ab\/\",\"name\":\"Curso de Educaci\\u00f3n Emocional - Divulgaci\\u00f3n Din\\u00e1mica\",\"isPartOf\":{\"@id\":\"https:\/\/divulgaciondinamica.info\/promos\/#website\"},\"primaryImageOfPage\":{\"@id\":\"http:\/\/divulgaciondinamica.info\/promos\/curso-de-educacion-emocional-ab\/#primaryimage\"},\"datePublished\":\"2016-11-18T11:13:01+00:00\",\"dateModified\":\"2017-04-04T11:20:45+00:00\",\"description\":\"Curso de Educaci\\u00f3n Emocional Online. Apostamos por una formaci\\u00f3n de calidad al alcance de todos. Paga solo las tasas. \\u00a1Inf\\u00f3rmate!.\",\"inLanguage\":\"es\",\"potentialAction\":[{\"@type\":\"ReadAction\",\"target\":[\"http:\/\/divulgaciondinamica.info\/promos\/curso-de-educacion-emocional-ab\/\"]}]}]}<\/script>\n<!-- \/ Yoast SEO plugin. -->","_links":{"self":[{"href":"https:\/\/divulgaciondinamica.info\/promos\/wp-json\/wp\/v2\/pages\/4240"}],"collection":[{"href":"https:\/\/divulgaciondinamica.info\/promos\/wp-json\/wp\/v2\/pages"}],"about":[{"href":"https:\/\/divulgaciondinamica.info\/promos\/wp-json\/wp\/v2\/types\/page"}],"author":[{"embeddable":true,"href":"https:\/\/divulgaciondinamica.info\/promos\/wp-json\/wp\/v2\/users\/1"}],"replies":[{"embeddable":true,"href":"https:\/\/divulgaciondinamica.info\/promos\/wp-json\/wp\/v2\/comments?post=4240"}],"version-history":[{"count":5,"href":"https:\/\/divulgaciondinamica.info\/promos\/wp-json\/wp\/v2\/pages\/4240\/revisions"}],"predecessor-version":[{"id":6225,"href":"https:\/\/divulgaciondinamica.info\/promos\/wp-json\/wp\/v2\/pages\/4240\/revisions\/6225"}],"wp:attachment":[{"href":"https:\/\/divulgaciondinamica.info\/promos\/wp-json\/wp\/v2\/media?parent=4240"}],"curies":[{"name":"wp","href":"https:\/\/api.w.org\/{rel}","templated":true}]}}