{"id":4156,"date":"2016-11-14T11:20:16","date_gmt":"2016-11-14T11:20:16","guid":{"rendered":"http:\/\/divulgaciondinamica.info\/promos\/?page_id=4156"},"modified":"2017-02-01T10:07:01","modified_gmt":"2017-02-01T10:07:01","slug":"corso-di-animatore-infantile-per-tempo-libero","status":"publish","type":"page","link":"https:\/\/divulgaciondinamica.info\/promos\/corso-di-animatore-infantile-per-tempo-libero\/","title":{"rendered":"Corso di Animatore Infantile per Tempo Libero"},"content":{"rendered":"<p>[vc_row css=\u00bb.vc_custom_1427804811471{margin-top: 25px !important;margin-bottom: 25px !important;}\u00bb][vc_column width=\u00bb2\/3&#8243;][vc_single_image image=\u00bb1257&#8243; img_size=\u00bb661&#215;82&#8243;][\/vc_column][vc_column width=\u00bb1\/3&#8243;][vc_column_text]<\/p>\n<h6 style=\"text-align: right;\"><i class=\"fa fa-whatsapp\"><\/i> 0034 606 21 20 26<\/h6>\n<p style=\"text-align: right;\"><strong>informazione1@divulgazionedinamica.it<\/strong><\/p>\n<p>[\/vc_column_text][\/vc_column][\/vc_row][vc_row][vc_column][vc_column_text]<img loading=\"lazy\" class=\"alignleft wp-image-4157 size-full\" src=\"http:\/\/divulgaciondinamica.info\/promos\/wp-content\/uploads\/2016\/11\/imagen-corso-animatore-infantile-per-tempo-libero.jpg\" alt=\"\" width=\"643\" height=\"434\" srcset=\"https:\/\/divulgaciondinamica.info\/promos\/wp-content\/uploads\/2016\/11\/imagen-corso-animatore-infantile-per-tempo-libero.jpg 643w, https:\/\/divulgaciondinamica.info\/promos\/wp-content\/uploads\/2016\/11\/imagen-corso-animatore-infantile-per-tempo-libero-300x202.jpg 300w\" sizes=\"(max-width: 643px) 100vw, 643px\" \/><a href=\"http:\/\/www.divulgazionedinamica.it\/segreteria\/alumnos\/form\/58\/\" target=\"_blank\"><img loading=\"lazy\" class=\"alignleft wp-image-4160 size-full\" src=\"http:\/\/divulgaciondinamica.info\/promos\/wp-content\/uploads\/2016\/11\/PROMO-Animatore-Infantile-per-Tempo-Libero_02.png\" alt=\"\" width=\"417\" height=\"434\" srcset=\"https:\/\/divulgaciondinamica.info\/promos\/wp-content\/uploads\/2016\/11\/PROMO-Animatore-Infantile-per-Tempo-Libero_02.png 417w, https:\/\/divulgaciondinamica.info\/promos\/wp-content\/uploads\/2016\/11\/PROMO-Animatore-Infantile-per-Tempo-Libero_02-288x300.png 288w\" sizes=\"(max-width: 417px) 100vw, 417px\" \/><\/a>[\/vc_column_text][\/vc_column][\/vc_row][vc_row css=\u00bb.vc_custom_1427804437681{margin-top: 35px !important;margin-bottom: 35px !important;}\u00bb][vc_column width=\u00bb1\/4&#8243;][vc_single_image image=\u00bb1008&#8243; img_size=\u00bb250&#215;195&#8243; alignment=\u00bbcenter\u00bb][\/vc_column][vc_column width=\u00bb1\/4&#8243;][vc_single_image image=\u00bb1009&#8243; img_size=\u00bb250&#215;195&#8243; alignment=\u00bbcenter\u00bb][\/vc_column][vc_column width=\u00bb1\/4&#8243;][vc_single_image image=\u00bb1010&#8243; img_size=\u00bb250&#215;195&#8243; alignment=\u00bbcenter\u00bb][\/vc_column][vc_column width=\u00bb1\/4&#8243;][vc_single_image image=\u00bb4161&#8243; img_size=\u00bb250&#215;195&#8243; alignment=\u00bbcenter\u00bb][\/vc_column][\/vc_row][vc_row][vc_column][vc_column_text]<br \/>\n[\/vc_column_text][\/vc_column][\/vc_row][vc_row css=\u00bb.vc_custom_1427805189823{margin-top: 35px !important;margin-bottom: 35px !important;}\u00bb][vc_column width=\u00bb1\/2&#8243;][vc_column_text css=\u00bb.vc_custom_1479122300812{margin-bottom: 30px !important;}\u00bb]<\/p>\n<div id=\"stcpDiv\">\n<h3 style=\"text-align: left;\" align=\"justify\">Presentazione del Corso:<\/h3>\n<p>&nbsp;<\/p>\n<p>La dinamizzazione delle attivit\u00e0 d\u2019ozio e tempo libero per i minori \u00e8 un\u2019 importante tassello dell\u2019industria dell\u2019ozio educativo e, nell\u2019attualit\u00e0, esistono sempre pi\u00f9 spazi ed istituzioni in cui i professionisti di laboratori hanno grandi possibilit\u00e0 di svilupparsi professionalmente.<\/p>\n<p>In genere quando parliamo di laboratori intendiamo una situazione in cui un gruppo di partecipanti condivide il tempo, realizzando diverse attivit\u00e0 ludiche e ricreative sotto la sorveglianza o l\u2019incoraggiamento di animatori. Sono attivit\u00e0 prevalentemente fisico-sportive, attivit\u00e0 di dominio e perfezionamento di tecniche diverse (ceramica, fotografia, artigianato, ecc.), attivit\u00e0 di carattere culturale e artistico (rappresentazioni drammatiche, visite ai musei, letture di gruppo, creazione musicale, ecc.).<\/p>\n<p>Questo corso offre una formazione basica per tutte quelle persone interessate al lavoro di dinamicizzazione dei laboratori e delle attivit\u00e0 di ozio e tempo libero con lo scopo di offrire a bambini e giovani non solo un lasso di tempo divertente e piacevole, ma un\u2019educazione che si integri con quella che ricevono nelle istituzioni formali.<\/p>\n<p><a href=\"http:\/\/divulgaciondinamica.info\/promos\/wp-content\/uploads\/2015\/10\/Mensaje-Diploma-en-Italiano.png\"><img loading=\"lazy\" class=\"aligncenter wp-image-978 size-full\" src=\"http:\/\/divulgaciondinamica.info\/promos\/wp-content\/uploads\/2015\/10\/Mensaje-Diploma-en-Italiano.png\" alt=\"\" width=\"479\" height=\"322\" srcset=\"https:\/\/divulgaciondinamica.info\/promos\/wp-content\/uploads\/2015\/10\/Mensaje-Diploma-en-Italiano.png 479w, https:\/\/divulgaciondinamica.info\/promos\/wp-content\/uploads\/2015\/10\/Mensaje-Diploma-en-Italiano-300x202.png 300w\" sizes=\"(max-width: 479px) 100vw, 479px\" \/><\/a><\/p>\n<p style=\"text-align: left;\" align=\"justify\">\n<\/div>\n<p>[\/vc_column_text][\/vc_column][vc_column width=\u00bb1\/2&#8243;][vc_column_text]<\/p>\n<div id=\"stcpDiv\">\n<h3 style=\"text-align: left;\" align=\"justify\">Temario del Corso:<\/h3>\n<\/div>\n<p>&nbsp;<\/p>\n<p><strong>1. ATTIVIT\u00c0 D\u2019EDUCAZIONE NEL TEMPO LIBERO INFANTILE E GIOVANILE<\/strong><\/p>\n<p>1.1 Fondamenti dell\u2019educazione nel tempo libero infantile e giovanile<br \/>\n1.2 Processi educativi e socializzatori nell\u2019infanzia e nella giovent\u00f9<br \/>\n1.3 Elaborazioni di progetti nelle attivit\u00e0 di intervento nel tempo libero infantile e giovanile<br \/>\n1.4 Profilo, funzioni e ambiti di azione dell\u2019assistente all\u2019infanzia del tempo libero<br \/>\n1.5 Proposta di attivit\u00e0 di tempo libero infantile e giovanile<br \/>\n1.6 Valutazione delle attivit\u00e0 di tempo libero<br \/>\n1.7 Strategie e metodi educativi per la salute<\/p>\n<p><strong>2. GESTIONE DEI GRUPPI<\/strong><\/p>\n<p>2.1 Sviluppo psicosociale infantile e giovanile nelle proposte delle attivit\u00e0 d\u2019animazione<br \/>\n2.2 Tecniche d\u2019intervento educativo in base alla diversit\u00e0 individuale e di gruppo<br \/>\n2.3 Tecniche di gruppo nello svolgimento di attivit\u00e0 di tempo libero infantile e giovanile<\/p>\n<p><strong>3. TECNICHE E RISORSE PER L\u2019ANIMAZIONE NELLE ATTIVIT\u00c0 DI TEMPO LIBERO<\/strong><\/p>\n<p>3.1 I centri d\u2019interesse o nuclei dell\u2019animazione per le tecniche e le risorse di ozio e tempo libero<br \/>\n3.2 Tecniche di animazione, espressione e creativit\u00e0<br \/>\n3.3 Tecniche pedagogiche del gioco<br \/>\n3.4 Tecniche di educazione ambientale<br \/>\n3.5 Prevenzione dei rischi nelle attivit\u00e0 di ozio e tempo libero, sicurezza e salute<\/p>\n<p><strong>4. GESTIONE E DINAMIZZAZIONE DEI CAMPEGGI<\/strong><\/p>\n<p>4.1 Campeggi: tipologie<br \/>\n4.2 Campeggi di ozio e tempo libero<br \/>\n4.3 L\u2019animatore nei campeggi<br \/>\n4.4 Organizzazione dei campeggi[\/vc_column_text][\/vc_column][\/vc_row][vc_row css=\u00bb.vc_custom_1427806970509{margin-top: 35px !important;margin-bottom: 35px !important;}\u00bb][vc_column][vc_column_text]<\/p>\n<p style=\"text-align: center;\"><a class=\"vc_btn vc_btn_orange vc_btn-orange vc_btn_lg vc_btn-lg vc_btn_rounded\" title=\"\" href=\"http:\/\/www.divulgazionedinamica.it\/segreteria\/alumnos\/form\/58\/\" target=\"_blank\">RICHIEDI PI\u00d9 INFORMAZIONI<\/a><\/p>\n<p>[\/vc_column_text][\/vc_column][\/vc_row]<\/p>\n","protected":false},"excerpt":{"rendered":"<p>[vc_row css=\u00bb.vc_custom_1427804811471{margin-top: 25px !important;margin-bottom: 25px !important;}\u00bb][vc_column width=\u00bb2\/3&#8243;][vc_single_image image=\u00bb1257&#8243; img_size=\u00bb661&#215;82&#8243;][\/vc_column][vc_column width=\u00bb1\/3&#8243;][vc_column_text] 0034 606 21 20 26 informazione1@divulgazionedinamica.it [\/vc_column_text][\/vc_column][\/vc_row][vc_row][vc_column][vc_column_text][\/vc_column_text][\/vc_column][\/vc_row][vc_row css=\u00bb.vc_custom_1427804437681{margin-top: 35px !important;margin-bottom: 35px !important;}\u00bb][vc_column width=\u00bb1\/4&#8243;][vc_single_image image=\u00bb1008&#8243; img_size=\u00bb250&#215;195&#8243; alignment=\u00bbcenter\u00bb][\/vc_column][vc_column width=\u00bb1\/4&#8243;][vc_single_image image=\u00bb1009&#8243; img_size=\u00bb250&#215;195&#8243; alignment=\u00bbcenter\u00bb][\/vc_column][vc_column width=\u00bb1\/4&#8243;][vc_single_image image=\u00bb1010&#8243; img_size=\u00bb250&#215;195&#8243; alignment=\u00bbcenter\u00bb][\/vc_column][vc_column width=\u00bb1\/4&#8243;][vc_single_image image=\u00bb4161&#8243; img_size=\u00bb250&#215;195&#8243; alignment=\u00bbcenter\u00bb][\/vc_column][\/vc_row][vc_row][vc_column][vc_column_text] [\/vc_column_text][\/vc_column][\/vc_row][vc_row css=\u00bb.vc_custom_1427805189823{margin-top:<\/p>\n","protected":false},"author":1,"featured_media":0,"parent":0,"menu_order":0,"comment_status":"closed","ping_status":"closed","template":"","meta":[],"yoast_head":"<!-- This site is optimized with the Yoast SEO plugin v15.7 - https:\/\/yoast.com\/wordpress\/plugins\/seo\/ -->\n<title>Corso di Animatore Infantile per Tempo Libero - Divulgaci\u00f3n Din\u00e1mica<\/title>\n<meta name=\"robots\" content=\"index, follow, max-snippet:-1, max-image-preview:large, max-video-preview:-1\" \/>\n<link rel=\"canonical\" href=\"https:\/\/divulgaciondinamica.info\/promos\/corso-di-animatore-infantile-per-tempo-libero\/\" \/>\n<meta property=\"og:locale\" content=\"es_ES\" \/>\n<meta property=\"og:type\" content=\"article\" \/>\n<meta property=\"og:title\" content=\"Corso di Animatore Infantile per Tempo Libero - Divulgaci\u00f3n Din\u00e1mica\" \/>\n<meta property=\"og:description\" content=\"[vc_row css=\u00bb.vc_custom_1427804811471{margin-top: 25px !important;margin-bottom: 25px !important;}\u00bb][vc_column width=\u00bb2\/3&#8243;][vc_single_image image=\u00bb1257&#8243; img_size=\u00bb661&#215;82&#8243;][\/vc_column][vc_column width=\u00bb1\/3&#8243;][vc_column_text] 0034 606 21 20 26 informazione1@divulgazionedinamica.it [\/vc_column_text][\/vc_column][\/vc_row][vc_row][vc_column][vc_column_text][\/vc_column_text][\/vc_column][\/vc_row][vc_row css=\u00bb.vc_custom_1427804437681{margin-top: 35px !important;margin-bottom: 35px !important;}\u00bb][vc_column width=\u00bb1\/4&#8243;][vc_single_image image=\u00bb1008&#8243; img_size=\u00bb250&#215;195&#8243; alignment=\u00bbcenter\u00bb][\/vc_column][vc_column width=\u00bb1\/4&#8243;][vc_single_image image=\u00bb1009&#8243; img_size=\u00bb250&#215;195&#8243; alignment=\u00bbcenter\u00bb][\/vc_column][vc_column width=\u00bb1\/4&#8243;][vc_single_image image=\u00bb1010&#8243; img_size=\u00bb250&#215;195&#8243; alignment=\u00bbcenter\u00bb][\/vc_column][vc_column width=\u00bb1\/4&#8243;][vc_single_image image=\u00bb4161&#8243; img_size=\u00bb250&#215;195&#8243; alignment=\u00bbcenter\u00bb][\/vc_column][\/vc_row][vc_row][vc_column][vc_column_text] [\/vc_column_text][\/vc_column][\/vc_row][vc_row css=\u00bb.vc_custom_1427805189823{margin-top:\" \/>\n<meta property=\"og:url\" content=\"https:\/\/divulgaciondinamica.info\/promos\/corso-di-animatore-infantile-per-tempo-libero\/\" \/>\n<meta property=\"og:site_name\" content=\"Divulgaci\u00f3n Din\u00e1mica\" \/>\n<meta property=\"article:publisher\" content=\"https:\/\/www.facebook.com\/divulgaciondinamicaformacion\/\" \/>\n<meta property=\"article:modified_time\" content=\"2017-02-01T10:07:01+00:00\" \/>\n<meta property=\"og:image\" content=\"http:\/\/divulgaciondinamica.info\/promos\/wp-content\/uploads\/2016\/11\/imagen-corso-animatore-infantile-per-tempo-libero.jpg\" \/>\n<meta name=\"twitter:card\" content=\"summary_large_image\" \/>\n<meta name=\"twitter:site\" content=\"@divulgaciond\" \/>\n<meta name=\"twitter:label1\" content=\"Tiempo de lectura\">\n\t<meta name=\"twitter:data1\" content=\"3 minutos\">\n<script type=\"application\/ld+json\" class=\"yoast-schema-graph\">{\"@context\":\"https:\/\/schema.org\",\"@graph\":[{\"@type\":\"Organization\",\"@id\":\"https:\/\/divulgaciondinamica.info\/promos\/#organization\",\"name\":\"Divulgaci\\u00f3n Din\\u00e1mica S.L.\",\"url\":\"https:\/\/divulgaciondinamica.info\/promos\/\",\"sameAs\":[\"https:\/\/www.facebook.com\/divulgaciondinamicaformacion\/\",\"https:\/\/www.instagram.com\/divulgaciondinamica\",\"https:\/\/www.linkedin.com\/company-beta\/9490428\/\",\"https:\/\/www.youtube.com\/user\/ddinamica2010\",\"https:\/\/twitter.com\/divulgaciond\"],\"logo\":{\"@type\":\"ImageObject\",\"@id\":\"https:\/\/divulgaciondinamica.info\/promos\/#logo\",\"inLanguage\":\"es\",\"url\":\"https:\/\/divulgaciondinamica.info\/promos\/wp-content\/uploads\/2016\/02\/logo-divulgaciondinamica-ddf.png\",\"width\":400,\"height\":79,\"caption\":\"Divulgaci\\u00f3n Din\\u00e1mica S.L.\"},\"image\":{\"@id\":\"https:\/\/divulgaciondinamica.info\/promos\/#logo\"}},{\"@type\":\"WebSite\",\"@id\":\"https:\/\/divulgaciondinamica.info\/promos\/#website\",\"url\":\"https:\/\/divulgaciondinamica.info\/promos\/\",\"name\":\"Divulgaci\\u00f3n Din\\u00e1mica\",\"description\":\"Formaci\\u00f3n de calidad al alcance de todos\",\"publisher\":{\"@id\":\"https:\/\/divulgaciondinamica.info\/promos\/#organization\"},\"potentialAction\":[{\"@type\":\"SearchAction\",\"target\":\"https:\/\/divulgaciondinamica.info\/promos\/?s={search_term_string}\",\"query-input\":\"required name=search_term_string\"}],\"inLanguage\":\"es\"},{\"@type\":\"ImageObject\",\"@id\":\"https:\/\/divulgaciondinamica.info\/promos\/corso-di-animatore-infantile-per-tempo-libero\/#primaryimage\",\"inLanguage\":\"es\",\"url\":\"http:\/\/divulgaciondinamica.info\/promos\/wp-content\/uploads\/2016\/11\/imagen-corso-animatore-infantile-per-tempo-libero.jpg\"},{\"@type\":\"WebPage\",\"@id\":\"https:\/\/divulgaciondinamica.info\/promos\/corso-di-animatore-infantile-per-tempo-libero\/#webpage\",\"url\":\"https:\/\/divulgaciondinamica.info\/promos\/corso-di-animatore-infantile-per-tempo-libero\/\",\"name\":\"Corso di Animatore Infantile per Tempo Libero - Divulgaci\\u00f3n Din\\u00e1mica\",\"isPartOf\":{\"@id\":\"https:\/\/divulgaciondinamica.info\/promos\/#website\"},\"primaryImageOfPage\":{\"@id\":\"https:\/\/divulgaciondinamica.info\/promos\/corso-di-animatore-infantile-per-tempo-libero\/#primaryimage\"},\"datePublished\":\"2016-11-14T11:20:16+00:00\",\"dateModified\":\"2017-02-01T10:07:01+00:00\",\"inLanguage\":\"es\",\"potentialAction\":[{\"@type\":\"ReadAction\",\"target\":[\"https:\/\/divulgaciondinamica.info\/promos\/corso-di-animatore-infantile-per-tempo-libero\/\"]}]}]}<\/script>\n<!-- \/ Yoast SEO plugin. -->","_links":{"self":[{"href":"https:\/\/divulgaciondinamica.info\/promos\/wp-json\/wp\/v2\/pages\/4156"}],"collection":[{"href":"https:\/\/divulgaciondinamica.info\/promos\/wp-json\/wp\/v2\/pages"}],"about":[{"href":"https:\/\/divulgaciondinamica.info\/promos\/wp-json\/wp\/v2\/types\/page"}],"author":[{"embeddable":true,"href":"https:\/\/divulgaciondinamica.info\/promos\/wp-json\/wp\/v2\/users\/1"}],"replies":[{"embeddable":true,"href":"https:\/\/divulgaciondinamica.info\/promos\/wp-json\/wp\/v2\/comments?post=4156"}],"version-history":[{"count":4,"href":"https:\/\/divulgaciondinamica.info\/promos\/wp-json\/wp\/v2\/pages\/4156\/revisions"}],"predecessor-version":[{"id":5082,"href":"https:\/\/divulgaciondinamica.info\/promos\/wp-json\/wp\/v2\/pages\/4156\/revisions\/5082"}],"wp:attachment":[{"href":"https:\/\/divulgaciondinamica.info\/promos\/wp-json\/wp\/v2\/media?parent=4156"}],"curies":[{"name":"wp","href":"https:\/\/api.w.org\/{rel}","templated":true}]}}