{"id":3939,"date":"2016-10-25T09:37:09","date_gmt":"2016-10-25T09:37:09","guid":{"rendered":"http:\/\/divulgaciondinamica.info\/promos\/?page_id=3939"},"modified":"2017-05-15T09:51:02","modified_gmt":"2017-05-15T09:51:02","slug":"curso-de-educador-en-colectivos-de-riesgo-de-exclusion-social-aw","status":"publish","type":"page","link":"https:\/\/divulgaciondinamica.info\/promos\/curso-de-educador-en-colectivos-de-riesgo-de-exclusion-social-aw\/","title":{"rendered":"Curso de Educador en Colectivos de Riesgo de Exclusi\u00f3n Social"},"content":{"rendered":"<p>[vc_row css=\u00bb.vc_custom_1427804811471{margin-top: 25px !important;margin-bottom: 25px !important;}\u00bb][vc_column width=\u00bb2\/3&#8243;][vc_single_image image=\u00bb1573&#8243; img_size=\u00bb661&#215;82&#8243;][\/vc_column][vc_column width=\u00bb1\/3&#8243;][vc_column_text]<\/p>\n<h6 style=\"text-align: right;\"><i class=\"fa fa-whatsapp\"><\/i> 618 20 04 80<\/h6>\n<p style=\"text-align: right;\"><strong>promotora6@divulgaciondinamica.es<\/strong><\/p>\n<p>[\/vc_column_text][\/vc_column][\/vc_row][vc_row css=\u00bb.vc_custom_1489484355483{margin-top: 25px !important;margin-bottom: 15px !important;}\u00bb][vc_column][vc_custom_heading text=\u00bbCurso Online<br \/>\n\u00bb font_container=\u00bbtag:p|font_size:32|text_align:center|color:%2330b3ad|line_height:1.1&#8243; google_fonts=\u00bbfont_family:Lato%3A100%2C100italic%2C300%2C300italic%2Cregular%2Citalic%2C700%2C700italic%2C900%2C900italic|font_style:300%20light%20regular%3A300%3Anormal\u00bb css=\u00bb.vc_custom_1493723073517{margin-bottom: 15px !important;}\u00bb][vc_custom_heading text=\u00bbEducador de Colectivos en Riesgo de Exclusi\u00f3n Social\u00bb font_container=\u00bbtag:h1|font_size:38|text_align:center|line_height:1.1&#8243; google_fonts=\u00bbfont_family:Lato%3A100%2C100italic%2C300%2C300italic%2Cregular%2Citalic%2C700%2C700italic%2C900%2C900italic|font_style:900%20bold%20regular%3A900%3Anormal\u00bb css=\u00bb.vc_custom_1494841619670{margin-bottom: 15px !important;}\u00bb][\/vc_column][\/vc_row][vc_row][vc_column][vc_column_text]<img loading=\"lazy\" class=\"alignleft wp-image-1435 size-full\" title=\"Educador Colectivos en Riesgo de Exclusi\u00f3n Social\" src=\"http:\/\/divulgaciondinamica.info\/promos\/wp-content\/uploads\/2015\/11\/imagen-educador-colectivos-riesgo-exclusion-social.jpg\" alt=\"Curso de Educador Colectivos en Riesgo de Exclusi\u00f3n Social Online\" width=\"643\" height=\"434\" srcset=\"https:\/\/divulgaciondinamica.info\/promos\/wp-content\/uploads\/2015\/11\/imagen-educador-colectivos-riesgo-exclusion-social.jpg 643w, https:\/\/divulgaciondinamica.info\/promos\/wp-content\/uploads\/2015\/11\/imagen-educador-colectivos-riesgo-exclusion-social-300x202.jpg 300w\" sizes=\"(max-width: 643px) 100vw, 643px\" \/><a href=\"https:\/\/docs.google.com\/forms\/d\/e\/1FAIpQLSfrCIKoBZZVtqyCGeZj68Tj37uD3p_gqAyv3QnQJzmKXHpUTg\/viewform\" target=\"_blank\"><img loading=\"lazy\" class=\"alignleft wp-image-7353 size-full\" title=\"Solicita informaci\u00f3n del curso de Educador Colectivos en Riesgo de Exclusi\u00f3n Social\" src=\"http:\/\/divulgaciondinamica.info\/promos\/wp-content\/uploads\/2015\/11\/curso-educador-colectivos-riesgos-exclusion-social-online.png\" alt=\"Curso de &quot;Educador de colectivos en riesgo de exclusi\u00f3n social&quot; online\" width=\"417\" height=\"434\" srcset=\"https:\/\/divulgaciondinamica.info\/promos\/wp-content\/uploads\/2015\/11\/curso-educador-colectivos-riesgos-exclusion-social-online.png 417w, https:\/\/divulgaciondinamica.info\/promos\/wp-content\/uploads\/2015\/11\/curso-educador-colectivos-riesgos-exclusion-social-online-288x300.png 288w\" sizes=\"(max-width: 417px) 100vw, 417px\" \/><\/a>[\/vc_column_text][\/vc_column][\/vc_row][vc_row css=\u00bb.vc_custom_1493811160395{margin-top: 20px !important;}\u00bb][vc_column][vc_custom_heading text=\u00bb\u00a1Realiza este CURSO y comienza a ser socio de divulgaci\u00f3n din\u00e1mica club!\u00bb font_container=\u00bbtag:h2|text_align:center|color:%2330b3ad|line_height:1.1&#8243; google_fonts=\u00bbfont_family:Lato%3A100%2C100italic%2C300%2C300italic%2Cregular%2Citalic%2C700%2C700italic%2C900%2C900italic|font_style:900%20bold%20regular%3A900%3Anormal\u00bb link=\u00bburl:https%3A%2F%2Fdocs.google.com%2Fforms%2Fd%2Fe%2F1FAIpQLSfrCIKoBZZVtqyCGeZj68Tj37uD3p_gqAyv3QnQJzmKXHpUTg%2Fviewform|title:Solicitud%20de%20informaci%C3%B3n|target:%20_blank\u00bb][\/vc_column][\/vc_row][vc_row css=\u00bb.vc_custom_1427804437681{margin-top: 35px !important;margin-bottom: 35px !important;}\u00bb][vc_column width=\u00bb1\/4&#8243;][vc_single_image image=\u00bb6930&#8243; img_size=\u00bb250&#215;195&#8243; alignment=\u00bbcenter\u00bb onclick=\u00bbcustom_link\u00bb img_link_target=\u00bb_blank\u00bb link=\u00bbhttps:\/\/docs.google.com\/forms\/d\/e\/1FAIpQLSfrCIKoBZZVtqyCGeZj68Tj37uD3p_gqAyv3QnQJzmKXHpUTg\/viewform\u00bb][\/vc_column][vc_column width=\u00bb1\/4&#8243;][vc_single_image image=\u00bb6931&#8243; img_size=\u00bb250&#215;195&#8243; alignment=\u00bbcenter\u00bb onclick=\u00bbcustom_link\u00bb img_link_target=\u00bb_blank\u00bb link=\u00bbhttps:\/\/docs.google.com\/forms\/d\/e\/1FAIpQLSfrCIKoBZZVtqyCGeZj68Tj37uD3p_gqAyv3QnQJzmKXHpUTg\/viewform\u00bb][\/vc_column][vc_column width=\u00bb1\/4&#8243;][vc_single_image image=\u00bb6932&#8243; img_size=\u00bb250&#215;195&#8243; alignment=\u00bbcenter\u00bb onclick=\u00bbcustom_link\u00bb img_link_target=\u00bb_blank\u00bb link=\u00bbhttps:\/\/docs.google.com\/forms\/d\/e\/1FAIpQLSfrCIKoBZZVtqyCGeZj68Tj37uD3p_gqAyv3QnQJzmKXHpUTg\/viewform\u00bb][\/vc_column][vc_column width=\u00bb1\/4&#8243;][vc_single_image image=\u00bb6951&#8243; img_size=\u00bb250&#215;195&#8243; alignment=\u00bbcenter\u00bb onclick=\u00bbcustom_link\u00bb img_link_target=\u00bb_blank\u00bb link=\u00bbhttps:\/\/docs.google.com\/forms\/d\/e\/1FAIpQLSfrCIKoBZZVtqyCGeZj68Tj37uD3p_gqAyv3QnQJzmKXHpUTg\/viewform\u00bb][\/vc_column][\/vc_row][vc_row][vc_column][\/vc_column][\/vc_row][vc_row css=\u00bb.vc_custom_1427805189823{margin-top: 35px !important;margin-bottom: 35px !important;}\u00bb][vc_column width=\u00bb1\/2&#8243;][vc_column_text css=\u00bb.vc_custom_1447142978975{margin-bottom: 30px !important;}\u00bb]<\/p>\n<div id=\"stcpDiv\">\n<h3 style=\"text-align: left;\" align=\"justify\">Presentaci\u00f3n del Curso:<\/h3>\n<p>&nbsp;<\/p>\n<p>En las sociedades siempre existen colectivos de personas que por un motivo u otro, sufren riesgo de exclusi\u00f3n social, colectivos que por su condici\u00f3n social son total o parcialmente excluidos de una participaci\u00f3n plena en la sociedad en la que viven lo que les priva de oportunidades, les dificulta el acceso a recursos econ\u00f3micos y sociales y, por lo tanto, les aleja del resto de la sociedad.<\/p>\n<p>A los principales colectivos en riesgo de exclusi\u00f3n social: discapacitados, minor\u00edas, mendigos y vagabundos,\u2026 los cambios sociales y tambi\u00e9n los econ\u00f3micos acaecidos en la presente crisis nos hacen tener muy presentes otras formas de exclusi\u00f3n social de grupos vulnerables, convirti\u00e9ndose la inclusi\u00f3n social en un gran reto para construir y mantener la cohesi\u00f3n social y la recuperaci\u00f3n.<\/p>\n<p>En el Campus de Divulgaci\u00f3n Din\u00e1mica apostamos firmemente por el desarrollo de programas de formaci\u00f3n para profesionales que trabajen en inclusi\u00f3n social y que contribuyan no solo a mejorar la calidad en la atenci\u00f3n y en el servicio a colectivos que est\u00e1n en situaci\u00f3n de exclusi\u00f3n social sino a incorporar medidas sociales y educativas espec\u00edficas como estrategias reductoras de los factores de riesgo para colectivos en riesgo de exclusi\u00f3n.<br \/>\n<img loading=\"lazy\" class=\"alignleft size-full wp-image-53\" src=\"http:\/\/divulgaciondinamica.info\/promos\/wp-content\/uploads\/2015\/03\/diploma-digital1.png\" alt=\"diploma-digital\" width=\"479\" height=\"322\" srcset=\"https:\/\/divulgaciondinamica.info\/promos\/wp-content\/uploads\/2015\/03\/diploma-digital1.png 479w, https:\/\/divulgaciondinamica.info\/promos\/wp-content\/uploads\/2015\/03\/diploma-digital1-300x202.png 300w\" sizes=\"(max-width: 479px) 100vw, 479px\" \/><\/p>\n<p style=\"text-align: left;\" align=\"justify\">\n<\/div>\n<p>[\/vc_column_text][\/vc_column][vc_column width=\u00bb1\/2&#8243;][vc_column_text]<\/p>\n<div id=\"stcpDiv\">\n<h3 style=\"text-align: left;\" align=\"justify\">Temario del Curso:<\/h3>\n<p>&nbsp;<\/p>\n<div id=\"stcpDiv\">\n<p><strong>1. EDUCACI\u00d3N SOCIAL Y EXCLUSI\u00d3N SOCIAL<\/strong><\/p>\n<p>1.1 Exclusi\u00f3n social<br \/>\n1.2 Socializaci\u00f3n y educaci\u00f3n<br \/>\n1.3 Teor\u00edas explicativas de la exclusi\u00f3n social<br \/>\n1.4 Educaci\u00f3n social especializada<br \/>\n1.5 Intervenci\u00f3n ante los procesos de exclusi\u00f3n<br \/>\n1.6 Algunas actuaciones espec\u00edficas<\/p>\n<p><strong>2. EDUCACI\u00d3N SOCIAL Y TERCERA EDAD<\/strong><\/p>\n<p>2.1 Aspectos psicosociales del envejecimiento<br \/>\n2.2 Educaci\u00f3n social y envejecimiento<br \/>\n2.3 Algunas actuaciones con la tercera edad<\/p>\n<p><strong>3. EDUCACI\u00d3N SOCIAL EN LA FAMILIA<\/strong><\/p>\n<p>3.1 La familia<br \/>\n3.2 Intervenci\u00f3n socioeducativa en el contexto familiar<br \/>\n3.3 Ejemplo de intervenci\u00f3n: Familias de personas con discapacidad<br \/>\n3.4 Los malos tratos y situaciones de riesgo a nivel familiar<\/p>\n<p><strong>4. PERSONAS CON DISCAPACIDAD<\/strong><\/p>\n<p>4.1 Marco conceptual de la discapacidad<br \/>\n4.2 Discapacidad auditiva<br \/>\n4.3 Discapacidad visual<br \/>\n4.4 Discapacidad motriz<br \/>\n4.5 Discapacidad intelectual<br \/>\n4.6 Trastornos generales del desarrollo<br \/>\n4.7 Problemas de salud mental<br \/>\n4.8 Integraci\u00f3n social y discapacitados<\/p>\n<p><strong>5. EL DESEMPLEO COMO AGENTE DE EXCLUSI\u00d3N SOCIAL: INSERCI\u00d3N LABORAL Y OCUPACIONAL<\/strong><\/p>\n<p>5.1 Inserci\u00f3n laboral\/ocupacional e integraci\u00f3n: funciones del trabajo<br \/>\n5.2 El desempleo como agente de exclusi\u00f3n social<br \/>\n5.3 Programas de inserci\u00f3n ocupacional: itinerarios personalizados<br \/>\n5.4 Programas de inserci\u00f3n ocupacional: colectivos<br \/>\n5.5 Programas de inserci\u00f3n ocupacional: acciones en el entorno laboral<\/p>\n<\/div>\n<\/div>\n<p>[\/vc_column_text][\/vc_column][\/vc_row][vc_row css=\u00bb.vc_custom_1493975931184{margin-top: 20px !important;margin-bottom: 55px !important;}\u00bb][vc_column][vc_column_text]<\/p>\n<p style=\"text-align: center;\"><a class=\"vc_btn vc_btn_orange vc_btn-orange vc_btn_lg vc_btn-lg vc_btn_rounded\" title=\"\" href=\"https:\/\/docs.google.com\/forms\/d\/e\/1FAIpQLSfrCIKoBZZVtqyCGeZj68Tj37uD3p_gqAyv3QnQJzmKXHpUTg\/viewform\" target=\"_blank\">M\u00c1S INFORMACI\u00d3N<\/a><\/p>\n<p>[\/vc_column_text][\/vc_column][\/vc_row][vc_row css=\u00bb.vc_custom_1493973493199{margin-top: 35px !important;margin-bottom: 55px !important;}\u00bb][vc_column][vc_custom_heading text=\u00bbDisfrutar\u00e1s de todas estas ventajas:\u00bb font_container=\u00bbtag:h2|text_align:center|line_height:1.1&#8243; google_fonts=\u00bbfont_family:Lato%3A100%2C100italic%2C300%2C300italic%2Cregular%2Citalic%2C700%2C700italic%2C900%2C900italic|font_style:900%20bold%20regular%3A900%3Anormal\u00bb][\/vc_column][\/vc_row][vc_row css=\u00bb.vc_custom_1493724619283{margin-top: 35px !important;margin-bottom: 35px !important;}\u00bb][vc_column width=\u00bb1\/3&#8243;][vc_row_inner][vc_column_inner][vc_icon icon_fontawesome=\u00bbfa fa-book\u00bb color=\u00bbcustom\u00bb align=\u00bbcenter\u00bb custom_color=\u00bb#30b3ad\u00bb css=\u00bb.vc_custom_1493976758922{margin-bottom: 10px !important;}\u00bb][vc_custom_heading text=\u00bbFormaci\u00f3n Total\u00bb font_container=\u00bbtag:h3|font_size:22|text_align:center\u00bb google_fonts=\u00bbfont_family:Lato%3A100%2C100italic%2C300%2C300italic%2Cregular%2Citalic%2C700%2C700italic%2C900%2C900italic|font_style:700%20bold%20regular%3A700%3Anormal\u00bb css=\u00bb.vc_custom_1493976698186{margin-bottom: 10px !important;}\u00bb][vc_column_text]<\/p>\n<p style=\"text-align: center;\">Podr\u00e1s realizar toda la formaci\u00f3n que necesites y obtener todas las certificaciones necesarias para ampliar tu perfil profesional.<\/p>\n<p>[\/vc_column_text][\/vc_column_inner][\/vc_row_inner][\/vc_column][vc_column width=\u00bb1\/3&#8243;][vc_row_inner][vc_column_inner][vc_icon icon_fontawesome=\u00bbfa fa-plus\u00bb color=\u00bbcustom\u00bb align=\u00bbcenter\u00bb custom_color=\u00bb#30b3ad\u00bb css=\u00bb.vc_custom_1493976961645{margin-bottom: 10px !important;}\u00bb][vc_custom_heading text=\u00bbM\u00e1s cursos y seminarios\u00bb font_container=\u00bbtag:h3|font_size:22|text_align:center\u00bb google_fonts=\u00bbfont_family:Lato%3A100%2C100italic%2C300%2C300italic%2Cregular%2Citalic%2C700%2C700italic%2C900%2C900italic|font_style:700%20bold%20regular%3A700%3Anormal\u00bb css=\u00bb.vc_custom_1493976704354{margin-bottom: 10px !important;}\u00bb][vc_column_text]<\/p>\n<p style=\"text-align: center;\">Estar\u00e1s informado en todo momento de los nuevos cursos y seminarios que se organicen y podr\u00e1s realizarlos sin coste adicional y obteniendo diplomas por todos ellos.<\/p>\n<p>[\/vc_column_text][\/vc_column_inner][\/vc_row_inner][\/vc_column][vc_column width=\u00bb1\/3&#8243;][vc_row_inner][vc_column_inner][vc_icon icon_fontawesome=\u00bbfa fa-users\u00bb color=\u00bbcustom\u00bb align=\u00bbcenter\u00bb custom_color=\u00bb#30b3ad\u00bb css=\u00bb.vc_custom_1493976770226{margin-bottom: 10px !important;}\u00bb][vc_custom_heading text=\u00bbAsesor\/a personalizado\u00bb font_container=\u00bbtag:h2|font_size:22|text_align:center\u00bb google_fonts=\u00bbfont_family:Lato%3A100%2C100italic%2C300%2C300italic%2Cregular%2Citalic%2C700%2C700italic%2C900%2C900italic|font_style:700%20bold%20regular%3A700%3Anormal\u00bb css=\u00bb.vc_custom_1493976712994{margin-bottom: 10px !important;}\u00bb][vc_column_text]<\/p>\n<div class=\"g-cols wpb_row offset_small vc_inner vc_row-fluid \">\n<div class=\" five-sixths\">\n<p class=\"vc_custom_heading\" style=\"text-align: center;\">Tendr\u00e1s la seguridad de estar respaldado por una asesora que se ocupara personalmente de tu expediente y te orientar\u00e1 para obtener los m\u00e1ximos resultados.<\/p>\n<\/div>\n<\/div>\n<p>[\/vc_column_text][\/vc_column_inner][\/vc_row_inner][\/vc_column][\/vc_row][vc_row css=\u00bb.vc_custom_1427806970509{margin-top: 35px !important;margin-bottom: 35px !important;}\u00bb][vc_column width=\u00bb1\/3&#8243;][vc_row_inner][vc_column_inner][vc_icon icon_fontawesome=\u00bbfa fa-pencil\u00bb color=\u00bbcustom\u00bb align=\u00bbcenter\u00bb custom_color=\u00bb#30b3ad\u00bb css=\u00bb.vc_custom_1493976774137{margin-bottom: 10px !important;}\u00bb][vc_custom_heading text=\u00bbBiblioteca digital\u00bb font_container=\u00bbtag:h2|font_size:22|text_align:center\u00bb google_fonts=\u00bbfont_family:Lato%3A100%2C100italic%2C300%2C300italic%2Cregular%2Citalic%2C700%2C700italic%2C900%2C900italic|font_style:700%20bold%20regular%3A700%3Anormal\u00bb css=\u00bb.vc_custom_1493976720835{margin-bottom: 10px !important;}\u00bb][vc_column_text]<\/p>\n<p style=\"text-align: center;\">Podr\u00e1s escribir art\u00edculos y contar tus experiencias profesionales en nuestra biblioteca digital, difundi\u00e9ndose tus publicaciones a miles de personas, en tres idiomas, ingl\u00e9s, espa\u00f1ol e italiano; recibiendo acreditaci\u00f3n de todo ello.<\/p>\n<p>[\/vc_column_text][\/vc_column_inner][\/vc_row_inner][\/vc_column][vc_column width=\u00bb1\/3&#8243;][vc_row_inner][vc_column_inner][vc_icon type=\u00bbentypo\u00bb icon_entypo=\u00bbentypo-icon entypo-icon-vcard\u00bb color=\u00bbcustom\u00bb align=\u00bbcenter\u00bb custom_color=\u00bb#30b3ad\u00bb css=\u00bb.vc_custom_1493976779348{margin-bottom: 10px !important;}\u00bb][vc_custom_heading text=\u00bbCertificaci\u00f3n de experiencia\u00bb font_container=\u00bbtag:h2|font_size:22|text_align:center\u00bb google_fonts=\u00bbfont_family:Lato%3A100%2C100italic%2C300%2C300italic%2Cregular%2Citalic%2C700%2C700italic%2C900%2C900italic|font_style:700%20bold%20regular%3A700%3Anormal\u00bb css=\u00bb.vc_custom_1493976726497{margin-bottom: 10px !important;}\u00bb][vc_column_text]<\/p>\n<p class=\"vc_custom_heading\" style=\"text-align: center;\">Podr\u00e1s certificar tu experiencia profesional, que no tenga acreditaci\u00f3n, a trav\u00e9s de nuestro programa certificaci\u00f3n de experiencia adaptado a tus necesidades.<\/p>\n<p>[\/vc_column_text][\/vc_column_inner][\/vc_row_inner][\/vc_column][vc_column width=\u00bb1\/3&#8243;][vc_row_inner][vc_column_inner width=\u00bb1\/6&#8243;][\/vc_column_inner][vc_column_inner width=\u00bb5\/6&#8243;][vc_icon icon_fontawesome=\u00bbfa fa-globe\u00bb color=\u00bbcustom\u00bb align=\u00bbcenter\u00bb custom_color=\u00bb#30b3ad\u00bb css=\u00bb.vc_custom_1493976783441{margin-bottom: 10px !important;}\u00bb][vc_custom_heading text=\u00bbCompromiso social\u00bb font_container=\u00bbtag:h3|font_size:22|text_align:center\u00bb google_fonts=\u00bbfont_family:Lato%3A100%2C100italic%2C300%2C300italic%2Cregular%2Citalic%2C700%2C700italic%2C900%2C900italic|font_style:700%20bold%20regular%3A700%3Anormal\u00bb css=\u00bb.vc_custom_1493976741914{margin-bottom: 10px !important;}\u00bb][vc_column_text]<\/p>\n<p class=\"vc_custom_heading\" style=\"text-align: center;\">Participar\u00e1s en campa\u00f1as de solidaridad en la India y contribuir\u00e1s a la construcci\u00f3n de escuelas y programas de ayuda educativa a los m\u00e1s necesitados de la mano de la FUNDACI\u00d3N VICENTE FERRER.<\/p>\n<p>[\/vc_column_text][\/vc_column_inner][\/vc_row_inner][\/vc_column][\/vc_row][vc_row css=\u00bb.vc_custom_1427806970509{margin-top: 35px !important;margin-bottom: 35px !important;}\u00bb][vc_column][vc_column_text]<\/p>\n<p style=\"text-align: center;\"><a class=\"vc_btn vc_btn_orange vc_btn-orange vc_btn_lg vc_btn-lg vc_btn_rounded\" title=\"\" href=\"https:\/\/docs.google.com\/forms\/d\/e\/1FAIpQLSfrCIKoBZZVtqyCGeZj68Tj37uD3p_gqAyv3QnQJzmKXHpUTg\/viewform\" target=\"_blank\">M\u00c1S INFORMACI\u00d3N<\/a><\/p>\n<p>[\/vc_column_text][\/vc_column][\/vc_row]<\/p>\n","protected":false},"excerpt":{"rendered":"<p>[vc_row css=\u00bb.vc_custom_1427804811471{margin-top: 25px !important;margin-bottom: 25px !important;}\u00bb][vc_column width=\u00bb2\/3&#8243;][vc_single_image image=\u00bb1573&#8243; img_size=\u00bb661&#215;82&#8243;][\/vc_column][vc_column width=\u00bb1\/3&#8243;][vc_column_text] 618 20 04 80 promotora6@divulgaciondinamica.es [\/vc_column_text][\/vc_column][\/vc_row][vc_row css=\u00bb.vc_custom_1489484355483{margin-top: 25px !important;margin-bottom: 15px !important;}\u00bb][vc_column][vc_custom_heading text=\u00bbCurso Online \u00bb font_container=\u00bbtag:p|font_size:32|text_align:center|color:%2330b3ad|line_height:1.1&#8243; google_fonts=\u00bbfont_family:Lato%3A100%2C100italic%2C300%2C300italic%2Cregular%2Citalic%2C700%2C700italic%2C900%2C900italic|font_style:300%20light%20regular%3A300%3Anormal\u00bb css=\u00bb.vc_custom_1493723073517{margin-bottom: 15px !important;}\u00bb][vc_custom_heading text=\u00bbEducador de Colectivos en Riesgo de Exclusi\u00f3n Social\u00bb font_container=\u00bbtag:h1|font_size:38|text_align:center|line_height:1.1&#8243; google_fonts=\u00bbfont_family:Lato%3A100%2C100italic%2C300%2C300italic%2Cregular%2Citalic%2C700%2C700italic%2C900%2C900italic|font_style:900%20bold%20regular%3A900%3Anormal\u00bb css=\u00bb.vc_custom_1494841619670{margin-bottom:<\/p>\n","protected":false},"author":1,"featured_media":0,"parent":0,"menu_order":0,"comment_status":"closed","ping_status":"closed","template":"","meta":[],"yoast_head":"<!-- This site is optimized with the Yoast SEO plugin v15.7 - https:\/\/yoast.com\/wordpress\/plugins\/seo\/ -->\n<title>Curso de Educador en Colectivos de Riesgo de Exclusi\u00f3n Social - Divulgaci\u00f3n Din\u00e1mica<\/title>\n<meta name=\"description\" content=\"Curso de Educador de Colectivos de Riesgo de Exclusi\u00f3n Social. Apostamos por una formaci\u00f3n de calidad al alcance de todos. Paga solo las tasas. \u00a1Inf\u00f3rmate!.\" \/>\n<meta name=\"robots\" content=\"index, follow, max-snippet:-1, max-image-preview:large, max-video-preview:-1\" \/>\n<link rel=\"canonical\" href=\"http:\/\/divulgaciondinamica.info\/promos\/curso-educador-colectivos-riesgo-exclusion-social\/\" \/>\n<meta property=\"og:locale\" content=\"es_ES\" \/>\n<meta property=\"og:type\" content=\"article\" \/>\n<meta property=\"og:title\" content=\"Curso de Educador en Colectivos de Riesgo de Exclusi\u00f3n Social - Divulgaci\u00f3n Din\u00e1mica\" \/>\n<meta property=\"og:description\" content=\"Curso de Educador de Colectivos de Riesgo de Exclusi\u00f3n Social. Apostamos por una formaci\u00f3n de calidad al alcance de todos. Paga solo las tasas. \u00a1Inf\u00f3rmate!.\" \/>\n<meta property=\"og:url\" content=\"http:\/\/divulgaciondinamica.info\/promos\/curso-educador-colectivos-riesgo-exclusion-social\/\" \/>\n<meta property=\"og:site_name\" content=\"Divulgaci\u00f3n Din\u00e1mica\" \/>\n<meta property=\"article:publisher\" content=\"https:\/\/www.facebook.com\/divulgaciondinamicaformacion\/\" \/>\n<meta property=\"article:modified_time\" content=\"2017-05-15T09:51:02+00:00\" \/>\n<meta property=\"og:image\" content=\"http:\/\/divulgaciondinamica.info\/promos\/wp-content\/uploads\/2015\/11\/imagen-educador-colectivos-riesgo-exclusion-social.jpg\" \/>\n<meta name=\"twitter:card\" content=\"summary_large_image\" \/>\n<meta name=\"twitter:site\" content=\"@divulgaciond\" \/>\n<meta name=\"twitter:label1\" content=\"Tiempo de lectura\">\n\t<meta name=\"twitter:data1\" content=\"9 minutos\">\n<script type=\"application\/ld+json\" class=\"yoast-schema-graph\">{\"@context\":\"https:\/\/schema.org\",\"@graph\":[{\"@type\":\"Organization\",\"@id\":\"https:\/\/divulgaciondinamica.info\/promos\/#organization\",\"name\":\"Divulgaci\\u00f3n Din\\u00e1mica S.L.\",\"url\":\"https:\/\/divulgaciondinamica.info\/promos\/\",\"sameAs\":[\"https:\/\/www.facebook.com\/divulgaciondinamicaformacion\/\",\"https:\/\/www.instagram.com\/divulgaciondinamica\",\"https:\/\/www.linkedin.com\/company-beta\/9490428\/\",\"https:\/\/www.youtube.com\/user\/ddinamica2010\",\"https:\/\/twitter.com\/divulgaciond\"],\"logo\":{\"@type\":\"ImageObject\",\"@id\":\"https:\/\/divulgaciondinamica.info\/promos\/#logo\",\"inLanguage\":\"es\",\"url\":\"https:\/\/divulgaciondinamica.info\/promos\/wp-content\/uploads\/2016\/02\/logo-divulgaciondinamica-ddf.png\",\"width\":400,\"height\":79,\"caption\":\"Divulgaci\\u00f3n Din\\u00e1mica S.L.\"},\"image\":{\"@id\":\"https:\/\/divulgaciondinamica.info\/promos\/#logo\"}},{\"@type\":\"WebSite\",\"@id\":\"https:\/\/divulgaciondinamica.info\/promos\/#website\",\"url\":\"https:\/\/divulgaciondinamica.info\/promos\/\",\"name\":\"Divulgaci\\u00f3n Din\\u00e1mica\",\"description\":\"Formaci\\u00f3n de calidad al alcance de todos\",\"publisher\":{\"@id\":\"https:\/\/divulgaciondinamica.info\/promos\/#organization\"},\"potentialAction\":[{\"@type\":\"SearchAction\",\"target\":\"https:\/\/divulgaciondinamica.info\/promos\/?s={search_term_string}\",\"query-input\":\"required name=search_term_string\"}],\"inLanguage\":\"es\"},{\"@type\":\"ImageObject\",\"@id\":\"http:\/\/divulgaciondinamica.info\/promos\/curso-educador-colectivos-riesgo-exclusion-social\/#primaryimage\",\"inLanguage\":\"es\",\"url\":\"http:\/\/divulgaciondinamica.info\/promos\/wp-content\/uploads\/2015\/11\/imagen-educador-colectivos-riesgo-exclusion-social.jpg\"},{\"@type\":\"WebPage\",\"@id\":\"http:\/\/divulgaciondinamica.info\/promos\/curso-educador-colectivos-riesgo-exclusion-social\/#webpage\",\"url\":\"http:\/\/divulgaciondinamica.info\/promos\/curso-educador-colectivos-riesgo-exclusion-social\/\",\"name\":\"Curso de Educador en Colectivos de Riesgo de Exclusi\\u00f3n Social - Divulgaci\\u00f3n Din\\u00e1mica\",\"isPartOf\":{\"@id\":\"https:\/\/divulgaciondinamica.info\/promos\/#website\"},\"primaryImageOfPage\":{\"@id\":\"http:\/\/divulgaciondinamica.info\/promos\/curso-educador-colectivos-riesgo-exclusion-social\/#primaryimage\"},\"datePublished\":\"2016-10-25T09:37:09+00:00\",\"dateModified\":\"2017-05-15T09:51:02+00:00\",\"description\":\"Curso de Educador de Colectivos de Riesgo de Exclusi\\u00f3n Social. Apostamos por una formaci\\u00f3n de calidad al alcance de todos. Paga solo las tasas. \\u00a1Inf\\u00f3rmate!.\",\"inLanguage\":\"es\",\"potentialAction\":[{\"@type\":\"ReadAction\",\"target\":[\"http:\/\/divulgaciondinamica.info\/promos\/curso-educador-colectivos-riesgo-exclusion-social\/\"]}]}]}<\/script>\n<!-- \/ Yoast SEO plugin. -->","_links":{"self":[{"href":"https:\/\/divulgaciondinamica.info\/promos\/wp-json\/wp\/v2\/pages\/3939"}],"collection":[{"href":"https:\/\/divulgaciondinamica.info\/promos\/wp-json\/wp\/v2\/pages"}],"about":[{"href":"https:\/\/divulgaciondinamica.info\/promos\/wp-json\/wp\/v2\/types\/page"}],"author":[{"embeddable":true,"href":"https:\/\/divulgaciondinamica.info\/promos\/wp-json\/wp\/v2\/users\/1"}],"replies":[{"embeddable":true,"href":"https:\/\/divulgaciondinamica.info\/promos\/wp-json\/wp\/v2\/comments?post=3939"}],"version-history":[{"count":5,"href":"https:\/\/divulgaciondinamica.info\/promos\/wp-json\/wp\/v2\/pages\/3939\/revisions"}],"predecessor-version":[{"id":7356,"href":"https:\/\/divulgaciondinamica.info\/promos\/wp-json\/wp\/v2\/pages\/3939\/revisions\/7356"}],"wp:attachment":[{"href":"https:\/\/divulgaciondinamica.info\/promos\/wp-json\/wp\/v2\/media?parent=3939"}],"curies":[{"name":"wp","href":"https:\/\/api.w.org\/{rel}","templated":true}]}}