{"id":3761,"date":"2016-10-03T10:33:15","date_gmt":"2016-10-03T10:33:15","guid":{"rendered":"http:\/\/divulgaciondinamica.info\/promos\/?page_id=3761"},"modified":"2017-04-17T10:19:03","modified_gmt":"2017-04-17T10:19:03","slug":"curso-de-tecnico-de-formacion-aw","status":"publish","type":"page","link":"https:\/\/divulgaciondinamica.info\/promos\/curso-de-tecnico-de-formacion-aw\/","title":{"rendered":"Curso de T\u00e9cnico de Formaci\u00f3n aw"},"content":{"rendered":"<p>[vc_row css=\u00bb.vc_custom_1427804811471{margin-top: 25px !important;margin-bottom: 25px !important;}\u00bb][vc_column width=\u00bb2\/3&#8243;][vc_single_image image=\u00bb2726&#8243; img_size=\u00bb661&#215;82&#8243;][\/vc_column][vc_column width=\u00bb1\/3&#8243;][vc_column_text]<\/p>\n<h6 style=\"text-align: right;\"><i class=\"fa fa-whatsapp\"><\/i> 618 88 94 42<\/h6>\n<p style=\"text-align: right;\"><strong>soporte4@divulgaciondinamica.es<\/strong><\/p>\n<p>[\/vc_column_text][\/vc_column][\/vc_row][vc_row css=\u00bb.vc_custom_1489484355483{margin-top: 25px !important;margin-bottom: 15px !important;}\u00bb][vc_column][vc_custom_heading text=\u00bbCurso Online<br \/>\n\u00bb font_container=\u00bbtag:p|font_size:32|text_align:center|color:%230a7aba|line_height:1.1&#8243; google_fonts=\u00bbfont_family:Lato%3A100%2C100italic%2C300%2C300italic%2Cregular%2Citalic%2C700%2C700italic%2C900%2C900italic|font_style:300%20light%20regular%3A300%3Anormal\u00bb css=\u00bb.vc_custom_1490955635731{margin-bottom: 15px !important;}\u00bb][vc_custom_heading text=\u00bbT\u00e9cnico de Formaci\u00f3n\u00bb font_container=\u00bbtag:h1|font_size:38|text_align:center|color:%230a7aba|line_height:1.1&#8243; google_fonts=\u00bbfont_family:Lato%3A100%2C100italic%2C300%2C300italic%2Cregular%2Citalic%2C700%2C700italic%2C900%2C900italic|font_style:900%20bold%20regular%3A900%3Anormal\u00bb css=\u00bb.vc_custom_1492424159698{margin-bottom: 15px !important;}\u00bb][\/vc_column][\/vc_row][vc_row css=\u00bb.vc_custom_1467634262986{margin-right: 8px !important;margin-left: 1px !important;padding-top: 10px !important;padding-right: 5px !important;padding-left: 5px !important;background-color: #eeeeee !important;}\u00bb][vc_column][vc_column_text]<\/p>\n<p style=\"text-align: center;\">Divulgaci\u00f3n Din\u00e1mica es un Club de Formaci\u00f3n que apuesta por una <strong>educaci\u00f3n de calidad al alcance de todos<\/strong>.<\/p>\n<p>[\/vc_column_text][\/vc_column][\/vc_row][vc_row][vc_column][vc_column_text]<img loading=\"lazy\" class=\"alignleft wp-image-3757 size-full\" title=\"T\u00e9cnico de Formaci\u00f3n\" src=\"http:\/\/divulgaciondinamica.info\/promos\/wp-content\/uploads\/2016\/10\/imagen-curso-formador-de-formadores.png\" alt=\"Curso de T\u00e9cnico de Formaci\u00f3n Online\" width=\"643\" height=\"434\" srcset=\"https:\/\/divulgaciondinamica.info\/promos\/wp-content\/uploads\/2016\/10\/imagen-curso-formador-de-formadores.png 643w, https:\/\/divulgaciondinamica.info\/promos\/wp-content\/uploads\/2016\/10\/imagen-curso-formador-de-formadores-300x202.png 300w\" sizes=\"(max-width: 643px) 100vw, 643px\" \/><a href=\"https:\/\/docs.google.com\/forms\/d\/e\/1FAIpQLSdsnPl9JBJrFXPtgnHpezPBB_knIvyfWo_66pUxI9UeJJoW-g\/viewform\" target=\"_blank\"><img loading=\"lazy\" class=\"alignleft wp-image-3811 size-full\" title=\"Solicita informaci\u00f3n del curso de T\u00e9cnico de Formaci\u00f3n\" src=\"http:\/\/divulgaciondinamica.info\/promos\/wp-content\/uploads\/2016\/10\/informacion-tecnico-de-formacion_02.png\" alt=\"T\u00e9cnico de Formaci\u00f3n\" width=\"417\" height=\"434\" srcset=\"https:\/\/divulgaciondinamica.info\/promos\/wp-content\/uploads\/2016\/10\/informacion-tecnico-de-formacion_02.png 417w, https:\/\/divulgaciondinamica.info\/promos\/wp-content\/uploads\/2016\/10\/informacion-tecnico-de-formacion_02-288x300.png 288w\" sizes=\"(max-width: 417px) 100vw, 417px\" \/><\/a>[\/vc_column_text][\/vc_column][\/vc_row][vc_row css=\u00bb.vc_custom_1427804437681{margin-top: 35px !important;margin-bottom: 35px !important;}\u00bb][vc_column width=\u00bb1\/4&#8243;][vc_single_image image=\u00bb3258&#8243; img_size=\u00bb250&#215;195&#8243; alignment=\u00bbcenter\u00bb][\/vc_column][vc_column width=\u00bb1\/4&#8243;][vc_single_image image=\u00bb3257&#8243; img_size=\u00bb250&#215;195&#8243; alignment=\u00bbcenter\u00bb][\/vc_column][vc_column width=\u00bb1\/4&#8243;][vc_single_image image=\u00bb3256&#8243; img_size=\u00bb250&#215;195&#8243; alignment=\u00bbcenter\u00bb][\/vc_column][vc_column width=\u00bb1\/4&#8243;][vc_single_image image=\u00bb3570&#8243; img_size=\u00bb250&#215;195&#8243; alignment=\u00bbcenter\u00bb][\/vc_column][\/vc_row][vc_row][vc_column][\/vc_column][\/vc_row][vc_row css=\u00bb.vc_custom_1427805189823{margin-top: 35px !important;margin-bottom: 35px !important;}\u00bb][vc_column width=\u00bb1\/2&#8243;][vc_column_text css=\u00bb.vc_custom_1492424243453{margin-bottom: 30px !important;}\u00bb]<\/p>\n<div id=\"stcpDiv\">\n<h3 style=\"text-align: left;\" align=\"justify\"><span style=\"color: #097aba;\">Presentaci\u00f3n del Curso:<\/span><\/h3>\n<p>&nbsp;<\/p>\n<p>Una de las principales caracter\u00edsticas de las sociedades actuales es el permanente estado de cambio al que se ven sometidas, cambios que son continuos e imprevisibles y que se manifiestan de forma evidente tanto en el contexto econ\u00f3mico como social y profesional. La innovaci\u00f3n tecnol\u00f3gica, los cambios organizativos y productivos, la entrada de nuevos competidores, los nuevos productos, los cambios en los gustos de los consumidores, la internalizaci\u00f3n de los mercados,\u2026 hace que hoy en d\u00eda la competitividad de las empresas se fundamente en sus recursos humanos siendo las acciones formativas una necesidad de los entornos laborales para adaptarse a las exigencias de un entorno en permanente cambio.<\/p>\n<p>Desde un enfoque de gesti\u00f3n de los recursos humanos basado en la gesti\u00f3n del conocimiento el curso Online de T\u00e9cnico de Formaci\u00f3n que proponemos\u00a0va dirigido a desarrollar competencias necesarias para el dise\u00f1o, planificaci\u00f3n, gesti\u00f3n e implantaci\u00f3n de acciones formativas que presten una especial atenci\u00f3n a la necesaria transferencia de lo aprendido al puesto de trabajo.<br \/>\n<img loading=\"lazy\" class=\"alignleft size-full wp-image-53\" src=\"http:\/\/divulgaciondinamica.info\/promos\/wp-content\/uploads\/2015\/03\/diploma-digital1.png\" alt=\"diploma-digital\" width=\"479\" height=\"322\" srcset=\"https:\/\/divulgaciondinamica.info\/promos\/wp-content\/uploads\/2015\/03\/diploma-digital1.png 479w, https:\/\/divulgaciondinamica.info\/promos\/wp-content\/uploads\/2015\/03\/diploma-digital1-300x202.png 300w\" sizes=\"(max-width: 479px) 100vw, 479px\" \/><\/p>\n<p style=\"text-align: left;\" align=\"justify\">\n<\/div>\n<p>[\/vc_column_text][\/vc_column][vc_column width=\u00bb1\/2&#8243;][vc_column_text]<\/p>\n<div id=\"stcpDiv\">\n<h3 style=\"text-align: left;\" align=\"justify\"><span style=\"color: #097aba;\">Temario del Curso:<\/span><\/h3>\n<p>&nbsp;<\/p>\n<div id=\"stcpDiv\">\n<p><strong>1. FORMACI\u00d3N EN ENTORNOS LABORALES: PLAN DE FORMACI\u00d3N<\/strong><\/p>\n<p>1.1 La formaci\u00f3n de los recursos humanos<br \/>\n1.2 Plan de formaci\u00f3n<br \/>\n1.3 Modelos de planificaci\u00f3n de la formaci\u00f3n<br \/>\n1.4 Propuesta de dise\u00f1o metodol\u00f3gico para un plan de formaci\u00f3n<\/p>\n<p><strong>2. PROCESO DE ENSE\u00d1ANZA-APRENDIZAJE EN LA EDUCACI\u00d3N DE ADULTOS<\/strong><\/p>\n<p>2.1 El proceso de ense\u00f1anza-aprendizaje en la formaci\u00f3n de adultos<br \/>\n2.2 El grupo de formaci\u00f3n<br \/>\n2.3 Comunicaci\u00f3n en las acciones formativas<\/p>\n<p><strong>3. PLANIFICACI\u00d3N Y PROGRAMACI\u00d3N DOCENTE DE LAS ACCIONES FORMATIVAS<\/strong><\/p>\n<p>3.1 Planificaci\u00f3n y programaci\u00f3n docente<br \/>\n3.2 Elementos de la programaci\u00f3n docente<\/p>\n<p><strong>4. TRANSFERENCIA DE LAS ACTIVIDADES FORMATIVAS<\/strong><\/p>\n<p>4.1 Transferencia de las actividades formativas<br \/>\n4.2 Evaluaci\u00f3n de la transferencia<br \/>\n4.3 Predicci\u00f3n de la transferencia<br \/>\n4.4 Dise\u00f1o de la transferencia. Buenas pr\u00e1cticas<\/p>\n<\/div>\n<\/div>\n<p>[\/vc_column_text][\/vc_column][\/vc_row][vc_row css=\u00bb.vc_custom_1427806970509{margin-top: 35px !important;margin-bottom: 35px !important;}\u00bb][vc_column][vc_column_text]<\/p>\n<p style=\"text-align: center;\"><a class=\"vc_btn vc_btn_orange vc_btn-orange vc_btn_lg vc_btn-lg vc_btn_rounded\" title=\"\" href=\"https:\/\/docs.google.com\/forms\/d\/e\/1FAIpQLSdsnPl9JBJrFXPtgnHpezPBB_knIvyfWo_66pUxI9UeJJoW-g\/viewform\" target=\"_blank\">INF\u00d3RMATE SIN COMPROMISO<\/a><\/p>\n<p>[\/vc_column_text][\/vc_column][\/vc_row]<\/p>\n","protected":false},"excerpt":{"rendered":"<p>[vc_row css=\u00bb.vc_custom_1427804811471{margin-top: 25px !important;margin-bottom: 25px !important;}\u00bb][vc_column width=\u00bb2\/3&#8243;][vc_single_image image=\u00bb2726&#8243; img_size=\u00bb661&#215;82&#8243;][\/vc_column][vc_column width=\u00bb1\/3&#8243;][vc_column_text] 618 88 94 42 soporte4@divulgaciondinamica.es [\/vc_column_text][\/vc_column][\/vc_row][vc_row css=\u00bb.vc_custom_1489484355483{margin-top: 25px !important;margin-bottom: 15px !important;}\u00bb][vc_column][vc_custom_heading text=\u00bbCurso Online \u00bb font_container=\u00bbtag:p|font_size:32|text_align:center|color:%230a7aba|line_height:1.1&#8243; google_fonts=\u00bbfont_family:Lato%3A100%2C100italic%2C300%2C300italic%2Cregular%2Citalic%2C700%2C700italic%2C900%2C900italic|font_style:300%20light%20regular%3A300%3Anormal\u00bb css=\u00bb.vc_custom_1490955635731{margin-bottom: 15px !important;}\u00bb][vc_custom_heading text=\u00bbT\u00e9cnico de Formaci\u00f3n\u00bb font_container=\u00bbtag:h1|font_size:38|text_align:center|color:%230a7aba|line_height:1.1&#8243; google_fonts=\u00bbfont_family:Lato%3A100%2C100italic%2C300%2C300italic%2Cregular%2Citalic%2C700%2C700italic%2C900%2C900italic|font_style:900%20bold%20regular%3A900%3Anormal\u00bb css=\u00bb.vc_custom_1492424159698{margin-bottom: 15px !important;}\u00bb][\/vc_column][\/vc_row][vc_row css=\u00bb.vc_custom_1467634262986{margin-right: 8px !important;margin-left:<\/p>\n","protected":false},"author":1,"featured_media":0,"parent":0,"menu_order":0,"comment_status":"closed","ping_status":"closed","template":"","meta":[],"yoast_head":"<!-- This site is optimized with the Yoast SEO plugin v15.7 - https:\/\/yoast.com\/wordpress\/plugins\/seo\/ -->\n<title>Curso de T\u00e9cnico de Formaci\u00f3n - Divulgaci\u00f3n Din\u00e1mica<\/title>\n<meta name=\"description\" content=\"Curso de T\u00e9cnico de Formaci\u00f3n Online. Apostamos por una formaci\u00f3n de calidad al alcance de todos. Paga solo las tasas. \u00a1Inf\u00f3rmate hoy mismo!.\" \/>\n<meta name=\"robots\" content=\"index, follow, max-snippet:-1, max-image-preview:large, max-video-preview:-1\" \/>\n<link rel=\"canonical\" href=\"https:\/\/divulgaciondinamica.info\/promos\/curso-de-tecnico-de-formacion-aw\/\" \/>\n<meta property=\"og:locale\" content=\"es_ES\" \/>\n<meta property=\"og:type\" content=\"article\" \/>\n<meta property=\"og:title\" content=\"Curso de T\u00e9cnico de Formaci\u00f3n - Divulgaci\u00f3n Din\u00e1mica\" \/>\n<meta property=\"og:description\" content=\"Curso de T\u00e9cnico de Formaci\u00f3n Online. Apostamos por una formaci\u00f3n de calidad al alcance de todos. Paga solo las tasas. \u00a1Inf\u00f3rmate hoy mismo!.\" \/>\n<meta property=\"og:url\" content=\"https:\/\/divulgaciondinamica.info\/promos\/curso-de-tecnico-de-formacion-aw\/\" \/>\n<meta property=\"og:site_name\" content=\"Divulgaci\u00f3n Din\u00e1mica\" \/>\n<meta property=\"article:publisher\" content=\"https:\/\/www.facebook.com\/divulgaciondinamicaformacion\/\" \/>\n<meta property=\"article:modified_time\" content=\"2017-04-17T10:19:03+00:00\" \/>\n<meta property=\"og:image\" content=\"http:\/\/divulgaciondinamica.info\/promos\/wp-content\/uploads\/2016\/10\/imagen-curso-formador-de-formadores.png\" \/>\n<meta name=\"twitter:card\" content=\"summary_large_image\" \/>\n<meta name=\"twitter:site\" content=\"@divulgaciond\" \/>\n<meta name=\"twitter:label1\" content=\"Tiempo de lectura\">\n\t<meta name=\"twitter:data1\" content=\"3 minutos\">\n<script type=\"application\/ld+json\" class=\"yoast-schema-graph\">{\"@context\":\"https:\/\/schema.org\",\"@graph\":[{\"@type\":\"Organization\",\"@id\":\"https:\/\/divulgaciondinamica.info\/promos\/#organization\",\"name\":\"Divulgaci\\u00f3n Din\\u00e1mica S.L.\",\"url\":\"https:\/\/divulgaciondinamica.info\/promos\/\",\"sameAs\":[\"https:\/\/www.facebook.com\/divulgaciondinamicaformacion\/\",\"https:\/\/www.instagram.com\/divulgaciondinamica\",\"https:\/\/www.linkedin.com\/company-beta\/9490428\/\",\"https:\/\/www.youtube.com\/user\/ddinamica2010\",\"https:\/\/twitter.com\/divulgaciond\"],\"logo\":{\"@type\":\"ImageObject\",\"@id\":\"https:\/\/divulgaciondinamica.info\/promos\/#logo\",\"inLanguage\":\"es\",\"url\":\"https:\/\/divulgaciondinamica.info\/promos\/wp-content\/uploads\/2016\/02\/logo-divulgaciondinamica-ddf.png\",\"width\":400,\"height\":79,\"caption\":\"Divulgaci\\u00f3n Din\\u00e1mica S.L.\"},\"image\":{\"@id\":\"https:\/\/divulgaciondinamica.info\/promos\/#logo\"}},{\"@type\":\"WebSite\",\"@id\":\"https:\/\/divulgaciondinamica.info\/promos\/#website\",\"url\":\"https:\/\/divulgaciondinamica.info\/promos\/\",\"name\":\"Divulgaci\\u00f3n Din\\u00e1mica\",\"description\":\"Formaci\\u00f3n de calidad al alcance de todos\",\"publisher\":{\"@id\":\"https:\/\/divulgaciondinamica.info\/promos\/#organization\"},\"potentialAction\":[{\"@type\":\"SearchAction\",\"target\":\"https:\/\/divulgaciondinamica.info\/promos\/?s={search_term_string}\",\"query-input\":\"required name=search_term_string\"}],\"inLanguage\":\"es\"},{\"@type\":\"ImageObject\",\"@id\":\"https:\/\/divulgaciondinamica.info\/promos\/curso-de-tecnico-de-formacion-aw\/#primaryimage\",\"inLanguage\":\"es\",\"url\":\"http:\/\/divulgaciondinamica.info\/promos\/wp-content\/uploads\/2016\/10\/imagen-curso-formador-de-formadores.png\"},{\"@type\":\"WebPage\",\"@id\":\"https:\/\/divulgaciondinamica.info\/promos\/curso-de-tecnico-de-formacion-aw\/#webpage\",\"url\":\"https:\/\/divulgaciondinamica.info\/promos\/curso-de-tecnico-de-formacion-aw\/\",\"name\":\"Curso de T\\u00e9cnico de Formaci\\u00f3n - Divulgaci\\u00f3n Din\\u00e1mica\",\"isPartOf\":{\"@id\":\"https:\/\/divulgaciondinamica.info\/promos\/#website\"},\"primaryImageOfPage\":{\"@id\":\"https:\/\/divulgaciondinamica.info\/promos\/curso-de-tecnico-de-formacion-aw\/#primaryimage\"},\"datePublished\":\"2016-10-03T10:33:15+00:00\",\"dateModified\":\"2017-04-17T10:19:03+00:00\",\"description\":\"Curso de T\\u00e9cnico de Formaci\\u00f3n Online. Apostamos por una formaci\\u00f3n de calidad al alcance de todos. Paga solo las tasas. \\u00a1Inf\\u00f3rmate hoy mismo!.\",\"inLanguage\":\"es\",\"potentialAction\":[{\"@type\":\"ReadAction\",\"target\":[\"https:\/\/divulgaciondinamica.info\/promos\/curso-de-tecnico-de-formacion-aw\/\"]}]}]}<\/script>\n<!-- \/ Yoast SEO plugin. -->","_links":{"self":[{"href":"https:\/\/divulgaciondinamica.info\/promos\/wp-json\/wp\/v2\/pages\/3761"}],"collection":[{"href":"https:\/\/divulgaciondinamica.info\/promos\/wp-json\/wp\/v2\/pages"}],"about":[{"href":"https:\/\/divulgaciondinamica.info\/promos\/wp-json\/wp\/v2\/types\/page"}],"author":[{"embeddable":true,"href":"https:\/\/divulgaciondinamica.info\/promos\/wp-json\/wp\/v2\/users\/1"}],"replies":[{"embeddable":true,"href":"https:\/\/divulgaciondinamica.info\/promos\/wp-json\/wp\/v2\/comments?post=3761"}],"version-history":[{"count":5,"href":"https:\/\/divulgaciondinamica.info\/promos\/wp-json\/wp\/v2\/pages\/3761\/revisions"}],"predecessor-version":[{"id":6456,"href":"https:\/\/divulgaciondinamica.info\/promos\/wp-json\/wp\/v2\/pages\/3761\/revisions\/6456"}],"wp:attachment":[{"href":"https:\/\/divulgaciondinamica.info\/promos\/wp-json\/wp\/v2\/media?parent=3761"}],"curies":[{"name":"wp","href":"https:\/\/api.w.org\/{rel}","templated":true}]}}