{"id":3400,"date":"2016-07-22T11:41:40","date_gmt":"2016-07-22T11:41:40","guid":{"rendered":"http:\/\/divulgaciondinamica.info\/promos\/?page_id=3400"},"modified":"2017-04-20T10:53:58","modified_gmt":"2017-04-20T10:53:58","slug":"doble-titulacion-online-master-mediacion-intercultural-cooperacion-internacional","status":"publish","type":"page","link":"https:\/\/divulgaciondinamica.info\/promos\/doble-titulacion-online-master-mediacion-intercultural-cooperacion-internacional\/","title":{"rendered":"Doble Titulaci\u00f3n Online M\u00e1ster Mediaci\u00f3n Intercultural + Cooperaci\u00f3n Internacional"},"content":{"rendered":"<p>[vc_row css=\u00bb.vc_custom_1427804811471{margin-top: 25px !important;margin-bottom: 25px !important;}\u00bb][vc_column width=\u00bb2\/3&#8243;][vc_single_image image=\u00bb2726&#8243; img_size=\u00bb661&#215;82&#8243;][\/vc_column][vc_column width=\u00bb1\/3&#8243;][vc_column_text]<\/p>\n<h6 style=\"text-align: right;\"><i class=\"fa fa-whatsapp\"><\/i> 629 27 39 96<\/h6>\n<p style=\"text-align: right;\"><strong>promotora4@divulgaciondinamica.es<\/strong><\/p>\n<p>[\/vc_column_text][\/vc_column][\/vc_row][vc_row css=\u00bb.vc_custom_1489484355483{margin-top: 25px !important;margin-bottom: 15px !important;}\u00bb][vc_column][vc_custom_heading text=\u00bbDoble M\u00e1ster Online\u00bb font_container=\u00bbtag:p|font_size:32|text_align:center|color:%230a7aba|line_height:1.1&#8243; google_fonts=\u00bbfont_family:Lato%3A100%2C100italic%2C300%2C300italic%2Cregular%2Citalic%2C700%2C700italic%2C900%2C900italic|font_style:300%20light%20regular%3A300%3Anormal\u00bb css=\u00bb.vc_custom_1492685629520{margin-bottom: 15px !important;}\u00bb][vc_custom_heading text=\u00bbM\u00e1ster en Mediaci\u00f3n Intercultural + M\u00e1ster en Cooperaci\u00f3n Internacional\u00bb font_container=\u00bbtag:h1|font_size:38|text_align:center|color:%230a7aba|line_height:1.1&#8243; google_fonts=\u00bbfont_family:Lato%3A100%2C100italic%2C300%2C300italic%2Cregular%2Citalic%2C700%2C700italic%2C900%2C900italic|font_style:900%20bold%20regular%3A900%3Anormal\u00bb css=\u00bb.vc_custom_1492684596579{margin-bottom: 15px !important;}\u00bb][\/vc_column][\/vc_row][vc_row css=\u00bb.vc_custom_1467634262986{margin-right: 8px !important;margin-left: 1px !important;padding-top: 10px !important;padding-right: 5px !important;padding-left: 5px !important;background-color: #eeeeee !important;}\u00bb][vc_column][vc_column_text]<\/p>\n<p style=\"text-align: center;\">Divulgaci\u00f3n Din\u00e1mica es un Club de Formaci\u00f3n internacional que apuesta por una <strong>educaci\u00f3n de calidad al alcance de todos<\/strong>.<\/p>\n<p>[\/vc_column_text][\/vc_column][\/vc_row][vc_row][vc_column][vc_column_text]<img loading=\"lazy\" class=\"alignleft wp-image-3413 size-full\" title=\"M\u00e1ster en Mediaci\u00f3n Intercultural + M\u00e1ster en Cooperaci\u00f3n Internacional\" src=\"http:\/\/divulgaciondinamica.info\/promos\/wp-content\/uploads\/2016\/07\/Centro-M\u00e1ster-Doble-titulaci\u00f3n-Mediaci\u00f3n-Int-y-Cooperacion-Internacional_01.jpg\" alt=\"Doble M\u00e1ster en M\u00e1ster en Mediaci\u00f3n Intercultural y M\u00e1ster en Cooperaci\u00f3n Internacional Online\" width=\"643\" height=\"434\" srcset=\"https:\/\/divulgaciondinamica.info\/promos\/wp-content\/uploads\/2016\/07\/Centro-M\u00e1ster-Doble-titulaci\u00f3n-Mediaci\u00f3n-Int-y-Cooperacion-Internacional_01.jpg 643w, https:\/\/divulgaciondinamica.info\/promos\/wp-content\/uploads\/2016\/07\/Centro-M\u00e1ster-Doble-titulaci\u00f3n-Mediaci\u00f3n-Int-y-Cooperacion-Internacional_01-300x202.jpg 300w\" sizes=\"(max-width: 643px) 100vw, 643px\" \/><a href=\"http:\/\/www.divulgaciondinamica.es\/secretaria\/alumnos\/form\/494\/\" target=\"_blank\"><img loading=\"lazy\" class=\"alignleft wp-image-3406 size-full\" title=\"Solicita informaci\u00f3n del doble m\u00e1ster M\u00e1ster en Mediaci\u00f3n Intercultural + M\u00e1ster en Cooperaci\u00f3n Internacional\" src=\"http:\/\/divulgaciondinamica.info\/promos\/wp-content\/uploads\/2016\/07\/Centro-M\u00e1ster-Doble-titulaci\u00f3n-Mediaci\u00f3n-Int-y-Cooperacion-Internacional.png\" alt=\"M\u00e1ster en Mediaci\u00f3n Intercultural + M\u00e1ster en Cooperaci\u00f3n Internacional\" width=\"417\" height=\"434\" srcset=\"https:\/\/divulgaciondinamica.info\/promos\/wp-content\/uploads\/2016\/07\/Centro-M\u00e1ster-Doble-titulaci\u00f3n-Mediaci\u00f3n-Int-y-Cooperacion-Internacional.png 417w, https:\/\/divulgaciondinamica.info\/promos\/wp-content\/uploads\/2016\/07\/Centro-M\u00e1ster-Doble-titulaci\u00f3n-Mediaci\u00f3n-Int-y-Cooperacion-Internacional-288x300.png 288w\" sizes=\"(max-width: 417px) 100vw, 417px\" \/><\/a>[\/vc_column_text][\/vc_column][\/vc_row][vc_row css=\u00bb.vc_custom_1427804437681{margin-top: 35px !important;margin-bottom: 35px !important;}\u00bb][vc_column width=\u00bb1\/4&#8243;][vc_single_image image=\u00bb3404&#8243; img_size=\u00bb250&#215;195&#8243; alignment=\u00bbcenter\u00bb][\/vc_column][vc_column width=\u00bb1\/4&#8243;][vc_single_image image=\u00bb3403&#8243; img_size=\u00bb250&#215;195&#8243; alignment=\u00bbcenter\u00bb][\/vc_column][vc_column width=\u00bb1\/4&#8243;][vc_single_image image=\u00bb3402&#8243; img_size=\u00bb250&#215;195&#8243; alignment=\u00bbcenter\u00bb][\/vc_column][vc_column width=\u00bb1\/4&#8243;][vc_single_image image=\u00bb3401&#8243; img_size=\u00bb250&#215;195&#8243; alignment=\u00bbcenter\u00bb][\/vc_column][\/vc_row][vc_row][vc_column][\/vc_column][\/vc_row][vc_row css=\u00bb.vc_custom_1445513524146{margin-bottom: 25px !important;}\u00bb][vc_column][vc_column_text]<\/p>\n<h3 style=\"text-align: left;\"><span style=\"color: #09ba66;\">Presentaci\u00f3n de la Doble Titulaci\u00f3n:<\/span><\/h3>\n<p>[\/vc_column_text][vc_row_inner css=\u00bb.vc_custom_1445513551593{margin-top: 25px !important;}\u00bb][vc_column_inner width=\u00bb1\/2&#8243;][vc_column_text]La doble titulaci\u00f3n que presentamos Master en Mediaci\u00f3n Intercultural +Master en Cooperaci\u00f3n Internacional\u00a0 ofrecen una formaci\u00f3n integral a los participantes en dos \u00e1reas que, aunque con tem\u00e1ticas de especializaci\u00f3n diferentes permiten alcanzar los principales conocimientos te\u00f3ricos e instrumentales que permitan dar respuesta a los diferentes niveles de actuaci\u00f3n estrat\u00e9gicos y operativos que son llevados a cabo desde ambas intervenciones.<\/p>\n<p>La formaci\u00f3n en Mediaci\u00f3n Intercultural,\u00a0 parte de la necesidad de formar en temas referidos a la diversidad intercultural para poder ofrecer respuestas de intervenci\u00f3n social acordes a la realidad multicultural actual, permitiendo identificar situaciones conflictivas , analizar los tipos de conflictos, su generaci\u00f3n y las t\u00e9cnicas de gesti\u00f3n y resoluci\u00f3n de los mismos para gestionar\u00a0 con mayor facilidad las situaciones interculturales y desarrollar medidas que permitan garantizar la convivencia.<\/p>\n<p>La Cooperaci\u00f3n Internacional se entiende como un conjunto de acciones entre pa\u00edses para fomentar el equilibrio econ\u00f3mico y social, de forma sostenible en el tiempo. Supone tratar de equilibrar la balanza del eje Norte-Sur, de pa\u00edses y \u00e1reas geogr\u00e1ficas con niveles diferentes de renta y recursos.\u00a0\u00a0 C\u00f3mo intervenir en estas realidades tanto de forma preventiva como de forma eficaz ante las necesidades detectadas es un reto com\u00fan para consolidar formas de desarrollo que permitan afrontar el futuro desde la convivencia, la cohesi\u00f3n social y el desarrollo social sostenible.[\/vc_column_text][\/vc_column_inner][vc_column_inner width=\u00bb1\/2&#8243; css=\u00bb.vc_custom_1434369231866{background-color: #f3f3f3 !important;}\u00bb][vc_column_text css=\u00bb.vc_custom_1469187881221{padding-bottom: 20px !important;}\u00bb]<\/p>\n<p style=\"text-align: left;\"><strong><span style=\"color: #09ba66;\">Fecha de inicio:<\/span><br \/>\n<\/strong>Jueves 1 de septiembre de 2016<\/p>\n<p style=\"text-align: left;\"><strong><span style=\"color: #09ba66;\">Duraci\u00f3n:<\/span><br \/>\n<\/strong>6 meses<\/p>\n<p style=\"text-align: left;\"><strong><span style=\"color: #09ba66;\">Modalidad:<\/span><br \/>\n<\/strong>Online (Acceso a la Plataforma 24h. al d\u00eda)<\/p>\n<p>[\/vc_column_text][\/vc_column_inner][\/vc_row_inner][vc_column_text]<\/p>\n<h3 style=\"text-align: left;\"><span style=\"color: #09ba66;\">\u00bfQu\u00e9 titulaci\u00f3n obtendr\u00e9 al finalizar la formaci\u00f3n?<\/span><\/h3>\n<p>[\/vc_column_text][vc_row_inner css=\u00bb.vc_custom_1445513571008{margin-top: 25px !important;}\u00bb][vc_column_inner width=\u00bb1\/2&#8243;][vc_column_text]<\/p>\n<p style=\"text-align: justify;\">Al finalizar tu formaci\u00f3n recibir\u00e1s <strong>2 Diplomas<\/strong> en formato digital (PDF), certificados por Divulgaci\u00f3n Din\u00e1mica y visados por la ANCED (Asociaci\u00f3n Nacional de Centros de Elearning y Distancia), con validez laboral y curricular a nivel estatal.<\/p>\n<p>[\/vc_column_text][\/vc_column_inner][vc_column_inner width=\u00bb1\/2&#8243;][vc_column_text]<img loading=\"lazy\" class=\"alignleft size-full wp-image-560\" src=\"http:\/\/divulgaciondinamica.info\/promos\/wp-content\/uploads\/2015\/06\/imagen-diploma.png\" alt=\"imagen-diploma\" width=\"432\" height=\"144\" srcset=\"https:\/\/divulgaciondinamica.info\/promos\/wp-content\/uploads\/2015\/06\/imagen-diploma.png 432w, https:\/\/divulgaciondinamica.info\/promos\/wp-content\/uploads\/2015\/06\/imagen-diploma-300x100.png 300w\" sizes=\"(max-width: 432px) 100vw, 432px\" \/>[\/vc_column_text][\/vc_column_inner][\/vc_row_inner][vc_column_text]<\/p>\n<h3 style=\"text-align: left;\"><span style=\"color: #09ba66;\">Contenidos de la Doble Titulaci\u00f3n:<\/span><\/h3>\n<p>[\/vc_column_text][vc_row_inner][vc_column_inner width=\u00bb1\/2&#8243; css=\u00bb.vc_custom_1434366413550{margin-top: 20px !important;}\u00bb][vc_column_text]<\/p>\n<div id=\"ui-id-2\" class=\"wpb_accordion_content ui-accordion-content vc_clearfix ui-helper-reset ui-widget-content ui-corner-bottom ui-accordion-content-active\">\n<div class=\"wpb_text_column wpb_content_element \">\n<div class=\"wpb_wrapper\">\n<h4><strong>M\u00e1ster en Mediaci\u00f3n Intercultural (400 h.)<br \/>\n<\/strong><\/h4>\n<p>&nbsp;<\/p>\n<p><strong>1. LA INMIGRACI\u00d3N. ASPECTOS SOCIALES<\/strong><\/p>\n<p>1.1 La inmigraci\u00f3n. Aspectos b\u00e1sicos<br \/>\n1.2 Sociolog\u00eda de la inmigraci\u00f3n. \u00bfPor qu\u00e9 vienen?<br \/>\n1.3 Teor\u00edas de la migraci\u00f3n internacional<br \/>\n1.4 El fen\u00f3meno migratorio en Espa\u00f1a<br \/>\n1.5 Aspectos legales de la inmigraci\u00f3n. Evoluci\u00f3n de la ley de extranjer\u00eda espa\u00f1ola<br \/>\n1.6 Desaf\u00edos de la inmigraci\u00f3n: la integraci\u00f3n<\/p>\n<p><strong>2. PREVENCI\u00d3N DE CONFLICTOS<\/strong><\/p>\n<p>2.1 Concepto y tipolog\u00eda del conflicto<br \/>\n2.2 Estrategia de la prevenci\u00f3n de conflictos<\/p>\n<p><strong>3. RESOLUCI\u00d3N DE CONFLICTOS<\/strong><\/p>\n<p>3.1 Reuniendo los materiales para entender el conflicto<br \/>\n3.2 Analizando el conflicto.Visi\u00f3n hol\u00edstica y espec\u00edfica<br \/>\n3.3 Los m\u00e9todos alternativos de resoluci\u00f3n de disputas<br \/>\n3.4 La mediaci\u00f3n<\/p>\n<p><strong>4. MEDIACI\u00d3N INTERCULTURAL<\/strong><\/p>\n<p>4.1 Introducci\u00f3n. Mediaci\u00f3n intercultural<br \/>\n4.2 Perfil del mediador intercultural<br \/>\n4.3 \u00c1mbito de la mediaci\u00f3n intercultural<\/p>\n<p><strong>5. T\u00c9CNICAS Y HERRAMIENTAS DE LA MEDIACI\u00d3N INTERCULTURAL<\/strong><\/p>\n<p>5.1 La Mediaci\u00f3n intercultural<br \/>\n5.2 Pr\u00e1ctica de la mediaci\u00f3n intercultural<br \/>\n5.3 El mediador en el proceso de mediaci\u00f3n: fases y recomendaciones<br \/>\n5.4 Modelos de mediaci\u00f3n intercultural<br \/>\n5.5 Herramientas<\/p>\n<p><strong>6. GESTI\u00d3N DE LA MULTICULTURALIDAD EN LA EMPRESA<\/strong><\/p>\n<p>6.1 El fen\u00f3meno migratorio<br \/>\n6.2 Tratamiento de la diferencia en la organizaci\u00f3n<br \/>\n6.3 Cultura y relaciones interculturales. Claves para su gesti\u00f3n en la empresa<br \/>\n6.4 Las competencias interculturales como competencias profesionales<br \/>\n6.5 La formaci\u00f3n intercultural en la empresa<\/p>\n<p><strong>7. LA EVALUACI\u00d3N EN EL PROCESO DE MEDIACI\u00d3N<\/strong><\/p>\n<p>7.1 La evaluaci\u00f3n como estrategia para optimizar los procesos y programas de mediaci\u00f3n<br \/>\n7.2 Concepto, fines y funciones<br \/>\n7.3 Perspectivas y enfoques a la hora de evaluar<br \/>\n7.4 Planificaci\u00f3n y desarrollo de la evaluaci\u00f3n<br \/>\n7.5 El informe de evaluaci\u00f3n<br \/>\n7.6 Caracter\u00edsticas, audiencias y estructura<br \/>\n7.7 Evaluaci\u00f3n de la evaluaci\u00f3n. Mejora de los procesos evaluativos<\/p>\n<\/div>\n<\/div>\n<\/div>\n<p>[\/vc_column_text][\/vc_column_inner][vc_column_inner width=\u00bb1\/2&#8243; css=\u00bb.vc_custom_1434366397791{margin-top: 20px !important;}\u00bb][vc_column_text]<\/p>\n<h4><strong>M\u00e1ster en Cooperaci\u00f3n Internacional (400 h.)<br \/>\n<\/strong><\/h4>\n<p>&nbsp;<\/p>\n<p><strong>1. COOPERACI\u00d3N INTERNACIONAL<\/strong><\/p>\n<p>1.1 La Cooperaci\u00f3n Internacional para el desarrollo.<br \/>\n1.2 Marco normativo sobre cooperaci\u00f3n.<br \/>\n1.3 Principales \u00d3rganos Internacionales para la Cooperaci\u00f3n al desarrollo.<br \/>\n1.4 La Cooperaci\u00f3n Espa\u00f1ola.<br \/>\n1.5 El papel de las Organizaciones No Gubernamentales (ONG).<\/p>\n<p><strong>2. METODOLOG\u00cdA DE LA COOPERACI\u00d3N INTERNACIONAL AL DESARROLLO: LA GESTI\u00d3N DEL CICLO DE PROYECTO (GPC) Y EL ENFOQUE DEL MARCO L\u00d3GICO (EML)<\/strong><\/p>\n<p>2.1 La gesti\u00f3n del ciclo de proyecto. Las fases de la GPC.<br \/>\n2.2 El enfoque de marco l\u00f3gico. Formulaci\u00f3n de intervenciones.<br \/>\n2.3 Aproximaci\u00f3n a los enfoques participativos<br \/>\n2.4 La integraci\u00f3n de la perspectiva de g\u00e9nero en las intervenciones<\/p>\n<p><strong>3. ENFOQUE PSICOSOCIAL EN LA COOPERACI\u00d3N<\/strong><\/p>\n<p>3.1 La cooperaci\u00f3n internacional y el enfoque psicosocial<br \/>\n3.2 Aspectos psicosociales en diferentes sectores y campos de actividad<br \/>\n3.3 Riesgos psicosociales del personal de cooperaci\u00f3n<\/p>\n<p><strong>4. COOPERACI\u00d3N Y PROMOCI\u00d3N CULTURAL<\/strong><\/p>\n<p>4.1 Cooperaci\u00f3n cultural al desarrollo<br \/>\n4.2 Promoci\u00f3n cultural exterior<br \/>\n4.3 El voluntariado cultural. Gesti\u00f3n del voluntariado<\/p>\n<p><strong>5. COOPERACI\u00d3N AL DESARROLLO Y CONFLICTOS<\/strong><\/p>\n<p>5.1 Compresi\u00f3n de conflictos<br \/>\n5.2 Herramientas y metodolog\u00edas de sensibilidad al conflicto<br \/>\n5.3 Principios para la cooperaci\u00f3n y la acci\u00f3n humanitaria sensible al conflicto<\/p>\n<p><strong>6. EDUCACI\u00d3N PARA EL DESARROLLO Y COOPERACI\u00d3N INTERNACIONAL<\/strong><\/p>\n<p>6.1 Educaci\u00f3n para el Desarrollo<br \/>\n6.2 Dimensi\u00f3n Pedag\u00f3gica de la educaci\u00f3n para el Desarrollo<br \/>\n6.3 Proyectos de Educaci\u00f3n para el Desarrollo[\/vc_column_text][vc_column_text]<\/p>\n<h3 style=\"text-align: left;\"><span style=\"color: #09ba66;\">+ Trabajo Fin de M\u00e1ster<\/span><\/h3>\n<p style=\"text-align: left;\">El TFM (Trabajo de Fin de M\u00e1ster) consiste en la elaboraci\u00f3n de un proyecto final donde se demostrar\u00e1n los conocimientos adquiridos durante el proceso formativo.<\/p>\n<p>[\/vc_column_text][\/vc_column_inner][\/vc_row_inner][vc_column_text]<a href=\"http:\/\/www.divulgaciondinamica.es\/secretaria\/alumnos\/form\/494\/\" target=\"_blank\"><img loading=\"lazy\" class=\"wp-image-3411 size-full aligncenter\" src=\"http:\/\/divulgaciondinamica.info\/promos\/wp-content\/uploads\/2016\/07\/BTON-INCRIBETE.png\" alt=\"\" width=\"306\" height=\"103\" srcset=\"https:\/\/divulgaciondinamica.info\/promos\/wp-content\/uploads\/2016\/07\/BTON-INCRIBETE.png 306w, https:\/\/divulgaciondinamica.info\/promos\/wp-content\/uploads\/2016\/07\/BTON-INCRIBETE-300x101.png 300w\" sizes=\"(max-width: 306px) 100vw, 306px\" \/><\/a>[\/vc_column_text][\/vc_column][\/vc_row][vc_row css=\u00bb.vc_custom_1468841950351{margin-top: 45px !important;margin-bottom: 25px !important;}\u00bb][vc_column][vc_separator][vc_single_image image=\u00bb3335&#8243; img_size=\u00bbfull\u00bb alignment=\u00bbcenter\u00bb css=\u00bb.vc_custom_1468841652573{margin-top: 15px !important;margin-bottom: 15px !important;}\u00bb][vc_separator][\/vc_column][\/vc_row]<\/p>\n","protected":false},"excerpt":{"rendered":"<p>[vc_row css=\u00bb.vc_custom_1427804811471{margin-top: 25px !important;margin-bottom: 25px !important;}\u00bb][vc_column width=\u00bb2\/3&#8243;][vc_single_image image=\u00bb2726&#8243; img_size=\u00bb661&#215;82&#8243;][\/vc_column][vc_column width=\u00bb1\/3&#8243;][vc_column_text] 629 27 39 96 promotora4@divulgaciondinamica.es [\/vc_column_text][\/vc_column][\/vc_row][vc_row css=\u00bb.vc_custom_1489484355483{margin-top: 25px !important;margin-bottom: 15px !important;}\u00bb][vc_column][vc_custom_heading text=\u00bbDoble M\u00e1ster Online\u00bb font_container=\u00bbtag:p|font_size:32|text_align:center|color:%230a7aba|line_height:1.1&#8243; google_fonts=\u00bbfont_family:Lato%3A100%2C100italic%2C300%2C300italic%2Cregular%2Citalic%2C700%2C700italic%2C900%2C900italic|font_style:300%20light%20regular%3A300%3Anormal\u00bb css=\u00bb.vc_custom_1492685629520{margin-bottom: 15px !important;}\u00bb][vc_custom_heading text=\u00bbM\u00e1ster en Mediaci\u00f3n Intercultural + M\u00e1ster en Cooperaci\u00f3n Internacional\u00bb font_container=\u00bbtag:h1|font_size:38|text_align:center|color:%230a7aba|line_height:1.1&#8243; google_fonts=\u00bbfont_family:Lato%3A100%2C100italic%2C300%2C300italic%2Cregular%2Citalic%2C700%2C700italic%2C900%2C900italic|font_style:900%20bold%20regular%3A900%3Anormal\u00bb<\/p>\n","protected":false},"author":1,"featured_media":0,"parent":0,"menu_order":0,"comment_status":"closed","ping_status":"closed","template":"","meta":[],"yoast_head":"<!-- This site is optimized with the Yoast SEO plugin v15.7 - https:\/\/yoast.com\/wordpress\/plugins\/seo\/ -->\n<title>Doble M\u00e1ster en &quot;Mediaci\u00f3n Intercultural&quot; + &quot;Cooperaci\u00f3n Internacional&quot; - Divulgaci\u00f3n Din\u00e1mica<\/title>\n<meta name=\"description\" content=\"Doble M\u00e1ster en &quot;Mediaci\u00f3n Intercultural&quot; y &quot;Cooperaci\u00f3n Internacional&quot;. Online. Formaci\u00f3n de calidad al alcance de todos. Paga solo las tasas. \u00a1Inf\u00f3rmate!.\" \/>\n<meta name=\"robots\" content=\"index, follow, max-snippet:-1, max-image-preview:large, max-video-preview:-1\" \/>\n<link rel=\"canonical\" href=\"http:\/\/divulgaciondinamica.info\/promos\/doble-titulacion-master-mediacion-intercultural-y-master-en-cooperacion-internacional\/\" \/>\n<meta property=\"og:locale\" content=\"es_ES\" \/>\n<meta property=\"og:type\" content=\"article\" \/>\n<meta property=\"og:title\" content=\"Doble M\u00e1ster en &quot;Mediaci\u00f3n Intercultural&quot; + &quot;Cooperaci\u00f3n Internacional&quot; - Divulgaci\u00f3n Din\u00e1mica\" \/>\n<meta property=\"og:description\" content=\"Doble M\u00e1ster en &quot;Mediaci\u00f3n Intercultural&quot; y &quot;Cooperaci\u00f3n Internacional&quot;. Online. Formaci\u00f3n de calidad al alcance de todos. Paga solo las tasas. \u00a1Inf\u00f3rmate!.\" \/>\n<meta property=\"og:url\" content=\"http:\/\/divulgaciondinamica.info\/promos\/doble-titulacion-master-mediacion-intercultural-y-master-en-cooperacion-internacional\/\" \/>\n<meta property=\"og:site_name\" content=\"Divulgaci\u00f3n Din\u00e1mica\" \/>\n<meta property=\"article:publisher\" content=\"https:\/\/www.facebook.com\/divulgaciondinamicaformacion\/\" \/>\n<meta property=\"article:modified_time\" content=\"2017-04-20T10:53:58+00:00\" \/>\n<meta property=\"og:image\" content=\"http:\/\/divulgaciondinamica.info\/promos\/wp-content\/uploads\/2016\/07\/Centro-M\u00e1ster-Doble-titulaci\u00f3n-Mediaci\u00f3n-Int-y-Cooperacion-Internacional_01.jpg\" \/>\n<meta name=\"twitter:card\" content=\"summary_large_image\" \/>\n<meta name=\"twitter:site\" content=\"@divulgaciond\" \/>\n<meta name=\"twitter:label1\" content=\"Tiempo de lectura\">\n\t<meta name=\"twitter:data1\" content=\"7 minutos\">\n<script type=\"application\/ld+json\" class=\"yoast-schema-graph\">{\"@context\":\"https:\/\/schema.org\",\"@graph\":[{\"@type\":\"Organization\",\"@id\":\"https:\/\/divulgaciondinamica.info\/promos\/#organization\",\"name\":\"Divulgaci\\u00f3n Din\\u00e1mica S.L.\",\"url\":\"https:\/\/divulgaciondinamica.info\/promos\/\",\"sameAs\":[\"https:\/\/www.facebook.com\/divulgaciondinamicaformacion\/\",\"https:\/\/www.instagram.com\/divulgaciondinamica\",\"https:\/\/www.linkedin.com\/company-beta\/9490428\/\",\"https:\/\/www.youtube.com\/user\/ddinamica2010\",\"https:\/\/twitter.com\/divulgaciond\"],\"logo\":{\"@type\":\"ImageObject\",\"@id\":\"https:\/\/divulgaciondinamica.info\/promos\/#logo\",\"inLanguage\":\"es\",\"url\":\"https:\/\/divulgaciondinamica.info\/promos\/wp-content\/uploads\/2016\/02\/logo-divulgaciondinamica-ddf.png\",\"width\":400,\"height\":79,\"caption\":\"Divulgaci\\u00f3n Din\\u00e1mica S.L.\"},\"image\":{\"@id\":\"https:\/\/divulgaciondinamica.info\/promos\/#logo\"}},{\"@type\":\"WebSite\",\"@id\":\"https:\/\/divulgaciondinamica.info\/promos\/#website\",\"url\":\"https:\/\/divulgaciondinamica.info\/promos\/\",\"name\":\"Divulgaci\\u00f3n Din\\u00e1mica\",\"description\":\"Formaci\\u00f3n de calidad al alcance de todos\",\"publisher\":{\"@id\":\"https:\/\/divulgaciondinamica.info\/promos\/#organization\"},\"potentialAction\":[{\"@type\":\"SearchAction\",\"target\":\"https:\/\/divulgaciondinamica.info\/promos\/?s={search_term_string}\",\"query-input\":\"required name=search_term_string\"}],\"inLanguage\":\"es\"},{\"@type\":\"ImageObject\",\"@id\":\"http:\/\/divulgaciondinamica.info\/promos\/doble-titulacion-master-mediacion-intercultural-y-master-en-cooperacion-internacional\/#primaryimage\",\"inLanguage\":\"es\",\"url\":\"http:\/\/divulgaciondinamica.info\/promos\/wp-content\/uploads\/2016\/07\/Centro-M\\u00e1ster-Doble-titulaci\\u00f3n-Mediaci\\u00f3n-Int-y-Cooperacion-Internacional_01.jpg\"},{\"@type\":\"WebPage\",\"@id\":\"http:\/\/divulgaciondinamica.info\/promos\/doble-titulacion-master-mediacion-intercultural-y-master-en-cooperacion-internacional\/#webpage\",\"url\":\"http:\/\/divulgaciondinamica.info\/promos\/doble-titulacion-master-mediacion-intercultural-y-master-en-cooperacion-internacional\/\",\"name\":\"Doble M\\u00e1ster en \\\"Mediaci\\u00f3n Intercultural\\\" + \\\"Cooperaci\\u00f3n Internacional\\\" - Divulgaci\\u00f3n Din\\u00e1mica\",\"isPartOf\":{\"@id\":\"https:\/\/divulgaciondinamica.info\/promos\/#website\"},\"primaryImageOfPage\":{\"@id\":\"http:\/\/divulgaciondinamica.info\/promos\/doble-titulacion-master-mediacion-intercultural-y-master-en-cooperacion-internacional\/#primaryimage\"},\"datePublished\":\"2016-07-22T11:41:40+00:00\",\"dateModified\":\"2017-04-20T10:53:58+00:00\",\"description\":\"Doble M\\u00e1ster en \\\"Mediaci\\u00f3n Intercultural\\\" y \\\"Cooperaci\\u00f3n Internacional\\\". Online. Formaci\\u00f3n de calidad al alcance de todos. Paga solo las tasas. \\u00a1Inf\\u00f3rmate!.\",\"inLanguage\":\"es\",\"potentialAction\":[{\"@type\":\"ReadAction\",\"target\":[\"http:\/\/divulgaciondinamica.info\/promos\/doble-titulacion-master-mediacion-intercultural-y-master-en-cooperacion-internacional\/\"]}]}]}<\/script>\n<!-- \/ Yoast SEO plugin. -->","_links":{"self":[{"href":"https:\/\/divulgaciondinamica.info\/promos\/wp-json\/wp\/v2\/pages\/3400"}],"collection":[{"href":"https:\/\/divulgaciondinamica.info\/promos\/wp-json\/wp\/v2\/pages"}],"about":[{"href":"https:\/\/divulgaciondinamica.info\/promos\/wp-json\/wp\/v2\/types\/page"}],"author":[{"embeddable":true,"href":"https:\/\/divulgaciondinamica.info\/promos\/wp-json\/wp\/v2\/users\/1"}],"replies":[{"embeddable":true,"href":"https:\/\/divulgaciondinamica.info\/promos\/wp-json\/wp\/v2\/comments?post=3400"}],"version-history":[{"count":5,"href":"https:\/\/divulgaciondinamica.info\/promos\/wp-json\/wp\/v2\/pages\/3400\/revisions"}],"predecessor-version":[{"id":6598,"href":"https:\/\/divulgaciondinamica.info\/promos\/wp-json\/wp\/v2\/pages\/3400\/revisions\/6598"}],"wp:attachment":[{"href":"https:\/\/divulgaciondinamica.info\/promos\/wp-json\/wp\/v2\/media?parent=3400"}],"curies":[{"name":"wp","href":"https:\/\/api.w.org\/{rel}","templated":true}]}}