{"id":3340,"date":"2016-07-18T12:08:41","date_gmt":"2016-07-18T12:08:41","guid":{"rendered":"http:\/\/divulgaciondinamica.info\/promos\/?page_id=3340"},"modified":"2016-07-18T12:49:59","modified_gmt":"2016-07-18T12:49:59","slug":"secretaria-virtual-ria-diploma-curso-tecnico-en-gestion-de-entidades-no-lucrativas","status":"publish","type":"page","link":"https:\/\/divulgaciondinamica.info\/promos\/secretaria-virtual-ria-diploma-curso-tecnico-en-gestion-de-entidades-no-lucrativas\/","title":{"rendered":"Secretar\u00eda Virtual RIA- Diploma Curso T\u00e9cnico en Gesti\u00f3n de Entidades no Lucrativas"},"content":{"rendered":"<p>[vc_row css=\u00bb.vc_custom_1444907298779{margin-top: 5px !important;margin-bottom: 25px !important;}\u00bb][vc_column width=\u00bb1\/2&#8243;][vc_single_image image=\u00bb1096&#8243; img_size=\u00bb472&#215;115&#8243; alignment=\u00bb\u00bb][\/vc_column][vc_column width=\u00bb1\/2&#8243;][vc_column_text]<\/p>\n<h6 style=\"text-align: right;\"><strong><span style=\"color: #1c4968;\"><br \/>\nTel\u00e9fono internacional: <i class=\"fa fa-whatsapp\"><\/i> +34 620 77 31 43<\/span><br \/>\n<\/strong><\/h6>\n<h6 style=\"text-align: right;\"><span style=\"color: #b8b8b8;\"><strong>info@planformativoria.info<\/strong><\/span><\/h6>\n<p>[\/vc_column_text][\/vc_column][\/vc_row][vc_row][vc_column][vc_single_image image=\u00bb2083&#8243; img_size=\u00bbfull\u00bb alignment=\u00bbcenter\u00bb][\/vc_column][\/vc_row][vc_row css=\u00bb.vc_custom_1456833748758{margin-top: 40px !important;margin-bottom: 50px !important;padding-right: 10px !important;padding-left: 10px !important;}\u00bb][vc_column][vc_column_text css=\u00bb.vc_custom_1456834024757{margin-top: 30px !important;margin-bottom: 10px !important;}\u00bb]<\/p>\n<h5><span style=\"color: #808080;\">Para <strong>formalizar la solicitud de su Diploma<\/strong>, <\/span><br \/>\n<span style=\"color: #808080;\">por favor realice el Pago correspondiente mediante las siguientes opciones:<\/span><\/h5>\n<p>[\/vc_column_text][vc_row_inner css=\u00bb.vc_custom_1456833697956{margin-top: 70px !important;margin-bottom: 40px !important;}\u00bb][vc_column_inner width=\u00bb1\/2&#8243;][vc_single_image image=\u00bb3342&#8243; img_size=\u00bbfull\u00bb css=\u00bb.vc_custom_1468844030775{margin-bottom: 40px !important;}\u00bb][\/vc_column_inner][vc_column_inner width=\u00bb1\/2&#8243;][vc_column_text css=\u00bb.vc_custom_1468846194543{margin-bottom: 30px !important;}\u00bb]<\/p>\n<h4 style=\"text-align: left;\"><span style=\"color: #f29400;\"><strong><span style=\"color: #999999;\">Alumnos internacionales:<\/span> <\/strong><\/span><\/h4>\n<h2 style=\"text-align: left;\"><span style=\"color: #f29400;\"><strong><em>$ 62 USD<\/em><\/strong><\/span><\/h2>\n<p>[\/vc_column_text][vc_raw_html]JTNDZm9ybSUyMGFjdGlvbiUzRCUyMmh0dHBzJTNBJTJGJTJGd3d3LnBheXBhbC5jb20lMkZjZ2ktYmluJTJGd2Vic2NyJTIyJTIwbWV0aG9kJTNEJTIycG9zdCUyMiUyMHRhcmdldCUzRCUyMl90b3AlMjIlM0UlMEElM0NpbnB1dCUyMHR5cGUlM0QlMjJoaWRkZW4lMjIlMjBuYW1lJTNEJTIyY21kJTIyJTIwdmFsdWUlM0QlMjJfeGNsaWNrJTIyJTNFJTBBJTNDaW5wdXQlMjB0eXBlJTNEJTIyaGlkZGVuJTIyJTIwbmFtZSUzRCUyMmJ1c2luZXNzJTIyJTIwdmFsdWUlM0QlMjJyaWFwcm95ZWN0b3MlNDBnbWFpbC5jb20lMjIlM0UlMEElM0NpbnB1dCUyMHR5cGUlM0QlMjJoaWRkZW4lMjIlMjBuYW1lJTNEJTIybGMlMjIlMjB2YWx1ZSUzRCUyMkVTJTIyJTNFJTBBJTNDaW5wdXQlMjB0eXBlJTNEJTIyaGlkZGVuJTIyJTIwbmFtZSUzRCUyMml0ZW1fbmFtZSUyMiUyMHZhbHVlJTNEJTIyRGlwbG9tYSUyMEN1cnNvJTIwUklBJTIwVGVjbmljbyUyMEdlc3Rpb24lMjBFbnRpZGFkZXMlMjBubyUyMEx1Y3JhdGl2YXMlMjIlM0UlMEElM0NpbnB1dCUyMHR5cGUlM0QlMjJoaWRkZW4lMjIlMjBuYW1lJTNEJTIyYW1vdW50JTIyJTIwdmFsdWUlM0QlMjI2Mi4wMCUyMiUzRSUwQSUzQ2lucHV0JTIwdHlwZSUzRCUyMmhpZGRlbiUyMiUyMG5hbWUlM0QlMjJjdXJyZW5jeV9jb2RlJTIyJTIwdmFsdWUlM0QlMjJVU0QlMjIlM0UlMEElM0NpbnB1dCUyMHR5cGUlM0QlMjJoaWRkZW4lMjIlMjBuYW1lJTNEJTIyYnV0dG9uX3N1YnR5cGUlMjIlMjB2YWx1ZSUzRCUyMnNlcnZpY2VzJTIyJTNFJTBBJTNDaW5wdXQlMjB0eXBlJTNEJTIyaGlkZGVuJTIyJTIwbmFtZSUzRCUyMm5vX25vdGUlMjIlMjB2YWx1ZSUzRCUyMjAlMjIlM0UlMEElM0NpbnB1dCUyMHR5cGUlM0QlMjJoaWRkZW4lMjIlMjBuYW1lJTNEJTIyYm4lMjIlMjB2YWx1ZSUzRCUyMlBQLUJ1eU5vd0JGJTNBYnRuX2J1eW5vd0NDX0xHLmdpZiUzQU5vbkhvc3RlZEd1ZXN0JTIyJTNFJTBBJTNDaW5wdXQlMjB0eXBlJTNEJTIyaW1hZ2UlMjIlMjBzcmMlM0QlMjJodHRwJTNBJTJGJTJGZGl2dWxnYWNpb25kaW5hbWljYS5pbmZvJTJGcHJvbW9zJTJGd3AtY29udGVudCUyRnVwbG9hZHMlMkYyMDE1JTJGMTAlMkZjb21wcmFyLmdpZiUyMiUyMGJvcmRlciUzRCUyMjAlMjIlMjBuYW1lJTNEJTIyc3VibWl0JTIyJTIwYWx0JTNEJTIyUGF5UGFsLiUyMExhJTIwZm9ybWElMjByJUMzJUExcGlkYSUyMHklMjBzZWd1cmElMjBkZSUyMHBhZ2FyJTIwZW4lMjBJbnRlcm5ldC4lMjIlM0UlMEElM0NpbWclMjBhbHQlM0QlMjIlMjIlMjBib3JkZXIlM0QlMjIwJTIyJTIwc3JjJTNEJTIyaHR0cHMlM0ElMkYlMkZ3d3cucGF5cGFsb2JqZWN0cy5jb20lMkZlc19FUyUyRmklMkZzY3IlMkZwaXhlbC5naWYlMjIlMjB3aWR0aCUzRCUyMjElMjIlMjBoZWlnaHQlM0QlMjIxJTIyJTNFJTBBJTNDJTJGZm9ybSUzRQ==[\/vc_raw_html][vc_separator css=\u00bb.vc_custom_1456833332170{margin-top: 50px !important;margin-bottom: 50px !important;}\u00bb][vc_column_text css=\u00bb.vc_custom_1468846120662{margin-bottom: 30px !important;}\u00bb]<\/p>\n<h4 style=\"text-align: left;\"><span style=\"color: #f29400;\"><strong><span style=\"color: #999999;\">Alumnos de Espa\u00f1a:<\/span><\/strong><\/span><\/h4>\n<h2 style=\"text-align: left;\"><span style=\"color: #f29400;\"><strong><em> 56 \u20ac<br \/>\n<\/em><\/strong><\/span><\/h2>\n<p>[\/vc_column_text][vc_raw_html]JTNDZm9ybSUyMGFjdGlvbiUzRCUyMmh0dHBzJTNBJTJGJTJGd3d3LnBheXBhbC5jb20lMkZjZ2ktYmluJTJGd2Vic2NyJTIyJTIwbWV0aG9kJTNEJTIycG9zdCUyMiUyMHRhcmdldCUzRCUyMl90b3AlMjIlM0UlMEElM0NpbnB1dCUyMHR5cGUlM0QlMjJoaWRkZW4lMjIlMjBuYW1lJTNEJTIyY21kJTIyJTIwdmFsdWUlM0QlMjJfeGNsaWNrJTIyJTNFJTBBJTNDaW5wdXQlMjB0eXBlJTNEJTIyaGlkZGVuJTIyJTIwbmFtZSUzRCUyMmJ1c2luZXNzJTIyJTIwdmFsdWUlM0QlMjJyaWFwcm95ZWN0b3MlNDBnbWFpbC5jb20lMjIlM0UlMEElM0NpbnB1dCUyMHR5cGUlM0QlMjJoaWRkZW4lMjIlMjBuYW1lJTNEJTIybGMlMjIlMjB2YWx1ZSUzRCUyMkVTJTIyJTNFJTBBJTNDaW5wdXQlMjB0eXBlJTNEJTIyaGlkZGVuJTIyJTIwbmFtZSUzRCUyMml0ZW1fbmFtZSUyMiUyMHZhbHVlJTNEJTIyRGlwbG9tYSUyMEN1cnNvJTIwUklBJTIwVGVjbmljbyUyMEdlc3Rpb24lMjBFbnRpZGFkZXMlMjBubyUyMEx1Y3JhdGl2YXMlMjIlM0UlMEElM0NpbnB1dCUyMHR5cGUlM0QlMjJoaWRkZW4lMjIlMjBuYW1lJTNEJTIyYW1vdW50JTIyJTIwdmFsdWUlM0QlMjI1Ni4wMCUyMiUzRSUwQSUzQ2lucHV0JTIwdHlwZSUzRCUyMmhpZGRlbiUyMiUyMG5hbWUlM0QlMjJjdXJyZW5jeV9jb2RlJTIyJTIwdmFsdWUlM0QlMjJFVVIlMjIlM0UlMEElM0NpbnB1dCUyMHR5cGUlM0QlMjJoaWRkZW4lMjIlMjBuYW1lJTNEJTIyYnV0dG9uX3N1YnR5cGUlMjIlMjB2YWx1ZSUzRCUyMnNlcnZpY2VzJTIyJTNFJTBBJTNDaW5wdXQlMjB0eXBlJTNEJTIyaGlkZGVuJTIyJTIwbmFtZSUzRCUyMm5vX25vdGUlMjIlMjB2YWx1ZSUzRCUyMjAlMjIlM0UlMEElM0NpbnB1dCUyMHR5cGUlM0QlMjJoaWRkZW4lMjIlMjBuYW1lJTNEJTIyYm4lMjIlMjB2YWx1ZSUzRCUyMlBQLUJ1eU5vd0JGJTNBYnRuX2J1eW5vd0NDX0xHLmdpZiUzQU5vbkhvc3RlZEd1ZXN0JTIyJTNFJTBBJTNDaW5wdXQlMjB0eXBlJTNEJTIyaW1hZ2UlMjIlMjBzcmMlM0QlMjJodHRwJTNBJTJGJTJGZGl2dWxnYWNpb25kaW5hbWljYS5pbmZvJTJGcHJvbW9zJTJGd3AtY29udGVudCUyRnVwbG9hZHMlMkYyMDE1JTJGMTAlMkZjb21wcmFyLmdpZiUyMiUyMGJvcmRlciUzRCUyMjAlMjIlMjBuYW1lJTNEJTIyc3VibWl0JTIyJTIwYWx0JTNEJTIyUGF5UGFsLiUyMExhJTIwZm9ybWElMjByJUMzJUExcGlkYSUyMHklMjBzZWd1cmElMjBkZSUyMHBhZ2FyJTIwZW4lMjBJbnRlcm5ldC4lMjIlM0UlMEElM0NpbWclMjBhbHQlM0QlMjIlMjIlMjBib3JkZXIlM0QlMjIwJTIyJTIwc3JjJTNEJTIyaHR0cHMlM0ElMkYlMkZ3d3cucGF5cGFsb2JqZWN0cy5jb20lMkZlc19FUyUyRmklMkZzY3IlMkZwaXhlbC5naWYlMjIlMjB3aWR0aCUzRCUyMjElMjIlMjBoZWlnaHQlM0QlMjIxJTIyJTNFJTBBJTNDJTJGZm9ybSUzRQ==[\/vc_raw_html][\/vc_column_inner][\/vc_row_inner][\/vc_column][\/vc_row][vc_row css=\u00bb.vc_custom_1444989443736{margin-top: 55px !important;margin-bottom: 55px !important;}\u00bb][vc_column][\/vc_column][\/vc_row]<\/p>\n","protected":false},"excerpt":{"rendered":"<p>[vc_row css=\u00bb.vc_custom_1444907298779{margin-top: 5px !important;margin-bottom: 25px !important;}\u00bb][vc_column width=\u00bb1\/2&#8243;][vc_single_image image=\u00bb1096&#8243; img_size=\u00bb472&#215;115&#8243; alignment=\u00bb\u00bb][\/vc_column][vc_column width=\u00bb1\/2&#8243;][vc_column_text] Tel\u00e9fono internacional: +34 620 77 31 43 info@planformativoria.info [\/vc_column_text][\/vc_column][\/vc_row][vc_row][vc_column][vc_single_image image=\u00bb2083&#8243; img_size=\u00bbfull\u00bb alignment=\u00bbcenter\u00bb][\/vc_column][\/vc_row][vc_row css=\u00bb.vc_custom_1456833748758{margin-top: 40px !important;margin-bottom: 50px !important;padding-right: 10px !important;padding-left: 10px !important;}\u00bb][vc_column][vc_column_text css=\u00bb.vc_custom_1456834024757{margin-top: 30px !important;margin-bottom: 10px !important;}\u00bb] Para formalizar la<\/p>\n","protected":false},"author":1,"featured_media":0,"parent":0,"menu_order":0,"comment_status":"closed","ping_status":"closed","template":"","meta":[],"yoast_head":"<!-- This site is optimized with the Yoast SEO plugin v15.7 - https:\/\/yoast.com\/wordpress\/plugins\/seo\/ -->\n<title>Secretar\u00eda Virtual RIA- Diploma Curso T\u00e9cnico en Gesti\u00f3n de Entidades no Lucrativas - Divulgaci\u00f3n Din\u00e1mica<\/title>\n<meta name=\"robots\" content=\"index, follow, max-snippet:-1, max-image-preview:large, max-video-preview:-1\" \/>\n<link rel=\"canonical\" href=\"https:\/\/divulgaciondinamica.info\/promos\/secretaria-virtual-ria-diploma-curso-tecnico-en-gestion-de-entidades-no-lucrativas\/\" \/>\n<meta property=\"og:locale\" content=\"es_ES\" \/>\n<meta property=\"og:type\" content=\"article\" \/>\n<meta property=\"og:title\" content=\"Secretar\u00eda Virtual RIA- Diploma Curso T\u00e9cnico en Gesti\u00f3n de Entidades no Lucrativas - Divulgaci\u00f3n Din\u00e1mica\" \/>\n<meta property=\"og:description\" content=\"[vc_row css=\u00bb.vc_custom_1444907298779{margin-top: 5px !important;margin-bottom: 25px !important;}\u00bb][vc_column width=\u00bb1\/2&#8243;][vc_single_image image=\u00bb1096&#8243; img_size=\u00bb472&#215;115&#8243; alignment=\u00bb\u00bb][\/vc_column][vc_column width=\u00bb1\/2&#8243;][vc_column_text] Tel\u00e9fono internacional: +34 620 77 31 43 info@planformativoria.info [\/vc_column_text][\/vc_column][\/vc_row][vc_row][vc_column][vc_single_image image=\u00bb2083&#8243; img_size=\u00bbfull\u00bb alignment=\u00bbcenter\u00bb][\/vc_column][\/vc_row][vc_row css=\u00bb.vc_custom_1456833748758{margin-top: 40px !important;margin-bottom: 50px !important;padding-right: 10px !important;padding-left: 10px !important;}\u00bb][vc_column][vc_column_text css=\u00bb.vc_custom_1456834024757{margin-top: 30px !important;margin-bottom: 10px !important;}\u00bb] Para formalizar la\" \/>\n<meta property=\"og:url\" content=\"https:\/\/divulgaciondinamica.info\/promos\/secretaria-virtual-ria-diploma-curso-tecnico-en-gestion-de-entidades-no-lucrativas\/\" \/>\n<meta property=\"og:site_name\" content=\"Divulgaci\u00f3n Din\u00e1mica\" \/>\n<meta property=\"article:publisher\" content=\"https:\/\/www.facebook.com\/divulgaciondinamicaformacion\/\" \/>\n<meta property=\"article:modified_time\" content=\"2016-07-18T12:49:59+00:00\" \/>\n<meta name=\"twitter:card\" content=\"summary_large_image\" \/>\n<meta name=\"twitter:site\" content=\"@divulgaciond\" \/>\n<meta name=\"twitter:label1\" content=\"Tiempo de lectura\">\n\t<meta name=\"twitter:data1\" content=\"3 minutos\">\n<script type=\"application\/ld+json\" class=\"yoast-schema-graph\">{\"@context\":\"https:\/\/schema.org\",\"@graph\":[{\"@type\":\"Organization\",\"@id\":\"https:\/\/divulgaciondinamica.info\/promos\/#organization\",\"name\":\"Divulgaci\\u00f3n Din\\u00e1mica S.L.\",\"url\":\"https:\/\/divulgaciondinamica.info\/promos\/\",\"sameAs\":[\"https:\/\/www.facebook.com\/divulgaciondinamicaformacion\/\",\"https:\/\/www.instagram.com\/divulgaciondinamica\",\"https:\/\/www.linkedin.com\/company-beta\/9490428\/\",\"https:\/\/www.youtube.com\/user\/ddinamica2010\",\"https:\/\/twitter.com\/divulgaciond\"],\"logo\":{\"@type\":\"ImageObject\",\"@id\":\"https:\/\/divulgaciondinamica.info\/promos\/#logo\",\"inLanguage\":\"es\",\"url\":\"https:\/\/divulgaciondinamica.info\/promos\/wp-content\/uploads\/2016\/02\/logo-divulgaciondinamica-ddf.png\",\"width\":400,\"height\":79,\"caption\":\"Divulgaci\\u00f3n Din\\u00e1mica S.L.\"},\"image\":{\"@id\":\"https:\/\/divulgaciondinamica.info\/promos\/#logo\"}},{\"@type\":\"WebSite\",\"@id\":\"https:\/\/divulgaciondinamica.info\/promos\/#website\",\"url\":\"https:\/\/divulgaciondinamica.info\/promos\/\",\"name\":\"Divulgaci\\u00f3n Din\\u00e1mica\",\"description\":\"Formaci\\u00f3n de calidad al alcance de todos\",\"publisher\":{\"@id\":\"https:\/\/divulgaciondinamica.info\/promos\/#organization\"},\"potentialAction\":[{\"@type\":\"SearchAction\",\"target\":\"https:\/\/divulgaciondinamica.info\/promos\/?s={search_term_string}\",\"query-input\":\"required name=search_term_string\"}],\"inLanguage\":\"es\"},{\"@type\":\"WebPage\",\"@id\":\"https:\/\/divulgaciondinamica.info\/promos\/secretaria-virtual-ria-diploma-curso-tecnico-en-gestion-de-entidades-no-lucrativas\/#webpage\",\"url\":\"https:\/\/divulgaciondinamica.info\/promos\/secretaria-virtual-ria-diploma-curso-tecnico-en-gestion-de-entidades-no-lucrativas\/\",\"name\":\"Secretar\\u00eda Virtual RIA- Diploma Curso T\\u00e9cnico en Gesti\\u00f3n de Entidades no Lucrativas - Divulgaci\\u00f3n Din\\u00e1mica\",\"isPartOf\":{\"@id\":\"https:\/\/divulgaciondinamica.info\/promos\/#website\"},\"datePublished\":\"2016-07-18T12:08:41+00:00\",\"dateModified\":\"2016-07-18T12:49:59+00:00\",\"inLanguage\":\"es\",\"potentialAction\":[{\"@type\":\"ReadAction\",\"target\":[\"https:\/\/divulgaciondinamica.info\/promos\/secretaria-virtual-ria-diploma-curso-tecnico-en-gestion-de-entidades-no-lucrativas\/\"]}]}]}<\/script>\n<!-- \/ Yoast SEO plugin. -->","_links":{"self":[{"href":"https:\/\/divulgaciondinamica.info\/promos\/wp-json\/wp\/v2\/pages\/3340"}],"collection":[{"href":"https:\/\/divulgaciondinamica.info\/promos\/wp-json\/wp\/v2\/pages"}],"about":[{"href":"https:\/\/divulgaciondinamica.info\/promos\/wp-json\/wp\/v2\/types\/page"}],"author":[{"embeddable":true,"href":"https:\/\/divulgaciondinamica.info\/promos\/wp-json\/wp\/v2\/users\/1"}],"replies":[{"embeddable":true,"href":"https:\/\/divulgaciondinamica.info\/promos\/wp-json\/wp\/v2\/comments?post=3340"}],"version-history":[{"count":3,"href":"https:\/\/divulgaciondinamica.info\/promos\/wp-json\/wp\/v2\/pages\/3340\/revisions"}],"predecessor-version":[{"id":3344,"href":"https:\/\/divulgaciondinamica.info\/promos\/wp-json\/wp\/v2\/pages\/3340\/revisions\/3344"}],"wp:attachment":[{"href":"https:\/\/divulgaciondinamica.info\/promos\/wp-json\/wp\/v2\/media?parent=3340"}],"curies":[{"name":"wp","href":"https:\/\/api.w.org\/{rel}","templated":true}]}}