{"id":3318,"date":"2016-07-18T10:46:37","date_gmt":"2016-07-18T10:46:37","guid":{"rendered":"http:\/\/divulgaciondinamica.info\/promos\/?page_id=3318"},"modified":"2016-07-18T11:39:20","modified_gmt":"2016-07-18T11:39:20","slug":"seminario-30-h-dinamizacion-de-equipamientos-culturales-ciudadanos","status":"publish","type":"page","link":"https:\/\/divulgaciondinamica.info\/promos\/seminario-30-h-dinamizacion-de-equipamientos-culturales-ciudadanos\/","title":{"rendered":"Seminario 30 h. Dinamizaci\u00f3n de Equipamientos Culturales Ciudadanos"},"content":{"rendered":"<p>[vc_row css=\u00bb.vc_custom_1427804811471{margin-top: 25px !important;margin-bottom: 25px !important;}\u00bb][vc_column width=\u00bb2\/3&#8243;][vc_single_image image=\u00bb2726&#8243; img_size=\u00bb661&#215;82&#8243;][\/vc_column][vc_column width=\u00bb1\/3&#8243;][vc_column_text]<\/p>\n<h6 style=\"text-align: right;\"><i class=\"fa fa-whatsapp\"><\/i> 629 27 39 96<\/h6>\n<p style=\"text-align: right;\"><strong>promotora4@divulgaciondinamica.es<\/strong><\/p>\n<p>[\/vc_column_text][\/vc_column][\/vc_row][vc_row css=\u00bb.vc_custom_1467634262986{margin-right: 8px !important;margin-left: 1px !important;padding-top: 10px !important;padding-right: 5px !important;padding-left: 5px !important;background-color: #eeeeee !important;}\u00bb][vc_column][vc_column_text]<\/p>\n<p style=\"text-align: center;\">Divulgaci\u00f3n Din\u00e1mica es un Club de Formaci\u00f3n que apuesta por una <strong>educaci\u00f3n de calidad al alcance de todos<\/strong>.<\/p>\n<p>[\/vc_column_text][\/vc_column][\/vc_row][vc_row][vc_column][vc_column_text]<img loading=\"lazy\" class=\"alignleft wp-image-3320 size-full\" src=\"http:\/\/divulgaciondinamica.info\/promos\/wp-content\/uploads\/2016\/07\/imagen-seminario-dinamizacion-de-equipamientos-culturales-ciudadanos.jpg\" alt=\"\" width=\"643\" height=\"434\" srcset=\"https:\/\/divulgaciondinamica.info\/promos\/wp-content\/uploads\/2016\/07\/imagen-seminario-dinamizacion-de-equipamientos-culturales-ciudadanos.jpg 643w, https:\/\/divulgaciondinamica.info\/promos\/wp-content\/uploads\/2016\/07\/imagen-seminario-dinamizacion-de-equipamientos-culturales-ciudadanos-300x202.jpg 300w\" sizes=\"(max-width: 643px) 100vw, 643px\" \/><a href=\"http:\/\/www.divulgaciondinamica.es\/secretaria\/alumnos\/form\/484\/\" target=\"_blank\"><img loading=\"lazy\" class=\"alignleft wp-image-3321 size-full\" src=\"http:\/\/divulgaciondinamica.info\/promos\/wp-content\/uploads\/2016\/07\/informacion-seminario-dinamizaci\u00f3n-equipamientos-culturales-ciudadanos.png\" alt=\"\" width=\"417\" height=\"434\" srcset=\"https:\/\/divulgaciondinamica.info\/promos\/wp-content\/uploads\/2016\/07\/informacion-seminario-dinamizaci\u00f3n-equipamientos-culturales-ciudadanos.png 417w, https:\/\/divulgaciondinamica.info\/promos\/wp-content\/uploads\/2016\/07\/informacion-seminario-dinamizaci\u00f3n-equipamientos-culturales-ciudadanos-288x300.png 288w\" sizes=\"(max-width: 417px) 100vw, 417px\" \/><\/a>[\/vc_column_text][\/vc_column][\/vc_row][vc_row][vc_column][\/vc_column][\/vc_row][vc_row css=\u00bb.vc_custom_1427805189823{margin-top: 35px !important;margin-bottom: 35px !important;}\u00bb][vc_column width=\u00bb1\/2&#8243;][vc_column_text css=\u00bb.vc_custom_1468841323509{margin-bottom: 30px !important;}\u00bb]<img loading=\"lazy\" class=\"alignleft size-full wp-image-3332\" src=\"http:\/\/divulgaciondinamica.info\/promos\/wp-content\/uploads\/2016\/07\/diploma-digital.png\" alt=\"diploma-digital\" width=\"479\" height=\"230\" srcset=\"https:\/\/divulgaciondinamica.info\/promos\/wp-content\/uploads\/2016\/07\/diploma-digital.png 479w, https:\/\/divulgaciondinamica.info\/promos\/wp-content\/uploads\/2016\/07\/diploma-digital-300x144.png 300w\" sizes=\"(max-width: 479px) 100vw, 479px\" \/>[\/vc_column_text][\/vc_column][vc_column width=\u00bb1\/2&#8243;][vc_column_text]<\/p>\n<div id=\"stcpDiv\">\n<h3 style=\"text-align: left;\" align=\"justify\"><span style=\"color: #b80968;\">Temario del Seminario:<\/span><\/h3>\n<p>&nbsp;<\/p>\n<div id=\"stcpDiv\">\n<p><span style=\"color: #808080;\"><strong>1. DINAMIZACI\u00d3N DE EQUIPAMIENTOS CULTURALES CIUDADANOS<\/strong><\/span><\/p>\n<p><span style=\"color: #808080;\">1.1 Animaci\u00f3n sociocultural como metodolog\u00eda de dinamizaci\u00f3n cultural<\/span><br \/>\n<span style=\"color: #808080;\"> 1.2 Funciones y \u00e1mbitos de la ASC<\/span><br \/>\n<span style=\"color: #808080;\"> 1.3 Metodolog\u00eda de la ASC<\/span><br \/>\n<span style=\"color: #808080;\"> 1.4 Herramientas para la inserci\u00f3n territorial<\/span><br \/>\n<span style=\"color: #808080;\"> 1.5 Herramientas para fortalecer la participaci\u00f3n cultural local<\/span><br \/>\n<span style=\"color: #808080;\"> 1.6 Herramientas para el desarrollo art\u00edstico-cultural<\/span><br \/>\n<span style=\"color: #808080;\"> 1.7 T\u00e9cnicas de creatividad<\/span><\/p>\n<\/div>\n<\/div>\n<p>[\/vc_column_text][\/vc_column][\/vc_row][vc_row css=\u00bb.vc_custom_1427806970509{margin-top: 35px !important;margin-bottom: 35px !important;}\u00bb][vc_column][vc_column_text]<\/p>\n<p style=\"text-align: center;\"><a class=\"vc_btn vc_btn_orange vc_btn-orange vc_btn_lg vc_btn-lg vc_btn_rounded\" title=\"\" href=\"http:\/\/www.divulgaciondinamica.es\/secretaria\/alumnos\/form\/484\/\" target=\"_blank\">INSCRIPCI\u00d3N<\/a><\/p>\n<p>[\/vc_column_text][\/vc_column][\/vc_row][vc_row css=\u00bb.vc_custom_1468841950351{margin-top: 45px !important;margin-bottom: 25px !important;}\u00bb][vc_column][vc_separator][vc_single_image image=\u00bb3335&#8243; img_size=\u00bbfull\u00bb alignment=\u00bbcenter\u00bb css=\u00bb.vc_custom_1468841652573{margin-top: 15px !important;margin-bottom: 15px !important;}\u00bb][vc_separator][\/vc_column][\/vc_row]<\/p>\n","protected":false},"excerpt":{"rendered":"<p>[vc_row css=\u00bb.vc_custom_1427804811471{margin-top: 25px !important;margin-bottom: 25px !important;}\u00bb][vc_column width=\u00bb2\/3&#8243;][vc_single_image image=\u00bb2726&#8243; img_size=\u00bb661&#215;82&#8243;][\/vc_column][vc_column width=\u00bb1\/3&#8243;][vc_column_text] 629 27 39 96 promotora4@divulgaciondinamica.es [\/vc_column_text][\/vc_column][\/vc_row][vc_row css=\u00bb.vc_custom_1467634262986{margin-right: 8px !important;margin-left: 1px !important;padding-top: 10px !important;padding-right: 5px !important;padding-left: 5px !important;background-color: #eeeeee !important;}\u00bb][vc_column][vc_column_text] Divulgaci\u00f3n Din\u00e1mica es un Club de Formaci\u00f3n que apuesta por una<\/p>\n","protected":false},"author":1,"featured_media":0,"parent":0,"menu_order":0,"comment_status":"closed","ping_status":"closed","template":"","meta":[],"yoast_head":"<!-- This site is optimized with the Yoast SEO plugin v15.7 - https:\/\/yoast.com\/wordpress\/plugins\/seo\/ -->\n<title>Seminario 30 h. Dinamizaci\u00f3n de Equipamientos Culturales Ciudadanos - Divulgaci\u00f3n Din\u00e1mica<\/title>\n<meta name=\"robots\" content=\"index, follow, max-snippet:-1, max-image-preview:large, max-video-preview:-1\" \/>\n<link rel=\"canonical\" href=\"https:\/\/divulgaciondinamica.info\/promos\/seminario-30-h-dinamizacion-de-equipamientos-culturales-ciudadanos\/\" \/>\n<meta property=\"og:locale\" content=\"es_ES\" \/>\n<meta property=\"og:type\" content=\"article\" \/>\n<meta property=\"og:title\" content=\"Seminario 30 h. Dinamizaci\u00f3n de Equipamientos Culturales Ciudadanos - Divulgaci\u00f3n Din\u00e1mica\" \/>\n<meta property=\"og:description\" content=\"[vc_row css=\u00bb.vc_custom_1427804811471{margin-top: 25px !important;margin-bottom: 25px !important;}\u00bb][vc_column width=\u00bb2\/3&#8243;][vc_single_image image=\u00bb2726&#8243; img_size=\u00bb661&#215;82&#8243;][\/vc_column][vc_column width=\u00bb1\/3&#8243;][vc_column_text] 629 27 39 96 promotora4@divulgaciondinamica.es [\/vc_column_text][\/vc_column][\/vc_row][vc_row css=\u00bb.vc_custom_1467634262986{margin-right: 8px !important;margin-left: 1px !important;padding-top: 10px !important;padding-right: 5px !important;padding-left: 5px !important;background-color: #eeeeee !important;}\u00bb][vc_column][vc_column_text] Divulgaci\u00f3n Din\u00e1mica es un Club de Formaci\u00f3n que apuesta por una\" \/>\n<meta property=\"og:url\" content=\"https:\/\/divulgaciondinamica.info\/promos\/seminario-30-h-dinamizacion-de-equipamientos-culturales-ciudadanos\/\" \/>\n<meta property=\"og:site_name\" content=\"Divulgaci\u00f3n Din\u00e1mica\" \/>\n<meta property=\"article:publisher\" content=\"https:\/\/www.facebook.com\/divulgaciondinamicaformacion\/\" \/>\n<meta property=\"article:modified_time\" content=\"2016-07-18T11:39:20+00:00\" \/>\n<meta property=\"og:image\" content=\"http:\/\/divulgaciondinamica.info\/promos\/wp-content\/uploads\/2016\/07\/imagen-seminario-dinamizacion-de-equipamientos-culturales-ciudadanos.jpg\" \/>\n<meta name=\"twitter:card\" content=\"summary_large_image\" \/>\n<meta name=\"twitter:site\" content=\"@divulgaciond\" \/>\n<meta name=\"twitter:label1\" content=\"Tiempo de lectura\">\n\t<meta name=\"twitter:data1\" content=\"1 minuto\">\n<script type=\"application\/ld+json\" class=\"yoast-schema-graph\">{\"@context\":\"https:\/\/schema.org\",\"@graph\":[{\"@type\":\"Organization\",\"@id\":\"https:\/\/divulgaciondinamica.info\/promos\/#organization\",\"name\":\"Divulgaci\\u00f3n Din\\u00e1mica S.L.\",\"url\":\"https:\/\/divulgaciondinamica.info\/promos\/\",\"sameAs\":[\"https:\/\/www.facebook.com\/divulgaciondinamicaformacion\/\",\"https:\/\/www.instagram.com\/divulgaciondinamica\",\"https:\/\/www.linkedin.com\/company-beta\/9490428\/\",\"https:\/\/www.youtube.com\/user\/ddinamica2010\",\"https:\/\/twitter.com\/divulgaciond\"],\"logo\":{\"@type\":\"ImageObject\",\"@id\":\"https:\/\/divulgaciondinamica.info\/promos\/#logo\",\"inLanguage\":\"es\",\"url\":\"https:\/\/divulgaciondinamica.info\/promos\/wp-content\/uploads\/2016\/02\/logo-divulgaciondinamica-ddf.png\",\"width\":400,\"height\":79,\"caption\":\"Divulgaci\\u00f3n Din\\u00e1mica S.L.\"},\"image\":{\"@id\":\"https:\/\/divulgaciondinamica.info\/promos\/#logo\"}},{\"@type\":\"WebSite\",\"@id\":\"https:\/\/divulgaciondinamica.info\/promos\/#website\",\"url\":\"https:\/\/divulgaciondinamica.info\/promos\/\",\"name\":\"Divulgaci\\u00f3n Din\\u00e1mica\",\"description\":\"Formaci\\u00f3n de calidad al alcance de todos\",\"publisher\":{\"@id\":\"https:\/\/divulgaciondinamica.info\/promos\/#organization\"},\"potentialAction\":[{\"@type\":\"SearchAction\",\"target\":\"https:\/\/divulgaciondinamica.info\/promos\/?s={search_term_string}\",\"query-input\":\"required name=search_term_string\"}],\"inLanguage\":\"es\"},{\"@type\":\"ImageObject\",\"@id\":\"https:\/\/divulgaciondinamica.info\/promos\/seminario-30-h-dinamizacion-de-equipamientos-culturales-ciudadanos\/#primaryimage\",\"inLanguage\":\"es\",\"url\":\"http:\/\/divulgaciondinamica.info\/promos\/wp-content\/uploads\/2016\/07\/imagen-seminario-dinamizacion-de-equipamientos-culturales-ciudadanos.jpg\"},{\"@type\":\"WebPage\",\"@id\":\"https:\/\/divulgaciondinamica.info\/promos\/seminario-30-h-dinamizacion-de-equipamientos-culturales-ciudadanos\/#webpage\",\"url\":\"https:\/\/divulgaciondinamica.info\/promos\/seminario-30-h-dinamizacion-de-equipamientos-culturales-ciudadanos\/\",\"name\":\"Seminario 30 h. Dinamizaci\\u00f3n de Equipamientos Culturales Ciudadanos - Divulgaci\\u00f3n Din\\u00e1mica\",\"isPartOf\":{\"@id\":\"https:\/\/divulgaciondinamica.info\/promos\/#website\"},\"primaryImageOfPage\":{\"@id\":\"https:\/\/divulgaciondinamica.info\/promos\/seminario-30-h-dinamizacion-de-equipamientos-culturales-ciudadanos\/#primaryimage\"},\"datePublished\":\"2016-07-18T10:46:37+00:00\",\"dateModified\":\"2016-07-18T11:39:20+00:00\",\"inLanguage\":\"es\",\"potentialAction\":[{\"@type\":\"ReadAction\",\"target\":[\"https:\/\/divulgaciondinamica.info\/promos\/seminario-30-h-dinamizacion-de-equipamientos-culturales-ciudadanos\/\"]}]}]}<\/script>\n<!-- \/ Yoast SEO plugin. -->","_links":{"self":[{"href":"https:\/\/divulgaciondinamica.info\/promos\/wp-json\/wp\/v2\/pages\/3318"}],"collection":[{"href":"https:\/\/divulgaciondinamica.info\/promos\/wp-json\/wp\/v2\/pages"}],"about":[{"href":"https:\/\/divulgaciondinamica.info\/promos\/wp-json\/wp\/v2\/types\/page"}],"author":[{"embeddable":true,"href":"https:\/\/divulgaciondinamica.info\/promos\/wp-json\/wp\/v2\/users\/1"}],"replies":[{"embeddable":true,"href":"https:\/\/divulgaciondinamica.info\/promos\/wp-json\/wp\/v2\/comments?post=3318"}],"version-history":[{"count":5,"href":"https:\/\/divulgaciondinamica.info\/promos\/wp-json\/wp\/v2\/pages\/3318\/revisions"}],"predecessor-version":[{"id":3339,"href":"https:\/\/divulgaciondinamica.info\/promos\/wp-json\/wp\/v2\/pages\/3318\/revisions\/3339"}],"wp:attachment":[{"href":"https:\/\/divulgaciondinamica.info\/promos\/wp-json\/wp\/v2\/media?parent=3318"}],"curies":[{"name":"wp","href":"https:\/\/api.w.org\/{rel}","templated":true}]}}