{"id":3216,"date":"2016-07-01T08:37:15","date_gmt":"2016-07-01T08:37:15","guid":{"rendered":"http:\/\/divulgaciondinamica.info\/promos\/?page_id=3216"},"modified":"2017-04-05T12:50:52","modified_gmt":"2017-04-05T12:50:52","slug":"curso-de-gerontologia-y-atencion-geriatrica-2","status":"publish","type":"page","link":"https:\/\/divulgaciondinamica.info\/promos\/curso-de-gerontologia-y-atencion-geriatrica-2\/","title":{"rendered":"Curso de Gerontolog\u00eda y Atenci\u00f3n Geri\u00e1trica"},"content":{"rendered":"<p>[vc_row css=\u00bb.vc_custom_1427804811471{margin-top: 25px !important;margin-bottom: 25px !important;}\u00bb][vc_column width=\u00bb2\/3&#8243;][vc_single_image image=\u00bb1573&#8243; img_size=\u00bb661&#215;82&#8243;][\/vc_column][vc_column width=\u00bb1\/3&#8243;][vc_column_text]<\/p>\n<h6 style=\"text-align: right;\"><i class=\"fa fa-whatsapp\"><\/i> 618 88 94 42<\/h6>\n<p style=\"text-align: right;\"><strong>soporte4@divulgaciondinamica.es<\/strong><\/p>\n<p>[\/vc_column_text][\/vc_column][\/vc_row][vc_row css=\u00bb.vc_custom_1489484355483{margin-top: 25px !important;margin-bottom: 15px !important;}\u00bb][vc_column][vc_custom_heading text=\u00bbCurso Online<br \/>\n\u00bb font_container=\u00bbtag:p|font_size:32|text_align:center|color:%230a7aba|line_height:1.1&#8243; google_fonts=\u00bbfont_family:Lato%3A100%2C100italic%2C300%2C300italic%2Cregular%2Citalic%2C700%2C700italic%2C900%2C900italic|font_style:300%20light%20regular%3A300%3Anormal\u00bb css=\u00bb.vc_custom_1490955635731{margin-bottom: 15px !important;}\u00bb][vc_custom_heading text=\u00bbGerontolog\u00eda y Atenci\u00f3n Geri\u00e1trica\u00bb font_container=\u00bbtag:h1|font_size:38|text_align:center|color:%230a7aba|line_height:1.1&#8243; google_fonts=\u00bbfont_family:Lato%3A100%2C100italic%2C300%2C300italic%2Cregular%2Citalic%2C700%2C700italic%2C900%2C900italic|font_style:900%20bold%20regular%3A900%3Anormal\u00bb css=\u00bb.vc_custom_1491396563009{margin-bottom: 15px !important;}\u00bb][\/vc_column][\/vc_row][vc_row css=\u00bb.vc_custom_1465301433310{margin-right: 8px !important;margin-left: 1px !important;padding-top: 10px !important;padding-right: 5px !important;padding-left: 5px !important;background-color: #eeeeee !important;}\u00bb][vc_column][vc_column_text]<\/p>\n<p style=\"text-align: center;\">Divulgaci\u00f3n Din\u00e1mica es un Club de Formaci\u00f3n internacional que apuesta por una <strong>educaci\u00f3n de calidad al alcance de todos<\/strong>.<\/p>\n<p>[\/vc_column_text][\/vc_column][\/vc_row][vc_row][vc_column][vc_column_text]<img loading=\"lazy\" class=\"alignleft wp-image-3194 size-full\" title=\"Gerontolog\u00eda y Atenci\u00f3n Geri\u00e1trica\" src=\"http:\/\/divulgaciondinamica.info\/promos\/wp-content\/uploads\/2016\/06\/curso-atencion-geriatrica-y-gerontologia.jpg\" alt=\"Curso de Gerontolog\u00eda y Atenci\u00f3n Geri\u00e1trica Online\" width=\"643\" height=\"434\" srcset=\"https:\/\/divulgaciondinamica.info\/promos\/wp-content\/uploads\/2016\/06\/curso-atencion-geriatrica-y-gerontologia.jpg 643w, https:\/\/divulgaciondinamica.info\/promos\/wp-content\/uploads\/2016\/06\/curso-atencion-geriatrica-y-gerontologia-300x202.jpg 300w\" sizes=\"(max-width: 643px) 100vw, 643px\" \/><a href=\"http:\/\/www.divulgaciondinamica.es\/secretaria\/alumnos\/form\/448\/\" target=\"_blank\"><img loading=\"lazy\" class=\"alignleft wp-image-3200 size-full\" title=\"Solicita informaci\u00f3n del curso de Gerontolog\u00eda y Atenci\u00f3n Geri\u00e1trica\" src=\"http:\/\/divulgaciondinamica.info\/promos\/wp-content\/uploads\/2016\/06\/PROMO-Curso-Gerontolog\u00eda-y-Atenci\u00f3n-Geri\u00e1trica_02.png\" alt=\"Gerontolog\u00eda y Atenci\u00f3n Geri\u00e1trica\" width=\"417\" height=\"434\" srcset=\"https:\/\/divulgaciondinamica.info\/promos\/wp-content\/uploads\/2016\/06\/PROMO-Curso-Gerontolog\u00eda-y-Atenci\u00f3n-Geri\u00e1trica_02.png 417w, https:\/\/divulgaciondinamica.info\/promos\/wp-content\/uploads\/2016\/06\/PROMO-Curso-Gerontolog\u00eda-y-Atenci\u00f3n-Geri\u00e1trica_02-288x300.png 288w\" sizes=\"(max-width: 417px) 100vw, 417px\" \/><\/a>[\/vc_column_text][\/vc_column][\/vc_row][vc_row css=\u00bb.vc_custom_1467284373358{margin-top: -25px !important;margin-bottom: -15px !important;}\u00bb][vc_column width=\u00bb1\/3&#8243;][vc_column_text][\/vc_column_text][\/vc_column][vc_column width=\u00bb1\/3&#8243;][vc_column_text][\/vc_column_text][\/vc_column][vc_column width=\u00bb1\/3&#8243;][vc_column_text css=\u00bb.vc_custom_1467708850634{padding-right: 55px !important;}\u00bb]<\/p>\n<h4 style=\"text-align: center;\"><strong><span style=\"color: #ff9900;\">OBT\u00c9N NUESTRA OFERTA:<br \/>\n\u00a1Inscr\u00edbete ahora y comienza en septiembre!<\/span><\/strong><\/h4>\n<p>[\/vc_column_text][\/vc_column][\/vc_row][vc_row css=\u00bb.vc_custom_1427804437681{margin-top: 35px !important;margin-bottom: 35px !important;}\u00bb][vc_column width=\u00bb1\/4&#8243;][vc_single_image image=\u00bb2984&#8243; img_size=\u00bb250&#215;195&#8243; alignment=\u00bbcenter\u00bb][\/vc_column][vc_column width=\u00bb1\/4&#8243;][vc_single_image image=\u00bb2983&#8243; img_size=\u00bb250&#215;195&#8243; alignment=\u00bbcenter\u00bb][\/vc_column][vc_column width=\u00bb1\/4&#8243;][vc_single_image image=\u00bb2986&#8243; img_size=\u00bb250&#215;195&#8243; alignment=\u00bbcenter\u00bb][\/vc_column][vc_column width=\u00bb1\/4&#8243;][vc_single_image image=\u00bb3198&#8243; img_size=\u00bb250&#215;195&#8243; alignment=\u00bbcenter\u00bb][\/vc_column][\/vc_row][vc_row][vc_column][\/vc_column][\/vc_row][vc_row css=\u00bb.vc_custom_1427805189823{margin-top: 35px !important;margin-bottom: 35px !important;}\u00bb][vc_column width=\u00bb1\/2&#8243;][vc_column_text css=\u00bb.vc_custom_1491396644931{margin-bottom: 30px !important;}\u00bb]<\/p>\n<div id=\"stcpDiv\">\n<h3 style=\"text-align: left;\" align=\"justify\">Presentaci\u00f3n del Curso:<\/h3>\n<p>&nbsp;<\/p>\n<p>El progresivo envejecimiento de la poblaci\u00f3n y el incremento de la esperanza de vida ponen en evidencia la necesidad de formar nuevos profesionales que puedan proporcionar una atenci\u00f3n de calidad a las personas de edad desde un modelo de atenci\u00f3n integral centrada en la persona. Se viven m\u00e1s a\u00f1os, pero estos deben tener unas condiciones que den a las personas mayores la posibilidad de vivir esta etapa tambi\u00e9n con plenitud.<\/p>\n<p>El curso de Gerontolog\u00eda y Atenci\u00f3n Geri\u00e1trica Online que presentamos tiene como objetivo general\u00a0 adquirir una formaci\u00f3n te\u00f3rico-pr\u00e1ctica en el campo de la geriatr\u00eda y gerontolog\u00eda que capacite para los diferentes niveles de atenci\u00f3n a las personas mayores, tanto en\u00a0 intervenciones relacionadas con el envejecimiento optimo y satisfactorio como en aquellas relacionadas con el envejecimiento patol\u00f3gico, permitiendo a los profesionales o personas interesadas en dar respuesta a los retos que presenta un sector poblacional que est\u00e1 en constante crecimiento\u00a0 y que est\u00e1 demandando una atenci\u00f3n interdisciplinar.<br \/>\n<img loading=\"lazy\" class=\"alignleft size-full wp-image-53\" src=\"http:\/\/divulgaciondinamica.info\/promos\/wp-content\/uploads\/2015\/03\/diploma-digital1.png\" alt=\"diploma-digital\" width=\"479\" height=\"322\" srcset=\"https:\/\/divulgaciondinamica.info\/promos\/wp-content\/uploads\/2015\/03\/diploma-digital1.png 479w, https:\/\/divulgaciondinamica.info\/promos\/wp-content\/uploads\/2015\/03\/diploma-digital1-300x202.png 300w\" sizes=\"(max-width: 479px) 100vw, 479px\" \/><\/p>\n<p style=\"text-align: left;\" align=\"justify\">\n<\/div>\n<p>[\/vc_column_text][\/vc_column][vc_column width=\u00bb1\/2&#8243;][vc_column_text]<\/p>\n<div id=\"stcpDiv\">\n<h3 style=\"text-align: left;\" align=\"justify\">Temario del Curso:<\/h3>\n<p>&nbsp;<\/p>\n<div id=\"stcpDiv\">\n<p><strong>1. GERONTOLOG\u00cdA: ESTUDIO DEL ENVEJECIMIENTO<\/strong><\/p>\n<p>1.1 La gerontolog\u00eda<br \/>\n1.2 El proceso de envejecimiento (f\u00edsico, psicol\u00f3gico, social, sexual)<br \/>\n1.3 Principales patolog\u00edas de la vejez.<br \/>\n1.4 El proceso de muerte<\/p>\n<p><strong>2. ENVEJECIMIENTO ACTIVO Y SALUDABLE<\/strong><\/p>\n<p>2.1 Envejecimiento activo<br \/>\n2.2 Promoci\u00f3n de la salud<br \/>\n2.3 La jubilaci\u00f3n<br \/>\n2.4 El ocio y el tiempo libre<\/p>\n<p><strong>3. ENVEJECIMIENTO Y SOCIEDAD: INSTITUCIONES SOCIALES<\/strong><\/p>\n<p>3.1 Las instituciones sociales. Tipos y caracter\u00edsticas.<br \/>\n3.2 Los mayores en las instituciones sociales.<br \/>\n3.3 Acciones que se llevan a cabo en las residencias. Acciones psicol\u00f3gicas, de terapia ocupacional y de animaci\u00f3n sociocultural.<br \/>\n3.4 El maltrato hacia las personas mayores. Promoci\u00f3n del buen trato.<\/p>\n<p><strong>4. HABILIDADES DE COMUNICACI\u00d3N PARA EL GERONT\u00d3LOGO<\/strong><\/p>\n<p>4.1 El proceso de comunicaci\u00f3n. Comunicaci\u00f3n verbal y no verbal.<br \/>\n4.2 Capacidad de lenguaje en la vejez.<br \/>\n4.3 Pautas para mejorar la comunicaci\u00f3n con las personas mayores.<br \/>\n4.4 Sistemas de comunicaci\u00f3n alternativos y aumentativos.<\/p>\n<p><strong>5. LA ATENCI\u00d3N DOMICILIARIA A PERSONAS DEPENDIENTES<\/strong><\/p>\n<p>5.1 Unidades convivenciales con personas dependientes<br \/>\n5.2 Servicios, programas y profesionales de atenci\u00f3n directa domiciliaria a personas dependientes: caracter\u00edsticas. Estructura funcional<br \/>\n5.3 Lo\/las cuidadores\/as principales y el servicio de ayuda a domicilio<br \/>\n5.4 La intervenci\u00f3n en las situaciones de duelo<br \/>\n5.5 La observaci\u00f3n. Registro de la evoluci\u00f3n funcional<br \/>\n5.6 Las ayudas t\u00e9cnicas y tecnol\u00f3gicas para la vida cotidiana<\/p>\n<p><strong>6. HIGIENE Y ASEO DE LA PERSONA DEPENDIENTE<\/strong><\/p>\n<p>6.1 Principios anatomofisiol\u00f3gicos del \u00f3rgano cut\u00e1neo<br \/>\n6.2 Higiene en el hogar<br \/>\n6.3 Higiene preventiva. Promoci\u00f3n de la salud<br \/>\n6.4 \u00dalceras por presi\u00f3n. Prevenci\u00f3n y tratamiento<br \/>\n6.5 Tipos de camas, accesorios y lencer\u00eda. T\u00e9cnicas de realizaci\u00f3n de camas<br \/>\n6.6 Recogida de excretas en pacientes encamados y\/o incontinentes<br \/>\n6.7 Prevenci\u00f3n y control de infecciones<br \/>\n6.8 Cuidados postmortem. Finalidad y preparaci\u00f3n del cad\u00e1ver<\/p>\n<p><strong>7. MOVILIZACI\u00d3N, TRASLADO Y DEAMBULACI\u00d3N<\/strong><\/p>\n<p>7.1 Principios anatomofisiol\u00f3gicos de sost\u00e9n y movimiento del cuerpo humano<br \/>\n7.2 Biomec\u00e1nica de las articulaciones<br \/>\n7.3 T\u00e9cnicas de movilizaci\u00f3n, traslado y deambulaci\u00f3n<\/p>\n<p><strong>8.\u00a0 ADMINISTRACI\u00d3N DE MEDICACI\u00d3N Y ALIMENTOS<\/strong><\/p>\n<p>8.1 Evoluci\u00f3n del metabolismo en el ciclo vital<br \/>\n8.2 Principios de farmacolog\u00eda general<br \/>\n8.3 Principios anatomofisiol\u00f3gicos de los sistemas cardiovasculares, respiratorio y excretor<br \/>\n8.4 T\u00e9cnicas de preparaci\u00f3n y administraci\u00f3n de mediaci\u00f3n por v\u00eda oral, t\u00f3pica y rectal, de aerosoles y ox\u00edgeno<br \/>\n8.5 T\u00e9cnicas de aplicaci\u00f3n de fr\u00edo y calor<br \/>\n8.6 Alimentaci\u00f3n por v\u00eda oral, enteral<br \/>\n8.7 Orientaci\u00f3n a la persona dependiente y sus cuidadores principales<br \/>\n8.8 T\u00e9cnicas de recogida de eliminaciones<br \/>\n8.9 Constantes vitales. T\u00e9cnicas y procedimientos<\/p>\n<\/div>\n<\/div>\n<p>[\/vc_column_text][\/vc_column][\/vc_row][vc_row css=\u00bb.vc_custom_1427806970509{margin-top: 35px !important;margin-bottom: 35px !important;}\u00bb][vc_column][vc_column_text]<\/p>\n<p style=\"text-align: center;\"><a class=\"vc_btn vc_btn_orange vc_btn-orange vc_btn_lg vc_btn-lg vc_btn_rounded\" title=\"\" href=\"http:\/\/www.divulgaciondinamica.es\/secretaria\/alumnos\/form\/448\/\" target=\"_blank\">INSCR\u00cdBETE<\/a><\/p>\n<p>[\/vc_column_text][\/vc_column][\/vc_row]<\/p>\n","protected":false},"excerpt":{"rendered":"<p>[vc_row css=\u00bb.vc_custom_1427804811471{margin-top: 25px !important;margin-bottom: 25px !important;}\u00bb][vc_column width=\u00bb2\/3&#8243;][vc_single_image image=\u00bb1573&#8243; img_size=\u00bb661&#215;82&#8243;][\/vc_column][vc_column width=\u00bb1\/3&#8243;][vc_column_text] 618 88 94 42 soporte4@divulgaciondinamica.es [\/vc_column_text][\/vc_column][\/vc_row][vc_row css=\u00bb.vc_custom_1489484355483{margin-top: 25px !important;margin-bottom: 15px !important;}\u00bb][vc_column][vc_custom_heading text=\u00bbCurso Online \u00bb font_container=\u00bbtag:p|font_size:32|text_align:center|color:%230a7aba|line_height:1.1&#8243; google_fonts=\u00bbfont_family:Lato%3A100%2C100italic%2C300%2C300italic%2Cregular%2Citalic%2C700%2C700italic%2C900%2C900italic|font_style:300%20light%20regular%3A300%3Anormal\u00bb css=\u00bb.vc_custom_1490955635731{margin-bottom: 15px !important;}\u00bb][vc_custom_heading text=\u00bbGerontolog\u00eda y Atenci\u00f3n Geri\u00e1trica\u00bb font_container=\u00bbtag:h1|font_size:38|text_align:center|color:%230a7aba|line_height:1.1&#8243; google_fonts=\u00bbfont_family:Lato%3A100%2C100italic%2C300%2C300italic%2Cregular%2Citalic%2C700%2C700italic%2C900%2C900italic|font_style:900%20bold%20regular%3A900%3Anormal\u00bb css=\u00bb.vc_custom_1491396563009{margin-bottom: 15px !important;}\u00bb][\/vc_column][\/vc_row][vc_row css=\u00bb.vc_custom_1465301433310{margin-right: 8px<\/p>\n","protected":false},"author":1,"featured_media":0,"parent":0,"menu_order":0,"comment_status":"closed","ping_status":"closed","template":"","meta":[],"yoast_head":"<!-- This site is optimized with the Yoast SEO plugin v15.7 - https:\/\/yoast.com\/wordpress\/plugins\/seo\/ -->\n<title>Curso de Gerontolog\u00eda y Atenci\u00f3n Geri\u00e1trica - Divulgaci\u00f3n Din\u00e1mica<\/title>\n<meta name=\"description\" content=\"Curso de Gerontolog\u00eda y Atenci\u00f3n Geri\u00e1trica Online. Apostamos por una formaci\u00f3n de calidad al alcance de todos. Paga solo las tasas. \u00a1Inf\u00f3rmate!.\" \/>\n<meta name=\"robots\" content=\"index, follow, max-snippet:-1, max-image-preview:large, max-video-preview:-1\" \/>\n<link rel=\"canonical\" href=\"http:\/\/divulgaciondinamica.info\/promos\/curso-de-gerontologia-y-atencion-geriatrica-ddf\/\" \/>\n<meta property=\"og:locale\" content=\"es_ES\" \/>\n<meta property=\"og:type\" content=\"article\" \/>\n<meta property=\"og:title\" content=\"Curso de Gerontolog\u00eda y Atenci\u00f3n Geri\u00e1trica - Divulgaci\u00f3n Din\u00e1mica\" \/>\n<meta property=\"og:description\" content=\"Curso de Gerontolog\u00eda y Atenci\u00f3n Geri\u00e1trica Online. Apostamos por una formaci\u00f3n de calidad al alcance de todos. Paga solo las tasas. \u00a1Inf\u00f3rmate!.\" \/>\n<meta property=\"og:url\" content=\"http:\/\/divulgaciondinamica.info\/promos\/curso-de-gerontologia-y-atencion-geriatrica-ddf\/\" \/>\n<meta property=\"og:site_name\" content=\"Divulgaci\u00f3n Din\u00e1mica\" \/>\n<meta property=\"article:publisher\" content=\"https:\/\/www.facebook.com\/divulgaciondinamicaformacion\/\" \/>\n<meta property=\"article:modified_time\" content=\"2017-04-05T12:50:52+00:00\" \/>\n<meta property=\"og:image\" content=\"http:\/\/divulgaciondinamica.info\/promos\/wp-content\/uploads\/2016\/06\/curso-atencion-geriatrica-y-gerontologia.jpg\" \/>\n<meta name=\"twitter:card\" content=\"summary_large_image\" \/>\n<meta name=\"twitter:site\" content=\"@divulgaciond\" \/>\n<meta name=\"twitter:label1\" content=\"Tiempo de lectura\">\n\t<meta name=\"twitter:data1\" content=\"5 minutos\">\n<script type=\"application\/ld+json\" class=\"yoast-schema-graph\">{\"@context\":\"https:\/\/schema.org\",\"@graph\":[{\"@type\":\"Organization\",\"@id\":\"https:\/\/divulgaciondinamica.info\/promos\/#organization\",\"name\":\"Divulgaci\\u00f3n Din\\u00e1mica S.L.\",\"url\":\"https:\/\/divulgaciondinamica.info\/promos\/\",\"sameAs\":[\"https:\/\/www.facebook.com\/divulgaciondinamicaformacion\/\",\"https:\/\/www.instagram.com\/divulgaciondinamica\",\"https:\/\/www.linkedin.com\/company-beta\/9490428\/\",\"https:\/\/www.youtube.com\/user\/ddinamica2010\",\"https:\/\/twitter.com\/divulgaciond\"],\"logo\":{\"@type\":\"ImageObject\",\"@id\":\"https:\/\/divulgaciondinamica.info\/promos\/#logo\",\"inLanguage\":\"es\",\"url\":\"https:\/\/divulgaciondinamica.info\/promos\/wp-content\/uploads\/2016\/02\/logo-divulgaciondinamica-ddf.png\",\"width\":400,\"height\":79,\"caption\":\"Divulgaci\\u00f3n Din\\u00e1mica S.L.\"},\"image\":{\"@id\":\"https:\/\/divulgaciondinamica.info\/promos\/#logo\"}},{\"@type\":\"WebSite\",\"@id\":\"https:\/\/divulgaciondinamica.info\/promos\/#website\",\"url\":\"https:\/\/divulgaciondinamica.info\/promos\/\",\"name\":\"Divulgaci\\u00f3n Din\\u00e1mica\",\"description\":\"Formaci\\u00f3n de calidad al alcance de todos\",\"publisher\":{\"@id\":\"https:\/\/divulgaciondinamica.info\/promos\/#organization\"},\"potentialAction\":[{\"@type\":\"SearchAction\",\"target\":\"https:\/\/divulgaciondinamica.info\/promos\/?s={search_term_string}\",\"query-input\":\"required name=search_term_string\"}],\"inLanguage\":\"es\"},{\"@type\":\"ImageObject\",\"@id\":\"http:\/\/divulgaciondinamica.info\/promos\/curso-de-gerontologia-y-atencion-geriatrica-ddf\/#primaryimage\",\"inLanguage\":\"es\",\"url\":\"http:\/\/divulgaciondinamica.info\/promos\/wp-content\/uploads\/2016\/06\/curso-atencion-geriatrica-y-gerontologia.jpg\"},{\"@type\":\"WebPage\",\"@id\":\"http:\/\/divulgaciondinamica.info\/promos\/curso-de-gerontologia-y-atencion-geriatrica-ddf\/#webpage\",\"url\":\"http:\/\/divulgaciondinamica.info\/promos\/curso-de-gerontologia-y-atencion-geriatrica-ddf\/\",\"name\":\"Curso de Gerontolog\\u00eda y Atenci\\u00f3n Geri\\u00e1trica - Divulgaci\\u00f3n Din\\u00e1mica\",\"isPartOf\":{\"@id\":\"https:\/\/divulgaciondinamica.info\/promos\/#website\"},\"primaryImageOfPage\":{\"@id\":\"http:\/\/divulgaciondinamica.info\/promos\/curso-de-gerontologia-y-atencion-geriatrica-ddf\/#primaryimage\"},\"datePublished\":\"2016-07-01T08:37:15+00:00\",\"dateModified\":\"2017-04-05T12:50:52+00:00\",\"description\":\"Curso de Gerontolog\\u00eda y Atenci\\u00f3n Geri\\u00e1trica Online. Apostamos por una formaci\\u00f3n de calidad al alcance de todos. Paga solo las tasas. \\u00a1Inf\\u00f3rmate!.\",\"inLanguage\":\"es\",\"potentialAction\":[{\"@type\":\"ReadAction\",\"target\":[\"http:\/\/divulgaciondinamica.info\/promos\/curso-de-gerontologia-y-atencion-geriatrica-ddf\/\"]}]}]}<\/script>\n<!-- \/ Yoast SEO plugin. -->","_links":{"self":[{"href":"https:\/\/divulgaciondinamica.info\/promos\/wp-json\/wp\/v2\/pages\/3216"}],"collection":[{"href":"https:\/\/divulgaciondinamica.info\/promos\/wp-json\/wp\/v2\/pages"}],"about":[{"href":"https:\/\/divulgaciondinamica.info\/promos\/wp-json\/wp\/v2\/types\/page"}],"author":[{"embeddable":true,"href":"https:\/\/divulgaciondinamica.info\/promos\/wp-json\/wp\/v2\/users\/1"}],"replies":[{"embeddable":true,"href":"https:\/\/divulgaciondinamica.info\/promos\/wp-json\/wp\/v2\/comments?post=3216"}],"version-history":[{"count":5,"href":"https:\/\/divulgaciondinamica.info\/promos\/wp-json\/wp\/v2\/pages\/3216\/revisions"}],"predecessor-version":[{"id":6274,"href":"https:\/\/divulgaciondinamica.info\/promos\/wp-json\/wp\/v2\/pages\/3216\/revisions\/6274"}],"wp:attachment":[{"href":"https:\/\/divulgaciondinamica.info\/promos\/wp-json\/wp\/v2\/media?parent=3216"}],"curies":[{"name":"wp","href":"https:\/\/api.w.org\/{rel}","templated":true}]}}