{"id":3136,"date":"2016-06-21T11:54:23","date_gmt":"2016-06-21T11:54:23","guid":{"rendered":"http:\/\/divulgaciondinamica.info\/promos\/?page_id=3136"},"modified":"2017-04-06T11:04:28","modified_gmt":"2017-04-06T11:04:28","slug":"curso-monitor-de-actividades-turisticas-info","status":"publish","type":"page","link":"https:\/\/divulgaciondinamica.info\/promos\/curso-monitor-de-actividades-turisticas-info\/","title":{"rendered":"Curso Monitor de Actividades Tur\u00edsticas info"},"content":{"rendered":"<p>[vc_row css=\u00bb.vc_custom_1427804811471{margin-top: 25px !important;margin-bottom: 25px !important;}\u00bb][vc_column width=\u00bb2\/3&#8243;][vc_single_image image=\u00bb1573&#8243; img_size=\u00bb661&#215;82&#8243;][\/vc_column][vc_column width=\u00bb1\/3&#8243;][vc_column_text]<\/p>\n<h6 style=\"text-align: right;\">618 88 94 42<\/h6>\n<p style=\"text-align: right;\"><strong>soporte4@divulgaciondinamica.es<\/strong><\/p>\n<p>[\/vc_column_text][\/vc_column][\/vc_row][vc_row css=\u00bb.vc_custom_1466586230805{margin-top: 15px !important;margin-right: 8px !important;margin-bottom: 15px !important;margin-left: 1px !important;padding-top: 10px !important;padding-right: 5px !important;padding-left: 5px !important;background-color: #eeeeee !important;}\u00bb][vc_column][vc_column_text]<\/p>\n<p style=\"text-align: center;\">Divulgaci\u00f3n Din\u00e1mica es un Club de Formaci\u00f3n internacional que apuesta por una <strong>educaci\u00f3n de calidad al alcance de todos<\/strong>.<\/p>\n<p>[\/vc_column_text][\/vc_column][\/vc_row][vc_row css=\u00bb.vc_custom_1466586512032{padding-top: 15px !important;padding-right: 15px !important;padding-bottom: 15px !important;padding-left: 15px !important;background-color: #35b2b2 !important;}\u00bb][vc_column width=\u00bb1\/2&#8243;][vc_column_text]<\/p>\n<h3><span style=\"color: #f5cf20;\">CURSO BONIFICADO<\/span><\/h3>\n<h2><span style=\"color: #ffffff;\"><strong>Monitor de<br \/>\nActividades Tur\u00edsticas<br \/>\n<\/strong><\/span><\/h2>\n<p>[\/vc_column_text][\/vc_column][vc_column width=\u00bb1\/2&#8243;][vc_column_text]<\/p>\n<h4><span style=\"color: #ffffff;\"><strong>\u00b7 Modalidad:<\/strong> Online<\/span><br \/>\n<span style=\"color: #ffffff;\"><strong>\u00b7 Duraci\u00f3n:<\/strong> 150 horas \/ 5 semanas<\/span><br \/>\n<span style=\"color: #ffffff;\"><strong>\u00b7 Fecha Inicio:<\/strong> 23 de junio de 2016<\/span><br \/>\n<span style=\"color: #ffffff;\"><strong>\u00b7 Diploma:<\/strong> Visado y Certificado<\/span><\/h4>\n<p>[\/vc_column_text][\/vc_column][\/vc_row][vc_row css=\u00bb.vc_custom_1466586148257{padding-top: 15px !important;background-color: #f2f2f2 !important;}\u00bb][vc_column width=\u00bb2\/3&#8243; css=\u00bb.vc_custom_1466586156262{background-color: #f2f2f2 !important;}\u00bb][vc_single_image image=\u00bb3166&#8243; img_size=\u00bbfull\u00bb][\/vc_column][vc_column width=\u00bb1\/3&#8243; css=\u00bb.vc_custom_1466584285237{padding-top: 10px !important;padding-right: 20px !important;padding-bottom: 10px !important;padding-left: 20px !important;background-color: #f2f2f2 !important;}\u00bb][vc_column_text css=\u00bb.vc_custom_1466586380896{margin-top: 15px !important;margin-bottom: 15px !important;}\u00bb]<\/p>\n<h3 style=\"text-align: left;\"><strong><span style=\"color: #3fb09f;\">Solicita Informaci\u00f3n:<\/span><\/strong><\/h3>\n<p>[\/vc_column_text]<div role=\"form\" class=\"wpcf7\" id=\"wpcf7-f3139-o1\" lang=\"es-ES\" dir=\"ltr\">\n<div class=\"screen-reader-response\"><p role=\"status\" aria-live=\"polite\" aria-atomic=\"true\"><\/p> <ul><\/ul><\/div>\n<form action=\"\/promos\/wp-json\/wp\/v2\/pages\/3136#wpcf7-f3139-o1\" method=\"post\" class=\"wpcf7-form init\" novalidate=\"novalidate\" data-status=\"init\">\n<div style=\"display: none;\">\n<input type=\"hidden\" name=\"_wpcf7\" value=\"3139\" \/>\n<input type=\"hidden\" name=\"_wpcf7_version\" value=\"5.3.2\" \/>\n<input type=\"hidden\" name=\"_wpcf7_locale\" value=\"es_ES\" \/>\n<input type=\"hidden\" name=\"_wpcf7_unit_tag\" value=\"wpcf7-f3139-o1\" \/>\n<input type=\"hidden\" name=\"_wpcf7_container_post\" value=\"0\" \/>\n<input type=\"hidden\" name=\"_wpcf7_posted_data_hash\" value=\"\" \/>\n<input type=\"hidden\" name=\"_wpcf7_recaptcha_response\" value=\"\" \/>\n<\/div>\n<p>NOMBRE *:<\/p>\n<p>    <span class=\"wpcf7-form-control-wrap your-nombre\"><input type=\"text\" name=\"your-nombre\" value=\"\" size=\"40\" class=\"wpcf7-form-control wpcf7-text wpcf7-validates-as-required\" aria-required=\"true\" aria-invalid=\"false\" \/><\/span><\/p>\n<p>TEL\u00c9FONO WHATSAPP *:<\/p>\n<p>    <span class=\"wpcf7-form-control-wrap your-telefono\"><input type=\"text\" name=\"your-telefono\" value=\"\" size=\"40\" class=\"wpcf7-form-control wpcf7-text wpcf7-validates-as-required\" aria-required=\"true\" aria-invalid=\"false\" \/><\/span><\/p>\n<p>Al registrarte aceptas nuestra Pol\u00edtica de Privacidad.<br \/>\n<input type=\"submit\" value=\"Enviar\" class=\"wpcf7-form-control wpcf7-submit\" \/><\/p>\n<div class=\"wpcf7-response-output\" aria-hidden=\"true\"><\/div><\/form><\/div>[\/vc_column][\/vc_row][vc_row css=\u00bb.vc_custom_1427804437681{margin-top: 35px !important;margin-bottom: 35px !important;}\u00bb][vc_column width=\u00bb1\/4&#8243;][vc_single_image image=\u00bb2984&#8243; img_size=\u00bb250&#215;195&#8243; alignment=\u00bbcenter\u00bb][\/vc_column][vc_column width=\u00bb1\/4&#8243;][vc_single_image image=\u00bb2983&#8243; img_size=\u00bb250&#215;195&#8243; alignment=\u00bbcenter\u00bb][\/vc_column][vc_column width=\u00bb1\/4&#8243;][vc_single_image image=\u00bb2986&#8243; img_size=\u00bb250&#215;195&#8243; alignment=\u00bbcenter\u00bb][\/vc_column][vc_column width=\u00bb1\/4&#8243;][vc_single_image image=\u00bb3053&#8243; img_size=\u00bb250&#215;195&#8243; alignment=\u00bbcenter\u00bb][\/vc_column][\/vc_row][vc_row][vc_column][\/vc_column][\/vc_row][vc_row css=\u00bb.vc_custom_1427805189823{margin-top: 35px !important;margin-bottom: 35px !important;}\u00bb][vc_column width=\u00bb1\/2&#8243;][vc_column_text css=\u00bb.vc_custom_1491476575861{margin-bottom: 30px !important;}\u00bb]<\/p>\n<div id=\"stcpDiv\">\n<h3 style=\"text-align: left;\" align=\"justify\">Presentaci\u00f3n del Curso:<\/h3>\n<p>&nbsp;<\/p>\n<p>En las \u00faltimas d\u00e9cadas los servicios de animaci\u00f3n turistica han cobrado cada vez m\u00e1s importancia oferciendose desde diferentes recursos turisticos actividades de animaci\u00f3n que generan un valor agregado a la oferta tradicional y permiten diferenciarla del resto de la competencia. Por su parte, la creciente expasi\u00f3n del turismo cultural y el ecoturismo ha derivado en la aparici\u00f3n de nuevos productos turisticos complementarios a los tradicionales considerandose el turimos activo generador de empleo y desarrollo econ\u00f3mico.<\/p>\n<p>El curso Online de Monitor de Actividades Tur\u00edsticas\u00a0que presentamos ofrece una serie de elementos conceptuales, metodol\u00f3gicos y pr\u00e1cticos que permiten el dise\u00f1o y ejecuci\u00f3n de actividades de animaci\u00f3n atractivas que se adapten a las necesidades de las distintas tipolog\u00edas de turistas teniendo en cuenta el envejecimiento demogr\u00e1fico, as\u00ed como la mayor esperanza de vida y poder ofrecer una atenci\u00f3n a turistas con necesidades especiales.<br \/>\n<img loading=\"lazy\" class=\"alignleft size-full wp-image-53\" src=\"http:\/\/divulgaciondinamica.info\/promos\/wp-content\/uploads\/2015\/03\/diploma-digital1.png\" alt=\"diploma-digital\" width=\"479\" height=\"322\" srcset=\"https:\/\/divulgaciondinamica.info\/promos\/wp-content\/uploads\/2015\/03\/diploma-digital1.png 479w, https:\/\/divulgaciondinamica.info\/promos\/wp-content\/uploads\/2015\/03\/diploma-digital1-300x202.png 300w\" sizes=\"(max-width: 479px) 100vw, 479px\" \/><\/p>\n<p style=\"text-align: left;\" align=\"justify\">\n<\/div>\n<p>[\/vc_column_text][\/vc_column][vc_column width=\u00bb1\/2&#8243;][vc_column_text]<\/p>\n<div id=\"stcpDiv\">\n<h3 style=\"text-align: left;\" align=\"justify\">Temario del Curso:<\/h3>\n<p>&nbsp;<\/p>\n<div id=\"stcpDiv\">\n<p><strong>1. FUNDAMENTOS DE LA ANIMACI\u00d3N TUR\u00cdSTICA<\/strong><\/p>\n<p>1.1 La animaci\u00f3n tur\u00edstica<br \/>\n1.2 Estilos de animaci\u00f3n<br \/>\n1.3 \u00c9tica y calidad de la animaci\u00f3n tur\u00edstica<br \/>\n1.4 Adaptaciones de la animaci\u00f3n tur\u00edstica: diversidad individual y grupal<\/p>\n<p><strong>2. PLANIFICACI\u00d3N DE LAS ACTIVIDADES DE ANIMACI\u00d3N TUR\u00cdSTICA<\/strong><\/p>\n<p>2.1 Objetivos de la animaci\u00f3n tur\u00edstica<br \/>\n2.2 Dise\u00f1o de proyectos de animaci\u00f3n<br \/>\n2.3 Organizaci\u00f3n de actividades<br \/>\n2.4 Ejemplos de programaci\u00f3n<br \/>\n2.5 Evaluaci\u00f3n de actividades<\/p>\n<p><strong>3. T\u00c9CNICAS DE ANIMACI\u00d3N EN HOTELES<\/strong><\/p>\n<p>3.1 Dinamizaci\u00f3n de grupos<br \/>\n3.2 Tipolog\u00eda de actividades. Propuesta de actividades<br \/>\n3.3 T\u00e9cnicas de animaci\u00f3n, expresi\u00f3n y creatividad<br \/>\n3.4 Juegos f\u00edsicos-deportivos<br \/>\n3.5 Prevenci\u00f3n de riesgos en actividades de animaci\u00f3n<\/p>\n<p><strong>4. TURISMO CULTURAL Y ECOTURISMO<\/strong><\/p>\n<p>4.1 Turismo cultural: concepto, origen y evoluci\u00f3n<br \/>\n4.2 Ecoturismo: turismo verde o turismo de la naturaleza<br \/>\n4.3 Claves tur\u00edsticas en los espacios protegidos<br \/>\n4.4 Protecci\u00f3n del patrimonio natural en el \u00e1mbito rural<br \/>\n4.5 Turismo rural: agroturismo y turismo residencial rural<\/p>\n<\/div>\n<\/div>\n<p>[\/vc_column_text][\/vc_column][\/vc_row][vc_row css=\u00bb.vc_custom_1427806970509{margin-top: 35px !important;margin-bottom: 35px !important;}\u00bb][vc_column][vc_column_text]<\/p>\n<p style=\"text-align: center;\"><a class=\"vc_btn vc_btn_orange vc_btn-orange vc_btn_lg vc_btn-lg vc_btn_rounded\" title=\"\" href=\"http:\/\/www.divulgaciondinamica.es\/secretaria\/alumnos\/form\/430\/\" target=\"_blank\">INSCR\u00cdBETE<\/a><\/p>\n<p>[\/vc_column_text][\/vc_column][\/vc_row]<\/p>\n","protected":false},"excerpt":{"rendered":"<p>[vc_row css=\u00bb.vc_custom_1427804811471{margin-top: 25px !important;margin-bottom: 25px !important;}\u00bb][vc_column width=\u00bb2\/3&#8243;][vc_single_image image=\u00bb1573&#8243; img_size=\u00bb661&#215;82&#8243;][\/vc_column][vc_column width=\u00bb1\/3&#8243;][vc_column_text] 618 88 94 42 soporte4@divulgaciondinamica.es [\/vc_column_text][\/vc_column][\/vc_row][vc_row css=\u00bb.vc_custom_1466586230805{margin-top: 15px !important;margin-right: 8px !important;margin-bottom: 15px !important;margin-left: 1px !important;padding-top: 10px !important;padding-right: 5px !important;padding-left: 5px !important;background-color: #eeeeee !important;}\u00bb][vc_column][vc_column_text] Divulgaci\u00f3n Din\u00e1mica es un Club de Formaci\u00f3n<\/p>\n","protected":false},"author":1,"featured_media":0,"parent":0,"menu_order":0,"comment_status":"closed","ping_status":"closed","template":"","meta":[],"yoast_head":"<!-- This site is optimized with the Yoast SEO plugin v15.7 - https:\/\/yoast.com\/wordpress\/plugins\/seo\/ -->\n<title>Curso Monitor de Actividades Tur\u00edsticas - Divulgaci\u00f3n Din\u00e1mica<\/title>\n<meta name=\"description\" content=\"Curso de Monitor de Actividades Tur\u00edsticas Online. Apostamos por una formaci\u00f3n de calidad al alcance de todos. Paga solo las tasas. \u00a1Inf\u00f3rmate!.\" \/>\n<meta name=\"robots\" content=\"index, follow, max-snippet:-1, max-image-preview:large, max-video-preview:-1\" \/>\n<link rel=\"canonical\" href=\"http:\/\/divulgaciondinamica.info\/promos\/curso-de-monitor-de-actividades-turisticas\/\" \/>\n<meta property=\"og:locale\" content=\"es_ES\" \/>\n<meta property=\"og:type\" content=\"article\" \/>\n<meta property=\"og:title\" content=\"Curso Monitor de Actividades Tur\u00edsticas - Divulgaci\u00f3n Din\u00e1mica\" \/>\n<meta property=\"og:description\" content=\"Curso de Monitor de Actividades Tur\u00edsticas Online. Apostamos por una formaci\u00f3n de calidad al alcance de todos. Paga solo las tasas. \u00a1Inf\u00f3rmate!.\" \/>\n<meta property=\"og:url\" content=\"http:\/\/divulgaciondinamica.info\/promos\/curso-de-monitor-de-actividades-turisticas\/\" \/>\n<meta property=\"og:site_name\" content=\"Divulgaci\u00f3n Din\u00e1mica\" \/>\n<meta property=\"article:publisher\" content=\"https:\/\/www.facebook.com\/divulgaciondinamicaformacion\/\" \/>\n<meta property=\"article:modified_time\" content=\"2017-04-06T11:04:28+00:00\" \/>\n<meta property=\"og:image\" content=\"http:\/\/divulgaciondinamica.info\/promos\/wp-content\/uploads\/2015\/03\/diploma-digital1.png\" \/>\n<meta name=\"twitter:card\" content=\"summary_large_image\" \/>\n<meta name=\"twitter:site\" content=\"@divulgaciond\" \/>\n<meta name=\"twitter:label1\" content=\"Tiempo de lectura\">\n\t<meta name=\"twitter:data1\" content=\"4 minutos\">\n<script type=\"application\/ld+json\" class=\"yoast-schema-graph\">{\"@context\":\"https:\/\/schema.org\",\"@graph\":[{\"@type\":\"Organization\",\"@id\":\"https:\/\/divulgaciondinamica.info\/promos\/#organization\",\"name\":\"Divulgaci\\u00f3n Din\\u00e1mica S.L.\",\"url\":\"https:\/\/divulgaciondinamica.info\/promos\/\",\"sameAs\":[\"https:\/\/www.facebook.com\/divulgaciondinamicaformacion\/\",\"https:\/\/www.instagram.com\/divulgaciondinamica\",\"https:\/\/www.linkedin.com\/company-beta\/9490428\/\",\"https:\/\/www.youtube.com\/user\/ddinamica2010\",\"https:\/\/twitter.com\/divulgaciond\"],\"logo\":{\"@type\":\"ImageObject\",\"@id\":\"https:\/\/divulgaciondinamica.info\/promos\/#logo\",\"inLanguage\":\"es\",\"url\":\"https:\/\/divulgaciondinamica.info\/promos\/wp-content\/uploads\/2016\/02\/logo-divulgaciondinamica-ddf.png\",\"width\":400,\"height\":79,\"caption\":\"Divulgaci\\u00f3n Din\\u00e1mica S.L.\"},\"image\":{\"@id\":\"https:\/\/divulgaciondinamica.info\/promos\/#logo\"}},{\"@type\":\"WebSite\",\"@id\":\"https:\/\/divulgaciondinamica.info\/promos\/#website\",\"url\":\"https:\/\/divulgaciondinamica.info\/promos\/\",\"name\":\"Divulgaci\\u00f3n Din\\u00e1mica\",\"description\":\"Formaci\\u00f3n de calidad al alcance de todos\",\"publisher\":{\"@id\":\"https:\/\/divulgaciondinamica.info\/promos\/#organization\"},\"potentialAction\":[{\"@type\":\"SearchAction\",\"target\":\"https:\/\/divulgaciondinamica.info\/promos\/?s={search_term_string}\",\"query-input\":\"required name=search_term_string\"}],\"inLanguage\":\"es\"},{\"@type\":\"ImageObject\",\"@id\":\"http:\/\/divulgaciondinamica.info\/promos\/curso-de-monitor-de-actividades-turisticas\/#primaryimage\",\"inLanguage\":\"es\",\"url\":\"http:\/\/divulgaciondinamica.info\/promos\/wp-content\/uploads\/2015\/03\/diploma-digital1.png\"},{\"@type\":\"WebPage\",\"@id\":\"http:\/\/divulgaciondinamica.info\/promos\/curso-de-monitor-de-actividades-turisticas\/#webpage\",\"url\":\"http:\/\/divulgaciondinamica.info\/promos\/curso-de-monitor-de-actividades-turisticas\/\",\"name\":\"Curso Monitor de Actividades Tur\\u00edsticas - Divulgaci\\u00f3n Din\\u00e1mica\",\"isPartOf\":{\"@id\":\"https:\/\/divulgaciondinamica.info\/promos\/#website\"},\"primaryImageOfPage\":{\"@id\":\"http:\/\/divulgaciondinamica.info\/promos\/curso-de-monitor-de-actividades-turisticas\/#primaryimage\"},\"datePublished\":\"2016-06-21T11:54:23+00:00\",\"dateModified\":\"2017-04-06T11:04:28+00:00\",\"description\":\"Curso de Monitor de Actividades Tur\\u00edsticas Online. Apostamos por una formaci\\u00f3n de calidad al alcance de todos. Paga solo las tasas. \\u00a1Inf\\u00f3rmate!.\",\"inLanguage\":\"es\",\"potentialAction\":[{\"@type\":\"ReadAction\",\"target\":[\"http:\/\/divulgaciondinamica.info\/promos\/curso-de-monitor-de-actividades-turisticas\/\"]}]}]}<\/script>\n<!-- \/ Yoast SEO plugin. -->","_links":{"self":[{"href":"https:\/\/divulgaciondinamica.info\/promos\/wp-json\/wp\/v2\/pages\/3136"}],"collection":[{"href":"https:\/\/divulgaciondinamica.info\/promos\/wp-json\/wp\/v2\/pages"}],"about":[{"href":"https:\/\/divulgaciondinamica.info\/promos\/wp-json\/wp\/v2\/types\/page"}],"author":[{"embeddable":true,"href":"https:\/\/divulgaciondinamica.info\/promos\/wp-json\/wp\/v2\/users\/1"}],"replies":[{"embeddable":true,"href":"https:\/\/divulgaciondinamica.info\/promos\/wp-json\/wp\/v2\/comments?post=3136"}],"version-history":[{"count":5,"href":"https:\/\/divulgaciondinamica.info\/promos\/wp-json\/wp\/v2\/pages\/3136\/revisions"}],"predecessor-version":[{"id":6283,"href":"https:\/\/divulgaciondinamica.info\/promos\/wp-json\/wp\/v2\/pages\/3136\/revisions\/6283"}],"wp:attachment":[{"href":"https:\/\/divulgaciondinamica.info\/promos\/wp-json\/wp\/v2\/media?parent=3136"}],"curies":[{"name":"wp","href":"https:\/\/api.w.org\/{rel}","templated":true}]}}