{"id":2773,"date":"2016-05-30T06:47:23","date_gmt":"2016-05-30T06:47:23","guid":{"rendered":"http:\/\/divulgaciondinamica.info\/promos\/?page_id=2773"},"modified":"2017-05-08T10:52:23","modified_gmt":"2017-05-08T10:52:23","slug":"curso-en-coaching-nutricional-ddf","status":"publish","type":"page","link":"https:\/\/divulgaciondinamica.info\/promos\/curso-en-coaching-nutricional-ddf\/","title":{"rendered":"Curso en Coaching Nutricional DDF"},"content":{"rendered":"<p>[vc_row css=\u00bb.vc_custom_1427804811471{margin-top: 25px !important;margin-bottom: 25px !important;}\u00bb][vc_column width=\u00bb2\/3&#8243;][vc_single_image image=\u00bb2669&#8243; img_size=\u00bb661&#215;82&#8243;][\/vc_column][vc_column width=\u00bb1\/3&#8243;][vc_column_text]<\/p>\n<h6 style=\"text-align: right;\"><i class=\"fa fa-whatsapp\"><\/i> 618 88 94 42<\/h6>\n<p style=\"text-align: right;\"><strong>soporte4@divulgaciondinamica.es<\/strong><\/p>\n<p>[\/vc_column_text][\/vc_column][\/vc_row][vc_row css=\u00bb.vc_custom_1489484355483{margin-top: 25px !important;margin-bottom: 15px !important;}\u00bb][vc_column][vc_custom_heading text=\u00bbCurso Online\u00bb font_container=\u00bbtag:h2|font_size:32|text_align:center|color:%230a7aba|line_height:1.1&#8243; google_fonts=\u00bbfont_family:Lato%3A100%2C100italic%2C300%2C300italic%2Cregular%2Citalic%2C700%2C700italic%2C900%2C900italic|font_style:300%20light%20regular%3A300%3Anormal\u00bb css=\u00bb.vc_custom_1489484473508{margin-bottom: 5px !important;}\u00bb][vc_custom_heading text=\u00bbCoaching Nutricional\u00bb font_container=\u00bbtag:h2|font_size:44|text_align:center|color:%230a7aba|line_height:1.1&#8243; google_fonts=\u00bbfont_family:Lato%3A100%2C100italic%2C300%2C300italic%2Cregular%2Citalic%2C700%2C700italic%2C900%2C900italic|font_style:900%20bold%20regular%3A900%3Anormal\u00bb css=\u00bb.vc_custom_1489484480526{margin-bottom: 15px !important;}\u00bb][\/vc_column][\/vc_row][vc_row css=\u00bb.vc_custom_1489484502411{margin-top: 25px !important;margin-right: 0px !important;margin-bottom: 15px !important;}\u00bb][vc_column width=\u00bb1\/4&#8243;][vc_row_inner css=\u00bb.vc_custom_1489423995390{margin-top: 2px !important;margin-right: 2px !important;margin-bottom: 2px !important;margin-left: 2px !important;padding-top: 10px !important;padding-right: 5px !important;padding-bottom: 20px !important;padding-left: 5px !important;background-color: #efefef !important;}\u00bb][vc_column_inner][vc_icon icon_fontawesome=\u00bbfa fa-laptop\u00bb color=\u00bbsky\u00bb size=\u00bblg\u00bb align=\u00bbcenter\u00bb css_animation=\u00bbbottom-to-top\u00bb css=\u00bb.vc_custom_1489423953746{margin-bottom: 10px !important;}\u00bb][vc_custom_heading text=\u00bbModalidad:\u00bb font_container=\u00bbtag:h2|font_size:18|text_align:center|color:%230a7aba|line_height:1.2&#8243; google_fonts=\u00bbfont_family:Lato%3A100%2C100italic%2C300%2C300italic%2Cregular%2Citalic%2C700%2C700italic%2C900%2C900italic|font_style:900%20bold%20regular%3A900%3Anormal\u00bb css=\u00bb.vc_custom_1489423549304{margin-bottom: 5px !important;}\u00bb][vc_custom_heading text=\u00bb100% online\u00bb font_container=\u00bbtag:h2|font_size:16|text_align:center|color:%230a7aba|line_height:1.2&#8243; google_fonts=\u00bbfont_family:Lato%3A100%2C100italic%2C300%2C300italic%2Cregular%2Citalic%2C700%2C700italic%2C900%2C900italic|font_style:400%20regular%3A400%3Anormal\u00bb][\/vc_column_inner][\/vc_row_inner][\/vc_column][vc_column width=\u00bb1\/4&#8243;][vc_row_inner css=\u00bb.vc_custom_1489424000853{margin-top: 2px !important;margin-right: 2px !important;margin-bottom: 2px !important;margin-left: 2px !important;padding-top: 10px !important;padding-right: 5px !important;padding-bottom: 20px !important;padding-left: 5px !important;background-color: #efefef !important;}\u00bb][vc_column_inner][vc_icon icon_fontawesome=\u00bbfa fa-clock-o\u00bb color=\u00bbsky\u00bb size=\u00bblg\u00bb align=\u00bbcenter\u00bb css_animation=\u00bbbottom-to-top\u00bb css=\u00bb.vc_custom_1489424050530{margin-bottom: 10px !important;}\u00bb][vc_custom_heading text=\u00bbDuraci\u00f3n:\u00bb font_container=\u00bbtag:h2|font_size:18|text_align:center|color:%230a7aba|line_height:1.2&#8243; google_fonts=\u00bbfont_family:Lato%3A100%2C100italic%2C300%2C300italic%2Cregular%2Citalic%2C700%2C700italic%2C900%2C900italic|font_style:900%20bold%20regular%3A900%3Anormal\u00bb css=\u00bb.vc_custom_1489423553086{margin-bottom: 5px !important;}\u00bb][vc_custom_heading text=\u00bb150 h. \/ 2 meses\u00bb font_container=\u00bbtag:h2|font_size:16|text_align:center|color:%230a7aba|line_height:1.2&#8243; google_fonts=\u00bbfont_family:Lato%3A100%2C100italic%2C300%2C300italic%2Cregular%2Citalic%2C700%2C700italic%2C900%2C900italic|font_style:400%20regular%3A400%3Anormal\u00bb][\/vc_column_inner][\/vc_row_inner][\/vc_column][vc_column width=\u00bb1\/4&#8243;][vc_row_inner css=\u00bb.vc_custom_1489424005381{margin-top: 2px !important;margin-right: 2px !important;margin-bottom: 2px !important;margin-left: 2px !important;padding-top: 10px !important;padding-right: 5px !important;padding-bottom: 20px !important;padding-left: 5px !important;background-color: #efefef !important;}\u00bb][vc_column_inner][vc_icon icon_fontawesome=\u00bbfa fa-calendar\u00bb color=\u00bbsky\u00bb size=\u00bblg\u00bb align=\u00bbcenter\u00bb css_animation=\u00bbbottom-to-top\u00bb css=\u00bb.vc_custom_1489423962381{margin-bottom: 10px !important;}\u00bb][vc_custom_heading text=\u00bbFecha Inicio:\u00bb font_container=\u00bbtag:h2|font_size:18|text_align:center|color:%230a7aba|line_height:1.2&#8243; google_fonts=\u00bbfont_family:Lato%3A100%2C100italic%2C300%2C300italic%2Cregular%2Citalic%2C700%2C700italic%2C900%2C900italic|font_style:900%20bold%20regular%3A900%3Anormal\u00bb css=\u00bb.vc_custom_1489423557331{margin-bottom: 5px !important;}\u00bb][vc_custom_heading text=\u00bb19 \/ abril \/ 2017&#8243; font_container=\u00bbtag:h2|font_size:16|text_align:center|color:%230a7aba|line_height:1.2&#8243; google_fonts=\u00bbfont_family:Lato%3A100%2C100italic%2C300%2C300italic%2Cregular%2Citalic%2C700%2C700italic%2C900%2C900italic|font_style:400%20regular%3A400%3Anormal\u00bb][\/vc_column_inner][\/vc_row_inner][\/vc_column][vc_column width=\u00bb1\/4&#8243;][vc_row_inner css=\u00bb.vc_custom_1489424009765{margin-top: 2px !important;margin-right: 2px !important;margin-bottom: 2px !important;margin-left: 2px !important;padding-top: 10px !important;padding-right: 5px !important;padding-bottom: 20px !important;padding-left: 5px !important;background-color: #efefef !important;}\u00bb][vc_column_inner][vc_icon icon_fontawesome=\u00bbfa fa-graduation-cap\u00bb color=\u00bbsky\u00bb size=\u00bblg\u00bb align=\u00bbcenter\u00bb css_animation=\u00bbbottom-to-top\u00bb css=\u00bb.vc_custom_1489423967355{margin-bottom: 10px !important;}\u00bb][vc_custom_heading text=\u00bbTasas Administrativas:\u00bb font_container=\u00bbtag:h2|font_size:18|text_align:center|color:%230a7aba|line_height:1.2&#8243; google_fonts=\u00bbfont_family:Lato%3A100%2C100italic%2C300%2C300italic%2Cregular%2Citalic%2C700%2C700italic%2C900%2C900italic|font_style:900%20bold%20regular%3A900%3Anormal\u00bb css=\u00bb.vc_custom_1489423561127{margin-bottom: 5px !important;}\u00bb][vc_custom_heading text=\u00bbPaga s\u00f3lo 54\u20ac\u00bb font_container=\u00bbtag:h2|font_size:16|text_align:center|color:%230a7aba|line_height:1.2&#8243; google_fonts=\u00bbfont_family:Lato%3A100%2C100italic%2C300%2C300italic%2Cregular%2Citalic%2C700%2C700italic%2C900%2C900italic|font_style:400%20regular%3A400%3Anormal\u00bb][\/vc_column_inner][\/vc_row_inner][\/vc_column][\/vc_row][vc_row][vc_column][vc_column_text]<img loading=\"lazy\" class=\"alignleft wp-image-5854 size-full\" title=\"Coaching Nutricional\" src=\"http:\/\/divulgaciondinamica.info\/promos\/wp-content\/uploads\/2016\/05\/CURSO-Centro_01-3.jpg\" alt=\"Curso de Coaching Nutricional\" width=\"643\" height=\"434\" srcset=\"https:\/\/divulgaciondinamica.info\/promos\/wp-content\/uploads\/2016\/05\/CURSO-Centro_01-3.jpg 643w, https:\/\/divulgaciondinamica.info\/promos\/wp-content\/uploads\/2016\/05\/CURSO-Centro_01-3-300x202.jpg 300w\" sizes=\"(max-width: 643px) 100vw, 643px\" \/><iframe style=\"border: 0px solid grey;\" src=\"http:\/\/www.divulgaciondinamica.es\/secretariainfo\/alumnos\/iframe\/750\/\" width=\"417\" height=\"434\" scrolling=\"auto\"><\/iframe>[\/vc_column_text][\/vc_column][\/vc_row][vc_row css=\u00bb.vc_custom_1427804437681{margin-top: 35px !important;margin-bottom: 35px !important;}\u00bb][vc_column width=\u00bb1\/4&#8243;][vc_single_image image=\u00bb5876&#8243; img_size=\u00bb250&#215;195&#8243; alignment=\u00bbcenter\u00bb][\/vc_column][vc_column width=\u00bb1\/4&#8243;][vc_single_image image=\u00bb5877&#8243; img_size=\u00bb250&#215;195&#8243; alignment=\u00bbcenter\u00bb][\/vc_column][vc_column width=\u00bb1\/4&#8243;][vc_single_image image=\u00bb5878&#8243; img_size=\u00bb250&#215;195&#8243; alignment=\u00bbcenter\u00bb][\/vc_column][vc_column width=\u00bb1\/4&#8243;][vc_single_image image=\u00bb5879&#8243; img_size=\u00bb250&#215;195&#8243; alignment=\u00bbcenter\u00bb][\/vc_column][\/vc_row][vc_row][vc_column][\/vc_column][\/vc_row][vc_row css=\u00bb.vc_custom_1427805189823{margin-top: 35px !important;margin-bottom: 35px !important;}\u00bb][vc_column width=\u00bb1\/2&#8243;][vc_custom_heading text=\u00bbPresentaci\u00f3n del Curso:\u00bb font_container=\u00bbtag:h2|font_size:26|text_align:left|color:%230a7aba|line_height:1.2&#8243; google_fonts=\u00bbfont_family:Lato%3A100%2C100italic%2C300%2C300italic%2Cregular%2Citalic%2C700%2C700italic%2C900%2C900italic|font_style:900%20bold%20regular%3A900%3Anormal\u00bb css=\u00bb.vc_custom_1489484126165{margin-bottom: 45px !important;}\u00bb][vc_column_text css=\u00bb.vc_custom_1489658921187{margin-bottom: 30px !important;}\u00bb]<\/p>\n<div id=\"stcpDiv\" style=\"text-align: justify;\">\n<p>El aumento en la prevalencia de sobrepeso se ha convertido en una causa de preocupaci\u00f3n importante debido tanto a su relaci\u00f3n directa con enfermedades cr\u00f3nicas como a la presi\u00f3n existente respecto a los valores est\u00e9ticos que hace que gran parte de la poblaci\u00f3n presente componentes emocionales importantes en relaci\u00f3n a la comida.<\/p>\n<p>Teniendo en cuenta que, gran parte de los fracasos en el seguimiento de h\u00e1bitos alimentarios saludables no se deben a falta de informaci\u00f3n nutricional se hace evidente que es necesaria la implicaci\u00f3n activa de las personas\u00a0 en su propio proceso de asesoramiento nutricional para propiciar su empoderamiento y facilitar su adhesi\u00f3n al mismo.<\/p>\n<p>Desde esta perspectiva, el coaching nutricional aparece como una metodolog\u00eda adecuada a trav\u00e9s del cual el cliente\u00a0 identifica y vence sus propios obst\u00e1culos, crea el entorno adecuado y adopta la actitud y la determinaci\u00f3n necesaria para conseguir el cambio en su alimentaci\u00f3n, logrando a su vez mejorar otros aspectos de su persona y de su estilo de vida.<\/p>\n<p><img loading=\"lazy\" class=\"alignleft size-full wp-image-53\" src=\"http:\/\/divulgaciondinamica.info\/promos\/wp-content\/uploads\/2015\/03\/diploma-digital1.png\" alt=\"diploma-digital\" width=\"479\" height=\"322\" srcset=\"https:\/\/divulgaciondinamica.info\/promos\/wp-content\/uploads\/2015\/03\/diploma-digital1.png 479w, https:\/\/divulgaciondinamica.info\/promos\/wp-content\/uploads\/2015\/03\/diploma-digital1-300x202.png 300w\" sizes=\"(max-width: 479px) 100vw, 479px\" \/><\/p>\n<p style=\"text-align: left;\" align=\"justify\">\n<\/div>\n<p>[\/vc_column_text][\/vc_column][vc_column width=\u00bb1\/2&#8243;][vc_custom_heading text=\u00bbTemario del Curso:\u00bb font_container=\u00bbtag:h2|font_size:26|text_align:left|color:%230a7aba|line_height:1.2&#8243; google_fonts=\u00bbfont_family:Lato%3A100%2C100italic%2C300%2C300italic%2Cregular%2Citalic%2C700%2C700italic%2C900%2C900italic|font_style:900%20bold%20regular%3A900%3Anormal\u00bb css=\u00bb.vc_custom_1489484132616{margin-bottom: 45px !important;}\u00bb][vc_column_text]<\/p>\n<div id=\"stcpDiv\">\n<p><strong>1. Fundamentos del coaching nutricional<\/strong><\/p>\n<p>1.1.\u00a0 Or\u00edgenes e influencias del coaching<br \/>\n1.2. Escuelas y modelos de coaching<br \/>\n1.3. El coach: competencias claves<br \/>\n1.4. Coaching nutricional<\/p>\n<p><strong>2. El proceso de coaching<\/strong><\/p>\n<p>2.1. Caracter\u00edsticas de los procesos de coaching nutricional<br \/>\n2.2. Fase 1: Diagn\u00f3stico Inicial<br \/>\n2.3. Fase 2: Puesta en marcha. Dise\u00f1o del proceso<br \/>\n2.4. Proceso de coaching<br \/>\n2.5. Seguimiento y evaluaci\u00f3n<\/p>\n<p><strong>3.\u00a0 Herramientas y t\u00e9cnicas para el coaching nutricional<\/strong><\/p>\n<p>3.1. Herramientas y t\u00e9cnicas de comunicaci\u00f3n<br \/>\n3.2.\u00a0 Herramientas y t\u00e9cnicas para el cambio cognitivo<br \/>\n3.3.\u00a0 Otras t\u00e9cnicas y herramientas<\/p>\n<p><strong>4. Educaci\u00f3n nutricional<\/strong><\/p>\n<p>4.1. Alimentaci\u00f3n y nutrici\u00f3n<br \/>\n4.2. Composici\u00f3n de los alimentos<br \/>\n4.3. Clasificaci\u00f3n de los alimentos<\/p>\n<p><strong>5.\u00a0 Coaching nutricional para la p\u00e9rdida de peso<\/strong><\/p>\n<p>5.1. Valoraci\u00f3n del estado nutricional<br \/>\n5.2. Objetivos nutricionales en la dieta equilibrada<br \/>\n5.3. Recomendaciones diet\u00e9ticas<br \/>\n5.4. El ciclo de comer emocional<br \/>\n5.5. Coaching nutricional para la p\u00e9rdida de peso<\/p>\n<\/div>\n<p>[\/vc_column_text][\/vc_column][\/vc_row][vc_row css=\u00bb.vc_custom_1489484531438{margin-bottom: 60px !important;padding-top: 15px !important;padding-bottom: 5px !important;background-color: #0a7aba !important;}\u00bb][vc_column][vc_row_inner][vc_column_inner width=\u00bb1\/4&#8243;][vc_column_text]\u00a0[\/vc_column_text][\/vc_column_inner][vc_column_inner width=\u00bb1\/2&#8243;][vc_column_text]<\/p>\n<div style=\"text-align: center;\"><iframe style=\"border: 0px solid grey;\" src=\"http:\/\/www.divulgaciondinamica.es\/secretariainfo\/alumnos\/iframe\/750\/\" width=\"417\" height=\"404\" scrolling=\"auto\" align=\"center\"><\/iframe><\/div>\n<p>[\/vc_column_text][\/vc_column_inner][vc_column_inner width=\u00bb1\/4&#8243;][vc_column_text]\u00a0[\/vc_column_text][\/vc_column_inner][\/vc_row_inner][\/vc_column][\/vc_row]<\/p>\n","protected":false},"excerpt":{"rendered":"<p>[vc_row css=\u00bb.vc_custom_1427804811471{margin-top: 25px !important;margin-bottom: 25px !important;}\u00bb][vc_column width=\u00bb2\/3&#8243;][vc_single_image image=\u00bb2669&#8243; img_size=\u00bb661&#215;82&#8243;][\/vc_column][vc_column width=\u00bb1\/3&#8243;][vc_column_text] 618 88 94 42 soporte4@divulgaciondinamica.es [\/vc_column_text][\/vc_column][\/vc_row][vc_row css=\u00bb.vc_custom_1489484355483{margin-top: 25px !important;margin-bottom: 15px !important;}\u00bb][vc_column][vc_custom_heading text=\u00bbCurso Online\u00bb font_container=\u00bbtag:h2|font_size:32|text_align:center|color:%230a7aba|line_height:1.1&#8243; google_fonts=\u00bbfont_family:Lato%3A100%2C100italic%2C300%2C300italic%2Cregular%2Citalic%2C700%2C700italic%2C900%2C900italic|font_style:300%20light%20regular%3A300%3Anormal\u00bb css=\u00bb.vc_custom_1489484473508{margin-bottom: 5px !important;}\u00bb][vc_custom_heading text=\u00bbCoaching Nutricional\u00bb font_container=\u00bbtag:h2|font_size:44|text_align:center|color:%230a7aba|line_height:1.1&#8243; google_fonts=\u00bbfont_family:Lato%3A100%2C100italic%2C300%2C300italic%2Cregular%2Citalic%2C700%2C700italic%2C900%2C900italic|font_style:900%20bold%20regular%3A900%3Anormal\u00bb css=\u00bb.vc_custom_1489484480526{margin-bottom: 15px !important;}\u00bb][\/vc_column][\/vc_row][vc_row css=\u00bb.vc_custom_1489484502411{margin-top: 25px !important;margin-right: 0px !important;margin-bottom:<\/p>\n","protected":false},"author":1,"featured_media":0,"parent":0,"menu_order":0,"comment_status":"closed","ping_status":"closed","template":"","meta":[],"yoast_head":"<!-- This site is optimized with the Yoast SEO plugin v15.7 - https:\/\/yoast.com\/wordpress\/plugins\/seo\/ -->\n<title>Curso en Coaching Nutricional - Divulgaci\u00f3n Din\u00e1mica<\/title>\n<meta name=\"description\" content=\"Curso de Coaching Nutricional Online. Apostamos por una formaci\u00f3n de calidad al alcance de todos. Paga solo las tasas. \u00a1Inf\u00f3rmate hoy mismo!.\" \/>\n<meta name=\"robots\" content=\"index, follow, max-snippet:-1, max-image-preview:large, max-video-preview:-1\" \/>\n<link rel=\"canonical\" href=\"http:\/\/divulgaciondinamica.info\/promos\/curso-en-coaching-nutricional-aw\/\" \/>\n<meta property=\"og:locale\" content=\"es_ES\" \/>\n<meta property=\"og:type\" content=\"article\" \/>\n<meta property=\"og:title\" content=\"Curso en Coaching Nutricional - Divulgaci\u00f3n Din\u00e1mica\" \/>\n<meta property=\"og:description\" content=\"Curso de Coaching Nutricional Online. Apostamos por una formaci\u00f3n de calidad al alcance de todos. Paga solo las tasas. \u00a1Inf\u00f3rmate hoy mismo!.\" \/>\n<meta property=\"og:url\" content=\"http:\/\/divulgaciondinamica.info\/promos\/curso-en-coaching-nutricional-aw\/\" \/>\n<meta property=\"og:site_name\" content=\"Divulgaci\u00f3n Din\u00e1mica\" \/>\n<meta property=\"article:publisher\" content=\"https:\/\/www.facebook.com\/divulgaciondinamicaformacion\/\" \/>\n<meta property=\"article:modified_time\" content=\"2017-05-08T10:52:23+00:00\" \/>\n<meta property=\"og:image\" content=\"http:\/\/divulgaciondinamica.info\/promos\/wp-content\/uploads\/2016\/05\/CURSO-Centro_01-3.jpg\" \/>\n<meta name=\"twitter:card\" content=\"summary_large_image\" \/>\n<meta name=\"twitter:site\" content=\"@divulgaciond\" \/>\n<meta name=\"twitter:label1\" content=\"Tiempo de lectura\">\n\t<meta name=\"twitter:data1\" content=\"7 minutos\">\n<script type=\"application\/ld+json\" class=\"yoast-schema-graph\">{\"@context\":\"https:\/\/schema.org\",\"@graph\":[{\"@type\":\"Organization\",\"@id\":\"https:\/\/divulgaciondinamica.info\/promos\/#organization\",\"name\":\"Divulgaci\\u00f3n Din\\u00e1mica S.L.\",\"url\":\"https:\/\/divulgaciondinamica.info\/promos\/\",\"sameAs\":[\"https:\/\/www.facebook.com\/divulgaciondinamicaformacion\/\",\"https:\/\/www.instagram.com\/divulgaciondinamica\",\"https:\/\/www.linkedin.com\/company-beta\/9490428\/\",\"https:\/\/www.youtube.com\/user\/ddinamica2010\",\"https:\/\/twitter.com\/divulgaciond\"],\"logo\":{\"@type\":\"ImageObject\",\"@id\":\"https:\/\/divulgaciondinamica.info\/promos\/#logo\",\"inLanguage\":\"es\",\"url\":\"https:\/\/divulgaciondinamica.info\/promos\/wp-content\/uploads\/2016\/02\/logo-divulgaciondinamica-ddf.png\",\"width\":400,\"height\":79,\"caption\":\"Divulgaci\\u00f3n Din\\u00e1mica S.L.\"},\"image\":{\"@id\":\"https:\/\/divulgaciondinamica.info\/promos\/#logo\"}},{\"@type\":\"WebSite\",\"@id\":\"https:\/\/divulgaciondinamica.info\/promos\/#website\",\"url\":\"https:\/\/divulgaciondinamica.info\/promos\/\",\"name\":\"Divulgaci\\u00f3n Din\\u00e1mica\",\"description\":\"Formaci\\u00f3n de calidad al alcance de todos\",\"publisher\":{\"@id\":\"https:\/\/divulgaciondinamica.info\/promos\/#organization\"},\"potentialAction\":[{\"@type\":\"SearchAction\",\"target\":\"https:\/\/divulgaciondinamica.info\/promos\/?s={search_term_string}\",\"query-input\":\"required name=search_term_string\"}],\"inLanguage\":\"es\"},{\"@type\":\"ImageObject\",\"@id\":\"http:\/\/divulgaciondinamica.info\/promos\/curso-en-coaching-nutricional-aw\/#primaryimage\",\"inLanguage\":\"es\",\"url\":\"http:\/\/divulgaciondinamica.info\/promos\/wp-content\/uploads\/2016\/05\/CURSO-Centro_01-3.jpg\"},{\"@type\":\"WebPage\",\"@id\":\"http:\/\/divulgaciondinamica.info\/promos\/curso-en-coaching-nutricional-aw\/#webpage\",\"url\":\"http:\/\/divulgaciondinamica.info\/promos\/curso-en-coaching-nutricional-aw\/\",\"name\":\"Curso en Coaching Nutricional - Divulgaci\\u00f3n Din\\u00e1mica\",\"isPartOf\":{\"@id\":\"https:\/\/divulgaciondinamica.info\/promos\/#website\"},\"primaryImageOfPage\":{\"@id\":\"http:\/\/divulgaciondinamica.info\/promos\/curso-en-coaching-nutricional-aw\/#primaryimage\"},\"datePublished\":\"2016-05-30T06:47:23+00:00\",\"dateModified\":\"2017-05-08T10:52:23+00:00\",\"description\":\"Curso de Coaching Nutricional Online. Apostamos por una formaci\\u00f3n de calidad al alcance de todos. Paga solo las tasas. \\u00a1Inf\\u00f3rmate hoy mismo!.\",\"inLanguage\":\"es\",\"potentialAction\":[{\"@type\":\"ReadAction\",\"target\":[\"http:\/\/divulgaciondinamica.info\/promos\/curso-en-coaching-nutricional-aw\/\"]}]}]}<\/script>\n<!-- \/ Yoast SEO plugin. -->","_links":{"self":[{"href":"https:\/\/divulgaciondinamica.info\/promos\/wp-json\/wp\/v2\/pages\/2773"}],"collection":[{"href":"https:\/\/divulgaciondinamica.info\/promos\/wp-json\/wp\/v2\/pages"}],"about":[{"href":"https:\/\/divulgaciondinamica.info\/promos\/wp-json\/wp\/v2\/types\/page"}],"author":[{"embeddable":true,"href":"https:\/\/divulgaciondinamica.info\/promos\/wp-json\/wp\/v2\/users\/1"}],"replies":[{"embeddable":true,"href":"https:\/\/divulgaciondinamica.info\/promos\/wp-json\/wp\/v2\/comments?post=2773"}],"version-history":[{"count":5,"href":"https:\/\/divulgaciondinamica.info\/promos\/wp-json\/wp\/v2\/pages\/2773\/revisions"}],"predecessor-version":[{"id":6391,"href":"https:\/\/divulgaciondinamica.info\/promos\/wp-json\/wp\/v2\/pages\/2773\/revisions\/6391"}],"wp:attachment":[{"href":"https:\/\/divulgaciondinamica.info\/promos\/wp-json\/wp\/v2\/media?parent=2773"}],"curies":[{"name":"wp","href":"https:\/\/api.w.org\/{rel}","templated":true}]}}