                                                                                                                                                                                        {"id":2761,"date":"2016-05-27T11:26:43","date_gmt":"2016-05-27T11:26:43","guid":{"rendered":"http:\/\/divulgaciondinamica.info\/promos\/?page_id=2761"},"modified":"2017-12-19T10:29:18","modified_gmt":"2017-12-19T10:29:18","slug":"auxiliar-de-centros-de-atencion-temprana-infantil-ddf","status":"publish","type":"page","link":"https:\/\/divulgaciondinamica.info\/promos\/auxiliar-de-centros-de-atencion-temprana-infantil-ddf\/","title":{"rendered":"Auxiliar de Centros de Atenci\u00f3n Temprana Infantil DDF"},"content":{"rendered":"<p>[vc_row css=\u00bb.vc_custom_1427804811471{margin-top: 25px !important;margin-bottom: 25px !important;}\u00bb][vc_column width=\u00bb2\/3&#8243;][vc_single_image image=\u00bb1573&#8243; img_size=\u00bb661&#215;82&#8243;][\/vc_column][vc_column width=\u00bb1\/3&#8243;][vc_custom_heading text=\u00bbInf\u00f3rmate: 629 27 39 96 \u00bb font_container=\u00bbtag:p|font_size:16|text_align:right|color:%2315b551&#8243; google_fonts=\u00bbfont_family:Lato%3A100%2C100italic%2C300%2C300italic%2Cregular%2Citalic%2C700%2C700italic%2C900%2C900italic|font_style:700%20bold%20regular%3A700%3Anormal\u00bb][vc_row_inner css=\u00bb.vc_custom_1507894679589{margin-top: -5px !important;}\u00bb][vc_column_inner][vc_column_text]<a class=\"whatsapp_4\" target=\"_blank\" href=\"https:\/\/web.whatsapp.com\/send?l=es&phone=34629273996 \"><div class=\"whatsapp_4 whatsapp shortcode right\" style=\"background-color: #25d366\"><span class=\"whatsapp_4\"style=\"background-color: #25d366\"><i class=\"whatsapp_4 whatsapp-icon\" style=\"padding-right:0px!important;\"><\/i> Abrir Whatsapp<\/span><\/div><\/a>[\/vc_column_text][\/vc_column_inner][\/vc_row_inner][vc_custom_heading text=\u00bbpromotora4@divulgaciondinamica.es\u00bb font_container=\u00bbtag:p|font_size:15|text_align:right|color:%237c7c7c\u00bb google_fonts=\u00bbfont_family:Lato%3A100%2C100italic%2C300%2C300italic%2Cregular%2Citalic%2C700%2C700italic%2C900%2C900italic|font_style:700%20bold%20regular%3A700%3Anormal\u00bb link=\u00bburl:mailto%3Apromotora4%40divulgaciondinamica.es||\u00bb css=\u00bb.vc_custom_1508139091207{margin-top: 10px !important;}\u00bb][\/vc_column][\/vc_row][vc_row css=\u00bb.vc_custom_1489484355483{margin-top: 25px !important;margin-bottom: 15px !important;}\u00bb][vc_column][vc_custom_heading text=\u00bbCurso Online\u00bb font_container=\u00bbtag:h2|font_size:32|text_align:center|color:%230a7aba|line_height:1.1&#8243; google_fonts=\u00bbfont_family:Lato%3A100%2C100italic%2C300%2C300italic%2Cregular%2Citalic%2C700%2C700italic%2C900%2C900italic|font_style:300%20light%20regular%3A300%3Anormal\u00bb css=\u00bb.vc_custom_1508398958231{margin-bottom: 5px !important;}\u00bb][vc_custom_heading text=\u00bbAuxiliar en Centros de Atenci\u00f3n Temprana Infantil\u00bb font_container=\u00bbtag:h2|font_size:38|text_align:center|color:%230a7aba|line_height:1.1&#8243; google_fonts=\u00bbfont_family:Lato%3A100%2C100italic%2C300%2C300italic%2Cregular%2Citalic%2C700%2C700italic%2C900%2C900italic|font_style:900%20bold%20regular%3A900%3Anormal\u00bb css=\u00bb.vc_custom_1508398972997{margin-bottom: 15px !important;}\u00bb][\/vc_column][\/vc_row][vc_row css=\u00bb.vc_custom_1489484502411{margin-top: 25px !important;margin-right: 0px !important;margin-bottom: 15px !important;}\u00bb][vc_column width=\u00bb1\/4&#8243;][vc_row_inner css=\u00bb.vc_custom_1491235165133{margin-top: 2px !important;margin-right: 2px !important;margin-bottom: 2px !important;margin-left: 2px !important;padding-top: 20px !important;padding-right: 5px !important;padding-bottom: 30px !important;padding-left: 5px !important;background-color: #efefef !important;}\u00bb][vc_column_inner][vc_icon icon_fontawesome=\u00bbfa fa-laptop\u00bb color=\u00bbsky\u00bb size=\u00bblg\u00bb align=\u00bbcenter\u00bb css_animation=\u00bbbottom-to-top\u00bb css=\u00bb.vc_custom_1489423953746{margin-bottom: 10px !important;}\u00bb][vc_custom_heading text=\u00bbModalidad:\u00bb font_container=\u00bbtag:h2|font_size:18|text_align:center|color:%230a7aba|line_height:1.2&#8243; google_fonts=\u00bbfont_family:Lato%3A100%2C100italic%2C300%2C300italic%2Cregular%2Citalic%2C700%2C700italic%2C900%2C900italic|font_style:900%20bold%20regular%3A900%3Anormal\u00bb css=\u00bb.vc_custom_1489423549304{margin-bottom: 5px !important;}\u00bb][vc_custom_heading text=\u00bb100% online\u00bb font_container=\u00bbtag:h2|font_size:16|text_align:center|color:%230a7aba|line_height:1.2&#8243; google_fonts=\u00bbfont_family:Lato%3A100%2C100italic%2C300%2C300italic%2Cregular%2Citalic%2C700%2C700italic%2C900%2C900italic|font_style:400%20regular%3A400%3Anormal\u00bb][\/vc_column_inner][\/vc_row_inner][\/vc_column][vc_column width=\u00bb1\/4&#8243;][vc_row_inner css=\u00bb.vc_custom_1491235159565{margin-top: 2px !important;margin-right: 2px !important;margin-bottom: 2px !important;margin-left: 2px !important;padding-top: 20px !important;padding-right: 5px !important;padding-bottom: 30px !important;padding-left: 5px !important;background-color: #efefef !important;}\u00bb][vc_column_inner][vc_icon icon_fontawesome=\u00bbfa fa-clock-o\u00bb color=\u00bbsky\u00bb size=\u00bblg\u00bb align=\u00bbcenter\u00bb css_animation=\u00bbbottom-to-top\u00bb css=\u00bb.vc_custom_1489424050530{margin-bottom: 10px !important;}\u00bb][vc_custom_heading text=\u00bbDuraci\u00f3n:\u00bb font_container=\u00bbtag:h2|font_size:18|text_align:center|color:%230a7aba|line_height:1.2&#8243; google_fonts=\u00bbfont_family:Lato%3A100%2C100italic%2C300%2C300italic%2Cregular%2Citalic%2C700%2C700italic%2C900%2C900italic|font_style:900%20bold%20regular%3A900%3Anormal\u00bb css=\u00bb.vc_custom_1489423553086{margin-bottom: 5px !important;}\u00bb][vc_custom_heading text=\u00bb120 h. \/ 5 semanas\u00bb font_container=\u00bbtag:h2|font_size:16|text_align:center|color:%230a7aba|line_height:1.2&#8243; google_fonts=\u00bbfont_family:Lato%3A100%2C100italic%2C300%2C300italic%2Cregular%2Citalic%2C700%2C700italic%2C900%2C900italic|font_style:400%20regular%3A400%3Anormal\u00bb][\/vc_column_inner][\/vc_row_inner][\/vc_column][vc_column width=\u00bb1\/4&#8243;][vc_row_inner css=\u00bb.vc_custom_1491235154390{margin-top: 2px !important;margin-right: 2px !important;margin-bottom: 2px !important;margin-left: 2px !important;padding-top: 20px !important;padding-right: 5px !important;padding-bottom: 30px !important;padding-left: 5px !important;background-color: #efefef !important;}\u00bb][vc_column_inner][vc_icon icon_fontawesome=\u00bbfa fa-calendar\u00bb color=\u00bbsky\u00bb size=\u00bblg\u00bb align=\u00bbcenter\u00bb css_animation=\u00bbbottom-to-top\u00bb css=\u00bb.vc_custom_1489423962381{margin-bottom: 10px !important;}\u00bb][vc_custom_heading text=\u00bbFecha Inicio:\u00bb font_container=\u00bbtag:h2|font_size:18|text_align:center|color:%230a7aba|line_height:1.2&#8243; google_fonts=\u00bbfont_family:Lato%3A100%2C100italic%2C300%2C300italic%2Cregular%2Citalic%2C700%2C700italic%2C900%2C900italic|font_style:900%20bold%20regular%3A900%3Anormal\u00bb css=\u00bb.vc_custom_1489423557331{margin-bottom: 5px !important;}\u00bb][vc_custom_heading text=\u00bb10 \/ enero \/ 2018&#8243; font_container=\u00bbtag:h2|font_size:16|text_align:center|color:%230a7aba|line_height:1.2&#8243; google_fonts=\u00bbfont_family:Lato%3A100%2C100italic%2C300%2C300italic%2Cregular%2Citalic%2C700%2C700italic%2C900%2C900italic|font_style:400%20regular%3A400%3Anormal\u00bb][\/vc_column_inner][\/vc_row_inner][\/vc_column][vc_column width=\u00bb1\/4&#8243;][vc_row_inner css=\u00bb.vc_custom_1508399285837{margin-top: 2px !important;margin-right: 2px !important;margin-bottom: 2px !important;margin-left: 2px !important;padding-top: 20px !important;padding-right: 5px !important;padding-bottom: 30px !important;padding-left: 5px !important;background-color: #efefef !important;}\u00bb][vc_column_inner][vc_icon icon_fontawesome=\u00bbfa fa-graduation-cap\u00bb color=\u00bbsky\u00bb size=\u00bblg\u00bb align=\u00bbcenter\u00bb css_animation=\u00bbbottom-to-top\u00bb css=\u00bb.vc_custom_1489423967355{margin-bottom: 10px !important;}\u00bb][vc_custom_heading text=\u00bbTasas Administrativas:\u00bb font_container=\u00bbtag:h2|font_size:18|text_align:center|color:%230a7aba|line_height:1.2&#8243; google_fonts=\u00bbfont_family:Lato%3A100%2C100italic%2C300%2C300italic%2Cregular%2Citalic%2C700%2C700italic%2C900%2C900italic|font_style:900%20bold%20regular%3A900%3Anormal\u00bb css=\u00bb.vc_custom_1489423561127{margin-bottom: 5px !important;}\u00bb][vc_custom_heading text=\u00bbPaga s\u00f3lo 57\u20ac\u00bb font_container=\u00bbtag:h2|font_size:16|text_align:center|color:%230a7aba|line_height:1.2&#8243; google_fonts=\u00bbfont_family:Lato%3A100%2C100italic%2C300%2C300italic%2Cregular%2Citalic%2C700%2C700italic%2C900%2C900italic|font_style:400%20regular%3A400%3Anormal\u00bb][\/vc_column_inner][\/vc_row_inner][\/vc_column][\/vc_row][vc_row][vc_column][vc_column_text]<img loading=\"lazy\" class=\"alignleft wp-image-2840 size-full\" title=\"Educaci\u00f3n Social para Colectivos en Riesgo de Exclusi\u00f3n\" src=\"http:\/\/divulgaciondinamica.info\/promos\/wp-content\/uploads\/2016\/05\/imagen-auxiliar-centros-atencion-temprana-infantil.jpg\" alt=\"\" width=\"643\" height=\"434\" srcset=\"https:\/\/divulgaciondinamica.info\/promos\/wp-content\/uploads\/2016\/05\/imagen-auxiliar-centros-atencion-temprana-infantil.jpg 643w, https:\/\/divulgaciondinamica.info\/promos\/wp-content\/uploads\/2016\/05\/imagen-auxiliar-centros-atencion-temprana-infantil-300x202.jpg 300w\" sizes=\"(max-width: 643px) 100vw, 643px\" \/><iframe style=\"border: 0px solid grey;\" src=\"http:\/\/divulgaciondinamica.es\/secretariainfo\/alumnos\/iframe\/1006\/\" width=\"417\" height=\"434\" scrolling=\"auto\"><\/iframe>[\/vc_column_text][\/vc_column][\/vc_row][vc_row css=\u00bb.vc_custom_1427804437681{margin-top: 35px !important;margin-bottom: 35px !important;}\u00bb][vc_column width=\u00bb1\/4&#8243;][vc_single_image image=\u00bb5876&#8243; img_size=\u00bb250&#215;195&#8243; alignment=\u00bbcenter\u00bb][\/vc_column][vc_column width=\u00bb1\/4&#8243;][vc_single_image image=\u00bb5877&#8243; img_size=\u00bb250&#215;195&#8243; alignment=\u00bbcenter\u00bb][\/vc_column][vc_column width=\u00bb1\/4&#8243;][vc_single_image image=\u00bb5878&#8243; img_size=\u00bb250&#215;195&#8243; alignment=\u00bbcenter\u00bb][\/vc_column][vc_column width=\u00bb1\/4&#8243;][vc_single_image image=\u00bb8928&#8243; img_size=\u00bb250&#215;195&#8243; alignment=\u00bbcenter\u00bb][\/vc_column][\/vc_row][vc_row][vc_column][\/vc_column][\/vc_row][vc_row css=\u00bb.vc_custom_1427805189823{margin-top: 35px !important;margin-bottom: 35px !important;}\u00bb][vc_column width=\u00bb1\/2&#8243;][vc_custom_heading text=\u00bbPresentaci\u00f3n del Curso:\u00bb font_container=\u00bbtag:h2|font_size:26|text_align:left|color:%230a7aba|line_height:1.2&#8243; google_fonts=\u00bbfont_family:Lato%3A100%2C100italic%2C300%2C300italic%2Cregular%2Citalic%2C700%2C700italic%2C900%2C900italic|font_style:900%20bold%20regular%3A900%3Anormal\u00bb css=\u00bb.vc_custom_1508399124282{margin-bottom: 45px !important;}\u00bb][vc_column_text css=\u00bb.vc_custom_1508399146009{margin-bottom: 30px !important;}\u00bb]<\/p>\n<div id=\"stcpDiv\">\n<p style=\"text-align: left;\">La atenci\u00f3n temprana es un \u00e1mbito de intervenci\u00f3n reciente dedicado a ofrecer respuestas a todos aquellos ni\u00f1os y ni\u00f1as de edades comprendidas entre 0 y 6 a\u00f1os que presentan problemas en su desarrollo o riesgo de padecerlos, facilitando as\u00ed la inclusi\u00f3n de los menores en el entorno que les rodea. Esta intervenci\u00f3n no solo debe incluir al ni\u00f1o o la ni\u00f1a, sino que tambi\u00e9n a la familia y a la escuela.<\/p>\n<p style=\"text-align: left;\">Con este curso online de Auxiliar de Centros de Atenci\u00f3n Temprana Infantil se pretenden aportar nociones b\u00e1sicas sobre el desarrollo infantil, los posibles riesgos y puntos clave sobre su intervenci\u00f3n temprana para conseguir un desarrollo evolutivo \u00f3ptimo. Igualmente la aportaci\u00f3n de breves ideas sobre la realizaci\u00f3n de terapias alternativas o complementarias a las m\u00e1s tradicionales da a este curso un factor novedoso y actual.<\/p>\n<p><img loading=\"lazy\" class=\"alignleft size-full wp-image-53\" src=\"http:\/\/divulgaciondinamica.info\/promos\/wp-content\/uploads\/2015\/03\/diploma-digital1.png\" alt=\"diploma-digital\" width=\"479\" height=\"322\" srcset=\"https:\/\/divulgaciondinamica.info\/promos\/wp-content\/uploads\/2015\/03\/diploma-digital1.png 479w, https:\/\/divulgaciondinamica.info\/promos\/wp-content\/uploads\/2015\/03\/diploma-digital1-300x202.png 300w\" sizes=\"(max-width: 479px) 100vw, 479px\" \/><\/p>\n<p style=\"text-align: left;\" align=\"justify\">\n<\/div>\n<p>[\/vc_column_text][\/vc_column][vc_column width=\u00bb1\/2&#8243;][vc_custom_heading text=\u00bbTemario del Curso:\u00bb font_container=\u00bbtag:h2|font_size:26|text_align:left|color:%230a7aba|line_height:1.2&#8243; google_fonts=\u00bbfont_family:Lato%3A100%2C100italic%2C300%2C300italic%2Cregular%2Citalic%2C700%2C700italic%2C900%2C900italic|font_style:900%20bold%20regular%3A900%3Anormal\u00bb css=\u00bb.vc_custom_1508399130325{margin-bottom: 45px !important;}\u00bb][vc_column_text]<\/p>\n<div id=\"stcpDiv\">\n<div id=\"stcpDiv\">\n<div id=\"stcpDiv\">\n<div class=\"w-tabs-section-content\">\n<div class=\"w-tabs-section-content-h i-cf\">\n<div class=\"wpb_text_column \">\n<div class=\"wpb_wrapper\">\n<div id=\"stcpDiv\">\n<div id=\"stcpDiv\">\n<div id=\"stcpDiv\">\n<p><strong>1. LA ATENCI\u00d3N TEMPRANA Y EL DESARROLLO EVOLUTIVO ENTRE LOS 0 Y LOS 6 A\u00d1OS.<\/strong><\/p>\n<p>1.1 La atenci\u00f3n temprana.<br \/>\n1.2 Legislaci\u00f3n y Centros de Atenci\u00f3n Temprana.<br \/>\n1.3 Bases del desarrollo evolutivo infantil.<\/p>\n<p><strong>2. FACTORES DE RIESGO, DISCAPACIDAD Y TRASTORNOS ENTRE LOS 0 Y LOS 6 A\u00d1OS.<\/strong><\/p>\n<p>2.1 Principales factores de riesgo.<br \/>\n2.2 Factores de prevenci\u00f3n<br \/>\n2.3 El diagn\u00f3stico<br \/>\n2.4 Clasificaci\u00f3n de discapacidades y trastornos.<\/p>\n<p><strong>3. INTERVENCI\u00d3N EN LA ATENCI\u00d3N TEMPRANA.<\/strong><\/p>\n<p>3.1 Evaluaci\u00f3n.<br \/>\n3.2 Intervenci\u00f3n sobre las \u00e1reas de desarrollo.<br \/>\n3.3 Intervenci\u00f3n en poblaciones espec\u00edficas.<br \/>\n3.4 Casos pr\u00e1cticos.<\/p>\n<p><strong>4. INTERVENCI\u00d3N CONTEXTUAL. TERAPIAS ALTERNATIVAS.<\/strong><\/p>\n<p>4.1 Intervenci\u00f3n contextual. La familia.<br \/>\n4.2 Terapia asistida por animales.<br \/>\n4.3 Musicoterapia. Arteterapia.<br \/>\n4.4 Terapia de los movimientos r\u00edtmicos o reflejos primitivos.<br \/>\n4.5 Otras terapias alternativas.<\/p>\n<\/div>\n<\/div>\n<\/div>\n<\/div>\n<\/div>\n<\/div>\n<\/div>\n<\/div>\n<\/div>\n<\/div>\n<p>[\/vc_column_text][\/vc_column][\/vc_row][vc_row css=\u00bb.vc_custom_1489484531438{margin-bottom: 60px !important;padding-top: 15px !important;padding-bottom: 5px !important;background-color: #0a7aba !important;}\u00bb][vc_column][vc_row_inner][vc_column_inner width=\u00bb1\/4&#8243;][vc_column_text]\u00a0[\/vc_column_text][\/vc_column_inner][vc_column_inner width=\u00bb1\/2&#8243;][vc_column_text]<\/p>\n<div style=\"text-align: center;\"><iframe style=\"border: 0px solid grey;\" src=\"http:\/\/divulgaciondinamica.es\/secretariainfo\/alumnos\/iframe\/1006\/\" width=\"417\" height=\"404\" scrolling=\"auto\" align=\"center\"><\/iframe><\/div>\n<p>[\/vc_column_text][\/vc_column_inner][vc_column_inner width=\u00bb1\/4&#8243;][vc_column_text]\u00a0[\/vc_column_text][\/vc_column_inner][\/vc_row_inner][\/vc_column][\/vc_row][vc_row][vc_column width=\u00bb1\/3&#8243;][\/vc_column][vc_column width=\u00bb1\/3&#8243;][vc_custom_heading text=\u00bbInf\u00f3rmate: 629 27 39 96 \u00bb font_container=\u00bbtag:p|font_size:16|text_align:center|color:%2315b551&#8243; google_fonts=\u00bbfont_family:Lato%3A100%2C100italic%2C300%2C300italic%2Cregular%2Citalic%2C700%2C700italic%2C900%2C900italic|font_style:700%20bold%20regular%3A700%3Anormal\u00bb][vc_row_inner css=\u00bb.vc_custom_1507894965808{margin-top: -5px !important;margin-right: 26% !important;}\u00bb][vc_column_inner][vc_column_text]<\/p>\n<div align=\"center\"><a class=\"whatsapp_4\" target=\"_blank\" href=\"https:\/\/web.whatsapp.com\/send?l=es&phone=34629273996 \"><div class=\"whatsapp_4 whatsapp shortcode right\" style=\"background-color: #25d366\"><span class=\"whatsapp_4\"style=\"background-color: #25d366\"><i class=\"whatsapp_4 whatsapp-icon\" style=\"padding-right:0px!important;\"><\/i> Abrir Whatsapp<\/span><\/div><\/a><\/div>\n<p>[\/vc_column_text][\/vc_column_inner][\/vc_row_inner][vc_custom_heading text=\u00bbpromotora4@divulgaciondinamica.es\u00bb font_container=\u00bbtag:p|font_size:15|text_align:center|color:%237c7c7c\u00bb google_fonts=\u00bbfont_family:Lato%3A100%2C100italic%2C300%2C300italic%2Cregular%2Citalic%2C700%2C700italic%2C900%2C900italic|font_style:700%20bold%20regular%3A700%3Anormal\u00bb link=\u00bburl:mailto%3Apromotora4%40divulgaciondinamica.es||\u00bb css=\u00bb.vc_custom_1508139107651{margin-top: 10px !important;}\u00bb][\/vc_column][vc_column width=\u00bb1\/3&#8243;][\/vc_column][\/vc_row]<\/p>\n","protected":false},"excerpt":{"rendered":"<p>[vc_row css=\u00bb.vc_custom_1427804811471{margin-top: 25px !important;margin-bottom: 25px !important;}\u00bb][vc_column width=\u00bb2\/3&#8243;][vc_single_image image=\u00bb1573&#8243; img_size=\u00bb661&#215;82&#8243;][\/vc_column][vc_column width=\u00bb1\/3&#8243;][vc_custom_heading text=\u00bbInf\u00f3rmate: 629 27 39 96 \u00bb font_container=\u00bbtag:p|font_size:16|text_align:right|color:%2315b551&#8243; google_fonts=\u00bbfont_family:Lato%3A100%2C100italic%2C300%2C300italic%2Cregular%2Citalic%2C700%2C700italic%2C900%2C900italic|font_style:700%20bold%20regular%3A700%3Anormal\u00bb][vc_row_inner css=\u00bb.vc_custom_1507894679589{margin-top: -5px !important;}\u00bb][vc_column_inner][vc_column_text][\/vc_column_text][\/vc_column_inner][\/vc_row_inner][vc_custom_heading text=\u00bbpromotora4@divulgaciondinamica.es\u00bb font_container=\u00bbtag:p|font_size:15|text_align:right|color:%237c7c7c\u00bb google_fonts=\u00bbfont_family:Lato%3A100%2C100italic%2C300%2C300italic%2Cregular%2Citalic%2C700%2C700italic%2C900%2C900italic|font_style:700%20bold%20regular%3A700%3Anormal\u00bb link=\u00bburl:mailto%3Apromotora4%40divulgaciondinamica.es||\u00bb css=\u00bb.vc_custom_1508139091207{margin-top: 10px !important;}\u00bb][\/vc_column][\/vc_row][vc_row css=\u00bb.vc_custom_1489484355483{margin-top: 25px !important;margin-bottom: 15px !important;}\u00bb][vc_column][vc_custom_heading text=\u00bbCurso Online\u00bb font_container=\u00bbtag:h2|font_size:32|text_align:center|color:%230a7aba|line_height:1.1&#8243; google_fonts=\u00bbfont_family:Lato%3A100%2C100italic%2C300%2C300italic%2Cregular%2Citalic%2C700%2C700italic%2C900%2C900italic|font_style:300%20light%20regular%3A300%3Anormal\u00bb css=\u00bb.vc_custom_1508398958231{margin-bottom: 5px !important;}\u00bb][vc_custom_heading<\/p>\n","protected":false},"author":1,"featured_media":0,"parent":0,"menu_order":0,"comment_status":"closed","ping_status":"closed","template":"","meta":[],"yoast_head":"<!-- This site is optimized with the Yoast SEO plugin v15.7 - https:\/\/yoast.com\/wordpress\/plugins\/seo\/ -->\n<title>Auxiliar de Centros de Atenci\u00f3n Temprana Infantil - Divulgaci\u00f3n Din\u00e1mica<\/title>\n<meta name=\"description\" content=\"Curso de Auxiliar de Centros de Atenci\u00f3n Temprana Infantil. Apostamos por una formaci\u00f3n de calidad al alcance de todos. Paga solo las tasas. \u00a1Inf\u00f3rmate!.\" \/>\n<meta name=\"robots\" content=\"index, follow, max-snippet:-1, max-image-preview:large, max-video-preview:-1\" \/>\n<link rel=\"canonical\" href=\"http:\/\/divulgaciondinamica.info\/promos\/auxiliar-de-centros-de-atencion-temprana-infantil\/\" \/>\n<meta property=\"og:locale\" content=\"es_ES\" \/>\n<meta property=\"og:type\" content=\"article\" \/>\n<meta property=\"og:title\" content=\"Auxiliar de Centros de Atenci\u00f3n Temprana Infantil - Divulgaci\u00f3n Din\u00e1mica\" \/>\n<meta property=\"og:description\" content=\"Curso de Auxiliar de Centros de Atenci\u00f3n Temprana Infantil. Apostamos por una formaci\u00f3n de calidad al alcance de todos. Paga solo las tasas. \u00a1Inf\u00f3rmate!.\" \/>\n<meta property=\"og:url\" content=\"http:\/\/divulgaciondinamica.info\/promos\/auxiliar-de-centros-de-atencion-temprana-infantil\/\" \/>\n<meta property=\"og:site_name\" content=\"Divulgaci\u00f3n Din\u00e1mica\" \/>\n<meta property=\"article:publisher\" content=\"https:\/\/www.facebook.com\/divulgaciondinamicaformacion\/\" \/>\n<meta property=\"article:modified_time\" content=\"2017-12-19T10:29:18+00:00\" \/>\n<meta property=\"og:image\" content=\"http:\/\/divulgaciondinamica.info\/promos\/wp-content\/uploads\/2016\/05\/imagen-auxiliar-centros-atencion-temprana-infantil.jpg\" \/>\n<meta name=\"twitter:card\" content=\"summary_large_image\" \/>\n<meta name=\"twitter:site\" content=\"@divulgaciond\" \/>\n<meta name=\"twitter:label1\" content=\"Tiempo de lectura\">\n\t<meta name=\"twitter:data1\" content=\"8 minutos\">\n<script type=\"application\/ld+json\" class=\"yoast-schema-graph\">{\"@context\":\"https:\/\/schema.org\",\"@graph\":[{\"@type\":\"Organization\",\"@id\":\"https:\/\/divulgaciondinamica.info\/promos\/#organization\",\"name\":\"Divulgaci\\u00f3n Din\\u00e1mica S.L.\",\"url\":\"https:\/\/divulgaciondinamica.info\/promos\/\",\"sameAs\":[\"https:\/\/www.facebook.com\/divulgaciondinamicaformacion\/\",\"https:\/\/www.instagram.com\/divulgaciondinamica\",\"https:\/\/www.linkedin.com\/company-beta\/9490428\/\",\"https:\/\/www.youtube.com\/user\/ddinamica2010\",\"https:\/\/twitter.com\/divulgaciond\"],\"logo\":{\"@type\":\"ImageObject\",\"@id\":\"https:\/\/divulgaciondinamica.info\/promos\/#logo\",\"inLanguage\":\"es\",\"url\":\"https:\/\/divulgaciondinamica.info\/promos\/wp-content\/uploads\/2016\/02\/logo-divulgaciondinamica-ddf.png\",\"width\":400,\"height\":79,\"caption\":\"Divulgaci\\u00f3n Din\\u00e1mica S.L.\"},\"image\":{\"@id\":\"https:\/\/divulgaciondinamica.info\/promos\/#logo\"}},{\"@type\":\"WebSite\",\"@id\":\"https:\/\/divulgaciondinamica.info\/promos\/#website\",\"url\":\"https:\/\/divulgaciondinamica.info\/promos\/\",\"name\":\"Divulgaci\\u00f3n Din\\u00e1mica\",\"description\":\"Formaci\\u00f3n de calidad al alcance de todos\",\"publisher\":{\"@id\":\"https:\/\/divulgaciondinamica.info\/promos\/#organization\"},\"potentialAction\":[{\"@type\":\"SearchAction\",\"target\":\"https:\/\/divulgaciondinamica.info\/promos\/?s={search_term_string}\",\"query-input\":\"required name=search_term_string\"}],\"inLanguage\":\"es\"},{\"@type\":\"ImageObject\",\"@id\":\"http:\/\/divulgaciondinamica.info\/promos\/auxiliar-de-centros-de-atencion-temprana-infantil\/#primaryimage\",\"inLanguage\":\"es\",\"url\":\"http:\/\/divulgaciondinamica.info\/promos\/wp-content\/uploads\/2016\/05\/imagen-auxiliar-centros-atencion-temprana-infantil.jpg\"},{\"@type\":\"WebPage\",\"@id\":\"http:\/\/divulgaciondinamica.info\/promos\/auxiliar-de-centros-de-atencion-temprana-infantil\/#webpage\",\"url\":\"http:\/\/divulgaciondinamica.info\/promos\/auxiliar-de-centros-de-atencion-temprana-infantil\/\",\"name\":\"Auxiliar de Centros de Atenci\\u00f3n Temprana Infantil - Divulgaci\\u00f3n Din\\u00e1mica\",\"isPartOf\":{\"@id\":\"https:\/\/divulgaciondinamica.info\/promos\/#website\"},\"primaryImageOfPage\":{\"@id\":\"http:\/\/divulgaciondinamica.info\/promos\/auxiliar-de-centros-de-atencion-temprana-infantil\/#primaryimage\"},\"datePublished\":\"2016-05-27T11:26:43+00:00\",\"dateModified\":\"2017-12-19T10:29:18+00:00\",\"description\":\"Curso de Auxiliar de Centros de Atenci\\u00f3n Temprana Infantil. Apostamos por una formaci\\u00f3n de calidad al alcance de todos. Paga solo las tasas. \\u00a1Inf\\u00f3rmate!.\",\"inLanguage\":\"es\",\"potentialAction\":[{\"@type\":\"ReadAction\",\"target\":[\"http:\/\/divulgaciondinamica.info\/promos\/auxiliar-de-centros-de-atencion-temprana-infantil\/\"]}]}]}<\/script>\n<!-- \/ Yoast SEO plugin. -->","_links":{"self":[{"href":"https:\/\/divulgaciondinamica.info\/promos\/wp-json\/wp\/v2\/pages\/2761"}],"collection":[{"href":"https:\/\/divulgaciondinamica.info\/promos\/wp-json\/wp\/v2\/pages"}],"about":[{"href":"https:\/\/divulgaciondinamica.info\/promos\/wp-json\/wp\/v2\/types\/page"}],"author":[{"embeddable":true,"href":"https:\/\/divulgaciondinamica.info\/promos\/wp-json\/wp\/v2\/users\/1"}],"replies":[{"embeddable":true,"href":"https:\/\/divulgaciondinamica.info\/promos\/wp-json\/wp\/v2\/comments?post=2761"}],"version-history":[{"count":5,"href":"https:\/\/divulgaciondinamica.info\/promos\/wp-json\/wp\/v2\/pages\/2761\/revisions"}],"predecessor-version":[{"id":9787,"href":"https:\/\/divulgaciondinamica.info\/promos\/wp-json\/wp\/v2\/pages\/2761\/revisions\/9787"}],"wp:attachment":[{"href":"https:\/\/divulgaciondinamica.info\/promos\/wp-json\/wp\/v2\/media?parent=2761"}],"curies":[{"name":"wp","href":"https:\/\/api.w.org\/{rel}","templated":true}]}}