{"id":2663,"date":"2016-05-11T09:14:52","date_gmt":"2016-05-11T09:14:52","guid":{"rendered":"http:\/\/divulgaciondinamica.info\/promos\/?page_id=2663"},"modified":"2017-05-11T08:43:07","modified_gmt":"2017-05-11T08:43:07","slug":"master-en-intervencion-social-y-comunitaria","status":"publish","type":"page","link":"https:\/\/divulgaciondinamica.info\/promos\/master-en-intervencion-social-y-comunitaria\/","title":{"rendered":"M\u00e1ster en Intervenci\u00f3n Social y Comunitaria"},"content":{"rendered":"<p>[vc_row css=\u00bb.vc_custom_1427804811471{margin-top: 25px !important;margin-bottom: 25px !important;}\u00bb][vc_column width=\u00bb2\/3&#8243;][vc_single_image image=\u00bb1573&#8243; img_size=\u00bb661&#215;82&#8243;][\/vc_column][vc_column width=\u00bb1\/3&#8243;][vc_column_text]<\/p>\n<h6 style=\"text-align: right;\"><i class=\"fa fa-whatsapp\"><\/i> 618 20 04 80<\/h6>\n<p style=\"text-align: right;\"><strong>promotora6@divulgaciondinamica.es<\/strong><\/p>\n<p>[\/vc_column_text][\/vc_column][\/vc_row][vc_row css=\u00bb.vc_custom_1489484355483{margin-top: 25px !important;margin-bottom: 15px !important;}\u00bb][vc_column][vc_custom_heading text=\u00bbM\u00e1ster Online<br \/>\n\u00bb font_container=\u00bbtag:p|font_size:32|text_align:center|color:%2330b3ad|line_height:1.1&#8243; google_fonts=\u00bbfont_family:Lato%3A100%2C100italic%2C300%2C300italic%2Cregular%2Citalic%2C700%2C700italic%2C900%2C900italic|font_style:300%20light%20regular%3A300%3Anormal\u00bb css=\u00bb.vc_custom_1494491723867{margin-bottom: 15px !important;}\u00bb][vc_custom_heading text=\u00bbIntervenci\u00f3n Social y Comunitaria\u00bb font_container=\u00bbtag:h1|font_size:38|text_align:center|line_height:1.1&#8243; google_fonts=\u00bbfont_family:Lato%3A100%2C100italic%2C300%2C300italic%2Cregular%2Citalic%2C700%2C700italic%2C900%2C900italic|font_style:900%20bold%20regular%3A900%3Anormal\u00bb css=\u00bb.vc_custom_1494491740360{margin-bottom: 15px !important;}\u00bb][\/vc_column][\/vc_row][vc_row][vc_column][vc_column_text]<img loading=\"lazy\" class=\"alignleft wp-image-2664 size-full\" title=\"Intervenci\u00f3n Social y Comunitaria online\" src=\"http:\/\/divulgaciondinamica.info\/promos\/wp-content\/uploads\/2016\/05\/MASTER-Centro_01-1.jpg\" alt=\"M\u00e1ster en Intervenci\u00f3n Social y Comunitaria online\" width=\"643\" height=\"434\" srcset=\"https:\/\/divulgaciondinamica.info\/promos\/wp-content\/uploads\/2016\/05\/MASTER-Centro_01-1.jpg 643w, https:\/\/divulgaciondinamica.info\/promos\/wp-content\/uploads\/2016\/05\/MASTER-Centro_01-1-300x202.jpg 300w\" sizes=\"(max-width: 643px) 100vw, 643px\" \/><a href=\"https:\/\/docs.google.com\/forms\/d\/e\/1FAIpQLSfrCIKoBZZVtqyCGeZj68Tj37uD3p_gqAyv3QnQJzmKXHpUTg\/viewform\" target=\"_blank\"><img loading=\"lazy\" class=\"alignleft wp-image-7208 size-full\" title=\"Solicita informaci\u00f3n del m\u00e1ster en Intervencion Social y Comunitaria online\" src=\"http:\/\/divulgaciondinamica.info\/promos\/wp-content\/uploads\/2016\/05\/master-intervencion-social-comunitaria-online.png\" alt=\"M\u00e1ster en Intervencion Social y Comunitaria online\" width=\"417\" height=\"434\" srcset=\"https:\/\/divulgaciondinamica.info\/promos\/wp-content\/uploads\/2016\/05\/master-intervencion-social-comunitaria-online.png 417w, https:\/\/divulgaciondinamica.info\/promos\/wp-content\/uploads\/2016\/05\/master-intervencion-social-comunitaria-online-288x300.png 288w\" sizes=\"(max-width: 417px) 100vw, 417px\" \/><\/a>[\/vc_column_text][\/vc_column][\/vc_row][vc_row css=\u00bb.vc_custom_1493811160395{margin-top: 20px !important;}\u00bb][vc_column][vc_custom_heading text=\u00bb\u00a1Realiza este CURSO y comienza a ser socio de divulgaci\u00f3n din\u00e1mica club!\u00bb font_container=\u00bbtag:h2|text_align:center|color:%2330b3ad|line_height:1.1&#8243; google_fonts=\u00bbfont_family:Lato%3A100%2C100italic%2C300%2C300italic%2Cregular%2Citalic%2C700%2C700italic%2C900%2C900italic|font_style:900%20bold%20regular%3A900%3Anormal\u00bb link=\u00bburl:https%3A%2F%2Fdocs.google.com%2Fforms%2Fd%2Fe%2F1FAIpQLSfrCIKoBZZVtqyCGeZj68Tj37uD3p_gqAyv3QnQJzmKXHpUTg%2Fviewform|title:Solicitud%20de%20informaci%C3%B3n|target:%20_blank\u00bb][\/vc_column][\/vc_row][vc_row css=\u00bb.vc_custom_1427804437681{margin-top: 35px !important;margin-bottom: 35px !important;}\u00bb][vc_column width=\u00bb1\/4&#8243;][vc_single_image image=\u00bb6930&#8243; img_size=\u00bb250&#215;195&#8243; alignment=\u00bbcenter\u00bb onclick=\u00bbcustom_link\u00bb img_link_target=\u00bb_blank\u00bb link=\u00bbhttps:\/\/docs.google.com\/forms\/d\/e\/1FAIpQLSfrCIKoBZZVtqyCGeZj68Tj37uD3p_gqAyv3QnQJzmKXHpUTg\/viewform\u00bb][\/vc_column][vc_column width=\u00bb1\/4&#8243;][vc_single_image image=\u00bb6931&#8243; img_size=\u00bb250&#215;195&#8243; alignment=\u00bbcenter\u00bb onclick=\u00bbcustom_link\u00bb img_link_target=\u00bb_blank\u00bb link=\u00bbhttps:\/\/docs.google.com\/forms\/d\/e\/1FAIpQLSfrCIKoBZZVtqyCGeZj68Tj37uD3p_gqAyv3QnQJzmKXHpUTg\/viewform\u00bb][\/vc_column][vc_column width=\u00bb1\/4&#8243;][vc_single_image image=\u00bb6932&#8243; img_size=\u00bb250&#215;195&#8243; alignment=\u00bbcenter\u00bb onclick=\u00bbcustom_link\u00bb img_link_target=\u00bb_blank\u00bb link=\u00bbhttps:\/\/docs.google.com\/forms\/d\/e\/1FAIpQLSfrCIKoBZZVtqyCGeZj68Tj37uD3p_gqAyv3QnQJzmKXHpUTg\/viewform\u00bb][\/vc_column][vc_column width=\u00bb1\/4&#8243;][vc_single_image image=\u00bb6951&#8243; img_size=\u00bb250&#215;195&#8243; alignment=\u00bbcenter\u00bb onclick=\u00bbcustom_link\u00bb img_link_target=\u00bb_blank\u00bb link=\u00bbhttps:\/\/docs.google.com\/forms\/d\/e\/1FAIpQLSfrCIKoBZZVtqyCGeZj68Tj37uD3p_gqAyv3QnQJzmKXHpUTg\/viewform\u00bb][\/vc_column][\/vc_row][vc_row][vc_column][\/vc_column][\/vc_row][vc_row css=\u00bb.vc_custom_1427805189823{margin-top: 35px !important;margin-bottom: 35px !important;}\u00bb][vc_column width=\u00bb1\/2&#8243;][vc_column_text css=\u00bb.vc_custom_1462957581519{margin-bottom: 30px !important;}\u00bb]<\/p>\n<div id=\"stcpDiv\">\n<h3 style=\"text-align: left;\" align=\"justify\">Presentaci\u00f3n del M\u00e1ster:<\/h3>\n<p>&nbsp;<\/p>\n<p>En el \u00e1rea de Intervenci\u00f3n Social apostamos por la conjunci\u00f3n de competencias. Combinamos estrategia e instrumentos: abordamos \u00e1reas de conocimiento y herramientas propias de los an\u00e1lisis sociales, y presentamos los modelos de pr\u00e1cticas habituales que se utilizan en materia de intervenci\u00f3n, sobre diversos territorios y colectivos.<\/p>\n<p>El objetivo: capacitar a nuestros alumnos para la direcci\u00f3n de programas y proyectos, as\u00ed como en la elaboraci\u00f3n de an\u00e1lisis e informes globales.<\/p>\n<p>Las herramientas digitales y la aplicaci\u00f3n de las TIC a nuestro Campus de Intervenci\u00f3n Social posibilitan una actualizaci\u00f3n de conocimientos permanente, orientada tanto a profesionales del sector como a interesados en la materia.<br \/>\n<img loading=\"lazy\" class=\"alignleft size-full wp-image-53\" src=\"http:\/\/divulgaciondinamica.info\/promos\/wp-content\/uploads\/2015\/03\/diploma-digital1.png\" alt=\"diploma-digital\" width=\"479\" height=\"322\" srcset=\"https:\/\/divulgaciondinamica.info\/promos\/wp-content\/uploads\/2015\/03\/diploma-digital1.png 479w, https:\/\/divulgaciondinamica.info\/promos\/wp-content\/uploads\/2015\/03\/diploma-digital1-300x202.png 300w\" sizes=\"(max-width: 479px) 100vw, 479px\" \/><\/p>\n<p style=\"text-align: left;\" align=\"justify\">\n<\/div>\n<p>[\/vc_column_text][\/vc_column][vc_column width=\u00bb1\/2&#8243;][vc_column_text]<\/p>\n<div id=\"stcpDiv\">\n<h3 style=\"text-align: left;\" align=\"justify\">Temario del M\u00e1ster:<\/h3>\n<p>&nbsp;<\/p>\n<div>\n<p><strong>1. Intervenci\u00f3n comunitaria: Gesti\u00f3n de proyectos<\/strong><\/p>\n<p>1.1 La intervenci\u00f3n comunitaria<br \/>\n1.2 Niveles de planificaci\u00f3n<br \/>\n1.3 Ventajas e inconvenientes de la planificaci\u00f3n<br \/>\n1.4 Requisitos de los proyectos de intervenci\u00f3n comunitaria<br \/>\n1.5 M\u00e9todos para la planificaci\u00f3n de proyectos<br \/>\n1.6 Bases contextuales<br \/>\n1.7 Definici\u00f3n del proyecto<br \/>\n1.8 Producto del proyecto<br \/>\n1.9 Evaluaci\u00f3n<\/p>\n<p><strong>2. Dinamizaci\u00f3n Comunitaria<\/strong><\/p>\n<p>2.1 Acci\u00f3n comunitaria<br \/>\n2.2 Administraciones e instituciones. Agentes sociales, profesionales y t\u00e9cnicos<br \/>\n2.3 Planes comunitarios<br \/>\n2.4 Empowerment o potenciaci\u00f3n. El papel del profesional en potenciaci\u00f3n<br \/>\n2.5 Estrategias de potenciaci\u00f3n<br \/>\n2.6 La investigaci\u00f3n-acci\u00f3n participativa<br \/>\n2.7 Enfoque del marco l\u00f3gico<\/p>\n<p><strong>3. Participaci\u00f3n Ciudadana<\/strong><\/p>\n<p>3.1 Tipos de participaci\u00f3n. Niveles de participaci\u00f3n ciudadana<br \/>\n3.2 Factores modulares de la participaci\u00f3n<br \/>\n3.3 Fines de la participaci\u00f3n ciudadana<br \/>\n3.4 Tipolog\u00eda de m\u00e9todos de participaci\u00f3n<br \/>\n3.5 Marco legal del voluntariado<br \/>\n3.6 Voluntariado y tercer sector<br \/>\n3.7 Los grupos de autoayuda<\/p>\n<p><strong>4. Metodolog\u00eda y t\u00e9cnicas de participaci\u00f3n social<\/strong><\/p>\n<p>4.1 T\u00e9cnicas de participaci\u00f3n. Metodolog\u00edas participativas<br \/>\n4.2 Consideraciones importantes para el uso de las t\u00e9cnicas<br \/>\n4.3 T\u00e9cnicas de presentaci\u00f3n. T\u00e9cnicas de dinamizaci\u00f3n. T\u00e9cnicas de an\u00e1lisis<br \/>\n4.4 T\u00e9cnicas de evaluaci\u00f3n. T\u00e9cnicas orales individuales. T\u00e9cnicas orales colectivas<br \/>\n4.5 Apreciaci\u00f3n Influencia control. Proceso de consulta<br \/>\n4.6 B\u00fasqueda del futuro. Marco L\u00f3gico. Espacio abierto<br \/>\n4.7 Investigaci\u00f3n-Acci\u00f3n participativa. Evaluaci\u00f3n rural participativa<\/p>\n<p><strong>5. Mediaci\u00f3n Social y Comunitaria<\/strong><\/p>\n<p>5.1 Mediaci\u00f3n social y comunitaria<br \/>\n5.2 Mediaci\u00f3n comunitaria como metodolog\u00eda<br \/>\n5.3 An\u00e1lisis de la realidad comunitaria<br \/>\n5.4 Desarrollo y culminaci\u00f3n del proceso de mediaci\u00f3n comunitaria<br \/>\n5.5 \u00c1mbitos de aplicaci\u00f3n<br \/>\n5.6 Evaluaci\u00f3n de los procesos de mediaci\u00f3n comunitaria<\/p>\n<p><strong>6. Educaci\u00f3n Social y Desarrollo Comunitario<\/strong><\/p>\n<p>6.1 Educaci\u00f3n social y desarrollo comunitario<br \/>\n6.2 La comunidad como territorio de intervenci\u00f3n<br \/>\n6.3 El tercer sector y la educaci\u00f3n social<\/p>\n<p><strong>7. Dinamizaci\u00f3n de equipamientos culturales ciudadanos<\/strong><\/p>\n<p>7.1 Animaci\u00f3n sociocultural como metodolog\u00eda de dinamizaci\u00f3n cultural<br \/>\n7.2 Funciones y \u00e1mbitos de la ASC<br \/>\n7.3 Metodolog\u00eda de la ASC<br \/>\n7.4 Herramientas para la inserci\u00f3n territorial<br \/>\n7.5 Herramientas para fortalecer la participaci\u00f3n cultural local<br \/>\n7.6 Herramientas para el desarrollo art\u00edstico-cultural<br \/>\n7.7 T\u00e9cnicas de creatividad<br \/>\n7.8 Caso pr\u00e1ctico<\/p>\n<p><strong>8. Redes Sociales para la Intervenci\u00f3n social<\/strong><\/p>\n<p>8.1 La comunicaci\u00f3n en las entidades sociales en Internet<br \/>\n8.2 Herramientas de comunicaci\u00f3n<br \/>\n8.3 Recursos \u00fatiles para la comunicaci\u00f3n digital<\/p>\n<p><strong>+ Taller Pr\u00e1ctico<\/strong><\/p>\n<\/div>\n<\/div>\n<p>[\/vc_column_text][\/vc_column][\/vc_row][vc_row css=\u00bb.vc_custom_1493975931184{margin-top: 20px !important;margin-bottom: 55px !important;}\u00bb][vc_column][vc_column_text]<\/p>\n<p style=\"text-align: center;\"><a class=\"vc_btn vc_btn_orange vc_btn-orange vc_btn_lg vc_btn-lg vc_btn_rounded\" title=\"\" href=\"https:\/\/docs.google.com\/forms\/d\/e\/1FAIpQLSfrCIKoBZZVtqyCGeZj68Tj37uD3p_gqAyv3QnQJzmKXHpUTg\/viewform\" target=\"_blank\">M\u00c1S INFORMACI\u00d3N<\/a><\/p>\n<p>[\/vc_column_text][\/vc_column][\/vc_row][vc_row css=\u00bb.vc_custom_1493973493199{margin-top: 35px !important;margin-bottom: 55px !important;}\u00bb][vc_column][vc_custom_heading text=\u00bbDisfrutar\u00e1s de todas estas ventajas:\u00bb font_container=\u00bbtag:h2|text_align:center|line_height:1.1&#8243; google_fonts=\u00bbfont_family:Lato%3A100%2C100italic%2C300%2C300italic%2Cregular%2Citalic%2C700%2C700italic%2C900%2C900italic|font_style:900%20bold%20regular%3A900%3Anormal\u00bb][\/vc_column][\/vc_row][vc_row css=\u00bb.vc_custom_1493724619283{margin-top: 35px !important;margin-bottom: 35px !important;}\u00bb][vc_column width=\u00bb1\/3&#8243;][vc_row_inner][vc_column_inner][vc_icon icon_fontawesome=\u00bbfa fa-book\u00bb color=\u00bbcustom\u00bb align=\u00bbcenter\u00bb custom_color=\u00bb#30b3ad\u00bb css=\u00bb.vc_custom_1493976758922{margin-bottom: 10px !important;}\u00bb][vc_custom_heading text=\u00bbFormaci\u00f3n Total\u00bb font_container=\u00bbtag:h3|font_size:22|text_align:center\u00bb google_fonts=\u00bbfont_family:Lato%3A100%2C100italic%2C300%2C300italic%2Cregular%2Citalic%2C700%2C700italic%2C900%2C900italic|font_style:700%20bold%20regular%3A700%3Anormal\u00bb css=\u00bb.vc_custom_1493976698186{margin-bottom: 10px !important;}\u00bb][vc_column_text]<\/p>\n<p style=\"text-align: center;\">Podr\u00e1s realizar toda la formaci\u00f3n que necesites y obtener todas las certificaciones necesarias para ampliar tu perfil profesional.<\/p>\n<p>[\/vc_column_text][\/vc_column_inner][\/vc_row_inner][\/vc_column][vc_column width=\u00bb1\/3&#8243;][vc_row_inner][vc_column_inner][vc_icon icon_fontawesome=\u00bbfa fa-plus\u00bb color=\u00bbcustom\u00bb align=\u00bbcenter\u00bb custom_color=\u00bb#30b3ad\u00bb css=\u00bb.vc_custom_1493976961645{margin-bottom: 10px !important;}\u00bb][vc_custom_heading text=\u00bbM\u00e1s cursos y seminarios\u00bb font_container=\u00bbtag:h3|font_size:22|text_align:center\u00bb google_fonts=\u00bbfont_family:Lato%3A100%2C100italic%2C300%2C300italic%2Cregular%2Citalic%2C700%2C700italic%2C900%2C900italic|font_style:700%20bold%20regular%3A700%3Anormal\u00bb css=\u00bb.vc_custom_1493976704354{margin-bottom: 10px !important;}\u00bb][vc_column_text]<\/p>\n<p style=\"text-align: center;\">Estar\u00e1s informado en todo momento de los nuevos cursos y seminarios que se organicen y podr\u00e1s realizarlos\u00a0sin coste adicional y obteniendo diplomas por todos ellos.<\/p>\n<p>[\/vc_column_text][\/vc_column_inner][\/vc_row_inner][\/vc_column][vc_column width=\u00bb1\/3&#8243;][vc_row_inner][vc_column_inner][vc_icon icon_fontawesome=\u00bbfa fa-users\u00bb color=\u00bbcustom\u00bb align=\u00bbcenter\u00bb custom_color=\u00bb#30b3ad\u00bb css=\u00bb.vc_custom_1493976770226{margin-bottom: 10px !important;}\u00bb][vc_custom_heading text=\u00bbAsesor\/a personalizado\u00bb font_container=\u00bbtag:h2|font_size:22|text_align:center\u00bb google_fonts=\u00bbfont_family:Lato%3A100%2C100italic%2C300%2C300italic%2Cregular%2Citalic%2C700%2C700italic%2C900%2C900italic|font_style:700%20bold%20regular%3A700%3Anormal\u00bb css=\u00bb.vc_custom_1493976712994{margin-bottom: 10px !important;}\u00bb][vc_column_text]<\/p>\n<div class=\"g-cols wpb_row offset_small vc_inner vc_row-fluid \">\n<div class=\" five-sixths\">\n<p class=\"vc_custom_heading\" style=\"text-align: center;\">Tendr\u00e1s la seguridad de estar respaldado por una asesora que se ocupara personalmente de tu expediente y te orientar\u00e1 para obtener los m\u00e1ximos resultados.<\/p>\n<\/div>\n<\/div>\n<p>[\/vc_column_text][\/vc_column_inner][\/vc_row_inner][\/vc_column][\/vc_row][vc_row css=\u00bb.vc_custom_1427806970509{margin-top: 35px !important;margin-bottom: 35px !important;}\u00bb][vc_column width=\u00bb1\/3&#8243;][vc_row_inner][vc_column_inner][vc_icon icon_fontawesome=\u00bbfa fa-pencil\u00bb color=\u00bbcustom\u00bb align=\u00bbcenter\u00bb custom_color=\u00bb#30b3ad\u00bb css=\u00bb.vc_custom_1493976774137{margin-bottom: 10px !important;}\u00bb][vc_custom_heading text=\u00bbBiblioteca digital\u00bb font_container=\u00bbtag:h2|font_size:22|text_align:center\u00bb google_fonts=\u00bbfont_family:Lato%3A100%2C100italic%2C300%2C300italic%2Cregular%2Citalic%2C700%2C700italic%2C900%2C900italic|font_style:700%20bold%20regular%3A700%3Anormal\u00bb css=\u00bb.vc_custom_1493976720835{margin-bottom: 10px !important;}\u00bb][vc_column_text]<\/p>\n<p style=\"text-align: center;\">Podr\u00e1s escribir art\u00edculos y contar tus experiencias profesionales en nuestra biblioteca digital, difundi\u00e9ndose tus publicaciones a miles de personas, en tres idiomas, ingl\u00e9s, espa\u00f1ol e italiano; recibiendo acreditaci\u00f3n de todo ello.<\/p>\n<p>[\/vc_column_text][\/vc_column_inner][\/vc_row_inner][\/vc_column][vc_column width=\u00bb1\/3&#8243;][vc_row_inner][vc_column_inner][vc_icon type=\u00bbentypo\u00bb icon_entypo=\u00bbentypo-icon entypo-icon-vcard\u00bb color=\u00bbcustom\u00bb align=\u00bbcenter\u00bb custom_color=\u00bb#30b3ad\u00bb css=\u00bb.vc_custom_1493976779348{margin-bottom: 10px !important;}\u00bb][vc_custom_heading text=\u00bbCertificaci\u00f3n de experiencia\u00bb font_container=\u00bbtag:h2|font_size:22|text_align:center\u00bb google_fonts=\u00bbfont_family:Lato%3A100%2C100italic%2C300%2C300italic%2Cregular%2Citalic%2C700%2C700italic%2C900%2C900italic|font_style:700%20bold%20regular%3A700%3Anormal\u00bb css=\u00bb.vc_custom_1493976726497{margin-bottom: 10px !important;}\u00bb][vc_column_text]<\/p>\n<p class=\"vc_custom_heading\" style=\"text-align: center;\">Podr\u00e1s certificar tu experiencia profesional, que no tenga acreditaci\u00f3n, a trav\u00e9s de nuestro programa certificaci\u00f3n de experiencia adaptado a tus necesidades.<\/p>\n<p>[\/vc_column_text][\/vc_column_inner][\/vc_row_inner][\/vc_column][vc_column width=\u00bb1\/3&#8243;][vc_row_inner][vc_column_inner width=\u00bb1\/6&#8243;][\/vc_column_inner][vc_column_inner width=\u00bb5\/6&#8243;][vc_icon icon_fontawesome=\u00bbfa fa-globe\u00bb color=\u00bbcustom\u00bb align=\u00bbcenter\u00bb custom_color=\u00bb#30b3ad\u00bb css=\u00bb.vc_custom_1493976783441{margin-bottom: 10px !important;}\u00bb][vc_custom_heading text=\u00bbCompromiso social\u00bb font_container=\u00bbtag:h3|font_size:22|text_align:center\u00bb google_fonts=\u00bbfont_family:Lato%3A100%2C100italic%2C300%2C300italic%2Cregular%2Citalic%2C700%2C700italic%2C900%2C900italic|font_style:700%20bold%20regular%3A700%3Anormal\u00bb css=\u00bb.vc_custom_1493976741914{margin-bottom: 10px !important;}\u00bb][vc_column_text]<\/p>\n<p class=\"vc_custom_heading\" style=\"text-align: center;\">Participar\u00e1s en campa\u00f1as de solidaridad en la India y contribuir\u00e1s a la construcci\u00f3n de escuelas y programas de ayuda educativa a los m\u00e1s necesitados de la mano de la FUNDACI\u00d3N VICENTE FERRER.<\/p>\n<p>[\/vc_column_text][\/vc_column_inner][\/vc_row_inner][\/vc_column][\/vc_row][vc_row css=\u00bb.vc_custom_1427806970509{margin-top: 35px !important;margin-bottom: 35px !important;}\u00bb][vc_column][vc_column_text]<\/p>\n<p style=\"text-align: center;\"><a class=\"vc_btn vc_btn_orange vc_btn-orange vc_btn_lg vc_btn-lg vc_btn_rounded\" title=\"\" href=\"https:\/\/docs.google.com\/forms\/d\/e\/1FAIpQLSfrCIKoBZZVtqyCGeZj68Tj37uD3p_gqAyv3QnQJzmKXHpUTg\/viewform\" target=\"_blank\">M\u00c1S INFORMACI\u00d3N<\/a><\/p>\n<p>[\/vc_column_text][\/vc_column][\/vc_row]<\/p>\n","protected":false},"excerpt":{"rendered":"<p>[vc_row css=\u00bb.vc_custom_1427804811471{margin-top: 25px !important;margin-bottom: 25px !important;}\u00bb][vc_column width=\u00bb2\/3&#8243;][vc_single_image image=\u00bb1573&#8243; img_size=\u00bb661&#215;82&#8243;][\/vc_column][vc_column width=\u00bb1\/3&#8243;][vc_column_text] 618 20 04 80 promotora6@divulgaciondinamica.es [\/vc_column_text][\/vc_column][\/vc_row][vc_row css=\u00bb.vc_custom_1489484355483{margin-top: 25px !important;margin-bottom: 15px !important;}\u00bb][vc_column][vc_custom_heading text=\u00bbM\u00e1ster Online \u00bb font_container=\u00bbtag:p|font_size:32|text_align:center|color:%2330b3ad|line_height:1.1&#8243; google_fonts=\u00bbfont_family:Lato%3A100%2C100italic%2C300%2C300italic%2Cregular%2Citalic%2C700%2C700italic%2C900%2C900italic|font_style:300%20light%20regular%3A300%3Anormal\u00bb css=\u00bb.vc_custom_1494491723867{margin-bottom: 15px !important;}\u00bb][vc_custom_heading text=\u00bbIntervenci\u00f3n Social y Comunitaria\u00bb font_container=\u00bbtag:h1|font_size:38|text_align:center|line_height:1.1&#8243; google_fonts=\u00bbfont_family:Lato%3A100%2C100italic%2C300%2C300italic%2Cregular%2Citalic%2C700%2C700italic%2C900%2C900italic|font_style:900%20bold%20regular%3A900%3Anormal\u00bb css=\u00bb.vc_custom_1494491740360{margin-bottom: 15px !important;}\u00bb][\/vc_column][\/vc_row][vc_row][vc_column][vc_column_text][\/vc_column_text][\/vc_column][\/vc_row][vc_row css=\u00bb.vc_custom_1493811160395{margin-top: 20px<\/p>\n","protected":false},"author":1,"featured_media":0,"parent":0,"menu_order":0,"comment_status":"closed","ping_status":"closed","template":"","meta":[],"yoast_head":"<!-- This site is optimized with the Yoast SEO plugin v15.7 - https:\/\/yoast.com\/wordpress\/plugins\/seo\/ -->\n<title>M\u00e1ster en Intervenci\u00f3n Social y Comunitaria - Divulgaci\u00f3n Din\u00e1mica<\/title>\n<meta name=\"description\" content=\"&quot;M\u00e1ster en Intervenci\u00f3n Social y Comunitaria&quot; Online. Apostamos por una formaci\u00f3n de calidad al alcance de todos \u00a1Inf\u00f3rmate hoy mismo sin compromiso!.\" \/>\n<meta name=\"robots\" content=\"index, follow, max-snippet:-1, max-image-preview:large, max-video-preview:-1\" \/>\n<link rel=\"canonical\" href=\"https:\/\/divulgaciondinamica.info\/promos\/master-en-intervencion-social-y-comunitaria\/\" \/>\n<meta property=\"og:locale\" content=\"es_ES\" \/>\n<meta property=\"og:type\" content=\"article\" \/>\n<meta property=\"og:title\" content=\"M\u00e1ster en Intervenci\u00f3n Social y Comunitaria - Divulgaci\u00f3n Din\u00e1mica\" \/>\n<meta property=\"og:description\" content=\"&quot;M\u00e1ster en Intervenci\u00f3n Social y Comunitaria&quot; Online. Apostamos por una formaci\u00f3n de calidad al alcance de todos \u00a1Inf\u00f3rmate hoy mismo sin compromiso!.\" \/>\n<meta property=\"og:url\" content=\"https:\/\/divulgaciondinamica.info\/promos\/master-en-intervencion-social-y-comunitaria\/\" \/>\n<meta property=\"og:site_name\" content=\"Divulgaci\u00f3n Din\u00e1mica\" \/>\n<meta property=\"article:publisher\" content=\"https:\/\/www.facebook.com\/divulgaciondinamicaformacion\/\" \/>\n<meta property=\"article:modified_time\" content=\"2017-05-11T08:43:07+00:00\" \/>\n<meta property=\"og:image\" content=\"http:\/\/divulgaciondinamica.info\/promos\/wp-content\/uploads\/2016\/05\/MASTER-Centro_01-1.jpg\" \/>\n<meta name=\"twitter:card\" content=\"summary_large_image\" \/>\n<meta name=\"twitter:site\" content=\"@divulgaciond\" \/>\n<meta name=\"twitter:label1\" content=\"Tiempo de lectura\">\n\t<meta name=\"twitter:data1\" content=\"9 minutos\">\n<script type=\"application\/ld+json\" class=\"yoast-schema-graph\">{\"@context\":\"https:\/\/schema.org\",\"@graph\":[{\"@type\":\"Organization\",\"@id\":\"https:\/\/divulgaciondinamica.info\/promos\/#organization\",\"name\":\"Divulgaci\\u00f3n Din\\u00e1mica S.L.\",\"url\":\"https:\/\/divulgaciondinamica.info\/promos\/\",\"sameAs\":[\"https:\/\/www.facebook.com\/divulgaciondinamicaformacion\/\",\"https:\/\/www.instagram.com\/divulgaciondinamica\",\"https:\/\/www.linkedin.com\/company-beta\/9490428\/\",\"https:\/\/www.youtube.com\/user\/ddinamica2010\",\"https:\/\/twitter.com\/divulgaciond\"],\"logo\":{\"@type\":\"ImageObject\",\"@id\":\"https:\/\/divulgaciondinamica.info\/promos\/#logo\",\"inLanguage\":\"es\",\"url\":\"https:\/\/divulgaciondinamica.info\/promos\/wp-content\/uploads\/2016\/02\/logo-divulgaciondinamica-ddf.png\",\"width\":400,\"height\":79,\"caption\":\"Divulgaci\\u00f3n Din\\u00e1mica S.L.\"},\"image\":{\"@id\":\"https:\/\/divulgaciondinamica.info\/promos\/#logo\"}},{\"@type\":\"WebSite\",\"@id\":\"https:\/\/divulgaciondinamica.info\/promos\/#website\",\"url\":\"https:\/\/divulgaciondinamica.info\/promos\/\",\"name\":\"Divulgaci\\u00f3n Din\\u00e1mica\",\"description\":\"Formaci\\u00f3n de calidad al alcance de todos\",\"publisher\":{\"@id\":\"https:\/\/divulgaciondinamica.info\/promos\/#organization\"},\"potentialAction\":[{\"@type\":\"SearchAction\",\"target\":\"https:\/\/divulgaciondinamica.info\/promos\/?s={search_term_string}\",\"query-input\":\"required name=search_term_string\"}],\"inLanguage\":\"es\"},{\"@type\":\"ImageObject\",\"@id\":\"https:\/\/divulgaciondinamica.info\/promos\/master-en-intervencion-social-y-comunitaria\/#primaryimage\",\"inLanguage\":\"es\",\"url\":\"http:\/\/divulgaciondinamica.info\/promos\/wp-content\/uploads\/2016\/05\/MASTER-Centro_01-1.jpg\"},{\"@type\":\"WebPage\",\"@id\":\"https:\/\/divulgaciondinamica.info\/promos\/master-en-intervencion-social-y-comunitaria\/#webpage\",\"url\":\"https:\/\/divulgaciondinamica.info\/promos\/master-en-intervencion-social-y-comunitaria\/\",\"name\":\"M\\u00e1ster en Intervenci\\u00f3n Social y Comunitaria - Divulgaci\\u00f3n Din\\u00e1mica\",\"isPartOf\":{\"@id\":\"https:\/\/divulgaciondinamica.info\/promos\/#website\"},\"primaryImageOfPage\":{\"@id\":\"https:\/\/divulgaciondinamica.info\/promos\/master-en-intervencion-social-y-comunitaria\/#primaryimage\"},\"datePublished\":\"2016-05-11T09:14:52+00:00\",\"dateModified\":\"2017-05-11T08:43:07+00:00\",\"description\":\"\\\"M\\u00e1ster en Intervenci\\u00f3n Social y Comunitaria\\\" Online. Apostamos por una formaci\\u00f3n de calidad al alcance de todos \\u00a1Inf\\u00f3rmate hoy mismo sin compromiso!.\",\"inLanguage\":\"es\",\"potentialAction\":[{\"@type\":\"ReadAction\",\"target\":[\"https:\/\/divulgaciondinamica.info\/promos\/master-en-intervencion-social-y-comunitaria\/\"]}]}]}<\/script>\n<!-- \/ Yoast SEO plugin. -->","_links":{"self":[{"href":"https:\/\/divulgaciondinamica.info\/promos\/wp-json\/wp\/v2\/pages\/2663"}],"collection":[{"href":"https:\/\/divulgaciondinamica.info\/promos\/wp-json\/wp\/v2\/pages"}],"about":[{"href":"https:\/\/divulgaciondinamica.info\/promos\/wp-json\/wp\/v2\/types\/page"}],"author":[{"embeddable":true,"href":"https:\/\/divulgaciondinamica.info\/promos\/wp-json\/wp\/v2\/users\/1"}],"replies":[{"embeddable":true,"href":"https:\/\/divulgaciondinamica.info\/promos\/wp-json\/wp\/v2\/comments?post=2663"}],"version-history":[{"count":3,"href":"https:\/\/divulgaciondinamica.info\/promos\/wp-json\/wp\/v2\/pages\/2663\/revisions"}],"predecessor-version":[{"id":7209,"href":"https:\/\/divulgaciondinamica.info\/promos\/wp-json\/wp\/v2\/pages\/2663\/revisions\/7209"}],"wp:attachment":[{"href":"https:\/\/divulgaciondinamica.info\/promos\/wp-json\/wp\/v2\/media?parent=2663"}],"curies":[{"name":"wp","href":"https:\/\/api.w.org\/{rel}","templated":true}]}}