{"id":2624,"date":"2016-05-09T10:23:53","date_gmt":"2016-05-09T10:23:53","guid":{"rendered":"http:\/\/divulgaciondinamica.info\/promos\/?page_id=2624"},"modified":"2016-05-09T10:38:58","modified_gmt":"2016-05-09T10:38:58","slug":"master-en-relaciones-publicas-y-protocolo-2","status":"publish","type":"page","link":"https:\/\/divulgaciondinamica.info\/promos\/master-en-relaciones-publicas-y-protocolo-2\/","title":{"rendered":"M\u00e1ster en Relaciones P\u00fablicas y Protocolo"},"content":{"rendered":"<p>[vc_row css=\u00bb.vc_custom_1427804811471{margin-top: 25px !important;margin-bottom: 25px !important;}\u00bb][vc_column width=\u00bb2\/3&#8243;][vc_single_image image=\u00bb1573&#8243; img_size=\u00bb661&#215;82&#8243;][\/vc_column][vc_column width=\u00bb1\/3&#8243;][vc_column_text]<\/p>\n<h6 style=\"text-align: right;\">618 88 94 42<\/h6>\n<p style=\"text-align: right;\"><strong>soporte4@divulgaciondinamica.es<\/strong><\/p>\n<p>[\/vc_column_text][\/vc_column][\/vc_row][vc_row][vc_column][vc_column_text]<img loading=\"lazy\" class=\"alignleft wp-image-2625 size-full\" src=\"http:\/\/divulgaciondinamica.info\/promos\/wp-content\/uploads\/2016\/05\/MASTER-Centro_01.jpg\" alt=\"\" width=\"643\" height=\"434\" srcset=\"https:\/\/divulgaciondinamica.info\/promos\/wp-content\/uploads\/2016\/05\/MASTER-Centro_01.jpg 643w, https:\/\/divulgaciondinamica.info\/promos\/wp-content\/uploads\/2016\/05\/MASTER-Centro_01-300x202.jpg 300w\" sizes=\"(max-width: 643px) 100vw, 643px\" \/><a href=\"http:\/\/www.divulgaciondinamica.es\/secretaria\/alumnos\/form\/403\/\"><img loading=\"lazy\" class=\"alignleft wp-image-2631 size-full\" src=\"http:\/\/divulgaciondinamica.info\/promos\/wp-content\/uploads\/2016\/05\/MASTER-Centro_02-1.png\" alt=\"\" width=\"417\" height=\"434\" srcset=\"https:\/\/divulgaciondinamica.info\/promos\/wp-content\/uploads\/2016\/05\/MASTER-Centro_02-1.png 417w, https:\/\/divulgaciondinamica.info\/promos\/wp-content\/uploads\/2016\/05\/MASTER-Centro_02-1-288x300.png 288w\" sizes=\"(max-width: 417px) 100vw, 417px\" \/><\/a>[\/vc_column_text][\/vc_column][\/vc_row][vc_row css=\u00bb.vc_custom_1427804437681{margin-top: 35px !important;margin-bottom: 35px !important;}\u00bb][vc_column width=\u00bb1\/4&#8243;][vc_single_image image=\u00bb35&#8243; img_size=\u00bb250&#215;195&#8243; alignment=\u00bbcenter\u00bb][\/vc_column][vc_column width=\u00bb1\/4&#8243;][vc_single_image image=\u00bb36&#8243; img_size=\u00bb250&#215;195&#8243; alignment=\u00bbcenter\u00bb][\/vc_column][vc_column width=\u00bb1\/4&#8243;][vc_single_image image=\u00bb37&#8243; img_size=\u00bb250&#215;195&#8243; alignment=\u00bbcenter\u00bb][\/vc_column][vc_column width=\u00bb1\/4&#8243;][vc_single_image image=\u00bb2634&#8243; img_size=\u00bb250&#215;195&#8243; alignment=\u00bbcenter\u00bb][\/vc_column][\/vc_row][vc_row][vc_column][\/vc_column][\/vc_row][vc_row css=\u00bb.vc_custom_1427805189823{margin-top: 35px !important;margin-bottom: 35px !important;}\u00bb][vc_column width=\u00bb1\/2&#8243;][vc_column_text css=\u00bb.vc_custom_1462788262869{margin-bottom: 30px !important;}\u00bb]<\/p>\n<div id=\"stcpDiv\">\n<h3 style=\"text-align: left;\" align=\"justify\">Presentaci\u00f3n del M\u00e1ster:<\/h3>\n<p>&nbsp;<\/p>\n<p>Las estrategias de comunicaci\u00f3n y relaciones, tanto en el \u00e1mbito interno como externo, que se llevan a cabo en el seno de las instituciones y organizaciones p\u00fablicas o privadas pueden llevar al \u00e9xito o hundir en el fracaso los diferentes objetivos de las mismas, llegando a adquirir las funciones de comunicaci\u00f3n, protocolo y organizaci\u00f3n de eventos un rol indispensable para cualquier entidad.<\/p>\n<p>En el \u00e1mbito interno, deben conseguir que el conjunto de personas interaccionen entre s\u00ed de manera positiva. En el externo, deben proyectar una imagen positiva hacia otras entidades o individuos con la finalidad de lograr su apoyo o interacci\u00f3n. En ambos casos, se deben conocer y aplicar diferentes t\u00e9cnicas y herramientas de comunicaci\u00f3n seg\u00fan los objetivos marcados y las normas internas establecidas, adapt\u00e1ndose a diferentes situaciones e interlocutores y proyectando y manteniendo la identidad corporativa y la reputaci\u00f3n institucional.<\/p>\n<p>La formaci\u00f3n\u00a0 que presentamos, Master en Relaciones P\u00fablicas y Protocolo permite adquirir aquellas competencias y habilidades t\u00e9cnicas espec\u00edficas para las relaciones p\u00fablicas internas y externas, ocup\u00e1ndose de las relaciones informativas con los medios de comunicaci\u00f3n, de la organizaci\u00f3n de eventos,\u00a0 la comunicaci\u00f3n interna, \u2026 y, en definitiva, satisfacer las demandas de interacci\u00f3n comunicativa de todos los p\u00fablicos de una entidad.<br \/>\n<img loading=\"lazy\" class=\"alignleft size-full wp-image-53\" src=\"http:\/\/divulgaciondinamica.info\/promos\/wp-content\/uploads\/2015\/03\/diploma-digital1.png\" alt=\"diploma-digital\" width=\"479\" height=\"322\" srcset=\"https:\/\/divulgaciondinamica.info\/promos\/wp-content\/uploads\/2015\/03\/diploma-digital1.png 479w, https:\/\/divulgaciondinamica.info\/promos\/wp-content\/uploads\/2015\/03\/diploma-digital1-300x202.png 300w\" sizes=\"(max-width: 479px) 100vw, 479px\" \/><\/p>\n<p style=\"text-align: left;\" align=\"justify\">\n<\/div>\n<p>[\/vc_column_text][\/vc_column][vc_column width=\u00bb1\/2&#8243;][vc_column_text]<\/p>\n<div id=\"stcpDiv\">\n<h3 style=\"text-align: left;\" align=\"justify\">Temario del M\u00e1ster:<\/h3>\n<p>&nbsp;<\/p>\n<div id=\"stcpDiv\">\n<p><strong>1. INTRODUCCI\u00d3N A LAS RELACIONES P\u00daBLICAS<\/strong><\/p>\n<p>1. Conceptualizaci\u00f3n de relaciones p\u00fablicas<br \/>\n2. El enfoque estrat\u00e9gico de las relaciones P\u00fablicas: el proyecto<\/p>\n<p><strong>2. RELACIONES P\u00daBLICAS INTERNAS<\/strong><\/p>\n<p>1. Las relaciones p\u00fablicas y la comunicaci\u00f3n interna de las entidades<br \/>\n2. Instrumentos y soportes de comunicaci\u00f3n interna<br \/>\n3. La comunicaci\u00f3n interna en situaciones de crisis<\/p>\n<p><strong>3. RELACIONES P\u00daBLICAS EXTERNAS: LAS RELACIONES CON LOS MEDIOS DE COMUNICACI\u00d3N<\/strong><\/p>\n<p>1. Relaciones P\u00fablicas Externas<br \/>\n2. Relaciones con los medios de comunicaci\u00f3n<br \/>\n3. La relaci\u00f3n con los medios en situaciones de riesgo y crisis<br \/>\n4. La \u00e9tica en las relaciones con los medios<\/p>\n<p><strong>4. LA ORGANIZACI\u00d3N DE EVENTOS COMO HERRAMIENTA DE COMUNICACI\u00d3N<\/strong><\/p>\n<p>1. Eventos<br \/>\n2. El proceso de la organizaci\u00f3n de eventos<br \/>\n3. Herramientas esenciales para la organizaci\u00f3n de eventos<br \/>\n4. Organizaci\u00f3n de eventos y propiedad intelectual<br \/>\n5. Accesibilidad de los eventos<br \/>\n6. Sostenibilidad de los eventos<\/p>\n<p><strong>5. PROTOCOLO COMO T\u00c9CNICA DE RELACIONES P\u00daBLICAS<\/strong><\/p>\n<p>1. Protocolo. Conceptualizaci\u00f3n<br \/>\n2. Reglas b\u00e1sicas de protocolo oficial<br \/>\n3. Reglas b\u00e1sicas de protocolo social<br \/>\n4. Reglas b\u00e1sicas\u00a0 para protocolo empresarial<\/p>\n<p><strong>6. LA RESPONSABILIDAD SOCIAL CORPORATIVA COMO ESTRATEGIA DE RELACIONES P\u00daBLICAS<\/strong><\/p>\n<p>1. Responsabilidad Social corporativa<br \/>\n2. La medici\u00f3n y comunicaci\u00f3n de la RSE<br \/>\n3. La RSC como estrategia de relaciones p\u00fablicas<\/p>\n<p><strong>7. LAS RRPP Y LAS NUEVAS TECNOLOG\u00cdAS DE LA COMUNICACI\u00d3N<\/strong><\/p>\n<p>1. Nuevas tecnolog\u00edas de la informaci\u00f3n y la comunicaci\u00f3n en las relaciones p\u00fablicas<br \/>\n2. Herramientas tecnol\u00f3gicas para la comunicaci\u00f3n<\/p>\n<p><strong>8. CLAVES PARA LA COMUNICACI\u00d3N INTERPERSONAL<\/strong><\/p>\n<p>1. Comunicaci\u00f3n. Comunicaci\u00f3n verbal y comunicaci\u00f3n no verbal<br \/>\n2. Comunicaci\u00f3n y persuasi\u00f3n<br \/>\n3. Oratoria y telegenia<br \/>\n4. T\u00e9cnicas de comunicaci\u00f3n para la negociaci\u00f3n<br \/>\n5. T\u00e9cnicas de comunicaci\u00f3n para la resoluci\u00f3n de conflictos<br \/>\n6. Inteligencia emocional y comunicaci\u00f3n efectiva<\/p>\n<\/div>\n<\/div>\n<p>[\/vc_column_text][\/vc_column][\/vc_row][vc_row css=\u00bb.vc_custom_1427806970509{margin-top: 35px !important;margin-bottom: 35px !important;}\u00bb][vc_column][vc_column_text]<\/p>\n<p style=\"text-align: center;\"><a class=\"vc_btn vc_btn_orange vc_btn-orange vc_btn_lg vc_btn-lg vc_btn_rounded\" title=\"\" href=\"http:\/\/www.divulgaciondinamica.es\/secretaria\/alumnos\/form\/403\/\" target=\"_blank\">INSCRIPCI\u00d3N<\/a><\/p>\n<p>[\/vc_column_text][\/vc_column][\/vc_row]<\/p>\n","protected":false},"excerpt":{"rendered":"<p>[vc_row css=\u00bb.vc_custom_1427804811471{margin-top: 25px !important;margin-bottom: 25px !important;}\u00bb][vc_column width=\u00bb2\/3&#8243;][vc_single_image image=\u00bb1573&#8243; img_size=\u00bb661&#215;82&#8243;][\/vc_column][vc_column width=\u00bb1\/3&#8243;][vc_column_text] 618 88 94 42 soporte4@divulgaciondinamica.es [\/vc_column_text][\/vc_column][\/vc_row][vc_row][vc_column][vc_column_text][\/vc_column_text][\/vc_column][\/vc_row][vc_row css=\u00bb.vc_custom_1427804437681{margin-top: 35px !important;margin-bottom: 35px !important;}\u00bb][vc_column width=\u00bb1\/4&#8243;][vc_single_image image=\u00bb35&#8243; img_size=\u00bb250&#215;195&#8243; alignment=\u00bbcenter\u00bb][\/vc_column][vc_column width=\u00bb1\/4&#8243;][vc_single_image image=\u00bb36&#8243; img_size=\u00bb250&#215;195&#8243; alignment=\u00bbcenter\u00bb][\/vc_column][vc_column width=\u00bb1\/4&#8243;][vc_single_image image=\u00bb37&#8243; img_size=\u00bb250&#215;195&#8243; alignment=\u00bbcenter\u00bb][\/vc_column][vc_column width=\u00bb1\/4&#8243;][vc_single_image image=\u00bb2634&#8243; img_size=\u00bb250&#215;195&#8243; alignment=\u00bbcenter\u00bb][\/vc_column][\/vc_row][vc_row][vc_column][\/vc_column][\/vc_row][vc_row css=\u00bb.vc_custom_1427805189823{margin-top: 35px !important;margin-bottom:<\/p>\n","protected":false},"author":1,"featured_media":0,"parent":0,"menu_order":0,"comment_status":"closed","ping_status":"closed","template":"","meta":[],"yoast_head":"<!-- This site is optimized with the Yoast SEO plugin v15.7 - https:\/\/yoast.com\/wordpress\/plugins\/seo\/ -->\n<title>M\u00e1ster en Relaciones P\u00fablicas y Protocolo - Divulgaci\u00f3n Din\u00e1mica<\/title>\n<meta name=\"robots\" content=\"index, follow, max-snippet:-1, max-image-preview:large, max-video-preview:-1\" \/>\n<link rel=\"canonical\" href=\"https:\/\/divulgaciondinamica.info\/promos\/master-en-relaciones-publicas-y-protocolo-2\/\" \/>\n<meta property=\"og:locale\" content=\"es_ES\" \/>\n<meta property=\"og:type\" content=\"article\" \/>\n<meta property=\"og:title\" content=\"M\u00e1ster en Relaciones P\u00fablicas y Protocolo - Divulgaci\u00f3n Din\u00e1mica\" \/>\n<meta property=\"og:description\" content=\"[vc_row css=\u00bb.vc_custom_1427804811471{margin-top: 25px !important;margin-bottom: 25px !important;}\u00bb][vc_column width=\u00bb2\/3&#8243;][vc_single_image image=\u00bb1573&#8243; img_size=\u00bb661&#215;82&#8243;][\/vc_column][vc_column width=\u00bb1\/3&#8243;][vc_column_text] 618 88 94 42 soporte4@divulgaciondinamica.es [\/vc_column_text][\/vc_column][\/vc_row][vc_row][vc_column][vc_column_text][\/vc_column_text][\/vc_column][\/vc_row][vc_row css=\u00bb.vc_custom_1427804437681{margin-top: 35px !important;margin-bottom: 35px !important;}\u00bb][vc_column width=\u00bb1\/4&#8243;][vc_single_image image=\u00bb35&#8243; img_size=\u00bb250&#215;195&#8243; alignment=\u00bbcenter\u00bb][\/vc_column][vc_column width=\u00bb1\/4&#8243;][vc_single_image image=\u00bb36&#8243; img_size=\u00bb250&#215;195&#8243; alignment=\u00bbcenter\u00bb][\/vc_column][vc_column width=\u00bb1\/4&#8243;][vc_single_image image=\u00bb37&#8243; img_size=\u00bb250&#215;195&#8243; alignment=\u00bbcenter\u00bb][\/vc_column][vc_column width=\u00bb1\/4&#8243;][vc_single_image image=\u00bb2634&#8243; img_size=\u00bb250&#215;195&#8243; alignment=\u00bbcenter\u00bb][\/vc_column][\/vc_row][vc_row][vc_column][\/vc_column][\/vc_row][vc_row css=\u00bb.vc_custom_1427805189823{margin-top: 35px !important;margin-bottom:\" \/>\n<meta property=\"og:url\" content=\"https:\/\/divulgaciondinamica.info\/promos\/master-en-relaciones-publicas-y-protocolo-2\/\" \/>\n<meta property=\"og:site_name\" content=\"Divulgaci\u00f3n Din\u00e1mica\" \/>\n<meta property=\"article:publisher\" content=\"https:\/\/www.facebook.com\/divulgaciondinamicaformacion\/\" \/>\n<meta property=\"article:modified_time\" content=\"2016-05-09T10:38:58+00:00\" \/>\n<meta property=\"og:image\" content=\"http:\/\/divulgaciondinamica.info\/promos\/wp-content\/uploads\/2016\/05\/MASTER-Centro_01.jpg\" \/>\n<meta name=\"twitter:card\" content=\"summary_large_image\" \/>\n<meta name=\"twitter:site\" content=\"@divulgaciond\" \/>\n<meta name=\"twitter:label1\" content=\"Tiempo de lectura\">\n\t<meta name=\"twitter:data1\" content=\"4 minutos\">\n<script type=\"application\/ld+json\" class=\"yoast-schema-graph\">{\"@context\":\"https:\/\/schema.org\",\"@graph\":[{\"@type\":\"Organization\",\"@id\":\"https:\/\/divulgaciondinamica.info\/promos\/#organization\",\"name\":\"Divulgaci\\u00f3n Din\\u00e1mica S.L.\",\"url\":\"https:\/\/divulgaciondinamica.info\/promos\/\",\"sameAs\":[\"https:\/\/www.facebook.com\/divulgaciondinamicaformacion\/\",\"https:\/\/www.instagram.com\/divulgaciondinamica\",\"https:\/\/www.linkedin.com\/company-beta\/9490428\/\",\"https:\/\/www.youtube.com\/user\/ddinamica2010\",\"https:\/\/twitter.com\/divulgaciond\"],\"logo\":{\"@type\":\"ImageObject\",\"@id\":\"https:\/\/divulgaciondinamica.info\/promos\/#logo\",\"inLanguage\":\"es\",\"url\":\"https:\/\/divulgaciondinamica.info\/promos\/wp-content\/uploads\/2016\/02\/logo-divulgaciondinamica-ddf.png\",\"width\":400,\"height\":79,\"caption\":\"Divulgaci\\u00f3n Din\\u00e1mica S.L.\"},\"image\":{\"@id\":\"https:\/\/divulgaciondinamica.info\/promos\/#logo\"}},{\"@type\":\"WebSite\",\"@id\":\"https:\/\/divulgaciondinamica.info\/promos\/#website\",\"url\":\"https:\/\/divulgaciondinamica.info\/promos\/\",\"name\":\"Divulgaci\\u00f3n Din\\u00e1mica\",\"description\":\"Formaci\\u00f3n de calidad al alcance de todos\",\"publisher\":{\"@id\":\"https:\/\/divulgaciondinamica.info\/promos\/#organization\"},\"potentialAction\":[{\"@type\":\"SearchAction\",\"target\":\"https:\/\/divulgaciondinamica.info\/promos\/?s={search_term_string}\",\"query-input\":\"required name=search_term_string\"}],\"inLanguage\":\"es\"},{\"@type\":\"ImageObject\",\"@id\":\"https:\/\/divulgaciondinamica.info\/promos\/master-en-relaciones-publicas-y-protocolo-2\/#primaryimage\",\"inLanguage\":\"es\",\"url\":\"http:\/\/divulgaciondinamica.info\/promos\/wp-content\/uploads\/2016\/05\/MASTER-Centro_01.jpg\"},{\"@type\":\"WebPage\",\"@id\":\"https:\/\/divulgaciondinamica.info\/promos\/master-en-relaciones-publicas-y-protocolo-2\/#webpage\",\"url\":\"https:\/\/divulgaciondinamica.info\/promos\/master-en-relaciones-publicas-y-protocolo-2\/\",\"name\":\"M\\u00e1ster en Relaciones P\\u00fablicas y Protocolo - Divulgaci\\u00f3n Din\\u00e1mica\",\"isPartOf\":{\"@id\":\"https:\/\/divulgaciondinamica.info\/promos\/#website\"},\"primaryImageOfPage\":{\"@id\":\"https:\/\/divulgaciondinamica.info\/promos\/master-en-relaciones-publicas-y-protocolo-2\/#primaryimage\"},\"datePublished\":\"2016-05-09T10:23:53+00:00\",\"dateModified\":\"2016-05-09T10:38:58+00:00\",\"inLanguage\":\"es\",\"potentialAction\":[{\"@type\":\"ReadAction\",\"target\":[\"https:\/\/divulgaciondinamica.info\/promos\/master-en-relaciones-publicas-y-protocolo-2\/\"]}]}]}<\/script>\n<!-- \/ Yoast SEO plugin. -->","_links":{"self":[{"href":"https:\/\/divulgaciondinamica.info\/promos\/wp-json\/wp\/v2\/pages\/2624"}],"collection":[{"href":"https:\/\/divulgaciondinamica.info\/promos\/wp-json\/wp\/v2\/pages"}],"about":[{"href":"https:\/\/divulgaciondinamica.info\/promos\/wp-json\/wp\/v2\/types\/page"}],"author":[{"embeddable":true,"href":"https:\/\/divulgaciondinamica.info\/promos\/wp-json\/wp\/v2\/users\/1"}],"replies":[{"embeddable":true,"href":"https:\/\/divulgaciondinamica.info\/promos\/wp-json\/wp\/v2\/comments?post=2624"}],"version-history":[{"count":4,"href":"https:\/\/divulgaciondinamica.info\/promos\/wp-json\/wp\/v2\/pages\/2624\/revisions"}],"predecessor-version":[{"id":2635,"href":"https:\/\/divulgaciondinamica.info\/promos\/wp-json\/wp\/v2\/pages\/2624\/revisions\/2635"}],"wp:attachment":[{"href":"https:\/\/divulgaciondinamica.info\/promos\/wp-json\/wp\/v2\/media?parent=2624"}],"curies":[{"name":"wp","href":"https:\/\/api.w.org\/{rel}","templated":true}]}}