{"id":256,"date":"2015-04-29T11:21:13","date_gmt":"2015-04-29T11:21:13","guid":{"rendered":"http:\/\/divulgaciondinamica.info\/promos\/?page_id=256"},"modified":"2017-09-13T11:23:55","modified_gmt":"2017-09-13T11:23:55","slug":"master-intervencion-social-areas-desfavorecidas","status":"publish","type":"page","link":"https:\/\/divulgaciondinamica.info\/promos\/master-intervencion-social-areas-desfavorecidas\/","title":{"rendered":"M\u00e1ster en Intervenci\u00f3n Social en \u00c1reas Desfavorecidas"},"content":{"rendered":"<p>[vc_row css=\u00bb.vc_custom_1427804811471{margin-top: 25px !important;margin-bottom: 25px !important;}\u00bb][vc_column width=\u00bb2\/3&#8243;][vc_single_image image=\u00bb1573&#8243; img_size=\u00bb661&#215;82&#8243;][\/vc_column][vc_column width=\u00bb1\/3&#8243;][vc_column_text]<\/p>\n<h6 style=\"text-align: right;\"><i class=\"fa fa-whatsapp\"><\/i> 620 77 31 43<\/h6>\n<p style=\"text-align: right;\"><strong>promotora1@divulgaciondinamica.es<\/strong><\/p>\n<p>[\/vc_column_text][\/vc_column][\/vc_row][vc_row][vc_column][vc_column_text]<img loading=\"lazy\" class=\"alignleft wp-image-5053 size-full\" src=\"http:\/\/divulgaciondinamica.info\/promos\/wp-content\/uploads\/2015\/04\/master-intervencion-social-e-areas-desfavorecidas.jpg\" alt=\"\" width=\"643\" height=\"434\" srcset=\"https:\/\/divulgaciondinamica.info\/promos\/wp-content\/uploads\/2015\/04\/master-intervencion-social-e-areas-desfavorecidas.jpg 643w, https:\/\/divulgaciondinamica.info\/promos\/wp-content\/uploads\/2015\/04\/master-intervencion-social-e-areas-desfavorecidas-300x202.jpg 300w\" sizes=\"(max-width: 643px) 100vw, 643px\" \/><a href=\"http:\/\/www.divulgaciondinamica.es\/secretaria\/alumnos\/form\/752\/\" target=\"_blank\"><img loading=\"lazy\" class=\"alignleft wp-image-5054 size-full\" src=\"http:\/\/divulgaciondinamica.info\/promos\/wp-content\/uploads\/2015\/04\/Centro-M\u00e1ster-Intervenci\u00f3n-Social-en-\u00c1reas-Desfavorecidas_02.png\" alt=\"\" width=\"417\" height=\"434\" srcset=\"https:\/\/divulgaciondinamica.info\/promos\/wp-content\/uploads\/2015\/04\/Centro-M\u00e1ster-Intervenci\u00f3n-Social-en-\u00c1reas-Desfavorecidas_02.png 417w, https:\/\/divulgaciondinamica.info\/promos\/wp-content\/uploads\/2015\/04\/Centro-M\u00e1ster-Intervenci\u00f3n-Social-en-\u00c1reas-Desfavorecidas_02-288x300.png 288w\" sizes=\"(max-width: 417px) 100vw, 417px\" \/><\/a>[\/vc_column_text][\/vc_column][\/vc_row][vc_row css=\u00bb.vc_custom_1427804437681{margin-top: 35px !important;margin-bottom: 35px !important;}\u00bb][vc_column width=\u00bb1\/4&#8243;][vc_single_image image=\u00bb3702&#8243; img_size=\u00bb250&#215;195&#8243; alignment=\u00bbcenter\u00bb][\/vc_column][vc_column width=\u00bb1\/4&#8243;][vc_single_image image=\u00bb3703&#8243; img_size=\u00bb250&#215;195&#8243; alignment=\u00bbcenter\u00bb][\/vc_column][vc_column width=\u00bb1\/4&#8243;][vc_single_image image=\u00bb3704&#8243; img_size=\u00bb250&#215;195&#8243; alignment=\u00bbcenter\u00bb][\/vc_column][vc_column width=\u00bb1\/4&#8243;][vc_single_image image=\u00bb5055&#8243; img_size=\u00bb250&#215;195&#8243; alignment=\u00bbcenter\u00bb][\/vc_column][\/vc_row][vc_row][vc_column][vc_column_text]<br \/>\n[\/vc_column_text][\/vc_column][\/vc_row][vc_row css=\u00bb.vc_custom_1427805189823{margin-top: 35px !important;margin-bottom: 35px !important;}\u00bb][vc_column width=\u00bb1\/2&#8243;][vc_column_text css=\u00bb.vc_custom_1430306409676{margin-bottom: 30px !important;}\u00bb]<\/p>\n<div id=\"stcpDiv\">\n<h3 style=\"text-align: left;\" align=\"justify\">Presentaci\u00f3n del M\u00e1ster:<\/h3>\n<p>&nbsp;<\/p>\n<p>Actualmente junto a la degradaci\u00f3n de zonas tradicionalmente consideradas como desfavorecidas la situaci\u00f3n econ\u00f3mica ha ido acrecentando los procesos de exclusi\u00f3n social y empeorando las condiciones de vida de gran parte de la poblaci\u00f3n. C\u00f3mo intervenir en estas realidades tanto de forma preventiva como de forma eficaz ante las necesidades detectadas es un reto al que se enfrentan hoy d\u00eda y de forma creciente los agentes sociales plante\u00e1ndose la intervenci\u00f3n social como uno de los elementos claves para consolidar formas de convivencia que permitan afrontar el futuro desde la convivencia, la cohesi\u00f3n social y el desarrollo social sostenible.<\/p>\n<p>La formaci\u00f3n que presentamos, Intervenci\u00f3n Social en \u00c1reas Desfavorecidas desarrolla aspectos conceptuales y metodol\u00f3gicos provenientes de contextos m\u00e1s amplios como el de la cooperaci\u00f3n internacional y la ayuda al desarrollo para gestionar de manera \u00f3ptima las intervenciones sociales en \u00e1reas desfavorecidas.<br \/>\n<img loading=\"lazy\" class=\"alignleft size-full wp-image-53\" src=\"http:\/\/divulgaciondinamica.info\/promos\/wp-content\/uploads\/2015\/03\/diploma-digital1.png\" alt=\"diploma-digital\" width=\"479\" height=\"322\" srcset=\"https:\/\/divulgaciondinamica.info\/promos\/wp-content\/uploads\/2015\/03\/diploma-digital1.png 479w, https:\/\/divulgaciondinamica.info\/promos\/wp-content\/uploads\/2015\/03\/diploma-digital1-300x202.png 300w\" sizes=\"(max-width: 479px) 100vw, 479px\" \/><\/p>\n<p style=\"text-align: left;\" align=\"justify\">\n<\/div>\n<p>[\/vc_column_text][vc_column_text css=\u00bb.vc_custom_1441364169686{margin-top: -40px !important;}\u00bb]<\/p>\n<p><img loading=\"lazy\" class=\"alignleft size-full wp-image-777\" src=\"http:\/\/divulgaciondinamica.info\/promos\/wp-content\/uploads\/2015\/04\/Mensaje-de-Reconocimiento2.png\" alt=\"Mensaje-de-Reconocimiento2\" width=\"479\" height=\"280\" srcset=\"https:\/\/divulgaciondinamica.info\/promos\/wp-content\/uploads\/2015\/04\/Mensaje-de-Reconocimiento2.png 479w, https:\/\/divulgaciondinamica.info\/promos\/wp-content\/uploads\/2015\/04\/Mensaje-de-Reconocimiento2-300x175.png 300w\" sizes=\"(max-width: 479px) 100vw, 479px\" \/><\/p>\n<p>[\/vc_column_text][\/vc_column][vc_column width=\u00bb1\/2&#8243;][vc_column_text]<\/p>\n<div id=\"stcpDiv\">\n<h3 style=\"text-align: left;\" align=\"justify\">Temario del M\u00e1ster:<\/h3>\n<p>&nbsp;<\/p>\n<p><strong>1. INTERVENCI\u00d3N SOCIAL Y EXCLUSI\u00d3N<\/strong><\/p>\n<p>1.1 Exclusi\u00f3n social<br \/>\n1.2 Socializaci\u00f3n y educaci\u00f3n<br \/>\n1.3 Teor\u00edas explicativas de la exclusi\u00f3n social<br \/>\n1.4 Educaci\u00f3n social especializada<br \/>\n1.5 Intervenci\u00f3n ante los procesos de exclusi\u00f3n<\/p>\n<p><strong>2. EL PROBLEMA DEL DESARROLLO. LAS DESIGUALDADES NORTE\u2013SUR.<\/strong><\/p>\n<p>2.1 Pa\u00edses desarrollados y subdesarrollados y su relaci\u00f3n con la pobreza.<br \/>\n2.2 El desarrollo humano: paradigma de ampliaci\u00f3n de las capacidades humanas.<br \/>\n2.3 Globalizaci\u00f3n: marco contextual del desarrollo.<br \/>\n2.4 Agenda del desarrollo Post-2015.<\/p>\n<p><strong>3. ENFOQUE PSICOSOCIAL EN LA INTERVENCI\u00d3N EN \u00c1REAS DESFAVORECIDAS<\/strong><\/p>\n<p>3.1 Aspectos psicosociales en diferentes sectores y campos de actividad: Psicosociolog\u00eda en situaciones conflictivas violentas. Psicosociolog\u00eda de la p\u00e9rdida\/duelo. Aspectos psicosociales en casos de extrema pobreza. Aspectos psicosociales en caso de cat\u00e1strofes naturales. Aspectos psicosociales VIH\/SIDA.<br \/>\n3.2 Riesgos psicosociales del personal de cooperaci\u00f3n: El estr\u00e9s. Efectos del estr\u00e9s. Afrontar incidentes cr\u00edticos. Las dificultades de la vuelta.<\/p>\n<p><strong>4. PLANIFICACI\u00d3N E INTEGRACI\u00d3N SOCIAL<\/strong><\/p>\n<p>4.1 Niveles de planificaci\u00f3n. Ventajas e inconvenientes de la Planificaci\u00f3n por proyectos.<br \/>\n4.2 Requisitos de los proyectos sociales.<br \/>\n4.3 M\u00e9todos para la planificaci\u00f3n de Proyectos sociales<br \/>\n4.4 Propuesta de esquema para el dise\u00f1o de Proyectos sociales<br \/>\n4.5 Incorporaci\u00f3n de la perspectiva de G\u00e9nero en los proyectos de integraci\u00f3n Social<\/p>\n<p><strong>5. EL MARCO L\u00d3GICO. VALORACI\u00d3N DEL IMPACTO DE PROGRAMAS<\/strong><\/p>\n<p>5.1 La gesti\u00f3n del ciclo de proyecto (GCP)<br \/>\n5.2 El enfoque del marco l\u00f3gico<br \/>\n5.3 La evaluaci\u00f3n: un instrumento para mejorar<br \/>\n5.4 M\u00e9todos formales e informales de evaluaci\u00f3n<\/p>\n<p><strong>6. EDUCACI\u00d3N SOCIAL Y DESARROLLO COMUNITARIO<\/strong><\/p>\n<p>6.1 Educaci\u00f3n Social y desarrollo Comunitario<br \/>\n6.2 La comunidad como territorio de intervenci\u00f3n<br \/>\n6.3 El tercer sector y la educaci\u00f3n social<\/p>\n<p><strong>7. INSERCI\u00d3N LABORAL Y OCUPACIONAL<\/strong><\/p>\n<p>7.1 Inserci\u00f3n laboral\/ocupacional e integraci\u00f3n: funciones del trabajo<br \/>\n7.2 El desempleo como agente de exclusi\u00f3n social<br \/>\n7.3 Programas de inserci\u00f3n ocupacional: itinerarios personalizados<br \/>\n7.4 Programas de inserci\u00f3n ocupacional: colectivos<br \/>\n7.5 Programas de inserci\u00f3n ocupacional: acciones en el entorno laboral<\/p>\n<p><strong>8. PREVENCI\u00d3N DE CONFLICTOS COMO HERRAMIENTA PARA LA INTERVENCI\u00d3N SOCIAL<\/strong><\/p>\n<p>8.1 Concepto y tipolog\u00eda del conflicto<br \/>\n8.2 Estrategias comunicativas en la prevenci\u00f3n de conflictos<br \/>\n8.3 Prevenci\u00f3n de conflictos comunitarios.<br \/>\n8.4 Programas preventivos de resiliencia.<\/p>\n<\/div>\n<p>[\/vc_column_text][\/vc_column][\/vc_row][vc_row css=\u00bb.vc_custom_1427806970509{margin-top: 35px !important;margin-bottom: 35px !important;}\u00bb][vc_column][vc_column_text]<\/p>\n<p style=\"text-align: center;\"><a class=\"vc_btn vc_btn_orange vc_btn-orange vc_btn_lg vc_btn-lg vc_btn_rounded\" title=\"\" href=\"http:\/\/www.divulgaciondinamica.es\/secretaria\/alumnos\/form\/752\/\" target=\"_blank\">INSCRIPCI\u00d3N<\/a><\/p>\n<p>[\/vc_column_text][\/vc_column][\/vc_row]<\/p>\n","protected":false},"excerpt":{"rendered":"<p>[vc_row css=\u00bb.vc_custom_1427804811471{margin-top: 25px !important;margin-bottom: 25px !important;}\u00bb][vc_column width=\u00bb2\/3&#8243;][vc_single_image image=\u00bb1573&#8243; img_size=\u00bb661&#215;82&#8243;][\/vc_column][vc_column width=\u00bb1\/3&#8243;][vc_column_text] 620 77 31 43 promotora1@divulgaciondinamica.es [\/vc_column_text][\/vc_column][\/vc_row][vc_row][vc_column][vc_column_text][\/vc_column_text][\/vc_column][\/vc_row][vc_row css=\u00bb.vc_custom_1427804437681{margin-top: 35px !important;margin-bottom: 35px !important;}\u00bb][vc_column width=\u00bb1\/4&#8243;][vc_single_image image=\u00bb3702&#8243; img_size=\u00bb250&#215;195&#8243; alignment=\u00bbcenter\u00bb][\/vc_column][vc_column width=\u00bb1\/4&#8243;][vc_single_image image=\u00bb3703&#8243; img_size=\u00bb250&#215;195&#8243; alignment=\u00bbcenter\u00bb][\/vc_column][vc_column width=\u00bb1\/4&#8243;][vc_single_image image=\u00bb3704&#8243; img_size=\u00bb250&#215;195&#8243; alignment=\u00bbcenter\u00bb][\/vc_column][vc_column width=\u00bb1\/4&#8243;][vc_single_image image=\u00bb5055&#8243; img_size=\u00bb250&#215;195&#8243; alignment=\u00bbcenter\u00bb][\/vc_column][\/vc_row][vc_row][vc_column][vc_column_text] [\/vc_column_text][\/vc_column][\/vc_row][vc_row css=\u00bb.vc_custom_1427805189823{margin-top: 35px<\/p>\n","protected":false},"author":1,"featured_media":0,"parent":0,"menu_order":0,"comment_status":"closed","ping_status":"closed","template":"","meta":[],"yoast_head":"<!-- This site is optimized with the Yoast SEO plugin v15.7 - https:\/\/yoast.com\/wordpress\/plugins\/seo\/ -->\n<title>M\u00e1ster en Intervenci\u00f3n Social en \u00c1reas Desfavorecidas - Divulgaci\u00f3n Din\u00e1mica<\/title>\n<meta name=\"robots\" content=\"index, follow, max-snippet:-1, max-image-preview:large, max-video-preview:-1\" \/>\n<link rel=\"canonical\" href=\"http:\/\/divulgaciondinamica.info\/promos\/master-en-intervencion-social-areas-desfavorecidas\/\" \/>\n<meta property=\"og:locale\" content=\"es_ES\" \/>\n<meta property=\"og:type\" content=\"article\" \/>\n<meta property=\"og:title\" content=\"M\u00e1ster en Intervenci\u00f3n Social en \u00c1reas Desfavorecidas - Divulgaci\u00f3n Din\u00e1mica\" \/>\n<meta property=\"og:description\" content=\"[vc_row css=\u00bb.vc_custom_1427804811471{margin-top: 25px !important;margin-bottom: 25px !important;}\u00bb][vc_column width=\u00bb2\/3&#8243;][vc_single_image image=\u00bb1573&#8243; img_size=\u00bb661&#215;82&#8243;][\/vc_column][vc_column width=\u00bb1\/3&#8243;][vc_column_text] 620 77 31 43 promotora1@divulgaciondinamica.es [\/vc_column_text][\/vc_column][\/vc_row][vc_row][vc_column][vc_column_text][\/vc_column_text][\/vc_column][\/vc_row][vc_row css=\u00bb.vc_custom_1427804437681{margin-top: 35px !important;margin-bottom: 35px !important;}\u00bb][vc_column width=\u00bb1\/4&#8243;][vc_single_image image=\u00bb3702&#8243; img_size=\u00bb250&#215;195&#8243; alignment=\u00bbcenter\u00bb][\/vc_column][vc_column width=\u00bb1\/4&#8243;][vc_single_image image=\u00bb3703&#8243; img_size=\u00bb250&#215;195&#8243; alignment=\u00bbcenter\u00bb][\/vc_column][vc_column width=\u00bb1\/4&#8243;][vc_single_image image=\u00bb3704&#8243; img_size=\u00bb250&#215;195&#8243; alignment=\u00bbcenter\u00bb][\/vc_column][vc_column width=\u00bb1\/4&#8243;][vc_single_image image=\u00bb5055&#8243; img_size=\u00bb250&#215;195&#8243; alignment=\u00bbcenter\u00bb][\/vc_column][\/vc_row][vc_row][vc_column][vc_column_text] [\/vc_column_text][\/vc_column][\/vc_row][vc_row css=\u00bb.vc_custom_1427805189823{margin-top: 35px\" \/>\n<meta property=\"og:url\" content=\"http:\/\/divulgaciondinamica.info\/promos\/master-en-intervencion-social-areas-desfavorecidas\/\" \/>\n<meta property=\"og:site_name\" content=\"Divulgaci\u00f3n Din\u00e1mica\" \/>\n<meta property=\"article:publisher\" content=\"https:\/\/www.facebook.com\/divulgaciondinamicaformacion\/\" \/>\n<meta property=\"article:modified_time\" content=\"2017-09-13T11:23:55+00:00\" \/>\n<meta property=\"og:image\" content=\"http:\/\/divulgaciondinamica.info\/promos\/wp-content\/uploads\/2015\/04\/master-intervencion-social-e-areas-desfavorecidas.jpg\" \/>\n<meta name=\"twitter:card\" content=\"summary_large_image\" \/>\n<meta name=\"twitter:site\" content=\"@divulgaciond\" \/>\n<meta name=\"twitter:label1\" content=\"Tiempo de lectura\">\n\t<meta name=\"twitter:data1\" content=\"4 minutos\">\n<script type=\"application\/ld+json\" class=\"yoast-schema-graph\">{\"@context\":\"https:\/\/schema.org\",\"@graph\":[{\"@type\":\"Organization\",\"@id\":\"https:\/\/divulgaciondinamica.info\/promos\/#organization\",\"name\":\"Divulgaci\\u00f3n Din\\u00e1mica S.L.\",\"url\":\"https:\/\/divulgaciondinamica.info\/promos\/\",\"sameAs\":[\"https:\/\/www.facebook.com\/divulgaciondinamicaformacion\/\",\"https:\/\/www.instagram.com\/divulgaciondinamica\",\"https:\/\/www.linkedin.com\/company-beta\/9490428\/\",\"https:\/\/www.youtube.com\/user\/ddinamica2010\",\"https:\/\/twitter.com\/divulgaciond\"],\"logo\":{\"@type\":\"ImageObject\",\"@id\":\"https:\/\/divulgaciondinamica.info\/promos\/#logo\",\"inLanguage\":\"es\",\"url\":\"https:\/\/divulgaciondinamica.info\/promos\/wp-content\/uploads\/2016\/02\/logo-divulgaciondinamica-ddf.png\",\"width\":400,\"height\":79,\"caption\":\"Divulgaci\\u00f3n Din\\u00e1mica S.L.\"},\"image\":{\"@id\":\"https:\/\/divulgaciondinamica.info\/promos\/#logo\"}},{\"@type\":\"WebSite\",\"@id\":\"https:\/\/divulgaciondinamica.info\/promos\/#website\",\"url\":\"https:\/\/divulgaciondinamica.info\/promos\/\",\"name\":\"Divulgaci\\u00f3n Din\\u00e1mica\",\"description\":\"Formaci\\u00f3n de calidad al alcance de todos\",\"publisher\":{\"@id\":\"https:\/\/divulgaciondinamica.info\/promos\/#organization\"},\"potentialAction\":[{\"@type\":\"SearchAction\",\"target\":\"https:\/\/divulgaciondinamica.info\/promos\/?s={search_term_string}\",\"query-input\":\"required name=search_term_string\"}],\"inLanguage\":\"es\"},{\"@type\":\"ImageObject\",\"@id\":\"http:\/\/divulgaciondinamica.info\/promos\/master-en-intervencion-social-areas-desfavorecidas\/#primaryimage\",\"inLanguage\":\"es\",\"url\":\"http:\/\/divulgaciondinamica.info\/promos\/wp-content\/uploads\/2015\/04\/master-intervencion-social-e-areas-desfavorecidas.jpg\"},{\"@type\":\"WebPage\",\"@id\":\"http:\/\/divulgaciondinamica.info\/promos\/master-en-intervencion-social-areas-desfavorecidas\/#webpage\",\"url\":\"http:\/\/divulgaciondinamica.info\/promos\/master-en-intervencion-social-areas-desfavorecidas\/\",\"name\":\"M\\u00e1ster en Intervenci\\u00f3n Social en \\u00c1reas Desfavorecidas - Divulgaci\\u00f3n Din\\u00e1mica\",\"isPartOf\":{\"@id\":\"https:\/\/divulgaciondinamica.info\/promos\/#website\"},\"primaryImageOfPage\":{\"@id\":\"http:\/\/divulgaciondinamica.info\/promos\/master-en-intervencion-social-areas-desfavorecidas\/#primaryimage\"},\"datePublished\":\"2015-04-29T11:21:13+00:00\",\"dateModified\":\"2017-09-13T11:23:55+00:00\",\"inLanguage\":\"es\",\"potentialAction\":[{\"@type\":\"ReadAction\",\"target\":[\"http:\/\/divulgaciondinamica.info\/promos\/master-en-intervencion-social-areas-desfavorecidas\/\"]}]}]}<\/script>\n<!-- \/ Yoast SEO plugin. -->","_links":{"self":[{"href":"https:\/\/divulgaciondinamica.info\/promos\/wp-json\/wp\/v2\/pages\/256"}],"collection":[{"href":"https:\/\/divulgaciondinamica.info\/promos\/wp-json\/wp\/v2\/pages"}],"about":[{"href":"https:\/\/divulgaciondinamica.info\/promos\/wp-json\/wp\/v2\/types\/page"}],"author":[{"embeddable":true,"href":"https:\/\/divulgaciondinamica.info\/promos\/wp-json\/wp\/v2\/users\/1"}],"replies":[{"embeddable":true,"href":"https:\/\/divulgaciondinamica.info\/promos\/wp-json\/wp\/v2\/comments?post=256"}],"version-history":[{"count":5,"href":"https:\/\/divulgaciondinamica.info\/promos\/wp-json\/wp\/v2\/pages\/256\/revisions"}],"predecessor-version":[{"id":5057,"href":"https:\/\/divulgaciondinamica.info\/promos\/wp-json\/wp\/v2\/pages\/256\/revisions\/5057"}],"wp:attachment":[{"href":"https:\/\/divulgaciondinamica.info\/promos\/wp-json\/wp\/v2\/media?parent=256"}],"curies":[{"name":"wp","href":"https:\/\/api.w.org\/{rel}","templated":true}]}}