                                                                                                                                                                                        {"id":240,"date":"2015-04-28T09:37:42","date_gmt":"2015-04-28T09:37:42","guid":{"rendered":"http:\/\/divulgaciondinamica.info\/promos\/?page_id=240"},"modified":"2017-10-19T07:50:23","modified_gmt":"2017-10-19T07:50:23","slug":"master-en-educacion-social-para-colectivos-en-riesgo-de-exclusion","status":"publish","type":"page","link":"https:\/\/divulgaciondinamica.info\/promos\/master-en-educacion-social-para-colectivos-en-riesgo-de-exclusion\/","title":{"rendered":"M\u00e1ster en Educaci\u00f3n Social para Colectivos en Riesgo de Exclusi\u00f3n"},"content":{"rendered":"<p>[vc_row css=\u00bb.vc_custom_1427804811471{margin-top: 25px !important;margin-bottom: 25px !important;}\u00bb][vc_column width=\u00bb2\/3&#8243;][vc_single_image image=\u00bb1573&#8243; img_size=\u00bb661&#215;82&#8243;][\/vc_column][vc_column width=\u00bb1\/3&#8243;][vc_custom_heading text=\u00bbInf\u00f3rmate: 669 10 42 82 \u00bb font_container=\u00bbtag:p|font_size:16|text_align:right|color:%2315b551&#8243; google_fonts=\u00bbfont_family:Lato%3A100%2C100italic%2C300%2C300italic%2Cregular%2Citalic%2C700%2C700italic%2C900%2C900italic|font_style:700%20bold%20regular%3A700%3Anormal\u00bb][vc_row_inner css=\u00bb.vc_custom_1507894679589{margin-top: -5px !important;}\u00bb][vc_column_inner][vc_column_text]<a class=\"whatsapp_3\" target=\"_blank\" href=\"https:\/\/web.whatsapp.com\/send?l=es&phone=34669104282\"><div class=\"whatsapp_3 whatsapp shortcode right\" style=\"background-color: #25d366\"><span class=\"whatsapp_3\"style=\"background-color: #25d366\"><i class=\"whatsapp_3 whatsapp-icon\" style=\"padding-right:0px!important;\"><\/i> Abrir Whatsapp<\/span><\/div><\/a>[\/vc_column_text][\/vc_column_inner][\/vc_row_inner][vc_custom_heading text=\u00bbpromotora10@divulgaciondinamica.es\u00bb font_container=\u00bbtag:p|font_size:15|text_align:right|color:%237c7c7c\u00bb google_fonts=\u00bbfont_family:Lato%3A100%2C100italic%2C300%2C300italic%2Cregular%2Citalic%2C700%2C700italic%2C900%2C900italic|font_style:700%20bold%20regular%3A700%3Anormal\u00bb link=\u00bburl:mailto%3Apromotora10%40divulgaciondinamica.es||\u00bb css=\u00bb.vc_custom_1508138931082{margin-top: 10px !important;}\u00bb][\/vc_column][\/vc_row][vc_row css=\u00bb.vc_custom_1489484355483{margin-top: 25px !important;margin-bottom: 15px !important;}\u00bb][vc_column][vc_custom_heading text=\u00bbM\u00e1ster Online\u00bb font_container=\u00bbtag:h2|font_size:32|text_align:center|color:%230a7aba|line_height:1.1&#8243; google_fonts=\u00bbfont_family:Lato%3A100%2C100italic%2C300%2C300italic%2Cregular%2Citalic%2C700%2C700italic%2C900%2C900italic|font_style:300%20light%20regular%3A300%3Anormal\u00bb css=\u00bb.vc_custom_1489489889526{margin-bottom: 5px !important;}\u00bb][vc_custom_heading text=\u00bbEducaci\u00f3n Social para Colectivos en Riesgo de Exclusi\u00f3n\u00bb font_container=\u00bbtag:h2|font_size:38|text_align:center|color:%230a7aba|line_height:1.1&#8243; google_fonts=\u00bbfont_family:Lato%3A100%2C100italic%2C300%2C300italic%2Cregular%2Citalic%2C700%2C700italic%2C900%2C900italic|font_style:900%20bold%20regular%3A900%3Anormal\u00bb css=\u00bb.vc_custom_1491547828369{margin-bottom: 15px !important;}\u00bb][\/vc_column][\/vc_row][vc_row css=\u00bb.vc_custom_1489484502411{margin-top: 25px !important;margin-right: 0px !important;margin-bottom: 15px !important;}\u00bb][vc_column width=\u00bb1\/4&#8243;][vc_row_inner css=\u00bb.vc_custom_1491235165133{margin-top: 2px !important;margin-right: 2px !important;margin-bottom: 2px !important;margin-left: 2px !important;padding-top: 20px !important;padding-right: 5px !important;padding-bottom: 30px !important;padding-left: 5px !important;background-color: #efefef !important;}\u00bb][vc_column_inner][vc_icon icon_fontawesome=\u00bbfa fa-laptop\u00bb color=\u00bbsky\u00bb size=\u00bblg\u00bb align=\u00bbcenter\u00bb css_animation=\u00bbbottom-to-top\u00bb css=\u00bb.vc_custom_1489423953746{margin-bottom: 10px !important;}\u00bb][vc_custom_heading text=\u00bbModalidad:\u00bb font_container=\u00bbtag:h2|font_size:18|text_align:center|color:%230a7aba|line_height:1.2&#8243; google_fonts=\u00bbfont_family:Lato%3A100%2C100italic%2C300%2C300italic%2Cregular%2Citalic%2C700%2C700italic%2C900%2C900italic|font_style:900%20bold%20regular%3A900%3Anormal\u00bb css=\u00bb.vc_custom_1489423549304{margin-bottom: 5px !important;}\u00bb][vc_custom_heading text=\u00bb100% online\u00bb font_container=\u00bbtag:h2|font_size:16|text_align:center|color:%230a7aba|line_height:1.2&#8243; google_fonts=\u00bbfont_family:Lato%3A100%2C100italic%2C300%2C300italic%2Cregular%2Citalic%2C700%2C700italic%2C900%2C900italic|font_style:400%20regular%3A400%3Anormal\u00bb][\/vc_column_inner][\/vc_row_inner][\/vc_column][vc_column width=\u00bb1\/4&#8243;][vc_row_inner css=\u00bb.vc_custom_1491235159565{margin-top: 2px !important;margin-right: 2px !important;margin-bottom: 2px !important;margin-left: 2px !important;padding-top: 20px !important;padding-right: 5px !important;padding-bottom: 30px !important;padding-left: 5px !important;background-color: #efefef !important;}\u00bb][vc_column_inner][vc_icon icon_fontawesome=\u00bbfa fa-clock-o\u00bb color=\u00bbsky\u00bb size=\u00bblg\u00bb align=\u00bbcenter\u00bb css_animation=\u00bbbottom-to-top\u00bb css=\u00bb.vc_custom_1489424050530{margin-bottom: 10px !important;}\u00bb][vc_custom_heading text=\u00bbDuraci\u00f3n:\u00bb font_container=\u00bbtag:h2|font_size:18|text_align:center|color:%230a7aba|line_height:1.2&#8243; google_fonts=\u00bbfont_family:Lato%3A100%2C100italic%2C300%2C300italic%2Cregular%2Citalic%2C700%2C700italic%2C900%2C900italic|font_style:900%20bold%20regular%3A900%3Anormal\u00bb css=\u00bb.vc_custom_1489423553086{margin-bottom: 5px !important;}\u00bb][vc_custom_heading text=\u00bb400 h. \/ 6 meses\u00bb font_container=\u00bbtag:h2|font_size:16|text_align:center|color:%230a7aba|line_height:1.2&#8243; google_fonts=\u00bbfont_family:Lato%3A100%2C100italic%2C300%2C300italic%2Cregular%2Citalic%2C700%2C700italic%2C900%2C900italic|font_style:400%20regular%3A400%3Anormal\u00bb][\/vc_column_inner][\/vc_row_inner][\/vc_column][vc_column width=\u00bb1\/4&#8243;][vc_row_inner css=\u00bb.vc_custom_1491235154390{margin-top: 2px !important;margin-right: 2px !important;margin-bottom: 2px !important;margin-left: 2px !important;padding-top: 20px !important;padding-right: 5px !important;padding-bottom: 30px !important;padding-left: 5px !important;background-color: #efefef !important;}\u00bb][vc_column_inner][vc_icon icon_fontawesome=\u00bbfa fa-calendar\u00bb color=\u00bbsky\u00bb size=\u00bblg\u00bb align=\u00bbcenter\u00bb css_animation=\u00bbbottom-to-top\u00bb css=\u00bb.vc_custom_1489423962381{margin-bottom: 10px !important;}\u00bb][vc_custom_heading text=\u00bbFecha Inicio:\u00bb font_container=\u00bbtag:h2|font_size:18|text_align:center|color:%230a7aba|line_height:1.2&#8243; google_fonts=\u00bbfont_family:Lato%3A100%2C100italic%2C300%2C300italic%2Cregular%2Citalic%2C700%2C700italic%2C900%2C900italic|font_style:900%20bold%20regular%3A900%3Anormal\u00bb css=\u00bb.vc_custom_1489423557331{margin-bottom: 5px !important;}\u00bb][vc_custom_heading text=\u00bb7 \/ noviembre \/ 2017&#8243; font_container=\u00bbtag:h2|font_size:16|text_align:center|color:%230a7aba|line_height:1.2&#8243; google_fonts=\u00bbfont_family:Lato%3A100%2C100italic%2C300%2C300italic%2Cregular%2Citalic%2C700%2C700italic%2C900%2C900italic|font_style:400%20regular%3A400%3Anormal\u00bb][\/vc_column_inner][\/vc_row_inner][\/vc_column][vc_column width=\u00bb1\/4&#8243;][vc_row_inner css=\u00bb.vc_custom_1508399380010{margin-top: 2px !important;margin-right: 2px !important;margin-bottom: 2px !important;margin-left: 2px !important;padding-top: 20px !important;padding-right: 5px !important;padding-bottom: 30px !important;padding-left: 5px !important;background-color: #efefef !important;}\u00bb][vc_column_inner][vc_icon icon_fontawesome=\u00bbfa fa-graduation-cap\u00bb color=\u00bbsky\u00bb size=\u00bblg\u00bb align=\u00bbcenter\u00bb css_animation=\u00bbbottom-to-top\u00bb css=\u00bb.vc_custom_1489423967355{margin-bottom: 10px !important;}\u00bb][vc_custom_heading text=\u00bbTasas Administrativas:\u00bb font_container=\u00bbtag:h2|font_size:18|text_align:center|color:%230a7aba|line_height:1.2&#8243; google_fonts=\u00bbfont_family:Lato%3A100%2C100italic%2C300%2C300italic%2Cregular%2Citalic%2C700%2C700italic%2C900%2C900italic|font_style:900%20bold%20regular%3A900%3Anormal\u00bb css=\u00bb.vc_custom_1489423561127{margin-bottom: 5px !important;}\u00bb][vc_custom_heading text=\u00bbPaga s\u00f3lo 66\u20ac\u00bb font_container=\u00bbtag:h2|font_size:16|text_align:center|color:%230a7aba|line_height:1.2&#8243; google_fonts=\u00bbfont_family:Lato%3A100%2C100italic%2C300%2C300italic%2Cregular%2Citalic%2C700%2C700italic%2C900%2C900italic|font_style:400%20regular%3A400%3Anormal\u00bb][\/vc_column_inner][\/vc_row_inner][\/vc_column][\/vc_row][vc_row][vc_column][vc_column_text]<img loading=\"lazy\" class=\"alignleft wp-image-6305 size-full\" title=\"Educaci\u00f3n Social para Colectivos en Riesgo de Exclusi\u00f3n\" src=\"http:\/\/divulgaciondinamica.info\/promos\/wp-content\/uploads\/2017\/04\/master-educacion-social-colectivos-riesgo-exclusion.jpg\" alt=\"M\u00e1ster en Educaci\u00f3n Social para Colectivos en Riesgo de Exclusi\u00f3n Online\" width=\"643\" height=\"434\" srcset=\"https:\/\/divulgaciondinamica.info\/promos\/wp-content\/uploads\/2017\/04\/master-educacion-social-colectivos-riesgo-exclusion.jpg 643w, https:\/\/divulgaciondinamica.info\/promos\/wp-content\/uploads\/2017\/04\/master-educacion-social-colectivos-riesgo-exclusion-300x202.jpg 300w\" sizes=\"(max-width: 643px) 100vw, 643px\" \/><iframe style=\"border: 0px solid grey;\" src=\"http:\/\/www.divulgaciondinamica.es\/secretaria\/alumnos\/iframe\/1134\/\" width=\"417\" height=\"434\" scrolling=\"auto\"><\/iframe>[\/vc_column_text][\/vc_column][\/vc_row][vc_row css=\u00bb.vc_custom_1427804437681{margin-top: 35px !important;margin-bottom: 35px !important;}\u00bb][vc_column width=\u00bb1\/4&#8243;][vc_single_image image=\u00bb5876&#8243; img_size=\u00bb250&#215;195&#8243; alignment=\u00bbcenter\u00bb][\/vc_column][vc_column width=\u00bb1\/4&#8243;][vc_single_image image=\u00bb5877&#8243; img_size=\u00bb250&#215;195&#8243; alignment=\u00bbcenter\u00bb][\/vc_column][vc_column width=\u00bb1\/4&#8243;][vc_single_image image=\u00bb5878&#8243; img_size=\u00bb250&#215;195&#8243; alignment=\u00bbcenter\u00bb][\/vc_column][vc_column width=\u00bb1\/4&#8243;][vc_single_image image=\u00bb8924&#8243; img_size=\u00bb250&#215;195&#8243; alignment=\u00bbcenter\u00bb][\/vc_column][\/vc_row][vc_row][vc_column][\/vc_column][\/vc_row][vc_row css=\u00bb.vc_custom_1427805189823{margin-top: 35px !important;margin-bottom: 35px !important;}\u00bb][vc_column width=\u00bb1\/2&#8243;][vc_custom_heading text=\u00bbPresentaci\u00f3n del M\u00e1ster:\u00bb font_container=\u00bbtag:h2|font_size:26|text_align:left|color:%230a7aba|line_height:1.2&#8243; google_fonts=\u00bbfont_family:Lato%3A100%2C100italic%2C300%2C300italic%2Cregular%2Citalic%2C700%2C700italic%2C900%2C900italic|font_style:900%20bold%20regular%3A900%3Anormal\u00bb css=\u00bb.vc_custom_1489490101728{margin-bottom: 45px !important;}\u00bb][vc_column_text css=\u00bb.vc_custom_1491547884618{margin-bottom: 30px !important;}\u00bb]<\/p>\n<div id=\"stcpDiv\">\n<p>En las sociedades siempre han existido colectivos de personas que por un motivo u otro, sufren riesgo de exclusi\u00f3n social, colectivos que por sus condici\u00f3n social o personal son total o parcialmente excluidos de una participaci\u00f3n plena en la sociedad en la que viven lo que les priva de oportunidades, les dificulta el acceso a recursos econ\u00f3micos y sociales y, por lo tanto, les aleja del resto de la sociedad.<\/p>\n<p>Adem\u00e1s de los principales colectivos en riesgo de exclusi\u00f3n social: discapacitados, minor\u00edas, mendigos y vagabundos,\u2026 los cambios sociales y econ\u00f3micos acaecidos en la presente crisis nos hacen tener muy presentes otras formas de exclusi\u00f3n social de grupos vulnerables. Actualmente, la inclusi\u00f3n social aparece como el mayor reto para construir y mantener la cohesi\u00f3n social y la recuperaci\u00f3n socioecon\u00f3mica.<\/p>\n<p>En el Campus de Divulgaci\u00f3n Din\u00e1mica apostamos firmemente por el desarrollo de programas de formaci\u00f3n para profesionales que trabajen en educaci\u00f3n social e inclusi\u00f3n y que contribuyan no solo a mejorar la calidad en la atenci\u00f3n y en el servicio a colectivos que est\u00e1n en situaci\u00f3n de exclusi\u00f3n sino a incorporar medidas sociales y educativas espec\u00edficas como estrategias reductoras de los factores de riesgo para colectivos en riesgo de exclusi\u00f3n.<\/p>\n<p><img loading=\"lazy\" class=\"alignleft size-full wp-image-53\" src=\"http:\/\/divulgaciondinamica.info\/promos\/wp-content\/uploads\/2015\/03\/diploma-digital1.png\" alt=\"diploma-digital\" width=\"479\" height=\"322\" srcset=\"https:\/\/divulgaciondinamica.info\/promos\/wp-content\/uploads\/2015\/03\/diploma-digital1.png 479w, https:\/\/divulgaciondinamica.info\/promos\/wp-content\/uploads\/2015\/03\/diploma-digital1-300x202.png 300w\" sizes=\"(max-width: 479px) 100vw, 479px\" \/><\/p>\n<p style=\"text-align: left;\" align=\"justify\">\n<\/div>\n<p>[\/vc_column_text][\/vc_column][vc_column width=\u00bb1\/2&#8243;][vc_custom_heading text=\u00bbTemario del M\u00e1ster:\u00bb font_container=\u00bbtag:h2|font_size:26|text_align:left|color:%230a7aba|line_height:1.2&#8243; google_fonts=\u00bbfont_family:Lato%3A100%2C100italic%2C300%2C300italic%2Cregular%2Citalic%2C700%2C700italic%2C900%2C900italic|font_style:900%20bold%20regular%3A900%3Anormal\u00bb css=\u00bb.vc_custom_1489490107926{margin-bottom: 45px !important;}\u00bb][vc_column_text]<\/p>\n<div id=\"stcpDiv\">\n<div id=\"stcpDiv\">\n<div id=\"stcpDiv\">\n<div class=\"w-tabs-section-content\">\n<div class=\"w-tabs-section-content-h i-cf\">\n<div class=\"wpb_text_column \">\n<div class=\"wpb_wrapper\">\n<div id=\"stcpDiv\">\n<p><strong>1. EDUCACI\u00d3N SOCIAL<\/strong><\/p>\n<p>1.1 Educaci\u00f3n Social<br \/>\n1.2 Or\u00edgenes de la Educaci\u00f3n Social<br \/>\n1.3 El educador social. \u2013 Competencias Profesionales del\/de la educador\/a social<br \/>\n1.4 C\u00f3digo deontol\u00f3gico para la pr\u00e1ctica profesional de la educaci\u00f3n social<\/p>\n<p><strong>2. T\u00c9CNICAS E INSTRUMENTOS DE LA EDUCACI\u00d3N SOCIAL<\/strong><\/p>\n<p>2.1 T\u00e9cnicas e instrumentos de diagn\u00f3stico<br \/>\n2.2 T\u00e9cnicas de comunicaci\u00f3n<br \/>\n2.3 T\u00e9cnicas did\u00e1cticas<br \/>\n2.4 T\u00e9cnicas de evaluaci\u00f3n<br \/>\n2.5 El juego como herramienta de educaci\u00f3n social<\/p>\n<p><strong>3. EDUCACI\u00d3N SOCIAL Y EXCLUSI\u00d3N<\/strong><\/p>\n<p>3.1 Exclusi\u00f3n social<br \/>\n3.2 Socializaci\u00f3n y educaci\u00f3n<br \/>\n3.3 Teor\u00edas explicativas de la exclusi\u00f3n social<br \/>\n3.4 Educaci\u00f3n social especializada<br \/>\n3.5 Intervenci\u00f3n ante los procesos de exclusi\u00f3n. Algunas actuaciones espec\u00edficas<\/p>\n<p><strong>4. PSICOSOCIOLOG\u00cdA APLICABLE A LA INTEGRACI\u00d3N SOCIAL<\/strong><\/p>\n<p>4.1 El concepto de exclusi\u00f3n e integraci\u00f3n social<br \/>\n4.2 Integraci\u00f3n social: \u00e1mbitos y principios de intervenci\u00f3n<br \/>\n4.3 El enfoque psicosocial de la integraci\u00f3n<\/p>\n<p><strong>5. EDUCACI\u00d3N SOCIAL Y TERCERA EDAD<\/strong><\/p>\n<p>5.1 Aspectos psicosociales del envejecimiento<br \/>\n5.2 Educaci\u00f3n social y envejecimiento<br \/>\n5.3 Algunas actuaciones con la tercera edad<\/p>\n<p><strong>6. EDUCACI\u00d3N SOCIAL Y JUVENTUD<\/strong><\/p>\n<p>6.1 El concepto de juventud<br \/>\n6.2 Intervenci\u00f3n socioeducativa en el colectivo juvenil<br \/>\n6.3 La conducta antisocial en j\u00f3venes y adolescentes. Teor\u00edas explicativas<br \/>\n6.4 La intervenci\u00f3n socioeducativa en la atenci\u00f3n residencial<\/p>\n<p><strong>7. PERSONAS CON DISCAPACIDAD: COLECTIVO DE INTEGRACI\u00d3N SOCIAL<\/strong><\/p>\n<p>7.1 Marco conceptual de la discapacidad<br \/>\n7.2 Discapacidad auditiva. Discapacidad visual<br \/>\n7.3 Discapacidad motriz. Discapacidad intelectual<br \/>\n7.4 Trastornos generales del desarrollo<br \/>\n7.5 Problemas de salud mental<br \/>\n7.6 Integraci\u00f3n social y discapacitados<\/p>\n<p><strong>8. G\u00c9NERO Y EXCLUSI\u00d3N SOCIAL<\/strong><\/p>\n<p>8.1 G\u00e9nero y exclusi\u00f3n social<br \/>\n8.2 Enfoque de g\u00e9nero en los procesos de integraci\u00f3n social<br \/>\n8.3 La violencia de g\u00e9nero<\/p>\n<p><strong>+ CUADERNO DE CASOS PR\u00c1CTICOS<\/strong><\/p>\n<\/div>\n<\/div>\n<\/div>\n<\/div>\n<\/div>\n<\/div>\n<\/div>\n<\/div>\n<p>[\/vc_column_text][\/vc_column][\/vc_row][vc_row css=\u00bb.vc_custom_1489484531438{margin-bottom: 60px !important;padding-top: 15px !important;padding-bottom: 5px !important;background-color: #0a7aba !important;}\u00bb][vc_column][vc_row_inner][vc_column_inner width=\u00bb1\/4&#8243;][vc_column_text]\u00a0[\/vc_column_text][\/vc_column_inner][vc_column_inner width=\u00bb1\/2&#8243;][vc_column_text]<\/p>\n<div style=\"text-align: center;\"><iframe style=\"border: 0px solid grey;\" src=\"http:\/\/www.divulgaciondinamica.es\/secretaria\/alumnos\/iframe\/1134\/\" width=\"417\" height=\"404\" scrolling=\"auto\" align=\"center\"><\/iframe><\/div>\n<p>[\/vc_column_text][\/vc_column_inner][vc_column_inner width=\u00bb1\/4&#8243;][vc_column_text]\u00a0[\/vc_column_text][\/vc_column_inner][\/vc_row_inner][\/vc_column][\/vc_row][vc_row][vc_column width=\u00bb1\/3&#8243;][\/vc_column][vc_column width=\u00bb1\/3&#8243;][vc_custom_heading text=\u00bbInf\u00f3rmate: 669 10 42 82 \u00bb font_container=\u00bbtag:p|font_size:16|text_align:center|color:%2315b551&#8243; google_fonts=\u00bbfont_family:Lato%3A100%2C100italic%2C300%2C300italic%2Cregular%2Citalic%2C700%2C700italic%2C900%2C900italic|font_style:700%20bold%20regular%3A700%3Anormal\u00bb][vc_row_inner css=\u00bb.vc_custom_1507894965808{margin-top: -5px !important;margin-right: 26% !important;}\u00bb][vc_column_inner][vc_column_text]<\/p>\n<div align=\"center\"><a class=\"whatsapp_3\" target=\"_blank\" href=\"https:\/\/web.whatsapp.com\/send?l=es&phone=34669104282\"><div class=\"whatsapp_3 whatsapp shortcode right\" style=\"background-color: #25d366\"><span class=\"whatsapp_3\"style=\"background-color: #25d366\"><i class=\"whatsapp_3 whatsapp-icon\" style=\"padding-right:0px!important;\"><\/i> Abrir Whatsapp<\/span><\/div><\/a><\/div>\n<p>[\/vc_column_text][\/vc_column_inner][\/vc_row_inner][vc_custom_heading text=\u00bbpromotora10@divulgaciondinamica.es\u00bb font_container=\u00bbtag:p|font_size:15|text_align:center|color:%237c7c7c\u00bb google_fonts=\u00bbfont_family:Lato%3A100%2C100italic%2C300%2C300italic%2Cregular%2Citalic%2C700%2C700italic%2C900%2C900italic|font_style:700%20bold%20regular%3A700%3Anormal\u00bb link=\u00bburl:mailto%3Apromotora10%40divulgaciondinamica.es||\u00bb css=\u00bb.vc_custom_1508138919701{margin-top: 10px !important;}\u00bb][\/vc_column][vc_column width=\u00bb1\/3&#8243;][\/vc_column][\/vc_row]<\/p>\n","protected":false},"excerpt":{"rendered":"<p>[vc_row css=\u00bb.vc_custom_1427804811471{margin-top: 25px !important;margin-bottom: 25px !important;}\u00bb][vc_column width=\u00bb2\/3&#8243;][vc_single_image image=\u00bb1573&#8243; img_size=\u00bb661&#215;82&#8243;][\/vc_column][vc_column width=\u00bb1\/3&#8243;][vc_custom_heading text=\u00bbInf\u00f3rmate: 669 10 42 82 \u00bb font_container=\u00bbtag:p|font_size:16|text_align:right|color:%2315b551&#8243; google_fonts=\u00bbfont_family:Lato%3A100%2C100italic%2C300%2C300italic%2Cregular%2Citalic%2C700%2C700italic%2C900%2C900italic|font_style:700%20bold%20regular%3A700%3Anormal\u00bb][vc_row_inner css=\u00bb.vc_custom_1507894679589{margin-top: -5px !important;}\u00bb][vc_column_inner][vc_column_text][\/vc_column_text][\/vc_column_inner][\/vc_row_inner][vc_custom_heading text=\u00bbpromotora10@divulgaciondinamica.es\u00bb font_container=\u00bbtag:p|font_size:15|text_align:right|color:%237c7c7c\u00bb google_fonts=\u00bbfont_family:Lato%3A100%2C100italic%2C300%2C300italic%2Cregular%2Citalic%2C700%2C700italic%2C900%2C900italic|font_style:700%20bold%20regular%3A700%3Anormal\u00bb link=\u00bburl:mailto%3Apromotora10%40divulgaciondinamica.es||\u00bb css=\u00bb.vc_custom_1508138931082{margin-top: 10px !important;}\u00bb][\/vc_column][\/vc_row][vc_row css=\u00bb.vc_custom_1489484355483{margin-top: 25px !important;margin-bottom: 15px !important;}\u00bb][vc_column][vc_custom_heading text=\u00bbM\u00e1ster Online\u00bb font_container=\u00bbtag:h2|font_size:32|text_align:center|color:%230a7aba|line_height:1.1&#8243; google_fonts=\u00bbfont_family:Lato%3A100%2C100italic%2C300%2C300italic%2Cregular%2Citalic%2C700%2C700italic%2C900%2C900italic|font_style:300%20light%20regular%3A300%3Anormal\u00bb css=\u00bb.vc_custom_1489489889526{margin-bottom: 5px !important;}\u00bb][vc_custom_heading<\/p>\n","protected":false},"author":1,"featured_media":0,"parent":0,"menu_order":0,"comment_status":"closed","ping_status":"closed","template":"","meta":[],"yoast_head":"<!-- This site is optimized with the Yoast SEO plugin v15.7 - https:\/\/yoast.com\/wordpress\/plugins\/seo\/ -->\n<title>M\u00e1ster en Educaci\u00f3n Social para Colectivos en Riesgo de Exclusi\u00f3n - Divulgaci\u00f3n Din\u00e1mica<\/title>\n<meta name=\"description\" content=\"M\u00e1ster en &quot;Educaci\u00f3n Social para Colectivos en Riesgo de Exclusi\u00f3n&quot; Online. Formaci\u00f3n de calidad al alcance de todos. Paga solo las tasas. \u00a1Inf\u00f3rmate!\" \/>\n<meta name=\"robots\" content=\"index, follow, max-snippet:-1, max-image-preview:large, max-video-preview:-1\" \/>\n<link rel=\"canonical\" href=\"https:\/\/divulgaciondinamica.info\/promos\/master-en-educacion-social-para-colectivos-en-riesgo-de-exclusion\/\" \/>\n<meta property=\"og:locale\" content=\"es_ES\" \/>\n<meta property=\"og:type\" content=\"article\" \/>\n<meta property=\"og:title\" content=\"M\u00e1ster en Educaci\u00f3n Social para Colectivos en Riesgo de Exclusi\u00f3n - Divulgaci\u00f3n Din\u00e1mica\" \/>\n<meta property=\"og:description\" content=\"M\u00e1ster en &quot;Educaci\u00f3n Social para Colectivos en Riesgo de Exclusi\u00f3n&quot; Online. Formaci\u00f3n de calidad al alcance de todos. Paga solo las tasas. \u00a1Inf\u00f3rmate!\" \/>\n<meta property=\"og:url\" content=\"https:\/\/divulgaciondinamica.info\/promos\/master-en-educacion-social-para-colectivos-en-riesgo-de-exclusion\/\" \/>\n<meta property=\"og:site_name\" content=\"Divulgaci\u00f3n Din\u00e1mica\" \/>\n<meta property=\"article:publisher\" content=\"https:\/\/www.facebook.com\/divulgaciondinamicaformacion\/\" \/>\n<meta property=\"article:modified_time\" content=\"2017-10-19T07:50:23+00:00\" \/>\n<meta property=\"og:image\" content=\"http:\/\/divulgaciondinamica.info\/promos\/wp-content\/uploads\/2017\/04\/master-educacion-social-colectivos-riesgo-exclusion.jpg\" \/>\n<meta name=\"twitter:card\" content=\"summary_large_image\" \/>\n<meta name=\"twitter:site\" content=\"@divulgaciond\" \/>\n<meta name=\"twitter:label1\" content=\"Tiempo de lectura\">\n\t<meta name=\"twitter:data1\" content=\"9 minutos\">\n<script type=\"application\/ld+json\" class=\"yoast-schema-graph\">{\"@context\":\"https:\/\/schema.org\",\"@graph\":[{\"@type\":\"Organization\",\"@id\":\"https:\/\/divulgaciondinamica.info\/promos\/#organization\",\"name\":\"Divulgaci\\u00f3n Din\\u00e1mica S.L.\",\"url\":\"https:\/\/divulgaciondinamica.info\/promos\/\",\"sameAs\":[\"https:\/\/www.facebook.com\/divulgaciondinamicaformacion\/\",\"https:\/\/www.instagram.com\/divulgaciondinamica\",\"https:\/\/www.linkedin.com\/company-beta\/9490428\/\",\"https:\/\/www.youtube.com\/user\/ddinamica2010\",\"https:\/\/twitter.com\/divulgaciond\"],\"logo\":{\"@type\":\"ImageObject\",\"@id\":\"https:\/\/divulgaciondinamica.info\/promos\/#logo\",\"inLanguage\":\"es\",\"url\":\"https:\/\/divulgaciondinamica.info\/promos\/wp-content\/uploads\/2016\/02\/logo-divulgaciondinamica-ddf.png\",\"width\":400,\"height\":79,\"caption\":\"Divulgaci\\u00f3n Din\\u00e1mica S.L.\"},\"image\":{\"@id\":\"https:\/\/divulgaciondinamica.info\/promos\/#logo\"}},{\"@type\":\"WebSite\",\"@id\":\"https:\/\/divulgaciondinamica.info\/promos\/#website\",\"url\":\"https:\/\/divulgaciondinamica.info\/promos\/\",\"name\":\"Divulgaci\\u00f3n Din\\u00e1mica\",\"description\":\"Formaci\\u00f3n de calidad al alcance de todos\",\"publisher\":{\"@id\":\"https:\/\/divulgaciondinamica.info\/promos\/#organization\"},\"potentialAction\":[{\"@type\":\"SearchAction\",\"target\":\"https:\/\/divulgaciondinamica.info\/promos\/?s={search_term_string}\",\"query-input\":\"required name=search_term_string\"}],\"inLanguage\":\"es\"},{\"@type\":\"ImageObject\",\"@id\":\"https:\/\/divulgaciondinamica.info\/promos\/master-en-educacion-social-para-colectivos-en-riesgo-de-exclusion\/#primaryimage\",\"inLanguage\":\"es\",\"url\":\"http:\/\/divulgaciondinamica.info\/promos\/wp-content\/uploads\/2017\/04\/master-educacion-social-colectivos-riesgo-exclusion.jpg\"},{\"@type\":\"WebPage\",\"@id\":\"https:\/\/divulgaciondinamica.info\/promos\/master-en-educacion-social-para-colectivos-en-riesgo-de-exclusion\/#webpage\",\"url\":\"https:\/\/divulgaciondinamica.info\/promos\/master-en-educacion-social-para-colectivos-en-riesgo-de-exclusion\/\",\"name\":\"M\\u00e1ster en Educaci\\u00f3n Social para Colectivos en Riesgo de Exclusi\\u00f3n - Divulgaci\\u00f3n Din\\u00e1mica\",\"isPartOf\":{\"@id\":\"https:\/\/divulgaciondinamica.info\/promos\/#website\"},\"primaryImageOfPage\":{\"@id\":\"https:\/\/divulgaciondinamica.info\/promos\/master-en-educacion-social-para-colectivos-en-riesgo-de-exclusion\/#primaryimage\"},\"datePublished\":\"2015-04-28T09:37:42+00:00\",\"dateModified\":\"2017-10-19T07:50:23+00:00\",\"description\":\"M\\u00e1ster en \\\"Educaci\\u00f3n Social para Colectivos en Riesgo de Exclusi\\u00f3n\\\" Online. Formaci\\u00f3n de calidad al alcance de todos. Paga solo las tasas. \\u00a1Inf\\u00f3rmate!\",\"inLanguage\":\"es\",\"potentialAction\":[{\"@type\":\"ReadAction\",\"target\":[\"https:\/\/divulgaciondinamica.info\/promos\/master-en-educacion-social-para-colectivos-en-riesgo-de-exclusion\/\"]}]}]}<\/script>\n<!-- \/ Yoast SEO plugin. -->","_links":{"self":[{"href":"https:\/\/divulgaciondinamica.info\/promos\/wp-json\/wp\/v2\/pages\/240"}],"collection":[{"href":"https:\/\/divulgaciondinamica.info\/promos\/wp-json\/wp\/v2\/pages"}],"about":[{"href":"https:\/\/divulgaciondinamica.info\/promos\/wp-json\/wp\/v2\/types\/page"}],"author":[{"embeddable":true,"href":"https:\/\/divulgaciondinamica.info\/promos\/wp-json\/wp\/v2\/users\/1"}],"replies":[{"embeddable":true,"href":"https:\/\/divulgaciondinamica.info\/promos\/wp-json\/wp\/v2\/comments?post=240"}],"version-history":[{"count":5,"href":"https:\/\/divulgaciondinamica.info\/promos\/wp-json\/wp\/v2\/pages\/240\/revisions"}],"predecessor-version":[{"id":8932,"href":"https:\/\/divulgaciondinamica.info\/promos\/wp-json\/wp\/v2\/pages\/240\/revisions\/8932"}],"wp:attachment":[{"href":"https:\/\/divulgaciondinamica.info\/promos\/wp-json\/wp\/v2\/media?parent=240"}],"curies":[{"name":"wp","href":"https:\/\/api.w.org\/{rel}","templated":true}]}}