{"id":2208,"date":"2016-03-17T11:57:16","date_gmt":"2016-03-17T11:57:16","guid":{"rendered":"http:\/\/divulgaciondinamica.info\/promos\/?page_id=2208"},"modified":"2017-04-06T10:36:39","modified_gmt":"2017-04-06T10:36:39","slug":"monitor-de-actividades-extraescolares","status":"publish","type":"page","link":"https:\/\/divulgaciondinamica.info\/promos\/monitor-de-actividades-extraescolares\/","title":{"rendered":"Monitor de Actividades Extraescolares"},"content":{"rendered":"<p>[vc_row css=\u00bb.vc_custom_1427804811471{margin-top: 25px !important;margin-bottom: 25px !important;}\u00bb][vc_column width=\u00bb2\/3&#8243;][vc_single_image image=\u00bb1573&#8243; img_size=\u00bb661&#215;82&#8243;][\/vc_column][vc_column width=\u00bb1\/3&#8243;][vc_column_text]<\/p>\n<h6 style=\"text-align: right;\"><i class=\"fa fa-whatsapp\"><\/i> 628 55 24 15<\/h6>\n<p style=\"text-align: right;\"><strong>promotora2@divulgaciondinamica.es<\/strong><\/p>\n<p>[\/vc_column_text][\/vc_column][\/vc_row][vc_row css=\u00bb.vc_custom_1489484355483{margin-top: 25px !important;margin-bottom: 15px !important;}\u00bb][vc_column][vc_custom_heading text=\u00bbCurso Online<br \/>\n\u00bb font_container=\u00bbtag:p|font_size:32|text_align:center|color:%230a7aba|line_height:1.1&#8243; google_fonts=\u00bbfont_family:Lato%3A100%2C100italic%2C300%2C300italic%2Cregular%2Citalic%2C700%2C700italic%2C900%2C900italic|font_style:300%20light%20regular%3A300%3Anormal\u00bb css=\u00bb.vc_custom_1490955635731{margin-bottom: 15px !important;}\u00bb][vc_custom_heading text=\u00bbMonitor de Actividades Extraescolares\u00bb font_container=\u00bbtag:h1|font_size:38|text_align:center|color:%230a7aba|line_height:1.1&#8243; google_fonts=\u00bbfont_family:Lato%3A100%2C100italic%2C300%2C300italic%2Cregular%2Citalic%2C700%2C700italic%2C900%2C900italic|font_style:900%20bold%20regular%3A900%3Anormal\u00bb css=\u00bb.vc_custom_1491474723638{margin-bottom: 15px !important;}\u00bb][\/vc_column][\/vc_row][vc_row][vc_column][vc_column_text]<img loading=\"lazy\" class=\"alignleft wp-image-2228 size-full\" title=\"Monitor de Actividades Extraescolares\" src=\"http:\/\/divulgaciondinamica.info\/promos\/wp-content\/uploads\/2016\/03\/imagen-monitor-actividades-extraescolares.jpg\" alt=\"Curso de Monitor de Actividades Extraescolares Online\" width=\"643\" height=\"434\" srcset=\"https:\/\/divulgaciondinamica.info\/promos\/wp-content\/uploads\/2016\/03\/imagen-monitor-actividades-extraescolares.jpg 643w, https:\/\/divulgaciondinamica.info\/promos\/wp-content\/uploads\/2016\/03\/imagen-monitor-actividades-extraescolares-300x202.jpg 300w\" sizes=\"(max-width: 643px) 100vw, 643px\" \/><a href=\"http:\/\/www.divulgaciondinamica.es\/secretariasocios\/alumnos\/form\/9\/\" target=\"_blank\"><img loading=\"lazy\" class=\"alignleft wp-image-2249 size-full\" title=\"Solicita informaci\u00f3n del curso de Monitor de Actividades Extraescolares\" src=\"http:\/\/divulgaciondinamica.info\/promos\/wp-content\/uploads\/2016\/03\/info-monitor-actividades-extraescolares.png\" alt=\"Monitor de Actividades Extraescolares\" width=\"417\" height=\"434\" srcset=\"https:\/\/divulgaciondinamica.info\/promos\/wp-content\/uploads\/2016\/03\/info-monitor-actividades-extraescolares.png 417w, https:\/\/divulgaciondinamica.info\/promos\/wp-content\/uploads\/2016\/03\/info-monitor-actividades-extraescolares-288x300.png 288w\" sizes=\"(max-width: 417px) 100vw, 417px\" \/><\/a>[\/vc_column_text][\/vc_column][\/vc_row][vc_row css=\u00bb.vc_custom_1458302191040{padding-top: 15px !important;padding-bottom: 30px !important;}\u00bb][vc_column][vc_separator][\/vc_column][\/vc_row][vc_row full_width=\u00bbstretch_row\u00bb][vc_column][vc_column_text]<\/p>\n<h6 style=\"text-align: center;\"><span style=\"color: #36b2b2;\">Con este Curso inicias el proceso de Formaci\u00f3n Gratuita en el #ClubDeFormaci\u00f3n de Divulgaci\u00f3n Din\u00e1mica.<br \/>\nDurante este per\u00edodo podr\u00e1s seguir con tu formaci\u00f3n durante 6 meses y elegir entre m\u00e1s de 80 Cursos y M\u00e1steres.<\/span><\/h6>\n<p style=\"text-align: center;\"><span style=\"color: #36b2b2;\"><em><br \/>\n\u00a1Bienvenid@ y enhorabuena!<\/em><\/span><\/p>\n<p>[\/vc_column_text][\/vc_column][\/vc_row][vc_row css=\u00bb.vc_custom_1458220658230{padding-top: 15px !important;padding-bottom: 25px !important;}\u00bb][vc_column][vc_separator][\/vc_column][\/vc_row][vc_row css=\u00bb.vc_custom_1427804437681{margin-top: 35px !important;margin-bottom: 35px !important;}\u00bb][vc_column width=\u00bb1\/4&#8243;][vc_single_image image=\u00bb2231&#8243; img_size=\u00bb250&#215;195&#8243; alignment=\u00bbcenter\u00bb][\/vc_column][vc_column width=\u00bb1\/4&#8243;][vc_single_image image=\u00bb2232&#8243; img_size=\u00bb250&#215;195&#8243; alignment=\u00bbcenter\u00bb][\/vc_column][vc_column width=\u00bb1\/4&#8243;][vc_single_image image=\u00bb2233&#8243; img_size=\u00bb250&#215;195&#8243; alignment=\u00bbcenter\u00bb][\/vc_column][vc_column width=\u00bb1\/4&#8243;][vc_single_image image=\u00bb2230&#8243; img_size=\u00bb250&#215;195&#8243; alignment=\u00bbcenter\u00bb][\/vc_column][\/vc_row][vc_row][vc_column][vc_column_text]<br \/>\n[\/vc_column_text][\/vc_column][\/vc_row][vc_row css=\u00bb.vc_custom_1427805189823{margin-top: 35px !important;margin-bottom: 35px !important;}\u00bb][vc_column width=\u00bb1\/2&#8243;][vc_column_text css=\u00bb.vc_custom_1491474919021{margin-bottom: 30px !important;padding-right: 20px !important;}\u00bb]<\/p>\n<div id=\"stcpDiv\" style=\"text-align: justify;\">\n<h3 style=\"text-align: left;\" align=\"justify\"><span style=\"color: #7f3b62;\">Presentaci\u00f3n del Curso:<\/span><\/h3>\n<p>&nbsp;<\/p>\n<p>La educaci\u00f3n para el ocio y desde el ocio as\u00ed como la respuesta a la diversidad de intereses y la difusi\u00f3n y dinamizaci\u00f3n de la cultura adem\u00e1s de un objetivo muy valioso en s\u00ed mismo es una v\u00eda privilegiada para que la instituci\u00f3n escolar desempe\u00f1e las tareas de socializaci\u00f3n que le son requeridas en la sociedad actual.<\/p>\n<p>Divulgaci\u00f3n Din\u00e1mica es pionera en formaci\u00f3n especializada de animaci\u00f3n sociocultural en \u00e1reas como el empleo, el desarrollo y el deporte, entre otras. Nuestra organizaci\u00f3n ha formado a multitud de monitores, animadores, t\u00e9cnicos superiores\u2026y contin\u00faa actualizando sus programas con un doble objetivo: el aprendizaje y la especializaci\u00f3n. Nuestro Campus es un espacio de conocimiento con cabida para la formaci\u00f3n y la reflexi\u00f3n.<\/p>\n<p>El curso de Monitor de Actividades Extraescolares Online ha sido dise\u00f1ado para proporcionar una experiencia b\u00e1sica a todas aquellas personas interesadas en el trabajo de dinamizaci\u00f3n de talleres y actividades de ocio y tiempo libre.<\/p>\n<p><img loading=\"lazy\" class=\"alignleft size-full wp-image-53\" src=\"http:\/\/divulgaciondinamica.info\/promos\/wp-content\/uploads\/2015\/03\/diploma-digital1.png\" alt=\"diploma-digital\" width=\"479\" height=\"322\" srcset=\"https:\/\/divulgaciondinamica.info\/promos\/wp-content\/uploads\/2015\/03\/diploma-digital1.png 479w, https:\/\/divulgaciondinamica.info\/promos\/wp-content\/uploads\/2015\/03\/diploma-digital1-300x202.png 300w\" sizes=\"(max-width: 479px) 100vw, 479px\" \/><\/p>\n<p style=\"text-align: left;\" align=\"justify\">\n<\/div>\n<p>[\/vc_column_text][\/vc_column][vc_column width=\u00bb1\/2&#8243;][vc_column_text]<\/p>\n<div id=\"stcpDiv\">\n<h3 style=\"text-align: left;\" align=\"justify\"><span style=\"color: #7f3b62;\">Temario del Curso:<\/span><\/h3>\n<p>&nbsp;<\/p>\n<div id=\"stcpDiv\">\n<div id=\"stcpDiv\">\n<p><strong>1. ACTIVIDADES DE EDUCACI\u00d3N EN EL TIEMPO LIBRE<\/strong><\/p>\n<p>1.1 Fundamentos de la educaci\u00f3n en el tiempo libre infantil y juvenil<br \/>\n1.2 Procesos educativos y socializadores en la infancia y juventud<br \/>\n1.3 Elaboraci\u00f3n de proyectos en las actividades de intervenci\u00f3n en el tiempo libre<br \/>\n1.4 Perfil, funciones y \u00e1mbitos de actuaci\u00f3n del monitor<br \/>\n1.5 Propuesta de actividades de tiempo libre infantil<\/p>\n<p><strong>2. T\u00c9CNICAS Y RECURSOS DE ANIMACI\u00d3N EN ACTIVIDADES DE TIEMPO LIBRE<\/strong><\/p>\n<p>2.1 Los centros de inter\u00e9s o ejes de animaci\u00f3n<br \/>\n2.2 T\u00e9cnicas de animaci\u00f3n, expresi\u00f3n y creatividad<br \/>\n2.3 T\u00e9cnicas pedag\u00f3gicas del juego<br \/>\n2.4 T\u00e9cnicas de educaci\u00f3n ambiental<br \/>\n2.5 Prevenci\u00f3n de riesgos en actividades de ocio y tiempo libre<\/p>\n<p><strong>3. INICIACI\u00d3N AL JUEGO DEPORTIVO<\/strong><\/p>\n<p>3.1 Juegos de imagen y percepci\u00f3n corporal<br \/>\n3.2 Juegos de habilidades motrices<br \/>\n3.3 Juegos de expresi\u00f3n y comunicaci\u00f3n corporal<\/p>\n<p><strong>4. ATENCI\u00d3N A LA DIVERSIDAD Y ACTIVIDADES DE OCIO<\/strong><\/p>\n<p>4.1 Principios b\u00e1sicos de atenci\u00f3n a la Diversidad desde el tiempo libre<br \/>\n4.2 Ocio y discapacidad motora. Implicaciones para t\u00e9cnicas y recursos l\u00fadicos<br \/>\n4.3 Ocio y discapacidades sensoriales. La deficiencia visual. La discapacidad auditiva<br \/>\n4.4 Juegos adaptados para participantes con discapacidad sensorial y juegos sensibilizadores<br \/>\n4.5 Ocio y discapacidades intelectuales<br \/>\n4.6 Juegos adaptados para participantes con discapacidad intelectual y juegos sensibilizadores<\/p>\n<\/div>\n<\/div>\n<\/div>\n<p>[\/vc_column_text][\/vc_column][\/vc_row][vc_row css=\u00bb.vc_custom_1427806970509{margin-top: 35px !important;margin-bottom: 35px !important;}\u00bb][vc_column][vc_column_text]<\/p>\n<p style=\"text-align: center;\"><a class=\"vc_btn vc_btn_orange vc_btn-orange vc_btn_lg vc_btn-lg vc_btn_rounded\" title=\"\" href=\"http:\/\/www.divulgaciondinamica.es\/secretariasocios\/alumnos\/form\/9\/\" target=\"_blank\">INSCRIPCI\u00d3N<\/a><\/p>\n<p>[\/vc_column_text][\/vc_column][\/vc_row][vc_row css=\u00bb.vc_custom_1458302102899{padding-top: 15px !important;padding-bottom: 45px !important;}\u00bb][vc_column][vc_separator][\/vc_column][\/vc_row][vc_row][vc_column][vc_column_text]<\/p>\n<h4 style=\"text-align: center;\"><span style=\"color: #36b2b2;\">Algunos itinerarios que puedes seguir tras finalizar este Curso:<\/span><\/h4>\n<p>[\/vc_column_text][\/vc_column][\/vc_row][vc_row css=\u00bb.vc_custom_1458301928769{margin-top: 30px !important;margin-bottom: 20px !important;}\u00bb][vc_column width=\u00bb1\/2&#8243; css=\u00bb.vc_custom_1458301994177{padding-top: 15px !important;padding-right: 15px !important;padding-bottom: 15px !important;padding-left: 15px !important;background-color: #f4f4f4 !important;}\u00bb][vc_column_text css=\u00bb.vc_custom_1458302133399{margin-bottom: 15px !important;}\u00bb]<\/p>\n<h4 style=\"text-align: left;\">Itinerario 1<\/h4>\n<p>[\/vc_column_text][vc_column_text]- Curso de Monitor de Actividades Extraescolares<br \/>\n&#8211; Curso de Monitor de Refuerzo Educativo<br \/>\n&#8211; M\u00e1ster en Dinamizaci\u00f3n Infantil en Instituciones Escolares[\/vc_column_text][\/vc_column][vc_column width=\u00bb1\/2&#8243; css=\u00bb.vc_custom_1458302002318{padding-top: 15px !important;padding-right: 15px !important;padding-bottom: 15px !important;padding-left: 15px !important;}\u00bb][vc_column_text css=\u00bb.vc_custom_1458302139359{margin-bottom: 15px !important;}\u00bb]<\/p>\n<h4 style=\"text-align: left;\">Itinerario 2<\/h4>\n<p>[\/vc_column_text][vc_column_text]- Curso de Monitor de Actividades Extraescolares<br \/>\n&#8211; Curso de Educador en Centro de Menores<br \/>\n&#8211; Curso de Educador Comunitario[\/vc_column_text][\/vc_column][\/vc_row]<\/p>\n","protected":false},"excerpt":{"rendered":"<p>[vc_row css=\u00bb.vc_custom_1427804811471{margin-top: 25px !important;margin-bottom: 25px !important;}\u00bb][vc_column width=\u00bb2\/3&#8243;][vc_single_image image=\u00bb1573&#8243; img_size=\u00bb661&#215;82&#8243;][\/vc_column][vc_column width=\u00bb1\/3&#8243;][vc_column_text] 628 55 24 15 promotora2@divulgaciondinamica.es [\/vc_column_text][\/vc_column][\/vc_row][vc_row css=\u00bb.vc_custom_1489484355483{margin-top: 25px !important;margin-bottom: 15px !important;}\u00bb][vc_column][vc_custom_heading text=\u00bbCurso Online \u00bb font_container=\u00bbtag:p|font_size:32|text_align:center|color:%230a7aba|line_height:1.1&#8243; google_fonts=\u00bbfont_family:Lato%3A100%2C100italic%2C300%2C300italic%2Cregular%2Citalic%2C700%2C700italic%2C900%2C900italic|font_style:300%20light%20regular%3A300%3Anormal\u00bb css=\u00bb.vc_custom_1490955635731{margin-bottom: 15px !important;}\u00bb][vc_custom_heading text=\u00bbMonitor de Actividades Extraescolares\u00bb font_container=\u00bbtag:h1|font_size:38|text_align:center|color:%230a7aba|line_height:1.1&#8243; google_fonts=\u00bbfont_family:Lato%3A100%2C100italic%2C300%2C300italic%2Cregular%2Citalic%2C700%2C700italic%2C900%2C900italic|font_style:900%20bold%20regular%3A900%3Anormal\u00bb css=\u00bb.vc_custom_1491474723638{margin-bottom: 15px !important;}\u00bb][\/vc_column][\/vc_row][vc_row][vc_column][vc_column_text][\/vc_column_text][\/vc_column][\/vc_row][vc_row css=\u00bb.vc_custom_1458302191040{padding-top: 15px<\/p>\n","protected":false},"author":1,"featured_media":0,"parent":0,"menu_order":0,"comment_status":"closed","ping_status":"closed","template":"","meta":[],"yoast_head":"<!-- This site is optimized with the Yoast SEO plugin v15.7 - https:\/\/yoast.com\/wordpress\/plugins\/seo\/ -->\n<title>Curso de Monitor de Actividades Extraescolares Online - Divulgaci\u00f3n Din\u00e1mica<\/title>\n<meta name=\"description\" content=\"Curso de Monitor de Actividades Extraescolares Online. Apostamos por una formaci\u00f3n de calidad al alcance de todos. Paga solo las tasas. \u00a1Inf\u00f3rmate!.\" \/>\n<meta name=\"robots\" content=\"index, follow, max-snippet:-1, max-image-preview:large, max-video-preview:-1\" \/>\n<link rel=\"canonical\" href=\"http:\/\/divulgaciondinamica.info\/promos\/curso-de-monitor-de-actividades-extraescolares\/\" \/>\n<meta property=\"og:locale\" content=\"es_ES\" \/>\n<meta property=\"og:type\" content=\"article\" \/>\n<meta property=\"og:title\" content=\"Curso de Monitor de Actividades Extraescolares Online - Divulgaci\u00f3n Din\u00e1mica\" \/>\n<meta property=\"og:description\" content=\"Curso de Monitor de Actividades Extraescolares Online. Apostamos por una formaci\u00f3n de calidad al alcance de todos. Paga solo las tasas. \u00a1Inf\u00f3rmate!.\" \/>\n<meta property=\"og:url\" content=\"http:\/\/divulgaciondinamica.info\/promos\/curso-de-monitor-de-actividades-extraescolares\/\" \/>\n<meta property=\"og:site_name\" content=\"Divulgaci\u00f3n Din\u00e1mica\" \/>\n<meta property=\"article:publisher\" content=\"https:\/\/www.facebook.com\/divulgaciondinamicaformacion\/\" \/>\n<meta property=\"article:modified_time\" content=\"2017-04-06T10:36:39+00:00\" \/>\n<meta property=\"og:image\" content=\"http:\/\/divulgaciondinamica.info\/promos\/wp-content\/uploads\/2016\/03\/imagen-monitor-actividades-extraescolares.jpg\" \/>\n<meta name=\"twitter:card\" content=\"summary_large_image\" \/>\n<meta name=\"twitter:site\" content=\"@divulgaciond\" \/>\n<meta name=\"twitter:label1\" content=\"Tiempo de lectura\">\n\t<meta name=\"twitter:data1\" content=\"5 minutos\">\n<script type=\"application\/ld+json\" class=\"yoast-schema-graph\">{\"@context\":\"https:\/\/schema.org\",\"@graph\":[{\"@type\":\"Organization\",\"@id\":\"https:\/\/divulgaciondinamica.info\/promos\/#organization\",\"name\":\"Divulgaci\\u00f3n Din\\u00e1mica S.L.\",\"url\":\"https:\/\/divulgaciondinamica.info\/promos\/\",\"sameAs\":[\"https:\/\/www.facebook.com\/divulgaciondinamicaformacion\/\",\"https:\/\/www.instagram.com\/divulgaciondinamica\",\"https:\/\/www.linkedin.com\/company-beta\/9490428\/\",\"https:\/\/www.youtube.com\/user\/ddinamica2010\",\"https:\/\/twitter.com\/divulgaciond\"],\"logo\":{\"@type\":\"ImageObject\",\"@id\":\"https:\/\/divulgaciondinamica.info\/promos\/#logo\",\"inLanguage\":\"es\",\"url\":\"https:\/\/divulgaciondinamica.info\/promos\/wp-content\/uploads\/2016\/02\/logo-divulgaciondinamica-ddf.png\",\"width\":400,\"height\":79,\"caption\":\"Divulgaci\\u00f3n Din\\u00e1mica S.L.\"},\"image\":{\"@id\":\"https:\/\/divulgaciondinamica.info\/promos\/#logo\"}},{\"@type\":\"WebSite\",\"@id\":\"https:\/\/divulgaciondinamica.info\/promos\/#website\",\"url\":\"https:\/\/divulgaciondinamica.info\/promos\/\",\"name\":\"Divulgaci\\u00f3n Din\\u00e1mica\",\"description\":\"Formaci\\u00f3n de calidad al alcance de todos\",\"publisher\":{\"@id\":\"https:\/\/divulgaciondinamica.info\/promos\/#organization\"},\"potentialAction\":[{\"@type\":\"SearchAction\",\"target\":\"https:\/\/divulgaciondinamica.info\/promos\/?s={search_term_string}\",\"query-input\":\"required name=search_term_string\"}],\"inLanguage\":\"es\"},{\"@type\":\"ImageObject\",\"@id\":\"http:\/\/divulgaciondinamica.info\/promos\/curso-de-monitor-de-actividades-extraescolares\/#primaryimage\",\"inLanguage\":\"es\",\"url\":\"http:\/\/divulgaciondinamica.info\/promos\/wp-content\/uploads\/2016\/03\/imagen-monitor-actividades-extraescolares.jpg\"},{\"@type\":\"WebPage\",\"@id\":\"http:\/\/divulgaciondinamica.info\/promos\/curso-de-monitor-de-actividades-extraescolares\/#webpage\",\"url\":\"http:\/\/divulgaciondinamica.info\/promos\/curso-de-monitor-de-actividades-extraescolares\/\",\"name\":\"Curso de Monitor de Actividades Extraescolares Online - Divulgaci\\u00f3n Din\\u00e1mica\",\"isPartOf\":{\"@id\":\"https:\/\/divulgaciondinamica.info\/promos\/#website\"},\"primaryImageOfPage\":{\"@id\":\"http:\/\/divulgaciondinamica.info\/promos\/curso-de-monitor-de-actividades-extraescolares\/#primaryimage\"},\"datePublished\":\"2016-03-17T11:57:16+00:00\",\"dateModified\":\"2017-04-06T10:36:39+00:00\",\"description\":\"Curso de Monitor de Actividades Extraescolares Online. Apostamos por una formaci\\u00f3n de calidad al alcance de todos. Paga solo las tasas. \\u00a1Inf\\u00f3rmate!.\",\"inLanguage\":\"es\",\"potentialAction\":[{\"@type\":\"ReadAction\",\"target\":[\"http:\/\/divulgaciondinamica.info\/promos\/curso-de-monitor-de-actividades-extraescolares\/\"]}]}]}<\/script>\n<!-- \/ Yoast SEO plugin. -->","_links":{"self":[{"href":"https:\/\/divulgaciondinamica.info\/promos\/wp-json\/wp\/v2\/pages\/2208"}],"collection":[{"href":"https:\/\/divulgaciondinamica.info\/promos\/wp-json\/wp\/v2\/pages"}],"about":[{"href":"https:\/\/divulgaciondinamica.info\/promos\/wp-json\/wp\/v2\/types\/page"}],"author":[{"embeddable":true,"href":"https:\/\/divulgaciondinamica.info\/promos\/wp-json\/wp\/v2\/users\/1"}],"replies":[{"embeddable":true,"href":"https:\/\/divulgaciondinamica.info\/promos\/wp-json\/wp\/v2\/comments?post=2208"}],"version-history":[{"count":5,"href":"https:\/\/divulgaciondinamica.info\/promos\/wp-json\/wp\/v2\/pages\/2208\/revisions"}],"predecessor-version":[{"id":6276,"href":"https:\/\/divulgaciondinamica.info\/promos\/wp-json\/wp\/v2\/pages\/2208\/revisions\/6276"}],"wp:attachment":[{"href":"https:\/\/divulgaciondinamica.info\/promos\/wp-json\/wp\/v2\/media?parent=2208"}],"curies":[{"name":"wp","href":"https:\/\/api.w.org\/{rel}","templated":true}]}}